{"id":25743,"date":"2025-05-20T19:01:03","date_gmt":"2025-05-20T19:01:03","guid":{"rendered":"https:\/\/electricstore.eu\/p\/uncategorized\/boyueda-s3-11-electric-scooter-6000w-dual-powerful-motor-60v38ah-battery-120km-max-range-85km-h-speed-foldable-adult-e-scooter\/"},"modified":"2025-05-20T19:06:30","modified_gmt":"2025-05-20T19:06:30","slug":"boyueda-s3-11-electric-scooter-6000w-dual-powerful-motor-60v38ah-battery-120km-max-range-85km-h-speed-foldable-adult-e-scooter","status":"publish","type":"product","link":"https:\/\/www.electricstore.eu\/lt\/p\/scooters\/boyueda-s3-11-electric-scooter-6000w-dual-powerful-motor-60v38ah-battery-120km-max-range-85km-h-speed-foldable-adult-e-scooter\/","title":{"rendered":"BOYUEDA S3-11 elektrinis paspirtukas, 6000 W, dvigubas galingas variklis, 60 V, 38 Ah baterija, 120 km maks. nuva\u017eiuojamas atstumas, 85 km\/h greitis, sulankstomas suaugusi\u0173j\u0173 el. paspirtukas"},"content":{"rendered":"<div class=\"product-specs-list-container\">\n<ul class=\"product-specs-list util-clearfix\">\n<li class=\"product-prop line-limit-length\"><span\n                                        class=\"property-title\">Padang\u0173 dydis:&nbsp;<\/span><span\n                                        class=\"property-desc line-limit-length\">11 coli\u0173<\/span>\n                            <\/li>\n<li class=\"product-prop line-limit-length\"><span\n                                        class=\"property-title\">Modelio numeris:&nbsp;<\/span><span\n                                        class=\"property-desc line-limit-length\">BOYUEDA S3-11<\/span>\n                            <\/li>\n<li class=\"product-prop line-limit-length\"><span\n                                        class=\"property-title\">Kategorija:&nbsp;<\/span><span\n                                        class=\"property-desc line-limit-length\">Dviratis motoroleris<\/span>\n                            <\/li>\n<li class=\"product-prop line-limit-length\"><span\n                                        class=\"property-title\">Taikomi \u017emon\u0117s:&nbsp;<\/span><span\n                                        class=\"property-desc line-limit-length\">Unisex<\/span>\n                            <\/li>\n<li class=\"product-prop line-limit-length\"><span\n                                        class=\"property-title\">Atstumas vienu \u012fkrovimu:&nbsp;<\/span><span\n                                        class=\"property-desc line-limit-length\">60\u201380 km<\/span>\n                            <\/li>\n<li class=\"product-prop line-limit-length\"><span\n                                        class=\"property-title\">\u012ekrovimo laikas:&nbsp;<\/span><span\n                                        class=\"property-desc line-limit-length\">8\u201310 val.<\/span>\n                            <\/li>\n<li class=\"product-prop line-limit-length\"><span\n                                        class=\"property-title\">\u012etampa:&nbsp;<\/span><span\n                                        class=\"property-desc line-limit-length\">60 V<\/span>\n                            <\/li>\n<li class=\"product-prop line-limit-length\"><span\n                                        class=\"property-title\">Sulankstytas:&nbsp;<\/span><span\n                                        class=\"property-desc line-limit-length\">TAIP<\/span>\n                            <\/li>\n<li class=\"product-prop line-limit-length\"><span\n                                        class=\"property-title\">Kilm\u0117:&nbsp;<\/span><span\n                                        class=\"property-desc line-limit-length\">\u017demynin\u0117 Kinija<\/span>\n                            <\/li>\n<li class=\"product-prop line-limit-length\"><span\n                                        class=\"property-title\">Galia (W):&nbsp;<\/span><span\n                                        class=\"property-desc line-limit-length\">1001\u20132000 W<\/span>\n                            <\/li>\n<li class=\"product-prop line-limit-length\"><span\n                                        class=\"property-title\">Maksimalus variklis:&nbsp;<\/span><span\n                                        class=\"property-desc line-limit-length\">6000 W<\/span>\n                            <\/li>\n<li class=\"product-prop line-limit-length\"><span\n                                        class=\"property-title\">maksimalus diapazonas:&nbsp;<\/span><span\n                                        class=\"property-desc line-limit-length\">120 km<\/span>\n                            <\/li>\n<li class=\"product-prop line-limit-length\"><span\n                                        class=\"property-title\">maksimalus greitis:&nbsp;<\/span><span\n                                        class=\"property-desc line-limit-length\">85 km\/val.<\/span>\n                            <\/li>\n<li class=\"product-prop line-limit-length\"><span\n                                        class=\"property-title\">Lipimo geb\u0117jimas:&nbsp;<\/span><span\n                                        class=\"property-desc line-limit-length\">45\u00b0<\/span>\n                            <\/li>\n<li class=\"product-prop line-limit-length\"><span\n                                        class=\"property-title\">Stabd\u017ei\u0173 sistema:&nbsp;<\/span><span\n                                        class=\"property-desc line-limit-length\">Priekiniai ir galiniai hidrauliniai diskiniai stabd\u017eiai<\/span>\n                            <\/li>\n<li class=\"product-prop line-limit-length\"><span\n                                        class=\"property-title\">Baterija:&nbsp;<\/span><span\n                                        class=\"property-desc line-limit-length\">60V38AH<\/span>\n                            <\/li>\n<li class=\"product-prop line-limit-length\"><span\n                                        class=\"property-title\">Priekinis amortizatorius:&nbsp;<\/span><span\n                                        class=\"property-desc line-limit-length\">Atlenkiamasis tolimojo nuotolio hidraulinis amortizatorius<\/span>\n                            <\/li>\n<li class=\"product-prop line-limit-length\"><span\n                                        class=\"property-title\">Galinis amortizatorius:&nbsp;<\/span><span\n                                        class=\"property-desc line-limit-length\">Hidraulinis amortizatorius<\/span>\n                            <\/li>\n<li class=\"product-prop line-limit-length\"><span\n                                        class=\"property-title\">Valdiklis:&nbsp;<\/span><span\n                                        class=\"property-desc line-limit-length\">60V45A*2<\/span>\n                            <\/li>\n<li class=\"product-prop line-limit-length\"><span\n                                        class=\"property-title\">Priekinis \u017eibintas:&nbsp;<\/span><span\n                                        class=\"property-desc line-limit-length\">Dvigubi U7 priekiniai \u017eibintai<\/span>\n                            <\/li>\n<li class=\"product-prop line-limit-length\"><span\n                                        class=\"property-title\">\u012ekrovimas:&nbsp;<\/span><span\n                                        class=\"property-desc line-limit-length\">Dvigubi \u012fkrovimo prievadai su dvigubais \u012fkrovikliais<\/span>\n                            <\/li>\n<li class=\"product-prop line-limit-length\"><span\n                                        class=\"property-title\">Padanga:&nbsp;<\/span><span\n                                        class=\"property-desc line-limit-length\">Visureigio padanga, 11 coli\u0173 skersmens, 100 mm plo\u010dio<\/span>\n                            <\/li>\n<li class=\"product-prop line-limit-length\"><span\n                                        class=\"property-title\">Taikoma vietov\u0117:&nbsp;<\/span><span\n                                        class=\"property-desc line-limit-length\">Kelias, bekel\u0117<\/span>\n                            <\/li>\n<li class=\"product-prop line-limit-length\"><span\n                                        class=\"property-title\">Sertifikatas:&nbsp;<\/span><span\n                                        class=\"property-desc line-limit-length\"><\/span>\n                            <\/li>\n<\/ul><\/div>\n<h1 style=\"text-align:center\" align=\"center\"><strong>BOYUEDA S3-11 elektrinis paspirtukas, 6000 W, dvigubas galingas variklis, 60 V, 38 Ah baterija, 120 km maks. nuva\u017eiuojamas atstumas, 85 km\/h greitis, sulankstomas suaugusi\u0173j\u0173 el. paspirtukas<\/strong><\/h1>\n<h3 style=\"font-family:DeepSeek-CJK-patch, Inter, system-ui, -apple-system, BlinkMacSystemFont, &quot;Segoe UI&quot;, Roboto, &quot;Noto Sans&quot;, Ubuntu, Cantarell, &quot;Helvetica Neue&quot;, Oxygen, &quot;Open Sans&quot;, sans-serif;font-size:18.288px;font-weight:600;letter-spacing:normal;line-height:1.5;text-align:start;white-space:normal;color:rgb(64, 64, 64);background-color:rgb(255, 255, 255);margin:18.288px 0px 13.716px;margin-bottom:13.716px;margin-top:18.288px;margin-left:0px;margin-right:0px\" align=\"start\"><strong>S3-11 elektrinis paspirtukas \u2013 specifikacijos<\/strong><\/h3>\n<h4 style=\"font-family:DeepSeek-CJK-patch, Inter, system-ui, -apple-system, BlinkMacSystemFont, &quot;Segoe UI&quot;, Roboto, &quot;Noto Sans&quot;, Ubuntu, Cantarell, &quot;Helvetica Neue&quot;, Oxygen, &quot;Open Sans&quot;, sans-serif;font-size:16.002px;font-weight:600;letter-spacing:normal;line-height:28.575px;text-align:start;white-space:normal;color:rgb(64, 64, 64);background-color:rgb(255, 255, 255);margin:18.288px 0px 13.716px;margin-bottom:13.716px;margin-top:18.288px;margin-left:0px;margin-right:0px\" align=\"start\"><strong>Pagrindiniai parametrai<\/strong><\/h4>\n<p><\/p>\n<table style=\"border-collapse:collapse;font-family:DeepSeek-CJK-patch, Inter, system-ui, -apple-system, BlinkMacSystemFont, &quot;Segoe UI&quot;, Roboto, &quot;Noto Sans&quot;, Ubuntu, Cantarell, &quot;Helvetica Neue&quot;, Oxygen, &quot;Open Sans&quot;, sans-serif;font-size:16.002px;text-align:start;color:rgb(64, 64, 64);background-color:rgb(255, 255, 255)\" align=\"start\">\n<tr>\n<td style=\"font-weight:600;text-align:left;color:rgb(64, 64, 64);border-bottom:1px solid rgb(163, 163, 163);border-top:1px solid rgb(163, 163, 163);padding:6.858px 13.716px 6.858px 0px;padding-bottom:6.858px;padding-top:6.858px;padding-left:0px;padding-right:13.716px\" align=\"left\">\n<p><strong>Kategorija<\/strong><\/p>\n<\/td>\n<td style=\"font-weight:600;text-align:left;color:rgb(64, 64, 64);border-bottom:1px solid rgb(163, 163, 163);border-top:1px solid rgb(163, 163, 163);padding:6.858px 13.716px;padding-bottom:6.858px;padding-top:6.858px;padding-left:13.716px;padding-right:13.716px\" align=\"left\">\n<p><strong>I\u0161sami informacija<\/strong><\/p>\n<\/td>\n<\/tr>\n<tbody>\n<tr>\n<td style=\"padding:6.858px 13.716px 6.858px 0px\">\n<p><strong>Modelis<\/strong><\/p>\n<\/td>\n<td style=\"padding:6.858px 13.716px\">\n<p>S3-11<\/p>\n<\/td>\n<\/tr>\n<tr>\n<td style=\"padding:6.858px 13.716px 6.858px 0px\">\n<p><strong>Baterijos talpa<\/strong><\/p>\n<\/td>\n<td style=\"padding:6.858px 13.716px\">\n<p>60 V 38 Ah (2280 Wh)<\/p>\n<\/td>\n<\/tr>\n<tr>\n<td style=\"padding:6.858px 13.716px 6.858px 0px\">\n<p><strong>Variklis<\/strong><\/p>\n<\/td>\n<td style=\"padding:6.858px 13.716px\">\n<p>Dvigubi greitaeigiai varikliai, 2 \u00d7 3000 W (i\u0161 viso 6000 W)<\/p>\n<\/td>\n<\/tr>\n<tr>\n<td style=\"padding:6.858px 13.716px 6.858px 0px\">\n<p><strong>Padangos<\/strong><\/p>\n<\/td>\n<td style=\"padding:6.858px 13.716px\">\n<p>Visureigio padangos, 11 coli\u0173 skersmens, 100 mm plo\u010dio<\/p>\n<\/td>\n<\/tr>\n<tr>\n<td style=\"padding:6.858px 13.716px 6.858px 0px\">\n<p><strong>Maksimalus greitis<\/strong><\/p>\n<\/td>\n<td style=\"padding:6.858px 13.716px\">\n<p>85 km\/val.<\/p>\n<\/td>\n<\/tr>\n<tr>\n<td style=\"padding:6.858px 13.716px 6.858px 0px\">\n<p><strong>Diapazonas<\/strong><\/p>\n<\/td>\n<td style=\"padding:6.858px 13.716px\">\n<p>100\u2013120 km (priklauso nuo reljefo ir apkrovos)<\/p>\n<\/td>\n<\/tr>\n<tr>\n<td style=\"padding:6.858px 13.716px 6.858px 0px\">\n<p><strong>Reljefas<\/strong><\/p>\n<\/td>\n<td style=\"padding:6.858px 13.716px\">\n<p>Keliai ir bekel\u0117s<\/p>\n<\/td>\n<\/tr>\n<tr>\n<td style=\"padding:6.858px 13.716px 6.858px 0px\">\n<p><strong>U\u017edegimas<\/strong><\/p>\n<\/td>\n<td style=\"padding:6.858px 13.716px\">\n<p>\u012etampos jungiklis su rakto u\u017eraktu<\/p>\n<\/td>\n<\/tr>\n<tr>\n<td style=\"padding:6.858px 13.716px 6.858px 0px\">\n<p><strong>Priekiniai \u017eibintai<\/strong><\/p>\n<\/td>\n<td style=\"padding:6.858px 13.716px\">\n<p>Dvigubi U7 LED priekiniai \u017eibintai<\/p>\n<\/td>\n<\/tr>\n<tr>\n<td style=\"padding:6.858px 13.716px 6.858px 0px\">\n<p><strong>\u012ekrovimas<\/strong><\/p>\n<\/td>\n<td style=\"padding:6.858px 13.716px\">\n<p>Dvigubi \u012fkrovimo prievadai (\u012fskaitant 2 \u012fkroviklius)<\/p>\n<\/td>\n<\/tr>\n<tr>\n<td style=\"padding:6.858px 13.716px 6.858px 0px\">\n<p><strong>Darbin\u0117 temperat\u016bra.<\/strong><\/p>\n<\/td>\n<td style=\"padding:6.858px 13.716px\">\n<p>-30\u00b0C ir auk\u0161tesn\u0117<\/p>\n<\/td>\n<\/tr>\n<tr>\n<td style=\"padding:6.858px 13.716px 6.858px 0px\">\n<p><strong>Maksimalus pakilimo kampas<\/strong><\/p>\n<\/td>\n<td style=\"padding:6.858px 13.716px\">\n<p>45\u00b0<\/p>\n<\/td>\n<\/tr>\n<tr>\n<td style=\"padding:6.858px 13.716px 6.858px 0px\">\n<p><strong>Stabd\u017eiai<\/strong><\/p>\n<\/td>\n<td style=\"padding:6.858px 13.716px\">\n<p>Hidrauliniai diskiniai stabd\u017eiai (prek\u0117s \u017eenklas: Dengfeng)<\/p>\n<\/td>\n<\/tr>\n<tr>\n<td style=\"padding:6.858px 13.716px 6.858px 0px\">\n<p><strong>R\u0117mo med\u017eiaga<\/strong><\/p>\n<\/td>\n<td style=\"padding:6.858px 13.716px\">\n<p>Didelio stiprumo aliuminio lydinys<\/p>\n<\/td>\n<\/tr>\n<tr>\n<td style=\"padding:6.858px 13.716px 6.858px 0px\">\n<p><strong>Spalva<\/strong><\/p>\n<\/td>\n<td style=\"padding:6.858px 13.716px\">\n<p>Matin\u0117 juoda (pagrindinis korpusas)<\/p>\n<\/td>\n<\/tr>\n<tr>\n<td style=\"padding:6.858px 13.716px 6.858px 0px\">\n<p><strong>Maksimali apkrova<\/strong><\/p>\n<\/td>\n<td style=\"padding:6.858px 13.716px\">\n<p>200 kg<\/p>\n<\/td>\n<\/tr>\n<tr>\n<td style=\"padding:6.858px 13.716px 6.858px 0px\">\n<p><strong>Denio auk\u0161tis<\/strong><\/p>\n<\/td>\n<td style=\"padding:6.858px 13.716px\">\n<p>18,5 cm (pro\u0161vaisa)<\/p>\n<\/td>\n<\/tr>\n<tr>\n<td style=\"padding:6.858px 13.716px 6.858px 0px\">\n<p><strong>Denio dydis<\/strong><\/p>\n<\/td>\n<td style=\"padding:6.858px 13.716px\">\n<p>28 cm (plotis) \u00d7 55 cm (ilgis)<\/p>\n<\/td>\n<\/tr>\n<tr>\n<td style=\"padding:6.858px 13.716px 6.858px 0px\">\n<p><strong>Priekin\u0117 pakaba<\/strong><\/p>\n<\/td>\n<td style=\"padding:6.858px 13.716px\">\n<p>Apversta ilgo eigos hidraulin\u0117 amortizacija<\/p>\n<\/td>\n<\/tr>\n<tr>\n<td style=\"padding:6.858px 13.716px 6.858px 0px\">\n<p><strong>Galin\u0117 pakaba<\/strong><\/p>\n<\/td>\n<td style=\"padding:6.858px 13.716px\">\n<p>Hidraulinis sm\u016bgio slopinimas<\/p>\n<\/td>\n<\/tr>\n<tr>\n<td style=\"padding:6.858px 13.716px 6.858px 0px\">\n<p><strong>Valdiklis<\/strong><\/p>\n<\/td>\n<td style=\"padding:6.858px 13.716px\">\n<p>Dvigubi 60 V 45 A valdikliai<\/p>\n<\/td>\n<\/tr>\n<tr>\n<td style=\"padding:6.858px 13.716px 6.858px 0px\">\n<p><strong>\u012etraukti elementai<\/strong><\/p>\n<\/td>\n<td style=\"padding:6.858px 13.716px\">\n<p>Paspirtukas \u00d71, S\u0117dyn\u0117 \u00d71, \u012ekroviklis \u00d72, \u0160e\u0161iakampi\u0173 atsuktuv\u0173 rinkinys \u00d71, Telefono laikiklis \u00d71, 3L juodas EVA laikymo krep\u0161ys \u00d71<\/p>\n<\/td>\n<\/tr>\n<\/tbody>\n<\/table>\n<hr style=\"font-family:DeepSeek-CJK-patch, Inter, system-ui, -apple-system, BlinkMacSystemFont, &quot;Segoe UI&quot;, Roboto, &quot;Noto Sans&quot;, Ubuntu, Cantarell, &quot;Helvetica Neue&quot;, Oxygen, &quot;Open Sans&quot;, sans-serif;font-size:16.002px;font-weight:400;letter-spacing:normal;text-align:start;white-space:normal;color:rgb(64, 64, 64);background-color:rgb(163, 163, 163);border:none;margin:13.716px 0px;margin-bottom:13.716px;margin-top:13.716px;margin-left:0px;margin-right:0px;display:block;height:1px\" align=\"start\"\/>\n<h3 style=\"font-family:DeepSeek-CJK-patch, Inter, system-ui, -apple-system, BlinkMacSystemFont, &quot;Segoe UI&quot;, Roboto, &quot;Noto Sans&quot;, Ubuntu, Cantarell, &quot;Helvetica Neue&quot;, Oxygen, &quot;Open Sans&quot;, sans-serif;font-size:18.288px;font-weight:600;letter-spacing:normal;line-height:1.5;text-align:start;white-space:normal;color:rgb(64, 64, 64);background-color:rgb(255, 255, 255);margin:18.288px 0px 13.716px;margin-bottom:13.716px;margin-top:18.288px;margin-left:0px;margin-right:0px\" align=\"start\"><strong>Produkto akcentai<\/strong><\/h3>\n<ol style=\"font-family:DeepSeek-CJK-patch, Inter, system-ui, -apple-system, BlinkMacSystemFont, &quot;Segoe UI&quot;, Roboto, &quot;Noto Sans&quot;, Ubuntu, Cantarell, &quot;Helvetica Neue&quot;, Oxygen, &quot;Open Sans&quot;, sans-serif;font-size:16.002px;font-weight:400;letter-spacing:normal;text-align:start;white-space:normal;color:rgb(64, 64, 64);background-color:rgb(255, 255, 255);margin:13.716px 0px;margin-bottom:13.716px;margin-top:13.716px;margin-left:0px;margin-right:0px;padding-left:27.432px\" align=\"start\">\n<li>\n<p style=\"font-size:16.002px;line-height:28.575px;margin-bottom:0px;margin-top:0px;margin-left:0px;margin-right:0px\"><strong>Galingas na\u0161umas<\/strong><span>\u00a0<\/span>\u2013 6000 W dvigubi varikliai, skirti grei\u010diui iki<span>\u00a0<\/span><strong>85 km\/val.<\/strong>, idealiai tinka va\u017ein\u0117jimui \u012f darb\u0105 ir atgal bei nuotykiams bekel\u0117je.<\/p>\n<\/li>\n<li style=\"margin-top:4px\">\n<p style=\"font-size:16.002px;line-height:28.575px;margin-bottom:0px;margin-top:0px;margin-left:0px;margin-right:0px\"><strong>Sulankstomas ir patvarus<\/strong><span>\u00a0<\/span>\u2013 Didelio stiprumo aliuminio lydinio r\u0117mas, atsparus r\u016bdims ir nesvyruoja net po ilgalaikio naudojimo.<\/p>\n<\/li>\n<li style=\"margin-top:4px\">\n<p style=\"font-size:16.002px;line-height:28.575px;margin-bottom:0px;margin-top:0px;margin-left:0px;margin-right:0px\"><strong>Ilgai veikianti baterija<\/strong><span>\u00a0<\/span>\u2013 2280 Wh talpa u\u017etikrina<span>\u00a0<\/span><strong>100\u2013120 km<\/strong><span>\u00a0<\/span>u\u017e mokest\u012f.<\/p>\n<\/li>\n<li style=\"margin-top:4px\">\n<p style=\"font-size:16.002px;line-height:28.575px;margin-bottom:0px;margin-top:0px;margin-left:0px;margin-right:0px\"><strong>Greitas dvigubas \u012fkrovimas<\/strong><span>\u00a0<\/span>\u2013 \u012eskaitant<span>\u00a0<\/span><strong>du 5A \u012fkrovikliai<\/strong><span>\u00a0<\/span>vienalaikiam \u012fkrovimui.<\/p>\n<\/li>\n<li style=\"margin-top:4px\">\n<p style=\"font-size:16.002px;line-height:28.575px;margin-bottom:0px;margin-top:0px;margin-left:0px;margin-right:0px\"><strong>Lengvai pri\u017ei\u016brimas valdiklis<\/strong><span>\u00a0<\/span>\u2013 Modulinis \u012fjungiamas dizainas, skirtas greitam pakeitimui ir nesud\u0117tingam remontui.<\/p>\n<\/li>\n<li style=\"margin-top:4px\">\n<p style=\"font-size:16.002px;line-height:28.575px;margin-bottom:0px;margin-top:0px;margin-left:0px;margin-right:0px\"><strong>Patobulintas saugumas<\/strong><span>\u00a0<\/span>\u2013 Priekyje ir gale<span>\u00a0<\/span><strong>hidrauliniai diskiniai stabd\u017eiai<\/strong><span>\u00a0<\/span>u\u017etikrinant stabil\u0173 ir patikim\u0105 stabdymo j\u0117g\u0105.<\/p>\n<\/li>\n<li style=\"margin-top:4px\">\n<p style=\"font-size:16.002px;line-height:28.575px;margin-bottom:0px;margin-top:0px;margin-left:0px;margin-right:0px\"><strong>Sklandus va\u017eiavimas<\/strong><span>\u00a0<\/span>\u2013<span>\u00a0<\/span><strong>Apversta priekin\u0117 hidraulin\u0117 pakaba<\/strong><span>\u00a0<\/span>+ galiniai hidrauliniai amortizatoriai u\u017etikrina didesn\u012f komfort\u0105 va\u017eiuojant nelygiu reljefu.<\/p>\n<\/li>\n<li style=\"margin-top:4px\">\n<p style=\"font-size:16.002px;line-height:28.575px;margin-bottom:0px;margin-top:0px;margin-left:0px;margin-right:0px\"><strong>Pa\u017eangus ap\u0161vietimas<\/strong><span>\u00a0<\/span>\u2013 Dvigubi U7 priekiniai \u017eibintai, RGB \u0161oniniai denio \u017eibintai (pritaikomi), galiniai nuosekl\u016bs pos\u016bki\u0173 signalai ir pasl\u0117pti b\u0117gimo \/ stabd\u017ei\u0173 \u017eibintai.<\/p>\n<\/li>\n<li style=\"margin-top:4px\">\n<p style=\"font-size:16.002px;line-height:28.575px;margin-bottom:0px;margin-top:0px;margin-left:0px;margin-right:0px\"><strong>Visureigi\u0173 padangos<\/strong><span>\u00a0<\/span>\u2013 11 coli\u0173 bekel\u0117s<span>\u00a0<\/span><strong>dulki\u0173 siurblio padangos<\/strong><span>\u00a0<\/span>d\u0117l patvarumo ir sukibimo.<\/p>\n<\/li>\n<li style=\"margin-top:4px\">\n<p style=\"font-size:16.002px;line-height:28.575px;margin-bottom:0px;margin-top:0px;margin-left:0px;margin-right:0px\"><strong>I\u0161manusis LCD ekranas<\/strong><span>\u00a0<\/span>\u2013 Rodo greit\u012f, akumuliatoriaus lyg\u012f, rid\u0105, \u012ftamp\u0105 ir kt. (galima perjungti km\/mylia) +<span>\u00a0<\/span><strong>USB \u012fkrovimo prievadas<\/strong>.<\/p>\n<\/li>\n<\/ol>\n<p><img decoding=\"async\" src=\"https:\/\/ae01.alicdn.com\/kf\/Sf33f34274f124ee5adebb04e2b2d8ddcI.jpg\" slate-data-type=\"image\"\/><img decoding=\"async\" src=\"https:\/\/ae01.alicdn.com\/kf\/Sca08803de72446f5b0cce68ca0ff9d4dV.jpg\" slate-data-type=\"image\"\/><img decoding=\"async\" src=\"https:\/\/ae01.alicdn.com\/kf\/S1e7597684c7a45b4800a23eaa2d38fd8B.jpg\" slate-data-type=\"image\"\/><img decoding=\"async\" src=\"https:\/\/ae01.alicdn.com\/kf\/S587589274c644c1c8875c56e23f59aa1B.jpg\" slate-data-type=\"image\"\/><img decoding=\"async\" src=\"https:\/\/ae01.alicdn.com\/kf\/S2044d9b859af4346945ddaa804caacb23.jpg\" slate-data-type=\"image\"\/><img decoding=\"async\" src=\"https:\/\/ae01.alicdn.com\/kf\/Sd6e5e9cebe4344e3a1bd41a4db39d941r.jpg\" slate-data-type=\"image\"\/><img decoding=\"async\" src=\"https:\/\/ae01.alicdn.com\/kf\/Sbd4d412cfdd744e1b81aadca8fe4e3edr.jpg\" slate-data-type=\"image\"\/><img decoding=\"async\" src=\"https:\/\/ae01.alicdn.com\/kf\/S802ad8a03222437a86e62c37434d4048c.jpg\" slate-data-type=\"image\"\/><img decoding=\"async\" src=\"https:\/\/ae01.alicdn.com\/kf\/S744150d21c5d4769a172db7800be4cd5C.jpg\" slate-data-type=\"image\"\/><img decoding=\"async\" src=\"https:\/\/ae01.alicdn.com\/kf\/S96ade660d56047f0ab277ac43ff9f758r.jpg\" slate-data-type=\"image\"\/><img decoding=\"async\" src=\"https:\/\/ae01.alicdn.com\/kf\/Sf8f68e1f10c544feb56e4c6460cc9f3aD.jpg\" slate-data-type=\"image\"\/><img decoding=\"async\" src=\"https:\/\/ae01.alicdn.com\/kf\/S3beb4199e0574136854a05373b128359L.jpg\" slate-data-type=\"image\"\/><img decoding=\"async\" src=\"https:\/\/ae01.alicdn.com\/kf\/Sad7ad7f3de394fbb90406d2e7e833cden.jpg\" slate-data-type=\"image\"\/><img decoding=\"async\" src=\"https:\/\/ae01.alicdn.com\/kf\/S1fe9c1a99937406a9aab142b6364448aZ.jpg\" slate-data-type=\"image\"\/><img decoding=\"async\" src=\"https:\/\/ae01.alicdn.com\/kf\/Sf71755a522144de79649f7947ca4730cn.jpg\" slate-data-type=\"image\"\/><img decoding=\"async\" src=\"https:\/\/ae01.alicdn.com\/kf\/Sd1e10045cb774af484b0cbb66b4abbf4d.jpg\" slate-data-type=\"image\"\/><img decoding=\"async\" src=\"https:\/\/ae01.alicdn.com\/kf\/S89df2c303f12489392ef3deaca9ef5d1D.jpg\" slate-data-type=\"image\"\/><img decoding=\"async\" src=\"https:\/\/ae01.alicdn.com\/kf\/Sed89b364103f41f3882306a0f92a01a26.jpg\" slate-data-type=\"image\"\/><img decoding=\"async\" src=\"https:\/\/ae01.alicdn.com\/kf\/S9ef237c76ab242d487096195cbda5c46L.jpg\" slate-data-type=\"image\"\/><img decoding=\"async\" src=\"https:\/\/ae01.alicdn.com\/kf\/S719b1c61b21748fd9515d640089b64efg.jpg\" slate-data-type=\"image\"\/><img decoding=\"async\" src=\"https:\/\/ae01.alicdn.com\/kf\/Sc38b68d25b4c41a0b7ef63debb5c3a29m.jpg\" slate-data-type=\"image\"\/><\/p>","protected":false},"excerpt":{"rendered":"<p>Tire Size:&nbsp;11 inch Model Number:&nbsp;BOYUEDA S3-11 Category:&nbsp;Two-wheel Scooter Applicable People:&nbsp;Unisex Range Per Charge:&nbsp;60-80km Charging Time:&nbsp;8-10h Voltage:&nbsp;60v Folded:&nbsp;YES Origin:&nbsp;Mainland China Power (W):&nbsp;1001-2000w Max motor:&nbsp;6000W max range:&nbsp;120KM max speed:&nbsp;85KM\/H Climbing ability:&nbsp;45\u00b0 Brake<\/p>","protected":false},"featured_media":25744,"comment_status":"open","ping_status":"closed","template":"","meta":{"_acf_changed":false},"product_brand":[],"product_cat":[297],"product_tag":[],"class_list":{"0":"post-25743","1":"product","2":"type-product","3":"status-publish","4":"has-post-thumbnail","6":"product_cat-scooters","8":"first","9":"instock","10":"shipping-taxable","11":"purchasable","12":"product-type-simple"},"acf":[],"_links":{"self":[{"href":"https:\/\/www.electricstore.eu\/lt\/wp-json\/wp\/v2\/product\/25743","targetHints":{"allow":["GET"]}}],"collection":[{"href":"https:\/\/www.electricstore.eu\/lt\/wp-json\/wp\/v2\/product"}],"about":[{"href":"https:\/\/www.electricstore.eu\/lt\/wp-json\/wp\/v2\/types\/product"}],"replies":[{"embeddable":true,"href":"https:\/\/www.electricstore.eu\/lt\/wp-json\/wp\/v2\/comments?post=25743"}],"wp:featuredmedia":[{"embeddable":true,"href":"https:\/\/www.electricstore.eu\/lt\/wp-json\/wp\/v2\/media\/25744"}],"wp:attachment":[{"href":"https:\/\/www.electricstore.eu\/lt\/wp-json\/wp\/v2\/media?parent=25743"}],"wp:term":[{"taxonomy":"product_brand","embeddable":true,"href":"https:\/\/www.electricstore.eu\/lt\/wp-json\/wp\/v2\/product_brand?post=25743"},{"taxonomy":"product_cat","embeddable":true,"href":"https:\/\/www.electricstore.eu\/lt\/wp-json\/wp\/v2\/product_cat?post=25743"},{"taxonomy":"product_tag","embeddable":true,"href":"https:\/\/www.electricstore.eu\/lt\/wp-json\/wp\/v2\/product_tag?post=25743"}],"curies":[{"name":"wp","href":"https:\/\/api.w.org\/{rel}","templated":true}]}}