{"id":25726,"date":"2025-05-20T19:00:50","date_gmt":"2025-05-20T19:00:50","guid":{"rendered":"https:\/\/electricstore.eu\/p\/uncategorized\/hyper-go-mjx-14210-v2-0-1-14-rc-car-55km-h-high-speed-brushless-2-4g-remote-control-4wd-off-road-racing-rc-truck-electric-toy\/"},"modified":"2025-05-20T19:06:07","modified_gmt":"2025-05-20T19:06:07","slug":"hyper-go-mjx-14210-v2-0-1-14-rc-car-55km-h-high-speed-brushless-2-4g-remote-control-4wd-off-road-racing-rc-truck-electric-toy","status":"publish","type":"product","link":"https:\/\/www.electricstore.eu\/lt\/p\/rc\/rc-cars\/hyper-go-mjx-14210-v2-0-1-14-rc-car-55km-h-high-speed-brushless-2-4g-remote-control-4wd-off-road-racing-rc-truck-electric-toy\/","title":{"rendered":"\u201eHyper Go MJX 14210 V2.0 1\/14 RC\u201c automobilis, 55 KM\/H, didelio grei\u010dio, be\u0161epetis, 2.4G nuotolinio valdymo pultas, 4WD, visureigis, lenktyninis, RC sunkve\u017eimis, elektrinis \u017eaislas"},"content":{"rendered":"<div class=\"product-specs-list-container\">\n<ul class=\"product-specs-list util-clearfix\">\n<li class=\"product-prop line-limit-length\"><span\n                                        class=\"property-title\">Labai susir\u016bpinim\u0105 kelianti chemin\u0117 med\u017eiaga:&nbsp;<\/span><span\n                                        class=\"property-desc line-limit-length\">N\u0117ra<\/span>\n                            <\/li>\n<li class=\"product-prop line-limit-length\"><span\n                                        class=\"property-title\">CE:&nbsp;<\/span><span\n                                        class=\"property-desc line-limit-length\">sertifikatas<\/span>\n                            <\/li>\n<li class=\"product-prop line-limit-length\"><span\n                                        class=\"property-title\">Ar elektrinis:&nbsp;<\/span><span\n                                        class=\"property-desc line-limit-length\">li\u010dio baterija<\/span>\n                            <\/li>\n<li class=\"product-prop line-limit-length\"><span\n                                        class=\"property-title\">Br\u016bk\u0161ninis kodas:&nbsp;<\/span><span\n                                        class=\"property-desc line-limit-length\">Ne<\/span>\n                            <\/li>\n<li class=\"product-prop line-limit-length\"><span\n                                        class=\"property-title\">Droselio servo:&nbsp;<\/span><span\n                                        class=\"property-desc line-limit-length\">2852 be\u0161epetis variklis<\/span>\n                            <\/li>\n<li class=\"product-prop line-limit-length\"><span\n                                        class=\"property-title\">Vairo stiprintuvas:&nbsp;<\/span><span\n                                        class=\"property-desc line-limit-length\">19 g skaitmeninis servo (2,2 kg cm\u00b2)<\/span>\n                            <\/li>\n<li class=\"product-prop line-limit-length\"><span\n                                        class=\"property-title\">Galia:&nbsp;<\/span><span\n                                        class=\"property-desc line-limit-length\">55 km\/val.<\/span>\n                            <\/li>\n<li class=\"product-prop line-limit-length\"><span\n                                        class=\"property-title\">Asambl\u0117jos b\u016bsena:&nbsp;<\/span><span\n                                        class=\"property-desc line-limit-length\">Paruo\u0161tas naudoti<\/span>\n                            <\/li>\n<li class=\"product-prop line-limit-length\"><span\n                                        class=\"property-title\">Skryd\u017eio laikas:&nbsp;<\/span><span\n                                        class=\"property-desc line-limit-length\">\u2265 13 minu\u010di\u0173 (visas greitis)<\/span>\n                            <\/li>\n<li class=\"product-prop line-limit-length\"><span\n                                        class=\"property-title\">Padang\u0173 takelis:&nbsp;<\/span><span\n                                        class=\"property-desc line-limit-length\">188 mm<\/span>\n                            <\/li>\n<li class=\"product-prop line-limit-length\"><span\n                                        class=\"property-title\">Va\u017eiuokl\u0117s baz\u0117:&nbsp;<\/span><span\n                                        class=\"property-desc line-limit-length\">198 mm<\/span>\n                            <\/li>\n<li class=\"product-prop line-limit-length\"><span\n                                        class=\"property-title\">Nuotolinis atstumas:&nbsp;<\/span><span\n                                        class=\"property-desc line-limit-length\">\u2265120 m<\/span>\n                            <\/li>\n<li class=\"product-prop line-limit-length\"><span\n                                        class=\"property-title\">Mastelis:&nbsp;<\/span><span\n                                        class=\"property-desc line-limit-length\">1:14<\/span>\n                            <\/li>\n<li class=\"product-prop line-limit-length\"><span\n                                        class=\"property-title\">Matmenys:&nbsp;<\/span><span\n                                        class=\"property-desc line-limit-length\">320 * 230 * 124 mm<\/span>\n                            <\/li>\n<li class=\"product-prop line-limit-length\"><span\n                                        class=\"property-title\">Sukimo momentas:&nbsp;<\/span><span\n                                        class=\"property-desc line-limit-length\">kaip rodoma<\/span>\n                            <\/li>\n<li class=\"product-prop line-limit-length\"><span\n                                        class=\"property-title\">Modelio numeris:&nbsp;<\/span><span\n                                        class=\"property-desc line-limit-length\">MJX Hyper Go 14210 14209<\/span>\n                            <\/li>\n<li class=\"product-prop line-limit-length\"><span\n                                        class=\"property-title\">Valdymo kanalai:&nbsp;<\/span><span\n                                        class=\"property-desc line-limit-length\">4 kanalai<\/span>\n                            <\/li>\n<li class=\"product-prop line-limit-length\"><span\n                                        class=\"property-title\">Valdiklio re\u017eimas:&nbsp;<\/span><span\n                                        class=\"property-desc line-limit-length\">RE\u017dIMAS2<\/span>\n                            <\/li>\n<li class=\"product-prop line-limit-length\"><span\n                                        class=\"property-title\">Nuotolinio valdymo pultas:&nbsp;<\/span><span\n                                        class=\"property-desc line-limit-length\">Taip<\/span>\n                            <\/li>\n<li class=\"product-prop line-limit-length\"><span\n                                        class=\"property-title\">Med\u017eiaga:&nbsp;<\/span><span\n                                        class=\"property-desc line-limit-length\">Metalas, plastikas, guma<\/span>\n                            <\/li>\n<li class=\"product-prop line-limit-length\"><span\n                                        class=\"property-title\">Prek\u0117s \u017eenklas:&nbsp;<\/span><span\n                                        class=\"property-desc line-limit-length\">WDSZKMYF<\/span>\n                            <\/li>\n<li class=\"product-prop line-limit-length\"><span\n                                        class=\"property-title\">Rekomenduojamas am\u017eius:&nbsp;<\/span><span\n                                        class=\"property-desc line-limit-length\">14+ met\u0173<\/span>\n                            <\/li>\n<li class=\"product-prop line-limit-length\"><span\n                                        class=\"property-title\">Kilm\u0117:&nbsp;<\/span><span\n                                        class=\"property-desc line-limit-length\">\u017demynin\u0117 Kinija<\/span>\n                            <\/li>\n<li class=\"product-prop line-limit-length\"><span\n                                        class=\"property-title\">Dizainas:&nbsp;<\/span><span\n                                        class=\"property-desc line-limit-length\">Purvo motociklas<\/span>\n                            <\/li>\n<li class=\"product-prop line-limit-length\"><span\n                                        class=\"property-title\">Tipas:&nbsp;<\/span><span\n                                        class=\"property-desc line-limit-length\">Automobilis<\/span>\n                            <\/li>\n<li class=\"product-prop line-limit-length\"><span\n                                        class=\"property-title\">Savyb\u0117s:&nbsp;<\/span><span\n                                        class=\"property-desc line-limit-length\">NUOTOLINIS VALDYMAS<\/span>\n                            <\/li>\n<\/ul><\/div>\n<p><span style=\"color:rgb(244, 78, 59);font-size:22px\"><strong>\u201eHyper Go MJX 14210 V2.0 1\/14 RC\u201c automobilis, 55 KM\/H, didelio grei\u010dio, be\u0161epetis, 2.4G nuotolinio valdymo pultas, 4WD, visureigis, lenktyninis, RC sunkve\u017eimis, elektrinis \u017eaislas<\/strong><\/span><\/p>\n<p><\/p>\n<p><strong><span style=\"color:rgb(0, 0, 0);font-size:16px\">Produkto apra\u0161ymas<\/span><\/strong><\/p>\n<p><\/p>\n<p><span style=\"color:rgb(0, 0, 0);font-size:16px\"> <\/span><span style=\"color:rgba(244,78,59,255);font-size:16px\">Savyb\u0117s:<\/span><\/p>\n<p><\/p>\n<p><span style=\"color:rgba(244,78,59,255);font-size:16px\">1. Vis\u0173 metal\u0173 hidraulinis amortizatorius;<\/span><\/p>\n<p><\/p>\n<p><span style=\"color:rgba(244,78,59,255);font-size:16px\">2. Standartin\u0117 2S baterija 55 km\/h, palaiko 3S baterij\u0105, maksimalus greitis iki 80 km\/h<\/span><\/p>\n<p><\/p>\n<p><span style=\"color:rgba(244,78,59,255);font-size:16px\">3. 45A nepriklausomas be\u0161epetis ESC + 2852 4400KV keturi\u0173 poli\u0173 be\u0161epetis variklis;<\/span><\/p>\n<p><\/p>\n<p><span style=\"color:rgba(244,78,59,255);font-size:16px\">4. Metalin\u0117 apsaugos nuo susid\u016brimo galvut\u0117;<\/span><\/p>\n<p><\/p>\n<p><span style=\"color:rgba(244,78,59,255);font-size:16px\">5. Nemetalin\u0117 transmisijos sistema (metalinis krumpliaratis diferencialas);<\/span><\/p>\n<p><\/p>\n<p><span style=\"color:rgba(244,78,59,255);font-size:16px\">6. Standartinis nepriklausomas imtuvas, lengvai modifikuojamas.<\/span><\/p>\n<p><\/p>\n<p><span style=\"color:rgb(0, 0, 0);font-size:16px\">Pagrindiniai parametrai:<\/span><\/p>\n<p><\/p>\n<p><span style=\"color:rgb(0, 0, 0);font-size:16px\">Produkto modelio Nr.: 14210<\/span><\/p>\n<p><\/p>\n<p><span style=\"color:rgb(0, 0, 0);font-size:16px\">Mastelis: 1\/14<\/span><\/p>\n<p><\/p>\n<p><span style=\"color:rgb(0, 0, 0);font-size:16px\">Maksimalus greitis: 80 km\/val.<\/span><\/p>\n<p><\/p>\n<p><span style=\"color:rgb(0, 0, 0);font-size:16px\">Nuotolinio valdymo pulto atstumas: 120 m<\/span><\/p>\n<p><\/p>\n<p><span style=\"color:rgb(0, 0, 0);font-size:16px\">Maksimalus naudojimo laikas: 15 min.<\/span><\/p>\n<p><\/p>\n<p><span style=\"color:rgb(0, 0, 0);font-size:16px\">\u012ekrovimo laikas: 4 val. (naudojant 5 V 2 A \u012fkrovikl\u012f)<\/span><\/p>\n<p><\/p>\n<p><span style=\"color:rgb(0, 0, 0);font-size:16px\">\u012ekrovimo b\u016bdas: USB \u012fkrovimo laidas<\/span><\/p>\n<p><\/p>\n<p><span style=\"color:rgb(0, 0, 0);font-size:16px\">Matmenys ir specifikacijos:<\/span><\/p>\n<p><\/p>\n<p><\/p>\n<p><strong><span style=\"color:rgb(0, 0, 0);font-size:16px\">14210:<\/span><\/strong><\/p>\n<p><\/p>\n<p><span style=\"color:rgb(0, 0, 0);font-size:16px\">Gaminio dydis (mm) 320 * 230 * 124 mm<\/span><\/p>\n<p><\/p>\n<p><span style=\"color:rgb(0, 0, 0);font-size:16px\">Va\u017eiuokl\u0117s baz\u0117 (mm) 188 mm<\/span><\/p>\n<p><\/p>\n<p><span style=\"color:rgb(0, 0, 0);font-size:16px\">Rat\u0173 baz\u0117 (mm) 198 mm<\/span><\/p>\n<p><\/p>\n<p><span style=\"color:rgb(0, 0, 0);font-size:16px\">Padangos skersmuo (mm) 90 mm<\/span><\/p>\n<p><\/p>\n<p><span style=\"color:rgb(0, 0, 0);font-size:16px\">Transporto priemon\u0117s svoris 1410 g<\/span><\/p>\n<p><\/p>\n<p><strong><span style=\"color:rgb(0, 0, 0);font-size:16px\">Konfig\u016bruoti:<\/span><\/strong><\/p>\n<p><\/p>\n<p><span style=\"color:rgb(0, 0, 0);font-size:16px\">Variklio specifikacijos: be\u0161epetis variklis 2852 4400KV 4 poliai<\/span><\/p>\n<p><\/p>\n<p><span style=\"color:rgb(0, 0, 0);font-size:16px\">Variklio au\u0161inimo aliuminio radiatorius + ventiliatorius<\/span><\/p>\n<p><\/p>\n<p><span style=\"color:rgb(0, 0, 0);font-size:16px\">ESC 45A be\u0161epetis ESC (metalinis radiatorius)<\/span><\/p>\n<p><\/p>\n<p><span style=\"color:rgb(0, 0, 0);font-size:16px\">Servo specifikacija: 19 g skaitmeninis servo<\/span><\/p>\n<p><\/p>\n<p><span style=\"color:rgb(0, 0, 0);font-size:16px\">Nuotolinio valdymo pultas 2,4 GHz<\/span><\/p>\n<p><\/p>\n<p><span style=\"color:rgb(0, 0, 0);font-size:16px\">Nuotolinio valdymo pulto baterijos 1,5 AA * 2<\/span><\/p>\n<p><\/p>\n<p><span style=\"color:rgb(0, 0, 0);font-size:16px\">Automobilio akumuliatoriaus specifikacijos: 7,4 V, 3000 mAh, 2S, 25C<\/span><\/p>\n<p><\/p>\n<p><strong><span style=\"color:rgb(0, 0, 0);font-size:16px\">pakavimo s\u0105ra\u0161as:<\/span><\/strong><\/p>\n<p><\/p>\n<p><span style=\"color:rgb(0, 0, 0);font-size:16px\">Automobilis*1<\/span><\/p>\n<p><\/p>\n<p><span style=\"color:rgb(0, 0, 0);font-size:16px\">Nuotolinio valdymo pultas*1<\/span><\/p>\n<p><\/p>\n<p><span style=\"color:rgb(0, 0, 0);font-size:16px\">baterija * 1;<\/span><\/p>\n<p><\/p>\n<p><span style=\"color:rgb(0, 0, 0);font-size:16px\">galinis sparnas*1;<\/span><\/p>\n<p><\/p>\n<p><span style=\"color:rgb(0, 0, 0);font-size:16px\">Rankinis*1;<\/span><\/p>\n<p><\/p>\n<p><span style=\"color:rgb(0, 0, 0);font-size:16px\">USB \u012fkrovimo laidas * 1;<\/span><\/p>\n<p><\/p>\n<p><span style=\"color:rgb(0, 0, 0);font-size:16px\">\u0160e\u0161iakampis raktas * 1;<\/span><\/p>\n<p><\/p>\n<p><span style=\"color:rgb(0, 0, 0);font-size:16px\">Vairo, \u012f kur\u012f galima pakelti projekcij\u0105, priedai*1;<\/span><\/p>\n<p><\/p>\n<p><span style=\"color:rgb(0, 0, 0);font-size:16px\">Atsuktuvas * 1<\/span><\/p>\n<p><\/p>\n<p><span style=\"color:rgb(0, 0, 0);font-size:16px\">Padangos * 2 (\u012fskaitant k\u0117bulo padang\u0105)<\/span><\/p>\n<p><\/p>\n<p style=\"font-family:&quot;TT Norms Pro&quot;, &quot;Open Sans&quot;, Roboto, Arial, Helvetica, sans-serif, SimSun;font-size:14px;font-weight:400;letter-spacing:normal;line-height:inherit;text-align:start;white-space:normal;color:rgb(34, 34, 34);margin:0px;margin-bottom:0px;margin-top:0px;margin-left:0px;margin-right:0px;padding:0px;padding-bottom:0px;padding-top:0px;padding-left:0px;padding-right:0px;box-sizing:border-box\" align=\"start\"><img decoding=\"async\" style=\"border:0px;margin:0px;margin-bottom:0px;margin-top:0px;margin-left:0px;margin-right:0px;padding:0px;padding-bottom:0px;padding-top:0px;padding-left:0px;padding-right:0px;max-width:100%;box-sizing:border-box\" src=\"https:\/\/ae01.alicdn.com\/kf\/Ad3bddfd9b72b4845a536d4672df29bb3t.jpg\" slate-data-type=\"image\"\/><img decoding=\"async\" style=\"border:0px;margin:0px;margin-bottom:0px;margin-top:0px;margin-left:0px;margin-right:0px;padding:0px;padding-bottom:0px;padding-top:0px;padding-left:0px;padding-right:0px;max-width:100%;box-sizing:border-box\" src=\"https:\/\/ae01.alicdn.com\/kf\/Ae34950f5cb2543d199148235983484b4B.jpg\" slate-data-type=\"image\"\/><img decoding=\"async\" style=\"border:0px;margin:0px;margin-bottom:0px;margin-top:0px;margin-left:0px;margin-right:0px;padding:0px;padding-bottom:0px;padding-top:0px;padding-left:0px;padding-right:0px;max-width:100%;box-sizing:border-box\" src=\"https:\/\/ae01.alicdn.com\/kf\/A1741f0c3661542139a1b13ff7d43eff9x.jpg\" slate-data-type=\"image\"\/><img decoding=\"async\" style=\"border:0px;margin:0px;margin-bottom:0px;margin-top:0px;margin-left:0px;margin-right:0px;padding:0px;padding-bottom:0px;padding-top:0px;padding-left:0px;padding-right:0px;max-width:100%;box-sizing:border-box\" src=\"https:\/\/ae01.alicdn.com\/kf\/A174a908ee32d40a4aac656a63a2f6d8bC.jpg\" slate-data-type=\"image\"\/><img decoding=\"async\" style=\"border:0px;margin:0px;margin-bottom:0px;margin-top:0px;margin-left:0px;margin-right:0px;padding:0px;padding-bottom:0px;padding-top:0px;padding-left:0px;padding-right:0px;max-width:100%;box-sizing:border-box\" src=\"https:\/\/ae01.alicdn.com\/kf\/A9a18b8ff6a764a98bf107dbb3728b009i.jpg\" slate-data-type=\"image\"\/><img decoding=\"async\" style=\"border:0px;margin:0px;margin-bottom:0px;margin-top:0px;margin-left:0px;margin-right:0px;padding:0px;padding-bottom:0px;padding-top:0px;padding-left:0px;padding-right:0px;max-width:100%;box-sizing:border-box\" src=\"https:\/\/ae01.alicdn.com\/kf\/A4c8eba9294014111994c12bfba7aded3B.jpg\" slate-data-type=\"image\"\/><img decoding=\"async\" style=\"border:0px;margin:0px;margin-bottom:0px;margin-top:0px;margin-left:0px;margin-right:0px;padding:0px;padding-bottom:0px;padding-top:0px;padding-left:0px;padding-right:0px;max-width:100%;box-sizing:border-box\" src=\"https:\/\/ae01.alicdn.com\/kf\/A1bcaece87e1f48d5bbc9030b317674b4A.jpg\" slate-data-type=\"image\"\/><img decoding=\"async\" style=\"border:0px;margin:0px;margin-bottom:0px;margin-top:0px;margin-left:0px;margin-right:0px;padding:0px;padding-bottom:0px;padding-top:0px;padding-left:0px;padding-right:0px;max-width:100%;box-sizing:border-box\" src=\"https:\/\/ae01.alicdn.com\/kf\/A26ae147906f549c0b337a98524bbc7f8V.jpg\" slate-data-type=\"image\"\/><img decoding=\"async\" style=\"border:0px;margin:0px;margin-bottom:0px;margin-top:0px;margin-left:0px;margin-right:0px;padding:0px;padding-bottom:0px;padding-top:0px;padding-left:0px;padding-right:0px;max-width:100%;box-sizing:border-box\" src=\"https:\/\/ae01.alicdn.com\/kf\/A1fda068dace84fa79091c945c904724fk.jpg\" slate-data-type=\"image\"\/><img decoding=\"async\" style=\"border:0px;margin:0px;margin-bottom:0px;margin-top:0px;margin-left:0px;margin-right:0px;padding:0px;padding-bottom:0px;padding-top:0px;padding-left:0px;padding-right:0px;max-width:100%;box-sizing:border-box\" src=\"https:\/\/ae01.alicdn.com\/kf\/A0ae556d91ffb4c348be427abdd2b547bc.jpg\" slate-data-type=\"image\"\/><img decoding=\"async\" style=\"border:0px;margin:0px;margin-bottom:0px;margin-top:0px;margin-left:0px;margin-right:0px;padding:0px;padding-bottom:0px;padding-top:0px;padding-left:0px;padding-right:0px;max-width:100%;box-sizing:border-box\" src=\"https:\/\/ae01.alicdn.com\/kf\/Aa3e13f7814cd49009da1e0ea8336b841e.jpg\" slate-data-type=\"image\"\/><img decoding=\"async\" style=\"border:0px;margin:0px;margin-bottom:0px;margin-top:0px;margin-left:0px;margin-right:0px;padding:0px;padding-bottom:0px;padding-top:0px;padding-left:0px;padding-right:0px;max-width:100%;box-sizing:border-box\" src=\"https:\/\/ae01.alicdn.com\/kf\/A14f69ad1bd1b438bb4daa4b42597dfc7J.jpg\" slate-data-type=\"image\"\/><img decoding=\"async\" style=\"border:0px;margin:0px;margin-bottom:0px;margin-top:0px;margin-left:0px;margin-right:0px;padding:0px;padding-bottom:0px;padding-top:0px;padding-left:0px;padding-right:0px;max-width:100%;box-sizing:border-box\" src=\"https:\/\/ae01.alicdn.com\/kf\/Aa1f26019fa6746a788e33feb6adbe4a5B.jpg\" slate-data-type=\"image\"\/><img decoding=\"async\" style=\"border:0px;margin:0px;margin-bottom:0px;margin-top:0px;margin-left:0px;margin-right:0px;padding:0px;padding-bottom:0px;padding-top:0px;padding-left:0px;padding-right:0px;max-width:100%;box-sizing:border-box\" src=\"https:\/\/ae01.alicdn.com\/kf\/A774081aed8b942e7acaf49610db62bdcp.jpg\" slate-data-type=\"image\"\/><img decoding=\"async\" style=\"border:0px;margin:0px;margin-bottom:0px;margin-top:0px;margin-left:0px;margin-right:0px;padding:0px;padding-bottom:0px;padding-top:0px;padding-left:0px;padding-right:0px;max-width:100%;box-sizing:border-box\" src=\"https:\/\/ae01.alicdn.com\/kf\/A5049f32fb51c4b6893c15cd2091d39c6m.jpg\" slate-data-type=\"image\"\/><img decoding=\"async\" style=\"border:0px;margin:0px;margin-bottom:0px;margin-top:0px;margin-left:0px;margin-right:0px;padding:0px;padding-bottom:0px;padding-top:0px;padding-left:0px;padding-right:0px;max-width:100%;box-sizing:border-box\" src=\"https:\/\/ae01.alicdn.com\/kf\/A32563d52304747c8b5e86699d4af4df8G.jpg\" slate-data-type=\"image\"\/><img decoding=\"async\" style=\"border:0px;margin:0px;margin-bottom:0px;margin-top:0px;margin-left:0px;margin-right:0px;padding:0px;padding-bottom:0px;padding-top:0px;padding-left:0px;padding-right:0px;max-width:100%;box-sizing:border-box\" src=\"https:\/\/ae01.alicdn.com\/kf\/A6f008b1d035a433e99610ffe78870e9bC.jpg\" slate-data-type=\"image\"\/><img decoding=\"async\" style=\"border:0px;margin:0px;margin-bottom:0px;margin-top:0px;margin-left:0px;margin-right:0px;padding:0px;padding-bottom:0px;padding-top:0px;padding-left:0px;padding-right:0px;max-width:100%;box-sizing:border-box\" src=\"https:\/\/ae01.alicdn.com\/kf\/Af2d68fd06cd742e3851b9862f5f2d9e4v.jpg\" slate-data-type=\"image\"\/><img decoding=\"async\" style=\"border:0px;margin:0px;margin-bottom:0px;margin-top:0px;margin-left:0px;margin-right:0px;padding:0px;padding-bottom:0px;padding-top:0px;padding-left:0px;padding-right:0px;max-width:100%;box-sizing:border-box\" src=\"https:\/\/ae01.alicdn.com\/kf\/Abd482e2d7b8b4ebabab44c5b1c1c8530Y.jpg\" slate-data-type=\"image\"\/><img decoding=\"async\" style=\"border:0px;margin:0px;margin-bottom:0px;margin-top:0px;margin-left:0px;margin-right:0px;padding:0px;padding-bottom:0px;padding-top:0px;padding-left:0px;padding-right:0px;max-width:100%;box-sizing:border-box\" src=\"https:\/\/ae01.alicdn.com\/kf\/Aa2e0cb20a73a442fadc49fc9fe285b4dS.jpg\" slate-data-type=\"image\"\/><img decoding=\"async\" style=\"border:0px;margin:0px;margin-bottom:0px;margin-top:0px;margin-left:0px;margin-right:0px;padding:0px;padding-bottom:0px;padding-top:0px;padding-left:0px;padding-right:0px;max-width:100%;box-sizing:border-box\" src=\"https:\/\/ae01.alicdn.com\/kf\/A8740e031b4314d6785c4851ce1970bebW.jpg\" slate-data-type=\"image\"\/><img decoding=\"async\" style=\"border:0px;margin:0px;margin-bottom:0px;margin-top:0px;margin-left:0px;margin-right:0px;padding:0px;padding-bottom:0px;padding-top:0px;padding-left:0px;padding-right:0px;max-width:100%;box-sizing:border-box\" src=\"https:\/\/ae01.alicdn.com\/kf\/Aaddc1c4e75c9467b877f39cd68ee5696u.jpg\" slate-data-type=\"image\"\/><img decoding=\"async\" style=\"border:0px;margin:0px;margin-bottom:0px;margin-top:0px;margin-left:0px;margin-right:0px;padding:0px;padding-bottom:0px;padding-top:0px;padding-left:0px;padding-right:0px;max-width:100%;box-sizing:border-box\" src=\"https:\/\/ae01.alicdn.com\/kf\/A317b6c9d3b83421e9482cd1ab110604ck.jpg\" slate-data-type=\"image\"\/><img decoding=\"async\" style=\"border:0px;margin:0px;margin-bottom:0px;margin-top:0px;margin-left:0px;margin-right:0px;padding:0px;padding-bottom:0px;padding-top:0px;padding-left:0px;padding-right:0px;max-width:100%;box-sizing:border-box\" src=\"https:\/\/ae01.alicdn.com\/kf\/Acda42ec6a24a4bb9ba6997b3d8d9926fn.jpg\" slate-data-type=\"image\"\/><img decoding=\"async\" style=\"border:0px;margin:0px;margin-bottom:0px;margin-top:0px;margin-left:0px;margin-right:0px;padding:0px;padding-bottom:0px;padding-top:0px;padding-left:0px;padding-right:0px;max-width:100%;box-sizing:border-box\" src=\"https:\/\/ae01.alicdn.com\/kf\/A684404bc598e44d5992d7e7fec2bd671V.jpg\" slate-data-type=\"image\"\/><img decoding=\"async\" style=\"border:0px;margin:0px;margin-bottom:0px;margin-top:0px;margin-left:0px;margin-right:0px;padding:0px;padding-bottom:0px;padding-top:0px;padding-left:0px;padding-right:0px;max-width:100%;box-sizing:border-box\" src=\"https:\/\/ae01.alicdn.com\/kf\/A1994c28b1cc6443f86d58d102e26ca20w.jpg\" slate-data-type=\"image\"\/><img decoding=\"async\" style=\"border:0px;margin:0px;margin-bottom:0px;margin-top:0px;margin-left:0px;margin-right:0px;padding:0px;padding-bottom:0px;padding-top:0px;padding-left:0px;padding-right:0px;max-width:100%;box-sizing:border-box\" src=\"https:\/\/ae01.alicdn.com\/kf\/A49629716aaa042fb9c8c13678e1ee374C.jpg\" slate-data-type=\"image\"\/><img decoding=\"async\" style=\"border:0px;margin:0px;margin-bottom:0px;margin-top:0px;margin-left:0px;margin-right:0px;padding:0px;padding-bottom:0px;padding-top:0px;padding-left:0px;padding-right:0px;max-width:100%;box-sizing:border-box\" src=\"https:\/\/ae01.alicdn.com\/kf\/A4523b77d6f6a420d89d497ff253d96b3Z.jpg\" slate-data-type=\"image\"\/><img decoding=\"async\" style=\"border:0px;margin:0px;margin-bottom:0px;margin-top:0px;margin-left:0px;margin-right:0px;padding:0px;padding-bottom:0px;padding-top:0px;padding-left:0px;padding-right:0px;max-width:100%;box-sizing:border-box\" src=\"https:\/\/ae01.alicdn.com\/kf\/A54b8228b68d148eb815d22aa4994b8b4s.jpg\" slate-data-type=\"image\"\/><\/p>","protected":false},"excerpt":{"rendered":"<p>Hign-concerned Chemical:&nbsp;None CE:&nbsp;Certificate Is Electric:&nbsp;lithium battery Barcode:&nbsp;No Throttle servo:&nbsp;2852 brushless motor Steering servo:&nbsp;19g digital servo (2.2kg. cm) Power:&nbsp;55km\/h State of Assembly:&nbsp;Ready-to-Go Flight Time:&nbsp;\u2265 13 minutes (full speed) Tire Track:&nbsp;188mm Wheelbase:&nbsp;198mm<\/p>","protected":false},"featured_media":25727,"comment_status":"open","ping_status":"closed","template":"","meta":{"_acf_changed":false},"product_brand":[],"product_cat":[519],"product_tag":[],"class_list":{"0":"post-25726","1":"product","2":"type-product","3":"status-publish","4":"has-post-thumbnail","6":"product_cat-rc-cars","8":"first","9":"instock","10":"shipping-taxable","11":"purchasable","12":"product-type-simple"},"acf":[],"_links":{"self":[{"href":"https:\/\/www.electricstore.eu\/lt\/wp-json\/wp\/v2\/product\/25726","targetHints":{"allow":["GET"]}}],"collection":[{"href":"https:\/\/www.electricstore.eu\/lt\/wp-json\/wp\/v2\/product"}],"about":[{"href":"https:\/\/www.electricstore.eu\/lt\/wp-json\/wp\/v2\/types\/product"}],"replies":[{"embeddable":true,"href":"https:\/\/www.electricstore.eu\/lt\/wp-json\/wp\/v2\/comments?post=25726"}],"wp:featuredmedia":[{"embeddable":true,"href":"https:\/\/www.electricstore.eu\/lt\/wp-json\/wp\/v2\/media\/25727"}],"wp:attachment":[{"href":"https:\/\/www.electricstore.eu\/lt\/wp-json\/wp\/v2\/media?parent=25726"}],"wp:term":[{"taxonomy":"product_brand","embeddable":true,"href":"https:\/\/www.electricstore.eu\/lt\/wp-json\/wp\/v2\/product_brand?post=25726"},{"taxonomy":"product_cat","embeddable":true,"href":"https:\/\/www.electricstore.eu\/lt\/wp-json\/wp\/v2\/product_cat?post=25726"},{"taxonomy":"product_tag","embeddable":true,"href":"https:\/\/www.electricstore.eu\/lt\/wp-json\/wp\/v2\/product_tag?post=25726"}],"curies":[{"name":"wp","href":"https:\/\/api.w.org\/{rel}","templated":true}]}}