{"id":25654,"date":"2025-05-20T19:00:27","date_gmt":"2025-05-20T19:00:27","guid":{"rendered":"https:\/\/electricstore.eu\/p\/uncategorized\/wltoys-16101-pro-116-75km-h-4wd-rc-car-with-led-light-2-4g-remote-control-cars-high-speed-drift-monster-truck-for-children-gift\/"},"modified":"2025-05-20T19:05:50","modified_gmt":"2025-05-20T19:05:50","slug":"wltoys-16101-pro-116-75km-h-4wd-rc-car-with-led-light-2-4g-remote-control-cars-high-speed-drift-monster-truck-for-children-gift","status":"publish","type":"product","link":"https:\/\/www.electricstore.eu\/lt\/p\/rc\/rc-cars\/wltoys-16101-pro-116-75km-h-4wd-rc-car-with-led-light-2-4g-remote-control-cars-high-speed-drift-monster-truck-for-children-gift\/","title":{"rendered":"WLtoys 16101 Pro 1:16 75KM\/H 4WD RC automobilis su LED \u0161viesa 2.4G nuotolinio valdymo automobiliai didelio grei\u010dio dreifuojantis monstr\u0173 sunkve\u017eimis vaikams dovana"},"content":{"rendered":"<div class=\"product-specs-list-container\">\n<ul class=\"product-specs-list util-clearfix\">\n<li class=\"product-prop line-limit-length\"><span\n                                        class=\"property-title\">Labai susir\u016bpinim\u0105 kelianti chemin\u0117 med\u017eiaga:&nbsp;<\/span><span\n                                        class=\"property-desc line-limit-length\">N\u0117ra<\/span>\n                            <\/li>\n<li class=\"product-prop line-limit-length\"><span\n                                        class=\"property-title\">Sertifikato numeris:&nbsp;<\/span><span\n                                        class=\"property-desc line-limit-length\">Kaip rodo<\/span>\n                            <\/li>\n<li class=\"product-prop line-limit-length\"><span\n                                        class=\"property-title\">CE:&nbsp;<\/span><span\n                                        class=\"property-desc line-limit-length\">sertifikatas<\/span>\n                            <\/li>\n<li class=\"product-prop line-limit-length\"><span\n                                        class=\"property-title\">Ar elektrinis:&nbsp;<\/span><span\n                                        class=\"property-desc line-limit-length\">li\u010dio baterija<\/span>\n                            <\/li>\n<li class=\"product-prop line-limit-length\"><span\n                                        class=\"property-title\">Br\u016bk\u0161ninis kodas:&nbsp;<\/span><span\n                                        class=\"property-desc line-limit-length\">Ne<\/span>\n                            <\/li>\n<li class=\"product-prop line-limit-length\"><span\n                                        class=\"property-title\">Droselio servo:&nbsp;<\/span><span\n                                        class=\"property-desc line-limit-length\">2840 Be\u0161epetis variklis<\/span>\n                            <\/li>\n<li class=\"product-prop line-limit-length\"><span\n                                        class=\"property-title\">Vairo stiprintuvas:&nbsp;<\/span><span\n                                        class=\"property-desc line-limit-length\">Trij\u0173 laid\u0173 17G skaitmeninis servo<\/span>\n                            <\/li>\n<li class=\"product-prop line-limit-length\"><span\n                                        class=\"property-title\">Galia:&nbsp;<\/span><span\n                                        class=\"property-desc line-limit-length\">70 km\/val.<\/span>\n                            <\/li>\n<li class=\"product-prop line-limit-length\"><span\n                                        class=\"property-title\">Asambl\u0117jos b\u016bsena:&nbsp;<\/span><span\n                                        class=\"property-desc line-limit-length\">Paruo\u0161tas naudoti<\/span>\n                            <\/li>\n<li class=\"product-prop line-limit-length\"><span\n                                        class=\"property-title\">Skryd\u017eio laikas:&nbsp;<\/span><span\n                                        class=\"property-desc line-limit-length\">15\u201318 min.<\/span>\n                            <\/li>\n<li class=\"product-prop line-limit-length\"><span\n                                        class=\"property-title\">Padang\u0173 takelis:&nbsp;<\/span><span\n                                        class=\"property-desc line-limit-length\">188 mm<\/span>\n                            <\/li>\n<li class=\"product-prop line-limit-length\"><span\n                                        class=\"property-title\">Va\u017eiuokl\u0117s baz\u0117:&nbsp;<\/span><span\n                                        class=\"property-desc line-limit-length\">185 mm<\/span>\n                            <\/li>\n<li class=\"product-prop line-limit-length\"><span\n                                        class=\"property-title\">\u012esp\u0117jimas:&nbsp;<\/span><span\n                                        class=\"property-desc line-limit-length\">N\u0117ra<\/span>\n                            <\/li>\n<li class=\"product-prop line-limit-length\"><span\n                                        class=\"property-title\">Nuotolinis atstumas:&nbsp;<\/span><span\n                                        class=\"property-desc line-limit-length\">120 mln.<\/span>\n                            <\/li>\n<li class=\"product-prop line-limit-length\"><span\n                                        class=\"property-title\">Garantija:&nbsp;<\/span><span\n                                        class=\"property-desc line-limit-length\">N\u0117ra<\/span>\n                            <\/li>\n<li class=\"product-prop line-limit-length\"><span\n                                        class=\"property-title\">Mastelis:&nbsp;<\/span><span\n                                        class=\"property-desc line-limit-length\">1:16<\/span>\n                            <\/li>\n<li class=\"product-prop line-limit-length\"><span\n                                        class=\"property-title\">Matmenys:&nbsp;<\/span><span\n                                        class=\"property-desc line-limit-length\">30 * 23 * 11,5 CM<\/span>\n                            <\/li>\n<li class=\"product-prop line-limit-length\"><span\n                                        class=\"property-title\">Sukimo momentas:&nbsp;<\/span><span\n                                        class=\"property-desc line-limit-length\">Kaip rodo<\/span>\n                            <\/li>\n<li class=\"product-prop line-limit-length\"><span\n                                        class=\"property-title\">Modelio numeris:&nbsp;<\/span><span\n                                        class=\"property-desc line-limit-length\">S196<\/span>\n                            <\/li>\n<li class=\"product-prop line-limit-length\"><span\n                                        class=\"property-title\">\u012e komplekt\u0105 \u012feina:&nbsp;<\/span><span\n                                        class=\"property-desc line-limit-length\">Originali d\u0117\u017eut\u0117, baterijos, naudojimo instrukcija, nuotolinio valdymo pultas, USB laidas<\/span>\n                            <\/li>\n<li class=\"product-prop line-limit-length\"><span\n                                        class=\"property-title\">Valdymo kanalai:&nbsp;<\/span><span\n                                        class=\"property-desc line-limit-length\">4 kanalai<\/span>\n                            <\/li>\n<li class=\"product-prop line-limit-length\"><span\n                                        class=\"property-title\">Valdiklio re\u017eimas:&nbsp;<\/span><span\n                                        class=\"property-desc line-limit-length\">RE\u017dIMAS1<\/span>\n                            <\/li>\n<li class=\"product-prop line-limit-length\"><span\n                                        class=\"property-title\">\u012ekrovimo \u012ftampa:&nbsp;<\/span><span\n                                        class=\"property-desc line-limit-length\">7,4 V 1500 mAh<\/span>\n                            <\/li>\n<li class=\"product-prop line-limit-length\"><span\n                                        class=\"property-title\">Nuotolinio valdymo pultas:&nbsp;<\/span><span\n                                        class=\"property-desc line-limit-length\">Taip<\/span>\n                            <\/li>\n<li class=\"product-prop line-limit-length\"><span\n                                        class=\"property-title\">Med\u017eiaga:&nbsp;<\/span><span\n                                        class=\"property-desc line-limit-length\">Metalas, plastikas<\/span>\n                            <\/li>\n<li class=\"product-prop line-limit-length\"><span\n                                        class=\"property-title\">Prek\u0117s \u017eenklas:&nbsp;<\/span><span\n                                        class=\"property-desc line-limit-length\">WDSZKMYF<\/span>\n                            <\/li>\n<li class=\"product-prop line-limit-length\"><span\n                                        class=\"property-title\">Rekomenduojamas am\u017eius:&nbsp;<\/span><span\n                                        class=\"property-desc line-limit-length\">14+ met\u0173<\/span>\n                            <\/li>\n<li class=\"product-prop line-limit-length\"><span\n                                        class=\"property-title\">Kilm\u0117:&nbsp;<\/span><span\n                                        class=\"property-desc line-limit-length\">\u017demynin\u0117 Kinija<\/span>\n                            <\/li>\n<li class=\"product-prop line-limit-length\"><span\n                                        class=\"property-title\">Dizainas:&nbsp;<\/span><span\n                                        class=\"property-desc line-limit-length\">Purvo motociklas<\/span>\n                            <\/li>\n<li class=\"product-prop line-limit-length\"><span\n                                        class=\"property-title\">Tipas:&nbsp;<\/span><span\n                                        class=\"property-desc line-limit-length\">Automobilis<\/span>\n                            <\/li>\n<li class=\"product-prop line-limit-length\"><span\n                                        class=\"property-title\">Savyb\u0117s:&nbsp;<\/span><span\n                                        class=\"property-desc line-limit-length\">NUOTOLINIS VALDYMAS<\/span>\n                            <\/li>\n<\/ul><\/div>\n<div class=\"detailmodule_html\">\n<div class=\"detail-desc-decorate-richtext\">\n<p><span style=\"background-color:rgb(252, 220, 0);color:rgb(244, 78, 59);font-size:18px\">Pastaba:<\/span><\/p>\n<p><span style=\"color:rgb(244, 78, 59);font-size:18px\">1. \u0160is nuotolinio valdymo automobilis skirtas va\u017eiuoti tik dideliu grei\u010diu. Kadangi va\u017eiuojant ma\u017eu grei\u010diu generatorius skleis keist\u0105 gars\u0105, tai yra normalus rei\u0161kinys, o ne gedimas.<\/span><\/p>\n<p><span style=\"color:rgb(244, 78, 59);font-size:18px\">2. Nuotolinio valdymo automobilio korpusas padengtas apsaugine pl\u0117vele. Jei korpusas yra \u012fbr\u0117\u017etas, pl\u0117vel\u0119 galite nupl\u0117\u0161ti.<\/span><\/p>\n<p><span style=\"color:rgb(244, 78, 59);font-size:18px\">3. Mes naudojame originalias spalvotas d\u0117\u017eutes, tod\u0117l transportavimo metu spalvota d\u0117\u017eut\u0117 gali b\u016bti suspausta \u2013 tai normalus rei\u0161kinys. Jei negalite susitaikyti su spalvota d\u0117\u017eute, leiskite man rekomenduoti jums nuorod\u0105, kur galite \u012fsigyti putplas\u010dio d\u0117\u017eut\u0119.<\/span><\/p>\n<p><span style=\"background-color:rgb(255, 255, 255);color:rgb(0, 0, 0);font-size:20px\"><strong>16101PRO RC AUTOMOBILI\u0172 KLAUSIMAI IR ATSAKYMAI<\/strong><\/span><\/p>\n<p style=\"font-family:&quot;Open Sans&quot;, Roboto, Arial, Helvetica, sans-serif, SimSun;font-size:14px;font-weight:400;letter-spacing:normal;line-height:inherit;text-align:start;white-space:normal;color:rgb(34, 34, 34);background-color:rgb(255, 255, 255);margin:0px;margin-bottom:0px;margin-top:0px;margin-left:0px;margin-right:0px;padding:0px;padding-bottom:0px;padding-top:0px;padding-left:0px;padding-right:0px;box-sizing:border-box\" align=\"start\"><span style=\"background-color:rgb(255, 255, 255);color:rgb(0, 0, 0);font-size:16px\">1 klausimas: Kod\u0117l nuotolinio valdymo automobilio padangos yra atviros?<\/span><\/p>\n<p style=\"font-family:&quot;Open Sans&quot;, Roboto, Arial, Helvetica, sans-serif, SimSun;font-size:14px;font-weight:400;letter-spacing:normal;line-height:inherit;text-align:start;white-space:normal;color:rgb(34, 34, 34);background-color:rgb(255, 255, 255);margin:0px;margin-bottom:0px;margin-top:0px;margin-left:0px;margin-right:0px;padding:0px;padding-bottom:0px;padding-top:0px;padding-left:0px;padding-right:0px;box-sizing:border-box\" align=\"start\"><span style=\"background-color:rgb(255, 255, 255);color:rgb(0, 0, 0);font-size:16px\">A: [Specialus dizainas] Pir\u0161t\u0173 sukibimas yra stiprus ir nelengvai slysta, o tai padeda pagerinti k\u0117bulo stabilum\u0105 ir padangos sukibim\u0105 pos\u016bkiuose.<\/span><\/p>\n<p style=\"font-family:&quot;Open Sans&quot;, Roboto, Arial, Helvetica, sans-serif, SimSun;font-size:14px;font-weight:400;letter-spacing:normal;line-height:inherit;text-align:start;white-space:normal;color:rgb(34, 34, 34);background-color:rgb(255, 255, 255);margin:0px;margin-bottom:0px;margin-top:0px;margin-left:0px;margin-right:0px;padding:0px;padding-bottom:0px;padding-top:0px;padding-left:0px;padding-right:0px;box-sizing:border-box\" align=\"start\"><span style=\"background-color:rgb(255, 255, 255);color:rgb(0, 0, 0);font-size:16px\">2 klausimas: Kaip reguliuoti nuotolinio valdymo automobilio padang\u0173 pasvirimo kamp\u0105?<\/span><\/p>\n<p style=\"font-family:&quot;Open Sans&quot;, Roboto, Arial, Helvetica, sans-serif, SimSun;font-size:14px;font-weight:400;letter-spacing:normal;line-height:inherit;text-align:start;white-space:normal;color:rgb(34, 34, 34);background-color:rgb(255, 255, 255);margin:0px;margin-bottom:0px;margin-top:0px;margin-left:0px;margin-right:0px;padding:0px;padding-bottom:0px;padding-top:0px;padding-left:0px;padding-right:0px;box-sizing:border-box\" align=\"start\"><span style=\"background-color:rgb(255, 255, 255);color:rgb(0, 0, 0);font-size:16px\">A: J\u012f galima reguliuoti nuotolinio valdymo pulto tikslaus reguliavimo ir droselio tikslaus reguliavimo mygtukais.<\/span><\/p>\n<p style=\"font-family:&quot;Open Sans&quot;, Roboto, Arial, Helvetica, sans-serif, SimSun;font-size:14px;font-weight:400;letter-spacing:normal;line-height:inherit;text-align:start;white-space:normal;color:rgb(34, 34, 34);background-color:rgb(255, 255, 255);margin:0px;margin-bottom:0px;margin-top:0px;margin-left:0px;margin-right:0px;padding:0px;padding-bottom:0px;padding-top:0px;padding-left:0px;padding-right:0px;box-sizing:border-box\" align=\"start\"><span style=\"background-color:rgb(255, 255, 255);color:rgb(0, 0, 0);font-size:16px\">3 klausimas: K\u0105 daryti, jei nerandu savo pried\u0173?<\/span><\/p>\n<p style=\"font-family:&quot;Open Sans&quot;, Roboto, Arial, Helvetica, sans-serif, SimSun;font-size:14px;font-weight:400;letter-spacing:normal;line-height:inherit;text-align:start;white-space:normal;color:rgb(34, 34, 34);background-color:rgb(255, 255, 255);margin:0px;margin-bottom:0px;margin-top:0px;margin-left:0px;margin-right:0px;padding:0px;padding-bottom:0px;padding-top:0px;padding-left:0px;padding-right:0px;box-sizing:border-box\" align=\"start\"><span style=\"background-color:rgb(255, 255, 255);color:rgb(0, 0, 0);font-size:16px\">A: Pirmiausia atid\u017eiai patikrinkite pakuot\u0119; jei jos nerandate, pad\u0117kite mums sukurti piln\u0105 i\u0161pakavimo vaizdo \u012fra\u0161\u0105, ir mes patikrinsime \u0161i\u0105 problem\u0105 savo sand\u0117lyje bei pateiksime atitinkam\u0105 sprendim\u0105.<\/span><\/p>\n<p style=\"font-family:&quot;Open Sans&quot;, Roboto, Arial, Helvetica, sans-serif, SimSun;font-size:14px;font-weight:400;letter-spacing:normal;line-height:inherit;text-align:start;white-space:normal;color:rgb(34, 34, 34);background-color:rgb(255, 255, 255);margin:0px;margin-bottom:0px;margin-top:0px;margin-left:0px;margin-right:0px;padding:0px;padding-bottom:0px;padding-top:0px;padding-left:0px;padding-right:0px;box-sizing:border-box\" align=\"start\"><span style=\"background-color:rgb(255, 255, 255);color:rgb(0, 0, 0);font-size:16px\">4 klausimas: K\u0105 daryti, jei nuotolinio valdymo pulto nepavyksta prijungti prie nuotolinio valdymo pulto?<\/span><\/p>\n<p style=\"font-family:&quot;Open Sans&quot;, Roboto, Arial, Helvetica, sans-serif, SimSun;font-size:14px;font-weight:400;letter-spacing:normal;line-height:inherit;text-align:start;white-space:normal;color:rgb(34, 34, 34);background-color:rgb(255, 255, 255);margin:0px;margin-bottom:0px;margin-top:0px;margin-left:0px;margin-right:0px;padding:0px;padding-bottom:0px;padding-top:0px;padding-left:0px;padding-right:0px;box-sizing:border-box\" align=\"start\"><span style=\"background-color:rgb(255, 255, 255);color:rgb(0, 0, 0);font-size:16px\">A: \u012esitikinkite, kad baterija visi\u0161kai \u012fkrauta. Tada rankiniu b\u016bdu suporuokite \u017eaislin\u012f automobil\u012f ir nuotolinio valdymo pult\u0105. I\u0161samesn\u0117s informacijos apie \u017eaislinio automobilio suporavim\u0105 galite rasti naudotojo vadove. Galite patikrinti pagrindin\u0117s plok\u0161t\u0117s \u012ftamp\u0105, kad gal\u0117tum\u0117te i\u0161analizuoti problem\u0105.<\/span><\/p>\n<p style=\"font-family:&quot;Open Sans&quot;, Roboto, Arial, Helvetica, sans-serif, SimSun;font-size:14px;font-weight:400;letter-spacing:normal;line-height:inherit;text-align:start;white-space:normal;color:rgb(34, 34, 34);background-color:rgb(255, 255, 255);margin:0px;margin-bottom:0px;margin-top:0px;margin-left:0px;margin-right:0px;padding:0px;padding-bottom:0px;padding-top:0px;padding-left:0px;padding-right:0px;box-sizing:border-box\" align=\"start\"><span style=\"background-color:rgb(255, 255, 255);color:rgb(0, 0, 0);font-size:16px\">5 klausimas: K\u0105 daryti, kai \u017eaislinis automobilis gali suktis, bet negali jud\u0117ti pirmyn ar atgal, prijungus nuotolinio valdymo pult\u0105 prie nuotolinio valdymo pulto?<\/span><\/p>\n<p style=\"font-family:&quot;Open Sans&quot;, Roboto, Arial, Helvetica, sans-serif, SimSun;font-size:14px;font-weight:400;letter-spacing:normal;line-height:inherit;text-align:start;white-space:normal;color:rgb(34, 34, 34);background-color:rgb(255, 255, 255);margin:0px;margin-bottom:0px;margin-top:0px;margin-left:0px;margin-right:0px;padding:0px;padding-bottom:0px;padding-top:0px;padding-left:0px;padding-right:0px;box-sizing:border-box\" align=\"start\"><span style=\"background-color:rgb(255, 255, 255);color:rgb(0, 0, 0);font-size:16px\">A: Pirmiausia patikrinkite, ar akumuliatorius yra visi\u0161kai \u012fkrautas, tada patikrinkite pagrindin\u0117s plok\u0161t\u0117s ir variklio \u012ftamp\u0105, kad gal\u0117tum\u0117te i\u0161analizuoti problem\u0105.<\/span><\/p>\n<div><span style=\"background-color:rgb(255, 255, 255);color:rgb(34, 34, 34);font-size:20px;font-family:&quot;Open Sans&quot;, Roboto, Arial, Helvetica, sans-serif, SimSun\"><strong>SCY 16101PRO 16102PRO 16103PRO 1:16 70KM\/H 4WD RC automobilis su LED \u017eibintais, nuotolinio valdymo pultas, didelio grei\u010dio dreifuojantis monstr\u0173 sunkve\u017eimis vaikams prie\u0161 Wltoys 144001 \u017eaislus<\/strong><\/span><\/div>\n<p><strong>Naudojant baterij\u0105, atkreipkite d\u0117mes\u012f:<\/strong><\/p>\n<p>1. Kai akumuliatorius i\u0161sikrauna, j\u012f reikia laiku \u012fkrauti, kad b\u016bt\u0173 u\u017etikrintas akumuliatoriaus energijos perteklius. Jei akumuliatorius visi\u0161kai i\u0161sikrov\u0119s, jo \u012fkrauti nepavyks.<\/p>\n<p>2. \u012ekraudami baterij\u0105, atjunkite jungt\u012f nuo nuotolinio valdymo automobilio. B\u016btinai i\u0161imkite baterij\u0105, kad j\u0105 \u012fkrautum\u0117te atskirai.<\/p>\n<p>3. Jei nenaudojate nuotolinio valdymo automobilio, atjunkite baterij\u0105 nuo nuotolinio valdymo automobilio laido, jokiu b\u016bdu nejunkite ir visi\u0161kai \u012fkraukite baterij\u0105, kitaip ji bus pa\u017eeista.<\/p>\n<p><strong>Savyb\u0117s:<\/strong><\/p>\n<ol>\n<li>\n<p>Modeliavimo konstrukcijos projektavimo panaudojimas, atsi\u017evelgiant \u012f tikr\u0105 automobilio valdymo poj\u016bt\u012f, siekiant visapusi\u0161ko bepakopio grei\u010dio, va\u017eiavimo dideliu grei\u010diu, greito pagrei\u010dio, l\u0117t\u0117jimo, stabdymo, va\u017eiavimo atbuline eiga, pos\u016bkio \u012f kair\u0119, pos\u016bkio \u012f de\u0161in\u0119.<\/p>\n<\/li>\n<li>\n<p>Taikomos vietos: lyguma, sm\u0117lis, purvas, \u017eol\u0117.<\/p>\n<\/li>\n<li>\n<p>4WD pavara: priekin\u0117 ir galin\u0117 vertikalios spyruokl\u0117s, dvigub\u0173 svir\u010di\u0173 nepriklausoma pakabos sistema.<\/p>\n<\/li>\n<li>\n<p>2.4G pilnai proporcinga sinchronizuota nuotolinio valdymo sistema. Pilnai proporcingas droselis\/vairavimas.<\/p>\n<\/li>\n<li>\n<p>Metalinis diferencialas, metalinis diferencialo puodelis, miltelin\u0117 planetin\u0117 pavara, miltelin\u0117 aktyvioji pavara, miltelin\u0117 pagrindin\u0117 pavara.<\/p>\n<\/li>\n<li>\n<p>Metalinis CVD priekinis kardaninis velenas, metalinis galinis velenas, metaliniai ratlanki\u0173 gaubtai.<\/p>\n<\/li>\n<li>\n<p>Trij\u0173 laid\u0173 17G skaitmeninis servo.<\/p>\n<\/li>\n<li>\n<p>7,4 V, 18650\u20131500 mAh li\u010dio jon\u0173 akumuliatorius (T ki\u0161tukas), i\u0161krovos daugiklis 15C.<\/p>\n<\/li>\n<li>\n<p>Nauja nuotolinio valdymo pulto funkcija: vairo garsumo dyd\u017eio reguliavimas.<\/p>\n<\/li>\n<li>\n<p>16 rutulini\u0173 guoli\u0173 visai transporto priemonei.<\/p>\n<\/li>\n<li>\n<p>Metalin\u0117 antro auk\u0161to plok\u0161t\u0117, metalinis priekin\u0117s ir galin\u0117s svirties kodas, metalinis vidurinis varantysis velenas.<\/p>\n<\/li>\n<li>\n<p>Automobilio korpusas pagamintas i\u0161 didelio atsparumo sprogimui atsparaus PVC korpuso.<\/p>\n<\/li>\n<li>\n<p>\u012erengti LED priekiniai \u017eibintai; (trys re\u017eimai: nuolatinis ap\u0161vietimas, l\u0117tas mirks\u0117jimas, greitas mirks\u0117jimas)<\/p>\n<\/li>\n<li>\n<p>\u012erengtas vairas su projekcija \u012f vir\u0161\u0173.<\/p>\n<\/li>\n<li>\n<p>Didel\u0117s kojos padang\u0173 imitacija, stiprus sukibimas<\/p>\n<\/li>\n<\/ol>\n<p><strong>Apra\u0161ymas:<\/strong><\/p>\n<p><span style=\"background-color:rgb(255, 255, 255);color:rgb(34, 34, 34);font-size:14px;font-family:&quot;Open Sans&quot;, Roboto, Arial, Helvetica, sans-serif, SimSun\">Ltem pavadinimas:16101PRO,16102PRO,16103PRO<\/span><\/p>\n<p>100% visi\u0161kai naujas, auk\u0161tos kokyb\u0117s.<\/p>\n<p>1:16 Sunkve\u017eimio dydis: 30 * 23 * 11,5 cm<\/p>\n<p>\u017daidimo laikas: 15\u201318 min. (Nuolatinis veikimas visu grei\u010diu)<\/p>\n<p>\u012ekrovimo laikas: 3\u20133,5 valandos<\/p>\n<p>Valdymo diapazonas: 120 m<\/p>\n<p>Automobilio akumuliatorius pridedamas<\/p>\n<p>Nuotolinio valdymo pultas: 3 * AA baterijos (nepridedamos)<\/p>\n<p><span style=\"color:rgb(244, 78, 59)\"><strong>Pastaba:<\/strong><\/span><\/p>\n<p><strong><span style=\"color:rgb(244, 78, 59)\">1: Apsauga nuo \u012fkrovimo: pastovi srov\u0117 ir pastovi \u012ftampa subalansuotas \u012fkrovimas, apsaugos funkcija nuo akumuliatoriaus perkrovos ir vir\u0161srov\u0117s.<\/span><\/strong><\/p>\n<p><strong><span style=\"color:rgb(244, 78, 59)\">2: Variklio apsauga nuo u\u017estrigimo: perkrovos metu variklis nustoja veikti.<\/span><\/strong><\/p>\n<p><strong><span style=\"color:rgb(244, 78, 59)\">3: Apsauga nuo auk\u0161tos temperat\u016bros: kai darbin\u0117 temperat\u016bra vir\u0161ija nustatyt\u0105j\u0105, pavaros valdymo grandin\u0117 nustoja veikti ir v\u0117l pradeda veikti, kai temperat\u016bra nukrenta iki saugios vert\u0117s.<\/span><\/strong><\/p>\n<p><strong><span style=\"color:rgb(244, 78, 59)\">4: ESC \u017eemos \u012ftampos i\u0161jungimo funkcija, kai akumuliatoriaus \u012ftampa yra ma\u017eesn\u0117 nei 6,3\u20136,4 V, automatinis i\u0161sijungimas, siekiant i\u0161vengti akumuliatoriaus pa\u017eeidimo per didel\u012f i\u0161sikrovim\u0105<\/span><\/strong><span style=\"color:rgb(244, 78, 59)\">.<\/span><img decoding=\"async\" src=\"https:\/\/ae01.alicdn.com\/kf\/Sdd01a7240c584b16b1a8a122c3c835ae2.jpg?width=1000&amp;height=5215&amp;hash=6215\" slate-data-type=\"image\"\/><\/p>\n<p><img decoding=\"async\" src=\"https:\/\/ae01.alicdn.com\/kf\/Sdedb2089b3ea41abb30373347f69d567d.jpg?width=1000&amp;height=6204&amp;hash=7204\" slate-data-type=\"image\"\/><img decoding=\"async\" src=\"https:\/\/ae01.alicdn.com\/kf\/Sf42b7fff22fb4dfea370c9431c033a0ex.jpg?width=1000&amp;height=5161&amp;hash=6161\" slate-data-type=\"image\"\/><\/p>\n<div>\n<\/div>\n<div><\/div>\n<\/div>\n<\/div>\n<p><\/p>","protected":false},"excerpt":{"rendered":"<p>Hign-concerned Chemical:&nbsp;None Certificate Number:&nbsp;As Show CE:&nbsp;Certificate Is Electric:&nbsp;lithium battery Barcode:&nbsp;No Throttle servo:&nbsp;2840 Brushless motor Steering servo:&nbsp;Three-wire 17G digital servo Power:&nbsp;70 km\/h State of Assembly:&nbsp;Ready-to-Go Flight Time:&nbsp;15-18 min Tire Track:&nbsp;188mm Wheelbase:&nbsp;185<\/p>","protected":false},"featured_media":25655,"comment_status":"open","ping_status":"closed","template":"","meta":{"_acf_changed":false},"product_brand":[],"product_cat":[519],"product_tag":[],"class_list":{"0":"post-25654","1":"product","2":"type-product","3":"status-publish","4":"has-post-thumbnail","6":"product_cat-rc-cars","8":"first","9":"instock","10":"shipping-taxable","11":"purchasable","12":"product-type-variable"},"acf":[],"_links":{"self":[{"href":"https:\/\/www.electricstore.eu\/lt\/wp-json\/wp\/v2\/product\/25654","targetHints":{"allow":["GET"]}}],"collection":[{"href":"https:\/\/www.electricstore.eu\/lt\/wp-json\/wp\/v2\/product"}],"about":[{"href":"https:\/\/www.electricstore.eu\/lt\/wp-json\/wp\/v2\/types\/product"}],"replies":[{"embeddable":true,"href":"https:\/\/www.electricstore.eu\/lt\/wp-json\/wp\/v2\/comments?post=25654"}],"wp:featuredmedia":[{"embeddable":true,"href":"https:\/\/www.electricstore.eu\/lt\/wp-json\/wp\/v2\/media\/25655"}],"wp:attachment":[{"href":"https:\/\/www.electricstore.eu\/lt\/wp-json\/wp\/v2\/media?parent=25654"}],"wp:term":[{"taxonomy":"product_brand","embeddable":true,"href":"https:\/\/www.electricstore.eu\/lt\/wp-json\/wp\/v2\/product_brand?post=25654"},{"taxonomy":"product_cat","embeddable":true,"href":"https:\/\/www.electricstore.eu\/lt\/wp-json\/wp\/v2\/product_cat?post=25654"},{"taxonomy":"product_tag","embeddable":true,"href":"https:\/\/www.electricstore.eu\/lt\/wp-json\/wp\/v2\/product_tag?post=25654"}],"curies":[{"name":"wp","href":"https:\/\/api.w.org\/{rel}","templated":true}]}}