{"id":25602,"date":"2025-05-20T19:00:09","date_gmt":"2025-05-20T19:00:09","guid":{"rendered":"https:\/\/electricstore.eu\/p\/uncategorized\/vevor-amphibious-rc-car-boat-2-4ghz-12-km-h-electric-remote-control-360-rotating-stunt-car-water-beach-pool-toys-boys-gifts\/"},"modified":"2025-05-20T19:05:06","modified_gmt":"2025-05-20T19:05:06","slug":"vevor-amphibious-rc-car-boat-2-4ghz-12-km-h-electric-remote-control-360-rotating-stunt-car-water-beach-pool-toys-boys-gifts","status":"publish","type":"product","link":"https:\/\/www.electricstore.eu\/lt\/p\/rc\/rc-cars\/vevor-amphibious-rc-car-boat-2-4ghz-12-km-h-electric-remote-control-360-rotating-stunt-car-water-beach-pool-toys-boys-gifts\/","title":{"rendered":"VEVOR amfibinis RC automobilis-valtis 2.4GHz 12 km\/h elektrinis nuotolinio valdymo pultas 360\u00b0 besisukantis kaskadinis automobilis vandens papl\u016bdimys baseinas \u017eaislai berniukams dovanos"},"content":{"rendered":"<div class=\"product-specs-list-container\">\n<ul class=\"product-specs-list util-clearfix\">\n<li class=\"product-prop line-limit-length\"><span\n                                        class=\"property-title\">Labai susir\u016bpinim\u0105 kelianti chemin\u0117 med\u017eiaga:&nbsp;<\/span><span\n                                        class=\"property-desc line-limit-length\">N\u0117ra<\/span>\n                            <\/li>\n<li class=\"product-prop line-limit-length\"><span\n                                        class=\"property-title\">Ar elektrinis:&nbsp;<\/span><span\n                                        class=\"property-desc line-limit-length\">N\u0117ra baterijos<\/span>\n                            <\/li>\n<li class=\"product-prop line-limit-length\"><span\n                                        class=\"property-title\">Br\u016bk\u0161ninis kodas:&nbsp;<\/span><span\n                                        class=\"property-desc line-limit-length\">Ne<\/span>\n                            <\/li>\n<li class=\"product-prop line-limit-length\"><span\n                                        class=\"property-title\">Maitinimo \u0161altinis:&nbsp;<\/span><span\n                                        class=\"property-desc line-limit-length\">Elektrinis<\/span>\n                            <\/li>\n<li class=\"product-prop line-limit-length\"><span\n                                        class=\"property-title\">Modelio numeris:&nbsp;<\/span><span\n                                        class=\"property-desc line-limit-length\">666-802<\/span>\n                            <\/li>\n<li class=\"product-prop line-limit-length\"><span\n                                        class=\"property-title\">Skryd\u017eio laikas:&nbsp;<\/span><span\n                                        class=\"property-desc line-limit-length\">20 min.<\/span>\n                            <\/li>\n<li class=\"product-prop line-limit-length\"><span\n                                        class=\"property-title\">Nuotolinis atstumas:&nbsp;<\/span><span\n                                        class=\"property-desc line-limit-length\">131 p\u0117da \/ 40 m<\/span>\n                            <\/li>\n<li class=\"product-prop line-limit-length\"><span\n                                        class=\"property-title\">Matmenys:&nbsp;<\/span><span\n                                        class=\"property-desc line-limit-length\">5,91 x 6,10 x 2,95 col. \/ 150 x 155 x 75 mm<\/span>\n                            <\/li>\n<li class=\"product-prop line-limit-length\"><span\n                                        class=\"property-title\">Maksimalus greitis:&nbsp;<\/span><span\n                                        class=\"property-desc line-limit-length\">12 km\/val.<\/span>\n                            <\/li>\n<li class=\"product-prop line-limit-length\"><span\n                                        class=\"property-title\">Asambl\u0117jos b\u016bsena:&nbsp;<\/span><span\n                                        class=\"property-desc line-limit-length\">Paruo\u0161tas naudoti<\/span>\n                            <\/li>\n<li class=\"product-prop line-limit-length\"><span\n                                        class=\"property-title\">Nuotolinio valdymo pultas:&nbsp;<\/span><span\n                                        class=\"property-desc line-limit-length\">Taip<\/span>\n                            <\/li>\n<li class=\"product-prop line-limit-length\"><span\n                                        class=\"property-title\">Med\u017eiaga:&nbsp;<\/span><span\n                                        class=\"property-desc line-limit-length\">Plastikas<\/span>\n                            <\/li>\n<li class=\"product-prop line-limit-length\"><span\n                                        class=\"property-title\">Rekomenduojamas am\u017eius:&nbsp;<\/span><span\n                                        class=\"property-desc line-limit-length\">6\u201312 met\u0173<\/span>\n                            <\/li>\n<li class=\"product-prop line-limit-length\"><span\n                                        class=\"property-title\">Kilm\u0117:&nbsp;<\/span><span\n                                        class=\"property-desc line-limit-length\">\u017demynin\u0117 Kinija<\/span>\n                            <\/li>\n<li class=\"product-prop line-limit-length\"><span\n                                        class=\"property-title\">Tipas:&nbsp;<\/span><span\n                                        class=\"property-desc line-limit-length\">Valtis ir laivas<\/span>\n                            <\/li>\n<li class=\"product-prop line-limit-length\"><span\n                                        class=\"property-title\">Savyb\u0117s:&nbsp;<\/span><span\n                                        class=\"property-desc line-limit-length\">NUOTOLINIS VALDYMAS<\/span>\n                            <\/li>\n<\/ul><\/div>\n<div class=\"detailmodule_html\">\n<div class=\"detail-desc-decorate-richtext\">\n<p><\/p>\n<div style=\"font-family:&quot;Open sans&quot;, Arial, Helvetica, sans-serif\">\n<div>\n  <img decoding=\"async\" style=\"width:100%\" width=\"100%\" src=\"https:\/\/d2qc09rl1gfuof.cloudfront.net\/vevor\/boutique-banner\/pc\/banner-en.jpg\" slate-data-type=\"image\" \/>\n <\/div>\n<div>\n<div style=\"font-size:16px;font-weight:bold;text-align:center;color:rgb(34, 34, 34);margin:24px 0px;margin-bottom:24px;margin-top:24px;margin-left:0px;margin-right:0px\" align=\"center\">\n   Plauk bangomis, valdyk \u017eem\u0119 \u2013 VEVOR RC laivo pramogos\n  <\/div>\n<div>\n   <img decoding=\"async\" style=\"width:100%\" width=\"100%\" src=\"https:\/\/d2qc09rl1gfuof.cloudfront.net\/product\/SLLQYKCQC1JZAI7C8\/rc-boat-a100-1.4.jpg\" slate-data-type=\"image\" \/>\n  <\/div>\n<div style=\"font-size:14px;text-align:center;color:rgb(34, 34, 34);margin:16px 0px 24px;margin-bottom:24px;margin-top:16px;margin-left:0px;margin-right:0px\" align=\"center\">\n   I\u0161bandykite smagius apsivertimus, sukimus ir \u012fvairius triukus tiek vandenyje, tiek sausumoje! \u0160is amfibinis nuotoliniu b\u016bdu valdomas automobilis-valtis yra kupinas \u012fdomi\u0173 funkcij\u0173, kurios kiekvien\u0105 akimirk\u0105 paver\u010dia veiksmo kupina.\n  <\/div><\/div>\n<div>\n<div style=\"margin:8px 0px;margin-bottom:8px;margin-top:8px;margin-left:0px;margin-right:0px\">\n   <img decoding=\"async\" style=\"width:100%\" width=\"100%\" src=\"https:\/\/d2qc09rl1gfuof.cloudfront.net\/product\/SLLQYKCQC1JZAI7C8\/rc-boat-a100-2.2.jpg\" slate-data-type=\"image\" \/>\n  <\/div>\n<div style=\"font-size:14px;text-align:center;color:rgb(34, 34, 34);margin:16px 0px 24px;margin-bottom:24px;margin-top:16px;margin-left:0px;margin-right:0px\" align=\"center\">\n   Keturi\u0173 varan\u010di\u0173j\u0173 rat\u0173 sistema suteikia \u0161iam amfibiniam triuk\u0173 automobiliui gali\u0105, stabilum\u0105 ir valdym\u0105, reikaling\u0105 lenktyn\u0117ms ir dreifavimui. Greitis iki 12 km\/h rei\u0161kia, kad j\u016bs\u0173 \u017eaidimas taps dar smagesnis ir jaudinantis.\n  <\/div><\/div>\n<div>\n<div style=\"margin:8px 0px;margin-bottom:8px;margin-top:8px;margin-left:0px;margin-right:0px\">\n   <img decoding=\"async\" style=\"width:100%\" width=\"100%\" src=\"https:\/\/d2qc09rl1gfuof.cloudfront.net\/product\/SLLQYKCQC1JZAI7C8\/rc-boat-a100-2.3.jpg\" slate-data-type=\"image\" \/>\n  <\/div>\n<div style=\"font-size:14px;text-align:center;color:rgb(34, 34, 34);margin:16px 0px 24px;margin-bottom:24px;margin-top:16px;margin-left:0px;margin-right:0px\" align=\"center\">\n   Pagamintas i\u0161 patvarios ABS med\u017eiagos ir visi\u0161kai atsparus vandeniui, \u0161is amfibinis automobilis yra pasiruo\u0161\u0119s bet kokiam i\u0161\u0161\u016bkiui, nesvarbu, ar \u017eaid\u017eiate vandenyje, ar sausumoje. Jis sukurtas taip, kad nenustot\u0173 va\u017eiuoti, kad ir kas jam kli\u016bt\u0173.\n  <\/div><\/div>\n<div>\n<div style=\"margin:8px 0px;margin-bottom:8px;margin-top:8px;margin-left:0px;margin-right:0px\">\n   <img decoding=\"async\" style=\"width:100%\" width=\"100%\" src=\"https:\/\/d2qc09rl1gfuof.cloudfront.net\/product\/SLLQYKCQC1JZAI7C8\/rc-boat-a100-2.4.jpg\" slate-data-type=\"image\" \/>\n  <\/div>\n<div style=\"font-size:14px;text-align:center;color:rgb(34, 34, 34);margin:16px 0px 24px;margin-bottom:24px;margin-top:16px;margin-left:0px;margin-right:0px\" align=\"center\">\n   D\u0117l 2.4G technologijos \u0161\u012f akrobatin\u012f automobil\u012f galite valdyti iki 40 m atstumu. Stiprus apsaugos nuo trukd\u017ei\u0173 signalas rei\u0161kia, kad galite lenktyniauti ir dreifuoti su draugais be joki\u0173 problem\u0173, tod\u0117l smagumas tampa dar didesnis.\n  <\/div><\/div>\n<div>\n<div style=\"margin:8px 0px;margin-bottom:8px;margin-top:8px;margin-left:0px;margin-right:0px\">\n   <img decoding=\"async\" style=\"width:100%\" width=\"100%\" src=\"https:\/\/d2qc09rl1gfuof.cloudfront.net\/product\/SLLQYKCQC1JZAI7C8\/rc-boat-a100-2.5.jpg\" slate-data-type=\"image\" \/>\n  <\/div>\n<div style=\"font-size:14px;text-align:center;color:rgb(34, 34, 34);margin:16px 0px 24px;margin-bottom:24px;margin-top:16px;margin-left:0px;margin-right:0px\" align=\"center\">\n   Su USB \u012fkrovimu ir dviej\u0173 baterij\u0173 sistema, \u0161is nuotoliniu b\u016bdu valdomas automobilis-valtis u\u017etikrina daugiau nei 40 minu\u010di\u0173 \u017eaidimo laiko. Pasiimkite i\u0161orin\u0119 baterij\u0105, kad gal\u0117tum\u0117te nesibaigti linksmyb\u0117mis lauko nuotyki\u0173 metu.\n  <\/div><\/div>\n<div style=\"margin:16px 0px 24px;margin-bottom:24px;margin-top:16px;margin-left:0px;margin-right:0px\"><\/div>\n<div style=\"margin:24px 0px;margin-bottom:24px;margin-top:24px;margin-left:0px;margin-right:0px\">\n<div style=\"font-size:16px;font-weight:bold;color:rgb(34, 34, 34);margin:24px 0px 16px;margin-bottom:16px;margin-top:24px;margin-left:0px;margin-right:0px\">\n   Savyb\u0117s ir informacija\n  <\/div>\n<ul style=\"margin:16px 0px 24px;margin-bottom:24px;margin-top:16px;margin-left:0px;margin-right:0px\">\n<li style=\"font-size:14px;color:rgb(34, 34, 34)\">\n<p>\u0160aun\u016bs triukai: pasiruo\u0161kite veiksmui su nuostabiais 180\u00b0 apsivertimais ir 360\u00b0 apsisukimais! \u0160is amfibinis nuotoliniu b\u016bdu valdomas automobilis-valtis suteikia \u012fdomi\u0173 triuk\u0173 ir jaudinan\u010dios vairavimo patirties, nesvarbu, ar plaukiate sausuma, ar sklend\u017eiate vandeniu.<\/p>\n<\/li>\n<li style=\"font-size:14px;color:rgb(34, 34, 34)\">\n<p>Greiti slydimai: Pasiekite iki 12 km\/h greit\u012f ir galing\u0105 va\u017eiavim\u0105. \u0160is amfibinis triuk\u0173 automobilis skland\u017eiai slysta visomis kryptimis, suteikdamas vaikams smag\u0173 ir \u012ftraukiant\u012f b\u016bd\u0105 m\u0117gautis grei\u010diu, kartu lavindamas koordinacij\u0105 ir m\u0105stymo \u012fg\u016bd\u017eius.<\/p>\n<\/li>\n<li style=\"font-size:14px;color:rgb(34, 34, 34)\">\n<p>Nuotykiai visomis vietov\u0117mis: pagamintas i\u0161 tvirtos ABS med\u017eiagos, \u0161is amfibinis automobilis gali atlaikyti nelygumus ir grub\u0173 \u017eaidim\u0105. D\u0117l vandeniui atsparaus dizaino jis lengvai va\u017eiuoja sm\u0117liu, e\u017eerais, baseinais ir \u017eole, tod\u0117l kiekvienas nuotykis tampa \u012fdomus ir be kli\u016b\u010di\u0173.<\/p>\n<\/li>\n<li style=\"font-size:14px;color:rgb(34, 34, 34)\">\n<p>2.4G nuotolinio valdymo pultas: valdykite veiksm\u0105 iki 40 m atstumu naudodami nuotolinio valdymo pult\u0105, kuris puikiai tinka keliems \u017eaid\u0117jams. Puikiai tinka pramogoms solo ar draugi\u0161koms lenktyn\u0117ms, kaskadinis automobilis palaiko jaudul\u012f be trukd\u017ei\u0173, tod\u0117l tai puiki dovana nesibaigian\u010diam malonumui ir draugystei.<\/p>\n<\/li>\n<li style=\"font-size:14px;color:rgb(34, 34, 34)\">\n<p>Ilgesnis \u017eaidimo laikas: M\u0117gaukit\u0117s iki 40 minu\u010di\u0173 \u017eaidimo su 500 mAh dviej\u0173 baterij\u0173 sistema ir USB \u012fkrovimu. RC automobilio-valtel\u0117s apsauga nuo perkrovimo ir per didelio i\u0161sikrovimo u\u017etikrina saug\u0173 naudojim\u0105. Puikiai tinka pramogoms lauke \u2013 tereikia pasiimkite i\u0161orin\u0119 baterij\u0105, kad nuotykiai t\u0119st\u0173si vis\u0105 dien\u0105!<\/p>\n<\/li>\n<\/ul><\/div>\n<div>\n<div>\n<div style=\"margin:16px 0px 24px;margin-bottom:24px;margin-top:16px;margin-left:0px;margin-right:0px\">\n    <img decoding=\"async\" style=\"width:100%\" width=\"100%\" src=\"https:\/\/d2qc09rl1gfuof.cloudfront.net\/product\/SLLQYKCQC1JZAI7C8\/rc-boat-a100-1.11.jpg\" slate-data-type=\"image\" \/>\n   <\/div><\/div><\/div>\n<\/div>\n<p><\/p>\n<\/div>\n<\/div>","protected":false},"excerpt":{"rendered":"<p>Hign-concerned Chemical:&nbsp;None Is Electric:&nbsp;No battery Barcode:&nbsp;No Power Source:&nbsp;Electric Model Number:&nbsp;666-802 Flight Time:&nbsp;20min Remote Distance:&nbsp;131 ft\/40 m Dimensions:&nbsp;5.91 x 6.10 x 2.95 in\/150 x 155 x 75 mm Max Speed:&nbsp;12 km\/h<\/p>","protected":false},"featured_media":25603,"comment_status":"open","ping_status":"closed","template":"","meta":{"_acf_changed":false},"product_brand":[],"product_cat":[519],"product_tag":[],"class_list":{"0":"post-25602","1":"product","2":"type-product","3":"status-publish","4":"has-post-thumbnail","6":"product_cat-rc-cars","8":"first","9":"instock","10":"shipping-taxable","11":"purchasable","12":"product-type-variable"},"acf":[],"_links":{"self":[{"href":"https:\/\/www.electricstore.eu\/lt\/wp-json\/wp\/v2\/product\/25602","targetHints":{"allow":["GET"]}}],"collection":[{"href":"https:\/\/www.electricstore.eu\/lt\/wp-json\/wp\/v2\/product"}],"about":[{"href":"https:\/\/www.electricstore.eu\/lt\/wp-json\/wp\/v2\/types\/product"}],"replies":[{"embeddable":true,"href":"https:\/\/www.electricstore.eu\/lt\/wp-json\/wp\/v2\/comments?post=25602"}],"wp:featuredmedia":[{"embeddable":true,"href":"https:\/\/www.electricstore.eu\/lt\/wp-json\/wp\/v2\/media\/25603"}],"wp:attachment":[{"href":"https:\/\/www.electricstore.eu\/lt\/wp-json\/wp\/v2\/media?parent=25602"}],"wp:term":[{"taxonomy":"product_brand","embeddable":true,"href":"https:\/\/www.electricstore.eu\/lt\/wp-json\/wp\/v2\/product_brand?post=25602"},{"taxonomy":"product_cat","embeddable":true,"href":"https:\/\/www.electricstore.eu\/lt\/wp-json\/wp\/v2\/product_cat?post=25602"},{"taxonomy":"product_tag","embeddable":true,"href":"https:\/\/www.electricstore.eu\/lt\/wp-json\/wp\/v2\/product_tag?post=25602"}],"curies":[{"name":"wp","href":"https:\/\/api.w.org\/{rel}","templated":true}]}}