{"id":25575,"date":"2025-05-20T19:00:04","date_gmt":"2025-05-20T19:00:04","guid":{"rendered":"https:\/\/electricstore.eu\/p\/uncategorized\/vevor-motorcycle-helmet-full-face-smart-street-abshigh-density-helmet-with-bluetooth-slotinterchangeable-lens-fit-for-adults\/"},"modified":"2025-05-20T19:04:45","modified_gmt":"2025-05-20T19:04:45","slug":"vevor-motorcycle-helmet-full-face-smart-street-abshigh-density-helmet-with-bluetooth-slotinterchangeable-lens-fit-for-adults","status":"publish","type":"product","link":"https:\/\/www.electricstore.eu\/lt\/p\/a\/helmets\/vevor-motorcycle-helmet-full-face-smart-street-abshigh-density-helmet-with-bluetooth-slotinterchangeable-lens-fit-for-adults\/","title":{"rendered":"VEVOR motociklo \u0161almas, u\u017edaras, i\u0161manusis gatv\u0117s ABS ir didelio tankio \u0161almas su \u201eBluetooth\u201c lizdu ir kei\u010diamu l\u0119\u0161iu, tinkantis suaugusiesiems"},"content":{"rendered":"<div class=\"product-specs-list-container\">\n<ul class=\"product-specs-list util-clearfix\">\n<li class=\"product-prop line-limit-length\"><span\n                                        class=\"property-title\">Labai susir\u016bpinim\u0105 kelianti chemin\u0117 med\u017eiaga:&nbsp;<\/span><span\n                                        class=\"property-desc line-limit-length\">N\u0117ra<\/span>\n                            <\/li>\n<li class=\"product-prop line-limit-length\"><span\n                                        class=\"property-title\">Kilm\u0117:&nbsp;<\/span><span\n                                        class=\"property-desc line-limit-length\">\u017demynin\u0117 Kinija<\/span>\n                            <\/li>\n<li class=\"product-prop line-limit-length\"><span\n                                        class=\"property-title\">Prek\u0117s tipas:&nbsp;<\/span><span\n                                        class=\"property-desc line-limit-length\">\u0160almai<\/span>\n                            <\/li>\n<\/ul><\/div>\n<div class=\"detailmodule_html\">\n<div class=\"detail-desc-decorate-richtext\">\n<div style=\"font-family:&quot;Open sans&quot;, Arial, Helvetica, sans-serif\">\n<div><img decoding=\"async\" style=\"width:100%\" width=\"100%\" src=\"https:\/\/d2qc09rl1gfuof.cloudfront.net\/vevor\/boutique-banner\/pc\/banner-en.jpg\" slate-data-type=\"image\"\/><\/div>\n<div>\n<div style=\"font-size:16px;font-weight:bold;text-align:center;color:rgb(34, 34, 34);margin:24px 0px;margin-bottom:24px;margin-top:24px;margin-left:0px;margin-right:0px\" align=\"center\">VEVOR saugo jus kiekvienoje kelion\u0117je<\/div>\n<div><img decoding=\"async\" style=\"width:100%\" width=\"100%\" src=\"https:\/\/d2qc09rl1gfuof.cloudfront.net\/product\/MTCQKOZBSMHSVYL17\/motorcycle-helmets-a100-1.4-pt.jpg\" slate-data-type=\"image\"\/><\/div>\n<div style=\"font-size:14px;text-align:center;color:rgb(34, 34, 34);margin:16px 0px 24px;margin-bottom:24px;margin-top:16px;margin-left:0px;margin-right:0px\" align=\"center\">\u0160is motociklo \u0161almas yra patvirtintas ECE ir u\u017etikrina auk\u0161t\u0105 saugumo standart\u0105 j\u016bs\u0173 va\u017eiavimo kelion\u0117ms. \u0160almas pasi\u017eymi tokiais privalumais kaip atsparumas sm\u016bgiams, atsparumas prad\u016brimui ir tvirtinimo detal\u0117s, kurios lengvai nenusiima, tod\u0117l motociklininkai gali b\u016bti ram\u016bs kiekvien\u0105 kart\u0105 leisdamiesi \u012f kelion\u0119.<\/div>\n<\/div>\n<div>\n<div style=\"font-size:16px;font-weight:bold;text-align:center;color:rgb(34, 34, 34);margin:24px 0px;margin-bottom:24px;margin-top:24px;margin-left:0px;margin-right:0px\" align=\"center\"><\/div>\n<div style=\"margin:8px 0px;margin-bottom:8px;margin-top:8px;margin-left:0px;margin-right:0px\"><img decoding=\"async\" style=\"width:100%\" width=\"100%\" src=\"https:\/\/d2qc09rl1gfuof.cloudfront.net\/product\/MTCQKOZBSMHSVYL17\/motorcycle-helmets-a100-2.2-pt.jpg\" slate-data-type=\"image\"\/><\/div>\n<div style=\"font-size:14px;text-align:center;color:rgb(34, 34, 34);margin:16px 0px 24px;margin-bottom:24px;margin-top:16px;margin-left:0px;margin-right:0px\" align=\"center\">Dideli skaidr\u016bs l\u0119\u0161iai ir \u012fmontuoti apsauginiai l\u0119\u0161iai nuo saul\u0117s blokuoja v\u0117j\u0105, sm\u0117l\u012f ir skraidan\u010dius padarus, kad vaizdas b\u016bt\u0173 auk\u0161tos rai\u0161kos. \u012emontuoti apsauginiai l\u0119\u0161iai nuo saul\u0117s automati\u0161kai filtruoja akinim\u0105, kai saul\u0117 stipri, taip i\u0161vengiant aki\u0173 pa\u017eeidimo ir juos lengva perjungti.<\/div>\n<\/div>\n<div>\n<div style=\"font-size:16px;font-weight:bold;text-align:center;color:rgb(34, 34, 34);margin:24px 0px;margin-bottom:24px;margin-top:24px;margin-left:0px;margin-right:0px\" align=\"center\"><\/div>\n<div style=\"margin:8px 0px;margin-bottom:8px;margin-top:8px;margin-left:0px;margin-right:0px\"><img decoding=\"async\" style=\"width:100%\" width=\"100%\" src=\"https:\/\/d2qc09rl1gfuof.cloudfront.net\/product\/MTCQKOZBSMHSVYL17\/motorcycle-helmets-a100-2.3-pt.jpg\" slate-data-type=\"image\"\/><\/div>\n<div style=\"font-size:14px;text-align:center;color:rgb(34, 34, 34);margin:16px 0px 24px;margin-bottom:24px;margin-top:16px;margin-left:0px;margin-right:0px\" align=\"center\">Aerodinaminis dizainas kartu su itin efektyvia motociklo \u0161almo v\u0117dinimo sistema u\u017etikrina oro cirkuliacij\u0105 \u0161almo viduje, tod\u0117l j\u016bs\u0173 galva i\u0161lieka v\u0117si ir apsaugota nuo tvankaus kar\u0161\u010dio net ir ilg\u0173 kelioni\u0173 metu.<\/div>\n<\/div>\n<div>\n<div style=\"font-size:16px;font-weight:bold;text-align:center;color:rgb(34, 34, 34);margin:24px 0px;margin-bottom:24px;margin-top:24px;margin-left:0px;margin-right:0px\" align=\"center\"><\/div>\n<div style=\"margin:8px 0px;margin-bottom:8px;margin-top:8px;margin-left:0px;margin-right:0px\"><img decoding=\"async\" style=\"width:100%\" width=\"100%\" src=\"https:\/\/d2qc09rl1gfuof.cloudfront.net\/product\/MTCQKOZBSMHSVYL17\/motorcycle-helmets-a100-2.4-pt.jpg\" slate-data-type=\"image\"\/><\/div>\n<div style=\"font-size:14px;text-align:center;color:rgb(34, 34, 34);margin:16px 0px 24px;margin-bottom:24px;margin-top:16px;margin-left:0px;margin-right:0px\" align=\"center\">Motociklo \u0161alme integruotas \u201eBluetooth\u201c ausini\u0173 lizdas lengvai prisijungia prie i\u0161mani\u0173j\u0173 \u012frengini\u0173, tod\u0117l va\u017eiuojant galima klausytis navigacijos, atsiliepti \u012f skambu\u010dius ir atlikti kitus veiksmus, tod\u0117l tinka naudoti ilgose kelion\u0117se.<\/div>\n<\/div>\n<div>\n<div style=\"font-size:16px;font-weight:bold;text-align:center;color:rgb(34, 34, 34);margin:24px 0px;margin-bottom:24px;margin-top:24px;margin-left:0px;margin-right:0px\" align=\"center\"><\/div>\n<div style=\"margin:8px 0px;margin-bottom:8px;margin-top:8px;margin-left:0px;margin-right:0px\"><img decoding=\"async\" style=\"width:100%\" width=\"100%\" src=\"https:\/\/d2qc09rl1gfuof.cloudfront.net\/product\/MTCQKOZBSMHSVYL17\/motorcycle-helmets-a100-2.5-pt.jpg\" slate-data-type=\"image\"\/><\/div>\n<div style=\"font-size:14px;text-align:center;color:rgb(34, 34, 34);margin:16px 0px 24px;margin-bottom:24px;margin-top:16px;margin-left:0px;margin-right:0px\" align=\"center\">M\u016bs\u0173 motociklo \u0161almas tolygiai paskirsto \u0161almo svor\u012f, suma\u017eindamas galvos ir pe\u010di\u0173 apkrov\u0105 ilgalaikio d\u0117v\u0117jimo metu. D\u0117l to galva n\u0117ra lengvai spaud\u017eiama. Malonaus laiko su m\u016bs\u0173 patogiu \u0161almu!<\/div>\n<\/div>\n<div style=\"margin:24px 0px;margin-bottom:24px;margin-top:24px;margin-left:0px;margin-right:0px\">\n<div style=\"font-size:16px;font-weight:bold;color:rgb(34, 34, 34);margin:24px 0px 16px;margin-bottom:16px;margin-top:24px;margin-left:0px;margin-right:0px\">Savyb\u0117s ir informacija<\/div>\n<ul style=\"margin:16px 0px 24px;margin-bottom:24px;margin-top:16px;margin-left:0px;margin-right:0px\">\n<li style=\"font-size:14px;color:rgb(34, 34, 34)\">\n<p>Patvirtintas ECE ir tvirtas: \u0161is motociklo \u0161almas yra sertifikuotas ECE ir atitinka JAV norminius reikalavimus. Tvirtas ABS apvalkalas kartu su mink\u0161tomis EPS putomis ir odai draugi\u0161ku pamu\u0161alu u\u017etikrina visapusi\u0161k\u0105 j\u016bs\u0173 galvos apsaug\u0105.<\/p>\n<\/li>\n<li style=\"font-size:14px;color:rgb(34, 34, 34)\">\n<p>Integruotas apsauginis l\u0119\u0161is nuo saul\u0117s: motociklo \u0161almas turi didel\u012f skaidr\u0173 l\u0119\u0161\u012f, kuris blokuoja v\u0117j\u0105 ir tuo pa\u010diu i\u0161laiko auk\u0161t\u0105 rai\u0161k\u0105, suma\u017eindamas avarijos tikimyb\u0119. Integruotas tamsus arbatos spalvos l\u0119\u0161is blokuoja akinim\u0105 ir akinim\u0105 bei apsaugo nuo vizualinio fatigue.<\/p>\n<\/li>\n<li style=\"font-size:14px;color:rgb(34, 34, 34)\">\n<p>Didel\u0117 uodega: Motociklo \u0161almas turi didel\u0119 uodeg\u0105. J\u0105 galite lengvai pritvirtinti prie motociklo \u0161almo, kad pagerintum\u0117te aerodinamines savybes. Ji turi ventiliacijos angas ir tinkam\u0105 svorio paskirstym\u0105, tod\u0117l galva nespaud\u017eiama.<\/p>\n<\/li>\n<li style=\"font-size:14px;color:rgb(34, 34, 34)\">\n<p>\u201eBluetooth\u201c ausini\u0173 lizdas: motociklo \u0161almo \u201eBluetooth\u201c ausini\u0173 lizdas paliekamas viduje. Ilg\u0173 kelioni\u0173 metu patogu atsiliepti \u012f telefono skambu\u010dius, klausytis navigacijos ir pan. Tai daro j\u016bs\u0173 va\u017eiavim\u0105 i\u0161manesn\u012f ir patogesn\u012f.<\/p>\n<\/li>\n<li style=\"font-size:14px;color:rgb(34, 34, 34)\">\n<p>Nuimamas ir plaunamas \u012fd\u0117klas: motociklo \u0161almo \u012fd\u0117kl\u0105 patogu bet kada i\u0161skalbti ir pakeisti, tod\u0117l \u0161almo vidus i\u0161lieka \u0161varus ir higieni\u0161kas. \u0160i konstrukcija prailgina gaminio tarnavimo laik\u0105 ir u\u017etikrina j\u016bs\u0173 sveikat\u0105 kiekvienos kelion\u0117s metu.<\/p>\n<\/li>\n<\/ul>\n<\/div>\n<div>\n<div>\n<div style=\"margin:16px 0px 24px;margin-bottom:24px;margin-top:16px;margin-left:0px;margin-right:0px\"><img decoding=\"async\" style=\"width:100%\" width=\"100%\" src=\"https:\/\/d2qc09rl1gfuof.cloudfront.net\/product\/MTCQKOZBSMHSVYL17\/motorcycle-helmets-a100-1.11-pt.jpg\" slate-data-type=\"image\"\/><\/div>\n<\/div>\n<\/div>\n<div>\n<div>\n<div style=\"margin:16px 0px 24px;margin-bottom:24px;margin-top:16px;margin-left:0px;margin-right:0px\"><img decoding=\"async\" style=\"width:100%\" width=\"100%\" src=\"https:\/\/d2qc09rl1gfuof.cloudfront.net\/product\/MTCQKOZBMMHSW9UIC\/motorcycle-helmets-a100-1.11-pt.jpg\" slate-data-type=\"image\"\/><\/div>\n<\/div>\n<\/div>\n<div>\n<div>\n<div style=\"margin:16px 0px 24px;margin-bottom:24px;margin-top:16px;margin-left:0px;margin-right:0px\"><img decoding=\"async\" style=\"width:100%\" width=\"100%\" src=\"https:\/\/d2qc09rl1gfuof.cloudfront.net\/product\/MTCQKOZBLMHSAXLYJ\/motorcycle-helmets-a100-1.11-pt.jpg\" slate-data-type=\"image\"\/><\/div>\n<\/div>\n<\/div>\n<div>\n<div>\n<div style=\"margin:16px 0px 24px;margin-bottom:24px;margin-top:16px;margin-left:0px;margin-right:0px\"><img decoding=\"async\" style=\"width:100%\" width=\"100%\" src=\"https:\/\/d2qc09rl1gfuof.cloudfront.net\/product\/MTCQKOZBXLMHIJTQE\/motorcycle-helmets-a100-1.11-pt.jpg\" slate-data-type=\"image\"\/><\/div>\n<\/div>\n<\/div>\n<\/div>\n<\/div>\n<\/div>\n<p><\/p>","protected":false},"excerpt":{"rendered":"<p>Hign-concerned Chemical:&nbsp;None Origin:&nbsp;Mainland China Item Type:&nbsp;Helmets VEVOR Guarding You on Every Trip This motorcycle helmet is ECE approved and provides high standard of safety for your riding trips. The helmet<\/p>","protected":false},"featured_media":25576,"comment_status":"open","ping_status":"closed","template":"","meta":{"_acf_changed":false},"product_brand":[],"product_cat":[526],"product_tag":[],"class_list":{"0":"post-25575","1":"product","2":"type-product","3":"status-publish","4":"has-post-thumbnail","6":"product_cat-helmets","8":"first","9":"instock","10":"shipping-taxable","11":"purchasable","12":"product-type-variable"},"acf":[],"_links":{"self":[{"href":"https:\/\/www.electricstore.eu\/lt\/wp-json\/wp\/v2\/product\/25575","targetHints":{"allow":["GET"]}}],"collection":[{"href":"https:\/\/www.electricstore.eu\/lt\/wp-json\/wp\/v2\/product"}],"about":[{"href":"https:\/\/www.electricstore.eu\/lt\/wp-json\/wp\/v2\/types\/product"}],"replies":[{"embeddable":true,"href":"https:\/\/www.electricstore.eu\/lt\/wp-json\/wp\/v2\/comments?post=25575"}],"wp:featuredmedia":[{"embeddable":true,"href":"https:\/\/www.electricstore.eu\/lt\/wp-json\/wp\/v2\/media\/25576"}],"wp:attachment":[{"href":"https:\/\/www.electricstore.eu\/lt\/wp-json\/wp\/v2\/media?parent=25575"}],"wp:term":[{"taxonomy":"product_brand","embeddable":true,"href":"https:\/\/www.electricstore.eu\/lt\/wp-json\/wp\/v2\/product_brand?post=25575"},{"taxonomy":"product_cat","embeddable":true,"href":"https:\/\/www.electricstore.eu\/lt\/wp-json\/wp\/v2\/product_cat?post=25575"},{"taxonomy":"product_tag","embeddable":true,"href":"https:\/\/www.electricstore.eu\/lt\/wp-json\/wp\/v2\/product_tag?post=25575"}],"curies":[{"name":"wp","href":"https:\/\/api.w.org\/{rel}","templated":true}]}}