{"id":25566,"date":"2025-05-20T19:00:01","date_gmt":"2025-05-20T19:00:01","guid":{"rendered":"https:\/\/electricstore.eu\/p\/uncategorized\/vevor-100lbs-bike-cargo-trailer-foldable-bicycle-wagon-cart-with-waterproof-cover-safe-reflectors-fits-22-28-bike-wheel\/"},"modified":"2025-05-20T19:04:45","modified_gmt":"2025-05-20T19:04:45","slug":"vevor-100lbs-bike-cargo-trailer-foldable-bicycle-wagon-cart-with-waterproof-cover-safe-reflectors-fits-22-28-bike-wheel","status":"publish","type":"product","link":"https:\/\/www.electricstore.eu\/lt\/p\/o\/bike-trailers-and-wagons\/vevor-100lbs-bike-cargo-trailer-foldable-bicycle-wagon-cart-with-waterproof-cover-safe-reflectors-fits-22-28-bike-wheel\/","title":{"rendered":"VEVOR 100 svar\u0173 svorio sulankstomas dvira\u010dio krovininis ve\u017eim\u0117lis su vandeniui atspariu u\u017edangalu ir saugiais at\u0161vaitais, tinkantis 22\u201328 coli\u0173 dvira\u010dio ratams"},"content":{"rendered":"<div class=\"product-specs-list-container\">\n<ul class=\"product-specs-list util-clearfix\">\n<li class=\"product-prop line-limit-length\"><span\n                                        class=\"property-title\">Labai susir\u016bpinim\u0105 kelianti chemin\u0117 med\u017eiaga:&nbsp;<\/span><span\n                                        class=\"property-desc line-limit-length\">N\u0117ra<\/span>\n                            <\/li>\n<li class=\"product-prop line-limit-length\"><span\n                                        class=\"property-title\">S\u0117d\u0117jimo pad\u0117tis:&nbsp;<\/span><span\n                                        class=\"property-desc line-limit-length\">PA\u0160TAS<\/span>\n                            <\/li>\n<li class=\"product-prop line-limit-length\"><span\n                                        class=\"property-title\">Med\u017eiaga:&nbsp;<\/span><span\n                                        class=\"property-desc line-limit-length\">Metalas<\/span>\n                            <\/li>\n<li class=\"product-prop line-limit-length\"><span\n                                        class=\"property-title\">Am\u017eiaus diapazonas:&nbsp;<\/span><span\n                                        class=\"property-desc line-limit-length\">3\u20136 met\u0173<\/span>\n                            <\/li>\n<li class=\"product-prop line-limit-length\"><span\n                                        class=\"property-title\">Kilm\u0117:&nbsp;<\/span><span\n                                        class=\"property-desc line-limit-length\">\u017demynin\u0117 Kinija<\/span>\n                            <\/li>\n<\/ul><\/div>\n<div class=\"detailmodule_html\">\n<div class=\"detail-desc-decorate-richtext\">\n<div style=\"font-family:&quot;Open sans&quot;, Arial, Helvetica, sans-serif\">\n<div><img decoding=\"async\" style=\"width:100%\" width=\"100%\" src=\"https:\/\/d2qc09rl1gfuof.cloudfront.net\/vevor\/boutique-banner\/pc\/banner-en.jpg\" slate-data-type=\"image\"\/><\/div>\n<div>\n<div style=\"font-size:16px;font-weight:bold;text-align:center;color:rgb(34, 34, 34);margin:24px 0px;margin-bottom:24px;margin-top:24px;margin-left:0px;margin-right:0px\" align=\"center\">Ve\u017ekite daugiau, va\u017eiuokite toliau su VEVOR dvira\u010di\u0173 krovinine priekaba<\/div>\n<div><img decoding=\"async\" style=\"width:100%\" width=\"100%\" src=\"https:\/\/d2qc09rl1gfuof.cloudfront.net\/product\/CGKHZHJG100BMFBKO\/cargo-trailer-a100-1.4.jpg\" slate-data-type=\"image\"\/><\/div>\n<div style=\"font-size:14px;text-align:center;color:rgb(34, 34, 34);margin:16px 0px 24px;margin-bottom:24px;margin-top:16px;margin-left:0px;margin-right:0px\" align=\"center\">\u0160i dvira\u010dio krovinin\u0117 priekaba \u2013 tai geriausias j\u016bs\u0173 \u012frangos gabenimo b\u016bdas, galintis atlaikyti iki 45 kilogram\u0173 svor\u012f. Nuo b\u016btiniausi\u0173 stovyklavimo daikt\u0173 iki kasdieni\u0173 b\u016btiniausi\u0173 daikt\u0173 \u2013 joje yra pakankamai vietos. Be to, ji tinka dvira\u010diams su 22\u201328 coli\u0173 ratais, tod\u0117l ji universali bet kokiai kelionei.<\/div>\n<\/div>\n<div>\n<div style=\"margin:8px 0px;margin-bottom:8px;margin-top:8px;margin-left:0px;margin-right:0px\"><img decoding=\"async\" style=\"width:100%\" width=\"100%\" src=\"https:\/\/d2qc09rl1gfuof.cloudfront.net\/product\/CGKHZHJG100BMFBKO\/cargo-trailer-a100-2.2.jpg\" slate-data-type=\"image\"\/><\/div>\n<div style=\"font-size:14px;text-align:center;color:rgb(34, 34, 34);margin:16px 0px 24px;margin-bottom:24px;margin-top:16px;margin-left:0px;margin-right:0px\" align=\"center\">Pagaminta i\u0161 pramonin\u0117s klas\u0117s anglinio plieno, \u0161i dvira\u010dio priekaba yra lengva ir tvirta. D\u0117l milteliniu b\u016bdu da\u017eyto pavir\u0161iaus nereik\u0117s nerimauti d\u0117l r\u016bd\u017ei\u0173. O su papildoma 420D Oksfordo audinio u\u017edanga j\u016bs\u0173 daiktai liks sausi, kad ir kas nutikt\u0173. Pasiruo\u0161\u0119 bet kokiems nuotykiams, nesvarbu, ar lyja, ar \u0161vie\u010dia saul\u0117!<\/div>\n<\/div>\n<div>\n<div style=\"margin:8px 0px;margin-bottom:8px;margin-top:8px;margin-left:0px;margin-right:0px\"><img decoding=\"async\" style=\"width:100%\" width=\"100%\" src=\"https:\/\/d2qc09rl1gfuof.cloudfront.net\/product\/CGKHZHJG100BMFBKO\/cargo-trailer-a100-2.3.jpg\" slate-data-type=\"image\"\/><\/div>\n<div style=\"font-size:14px;text-align:center;color:rgb(34, 34, 34);margin:16px 0px 24px;margin-bottom:24px;margin-top:16px;margin-left:0px;margin-right:0px\" align=\"center\">Su sportin\u0117mis padangomis ir gele\u017einiais stebul\u0117mis \u0161i dvira\u010dio priekaba u\u017etikrina stabilum\u0105 bet kokioje vietov\u0117je. Nesvarbu, ar va\u017eiuojate asfaltu, ar takeliais, liksite kelyje.<\/div>\n<\/div>\n<div>\n<div style=\"margin:8px 0px;margin-bottom:8px;margin-top:8px;margin-left:0px;margin-right:0px\"><img decoding=\"async\" style=\"width:100%\" width=\"100%\" src=\"https:\/\/d2qc09rl1gfuof.cloudfront.net\/product\/CGKHZHJG100BMFBKO\/cargo-trailer-a100-2.4.jpg\" slate-data-type=\"image\"\/><\/div>\n<div style=\"font-size:14px;text-align:center;color:rgb(34, 34, 34);margin:16px 0px 24px;margin-bottom:24px;margin-top:16px;margin-left:0px;margin-right:0px\" align=\"center\">\u0160\u012f dvira\u010di\u0173 ve\u017eim\u0117l\u012f surinkti labai paprasta d\u0117l sulankstomo r\u0117mo ir greito atleidimo sistemos. Kompakti\u0161kas ir patogus, jis puikiai tinka daug keliaujantiems nuotyki\u0173 ie\u0161kotojams. Be to, \u0161vies\u0105 atspindintys lipdukai suteikia stiliaus ir u\u017etikrina j\u016bs\u0173 saugum\u0105.<\/div>\n<\/div>\n<div>\n<div style=\"margin:8px 0px;margin-bottom:8px;margin-top:8px;margin-left:0px;margin-right:0px\"><img decoding=\"async\" style=\"width:100%\" width=\"100%\" src=\"https:\/\/d2qc09rl1gfuof.cloudfront.net\/product\/CGKHZHJG100BMFBKO\/cargo-trailer-a100-2.5.jpg\" slate-data-type=\"image\"\/><\/div>\n<div style=\"font-size:14px;text-align:center;color:rgb(34, 34, 34);margin:16px 0px 24px;margin-bottom:24px;margin-top:16px;margin-left:0px;margin-right:0px\" align=\"center\">Nesvarbu, kokiu dvira\u010diu va\u017ein\u0117jate \u2013 lengvuoju, kaln\u0173 ar plento dvira\u010diu \u2013 \u0161is dvira\u010di\u0173 ve\u017eim\u0117lis pasir\u016bpins jumis. Puikiai tinka viskam \u2013 nuo baseino pirkimo iki savaitgalio i\u0161vyk\u0173 \u2013 tai j\u016bs\u0173 pagrindinis transporto draugas.<\/div>\n<\/div>\n<div style=\"margin:16px 0px 24px;margin-bottom:24px;margin-top:16px;margin-left:0px;margin-right:0px\"><\/div>\n<div style=\"margin:24px 0px;margin-bottom:24px;margin-top:24px;margin-left:0px;margin-right:0px\">\n<div style=\"font-size:16px;font-weight:bold;color:rgb(34, 34, 34);margin:24px 0px 16px;margin-bottom:16px;margin-top:24px;margin-left:0px;margin-right:0px\">Savyb\u0117s ir informacija<\/div>\n<ul style=\"margin:16px 0px 24px;margin-bottom:24px;margin-top:16px;margin-left:0px;margin-right:0px\">\n<li style=\"font-size:14px;color:rgb(34, 34, 34)\">\n<p>Didel\u0117 keliamoji galia: M\u016bs\u0173 dvira\u010dio krovinin\u0117 priekaba yra j\u016bs\u0173 geriausias kelioni\u0173 palydovas, pasi\u017eymintis tvirta konstrukcija ir erdviu dizainu, galin\u010diu atlaikyti iki 100 svar\u0173 krovinio. Puikiai tinka visiems j\u016bs\u0173 nuotykiams lauke \u2013 nuo stovyklavimo iki i\u0161kyl\u0173 \u2013 tai idealus sprendimas gabenti b\u016btiniausius daiktus, kad ir kur eitum\u0117te.<\/p>\n<\/li>\n<li style=\"font-size:14px;color:rgb(34, 34, 34)\">\n<p>Pramonin\u0117s klas\u0117s med\u017eiaga: \u0161i dvira\u010dio priekaba pasi\u017eymi tvirtu plieniniu r\u0117mu su ner\u016bdijan\u010dia danga, u\u017etikrinan\u010dia ilgaam\u017ei\u0161kum\u0105 ir eleganti\u0161k\u0105 i\u0161vaizd\u0105. Be to, 420D Oksfordo audinio lietaus u\u017edangalas apsaugo j\u016bs\u0173 \u012frang\u0105 nuo stichij\u0173, lietaus ar saul\u0117s spinduli\u0173.<\/p>\n<\/li>\n<li style=\"font-size:14px;color:rgb(34, 34, 34)\">\n<p>Profesionalus padang\u0173 dizainas: skland\u017eiai rieda bet kokiu keliu! M\u016bs\u0173 dvira\u010dio priekaba komplektuojama su sportin\u0117mis 16&quot; x 1,75&quot; padangomis ir gele\u017einiais stebul\u0117mis, u\u017etikrinan\u010diomis puik\u0173 stabilum\u0105 ir sukibim\u0105 su \u012fvairiais pavir\u0161iais, nesvarbu, ar va\u017eiuojate betonu, \u017evyrkeliais ar sm\u0117l\u0117tais takais.<\/p>\n<\/li>\n<li style=\"font-size:14px;color:rgb(34, 34, 34)\">\n<p>Patobulintas montavimas: paprastas montavimas, padidintas saugumas! M\u016bs\u0173 dvira\u010di\u0173 ve\u017eim\u0117lio montavimas yra labai paprastas d\u0117l patogaus dizaino ir pilno montavimo \u012franki\u0173 rinkinio. Be to, i\u0161siskirkite kelyje su oran\u017eine saugumo v\u0117liav\u0117le ir aukso spalvos stipin\u0173 at\u0161vaitais, u\u017etikrinan\u010diais matomum\u0105 va\u017eiuojant nakt\u012f.<\/p>\n<\/li>\n<li style=\"font-size:14px;color:rgb(34, 34, 34)\">\n<p>Tinka keliems dvira\u010di\u0173 modeliams: Suderinamas su 22\u201328 coli\u0173 skersmens dvira\u010diais, m\u016bs\u0173 dvira\u010di\u0173 ve\u017eim\u0117lis skland\u017eiai tvirtinamas prie \u012fvairi\u0173 dvira\u010di\u0173 modeli\u0173, \u012fskaitant pramoginius dvira\u010dius, vaiki\u0161kus dvira\u010dius, kaln\u0173 dvira\u010dius ir plento dvira\u010dius. Puikiai tinka apsipirkimui, stovyklavimui ir i\u0161kyloms. PASTABA: Jis netinka augintiniams ar vaikams.<\/p>\n<\/li>\n<\/ul>\n<\/div>\n<div>\n<div>\n<div style=\"margin:16px 0px 24px;margin-bottom:24px;margin-top:16px;margin-left:0px;margin-right:0px\"><img decoding=\"async\" style=\"width:100%\" width=\"100%\" src=\"https:\/\/d2qc09rl1gfuof.cloudfront.net\/product\/CGKHZHJG100BMFBKO\/cargo-trailer-a100-1.11.jpg\" slate-data-type=\"image\"\/><\/div>\n<\/div>\n<\/div>\n<\/div>\n<div><\/div>\n<\/div>\n<\/div>\n<p><\/p>","protected":false},"excerpt":{"rendered":"<p>Hign-concerned Chemical:&nbsp;None Seat position:&nbsp;POST Material:&nbsp;Metal Age Range:&nbsp;3-6Y Origin:&nbsp;Mainland China Carry More, Ride Farther with VEVOR Bike Cargo Trailer This bike cargo trailer is your ultimate gear hauler, supporting up to<\/p>","protected":false},"featured_media":25567,"comment_status":"open","ping_status":"closed","template":"","meta":{"_acf_changed":false},"product_brand":[],"product_cat":[523],"product_tag":[],"class_list":{"0":"post-25566","1":"product","2":"type-product","3":"status-publish","4":"has-post-thumbnail","6":"product_cat-bike-trailers-and-wagons","8":"first","9":"instock","10":"shipping-taxable","11":"purchasable","12":"product-type-variable"},"acf":[],"_links":{"self":[{"href":"https:\/\/www.electricstore.eu\/lt\/wp-json\/wp\/v2\/product\/25566","targetHints":{"allow":["GET"]}}],"collection":[{"href":"https:\/\/www.electricstore.eu\/lt\/wp-json\/wp\/v2\/product"}],"about":[{"href":"https:\/\/www.electricstore.eu\/lt\/wp-json\/wp\/v2\/types\/product"}],"replies":[{"embeddable":true,"href":"https:\/\/www.electricstore.eu\/lt\/wp-json\/wp\/v2\/comments?post=25566"}],"wp:featuredmedia":[{"embeddable":true,"href":"https:\/\/www.electricstore.eu\/lt\/wp-json\/wp\/v2\/media\/25567"}],"wp:attachment":[{"href":"https:\/\/www.electricstore.eu\/lt\/wp-json\/wp\/v2\/media?parent=25566"}],"wp:term":[{"taxonomy":"product_brand","embeddable":true,"href":"https:\/\/www.electricstore.eu\/lt\/wp-json\/wp\/v2\/product_brand?post=25566"},{"taxonomy":"product_cat","embeddable":true,"href":"https:\/\/www.electricstore.eu\/lt\/wp-json\/wp\/v2\/product_cat?post=25566"},{"taxonomy":"product_tag","embeddable":true,"href":"https:\/\/www.electricstore.eu\/lt\/wp-json\/wp\/v2\/product_tag?post=25566"}],"curies":[{"name":"wp","href":"https:\/\/api.w.org\/{rel}","templated":true}]}}