{"id":25471,"date":"2025-05-20T18:59:34","date_gmt":"2025-05-20T18:59:34","guid":{"rendered":"https:\/\/electricstore.eu\/p\/uncategorized\/vevor-88-100-lbs-child-bike-trailer-double-seat-carrier-converts-to-stroller-foldable-children-bicycle-trailer-for-toddlers-kids\/"},"modified":"2025-05-20T19:02:57","modified_gmt":"2025-05-20T19:02:57","slug":"vevor-88-100-lbs-child-bike-trailer-double-seat-carrier-converts-to-stroller-foldable-children-bicycle-trailer-for-toddlers-kids","status":"publish","type":"product","link":"https:\/\/www.electricstore.eu\/lt\/p\/o\/bike-trailers-and-wagons\/vevor-88-100-lbs-child-bike-trailer-double-seat-carrier-converts-to-stroller-foldable-children-bicycle-trailer-for-toddlers-kids\/","title":{"rendered":"VEVOR 88\/100 svar\u0173 vaiki\u0161ka dvira\u010dio priekaba su dviguba s\u0117dyne, transformuojama \u012f ve\u017eim\u0117l\u012f, sulankstom\u0105 vaiki\u0161k\u0105 dvira\u010di\u0173 priekab\u0105 ma\u017eyliams"},"content":{"rendered":"<div class=\"product-specs-list-container\">\n<ul class=\"product-specs-list util-clearfix\">\n<li class=\"product-prop line-limit-length\"><span\n                                        class=\"property-title\">Labai susir\u016bpinim\u0105 kelianti chemin\u0117 med\u017eiaga:&nbsp;<\/span><span\n                                        class=\"property-desc line-limit-length\">N\u0117ra<\/span>\n                            <\/li>\n<li class=\"product-prop line-limit-length\"><span\n                                        class=\"property-title\">S\u0117d\u0117jimo pad\u0117tis:&nbsp;<\/span><span\n                                        class=\"property-desc line-limit-length\">PA\u0160TAS<\/span>\n                            <\/li>\n<li class=\"product-prop line-limit-length\"><span\n                                        class=\"property-title\">Med\u017eiaga:&nbsp;<\/span><span\n                                        class=\"property-desc line-limit-length\">kiti<\/span>\n                            <\/li>\n<li class=\"product-prop line-limit-length\"><span\n                                        class=\"property-title\">Modelio numeris:&nbsp;<\/span><span\n                                        class=\"property-desc line-limit-length\">JBT03N1<\/span>\n                            <\/li>\n<li class=\"product-prop line-limit-length\"><span\n                                        class=\"property-title\">Am\u017eiaus diapazonas:&nbsp;<\/span><span\n                                        class=\"property-desc line-limit-length\">7\u201312 met\u0173<\/span>\n                            <\/li>\n<li class=\"product-prop line-limit-length\"><span\n                                        class=\"property-title\">Kilm\u0117:&nbsp;<\/span><span\n                                        class=\"property-desc line-limit-length\">\u017demynin\u0117 Kinija<\/span>\n                            <\/li>\n<li class=\"product-prop line-limit-length\"><span\n                                        class=\"property-title\">Prek\u0117s \u017eenklas:&nbsp;<\/span><span\n                                        class=\"property-desc line-limit-length\">VEVOR<\/span>\n                            <\/li>\n<li class=\"product-prop line-limit-length\"><span\n                                        class=\"property-title\">Med\u017eiaga:&nbsp;<\/span><span\n                                        class=\"property-desc line-limit-length\">Anglinis plienas + 600D Oksfordo audinys + PP<\/span>\n                            <\/li>\n<li class=\"product-prop line-limit-length\"><span\n                                        class=\"property-title\">Tipas:&nbsp;<\/span><span\n                                        class=\"property-desc line-limit-length\">Dvigubo naudojimo priekaba \/ ve\u017eim\u0117lis<\/span>\n                            <\/li>\n<li class=\"product-prop line-limit-length\"><span\n                                        class=\"property-title\">Vidinis dydis:&nbsp;<\/span><span\n                                        class=\"property-desc line-limit-length\">29,1 x 24,4 x 22 col. \/ 740 x 620 x 560 mm<\/span>\n                            <\/li>\n<li class=\"product-prop line-limit-length\"><span\n                                        class=\"property-title\">Maksimali keliamoji galia:&nbsp;<\/span><span\n                                        class=\"property-desc line-limit-length\">88 svarai \/ 110 svar\u0173<\/span>\n                            <\/li>\n<li class=\"product-prop line-limit-length\"><span\n                                        class=\"property-title\">Viet\u0173 skai\u010dius:&nbsp;<\/span><span\n                                        class=\"property-desc line-limit-length\">2<\/span>\n                            <\/li>\n<\/ul><\/div>\n<div class=\"detailmodule_html\">\n<div class=\"detail-desc-decorate-richtext\">\n<div style=\"font-family:&quot;Open sans&quot;, Arial, Helvetica, sans-serif\">\n<div style=\"font-family:&quot;Open sans&quot;, Arial, Helvetica, sans-serif\">\n  <img decoding=\"async\" style=\"width:100%\" width=\"100%\" src=\"https:\/\/d2qc09rl1gfuof.cloudfront.net\/vevor\/boutique-banner\/pc\/banner-en.jpg\" slate-data-type=\"image\" \/>\n <\/div>\n<div style=\"font-family:&quot;Open sans&quot;, Arial, Helvetica, sans-serif\">\n<div style=\"font-size:16px;font-weight:bold;text-align:center;color:rgb(34, 34, 34);margin:24px 0px;margin-bottom:24px;margin-top:24px;margin-left:0px;margin-right:0px\" align=\"center\">\n   VEVOR dvira\u010di\u0173 priekaba vaikams \u2013 susipa\u017einkite su savo naujuoju dviratininko draugu!\n  <\/div>\n<div>\n   <img decoding=\"async\" style=\"width:100%\" width=\"100%\" src=\"https:\/\/d2qc09rl1gfuof.cloudfront.net\/product\/LYS100B1020ILJ9NW\/bike-trailer-a100-1.4.jpg\" slate-data-type=\"image\" \/>\n  <\/div>\n<div style=\"font-size:14px;text-align:center;color:rgb(34, 34, 34);margin:16px 0px 24px;margin-bottom:24px;margin-top:16px;margin-left:0px;margin-right:0px\" align=\"center\">\n   Skland\u017eiai slyskite su m\u016bs\u0173 patvariu legiruoto plieno r\u0117mo dvira\u010dio priekaba. Dvigubo sluoksnio gumin\u0117s padangos u\u017etikrina skland\u0173 ir patog\u0173 va\u017eiavim\u0105, tod\u0117l ji yra saugi ir patikima kelioni\u0173 palydov\u0117 kiekvienoje kelion\u0117je.\n  <\/div><\/div>\n<div style=\"font-family:&quot;Open sans&quot;, Arial, Helvetica, sans-serif\">\n<div>\n   &nbsp;\n  <\/div>\n<div style=\"margin:8px 0px;margin-bottom:8px;margin-top:8px;margin-left:0px;margin-right:0px\">\n   <img decoding=\"async\" style=\"width:100%\" width=\"100%\" src=\"https:\/\/d2qc09rl1gfuof.cloudfront.net\/product\/LYS100B1020ILJ9NW\/bike-trailer-a100-2.2.jpg\" slate-data-type=\"image\" \/>\n  <\/div>\n<div style=\"font-size:14px;text-align:center;color:rgb(34, 34, 34);margin:16px 0px 24px;margin-bottom:24px;margin-top:16px;margin-left:0px;margin-right:0px\" align=\"center\">\n   Apsaugodama dvira\u010dio priekab\u0105 i\u0161 vis\u0173 pusi\u0173 ir u\u017etikrindama saug\u0173 parkavim\u0105, j\u016bs\u0173 padangos bus apsaugotos nuo netik\u0117t\u0173 pa\u017eeidim\u0173. Blizgantys at\u0161vaitai u\u017etikrina ai\u0161kesn\u012f atpa\u017einim\u0105, tod\u0117l j\u016bs\u0173 kelion\u0117 bus saugi ir stilinga.\n  <\/div><\/div>\n<div style=\"font-family:&quot;Open sans&quot;, Arial, Helvetica, sans-serif\">\n<div>\n   &nbsp;\n  <\/div>\n<div style=\"margin:8px 0px;margin-bottom:8px;margin-top:8px;margin-left:0px;margin-right:0px\">\n   <img decoding=\"async\" style=\"width:100%\" width=\"100%\" src=\"https:\/\/d2qc09rl1gfuof.cloudfront.net\/product\/LYS100B1020ILJ9NW\/bike-trailer-a100-2.3.jpg\" slate-data-type=\"image\" \/>\n  <\/div>\n<div style=\"font-size:14px;text-align:center;color:rgb(34, 34, 34);margin:16px 0px 24px;margin-bottom:24px;margin-top:16px;margin-left:0px;margin-right:0px\" align=\"center\">\n   D\u0117l didel\u0117s keliamosios galios ir patogios dviej\u0173 viet\u0173 konstrukcijos, \u0161i vaiki\u0161ka dvira\u010dio priekaba skirta vaikams nuo 18 m\u0117nesi\u0173 iki 5 met\u0173 am\u017eiaus. Tai tobula kelion\u0117 jums ir j\u016bs\u0173 ma\u017eyliui.\n  <\/div><\/div>\n<div style=\"font-family:&quot;Open sans&quot;, Arial, Helvetica, sans-serif\">\n<div>\n   &nbsp;\n  <\/div>\n<div style=\"margin:8px 0px;margin-bottom:8px;margin-top:8px;margin-left:0px;margin-right:0px\">\n   <img decoding=\"async\" style=\"width:100%\" width=\"100%\" src=\"https:\/\/d2qc09rl1gfuof.cloudfront.net\/product\/LYS100B1020ILJ9NW\/bike-trailer-a100-2.4.jpg\" slate-data-type=\"image\" \/>\n  <\/div>\n<div style=\"font-size:14px;text-align:center;color:rgb(34, 34, 34);margin:16px 0px 24px;margin-bottom:24px;margin-top:16px;margin-left:0px;margin-right:0px\" align=\"center\">\n   Surinkimas be joki\u0173 r\u016bpes\u010di\u0173! M\u016bs\u0173 vaiki\u0161ka dvira\u010dio priekaba pasi\u017eymi greito atleidimo konstrukcija, kad b\u016bt\u0173 lengva surinkti ir i\u0161ardyti, tod\u0117l j\u0105 labai patogu ne\u0161iotis. Integruotas priekabos ir ve\u017eim\u0117lio dizainas suteiks j\u016bs\u0173 kelion\u0117ms daugiau d\u017eiaugsmo.\n  <\/div><\/div>\n<div style=\"font-family:&quot;Open sans&quot;, Arial, Helvetica, sans-serif\">\n<div>\n   &nbsp;\n  <\/div>\n<div style=\"margin:8px 0px;margin-bottom:8px;margin-top:8px;margin-left:0px;margin-right:0px\">\n   <img decoding=\"async\" style=\"width:100%\" width=\"100%\" src=\"https:\/\/d2qc09rl1gfuof.cloudfront.net\/product\/LYS100B1020ILJ9NW\/bike-trailer-a100-2.5.jpg\" slate-data-type=\"image\" \/>\n  <\/div>\n<div style=\"font-size:14px;text-align:center;color:rgb(34, 34, 34);margin:16px 0px 24px;margin-bottom:24px;margin-top:16px;margin-left:0px;margin-right:0px\" align=\"center\">\n   M\u016bs\u0173 vaiki\u0161ka dvira\u010dio priekaba gali pasigirti 30 coli\u0173 saugos dir\u017eu patogiam va\u017eiavimui, \u0161oniniu langu pla\u010diam matomumui ir perforuota galine konstrukcija puikiai ventiliacijai. J\u016bs\u0173 vaiko patogumas yra m\u016bs\u0173 svarbiausias prioritetas.\n  <\/div><\/div>\n<div style=\"margin:16px 0px 24px;margin-bottom:24px;margin-top:16px;margin-left:0px;margin-right:0px\"><\/div>\n<div style=\"margin:24px 0px;margin-bottom:24px;margin-top:24px;margin-left:0px;margin-right:0px\">\n<div style=\"font-size:16px;font-weight:bold;color:rgb(34, 34, 34);margin:24px 0px 16px;margin-bottom:16px;margin-top:24px;margin-left:0px;margin-right:0px\">\n   Savyb\u0117s ir informacija\n  <\/div>\n<ul style=\"margin:16px 0px 24px;margin-bottom:24px;margin-top:16px;margin-left:0px;margin-right:0px\">\n<li style=\"font-size:14px;color:rgb(34, 34, 34)\">\n<p>Tvirta konstrukcija: M\u016bs\u0173 dvira\u010dio priekaba pasi\u017eymi tvirtu plieniniu r\u0117mu ir tvirtomis dvigubo sluoksnio gumin\u0117mis pneumatin\u0117mis padangomis, kurios u\u017etikrina patikim\u0105 kelion\u0117s saugum\u0105. Nepriklausomai nuo \u012fvairi\u0173 kelio s\u0105lyg\u0173, ji i\u0161lieka patikima ir patvari, u\u017etikrindama saugi\u0105 kelion\u0119 kiekvien\u0105 kart\u0105.<\/p>\n<\/li>\n<li style=\"font-size:14px;color:rgb(34, 34, 34)\">\n<p>Svarbiausia \u2013 saugumas: m\u016bs\u0173 dvira\u010dio priekaba u\u017etikrina visapusi\u0161k\u0105 apsaug\u0105 d\u0117l stebul\u0117s spyruoklin\u0117s pakabos konstrukcijos, efektyviai sugerian\u010dios sm\u016bgius. Su 2 viename apsauginiu rankiniu stabd\u017eiu galite skland\u017eiai l\u0117t\u0117ti ir saugiai pastatyti automobil\u012f. Be to, ry\u0161k\u016bs at\u0161vaitai u\u017etikrina, kad va\u017eiuodami b\u016btum\u0117te matomi, taip suteikdami papildom\u0105 saugumo sluoksn\u012f.<\/p>\n<\/li>\n<li style=\"font-size:14px;color:rgb(34, 34, 34)\">\n<p>Universalus pramog\u0173 pasirinkimas: pilnai pakraukite! M\u016bs\u0173 vaiki\u0161ka dvira\u010dio priekaba su didele keliam\u0105ja galia ir dviguba s\u0117dyne gali susidoroti su viskuo. Puikiai tinka d\u017eiaugsmingoms kelion\u0117ms su j\u016bs\u0173 ma\u017eyliu. Universalus suderinamumo dizainas tinka \u012fvairiems dvira\u010diams, tod\u0117l tai puikus pasirinkimas j\u016bs\u0173 kelion\u0117ms.<\/p>\n<\/li>\n<li style=\"font-size:14px;color:rgb(34, 34, 34)\">\n<p>Paprasta naudoti: M\u016bs\u0173 vaiki\u0161kos dvira\u010dio priekabos greito atlaisvinimo konstrukcija leid\u017eia lengvai surinkti ar i\u0161ardyti priekab\u0105. Greitiau leiskit\u0117s \u012f kelion\u0119 ir m\u0117gaukit\u0117s nuotykiais be r\u016bpes\u010di\u0173. Be to, priekab\u0105 ir ve\u017eim\u0117l\u012f pakeisti paprasta, tod\u0117l j\u016bs\u0173 i\u0161vykos bus dar \u012fdomesn\u0117s.<\/p>\n<\/li>\n<li style=\"font-size:14px;color:rgb(34, 34, 34)\">\n<p>Patogu ir r\u016bpestinga: M\u016bs\u0173 vaiki\u0161ka dvira\u010dio priekaba pasir\u016bpins kiekviena kelione, kruop\u0161\u010diai apgalvojanti detales. Jaukus 30 coli\u0173 saugos dir\u017eas u\u017etikrina komfort\u0105 be suvar\u017eym\u0173, o perforuota s\u0117dyn\u0117s atlo\u0161o konstrukcija u\u017etikrina lengvum\u0105, o \u0161oninis langas praturtina kelion\u0119, u\u017etikrindamas patogi\u0105 ir saugi\u0105 va\u017eiavimo patirt\u012f j\u016bs\u0173 vaikui.<\/p>\n<\/li>\n<\/ul><\/div>\n<div>\n<div>\n   &nbsp;\n  <\/div>\n<div>\n<div>\n    &nbsp;\n   <\/div>\n<div style=\"margin:16px 0px 24px;margin-bottom:24px;margin-top:16px;margin-left:0px;margin-right:0px\">\n    <strong>59 x 34 x 37 coli\u0173 88 svarai<\/strong>\n   <\/div>\n<div style=\"margin:16px 0px 24px;margin-bottom:24px;margin-top:16px;margin-left:0px;margin-right:0px\">\n    <img decoding=\"async\" style=\"width:100%\" width=\"100%\" src=\"https:\/\/d2qc09rl1gfuof.cloudfront.net\/product\/LYS100B1020ILJ9NW\/bike-trailer-a100-1.11.jpg\" slate-data-type=\"image\" \/><br \/>\n    <strong>59 x 34 x 37 coli\u0173 100 svar\u0173<\/strong>\n   <\/div><\/div><\/div>\n<div>\n<div>\n<div style=\"margin:16px 0px 24px;margin-bottom:24px;margin-top:16px;margin-left:0px;margin-right:0px\">\n    <img decoding=\"async\" style=\"width:100%\" width=\"100%\" src=\"https:\/\/d2qc09rl1gfuof.cloudfront.net\/product\/LYS2GHJG1220E5YTP\/bike-trailer-a100-1.11.jpg\" slate-data-type=\"image\" \/>\n   <\/div><\/div><\/div>\n<div style=\"font-family:&quot;Open sans&quot;, Arial, Helvetica, sans-serif\">\n<div>\n   &nbsp;\n  <\/div>\n<div>\n<div style=\"font-size:16px;font-weight:bold;color:rgb(34, 34, 34);margin:24px 0px 16px;margin-bottom:16px;margin-top:24px;margin-left:0px;margin-right:0px\">\n    &nbsp;61 x 31 x 37 coli\u0173 100 svar\u0173\n   <\/div>\n<div style=\"margin:16px 0px 24px;margin-bottom:24px;margin-top:16px;margin-left:0px;margin-right:0px\">\n    <img decoding=\"async\" style=\"width:100%\" width=\"100%\" src=\"https:\/\/d2qc09rl1gfuof.cloudfront.net\/product\/LYS2GHJG820IRLD5R\/bike-trailer-a100-1.11.jpg\" slate-data-type=\"image\" \/>\n   <\/div><\/div><\/div>\n<\/div>\n<p><\/p>\n<\/div>\n<\/div>","protected":false},"excerpt":{"rendered":"<p>Hign-concerned Chemical:&nbsp;None Seat position:&nbsp;POST Material:&nbsp;others Model Number:&nbsp;JBT03N1 Age Range:&nbsp;7-12Y Origin:&nbsp;Mainland China Brand:&nbsp;VEVOR Material:&nbsp;Carbon Steel + 600D Oxford Cloth + PP Type:&nbsp;Trailer\/Stroller Dual-Use Internal Size:&nbsp;29.1 x 24.4 x 22 in\/740 x<\/p>","protected":false},"featured_media":25472,"comment_status":"open","ping_status":"closed","template":"","meta":{"_acf_changed":false},"product_brand":[],"product_cat":[523],"product_tag":[],"class_list":{"0":"post-25471","1":"product","2":"type-product","3":"status-publish","4":"has-post-thumbnail","6":"product_cat-bike-trailers-and-wagons","8":"first","9":"instock","10":"shipping-taxable","11":"purchasable","12":"product-type-variable"},"acf":[],"_links":{"self":[{"href":"https:\/\/www.electricstore.eu\/lt\/wp-json\/wp\/v2\/product\/25471","targetHints":{"allow":["GET"]}}],"collection":[{"href":"https:\/\/www.electricstore.eu\/lt\/wp-json\/wp\/v2\/product"}],"about":[{"href":"https:\/\/www.electricstore.eu\/lt\/wp-json\/wp\/v2\/types\/product"}],"replies":[{"embeddable":true,"href":"https:\/\/www.electricstore.eu\/lt\/wp-json\/wp\/v2\/comments?post=25471"}],"wp:featuredmedia":[{"embeddable":true,"href":"https:\/\/www.electricstore.eu\/lt\/wp-json\/wp\/v2\/media\/25472"}],"wp:attachment":[{"href":"https:\/\/www.electricstore.eu\/lt\/wp-json\/wp\/v2\/media?parent=25471"}],"wp:term":[{"taxonomy":"product_brand","embeddable":true,"href":"https:\/\/www.electricstore.eu\/lt\/wp-json\/wp\/v2\/product_brand?post=25471"},{"taxonomy":"product_cat","embeddable":true,"href":"https:\/\/www.electricstore.eu\/lt\/wp-json\/wp\/v2\/product_cat?post=25471"},{"taxonomy":"product_tag","embeddable":true,"href":"https:\/\/www.electricstore.eu\/lt\/wp-json\/wp\/v2\/product_tag?post=25471"}],"curies":[{"name":"wp","href":"https:\/\/api.w.org\/{rel}","templated":true}]}}