{"id":25454,"date":"2025-05-20T18:59:26","date_gmt":"2025-05-20T18:59:26","guid":{"rendered":"https:\/\/electricstore.eu\/p\/uncategorized\/vevor-12v-motorized-electric-trailer-mover-dolly-5000lbs-towing-capacity-adjustable-clamp-jockey-wheel-for-moving-caravan-boat\/"},"modified":"2025-05-20T19:02:35","modified_gmt":"2025-05-20T19:02:35","slug":"vevor-12v-motorized-electric-trailer-mover-dolly-5000lbs-towing-capacity-adjustable-clamp-jockey-wheel-for-moving-caravan-boat","status":"publish","type":"product","link":"https:\/\/electricstore.eu\/lt\/p\/a\/vevor-12v-motorized-electric-trailer-mover-dolly-5000lbs-towing-capacity-adjustable-clamp-jockey-wheel-for-moving-caravan-boat\/","title":{"rendered":"VEVOR 12V motorizuota elektrin\u0117 priekabos perve\u017eimo platforma su 5000 svar\u0173 vilkimo galia, reguliuojamas spaustukas, skirtas nameliui ant rat\u0173"},"content":{"rendered":"<div class=\"product-specs-list-container\">\n<ul class=\"product-specs-list util-clearfix\">\n<li class=\"product-prop line-limit-length\"><span\n                                        class=\"property-title\">Labai susir\u016bpinim\u0105 kelianti chemin\u0117 med\u017eiaga:&nbsp;<\/span><span\n                                        class=\"property-desc line-limit-length\">N\u0117ra<\/span>\n                            <\/li>\n<li class=\"product-prop line-limit-length\"><span\n                                        class=\"property-title\">Kilm\u0117:&nbsp;<\/span><span\n                                        class=\"property-desc line-limit-length\">\u017demynin\u0117 Kinija<\/span>\n                            <\/li>\n<li class=\"product-prop line-limit-length\"><span\n                                        class=\"property-title\">Keliamoji galia:&nbsp;<\/span><span\n                                        class=\"property-desc line-limit-length\">5000 svar\u0173<\/span>\n                            <\/li>\n<li class=\"product-prop line-limit-length\"><span\n                                        class=\"property-title\">Prek\u0117s \u017eenklas:&nbsp;<\/span><span\n                                        class=\"property-desc line-limit-length\">VEVOR<\/span>\n                            <\/li>\n<\/ul><\/div>\n<div class=\"detailmodule_html\">\n<div class=\"detail-desc-decorate-richtext\">\n<div style=\"font-family:&quot;Open sans&quot;, Arial, Helvetica, sans-serif\">\n<div><img decoding=\"async\" style=\"width:100%\" width=\"100%\" src=\"https:\/\/d2qc09rl1gfuof.cloudfront.net\/vevor\/boutique-banner\/pc\/banner-en.jpg\" slate-data-type=\"image\"\/><\/div>\n<div>\n<div style=\"font-size:16px;font-weight:bold;text-align:center;color:rgb(34, 34, 34);margin:24px 0px;margin-bottom:24px;margin-top:24px;margin-left:0px;margin-right:0px\" align=\"center\">12 V elektrin\u0117 priekaba-ve\u017eio platforma<\/div>\n<div><img decoding=\"async\" style=\"width:100%\" width=\"100%\" src=\"https:\/\/d2qc09rl1gfuof.cloudfront.net\/product\/YXDDQYCYSB500477A\/electric-trailer-dolly-a100-1.4.jpg\" slate-data-type=\"image\"\/><\/div>\n<div style=\"font-size:14px;text-align:center;color:rgb(34, 34, 34);margin:16px 0px 24px;margin-bottom:24px;margin-top:16px;margin-left:0px;margin-right:0px\" align=\"center\">Patobulintas pastorintas laikiklis pasi\u017eymi stabilesne keliam\u0105ja galia, u\u017etikrindamas 5000 svar\u0173 vilkimo gali\u0105, kuri yra daug didesn\u0117 nei pana\u0161i\u0173 traktori\u0173 keliamoji galia. Be to, paprastas montavimo ir valdymo procesas leid\u017eia \u0161ioms sunkiosioms priekaboms taupyti darbo s\u0105naudas.<\/div>\n<\/div>\n<div>\n<div style=\"margin:8px 0px;margin-bottom:8px;margin-top:8px;margin-left:0px;margin-right:0px\"><img decoding=\"async\" style=\"width:100%\" width=\"100%\" src=\"https:\/\/d2qc09rl1gfuof.cloudfront.net\/product\/YXDDQYCYSB500477A\/electric-trailer-dolly-a100-1.12.jpg\" slate-data-type=\"image\"\/><\/div>\n<\/div>\n<div>\n<div style=\"margin:8px 0px;margin-bottom:8px;margin-top:8px;margin-left:0px;margin-right:0px\"><img decoding=\"async\" style=\"width:100%\" width=\"100%\" src=\"https:\/\/d2qc09rl1gfuof.cloudfront.net\/product\/YXDDQYCYSB500477A\/electric-trailer-dolly-a100-1.13.jpg\" slate-data-type=\"image\"\/><\/div>\n<\/div>\n<div>\n<div style=\"margin:8px 0px;margin-bottom:8px;margin-top:8px;margin-left:0px;margin-right:0px\"><img decoding=\"async\" style=\"width:100%\" width=\"100%\" src=\"https:\/\/d2qc09rl1gfuof.cloudfront.net\/product\/YXDDQYCYSB500477A\/electric-trailer-dolly-a100-1.16.jpg\" slate-data-type=\"image\"\/><\/div>\n<\/div>\n<div>\n<div style=\"margin:8px 0px;margin-bottom:8px;margin-top:8px;margin-left:0px;margin-right:0px\"><img decoding=\"async\" style=\"width:100%\" width=\"100%\" src=\"https:\/\/d2qc09rl1gfuof.cloudfront.net\/product\/YXDDQYCYSB500477A\/electric-trailer-dolly-a100-1.17.jpg\" slate-data-type=\"image\"\/><\/div>\n<\/div>\n<div>\n<div style=\"margin:8px 0px;margin-bottom:8px;margin-top:8px;margin-left:0px;margin-right:0px\"><img decoding=\"async\" style=\"width:100%\" width=\"100%\" src=\"https:\/\/d2qc09rl1gfuof.cloudfront.net\/product\/YXDDQYCYSB500477A\/electric-trailer-dolly-a100-1.18.jpg\" slate-data-type=\"image\"\/><\/div>\n<\/div>\n<div>\n<div style=\"margin:8px 0px;margin-bottom:8px;margin-top:8px;margin-left:0px;margin-right:0px\"><img decoding=\"async\" style=\"width:100%\" width=\"100%\" src=\"https:\/\/d2qc09rl1gfuof.cloudfront.net\/product\/YXDDQYCYSB500477A\/electric-trailer-dolly-a100-1.20.jpg\" slate-data-type=\"image\"\/><\/div>\n<\/div>\n<div>\n<div style=\"margin:8px 0px;margin-bottom:8px;margin-top:8px;margin-left:0px;margin-right:0px\"><img decoding=\"async\" style=\"width:100%\" width=\"100%\" src=\"https:\/\/d2qc09rl1gfuof.cloudfront.net\/product\/YXDDQYCYSB500477A\/electric-trailer-dolly-a100-1.21.jpg\" slate-data-type=\"image\"\/><\/div>\n<\/div>\n<div style=\"margin:16px 0px 24px;margin-bottom:24px;margin-top:16px;margin-left:0px;margin-right:0px\"><\/div>\n<div style=\"margin:24px 0px;margin-bottom:24px;margin-top:24px;margin-left:0px;margin-right:0px\">\n<div style=\"font-size:16px;font-weight:bold;color:rgb(34, 34, 34);margin:24px 0px 16px;margin-bottom:16px;margin-top:24px;margin-left:0px;margin-right:0px\">Savyb\u0117s ir informacija<\/div>\n<ul style=\"margin:16px 0px 24px;margin-bottom:24px;margin-top:16px;margin-left:0px;margin-right:0px\">\n<li style=\"font-size:14px;color:rgb(34, 34, 34)\">\n<p>Galingas priekab\u0173 vilkimo pagalbininkas: m\u016bs\u0173 elektrinis priekab\u0173 ve\u017eim\u0117lis, kurio keliamoji galia yra 600 svar\u0173 (apie 2247 kg), gali lengvai perve\u017eti iki 5000 svar\u0173 (apie 2614 kg) sverian\u010dias priekabas. Palyginti su \u012fprastais mini ve\u017eim\u0117liais, \u0161is priekab\u0173 ve\u017eim\u0117lis turi galingesn\u012f varikl\u012f, kurio maksimalus jud\u0117jimo greitis siekia 22 p\u0117das per minut\u0119 (apie 6,7 m).<\/p>\n<\/li>\n<li style=\"font-size:14px;color:rgb(34, 34, 34)\">\n<p>Paprastas montavimas: laikiklio spaustukas reguliuojamas 12\u201324,8 coli\u0173 diapazone. Pakelkite arba nuleiskite laikikl\u012f, kad be vargo sureguliuotum\u0117te \u0161ios priekabos ve\u017eim\u0117lio auk\u0161t\u012f ir u\u017etikrintum\u0117te maksimal\u0173 patogum\u0105.<\/p>\n<\/li>\n<li style=\"font-size:14px;color:rgb(34, 34, 34)\">\n<p>Jud\u0117kite lengvai: Jame yra 8 coli\u0173 skersmens tvirtas besisukantis guminis ratas, u\u017etikrinantis skland\u0173 ried\u0117jim\u0105 ir laisv\u0105 vairavim\u0105.<\/p>\n<\/li>\n<li style=\"font-size:14px;color:rgb(34, 34, 34)\">\n<p>Valdymas laisvai: Rankena u\u017etikrina stabil\u0173 ir tiksl\u0173 valdym\u0105, leid\u017eiant\u012f lengvai vairuoti priekabos jud\u0117jim\u0105 bet kuria kryptimi. Be to, ve\u017eim\u0117lis taip pat turi automatinio stabdymo funkcij\u0105.<\/p>\n<\/li>\n<li style=\"font-size:14px;color:rgb(34, 34, 34)\">\n<p>Saugus ir stabilus: \u0161is gaminys atitinka CE reikalavimus, u\u017etikrinan\u010dius geresn\u0119 kokyb\u0119 ir saugesn\u012f bei patikimesn\u012f naudojim\u0105. Pastaba: \u0161io gaminio nerekomenduojama naudoti ant ramp\u0173, didesni\u0173 nei 5 laipsni\u0173, purvo ir \u017evyrkeli\u0173.<\/p>\n<\/li>\n<\/ul>\n<\/div>\n<div>\n<div>\n<div style=\"margin:16px 0px 24px;margin-bottom:24px;margin-top:16px;margin-left:0px;margin-right:0px\"><img decoding=\"async\" style=\"width:100%\" width=\"100%\" src=\"https:\/\/d2qc09rl1gfuof.cloudfront.net\/product\/YXDDQYCYSB500477A\/electric-trailer-dolly-a100-1.11.jpg\" slate-data-type=\"image\"\/><\/div>\n<\/div>\n<\/div>\n<\/div>\n<\/div>\n<\/div>\n<p><\/p>","protected":false},"excerpt":{"rendered":"<p>Hign-concerned Chemical:&nbsp;None Origin:&nbsp;Mainland China Load Capacity:&nbsp;5000 lbs Brand Name:&nbsp;VEVOR 12V Electric Trailer Dolly The upgraded thickened bracket has a more stable load capacity, providing 5000 lbs towing capacity, much higher<\/p>","protected":false},"featured_media":25456,"comment_status":"open","ping_status":"closed","template":"","meta":{"_acf_changed":false},"product_brand":[],"product_cat":[525],"product_tag":[],"class_list":{"0":"post-25454","1":"product","2":"type-product","3":"status-publish","4":"has-post-thumbnail","6":"product_cat-a","8":"first","9":"instock","10":"shipping-taxable","11":"purchasable","12":"product-type-variable"},"acf":[],"_links":{"self":[{"href":"https:\/\/electricstore.eu\/lt\/wp-json\/wp\/v2\/product\/25454","targetHints":{"allow":["GET"]}}],"collection":[{"href":"https:\/\/electricstore.eu\/lt\/wp-json\/wp\/v2\/product"}],"about":[{"href":"https:\/\/electricstore.eu\/lt\/wp-json\/wp\/v2\/types\/product"}],"replies":[{"embeddable":true,"href":"https:\/\/electricstore.eu\/lt\/wp-json\/wp\/v2\/comments?post=25454"}],"wp:featuredmedia":[{"embeddable":true,"href":"https:\/\/electricstore.eu\/lt\/wp-json\/wp\/v2\/media\/25456"}],"wp:attachment":[{"href":"https:\/\/electricstore.eu\/lt\/wp-json\/wp\/v2\/media?parent=25454"}],"wp:term":[{"taxonomy":"product_brand","embeddable":true,"href":"https:\/\/electricstore.eu\/lt\/wp-json\/wp\/v2\/product_brand?post=25454"},{"taxonomy":"product_cat","embeddable":true,"href":"https:\/\/electricstore.eu\/lt\/wp-json\/wp\/v2\/product_cat?post=25454"},{"taxonomy":"product_tag","embeddable":true,"href":"https:\/\/electricstore.eu\/lt\/wp-json\/wp\/v2\/product_tag?post=25454"}],"curies":[{"name":"wp","href":"https:\/\/api.w.org\/{rel}","templated":true}]}}