{"id":25434,"date":"2025-05-20T18:59:19","date_gmt":"2025-05-20T18:59:19","guid":{"rendered":"https:\/\/electricstore.eu\/p\/uncategorized\/vevor-2-4g-remote-control-excavator-dump-truck-3-in-1-rc-model-car-digger-toy-with-light-sound-construction-vehicle-for-kid\/"},"modified":"2025-05-20T19:02:13","modified_gmt":"2025-05-20T19:02:13","slug":"vevor-2-4g-remote-control-excavator-dump-truck-3-in-1-rc-model-car-digger-toy-with-light-sound-construction-vehicle-for-kid","status":"publish","type":"product","link":"https:\/\/www.electricstore.eu\/lt\/p\/rc\/rc-cars\/vevor-2-4g-remote-control-excavator-dump-truck-3-in-1-rc-model-car-digger-toy-with-light-sound-construction-vehicle-for-kid\/","title":{"rendered":"VEVOR 2.4G nuotolinio valdymo ekskavatorius-savivartis 3 viename RC modelio automobilis-ekskavatorius \u017eaislas su \u0161viesa ir garsu statybin\u0117 transporto priemon\u0117 vaikui"},"content":{"rendered":"<div class=\"product-specs-list-container\">\n<ul class=\"product-specs-list util-clearfix\">\n<li class=\"product-prop line-limit-length\"><span\n                                        class=\"property-title\">Labai susir\u016bpinim\u0105 kelianti chemin\u0117 med\u017eiaga:&nbsp;<\/span><span\n                                        class=\"property-desc line-limit-length\">N\u0117ra<\/span>\n                            <\/li>\n<li class=\"product-prop line-limit-length\"><span\n                                        class=\"property-title\">Ar elektrinis:&nbsp;<\/span><span\n                                        class=\"property-desc line-limit-length\">N\u0117ra baterijos<\/span>\n                            <\/li>\n<li class=\"product-prop line-limit-length\"><span\n                                        class=\"property-title\">Br\u016bk\u0161ninis kodas:&nbsp;<\/span><span\n                                        class=\"property-desc line-limit-length\">Ne<\/span>\n                            <\/li>\n<li class=\"product-prop line-limit-length\"><span\n                                        class=\"property-title\">Asambl\u0117jos b\u016bsena:&nbsp;<\/span><span\n                                        class=\"property-desc line-limit-length\">Paruo\u0161tas naudoti<\/span>\n                            <\/li>\n<li class=\"product-prop line-limit-length\"><span\n                                        class=\"property-title\">Skryd\u017eio laikas:&nbsp;<\/span><span\n                                        class=\"property-desc line-limit-length\">40 min.<\/span>\n                            <\/li>\n<li class=\"product-prop line-limit-length\"><span\n                                        class=\"property-title\">Nuotolinis atstumas:&nbsp;<\/span><span\n                                        class=\"property-desc line-limit-length\">Didesnis nei 25 m<\/span>\n                            <\/li>\n<li class=\"product-prop line-limit-length\"><span\n                                        class=\"property-title\">Mastelis:&nbsp;<\/span><span\n                                        class=\"property-desc line-limit-length\">1:14<\/span>\n                            <\/li>\n<li class=\"product-prop line-limit-length\"><span\n                                        class=\"property-title\">Matmenys:&nbsp;<\/span><span\n                                        class=\"property-desc line-limit-length\">23 x 6,7 x 8 col. \/ 585 x 170 x 200 mm<\/span>\n                            <\/li>\n<li class=\"product-prop line-limit-length\"><span\n                                        class=\"property-title\">Modelio numeris:&nbsp;<\/span><span\n                                        class=\"property-desc line-limit-length\">1535-1<\/span>\n                            <\/li>\n<li class=\"product-prop line-limit-length\"><span\n                                        class=\"property-title\">\u012e komplekt\u0105 \u012feina:&nbsp;<\/span><span\n                                        class=\"property-desc line-limit-length\">Nuotolinio valdymo pultas<\/span>\n                            <\/li>\n<li class=\"product-prop line-limit-length\"><span\n                                        class=\"property-title\">Valdymo kanalai:&nbsp;<\/span><span\n                                        class=\"property-desc line-limit-length\">12 kanal\u0173 ir daugiau<\/span>\n                            <\/li>\n<li class=\"product-prop line-limit-length\"><span\n                                        class=\"property-title\">\u012ekrovimo \u012ftampa:&nbsp;<\/span><span\n                                        class=\"property-desc line-limit-length\">5V2A<\/span>\n                            <\/li>\n<li class=\"product-prop line-limit-length\"><span\n                                        class=\"property-title\">Nuotolinio valdymo pultas:&nbsp;<\/span><span\n                                        class=\"property-desc line-limit-length\">Taip<\/span>\n                            <\/li>\n<li class=\"product-prop line-limit-length\"><span\n                                        class=\"property-title\">Med\u017eiaga:&nbsp;<\/span><span\n                                        class=\"property-desc line-limit-length\">Plastikas<\/span>\n                            <\/li>\n<li class=\"product-prop line-limit-length\"><span\n                                        class=\"property-title\">Rekomenduojamas am\u017eius:&nbsp;<\/span><span\n                                        class=\"property-desc line-limit-length\">6\u201312 met\u0173<\/span>\n                            <\/li>\n<li class=\"product-prop line-limit-length\"><span\n                                        class=\"property-title\">Kilm\u0117:&nbsp;<\/span><span\n                                        class=\"property-desc line-limit-length\">\u017demynin\u0117 Kinija<\/span>\n                            <\/li>\n<li class=\"product-prop line-limit-length\"><span\n                                        class=\"property-title\">Tipas:&nbsp;<\/span><span\n                                        class=\"property-desc line-limit-length\">Automobilis<\/span>\n                            <\/li>\n<li class=\"product-prop line-limit-length\"><span\n                                        class=\"property-title\">Savyb\u0117s:&nbsp;<\/span><span\n                                        class=\"property-desc line-limit-length\">NUOTOLINIS VALDYMAS<\/span>\n                            <\/li>\n<\/ul><\/div>\n<div class=\"detailmodule_html\">\n<div class=\"detail-desc-decorate-richtext\">\n<div style=\"font-family:&quot;Open sans&quot;, Arial, Helvetica, sans-serif\">\n<div><img decoding=\"async\" style=\"width:100%\" width=\"100%\" src=\"https:\/\/d2qc09rl1gfuof.cloudfront.net\/vevor\/boutique-banner\/pc\/banner-en.jpg\" slate-data-type=\"image\"\/><\/div>\n<div>\n<div style=\"font-size:16px;font-weight:bold;text-align:center;color:rgb(34, 34, 34);margin:24px 0px;margin-bottom:24px;margin-top:24px;margin-left:0px;margin-right:0px\" align=\"center\">Realisti\u0161kas nuotolinio valdymo ekskavatorius<\/div>\n<div><img decoding=\"async\" style=\"width:100%\" width=\"100%\" src=\"https:\/\/d2qc09rl1gfuof.cloudfront.net\/product\/PTKWJJ3HYGN1OF8VS\/remote-control-excavator-a100-1.4-pt.jpg\" slate-data-type=\"image\"\/><\/div>\n<div style=\"font-size:14px;text-align:center;color:rgb(34, 34, 34);margin:16px 0px 24px;margin-bottom:24px;margin-top:16px;margin-left:0px;margin-right:0px\" align=\"center\">1:14 mastelio nuotolinio valdymo ekskavatorius turi lydinio kau\u0161\u0105 ir kirtikl\u012f, kurie suteikia itin tikrovi\u0161k\u0105 metalin\u012f poj\u016bt\u012f ir \u012ftraukian\u010di\u0105 statyb\u0173 patirt\u012f.<\/div>\n<\/div>\n<div>\n<div style=\"margin:8px 0px;margin-bottom:8px;margin-top:8px;margin-left:0px;margin-right:0px\"><img decoding=\"async\" style=\"width:100%\" width=\"100%\" src=\"https:\/\/d2qc09rl1gfuof.cloudfront.net\/product\/PTKWJJ3HYGN1OF8VS\/remote-control-excavator-a100-2.2-pt.jpg\" slate-data-type=\"image\"\/><\/div>\n<div style=\"font-size:14px;text-align:center;color:rgb(34, 34, 34);margin:16px 0px 24px;margin-bottom:24px;margin-top:16px;margin-left:0px;margin-right:0px\" align=\"center\">M\u016bs\u0173 RC ekskavatorius turi kau\u0161\u0105, kirtikl\u012f ir \u017enyples, kuri\u0173 kiekvienas turi atskir\u0105 valdym\u0105. Jis imituoja tokius judesius kaip kasimas, jud\u0117jimas ir st\u016bmimas, suteikdamas tikr\u0105 ekskavatoriaus patirt\u012f, kartu \u012ftraukdamas vaikus ir skatindamas j\u0173 k\u016brybi\u0161kum\u0105.<\/div>\n<\/div>\n<div>\n<div style=\"margin:8px 0px;margin-bottom:8px;margin-top:8px;margin-left:0px;margin-right:0px\"><img decoding=\"async\" style=\"width:100%\" width=\"100%\" src=\"https:\/\/d2qc09rl1gfuof.cloudfront.net\/product\/PTKWJJ3HYGN1OF8VS\/remote-control-excavator-a100-2.3-pt.jpg\" slate-data-type=\"image\"\/><\/div>\n<div style=\"font-size:14px;text-align:center;color:rgb(34, 34, 34);margin:16px 0px 24px;margin-bottom:24px;margin-top:16px;margin-left:0px;margin-right:0px\" align=\"center\">Nuotolinio valdymo ekskavatorius turi 2,4 GHz si\u0173stuv\u0105, u\u017etikrinant\u012f skland\u017ei\u0105 navigacij\u0105 iki 82 p\u0117d\u0173 atstumu ir apsaugant\u012f nuo trukd\u017ei\u0173, kad keli \u017eaid\u0117jai gal\u0117t\u0173 m\u0117gautis \u017eaidimu be trikd\u017ei\u0173.<\/div>\n<\/div>\n<div>\n<div style=\"margin:8px 0px;margin-bottom:8px;margin-top:8px;margin-left:0px;margin-right:0px\"><img decoding=\"async\" style=\"width:100%\" width=\"100%\" src=\"https:\/\/d2qc09rl1gfuof.cloudfront.net\/product\/PTKWJJ3HYGN1OF8VS\/remote-control-excavator-a100-2.4-pt.jpg\" slate-data-type=\"image\"\/><\/div>\n<div style=\"font-size:14px;text-align:center;color:rgb(34, 34, 34);margin:16px 0px 24px;margin-bottom:24px;margin-top:16px;margin-left:0px;margin-right:0px\" align=\"center\">Storo guminio vik\u0161ro konstrukcija u\u017etikrina patvarum\u0105 ir atsparum\u0105 dilimui. Vaikams skirtas radijo bangomis valdomas ekskavatorius susidoroja su nelygiu reljefu, tokiu kaip \u017eol\u0117, sm\u0117lis ir \u017evyras, skatindamas \u017eaisti lauke ir tyrin\u0117ti aplink\u0105.<\/div>\n<\/div>\n<div>\n<div style=\"margin:8px 0px;margin-bottom:8px;margin-top:8px;margin-left:0px;margin-right:0px\"><img decoding=\"async\" style=\"width:100%\" width=\"100%\" src=\"https:\/\/d2qc09rl1gfuof.cloudfront.net\/product\/PTKWJJ3HYGN1OF8VS\/remote-control-excavator-a100-2.5-pt.jpg\" slate-data-type=\"image\"\/><\/div>\n<div style=\"font-size:14px;text-align:center;color:rgb(34, 34, 34);margin:16px 0px 24px;margin-bottom:24px;margin-top:16px;margin-left:0px;margin-right:0px\" align=\"center\">Dvi 500 mAh baterijos u\u017etikrina 80 minu\u010di\u0173 \u017eaidimo laiko, o jas lengva pakeisti, kad gal\u0117tum\u0117te ilgiau m\u0117gautis pramogomis lauke. Tai leid\u017eia nuotoliniu b\u016bdu valdomam ekskavatoriaus \u017eaislui atlikti dar daugiau funkcij\u0173 ir suteikti jums daugiau malonumo. Baterijos yra saugios, patvarios ir \u012fkraunamos, kad b\u016bt\u0173 galima naudoti ilgiau.<\/div>\n<\/div>\n<div style=\"margin:16px 0px 24px;margin-bottom:24px;margin-top:16px;margin-left:0px;margin-right:0px\"><\/div>\n<div style=\"margin:24px 0px;margin-bottom:24px;margin-top:24px;margin-left:0px;margin-right:0px\">\n<div style=\"font-size:16px;font-weight:bold;color:rgb(34, 34, 34);margin:24px 0px 16px;margin-bottom:16px;margin-top:24px;margin-left:0px;margin-right:0px\">Savyb\u0117s ir informacija<\/div>\n<ul style=\"margin:16px 0px 24px;margin-bottom:24px;margin-top:16px;margin-left:0px;margin-right:0px\">\n<li style=\"font-size:14px;color:rgb(34, 34, 34)\">\n<p>Realistinis dizainas: Sukurtas pagal tikr\u0105 ekskavatori\u0173, nuotolinio valdymo ekskavatorius yra 1:14 masteliu ir turi metalin\u012f kibir\u0105, metalin\u012f kirtikl\u012f ir \u017enyples \u2013 ne\u012ftik\u0117tinai tikrovi\u0161k\u0105 i\u0161vaizd\u0105 su metaliniu poj\u016b\u010diu.<\/p>\n<\/li>\n<li style=\"font-size:14px;color:rgb(34, 34, 34)\">\n<p>\u012etraukianti patirtis: Nuotolinio valdymo ekskavatoriaus str\u0117l\u0117 turi 3 nepriklausomus variklius, leid\u017eian\u010dius tiksliai valdyti didel\u0119 str\u0117l\u0119, ma\u017e\u0105j\u0105 str\u0117l\u0119 ir kau\u0161\u0105, kad b\u016bt\u0173 galima kasti sm\u0117l\u012f, \u017evyr\u0105 ir kt., taip u\u017etikrinant realesn\u012f kasimo potyr\u012f.<\/p>\n<\/li>\n<li style=\"font-size:14px;color:rgb(34, 34, 34)\">\n<p>Nuotolinio valdymo pultas: \u012erengtas 2,4 GHz anti-interferenciniu auk\u0161to da\u017enio nuotolinio valdymo pultu, nuotolinio valdymo ekskavatoriaus \u017eaislas gali b\u016bti valdomas iki 82 p\u0117d\u0173 atstumu, o keli \u017eaid\u0117jai gali m\u0117gautis be trukd\u017ei\u0173.<\/p>\n<\/li>\n<li style=\"font-size:14px;color:rgb(34, 34, 34)\">\n<p>Guminiai vik\u0161rai: RC ekskavatorius yra patvarus ir atsparus dilimui. Jo vik\u0161rai u\u017etikrina puik\u0173 sukibim\u0105 ir gali va\u017eiuoti \u012fvairiais nelygiais pavir\u0161iais, \u012fskaitant kilimus, papl\u016bdimius, \u017eol\u0119 ir snieg\u0105, skatindami vaikus tyrin\u0117ti gamt\u0105 ir bendrauti su gamta.<\/p>\n<\/li>\n<li style=\"font-size:14px;color:rgb(34, 34, 34)\">\n<p>Ilgas baterijos veikimo laikas: M\u016bs\u0173 vaikams skirtas RC ekskavatorius turi dvi 500 mAh \u012fkraunamas baterijas, kurios leid\u017eia \u017eaisti iki 80 minu\u010di\u0173. Greitai pakei\u010diant baterijas, vaikai gali toliau smagiai leisti laik\u0105 lauke.<\/p>\n<\/li>\n<\/ul>\n<\/div>\n<div>\n<div>\n<div style=\"margin:16px 0px 24px;margin-bottom:24px;margin-top:16px;margin-left:0px;margin-right:0px\"><img decoding=\"async\" style=\"width:100%\" width=\"100%\" src=\"https:\/\/d2qc09rl1gfuof.cloudfront.net\/product\/PTKWJJ3HYGN1OF8VS\/remote-control-excavator-a100-1.11-pt.jpg\" slate-data-type=\"image\"\/><\/div>\n<\/div>\n<\/div>\n<\/div>\n<\/div>\n<\/div>\n<p><\/p>","protected":false},"excerpt":{"rendered":"<p>Hign-concerned Chemical:&nbsp;None Is Electric:&nbsp;No battery Barcode:&nbsp;No State of Assembly:&nbsp;Ready-to-Go Flight Time:&nbsp;40min Remote Distance:&nbsp;Greater than 25m Scale:&nbsp;1:14 Dimensions:&nbsp;23 x 6.7 x 8 in \/ 585 x 170 x 200 mm Model<\/p>","protected":false},"featured_media":25435,"comment_status":"open","ping_status":"closed","template":"","meta":{"_acf_changed":false},"product_brand":[],"product_cat":[519],"product_tag":[],"class_list":{"0":"post-25434","1":"product","2":"type-product","3":"status-publish","4":"has-post-thumbnail","6":"product_cat-rc-cars","8":"first","9":"instock","10":"shipping-taxable","11":"purchasable","12":"product-type-variable"},"acf":[],"_links":{"self":[{"href":"https:\/\/www.electricstore.eu\/lt\/wp-json\/wp\/v2\/product\/25434","targetHints":{"allow":["GET"]}}],"collection":[{"href":"https:\/\/www.electricstore.eu\/lt\/wp-json\/wp\/v2\/product"}],"about":[{"href":"https:\/\/www.electricstore.eu\/lt\/wp-json\/wp\/v2\/types\/product"}],"replies":[{"embeddable":true,"href":"https:\/\/www.electricstore.eu\/lt\/wp-json\/wp\/v2\/comments?post=25434"}],"wp:featuredmedia":[{"embeddable":true,"href":"https:\/\/www.electricstore.eu\/lt\/wp-json\/wp\/v2\/media\/25435"}],"wp:attachment":[{"href":"https:\/\/www.electricstore.eu\/lt\/wp-json\/wp\/v2\/media?parent=25434"}],"wp:term":[{"taxonomy":"product_brand","embeddable":true,"href":"https:\/\/www.electricstore.eu\/lt\/wp-json\/wp\/v2\/product_brand?post=25434"},{"taxonomy":"product_cat","embeddable":true,"href":"https:\/\/www.electricstore.eu\/lt\/wp-json\/wp\/v2\/product_cat?post=25434"},{"taxonomy":"product_tag","embeddable":true,"href":"https:\/\/www.electricstore.eu\/lt\/wp-json\/wp\/v2\/product_tag?post=25434"}],"curies":[{"name":"wp","href":"https:\/\/api.w.org\/{rel}","templated":true}]}}