{"id":25422,"date":"2025-05-20T18:59:14","date_gmt":"2025-05-20T18:59:14","guid":{"rendered":"https:\/\/electricstore.eu\/p\/uncategorized\/vevor-300lbs-beach-fishing-cart-fish-marine-foldable-cart-with-four-11-wheels-8-rod-holders-pier-wagon-trolley-for-sand-picnic\/"},"modified":"2025-05-20T19:02:13","modified_gmt":"2025-05-20T19:02:13","slug":"vevor-300lbs-beach-fishing-cart-fish-marine-foldable-cart-with-four-11-wheels-8-rod-holders-pier-wagon-trolley-for-sand-picnic","status":"publish","type":"product","link":"https:\/\/www.electricstore.eu\/lt\/p\/o\/bike-trailers-and-wagons\/vevor-300lbs-beach-fishing-cart-fish-marine-foldable-cart-with-four-11-wheels-8-rod-holders-pier-wagon-trolley-for-sand-picnic\/","title":{"rendered":"VEVOR 300lbs papl\u016bdimio \u017evejybos ve\u017eim\u0117lis, j\u016brinis sulankstomas ve\u017eim\u0117lis su keturiais 11 coli\u0173 ratais, 8 me\u0161keri\u0173 laikikliais, prieplaukos ve\u017eim\u0117lis i\u0161kylai sm\u0117lyje"},"content":{"rendered":"<div class=\"product-specs-list-container\">\n<ul class=\"product-specs-list util-clearfix\">\n<li class=\"product-prop line-limit-length\"><span\n                                        class=\"property-title\">Labai susir\u016bpinim\u0105 kelianti chemin\u0117 med\u017eiaga:&nbsp;<\/span><span\n                                        class=\"property-desc line-limit-length\">N\u0117ra<\/span>\n                            <\/li>\n<li class=\"product-prop line-limit-length\"><span\n                                        class=\"property-title\">Kilm\u0117:&nbsp;<\/span><span\n                                        class=\"property-desc line-limit-length\">\u017demynin\u0117 Kinija<\/span>\n                            <\/li>\n<li class=\"product-prop line-limit-length\"><span\n                                        class=\"property-title\">Prek\u0117s \u017eenklas:&nbsp;<\/span><span\n                                        class=\"property-desc line-limit-length\">VEVOR<\/span>\n                            <\/li>\n<li class=\"product-prop line-limit-length\"><span\n                                        class=\"property-title\">Prek\u0117s modelio numeris:&nbsp;<\/span><span\n                                        class=\"property-desc line-limit-length\">YK-600<\/span>\n                            <\/li>\n<li class=\"product-prop line-limit-length\"><span\n                                        class=\"property-title\">Maksimali apkrova:&nbsp;<\/span><span\n                                        class=\"property-desc line-limit-length\">300 svar\u0173 \/ 136,07 kg<\/span>\n                            <\/li>\n<li class=\"product-prop line-limit-length\"><span\n                                        class=\"property-title\">Produkto svoris:&nbsp;<\/span><span\n                                        class=\"property-desc line-limit-length\">41,22 svaro \/ 18,7 kg<\/span>\n                            <\/li>\n<li class=\"product-prop line-limit-length\"><span\n                                        class=\"property-title\">Produkto dydis:&nbsp;<\/span><span\n                                        class=\"property-desc line-limit-length\">55,11 x 24,6 x 38,58 col. \/ 1400 x 625 x 980 mm<\/span>\n                            <\/li>\n<li class=\"product-prop line-limit-length\"><span\n                                        class=\"property-title\">Funkcija:&nbsp;<\/span><span\n                                        class=\"property-desc line-limit-length\">Sulankstomas dizainas<\/span>\n                            <\/li>\n<\/ul><\/div>\n<div class=\"detailmodule_html\">\n<div class=\"detail-desc-decorate-richtext\">\n<p><\/p>\n<div style=\"margin:0px;margin-bottom:0px;margin-top:0px;margin-left:0px;margin-right:0px;padding:0px;padding-bottom:0px;padding-top:0px;padding-left:0px;padding-right:0px\"><img decoding=\"async\" style=\"margin:0px;margin-bottom:0px;margin-top:0px;margin-left:0px;margin-right:0px;padding:0px;padding-bottom:0px;padding-top:0px;padding-left:0px;padding-right:0px;max-width:100%;width:2242.67px\" width=\"2242.67px\" src=\"https:\/\/d2qc09rl1gfuof.cloudfront.net\/vevor\/boutique-banner\/pc\/banner-en.jpg\" slate-data-type=\"image\"\/><\/div>\n<div style=\"margin:0px;margin-bottom:0px;margin-top:0px;margin-left:0px;margin-right:0px;padding:0px;padding-bottom:0px;padding-top:0px;padding-left:0px;padding-right:0px\">\n<div style=\"font-size:16px;font-weight:bold;text-align:center;color:rgb(34, 34, 34);margin:24px 0px;margin-bottom:24px;margin-top:24px;margin-left:0px;margin-right:0px;padding:0px;padding-bottom:0px;padding-top:0px;padding-left:0px;padding-right:0px\" align=\"center\">VEVOR papl\u016bdimio \u017evejybos ve\u017eim\u0117lis: j\u016bs\u0173 patikimas draugas lauke<\/div>\n<div style=\"margin:0px;margin-bottom:0px;margin-top:0px;margin-left:0px;margin-right:0px;padding:0px;padding-bottom:0px;padding-top:0px;padding-left:0px;padding-right:0px\"><img decoding=\"async\" style=\"margin:0px;margin-bottom:0px;margin-top:0px;margin-left:0px;margin-right:0px;padding:0px;padding-bottom:0px;padding-top:0px;padding-left:0px;padding-right:0px;max-width:100%;width:2242.67px\" width=\"2242.67px\" src=\"https:\/\/d2qc09rl1gfuof.cloudfront.net\/product\/SLKYJCKZD000GFIOE\/fishing-cart-a100-1.4.jpg\" slate-data-type=\"image\"\/><\/div>\n<div style=\"font-size:14px;text-align:center;color:rgb(34, 34, 34);margin:16px 0px 24px;margin-bottom:24px;margin-top:16px;margin-left:0px;margin-right:0px;padding:0px;padding-bottom:0px;padding-top:0px;padding-left:0px;padding-right:0px\" align=\"center\">\u012esivaizduokite: \u017evejybos ve\u017eim\u0117lis su tvirtu plieniniu r\u0117mu, skland\u017eiai riedan\u010diu ant 11 coli\u0173 gumini\u0173 pripu\u010diam\u0173 rat\u0173. Jo matmenys \u2013 30,9 x 18,5 x 16,3 colio (86 x 45 x 41 cm), o su 8 me\u0161keri\u0173 laikikliais jis gali gabenti iki 300 svar\u0173 (136 kg) \u2013 tai puikus j\u016bs\u0173 partneris \u017evejybos nuotykiuose.<\/div>\n<\/div>\n<div style=\"margin:0px;margin-bottom:0px;margin-top:0px;margin-left:0px;margin-right:0px;padding:0px;padding-bottom:0px;padding-top:0px;padding-left:0px;padding-right:0px\">\n<div style=\"margin:8px 0px;margin-bottom:8px;margin-top:8px;margin-left:0px;margin-right:0px;padding:0px;padding-bottom:0px;padding-top:0px;padding-left:0px;padding-right:0px\"><img decoding=\"async\" style=\"margin:0px;margin-bottom:0px;margin-top:0px;margin-left:0px;margin-right:0px;padding:0px;padding-bottom:0px;padding-top:0px;padding-left:0px;padding-right:0px;max-width:100%;width:2242.67px\" width=\"2242.67px\" src=\"https:\/\/d2qc09rl1gfuof.cloudfront.net\/product\/SLKYJCKZD000GFIOE\/fishing-cart-a100-2.2.jpg\" slate-data-type=\"image\"\/><\/div>\n<div style=\"font-size:14px;text-align:center;color:rgb(34, 34, 34);margin:16px 0px 24px;margin-bottom:24px;margin-top:16px;margin-left:0px;margin-right:0px;padding:0px;padding-bottom:0px;padding-top:0px;padding-left:0px;padding-right:0px\" align=\"center\">M\u016bs\u0173 papl\u016bdimio \u017evejybos ve\u017eim\u0117lis pasi\u017eymi ratukais, kurie m\u0117gsta i\u0161\u0161\u016bkius \u2013 nesvarbu, ar tai sm\u0117l\u0117ti papl\u016bdimiai, uol\u0117ti takai, ar \u017eol\u0117ti laukai, jie kiekvien\u0105 kelion\u0119 paver\u010dia skland\u017eia ir lengva.<\/div>\n<\/div>\n<div style=\"margin:0px;margin-bottom:0px;margin-top:0px;margin-left:0px;margin-right:0px;padding:0px;padding-bottom:0px;padding-top:0px;padding-left:0px;padding-right:0px\">\n<div style=\"margin:8px 0px;margin-bottom:8px;margin-top:8px;margin-left:0px;margin-right:0px;padding:0px;padding-bottom:0px;padding-top:0px;padding-left:0px;padding-right:0px\"><img decoding=\"async\" style=\"margin:0px;margin-bottom:0px;margin-top:0px;margin-left:0px;margin-right:0px;padding:0px;padding-bottom:0px;padding-top:0px;padding-left:0px;padding-right:0px;max-width:100%;width:2242.67px\" width=\"2242.67px\" src=\"https:\/\/d2qc09rl1gfuof.cloudfront.net\/product\/SLKYJCKZD000GFIOE\/fishing-cart-a100-2.3.jpg\" slate-data-type=\"image\"\/><\/div>\n<div style=\"font-size:14px;text-align:center;color:rgb(34, 34, 34);margin:16px 0px 24px;margin-bottom:24px;margin-top:16px;margin-left:0px;margin-right:0px;padding:0px;padding-bottom:0px;padding-top:0px;padding-left:0px;padding-right:0px\" align=\"center\">Patobulinome var\u017etus i\u0161 ner\u016bdijan\u010dio plieno, kurie atspar\u016bs atsilaisvinimui, r\u016bdims ir dilimui, u\u017etikrindami tvirt\u0105, patikim\u0105 \u017evejybos papl\u016bdimio ve\u017eim\u0117l\u012f, kuris i\u0161laiko form\u0105 net ir po ilgalaikio naudojimo.<\/div>\n<\/div>\n<div style=\"margin:0px;margin-bottom:0px;margin-top:0px;margin-left:0px;margin-right:0px;padding:0px;padding-bottom:0px;padding-top:0px;padding-left:0px;padding-right:0px\">\n<div style=\"margin:8px 0px;margin-bottom:8px;margin-top:8px;margin-left:0px;margin-right:0px;padding:0px;padding-bottom:0px;padding-top:0px;padding-left:0px;padding-right:0px\"><img decoding=\"async\" style=\"margin:0px;margin-bottom:0px;margin-top:0px;margin-left:0px;margin-right:0px;padding:0px;padding-bottom:0px;padding-top:0px;padding-left:0px;padding-right:0px;max-width:100%;width:2242.67px\" width=\"2242.67px\" src=\"https:\/\/d2qc09rl1gfuof.cloudfront.net\/product\/SLKYJCKZD000GFIOE\/fishing-cart-a100-2.4.jpg\" slate-data-type=\"image\"\/><\/div>\n<div style=\"font-size:14px;text-align:center;color:rgb(34, 34, 34);margin:16px 0px 24px;margin-bottom:24px;margin-top:16px;margin-left:0px;margin-right:0px;padding:0px;padding-bottom:0px;padding-top:0px;padding-left:0px;padding-right:0px\" align=\"center\">Atsisveikinkite su varginan\u010diu ratuk\u0173 montavimu. M\u016bs\u0173 ve\u017eim\u0117lis su prieplauka turi paprast\u0105 kai\u0161\u010di\u0173 mechanizm\u0105, leid\u017eiant\u012f greitai ir lengvai pritvirtinti bei nuimti ratukus, bei O formos \u017eiedo kai\u0161t\u012f, kad jaustum\u0117t\u0117s ramiau.<\/div>\n<\/div>\n<div style=\"margin:0px;margin-bottom:0px;margin-top:0px;margin-left:0px;margin-right:0px;padding:0px;padding-bottom:0px;padding-top:0px;padding-left:0px;padding-right:0px\">\n<div style=\"margin:8px 0px;margin-bottom:8px;margin-top:8px;margin-left:0px;margin-right:0px;padding:0px;padding-bottom:0px;padding-top:0px;padding-left:0px;padding-right:0px\"><img decoding=\"async\" style=\"margin:0px;margin-bottom:0px;margin-top:0px;margin-left:0px;margin-right:0px;padding:0px;padding-bottom:0px;padding-top:0px;padding-left:0px;padding-right:0px;max-width:100%;width:2242.67px\" width=\"2242.67px\" src=\"https:\/\/d2qc09rl1gfuof.cloudfront.net\/product\/SLKYJCKZD000GFIOE\/fishing-cart-a100-2.5.jpg\" slate-data-type=\"image\"\/><\/div>\n<div style=\"font-size:14px;text-align:center;color:rgb(34, 34, 34);margin:16px 0px 24px;margin-bottom:24px;margin-top:16px;margin-left:0px;margin-right:0px;padding:0px;padding-bottom:0px;padding-top:0px;padding-left:0px;padding-right:0px\" align=\"center\">Daugiau nei tik \u017evejybos kompanionas! Nesvarbu, ar fotografuojate lauke, i\u0161kylaujate ar stovyklaujate, \u0161is \u017evejybos ve\u017eim\u0117lis prie molo lengvai susidoros su visa j\u016bs\u0173 \u012franga, tod\u0117l nereik\u0117s nuolat keliauti pirmyn ir atgal.<\/div>\n<\/div>\n<div style=\"margin:16px 0px 24px;margin-bottom:24px;margin-top:16px;margin-left:0px;margin-right:0px;padding:0px;padding-bottom:0px;padding-top:0px;padding-left:0px;padding-right:0px\"><\/div>\n<div style=\"margin:24px 0px;margin-bottom:24px;margin-top:24px;margin-left:0px;margin-right:0px;padding:0px;padding-bottom:0px;padding-top:0px;padding-left:0px;padding-right:0px\">\n<div style=\"font-size:16px;font-weight:bold;color:rgb(34, 34, 34);margin:24px 0px 16px;margin-bottom:16px;margin-top:24px;margin-left:0px;margin-right:0px;padding:0px;padding-bottom:0px;padding-top:0px;padding-left:0px;padding-right:0px\">Savyb\u0117s ir informacija<\/div>\n<ul style=\"margin:16px 0px 24px;margin-bottom:24px;margin-top:16px;margin-left:0px;margin-right:0px;padding:0px;padding-bottom:0px;padding-top:0px;padding-left:0px;padding-right:0px\">\n<li style=\"font-size:14px;color:rgb(34, 34, 34);margin:0px;margin-bottom:0px;margin-top:0px;margin-left:0px;margin-right:0px;padding:0px;padding-bottom:0px;padding-top:0px;padding-left:0px;padding-right:0px\">\n<p>Tvirtas r\u0117mas: susipa\u017einkite su VEVOR papl\u016bdimio \u017evejybos ve\u017eim\u0117liu, pagamintu i\u0161 auk\u0161tos kokyb\u0117s plieno, tod\u0117l \u0161is r\u0117mas yra ne tik tvirtas, bet ir atsparus r\u016bdijimui. Tai tarsi patikimas \u017evejybos draugas, kuris niekada j\u016bs\u0173 nenuvils. Be to, jis lengvas \u2013 tod\u0117l galite sutelkti d\u0117mes\u012f \u012f laimik\u012f, o ne \u012f ne\u0161iojim\u0105!<\/p>\n<\/li>\n<li style=\"font-size:14px;color:rgb(34, 34, 34);margin:0px;margin-bottom:0px;margin-top:0px;margin-left:0px;margin-right:0px;padding:0px;padding-bottom:0px;padding-top:0px;padding-left:0px;padding-right:0px\">\n<p>Prakti\u0161ki pripu\u010diami ratai: \u0161is \u017evejybos papl\u016bdimio ve\u017eim\u0117lis apr\u016bpintas 11 coli\u0173 guminiais pripu\u010diamais ratais, kurie slysta per sm\u0117l\u012f, purv\u0105, \u017evyr\u0105 ir \u017eol\u0119 kaip svajon\u0117. \u0160ie ratai ne tik ne\u0161a j\u016bs\u0173 krovin\u012f; jie padaro j\u016bs\u0173 kelion\u0119 \u012f tobul\u0105 \u017evejybos viet\u0105 toki\u0105 pat skland\u017ei\u0105, kaip ir j\u016bs\u0173 m\u0117gstama me\u0161ker\u0117.<\/p>\n<\/li>\n<li style=\"font-size:14px;color:rgb(34, 34, 34);margin:0px;margin-bottom:0px;margin-top:0px;margin-left:0px;margin-right:0px;padding:0px;padding-bottom:0px;padding-top:0px;padding-left:0px;padding-right:0px\">\n<p>600D Oksfordo audinys: patirkite dvisluoksnio 600D Oksfordo audinio patvarum\u0105. Jis ne tik atsparus dilimui, bet ir vandeniui. Pamir\u0161kite rauk\u0161les ar \u012fply\u0161imus ir m\u0117gaukit\u0117s \u017evejybos ve\u017eim\u0117liu, kuris kiekvien\u0105 kelion\u0119 atrodys kaip naujas.<\/p>\n<\/li>\n<li style=\"font-size:14px;color:rgb(34, 34, 34);margin:0px;margin-bottom:0px;margin-top:0px;margin-left:0px;margin-right:0px;padding:0px;padding-bottom:0px;padding-top:0px;padding-left:0px;padding-right:0px\">\n<p>Sulankstomas dizainas: M\u016bs\u0173 prieplaukos \u017evejybos ve\u017eim\u0117lis susilanksto iki kompakti\u0161k\u0173 30,51 x 24,6 x 15,74 colio matmen\u0173 ir turi patogius 11 coli\u0173 ratus. Surinkimas yra labai paprastas naudojant pridedamus \u012frankius, tod\u0117l visada b\u016bsite vos u\u017e keli\u0173 \u017eingsni\u0173 nuo kito \u017evejybos nuotykio.<\/p>\n<\/li>\n<li style=\"font-size:14px;color:rgb(34, 34, 34);margin:0px;margin-bottom:0px;margin-top:0px;margin-left:0px;margin-right:0px;padding:0px;padding-bottom:0px;padding-top:0px;padding-left:0px;padding-right:0px\">\n<p>Daugiafunkcis ir ne\u0161iojamas: \u0161is prieplaukos ve\u017eim\u0117lis su 8 me\u0161keri\u0173 laikikliais ir ne\u0161iojamu me\u0161keri\u0173 \u012fd\u0117jimo dizainu pakeis \u017eaidimo taisykles me\u0161keriotojams. 2 coli\u0173 skersmens laikikliai tinka \u012fvairioms me\u0161ker\u0117ms. Svarbiausia \u2013 patogumas: paimkite me\u0161ker\u0119, u\u017emeskite j\u0105 ir \u017evejyba galite prasid\u0117ti akimirksniu.<\/p>\n<\/li>\n<\/ul>\n<\/div>\n<div style=\"margin:0px;margin-bottom:0px;margin-top:0px;margin-left:0px;margin-right:0px;padding:0px;padding-bottom:0px;padding-top:0px;padding-left:0px;padding-right:0px\">\n<div style=\"margin:0px;margin-bottom:0px;margin-top:0px;margin-left:0px;margin-right:0px;padding:0px;padding-bottom:0px;padding-top:0px;padding-left:0px;padding-right:0px\">\n<div style=\"margin:16px 0px 24px;margin-bottom:24px;margin-top:16px;margin-left:0px;margin-right:0px;padding:0px;padding-bottom:0px;padding-top:0px;padding-left:0px;padding-right:0px\"><img decoding=\"async\" style=\"margin:0px;margin-bottom:0px;margin-top:0px;margin-left:0px;margin-right:0px;padding:0px;padding-bottom:0px;padding-top:0px;padding-left:0px;padding-right:0px;max-width:100%;width:2242.67px\" width=\"2242.67px\" src=\"https:\/\/d2qc09rl1gfuof.cloudfront.net\/product\/SLKYJCKZD000GFIOE\/fishing-cart-a100-1.11.jpg\" slate-data-type=\"image\"\/><\/div>\n<\/div>\n<\/div>\n<div style=\"margin:0px;margin-bottom:0px;margin-top:0px;margin-left:0px;margin-right:0px;padding:0px;padding-bottom:0px;padding-top:0px;padding-left:0px;padding-right:0px\">\n<div style=\"margin:0px;margin-bottom:0px;margin-top:0px;margin-left:0px;margin-right:0px;padding:0px;padding-bottom:0px;padding-top:0px;padding-left:0px;padding-right:0px\">\n<div style=\"margin:16px 0px 24px;margin-bottom:24px;margin-top:16px;margin-left:0px;margin-right:0px;padding:0px;padding-bottom:0px;padding-top:0px;padding-left:0px;padding-right:0px\"><\/div>\n<\/div>\n<\/div>\n<p><\/p>\n<\/div>\n<\/div>","protected":false},"excerpt":{"rendered":"<p>Hign-concerned Chemical:&nbsp;None Origin:&nbsp;Mainland China Brand Name:&nbsp;VEVOR Item Model Number:&nbsp;YK-600 Max Load Capacity:&nbsp;300 lbs\/136.07 kg Product Weight:&nbsp;41.22 lbs\/18.7 kg Product Size:&nbsp;55.11 x 24.6 x 38.58 in\/1400 x 625 x 980 mm<\/p>","protected":false},"featured_media":25423,"comment_status":"open","ping_status":"closed","template":"","meta":{"_acf_changed":false},"product_brand":[],"product_cat":[523],"product_tag":[],"class_list":{"0":"post-25422","1":"product","2":"type-product","3":"status-publish","4":"has-post-thumbnail","6":"product_cat-bike-trailers-and-wagons","8":"first","9":"instock","10":"shipping-taxable","11":"purchasable","12":"product-type-variable"},"acf":[],"_links":{"self":[{"href":"https:\/\/www.electricstore.eu\/lt\/wp-json\/wp\/v2\/product\/25422","targetHints":{"allow":["GET"]}}],"collection":[{"href":"https:\/\/www.electricstore.eu\/lt\/wp-json\/wp\/v2\/product"}],"about":[{"href":"https:\/\/www.electricstore.eu\/lt\/wp-json\/wp\/v2\/types\/product"}],"replies":[{"embeddable":true,"href":"https:\/\/www.electricstore.eu\/lt\/wp-json\/wp\/v2\/comments?post=25422"}],"wp:featuredmedia":[{"embeddable":true,"href":"https:\/\/www.electricstore.eu\/lt\/wp-json\/wp\/v2\/media\/25423"}],"wp:attachment":[{"href":"https:\/\/www.electricstore.eu\/lt\/wp-json\/wp\/v2\/media?parent=25422"}],"wp:term":[{"taxonomy":"product_brand","embeddable":true,"href":"https:\/\/www.electricstore.eu\/lt\/wp-json\/wp\/v2\/product_brand?post=25422"},{"taxonomy":"product_cat","embeddable":true,"href":"https:\/\/www.electricstore.eu\/lt\/wp-json\/wp\/v2\/product_cat?post=25422"},{"taxonomy":"product_tag","embeddable":true,"href":"https:\/\/www.electricstore.eu\/lt\/wp-json\/wp\/v2\/product_tag?post=25422"}],"curies":[{"name":"wp","href":"https:\/\/api.w.org\/{rel}","templated":true}]}}