{"id":25411,"date":"2025-05-20T18:59:11","date_gmt":"2025-05-20T18:59:11","guid":{"rendered":"https:\/\/electricstore.eu\/p\/uncategorized\/vevor-45km-h-4wd-rc-car-118-all-terrain-off-road-with-high-speed-remote-control-truck-drift-monster-toys-gifts-for-boys-kids\/"},"modified":"2025-05-20T19:01:51","modified_gmt":"2025-05-20T19:01:51","slug":"vevor-45km-h-4wd-rc-car-118-all-terrain-off-road-with-high-speed-remote-control-truck-drift-monster-toys-gifts-for-boys-kids","status":"publish","type":"product","link":"https:\/\/www.electricstore.eu\/lt\/p\/rc\/rc-cars\/vevor-45km-h-4wd-rc-car-118-all-terrain-off-road-with-high-speed-remote-control-truck-drift-monster-toys-gifts-for-boys-kids\/","title":{"rendered":"VEVOR 45KM\/H 4WD RC automobilis 1:18 visureigis visureigis su didelio grei\u010dio nuotolinio valdymo sunkve\u017eimiu, dreifo monstras, \u017eaislai, dovanos berniukams ir vaikams"},"content":{"rendered":"<div class=\"product-specs-list-container\">\n<ul class=\"product-specs-list util-clearfix\">\n<li class=\"product-prop line-limit-length\"><span\n                                        class=\"property-title\">Labai susir\u016bpinim\u0105 kelianti chemin\u0117 med\u017eiaga:&nbsp;<\/span><span\n                                        class=\"property-desc line-limit-length\">N\u0117ra<\/span>\n                            <\/li>\n<li class=\"product-prop line-limit-length\"><span\n                                        class=\"property-title\">Ar elektrinis:&nbsp;<\/span><span\n                                        class=\"property-desc line-limit-length\">N\u0117ra baterijos<\/span>\n                            <\/li>\n<li class=\"product-prop line-limit-length\"><span\n                                        class=\"property-title\">Br\u016bk\u0161ninis kodas:&nbsp;<\/span><span\n                                        class=\"property-desc line-limit-length\">Ne<\/span>\n                            <\/li>\n<li class=\"product-prop line-limit-length\"><span\n                                        class=\"property-title\">Galia:&nbsp;<\/span><span\n                                        class=\"property-desc line-limit-length\">Elektrinis<\/span>\n                            <\/li>\n<li class=\"product-prop line-limit-length\"><span\n                                        class=\"property-title\">Asambl\u0117jos b\u016bsena:&nbsp;<\/span><span\n                                        class=\"property-desc line-limit-length\">Paruo\u0161tas naudoti<\/span>\n                            <\/li>\n<li class=\"product-prop line-limit-length\"><span\n                                        class=\"property-title\">Skryd\u017eio laikas:&nbsp;<\/span><span\n                                        class=\"property-desc line-limit-length\">21 min.<\/span>\n                            <\/li>\n<li class=\"product-prop line-limit-length\"><span\n                                        class=\"property-title\">Nuotolinis atstumas:&nbsp;<\/span><span\n                                        class=\"property-desc line-limit-length\">100 m+<\/span>\n                            <\/li>\n<li class=\"product-prop line-limit-length\"><span\n                                        class=\"property-title\">Mastelis:&nbsp;<\/span><span\n                                        class=\"property-desc line-limit-length\">1:18<\/span>\n                            <\/li>\n<li class=\"product-prop line-limit-length\"><span\n                                        class=\"property-title\">Matmenys:&nbsp;<\/span><span\n                                        class=\"property-desc line-limit-length\">10,6 x 7,9 x 3,9 col. \/ 270 x 200 x 100 mm<\/span>\n                            <\/li>\n<li class=\"product-prop line-limit-length\"><span\n                                        class=\"property-title\">Modelio numeris:&nbsp;<\/span><span\n                                        class=\"property-desc line-limit-length\">300E<\/span>\n                            <\/li>\n<li class=\"product-prop line-limit-length\"><span\n                                        class=\"property-title\">\u012e komplekt\u0105 \u012feina:&nbsp;<\/span><span\n                                        class=\"property-desc line-limit-length\">Nuotolinio valdymo pultas<\/span>\n                            <\/li>\n<li class=\"product-prop line-limit-length\"><span\n                                        class=\"property-title\">Nuotolinio valdymo pultas:&nbsp;<\/span><span\n                                        class=\"property-desc line-limit-length\">Taip<\/span>\n                            <\/li>\n<li class=\"product-prop line-limit-length\"><span\n                                        class=\"property-title\">Med\u017eiaga:&nbsp;<\/span><span\n                                        class=\"property-desc line-limit-length\">Metalas<\/span>\n                            <\/li>\n<li class=\"product-prop line-limit-length\"><span\n                                        class=\"property-title\">Rekomenduojamas am\u017eius:&nbsp;<\/span><span\n                                        class=\"property-desc line-limit-length\">6\u201312 met\u0173<\/span>\n                            <\/li>\n<li class=\"product-prop line-limit-length\"><span\n                                        class=\"property-title\">Kilm\u0117:&nbsp;<\/span><span\n                                        class=\"property-desc line-limit-length\">\u017demynin\u0117 Kinija<\/span>\n                            <\/li>\n<li class=\"product-prop line-limit-length\"><span\n                                        class=\"property-title\">Dizainas:&nbsp;<\/span><span\n                                        class=\"property-desc line-limit-length\">Automobiliai<\/span>\n                            <\/li>\n<li class=\"product-prop line-limit-length\"><span\n                                        class=\"property-title\">Tipas:&nbsp;<\/span><span\n                                        class=\"property-desc line-limit-length\">Automobilis<\/span>\n                            <\/li>\n<li class=\"product-prop line-limit-length\"><span\n                                        class=\"property-title\">Savyb\u0117s:&nbsp;<\/span><span\n                                        class=\"property-desc line-limit-length\">NUOTOLINIS VALDYMAS<\/span>\n                            <\/li>\n<\/ul><\/div>\n<div class=\"detailmodule_html\">\n<div class=\"detail-desc-decorate-richtext\">\n<div style=\"font-family:&quot;Open sans&quot;, Arial, Helvetica, sans-serif\">\n<div><img decoding=\"async\" style=\"width:100%\" width=\"100%\" src=\"https:\/\/d2qc09rl1gfuof.cloudfront.net\/vevor\/boutique-banner\/pc\/banner-en.jpg\" slate-data-type=\"image\"\/><\/div>\n<div>\n<div style=\"font-size:16px;font-weight:bold;text-align:center;color:rgb(34, 34, 34);margin:24px 0px;margin-bottom:24px;margin-top:24px;margin-left:0px;margin-right:0px\" align=\"center\">Nuotolinio valdymo visureigio automobilis, mastelis 1:18<\/div>\n<div><img decoding=\"async\" style=\"width:100%\" width=\"100%\" src=\"https:\/\/d2qc09rl1gfuof.cloudfront.net\/product\/SQZQYKYYCWSD5U146\/rc-offroad-truck-a100-1.4-pt.jpg\" slate-data-type=\"image\"\/><\/div>\n<div style=\"font-size:14px;text-align:center;color:rgb(34, 34, 34);margin:16px 0px 24px;margin-bottom:24px;margin-top:16px;margin-left:0px;margin-right:0px\" align=\"center\">M\u016bs\u0173 1:18 mastelio nuotoliniu b\u016bdu valdomas visureigis pasi\u017eymi metaliniu kardaniniu velenu, 20 000 aps.\/min. be\u0161epet\u0117liniu varikliu, tolygiu grei\u010dio reguliavimu ir didelio sukibimo padangomis, kurios pad\u0117s \u012fveikti bet kok\u012f reljef\u0105. Patvari konstrukcija ir ilgas baterijos veikimo laikas u\u017etikrina nesibaigian\u010dias pramogas ir jaudul\u012f, tod\u0117l kiekviena vairavimo patirtis bus kupina staigmen\u0173!<\/div>\n<\/div>\n<div>\n<div style=\"margin:8px 0px;margin-bottom:8px;margin-top:8px;margin-left:0px;margin-right:0px\"><img decoding=\"async\" style=\"width:100%\" width=\"100%\" src=\"https:\/\/d2qc09rl1gfuof.cloudfront.net\/product\/SQZQYKYYCWSD5U146\/rc-offroad-truck-a100-2.2-pt.jpg\" slate-data-type=\"image\"\/><\/div>\n<div style=\"font-size:14px;text-align:center;color:rgb(34, 34, 34);margin:16px 0px 24px;margin-bottom:24px;margin-top:16px;margin-left:0px;margin-right:0px\" align=\"center\">Su didelio sukibimo gumin\u0117mis padangomis ir metaliniu kardaniniu velenu, u\u017etikrinan\u010diu stipr\u0173 galios perdavim\u0105, \u0161is nuotoliniu b\u016bdu valdomas automobilis yra j\u016bs\u0173 vis\u0173 vietovi\u0173 u\u017ekariautojas. Patobulintas hidraulin\u0117s amortizatori\u0173 sistemos, jis lengvai \u012fveikia kli\u016btis.<\/div>\n<\/div>\n<div>\n<div style=\"margin:8px 0px;margin-bottom:8px;margin-top:8px;margin-left:0px;margin-right:0px\"><img decoding=\"async\" style=\"width:100%\" width=\"100%\" src=\"https:\/\/d2qc09rl1gfuof.cloudfront.net\/product\/SQZQYKYYCWSD5U146\/rc-offroad-truck-a100-2.3-pt.jpg\" slate-data-type=\"image\"\/><\/div>\n<div style=\"font-size:14px;text-align:center;color:rgb(34, 34, 34);margin:16px 0px 24px;margin-bottom:24px;margin-top:16px;margin-left:0px;margin-right:0px\" align=\"center\">\u0160is nuotoliniu b\u016bdu valdomas automobilis vaikams leis jums visi\u0161kai m\u0117gautis vairavimo jauduliu, o belaidis valdymo atstumas \u2013 100 m, tod\u0117l gal\u0117site laisvai lenktyniauti. 20 000 aps.\/min. didelio grei\u010dio variklis u\u017etikrina stipr\u0173 na\u0161um\u0105 ir lengvai \u012fveikia \u012fvairius reljefo i\u0161\u0161\u016bkius.<\/div>\n<\/div>\n<div>\n<div style=\"margin:8px 0px;margin-bottom:8px;margin-top:8px;margin-left:0px;margin-right:0px\"><img decoding=\"async\" style=\"width:100%\" width=\"100%\" src=\"https:\/\/d2qc09rl1gfuof.cloudfront.net\/product\/SQZQYKYYCWSD5U146\/rc-offroad-truck-a100-2.4-pt.jpg\" slate-data-type=\"image\"\/><\/div>\n<div style=\"font-size:14px;text-align:center;color:rgb(34, 34, 34);margin:16px 0px 24px;margin-bottom:24px;margin-top:16px;margin-left:0px;margin-right:0px\" align=\"center\">Nesijaudinkite d\u0117l lieting\u0173 dien\u0173 ar purvin\u0173 viet\u0173 \u2013 su IPX4 atsparumo vandeniui funkcija m\u016bs\u0173 nuotoliniu b\u016bdu valdomas monstras sunkve\u017eimis tikrai pakels j\u016bs\u0173 lauko tyrin\u0117jimo malonumus \u012f kit\u0105 lyg\u012f.<\/div>\n<\/div>\n<div>\n<div style=\"margin:8px 0px;margin-bottom:8px;margin-top:8px;margin-left:0px;margin-right:0px\"><img decoding=\"async\" style=\"width:100%\" width=\"100%\" src=\"https:\/\/d2qc09rl1gfuof.cloudfront.net\/product\/SQZQYKYYCWSD5U146\/rc-offroad-truck-a100-2.5-pt.jpg\" slate-data-type=\"image\"\/><\/div>\n<div style=\"font-size:14px;text-align:center;color:rgb(34, 34, 34);margin:16px 0px 24px;margin-bottom:24px;margin-top:16px;margin-left:0px;margin-right:0px\" align=\"center\">\u0160is visureigio nuotoliniu b\u016bdu valdomas sunkve\u017eimis su 2 \u012fkraunamomis baterijomis veikia \u012fsp\u016bdingai \u2013 iki 42 minu\u010di\u0173, leisdamas vaikams visi\u0161kai m\u0117gautis vairavimo nuotykiais. D\u0117l greito USB \u012fkrovimo \u012fkraunamas tik apie 3 valandas, tod\u0117l j\u016bs\u0173 vaikai tur\u0117s daugiau laiko \u017eaisti.<\/div>\n<\/div>\n<div style=\"margin:16px 0px 24px;margin-bottom:24px;margin-top:16px;margin-left:0px;margin-right:0px\"><\/div>\n<div style=\"margin:24px 0px;margin-bottom:24px;margin-top:24px;margin-left:0px;margin-right:0px\">\n<div style=\"font-size:16px;font-weight:bold;color:rgb(34, 34, 34);margin:24px 0px 16px;margin-bottom:16px;margin-top:24px;margin-left:0px;margin-right:0px\">Savyb\u0117s ir informacija<\/div>\n<ul style=\"margin:16px 0px 24px;margin-bottom:24px;margin-top:16px;margin-left:0px;margin-right:0px\">\n<li style=\"font-size:14px;color:rgb(34, 34, 34)\">\n<p>Puikus va\u017eiavimas bekele: M\u016bs\u0173 1:18 nuotolinio valdymo automobilis apr\u016bpintas keturi\u0173 varan\u010di\u0173j\u0173 rat\u0173 sistema, tvirtu metaliniu kardaniniu velenu, 20 000 aps.\/min. itin greitu varikliu ir didelio sukibimo gumin\u0117mis padangomis, pasi\u017eymin\u010diomis i\u0161skirtin\u0117mis bekel\u0117s savyb\u0117mis, leid\u017eian\u010diomis susidoroti su bet kokiu reljefu \u2013 \u017eole, \u0161laitais, \u017evyru, purvu ir sm\u0117liu.<\/p>\n<\/li>\n<li style=\"font-size:14px;color:rgb(34, 34, 34)\">\n<p>Did\u017eiausias vairavimo malonumas: patobulintas vairo mechanizmu, \u0161is radijo bangomis valdomas visureigio automobilis gali pakelti priekinius ratus iki 45\u00b0, i\u0161laikydamas stabilum\u0105 ir atlikdamas \u012fsp\u016bdingus triukus. Kartu su 45\u00b0 vairavimo kampu, didelio tikslumo servo varikliu ir hidrauliniu amortizatoriumi jis lengvai \u012fveikia staigius pos\u016bkius, \u012fveikia sta\u010dius \u0161laitus ir nelyg\u0173 reljef\u0105, suteikdamas neprilygstam\u0105 lenktyni\u0173 patirt\u012f.<\/p>\n<\/li>\n<li style=\"font-size:14px;color:rgb(34, 34, 34)\">\n<p>Tolygus grei\u010dio reguliavimas: nuo l\u0117to va\u017eiavimo iki didelio grei\u010dio lenktyni\u0173 (iki 45 km\/h), \u0161io 4x4 visureigio radijo bangomis valdomo automobilio tolygus grei\u010dio reguliavimas puikiai tinka kiekvienam vaikui \u2013 nuo pradedan\u010di\u0173j\u0173 iki patyrusi\u0173 lenktyninink\u0173. Jie gali pasirinkti sau tinkam\u0105 greit\u012f, kad lenktyn\u0117s b\u016bt\u0173 saugios arba jaudinan\u010dios.<\/p>\n<\/li>\n<li style=\"font-size:14px;color:rgb(34, 34, 34)\">\n<p>Ma\u017eiau \u012fkrovimo, ilgesn\u0117s lenktyni\u0173 pramogos: \u0161is visureigio nuotoliniu b\u016bdu valdomas sunkve\u017eimis su dviem 1500 mAh li\u010dio baterijomis u\u017etikrina galing\u0105 ir ilgalaik\u0119 gali\u0105, leisdamas vaikams m\u0117gautis iki 42 minu\u010di\u0173 lenktyni\u0173 pramogomis. Tur\u0117damas lengvai pasiekiam\u0105 USB prievad\u0105 \u012fvairiems maitinimo \u0161altiniams (\u012fskaitant i\u0161orin\u0119 baterij\u0105) ir greito \u012fkrovimo funkcij\u0105, visureigis gali gr\u012f\u017eti \u012f tras\u0105 ma\u017edaug per 3 valandas.<\/p>\n<\/li>\n<li style=\"font-size:14px;color:rgb(34, 34, 34)\">\n<p>Geresn\u0117 patirtis: IPX4 atsparumo vandeniui \u012fvertinimas, 328 p\u0117d\u0173 nuotolinio valdymo pultas, didelio tikslumo pagrindinis velenas, sustiprintas kaulo formos str\u0117l\u0117, efektyvus diferencialas, priekiniai \u017eibintai ir patvari nailono bei anglinio plieno va\u017eiuokl\u0117 \u2013 kiekviena kruop\u0161\u010diai apgalvota detal\u0117 sukurta taip, kad b\u016bt\u0173 sukurtas tobulas nuotolinio valdymo sunkve\u017eimis vaikams, suteikiantis jiems daugiau \u012fdomi\u0173 nuotyki\u0173.<\/p>\n<\/li>\n<\/ul>\n<\/div>\n<div>\n<div>\n<div style=\"margin:16px 0px 24px;margin-bottom:24px;margin-top:16px;margin-left:0px;margin-right:0px\"><img decoding=\"async\" style=\"width:100%\" width=\"100%\" src=\"https:\/\/d2qc09rl1gfuof.cloudfront.net\/product\/SQZQYKYYCWSD5U146\/rc-offroad-truck-a100-1.11-pt.jpg\" slate-data-type=\"image\"\/><\/div>\n<\/div>\n<\/div>\n<\/div>\n<\/div>\n<\/div>\n<p><\/p>","protected":false},"excerpt":{"rendered":"<p>Hign-concerned Chemical:&nbsp;None Is Electric:&nbsp;No battery Barcode:&nbsp;No Power:&nbsp;Electric State of Assembly:&nbsp;Ready-to-Go Flight Time:&nbsp;21min Remote Distance:&nbsp;100m+ Scale:&nbsp;1:18 Dimensions:&nbsp;10.6 x 7.9 x 3.9 in \/ 270 x 200 x 100 mm Model Number:&nbsp;300E<\/p>","protected":false},"featured_media":25412,"comment_status":"open","ping_status":"closed","template":"","meta":{"_acf_changed":false},"product_brand":[],"product_cat":[519],"product_tag":[],"class_list":{"0":"post-25411","1":"product","2":"type-product","3":"status-publish","4":"has-post-thumbnail","6":"product_cat-rc-cars","8":"first","9":"instock","10":"shipping-taxable","11":"purchasable","12":"product-type-variable"},"acf":[],"_links":{"self":[{"href":"https:\/\/www.electricstore.eu\/lt\/wp-json\/wp\/v2\/product\/25411","targetHints":{"allow":["GET"]}}],"collection":[{"href":"https:\/\/www.electricstore.eu\/lt\/wp-json\/wp\/v2\/product"}],"about":[{"href":"https:\/\/www.electricstore.eu\/lt\/wp-json\/wp\/v2\/types\/product"}],"replies":[{"embeddable":true,"href":"https:\/\/www.electricstore.eu\/lt\/wp-json\/wp\/v2\/comments?post=25411"}],"wp:featuredmedia":[{"embeddable":true,"href":"https:\/\/www.electricstore.eu\/lt\/wp-json\/wp\/v2\/media\/25412"}],"wp:attachment":[{"href":"https:\/\/www.electricstore.eu\/lt\/wp-json\/wp\/v2\/media?parent=25411"}],"wp:term":[{"taxonomy":"product_brand","embeddable":true,"href":"https:\/\/www.electricstore.eu\/lt\/wp-json\/wp\/v2\/product_brand?post=25411"},{"taxonomy":"product_cat","embeddable":true,"href":"https:\/\/www.electricstore.eu\/lt\/wp-json\/wp\/v2\/product_cat?post=25411"},{"taxonomy":"product_tag","embeddable":true,"href":"https:\/\/www.electricstore.eu\/lt\/wp-json\/wp\/v2\/product_tag?post=25411"}],"curies":[{"name":"wp","href":"https:\/\/api.w.org\/{rel}","templated":true}]}}