{"id":25391,"date":"2025-05-20T18:59:01","date_gmt":"2025-05-20T18:59:01","guid":{"rendered":"https:\/\/electricstore.eu\/p\/uncategorized\/vevor-500lbs-beach-fishing-cart-marine-cart-with-four-13-big-wheels-6-rod-holders-aluminum-pier-wagon-trolley-for-sand-picnic\/"},"modified":"2025-05-20T19:00:58","modified_gmt":"2025-05-20T19:00:58","slug":"vevor-500lbs-beach-fishing-cart-marine-cart-with-four-13-big-wheels-6-rod-holders-aluminum-pier-wagon-trolley-for-sand-picnic","status":"publish","type":"product","link":"https:\/\/www.electricstore.eu\/lt\/p\/o\/bike-trailers-and-wagons\/vevor-500lbs-beach-fishing-cart-marine-cart-with-four-13-big-wheels-6-rod-holders-aluminum-pier-wagon-trolley-for-sand-picnic\/","title":{"rendered":"VEVOR 500 svar\u0173 papl\u016bdimio \u017evejybos ve\u017eim\u0117lis su keturiais 13 coli\u0173 dideliais ratais, 6 me\u0161keri\u0173 laikikliais, aliuminio prieplaukos ve\u017eim\u0117lis i\u0161kylai prie j\u016bros"},"content":{"rendered":"<div class=\"product-specs-list-container\">\n<ul class=\"product-specs-list util-clearfix\">\n<li class=\"product-prop line-limit-length\"><span\n                                        class=\"property-title\">Labai susir\u016bpinim\u0105 kelianti chemin\u0117 med\u017eiaga:&nbsp;<\/span><span\n                                        class=\"property-desc line-limit-length\">N\u0117ra<\/span>\n                            <\/li>\n<li class=\"product-prop line-limit-length\"><span\n                                        class=\"property-title\">Kilm\u0117:&nbsp;<\/span><span\n                                        class=\"property-desc line-limit-length\">\u017demynin\u0117 Kinija<\/span>\n                            <\/li>\n<li class=\"product-prop line-limit-length\"><span\n                                        class=\"property-title\">Modelio numeris:&nbsp;<\/span><span\n                                        class=\"property-desc line-limit-length\">YK-500<\/span>\n                            <\/li>\n<li class=\"product-prop line-limit-length\"><span\n                                        class=\"property-title\">Keliamoji galia:&nbsp;<\/span><span\n                                        class=\"property-desc line-limit-length\">500 svar\u0173 \/ 226,79 kg<\/span>\n                            <\/li>\n<li class=\"product-prop line-limit-length\"><span\n                                        class=\"property-title\">Prek\u0117s \u017eenklas:&nbsp;<\/span><span\n                                        class=\"property-desc line-limit-length\">VEVOR<\/span>\n                            <\/li>\n<li class=\"product-prop line-limit-length\"><span\n                                        class=\"property-title\">Prek\u0117s \u017eenklas:&nbsp;<\/span><span\n                                        class=\"property-desc line-limit-length\">VEVOR<\/span>\n                            <\/li>\n<li class=\"product-prop line-limit-length\"><span\n                                        class=\"property-title\">Prek\u0117s svoris:&nbsp;<\/span><span\n                                        class=\"property-desc line-limit-length\">44,53 svaro \/ 20,2 kg<\/span>\n                            <\/li>\n<li class=\"product-prop line-limit-length\"><span\n                                        class=\"property-title\">Maksimali keliamoji galia:&nbsp;<\/span><span\n                                        class=\"property-desc line-limit-length\">500 svar\u0173 \/ 226,79 kg<\/span>\n                            <\/li>\n<li class=\"product-prop line-limit-length\"><span\n                                        class=\"property-title\">Rat\u0173 dydis:&nbsp;<\/span><span\n                                        class=\"property-desc line-limit-length\">12 col. \/ 305 mm (13 col. \/ 330 mm po prip\u016btimo)<\/span>\n                            <\/li>\n<li class=\"product-prop line-limit-length\"><span\n                                        class=\"property-title\">Vidinis r\u0117mo dydis:&nbsp;<\/span><span\n                                        class=\"property-desc line-limit-length\">45,9 x 27 x 7,9 col. \/ 1165 x 685 x 200 mm<\/span>\n                            <\/li>\n<li class=\"product-prop line-limit-length\"><span\n                                        class=\"property-title\">Produkto dydis:&nbsp;<\/span><span\n                                        class=\"property-desc line-limit-length\">53,14 x 31,1 x 38,58 col. \/ 1350 x 790 x 980 mm<\/span>\n                            <\/li>\n<li class=\"product-prop line-limit-length\"><span\n                                        class=\"property-title\">Tipas:&nbsp;<\/span><span\n                                        class=\"property-desc line-limit-length\">Papl\u016bdimio \u017evejybos ve\u017eim\u0117lis<\/span>\n                            <\/li>\n<\/ul><\/div>\n<div class=\"detailmodule_dynamic\"><kse:widget data-widget-type=\"customText\" id=\"1005000000821364\" type=\"relation\"><\/kse:widget><\/div>\n<div class=\"detailmodule_html\">\n<div class=\"detail-desc-decorate-richtext\">\n<div style=\"font-family:&quot;Open sans&quot;, Arial, Helvetica, sans-serif\">\n<div><img decoding=\"async\" style=\"width:100%\" width=\"100%\" src=\"https:\/\/d2qc09rl1gfuof.cloudfront.net\/vevor\/boutique-banner\/pc\/banner-en.jpg\" slate-data-type=\"image\"\/><\/div>\n<div>\n<div style=\"font-size:16px;font-weight:bold;text-align:center;color:rgb(34, 34, 34);margin:24px 0px;margin-bottom:24px;margin-top:24px;margin-left:0px;margin-right:0px\" align=\"center\">VEVOR papl\u016bdimio \u017evejybos ve\u017eim\u0117lis: j\u016bs\u0173 patikimas draugas lauke<\/div>\n<div><img decoding=\"async\" style=\"width:100%\" width=\"100%\" src=\"https:\/\/d2qc09rl1gfuof.cloudfront.net\/product\/SLKYJCBKZD00X0T74\/fishing-cart-a100-1.4.jpg\" slate-data-type=\"image\"\/><\/div>\n<div style=\"font-size:14px;text-align:center;color:rgb(34, 34, 34);margin:16px 0px 24px;margin-bottom:24px;margin-top:16px;margin-left:0px;margin-right:0px\" align=\"center\">\u012esivaizduokite: \u017evejybos ve\u017eim\u0117lis su tvirtu aliuminio r\u0117mu, skland\u017eiai riedan\u010diu ant 13 coli\u0173 pripu\u010diam\u0173 PU rat\u0173. 45,9 x 27 x 7,9 colio matmenys ir 6 me\u0161keri\u0173 laikikliai leid\u017eia ve\u017eti iki 500 svar\u0173 (apie 227 kg) \u2013 tai puikus j\u016bs\u0173 partneris \u017evejybos nuotykiuose.<\/div>\n<\/div>\n<div>\n<div style=\"margin:8px 0px;margin-bottom:8px;margin-top:8px;margin-left:0px;margin-right:0px\"><img decoding=\"async\" style=\"width:100%\" width=\"100%\" src=\"https:\/\/d2qc09rl1gfuof.cloudfront.net\/product\/SLKYJCBKZD00X0T74\/fishing-cart-a100-2.2.jpg\" slate-data-type=\"image\"\/><\/div>\n<div style=\"font-size:14px;text-align:center;color:rgb(34, 34, 34);margin:16px 0px 24px;margin-bottom:24px;margin-top:16px;margin-left:0px;margin-right:0px\" align=\"center\">M\u016bs\u0173 papl\u016bdimio \u017evejybos ve\u017eim\u0117lis pasi\u017eymi ratukais, kurie m\u0117gsta i\u0161\u0161\u016bkius \u2013 nesvarbu, ar tai sm\u0117l\u0117ti papl\u016bdimiai, uol\u0117ti takai, ar \u017eol\u0117ti laukai, jie kiekvien\u0105 kelion\u0119 paver\u010dia skland\u017eia ir lengva.<\/div>\n<\/div>\n<div>\n<div style=\"margin:8px 0px;margin-bottom:8px;margin-top:8px;margin-left:0px;margin-right:0px\"><img decoding=\"async\" style=\"width:100%\" width=\"100%\" src=\"https:\/\/d2qc09rl1gfuof.cloudfront.net\/product\/SLKYJCBKZD00X0T74\/fishing-cart-a100-2.3.jpg\" slate-data-type=\"image\"\/><\/div>\n<div style=\"font-size:14px;text-align:center;color:rgb(34, 34, 34);margin:16px 0px 24px;margin-bottom:24px;margin-top:16px;margin-left:0px;margin-right:0px\" align=\"center\">Patobulinome var\u017etus i\u0161 ner\u016bdijan\u010dio plieno, kurie atspar\u016bs atsilaisvinimui, r\u016bdims ir dilimui, u\u017etikrindami tvirt\u0105, patikim\u0105 \u017evejybos papl\u016bdimio ve\u017eim\u0117l\u012f, kuris i\u0161laiko form\u0105 net ir po ilgalaikio naudojimo.<\/div>\n<\/div>\n<div>\n<div style=\"margin:8px 0px;margin-bottom:8px;margin-top:8px;margin-left:0px;margin-right:0px\"><img decoding=\"async\" style=\"width:100%\" width=\"100%\" src=\"https:\/\/d2qc09rl1gfuof.cloudfront.net\/product\/SLKYJCBKZD00X0T74\/fishing-cart-a100-2.4.jpg\" slate-data-type=\"image\"\/><\/div>\n<div style=\"font-size:14px;text-align:center;color:rgb(34, 34, 34);margin:16px 0px 24px;margin-bottom:24px;margin-top:16px;margin-left:0px;margin-right:0px\" align=\"center\">Atsisveikinkite su varginan\u010diu ratuk\u0173 montavimu. M\u016bs\u0173 ve\u017eim\u0117lis su prieplauka turi paprast\u0105 kai\u0161\u010di\u0173 mechanizm\u0105, leid\u017eiant\u012f greitai ir lengvai pritvirtinti bei nuimti ratukus, bei O formos \u017eiedo kai\u0161t\u012f, kad jaustum\u0117t\u0117s ramiau.<\/div>\n<\/div>\n<div>\n<div style=\"margin:8px 0px;margin-bottom:8px;margin-top:8px;margin-left:0px;margin-right:0px\"><img decoding=\"async\" style=\"width:100%\" width=\"100%\" src=\"https:\/\/d2qc09rl1gfuof.cloudfront.net\/product\/SLKYJCBKZD00X0T74\/fishing-cart-a100-2.5.jpg\" slate-data-type=\"image\"\/><\/div>\n<div style=\"font-size:14px;text-align:center;color:rgb(34, 34, 34);margin:16px 0px 24px;margin-bottom:24px;margin-top:16px;margin-left:0px;margin-right:0px\" align=\"center\">Daugiau nei tik \u017evejybos kompanionas! Nesvarbu, ar fotografuojate lauke, i\u0161kylaujate ar stovyklaujate, \u0161is \u017evejybos ve\u017eim\u0117lis prie molo lengvai susidoros su visa j\u016bs\u0173 \u012franga, tod\u0117l nereik\u0117s nuolat keliauti pirmyn ir atgal.<\/div>\n<\/div>\n<div style=\"margin:16px 0px 24px;margin-bottom:24px;margin-top:16px;margin-left:0px;margin-right:0px\"><\/div>\n<div style=\"margin:24px 0px;margin-bottom:24px;margin-top:24px;margin-left:0px;margin-right:0px\">\n<div style=\"font-size:16px;font-weight:bold;color:rgb(34, 34, 34);margin:24px 0px 16px;margin-bottom:16px;margin-top:24px;margin-left:0px;margin-right:0px\">Savyb\u0117s ir informacija<\/div>\n<ul style=\"margin:16px 0px 24px;margin-bottom:24px;margin-top:16px;margin-left:0px;margin-right:0px\">\n<li style=\"font-size:14px;color:rgb(34, 34, 34)\">\n<p>Tvirtas r\u0117mas: susipa\u017einkite su VEVOR papl\u016bdimio \u017evejybos ve\u017eim\u0117liu, pagamintu i\u0161 auk\u0161tos kokyb\u0117s aliuminio, tod\u0117l \u0161is r\u0117mas yra ne tik tvirtas, bet ir atsparus r\u016bdijimui. Tai tarsi patikimas \u017evejybos draugas, kuris niekada j\u016bs\u0173 nenuvils. Be to, jis lengvas \u2013 tod\u0117l galite sutelkti d\u0117mes\u012f \u012f laimik\u012f, o ne \u012f ne\u0161iojim\u0105!<\/p>\n<\/li>\n<li style=\"font-size:14px;color:rgb(34, 34, 34)\">\n<p>Prakti\u0161ki PU ratukai: \u0161is \u017evejybos papl\u016bdimio ve\u017eim\u0117lis apr\u016bpintas 13 coli\u0173 PU pripu\u010diamais ratukais, kurie slysta per sm\u0117l\u012f, purv\u0105, \u017evyr\u0105 ir \u017eol\u0119 kaip svajon\u0117. \u0160ie ratukai ne tik ne\u0161a j\u016bs\u0173 krovin\u012f, bet ir u\u017etikrina, kad j\u016bs\u0173 kelion\u0117 \u012f tobul\u0105 \u017evejybos viet\u0105 b\u016bt\u0173 tokia pat sklandi, kaip ir j\u016bs\u0173 m\u0117gstama me\u0161ker\u0117.<\/p>\n<\/li>\n<li style=\"font-size:14px;color:rgb(34, 34, 34)\">\n<p>Daug vietos daiktams susid\u0117ti: D\u0117l 45,9 colio ilgio, 27 coli\u0173 plo\u010dio ir 7,9 colio auk\u0161\u010dio r\u0117mo bei tvirt\u0173 13 coli\u0173 rat\u0173 \u0161is \u017evejybos ve\u017eim\u0117lis gali atlaikyti iki 500 svar\u0173 (apie 500 svar\u0173) svorio krovin\u012f. Banglen\u010di\u0173 \u012franga, papl\u016bdimio reikmenys ir dar daugiau \u2013 susipakuokite ir leiskit\u0117s \u012f kelion\u0119 be joki\u0173 r\u016bpes\u010di\u0173!<\/p>\n<\/li>\n<li style=\"font-size:14px;color:rgb(34, 34, 34)\">\n<p>Hermeti\u0161ka konstrukcija: atsisveikinkite su pamest\u0173 daikt\u0173 vargu! M\u016bs\u0173 \u017evejybos ve\u017eim\u0117lis prie molo pasi\u017eymi sumaniai suprojektuotu sandariu dugnu, kuriame viskas \u2013 nuo ma\u017e\u0173 \u012franki\u0173 iki didesni\u0173 \u2013 saugiai laikosi savo vietose. Svarbiausia \u2013 tvarkingos ir organizuotos kelion\u0117s kiekvien\u0105 kart\u0105.<\/p>\n<\/li>\n<li style=\"font-size:14px;color:rgb(34, 34, 34)\">\n<p>Daugiafunkcis ir ne\u0161iojamas: \u0161is prieplaukos ve\u017eim\u0117lis su 6 me\u0161keri\u0173 laikikliais ir ne\u0161iojamu me\u0161keri\u0173 \u012fd\u0117jimo dizainu pakeis \u017eaidimo taisykles me\u0161keriotojams. 2 coli\u0173 skersmens laikikliai tinka \u012fvairioms me\u0161ker\u0117ms. Svarbiausia \u2013 patogumas: paimkite me\u0161ker\u0119, u\u017emeskite j\u0105 ir \u017evejyba galite prasid\u0117ti akimirksniu.<\/p>\n<\/li>\n<\/ul>\n<\/div>\n<div>\n<div>\n<div style=\"margin:16px 0px 24px;margin-bottom:24px;margin-top:16px;margin-left:0px;margin-right:0px\"><img decoding=\"async\" style=\"width:100%\" width=\"100%\" src=\"https:\/\/d2qc09rl1gfuof.cloudfront.net\/product\/SLKYJCBKZD00X0T74\/fishing-cart-a100-1.11.jpg\" slate-data-type=\"image\"\/><\/div>\n<\/div>\n<\/div>\n<\/div>\n<\/div>\n<\/div>\n<div class=\"detailmodule_dynamic\"><kse:widget data-widget-type=\"customText\" id=\"1005000000397265\" type=\"custom\"><\/kse:widget><\/div>\n<p><\/p>","protected":false},"excerpt":{"rendered":"<p>Hign-concerned Chemical:&nbsp;None Origin:&nbsp;Mainland China Model Number:&nbsp;YK-500 Load Capacity:&nbsp;500 lbs\/226.79 kg Brand Name:&nbsp;VEVOR Brand:&nbsp;VEVOR Item Weight:&nbsp;44.53 lbs\/20.2 kg Maximum Weight Capacity:&nbsp;500 lbs\/226.79 kg Wheel Size:&nbsp;12 in\/305 mm (13 in\/330 mm after<\/p>","protected":false},"featured_media":25393,"comment_status":"open","ping_status":"closed","template":"","meta":{"_acf_changed":false},"product_brand":[],"product_cat":[523],"product_tag":[],"class_list":{"0":"post-25391","1":"product","2":"type-product","3":"status-publish","4":"has-post-thumbnail","6":"product_cat-bike-trailers-and-wagons","8":"first","9":"instock","10":"shipping-taxable","11":"purchasable","12":"product-type-simple"},"acf":[],"_links":{"self":[{"href":"https:\/\/www.electricstore.eu\/lt\/wp-json\/wp\/v2\/product\/25391","targetHints":{"allow":["GET"]}}],"collection":[{"href":"https:\/\/www.electricstore.eu\/lt\/wp-json\/wp\/v2\/product"}],"about":[{"href":"https:\/\/www.electricstore.eu\/lt\/wp-json\/wp\/v2\/types\/product"}],"replies":[{"embeddable":true,"href":"https:\/\/www.electricstore.eu\/lt\/wp-json\/wp\/v2\/comments?post=25391"}],"wp:featuredmedia":[{"embeddable":true,"href":"https:\/\/www.electricstore.eu\/lt\/wp-json\/wp\/v2\/media\/25393"}],"wp:attachment":[{"href":"https:\/\/www.electricstore.eu\/lt\/wp-json\/wp\/v2\/media?parent=25391"}],"wp:term":[{"taxonomy":"product_brand","embeddable":true,"href":"https:\/\/www.electricstore.eu\/lt\/wp-json\/wp\/v2\/product_brand?post=25391"},{"taxonomy":"product_cat","embeddable":true,"href":"https:\/\/www.electricstore.eu\/lt\/wp-json\/wp\/v2\/product_cat?post=25391"},{"taxonomy":"product_tag","embeddable":true,"href":"https:\/\/www.electricstore.eu\/lt\/wp-json\/wp\/v2\/product_tag?post=25391"}],"curies":[{"name":"wp","href":"https:\/\/api.w.org\/{rel}","templated":true}]}}