{"id":25382,"date":"2025-05-20T18:58:57","date_gmt":"2025-05-20T18:58:57","guid":{"rendered":"https:\/\/electricstore.eu\/p\/uncategorized\/vevor-rc-car-children-toys-remote-control-dump-truck-toys-9-channel-with-batteries-for-toddlers-boys-electric-car-kids-toys-gift\/"},"modified":"2025-05-20T19:01:08","modified_gmt":"2025-05-20T19:01:08","slug":"vevor-rc-car-children-toys-remote-control-dump-truck-toys-9-channel-with-batteries-for-toddlers-boys-electric-car-kids-toys-gift","status":"publish","type":"product","link":"https:\/\/electricstore.eu\/lt\/p\/rc\/rc-cars\/vevor-rc-car-children-toys-remote-control-dump-truck-toys-9-channel-with-batteries-for-toddlers-boys-electric-car-kids-toys-gift\/","title":{"rendered":"VEVOR RC automobili\u0173 vaikams skirti \u017eaislai, nuotolinio valdymo savivar\u010dio \u017eaislai, 9 kanal\u0173 su baterijomis, skirti ma\u017eyliams, berniukams, elektriniai automobiliai, \u017eaislai, dovanos"},"content":{"rendered":"<div class=\"product-specs-list-container\">\n<ul class=\"product-specs-list util-clearfix\">\n<li class=\"product-prop line-limit-length\"><span\n                                        class=\"property-title\">Labai susir\u016bpinim\u0105 kelianti chemin\u0117 med\u017eiaga:&nbsp;<\/span><span\n                                        class=\"property-desc line-limit-length\">N\u0117ra<\/span>\n                            <\/li>\n<li class=\"product-prop line-limit-length\"><span\n                                        class=\"property-title\">Ar elektrinis:&nbsp;<\/span><span\n                                        class=\"property-desc line-limit-length\">N\u0117ra baterijos<\/span>\n                            <\/li>\n<li class=\"product-prop line-limit-length\"><span\n                                        class=\"property-title\">Br\u016bk\u0161ninis kodas:&nbsp;<\/span><span\n                                        class=\"property-desc line-limit-length\">Ne<\/span>\n                            <\/li>\n<li class=\"product-prop line-limit-length\"><span\n                                        class=\"property-title\">Mastelis:&nbsp;<\/span><span\n                                        class=\"property-desc line-limit-length\">1:18<\/span>\n                            <\/li>\n<li class=\"product-prop line-limit-length\"><span\n                                        class=\"property-title\">Modelio numeris:&nbsp;<\/span><span\n                                        class=\"property-desc line-limit-length\">1534<\/span>\n                            <\/li>\n<li class=\"product-prop line-limit-length\"><span\n                                        class=\"property-title\">\u012e komplekt\u0105 \u012feina:&nbsp;<\/span><span\n                                        class=\"property-desc line-limit-length\">Baterijos<\/span>\n                            <\/li>\n<li class=\"product-prop line-limit-length\"><span\n                                        class=\"property-title\">Valdymo kanalai:&nbsp;<\/span><span\n                                        class=\"property-desc line-limit-length\">9 kanalai<\/span>\n                            <\/li>\n<li class=\"product-prop line-limit-length\"><span\n                                        class=\"property-title\">Nuotolinio valdymo pultas:&nbsp;<\/span><span\n                                        class=\"property-desc line-limit-length\">Taip<\/span>\n                            <\/li>\n<li class=\"product-prop line-limit-length\"><span\n                                        class=\"property-title\">Med\u017eiaga:&nbsp;<\/span><span\n                                        class=\"property-desc line-limit-length\">Plastikas<\/span>\n                            <\/li>\n<li class=\"product-prop line-limit-length\"><span\n                                        class=\"property-title\">Rekomenduojamas am\u017eius:&nbsp;<\/span><span\n                                        class=\"property-desc line-limit-length\">6\u201312 met\u0173<\/span>\n                            <\/li>\n<li class=\"product-prop line-limit-length\"><span\n                                        class=\"property-title\">Kilm\u0117:&nbsp;<\/span><span\n                                        class=\"property-desc line-limit-length\">\u017demynin\u0117 Kinija<\/span>\n                            <\/li>\n<li class=\"product-prop line-limit-length\"><span\n                                        class=\"property-title\">Dizainas:&nbsp;<\/span><span\n                                        class=\"property-desc line-limit-length\">Purvo motociklas<\/span>\n                            <\/li>\n<li class=\"product-prop line-limit-length\"><span\n                                        class=\"property-title\">Tipas:&nbsp;<\/span><span\n                                        class=\"property-desc line-limit-length\">Automobilis<\/span>\n                            <\/li>\n<li class=\"product-prop line-limit-length\"><span\n                                        class=\"property-title\">Savyb\u0117s:&nbsp;<\/span><span\n                                        class=\"property-desc line-limit-length\">NUOTOLINIS VALDYMAS<\/span>\n                            <\/li>\n<li class=\"product-prop line-limit-length\"><span\n                                        class=\"property-title\">Prek\u0117s \u017eenklas:&nbsp;<\/span><span\n                                        class=\"property-desc line-limit-length\">VEVOR<\/span>\n                            <\/li>\n<li class=\"product-prop line-limit-length\"><span\n                                        class=\"property-title\">Am\u017eius:&nbsp;<\/span><span\n                                        class=\"property-desc line-limit-length\">8+<\/span>\n                            <\/li>\n<li class=\"product-prop line-limit-length\"><span\n                                        class=\"property-title\">Mastelis:&nbsp;<\/span><span\n                                        class=\"property-desc line-limit-length\">1:18<\/span>\n                            <\/li>\n<li class=\"product-prop line-limit-length\"><span\n                                        class=\"property-title\">Med\u017eiaga:&nbsp;<\/span><span\n                                        class=\"property-desc line-limit-length\">Plastikin\u0117 sunkve\u017eimio lova + metalin\u0117 kabina + ABS plastikinis korpusas<\/span>\n                            <\/li>\n<li class=\"product-prop line-limit-length\"><span\n                                        class=\"property-title\">Vienos baterijos veikimo laikas:&nbsp;<\/span><span\n                                        class=\"property-desc line-limit-length\">40 minu\u010di\u0173<\/span>\n                            <\/li>\n<li class=\"product-prop line-limit-length\"><span\n                                        class=\"property-title\">Maksimalus greitis:&nbsp;<\/span><span\n                                        class=\"property-desc line-limit-length\">105 p\u0117d.\/min. (32 m\/min.)<\/span>\n                            <\/li>\n<li class=\"product-prop line-limit-length\"><span\n                                        class=\"property-title\">Keliamoji galia:&nbsp;<\/span><span\n                                        class=\"property-desc line-limit-length\">6 svarai \/ 2,72 kg<\/span>\n                            <\/li>\n<li class=\"product-prop line-limit-length\"><span\n                                        class=\"property-title\">Produkto svoris:&nbsp;<\/span><span\n                                        class=\"property-desc line-limit-length\">2 svarai \/ 0,91 kg<\/span>\n                            <\/li>\n<li class=\"product-prop line-limit-length\"><span\n                                        class=\"property-title\">Tipas:&nbsp;<\/span><span\n                                        class=\"property-desc line-limit-length\">RC savivartis<\/span>\n                            <\/li>\n<\/ul><\/div>\n<div class=\"detailmodule_html\">\n<div class=\"detail-desc-decorate-richtext\">\n<div style=\"font-family:&quot;Open sans&quot;, Arial, Helvetica, sans-serif\">\n<div><img decoding=\"async\" style=\"width:100%\" width=\"100%\" src=\"https:\/\/d2qc09rl1gfuof.cloudfront.net\/vevor\/boutique-banner\/pc\/banner-en.jpg\" slate-data-type=\"image\"\/><\/div>\n<div>\n<div style=\"font-size:16px;font-weight:bold;text-align:center;color:rgb(34, 34, 34);margin:24px 0px;margin-bottom:24px;margin-top:24px;margin-left:0px;margin-right:0px\" align=\"center\">Konstruokite, vairuokite, \u012fsivaizduokite: did\u017eiausias nuotoliniu b\u016bdu valdomo savivar\u010dio nuotykis!<\/div>\n<div><img decoding=\"async\" style=\"width:100%\" width=\"100%\" src=\"https:\/\/d2qc09rl1gfuof.cloudfront.net\/product\/CDXJSCZ6TDKCG89AR\/rc-dump-truck-a100-1.4-pt.jpg\" slate-data-type=\"image\"\/><\/div>\n<div style=\"font-size:14px;text-align:center;color:rgb(34, 34, 34);margin:16px 0px 24px;margin-bottom:24px;margin-top:16px;margin-left:0px;margin-right:0px\" align=\"center\">Patirkite tikro vairavimo jaudul\u012f su \u0161iuo nuotoliniu b\u016bdu valdomu savivar\u010diu! Vienu paspaudimu valdomas ekranas, kuriame rodomos tokios funkcijos kaip sunkve\u017eimio k\u0117bulas, akumuliatoriaus skyrius ir imituojamas hidraulinis strypas, suteikia jausm\u0105, lyg va\u017eiuotum\u0117te tikrame automobilyje. Garso efektai ir neslystantys guminiai ratai dar labiau sustiprina linksmybes!<\/div>\n<\/div>\n<div>\n<div style=\"margin:8px 0px;margin-bottom:8px;margin-top:8px;margin-left:0px;margin-right:0px\"><img decoding=\"async\" style=\"width:100%\" width=\"100%\" src=\"https:\/\/d2qc09rl1gfuof.cloudfront.net\/product\/CDXJSCZ6TDKCG89AR\/rc-dump-truck-a100-2.2-pt.jpg\" slate-data-type=\"image\"\/><\/div>\n<div style=\"font-size:14px;text-align:center;color:rgb(34, 34, 34);margin:16px 0px 24px;margin-bottom:24px;margin-top:16px;margin-left:0px;margin-right:0px\" align=\"center\">Lengvai \u012fveikite bet kok\u012f reljef\u0105! \u0160is nuotoliniu b\u016bdu valdomas savivartis be vargo \u012fveikia nelygius takus ir lygius kelius, tod\u0117l kelion\u0117 bus jaudinanti. M\u0117gaukit\u0117s \u012fvairiais vairavimo re\u017eimais ir tyrin\u0117kite skirtingas aplinkas.<\/div>\n<\/div>\n<div>\n<div style=\"margin:8px 0px;margin-bottom:8px;margin-top:8px;margin-left:0px;margin-right:0px\"><img decoding=\"async\" style=\"width:100%\" width=\"100%\" src=\"https:\/\/d2qc09rl1gfuof.cloudfront.net\/product\/CDXJSCZ6TDKCG89AR\/rc-dump-truck-a100-2.3-pt.jpg\" slate-data-type=\"image\"\/><\/div>\n<div style=\"font-size:14px;text-align:center;color:rgb(34, 34, 34);margin:16px 0px 24px;margin-bottom:24px;margin-top:16px;margin-left:0px;margin-right:0px\" align=\"center\">Su \u0161iuo nuotoliniu b\u016bdu valdomu savivar\u010dio \u017eaislu, pagamintu i\u0161 auk\u0161tos kokyb\u0117s med\u017eiag\u0173, vaikai gali pasinerti \u012f statybviet\u0117s simuliacij\u0105. Garso ir \u0161viesos efektai sukuria tikrovi\u0161k\u0105 patirt\u012f, parodydami, k\u0105 veikia tikras savivartis, ir papildo interaktyvias pramogas.<\/div>\n<\/div>\n<div>\n<div style=\"margin:8px 0px;margin-bottom:8px;margin-top:8px;margin-left:0px;margin-right:0px\"><img decoding=\"async\" style=\"width:100%\" width=\"100%\" src=\"https:\/\/d2qc09rl1gfuof.cloudfront.net\/product\/CDXJSCZ6TDKCG89AR\/rc-dump-truck-a100-2.4-pt.jpg\" slate-data-type=\"image\"\/><\/div>\n<div style=\"font-size:14px;text-align:center;color:rgb(34, 34, 34);margin:16px 0px 24px;margin-bottom:24px;margin-top:16px;margin-left:0px;margin-right:0px\" align=\"center\">Valdykite savo nuotolin\u012f savivart\u012f iki 30 metr\u0173 atstumu ir \u012fkvepkite gyvyb\u0117s savo sm\u0117lio d\u0117\u017e\u0117s scenoms! Jis greitai \u012fkraunamas ir veikia ilgai, tod\u0117l galite m\u0117gautis nesibaigian\u010diais \u017eaidimais nesijaudindami d\u0117l baterijos.<\/div>\n<\/div>\n<div>\n<div style=\"margin:8px 0px;margin-bottom:8px;margin-top:8px;margin-left:0px;margin-right:0px\"><img decoding=\"async\" style=\"width:100%\" width=\"100%\" src=\"https:\/\/d2qc09rl1gfuof.cloudfront.net\/product\/CDXJSCZ6TDKCG89AR\/rc-dump-truck-a100-2.5-pt.jpg\" slate-data-type=\"image\"\/><\/div>\n<div style=\"font-size:14px;text-align:center;color:rgb(34, 34, 34);margin:16px 0px 24px;margin-bottom:24px;margin-top:16px;margin-left:0px;margin-right:0px\" align=\"center\">\u0160is savivar\u010dio \u017eaislas skatina k\u016brybi\u0161kum\u0105 ir padeda vaikams lavinti praktinius \u012fg\u016bd\u017eius bei erdvin\u012f suvokim\u0105. Nesvarbu, ar stato mini miest\u0105, ar svajoni\u0173 nam\u0105, su \u0161ia smagia dovana vaikai gali leisti savo vaizduotei skristi.<\/div>\n<\/div>\n<div style=\"margin:16px 0px 24px;margin-bottom:24px;margin-top:16px;margin-left:0px;margin-right:0px\"><\/div>\n<div style=\"margin:24px 0px;margin-bottom:24px;margin-top:24px;margin-left:0px;margin-right:0px\">\n<div style=\"font-size:16px;font-weight:bold;color:rgb(34, 34, 34);margin:24px 0px 16px;margin-bottom:16px;margin-top:24px;margin-left:0px;margin-right:0px\">Savyb\u0117s ir informacija<\/div>\n<ul style=\"margin:16px 0px 24px;margin-bottom:24px;margin-top:16px;margin-left:0px;margin-right:0px\">\n<li style=\"font-size:14px;color:rgb(34, 34, 34)\">\n<p>9 kanal\u0173 pramogos: \u0161is nuotoliniu b\u016bdu valdomas savivartis turi 9 valdymo kanalus, kad \u017eaidimas b\u016bt\u0173 realisti\u0161kas. Tokios savyb\u0117s kaip sunkve\u017eimio k\u0117bulas, akumuliatoriaus skyrius ir imitacinis hidraulinis strypas suteikia jausm\u0105, lyg jis b\u016bt\u0173 tikras. Be to, imitaciniai garsai ir neslystantys guminiai ratukai suteikia daug pramog\u0173!<\/p>\n<\/li>\n<li style=\"font-size:14px;color:rgb(34, 34, 34)\">\n<p>Sukurtas ilgam laikui: Pagamintas i\u0161 patvari\u0173 med\u017eiag\u0173, \u012fskaitant tvirt\u0105 lov\u0105, akumuliatoriaus skyri\u0173 ir imituot\u0105 hidraulin\u012f stryp\u0105, \u0161is nuotoliniu b\u016bdu valdomas savivartis lengvai susidoroja su daugiau nei 6 svar\u0173 kroviniu. Jis pakankamai tvirtas, kad atlaikyt\u0173 visus j\u016bs\u0173 vaik\u0173 sugalvotus nuotykius.<\/p>\n<\/li>\n<li style=\"font-size:14px;color:rgb(34, 34, 34)\">\n<p>Galingas 4WD na\u0161umas: galingas 4WD na\u0161umas leid\u017eia nuotoliniu b\u016bdu valdomam savivar\u010diui be vargo \u012fveikti \u017eol\u0119, kelius ir sm\u0117l\u012f. Lygiais pavir\u0161iais jis gali l\u0117kti iki 32 m\/min. grei\u010diu, tod\u0117l kiekviena va\u017eiavimas bus jaudinantis.<\/p>\n<\/li>\n<li style=\"font-size:14px;color:rgb(34, 34, 34)\">\n<p>100 p\u0117d\u0173 nuotolinio valdymo nuotolis: Nuotolinio valdymo nuotolis iki 100 p\u0117d\u0173 leid\u017eia vaikams vairuoti ir valdyti savivart\u012f per atstum\u0105, taip pagerinant koordinacij\u0105 ir laiko planavimo \u012fg\u016bd\u017eius. M\u0117gaukit\u0117s lengvu valdymu dideliais atstumais ir greitu \u012fkrovimu \u2013 vos 1\u20132 valandos \u012fkraunamos ir \u017eaidimo laikas siekia iki 40 minu\u010di\u0173.<\/p>\n<\/li>\n<li style=\"font-size:14px;color:rgb(34, 34, 34)\">\n<p>Pramogos visai \u0161eimai: \u0161is savivar\u010dio \u017eaislas puikiai tinka \u017eaisti vienam arba su visa \u0161eima. T\u0117vai ir vaikai gali susivienyti \u012f komandas tyrin\u0117ti, kurti ir konstruoti kartu \u2013 tai puikus b\u016bdas sustiprinti ry\u0161\u012f ir su\u017eadinti k\u016brybi\u0161kum\u0105. Laikas paruo\u0161ti sunkve\u017eim\u012f ir leistis \u012f jaudinant\u012f nuotyk\u012f!<\/p>\n<\/li>\n<\/ul>\n<\/div>\n<div>\n<div>\n<div style=\"margin:16px 0px 24px;margin-bottom:24px;margin-top:16px;margin-left:0px;margin-right:0px\"><img decoding=\"async\" style=\"width:100%\" width=\"100%\" src=\"https:\/\/d2qc09rl1gfuof.cloudfront.net\/product\/CDXJSCZ6TDKCG89AR\/rc-dump-truck-a100-1.11-pt.jpg\" slate-data-type=\"image\"\/><\/div>\n<\/div>\n<\/div>\n<\/div>\n<\/div>\n<\/div>\n<p><\/p>","protected":false},"excerpt":{"rendered":"<p>Hign-concerned Chemical:&nbsp;None Is Electric:&nbsp;No battery Barcode:&nbsp;No Scale:&nbsp;1:18 Model Number:&nbsp;1534 Package Includes:&nbsp;Batteries Control Channels:&nbsp;9 Channels Remote Control:&nbsp;Yes Material:&nbsp;Plastic Recommend Age:&nbsp;6-12Y Origin:&nbsp;Mainland China Design:&nbsp;Dirt Bike Type:&nbsp;Car Features:&nbsp;REMOTE CONTROL Brand:&nbsp;VEVOR Age:&nbsp;8+ Scale:&nbsp;1:18 Material:&nbsp;Plastic<\/p>","protected":false},"featured_media":25383,"comment_status":"open","ping_status":"closed","template":"","meta":{"_acf_changed":false},"product_brand":[],"product_cat":[519],"product_tag":[],"class_list":{"0":"post-25382","1":"product","2":"type-product","3":"status-publish","4":"has-post-thumbnail","6":"product_cat-rc-cars","8":"first","9":"instock","10":"shipping-taxable","11":"purchasable","12":"product-type-variable"},"acf":[],"_links":{"self":[{"href":"https:\/\/electricstore.eu\/lt\/wp-json\/wp\/v2\/product\/25382","targetHints":{"allow":["GET"]}}],"collection":[{"href":"https:\/\/electricstore.eu\/lt\/wp-json\/wp\/v2\/product"}],"about":[{"href":"https:\/\/electricstore.eu\/lt\/wp-json\/wp\/v2\/types\/product"}],"replies":[{"embeddable":true,"href":"https:\/\/electricstore.eu\/lt\/wp-json\/wp\/v2\/comments?post=25382"}],"wp:featuredmedia":[{"embeddable":true,"href":"https:\/\/electricstore.eu\/lt\/wp-json\/wp\/v2\/media\/25383"}],"wp:attachment":[{"href":"https:\/\/electricstore.eu\/lt\/wp-json\/wp\/v2\/media?parent=25382"}],"wp:term":[{"taxonomy":"product_brand","embeddable":true,"href":"https:\/\/electricstore.eu\/lt\/wp-json\/wp\/v2\/product_brand?post=25382"},{"taxonomy":"product_cat","embeddable":true,"href":"https:\/\/electricstore.eu\/lt\/wp-json\/wp\/v2\/product_cat?post=25382"},{"taxonomy":"product_tag","embeddable":true,"href":"https:\/\/electricstore.eu\/lt\/wp-json\/wp\/v2\/product_tag?post=25382"}],"curies":[{"name":"wp","href":"https:\/\/api.w.org\/{rel}","templated":true}]}}