{"id":25306,"date":"2025-05-20T18:58:33","date_gmt":"2025-05-20T18:58:33","guid":{"rendered":"https:\/\/electricstore.eu\/p\/uncategorized\/vevor-3000-5000kg-digital-crane-scales-heavy-duty-aluminum-hanging-scale-w-ocs-t-lcd-display-reinforced-ring-hook-for-industry\/"},"modified":"2025-05-20T18:59:27","modified_gmt":"2025-05-20T18:59:27","slug":"vevor-3000-5000kg-digital-crane-scales-heavy-duty-aluminum-hanging-scale-w-ocs-t-lcd-display-reinforced-ring-hook-for-industry","status":"publish","type":"product","link":"https:\/\/www.electricstore.eu\/lt\/p\/o\/electric-lifting-hoists\/vevor-3000-5000kg-digital-crane-scales-heavy-duty-aluminum-hanging-scale-w-ocs-t-lcd-display-reinforced-ring-hook-for-industry\/","title":{"rendered":"VEVOR 3000 5000 kg skaitmenin\u0117s kranin\u0117s svarstykl\u0117s, tvirtos, aliuminio pakabinamos svarstykl\u0117s su OCS-T LCD ekranu, sustiprintu \u017eiediniu kabliu pramonei."},"content":{"rendered":"<div class=\"product-specs-list-container\">\n<ul class=\"product-specs-list util-clearfix\">\n<li class=\"product-prop line-limit-length\"><span\n                                        class=\"property-title\">Labai susir\u016bpinim\u0105 kelianti chemin\u0117 med\u017eiaga:&nbsp;<\/span><span\n                                        class=\"property-desc line-limit-length\">N\u0117ra<\/span>\n                            <\/li>\n<li class=\"product-prop line-limit-length\"><span\n                                        class=\"property-title\">Tipas:&nbsp;<\/span><span\n                                        class=\"property-desc line-limit-length\">Krano svarstykl\u0117s<\/span>\n                            <\/li>\n<li class=\"product-prop line-limit-length\"><span\n                                        class=\"property-title\">Prek\u0117s \u017eenklas:&nbsp;<\/span><span\n                                        class=\"property-desc line-limit-length\">VEVOR<\/span>\n                            <\/li>\n<li class=\"product-prop line-limit-length\"><span\n                                        class=\"property-title\">Kilm\u0117:&nbsp;<\/span><span\n                                        class=\"property-desc line-limit-length\">\u017demynin\u0117 Kinija<\/span>\n                            <\/li>\n<\/ul><\/div>\n<div class=\"detailmodule_html\">\n<div class=\"detail-desc-decorate-richtext\">\n<div class=\"detailmodule_dynamic\"><kse:widget data-widget-type=\"customText\" id=\"1005000000821364\" type=\"relation\"><\/kse:widget><\/div>\n<div style=\"padding:20px;padding-bottom:20px;padding-top:20px;padding-left:20px;padding-right:20px\">\n<div style=\"text-align:center;width:100%\" align=\"center\"><img decoding=\"async\" src=\"https:\/\/vevor-bmp-prm.s3.ap-east-1.amazonaws.com\/default\/vevor-1.png\" slate-data-type=\"image\"\/><\/div>\n<div style=\"font-size:16px;font-weight:bold;line-height:36px\">Produkto apra\u0161ymas<\/div>\n<div style=\"width:100%\"><img decoding=\"async\" src=\"https:\/\/d2qc09rl1gfuof.cloudfront.net\/product\/OCS-T-5TDZDC00001\/crane-scale-a100-1.4.jpg\" slate-data-type=\"image\"\/><\/div>\n<div style=\"margin-top:15px;display:flex\">\n<div style=\"width:33%\"><img decoding=\"async\" style=\"width:100%\" width=\"100%\" src=\"https:\/\/d2qc09rl1gfuof.cloudfront.net\/product\/OCS-T-5TDZDC00001\/crane-scale-x1.jpg\" slate-data-type=\"image\"\/><\/div>\n<div style=\"padding:0px 15px;padding-bottom:0px;padding-top:0px;padding-left:15px;padding-right:15px;width:33%\">\n<div style=\"font-size:16px;font-weight:700;line-height:36px\">11000LBS\/5000KG aliuminio skaitmenin\u0117 krano skal\u0117<\/div>\n<div style=\"font-size:14px\"><\/div>\n<div style=\"font-size:14px\">Skaitmenin\u0117s kranin\u0117s svarstykl\u0117s pagamintos i\u0161 auk\u0161tos kokyb\u0117s aliuminio, kuris u\u017etikrina auk\u0161t\u0105 na\u0161um\u0105 ir ilgalaik\u012f stabilum\u0105. Jos turi nulio nustatymo, nulupimo, rodymo palaikymo, perkrovos \u012fsp\u0117jimo ir automatinio i\u0161jungimo funkcijas. Skaitmenin\u0117s \u017euv\u0173 svarstykl\u0117s yra lengvai valdomos ir lengvai ne\u0161iojamos, pla\u010diai naudojamos sand\u0117liuose, \u017eem\u0117s \u016bkyje, med\u017eiokl\u0117je, \u017evejyboje, dirbtuv\u0117se, biuruose ir kitose \u012fmon\u0117se.<\/div>\n<ul style=\"font-size:14px;background-color:rgb(243, 243, 243);border:1px solid rgb(204, 204, 204);margin-top:8px;padding:10px 40px;padding-bottom:10px;padding-top:10px;padding-left:40px;padding-right:40px\">\n<li>\n<p>Tvirtas dizainas<\/p>\n<\/li>\n<li>\n<p>Bekompromisis tikslumas<\/p>\n<\/li>\n<li>\n<p>LCD ekranas<\/p>\n<\/li>\n<li>\n<p>Paprasta naudoti<\/p>\n<\/li>\n<\/ul>\n<\/div>\n<div style=\"border-left:1px solid rgb(204, 204, 204);padding:0px 15px;padding-bottom:0px;padding-top:0px;padding-left:15px;padding-right:15px;width:33%\">\n<div style=\"padding:0px 15px;padding-bottom:0px;padding-top:0px;padding-left:15px;padding-right:15px\">\n<div><img decoding=\"async\" style=\"width:100%\" width=\"100%\" src=\"https:\/\/vevor-bmp-prm.s3.ap-east-1.amazonaws.com\/default\/vevor-2.jpg\" slate-data-type=\"image\"\/><\/div>\n<div style=\"font-size:14px;font-weight:bold;line-height:24px\">Tvirta \u012franga ir \u012frankiai, mok\u0117kite ma\u017eiau<\/div>\n<div style=\"font-size:12px;margin:8px 0px;margin-bottom:8px;margin-top:8px;margin-left:0px;margin-right:0px\">VEVOR yra pirmaujantis prek\u0117s \u017eenklas, kuris specializuojasi \u012frangos ir \u012franki\u0173 srityje. Kartu su t\u016bkstan\u010diais motyvuot\u0173<br \/>darbuotoj\u0173, VEVOR yra pasiry\u017eusi tiekti savo klientams tvirt\u0105 \u012frang\u0105 ir \u012frankius ne\u012ftik\u0117tinai pigiai<br \/>\u017eemos kainos. \u0160iandien \u201eVEVOR\u201c produktai parduodami daugiau nei 200 \u0161ali\u0173 ir region\u0173, o j\u0173 apyvarta siekia 10 milijon\u0173.<br \/>plius nariai visame pasaulyje.<\/div>\n<div style=\"font-size:14px;font-weight:bold;line-height:24px\">Kod\u0117l verta rinktis VEVOR?<\/div>\n<ul style=\"font-size:14px;background-color:rgb(243, 243, 243);border:1px solid rgb(204, 204, 204);margin-top:8px;padding:10px 40px;padding-bottom:10px;padding-top:10px;padding-left:40px;padding-right:40px\">\n<li>\n<p>Auk\u0161\u010diausios kokyb\u0117s tvirta kokyb\u0117<\/p>\n<\/li>\n<li>\n<p>Ne\u012ftik\u0117tinai ma\u017eos kainos<\/p>\n<\/li>\n<li>\n<p>Greitas ir saugus pristatymas<\/p>\n<\/li>\n<li>\n<p>30 dien\u0173 nemokamas gr\u0105\u017einimas<\/p>\n<\/li>\n<li>\n<p>D\u0117mesingas aptarnavimas vis\u0105 par\u0105<\/p>\n<\/li>\n<\/ul>\n<\/div>\n<\/div>\n<\/div>\n<div style=\"margin-top:30px\">\n<div style=\"font-size:16px;font-weight:bold;line-height:36px\">Pagrindin\u0117s savyb\u0117s<\/div>\n<div style=\"padding:30px;padding-bottom:30px;padding-top:30px;padding-left:30px;padding-right:30px\">\n<div>\n<div style=\"margin-top:15px;padding:0px 15px;padding-bottom:0px;padding-top:0px;padding-left:15px;padding-right:15px;display:inline-block;width:33%;box-sizing:border-box\">\n<div><img decoding=\"async\" style=\"width:100%\" width=\"100%\" src=\"https:\/\/d2qc09rl1gfuof.cloudfront.net\/product\/OCS-T-5TDZDC00001\/crane-scale-m100-2.jpg\" slate-data-type=\"image\"\/><\/div>\n<div style=\"font-size:16px;font-weight:700;line-height:36px\">Puiki kokyb\u0117<\/div>\n<div style=\"font-size:14px\">Tiksliai liejamas aliuminio lydinio korpusas; pramoninio lygio liejimo procesas, pakabinamos svarstykl\u0117s yra labai patikimos.<\/div>\n<\/div>\n<div style=\"margin-top:15px;padding:0px 15px;padding-bottom:0px;padding-top:0px;padding-left:15px;padding-right:15px;display:inline-block;width:33%;box-sizing:border-box\">\n<div><img decoding=\"async\" style=\"width:100%\" width=\"100%\" src=\"https:\/\/d2qc09rl1gfuof.cloudfront.net\/product\/OCS-T-5TDZDC00001\/crane-scale-m100-3.jpg\" slate-data-type=\"image\"\/><\/div>\n<div style=\"font-size:16px;font-weight:700;line-height:36px\">Tikslus ir jautrus<\/div>\n<div style=\"font-size:14px\">Auk\u0161tos kokyb\u0117s dinamometriniai jutikliai u\u017etikrina nuolatinius ir tikslius matavimus iki 11 000 svar\u0173 arba 5000 kg.<\/div>\n<\/div>\n<div style=\"margin-top:15px;padding:0px 15px;padding-bottom:0px;padding-top:0px;padding-left:15px;padding-right:15px;display:inline-block;width:33%;box-sizing:border-box\">\n<div><img decoding=\"async\" style=\"width:100%\" width=\"100%\" src=\"https:\/\/d2qc09rl1gfuof.cloudfront.net\/product\/OCS-T-5TDZDC00001\/crane-scale-m100-4.jpg\" slate-data-type=\"image\"\/><\/div>\n<div style=\"font-size:16px;font-weight:700;line-height:36px\">LCD ekranas su foniniu ap\u0161vietimu<\/div>\n<div style=\"font-size:14px\">Didel\u0117s rai\u0161kos LCD ekranas su foniniu ap\u0161vietimu u\u017ebaigia \u0161ias efektyvias elektronines \u017euv\u0173 svarstykles. LCD modulio ekranas, lengvai skaitomas.<\/div>\n<\/div>\n<div style=\"margin-top:15px;padding:0px 15px;padding-bottom:0px;padding-top:0px;padding-left:15px;padding-right:15px;display:inline-block;width:33%;box-sizing:border-box\">\n<div><img decoding=\"async\" style=\"width:100%\" width=\"100%\" src=\"https:\/\/d2qc09rl1gfuof.cloudfront.net\/product\/OCS-T-5TDZDC00001\/crane-scale-m100-5.jpg\" slate-data-type=\"image\"\/><\/div>\n<div style=\"font-size:16px;font-weight:700;line-height:36px\">Labai paprasta naudoti<\/div>\n<div style=\"font-size:14px\">Lengva naudoti ir paprastai valdoma, pakabinkite daiktus ant kabliuko ir nuskaitykite skai\u010dius.<\/div>\n<\/div>\n<div style=\"margin-top:15px;padding:0px 15px;padding-bottom:0px;padding-top:0px;padding-left:15px;padding-right:15px;display:inline-block;width:33%;box-sizing:border-box\">\n<div><img decoding=\"async\" style=\"width:100%\" width=\"100%\" src=\"https:\/\/d2qc09rl1gfuof.cloudfront.net\/product\/OCS-T-5TDZDC00001\/crane-scale-m100-6.jpg\" slate-data-type=\"image\"\/><\/div>\n<div style=\"font-size:16px;font-weight:700;line-height:36px\">Sustiprintas \u017eiedas ir kabliukas<\/div>\n<div style=\"font-size:14px\">Didelio stiprumo \u017eiedai ir kabliukai yra tvirti ir patvar\u016bs, saug\u016bs naudoti.<\/div>\n<\/div>\n<div style=\"margin-top:15px;padding:0px 15px;padding-bottom:0px;padding-top:0px;padding-left:15px;padding-right:15px;display:inline-block;width:33%;box-sizing:border-box\">\n<div><img decoding=\"async\" style=\"width:100%\" width=\"100%\" src=\"https:\/\/d2qc09rl1gfuof.cloudfront.net\/product\/OCS-T-5TDZDC00001\/crane-scale-m100-7.jpg\" slate-data-type=\"image\"\/><\/div>\n<div style=\"font-size:16px;font-weight:700;line-height:36px\">Platus taikymas<\/div>\n<div style=\"font-size:14px\">Pramonin\u0117s svarstykl\u0117s teikia profesionalius sv\u0117rimo sprendimus sunkiajai pramonei ir yra pla\u010diai naudojamos sand\u0117liuose, \u017eem\u0117s \u016bkyje, med\u017eiokl\u0117je, \u017evejyboje, dirbtuv\u0117se, biuruose ir kitose \u012fmon\u0117se.<\/div>\n<\/div>\n<\/div>\n<\/div>\n<\/div>\n<div style=\"margin-top:15px;display:flex\">\n<div style=\"width:33%\"><img decoding=\"async\" style=\"width:100%\" width=\"100%\" src=\"https:\/\/d2qc09rl1gfuof.cloudfront.net\/product\/OCS-T-5TDZDC00001\/crane-scale-a100-2.jpg\" slate-data-type=\"image\"\/><\/div>\n<div style=\"padding:0px 15px;padding-bottom:0px;padding-top:0px;padding-left:15px;padding-right:15px;width:33%\">\n<div style=\"font-size:16px;font-weight:700;line-height:36px\">Specifikacijos<\/div>\n<ul style=\"font-size:14px;border:1px solid rgb(204, 204, 204);margin-top:8px;padding:10px 40px;padding-bottom:10px;padding-top:10px;padding-left:40px;padding-right:40px\">\n<li>\n<p>Maksimali keliamoji galia: 11000 svar\u0173 \/ 5000 kg<\/p>\n<\/li>\n<li>\n<p>Minimali keliamoji galia: 88 svarai \/ 40 kg<\/p>\n<\/li>\n<li>\n<p>Rai\u0161ka: 4,4 svaro \/ 2 kg<\/p>\n<\/li>\n<li>\n<p>Divizionas: 2500<\/p>\n<\/li>\n<li>\n<p>Tikslumo klas\u0117: OIML III<\/p>\n<\/li>\n<li>\n<p>Taros diapazonas: 100% FS<\/p>\n<\/li>\n<li>\n<p>Nulinis diapazonas: 4% FS<\/p>\n<\/li>\n<li>\n<p>Saugi apkrova: 120% FS<\/p>\n<\/li>\n<li>\n<p>Did\u017eiausia perkrova: 400% FS<\/p>\n<\/li>\n<li>\n<p>Perkrovos \u012fsp\u0117jimas: 100% FS + 9e<\/p>\n<\/li>\n<li>\n<p>Temperat\u016bros diapazonas: 14\u2109-104\u2109 \/ -10\u2103-40\u2103<\/p>\n<\/li>\n<li>\n<p>Bendras svoris: 32,9 svaro \/ 14,9 kg<\/p>\n<\/li>\n<li>\n<p>Dydis: 26,5 x 22 x 75 cm<\/p>\n<\/li>\n<\/ul>\n<\/div>\n<div style=\"border-left:1px solid rgb(204, 204, 204);padding:0px 15px;padding-bottom:0px;padding-top:0px;padding-left:15px;padding-right:15px;width:33%\">\n<div style=\"width:100%\"><img decoding=\"async\" style=\"width:100%\" width=\"100%\" src=\"https:\/\/d2qc09rl1gfuof.cloudfront.net\/product\/OCS-T-5TDZDC00001\/crane-scale-a100-3.jpg\" slate-data-type=\"image\"\/><\/div>\n<div style=\"font-size:14px;font-weight:bold;line-height:24px\">Pakuot\u0117s turinys<\/div>\n<ul style=\"font-size:14px;background-color:rgb(243, 243, 243);border:1px solid rgb(204, 204, 204);margin-top:8px;padding:10px 40px;padding-bottom:10px;padding-top:10px;padding-left:40px;padding-right:40px\">\n<li>\n<p>1 x 5000 kg keliamosios galios kranin\u0117s svarstykl\u0117s (baterijos nepridedamos)<\/p>\n<\/li>\n<li>\n<p>1 x nuotolinio valdymo pultas<\/p>\n<\/li>\n<li>\n<p>1 x akumuliatoriaus \u012fkroviklis \/ maitinimo ki\u0161tukas<\/p>\n<\/li>\n<li>\n<p>1 x Naudotojo vadovas<\/p>\n<\/li>\n<\/ul>\n<\/div>\n<\/div>\n<div style=\"margin-top:15px;display:flex\">\n<div style=\"width:33%\"><img decoding=\"async\" style=\"width:100%\" width=\"100%\" src=\"https:\/\/d2qc09rl1gfuof.cloudfront.net\/product\/OCS-T-3000KGDZDC1\/crane-scale-a100-2.jpg\" slate-data-type=\"image\"\/><\/div>\n<div style=\"padding:0px 15px;padding-bottom:0px;padding-top:0px;padding-left:15px;padding-right:15px;width:33%\">\n<div style=\"font-size:16px;font-weight:700;line-height:36px\">Specifikacijos<\/div>\n<ul style=\"font-size:14px;border:1px solid rgb(204, 204, 204);margin-top:8px;padding:10px 40px;padding-bottom:10px;padding-top:10px;padding-left:40px;padding-right:40px\">\n<li>\n<p>Maksimali keliamoji galia: 6600 svar\u0173 \/ 3000 kg<\/p>\n<\/li>\n<li>\n<p>Minimali keliamoji galia: 20 kg<\/p>\n<\/li>\n<li>\n<p>Rai\u0161ka: 2,2 svaro \/ 1 kg<\/p>\n<\/li>\n<li>\n<p>Divizionas: 3000<\/p>\n<\/li>\n<li>\n<p>Tikslumo klas\u0117: OIML III<\/p>\n<\/li>\n<li>\n<p>Taros diapazonas: 100% FS<\/p>\n<\/li>\n<li>\n<p>Nulinis diapazonas: 4% FS<\/p>\n<\/li>\n<li>\n<p>Saugi apkrova: 120% FS<\/p>\n<\/li>\n<li>\n<p>Did\u017eiausia perkrova: 400% FS<\/p>\n<\/li>\n<li>\n<p>Perkrovos \u012fsp\u0117jimas: 100% FS + 9e<\/p>\n<\/li>\n<li>\n<p>Temperat\u016bros diapazonas: 14\u2109-104\u2109 \/ -10\u2103-40\u2103<\/p>\n<\/li>\n<li>\n<p>Bendras svoris: 30 svar\u0173 \/ 13,7 kg<\/p>\n<\/li>\n<li>\n<p>Dydis: 26,5 x 22 x 68 cm<\/p>\n<\/li>\n<\/ul>\n<\/div>\n<div style=\"border-left:1px solid rgb(204, 204, 204);padding:0px 15px;padding-bottom:0px;padding-top:0px;padding-left:15px;padding-right:15px;width:33%\">\n<div style=\"width:100%\"><img decoding=\"async\" style=\"width:100%\" width=\"100%\" src=\"https:\/\/d2qc09rl1gfuof.cloudfront.net\/product\/OCS-T-3000KGDZDC1\/crane-scale-a100-3.jpg\" slate-data-type=\"image\"\/><\/div>\n<div style=\"font-size:14px;font-weight:bold;line-height:24px\">Pakuot\u0117s turinys<\/div>\n<ul style=\"font-size:14px;background-color:rgb(243, 243, 243);border:1px solid rgb(204, 204, 204);margin-top:8px;padding:10px 40px;padding-bottom:10px;padding-top:10px;padding-left:40px;padding-right:40px\">\n<li>\n<p>1 x 3000 kg kranin\u0117s svarstykl\u0117s (baterijos nepridedamos)<\/p>\n<\/li>\n<li>\n<p>1 x nuotolinio valdymo pultas<\/p>\n<\/li>\n<li>\n<p>1 x akumuliatoriaus \u012fkroviklis \/ maitinimo ki\u0161tukas<\/p>\n<\/li>\n<li>\n<p>1 x Naudotojo vadovas<\/p>\n<\/li>\n<\/ul>\n<\/div>\n<\/div>\n<div>\n<div style=\"font-size:16px;font-weight:bold;line-height:36px\">Savyb\u0117s ir informacija<\/div>\n<ul style=\"font-size:14px;padding-left:40px\">\n<li>\n<p>Tvirta konstrukcija: skaitmenin\u0117s kranin\u0117s svarstykl\u0117s pagamintos i\u0161 auk\u0161tos kokyb\u0117s aliuminio ir yra labai stabilios. Tvirtas plieninis kablys turi didel\u0119 laikom\u0105j\u0105 gali\u0105. Patvari korpuso konstrukcija leid\u017eia svarstykl\u0117ms atlaikyti sm\u016bgius ir nelygumus, kuri\u0173 tikimasi atliekant didelius darbus.<\/p>\n<\/li>\n<li>\n<p>Bekompromisis tikslumas: skaitmenin\u0117s pakabinamos svarstykl\u0117s, kuri\u0173 maksimali keliamoji galia yra 5000 kg \/ 11000 svar\u0173, turi tiksl\u0173 jutikl\u012f, pasi\u017eymi dideliu matavimo tikslumu ir turi nulio nustatymo, taros nustatymo ir ekrano laikymo funkcijas.<\/p>\n<\/li>\n<li>\n<p>LCD ekranas: \u017dvejybin\u0117s svarstykl\u0117s turi didel\u012f LCD ekran\u0105 su foniniu ap\u0161vietimu ir matavimo vienet\u0173 konvertavimo funkcija, galite rinktis tarp svar\u0173 ir kilogram\u0173, taip pat turi perkrovos \u012fsp\u0117jim\u0105 ir automatinio i\u0161jungimo funkcij\u0105.<\/p>\n<\/li>\n<li>\n<p>Paprasta naudoti: Daugiau nereik\u0117s r\u016bpintis didel\u0117mis kaban\u010diomis svarstykl\u0117mis. M\u016bs\u0173 \u017evejybos svarstykl\u0117s yra paprastos naudoti ir kompakti\u0161kos, jas galima patogiai \u012fsid\u0117ti \u012f automobilio daiktad\u0117\u017e\u0119 arba supakuoti kartu su lauko \u012franga.<\/p>\n<\/li>\n<li>\n<p>Patirkite universalum\u0105: elektronin\u0117s pakabinamos svarstykl\u0117s greitai nuskaitys svor\u012f ir tinka \u017evejybai, med\u017eioklei, \u016bkyje ar statybviet\u0117se ar kitiems sunkiems darbams.<\/p>\n<\/li>\n<\/ul>\n<\/div>\n<\/div>\n<div class=\"detailmodule_dynamic\"><kse:widget data-widget-type=\"customText\" id=\"1005000000397265\" type=\"custom\"><\/kse:widget><\/div>\n<p><\/p>\n<\/div>\n<\/div>\n<p><\/p>","protected":false},"excerpt":{"rendered":"<p>Hign-concerned Chemical:&nbsp;None Type:&nbsp;Crane Scale Brand Name:&nbsp;VEVOR Origin:&nbsp;Mainland China Product Description 11000LBS\/5000KG Aluminum Digital Crane Scale The digital crane scale is made of high-quality aluminum, which provides high performance and long-term<\/p>","protected":false},"featured_media":25307,"comment_status":"open","ping_status":"closed","template":"","meta":{"_acf_changed":false},"product_brand":[],"product_cat":[517],"product_tag":[],"class_list":{"0":"post-25306","1":"product","2":"type-product","3":"status-publish","4":"has-post-thumbnail","6":"product_cat-electric-lifting-hoists","8":"first","9":"instock","10":"shipping-taxable","11":"purchasable","12":"product-type-variable"},"acf":[],"_links":{"self":[{"href":"https:\/\/www.electricstore.eu\/lt\/wp-json\/wp\/v2\/product\/25306","targetHints":{"allow":["GET"]}}],"collection":[{"href":"https:\/\/www.electricstore.eu\/lt\/wp-json\/wp\/v2\/product"}],"about":[{"href":"https:\/\/www.electricstore.eu\/lt\/wp-json\/wp\/v2\/types\/product"}],"replies":[{"embeddable":true,"href":"https:\/\/www.electricstore.eu\/lt\/wp-json\/wp\/v2\/comments?post=25306"}],"wp:featuredmedia":[{"embeddable":true,"href":"https:\/\/www.electricstore.eu\/lt\/wp-json\/wp\/v2\/media\/25307"}],"wp:attachment":[{"href":"https:\/\/www.electricstore.eu\/lt\/wp-json\/wp\/v2\/media?parent=25306"}],"wp:term":[{"taxonomy":"product_brand","embeddable":true,"href":"https:\/\/www.electricstore.eu\/lt\/wp-json\/wp\/v2\/product_brand?post=25306"},{"taxonomy":"product_cat","embeddable":true,"href":"https:\/\/www.electricstore.eu\/lt\/wp-json\/wp\/v2\/product_cat?post=25306"},{"taxonomy":"product_tag","embeddable":true,"href":"https:\/\/www.electricstore.eu\/lt\/wp-json\/wp\/v2\/product_tag?post=25306"}],"curies":[{"name":"wp","href":"https:\/\/api.w.org\/{rel}","templated":true}]}}