{"id":25029,"date":"2025-05-20T18:44:02","date_gmt":"2025-05-20T18:44:02","guid":{"rendered":"https:\/\/electricstore.eu\/p\/uncategorized\/vevor-13500lbs-electric-winch-car-truck-winch-with-80ft-synthetic-rope-wireless-wired-remote-control-for-towing-off-road-suv\/"},"modified":"2025-05-20T18:47:45","modified_gmt":"2025-05-20T18:47:45","slug":"vevor-13500lbs-electric-winch-car-truck-winch-with-80ft-synthetic-rope-wireless-wired-remote-control-for-towing-off-road-suv","status":"publish","type":"product","link":"https:\/\/www.electricstore.eu\/lt\/p\/o\/electric-winches\/vevor-13500lbs-electric-winch-car-truck-winch-with-80ft-synthetic-rope-wireless-wired-remote-control-for-towing-off-road-suv\/","title":{"rendered":"VEVOR 13500lbs elektrin\u0117 gerv\u0117 automobiliams ir sunkve\u017eimiams su 80 p\u0117d\u0173 sintetiniu lynu, belaidis ir laidinis nuotolinio valdymo pultas visureigi\u0173 vilkimui"},"content":{"rendered":"<div class=\"product-specs-list-container\">\n<ul class=\"product-specs-list util-clearfix\">\n<li class=\"product-prop line-limit-length\"><span\n                                        class=\"property-title\">Labai susir\u016bpinim\u0105 kelianti chemin\u0117 med\u017eiaga:&nbsp;<\/span><span\n                                        class=\"property-desc line-limit-length\">N\u0117ra<\/span>\n                            <\/li>\n<li class=\"product-prop line-limit-length\"><span\n                                        class=\"property-title\">Kilm\u0117:&nbsp;<\/span><span\n                                        class=\"property-desc line-limit-length\">\u017demynin\u0117 Kinija<\/span>\n                            <\/li>\n<li class=\"product-prop line-limit-length\"><span\n                                        class=\"property-title\">Prek\u0117s \u017eenklas:&nbsp;<\/span><span\n                                        class=\"property-desc line-limit-length\">VEVOR<\/span>\n                            <\/li>\n<li class=\"product-prop line-limit-length\"><span\n                                        class=\"property-title\">Tipas:&nbsp;<\/span><span\n                                        class=\"property-desc line-limit-length\">Galia<\/span>\n                            <\/li>\n<li class=\"product-prop line-limit-length\"><span\n                                        class=\"property-title\">Prek\u0117s \u017eenklas:&nbsp;<\/span><span\n                                        class=\"property-desc line-limit-length\">VEVOR<\/span>\n                            <\/li>\n<li class=\"product-prop line-limit-length\"><span\n                                        class=\"property-title\">Nominali linijos traukos galia:&nbsp;<\/span><span\n                                        class=\"property-desc line-limit-length\">13500 svar\u0173 \/ 6123 kg<\/span>\n                            <\/li>\n<li class=\"product-prop line-limit-length\"><span\n                                        class=\"property-title\">Virv\u0117s med\u017eiaga:&nbsp;<\/span><span\n                                        class=\"property-desc line-limit-length\">Polietilenas, 12 gij\u0173<\/span>\n                            <\/li>\n<li class=\"product-prop line-limit-length\"><span\n                                        class=\"property-title\">Nuotolinio valdymo pultas:&nbsp;<\/span><span\n                                        class=\"property-desc line-limit-length\">Belaidis + laidinis nuotolinio valdymo pultas<\/span>\n                            <\/li>\n<li class=\"product-prop line-limit-length\"><span\n                                        class=\"property-title\">\u012etampa \/ arklio galia:&nbsp;<\/span><span\n                                        class=\"property-desc line-limit-length\">12 V nuolatin\u0117 srov\u0117 \/ 6,6 AG<\/span>\n                            <\/li>\n<li class=\"product-prop line-limit-length\"><span\n                                        class=\"property-title\">Pavar\u0173 santykis:&nbsp;<\/span><span\n                                        class=\"property-desc line-limit-length\">195.8:1<\/span>\n                            <\/li>\n<li class=\"product-prop line-limit-length\"><span\n                                        class=\"property-title\">Tipas:&nbsp;<\/span><span\n                                        class=\"property-desc line-limit-length\">Elektrin\u0117 gerv\u0117<\/span>\n                            <\/li>\n<li class=\"product-prop line-limit-length\"><span\n                                        class=\"property-title\">Med\u017eiaga:&nbsp;<\/span><span\n                                        class=\"property-desc line-limit-length\">Aliuminio, plieno, vario, plastiko (PPS ir PA ir kt.) lydiniai<\/span>\n                            <\/li>\n<li class=\"product-prop line-limit-length\"><span\n                                        class=\"property-title\">Belaid\u017eio nuotolinio valdymo pulto atstumas:&nbsp;<\/span><span\n                                        class=\"property-desc line-limit-length\">65,61 p\u0117dos \/ 20 m<\/span>\n                            <\/li>\n<li class=\"product-prop line-limit-length\"><span\n                                        class=\"property-title\">Atsparumas vandeniui:&nbsp;<\/span><span\n                                        class=\"property-desc line-limit-length\">IP55<\/span>\n                            <\/li>\n<li class=\"product-prop line-limit-length\"><span\n                                        class=\"property-title\">Virv\u0117s specifikacijos:&nbsp;<\/span><span\n                                        class=\"property-desc line-limit-length\">3\/8 colio x 80 p\u0117d\u0173 \/ 1,0 x 2438,4 cm<\/span>\n                            <\/li>\n<\/ul><\/div>\n<div class=\"detailmodule_dynamic\"><kse:widget data-widget-type=\"customText\" id=\"1005000000790434\" type=\"relation\"><\/kse:widget><\/div>\n<div class=\"detailmodule_html\">\n<div class=\"detail-desc-decorate-richtext\">\n<div style=\"font-family:&quot;Open sans&quot;, Arial, Helvetica, sans-serif\">\n<div><img decoding=\"async\" style=\"width:100%\" width=\"100%\" src=\"https:\/\/d2qc09rl1gfuof.cloudfront.net\/vevor\/boutique-banner\/pc\/banner-en.jpg\" slate-data-type=\"image\"\/><\/div>\n<div>\n<div style=\"font-size:16px;font-weight:bold;text-align:center;color:rgb(34, 34, 34);margin:24px 0px;margin-bottom:24px;margin-top:24px;margin-left:0px;margin-right:0px\" align=\"center\">13500 svar\u0173 elektrin\u0117 gerv\u0117, u\u017etikrintai \u012fveikite bekel\u0117s nuotykius<\/div>\n<div><img decoding=\"async\" style=\"width:100%\" width=\"100%\" src=\"https:\/\/d2qc09rl1gfuof.cloudfront.net\/product\/DDHCSJPYXWXYBQ8X5\/electric-winch-a100-1.4-pt.jpg\" slate-data-type=\"image\"\/><\/div>\n<div style=\"font-size:14px;text-align:center;color:rgb(34, 34, 34);margin:16px 0px 24px;margin-bottom:24px;margin-top:16px;margin-left:0px;margin-right:0px\" align=\"center\">M\u016bs\u0173 galinga sunkve\u017eimio gerv\u0117 gali atlaikyti 13500 svar\u0173 (apie 7500 kg) tempimo gali\u0105 ir yra atspari vandeniui (IP55), tod\u0117l puikiai tinka i\u0161laisvinti visureigius ar visureigius i\u0161 lipni\u0173 purvo duobi\u0173 ar stipraus lietaus. Su 12 V nuolatin\u0117s srov\u0117s \/ 6,6 AG variniu varikliu, 195,8:1 pavar\u0173 perdavimo skai\u010diumi ir sintetiniu lynu, j\u016bs visada b\u016bsite pasiruo\u0161\u0119.<\/div>\n<\/div>\n<div>\n<div style=\"margin:8px 0px;margin-bottom:8px;margin-top:8px;margin-left:0px;margin-right:0px\"><img decoding=\"async\" style=\"width:100%\" width=\"100%\" src=\"https:\/\/d2qc09rl1gfuof.cloudfront.net\/product\/DDHCSJPYXWXYBQ8X5\/electric-winch-a100-2.2-pt.jpg\" slate-data-type=\"image\"\/><\/div>\n<div style=\"font-size:14px;text-align:center;color:rgb(34, 34, 34);margin:16px 0px 24px;margin-bottom:24px;margin-top:16px;margin-left:0px;margin-right:0px\" align=\"center\">M\u016bs\u0173 elektrin\u0117 gerv\u0117 maitinama galingu 12 V nuolatin\u0117s srov\u0117s \/ 6,6 AG variniu varikliu, kuris kaskart u\u017etikrina pastovi\u0105 ir efektyvi\u0105 gali\u0105. D\u0117l pa\u017eangios planetin\u0117s pavaros sistemos ir 195,8:1 pavar\u0173 perdavimo skai\u010diaus gal\u0117site m\u0117gautis skland\u017eiu ir patikimu lyno tempimu net ir at\u0161iauriomis oro s\u0105lygomis ar giliame purve.<\/div>\n<\/div>\n<div>\n<div style=\"margin:8px 0px;margin-bottom:8px;margin-top:8px;margin-left:0px;margin-right:0px\"><img decoding=\"async\" style=\"width:100%\" width=\"100%\" src=\"https:\/\/d2qc09rl1gfuof.cloudfront.net\/product\/DDHCSJPYXWXYBQ8X5\/electric-winch-a100-2.3-pt.jpg\" slate-data-type=\"image\"\/><\/div>\n<div style=\"font-size:14px;text-align:center;color:rgb(34, 34, 34);margin:16px 0px 24px;margin-bottom:24px;margin-top:16px;margin-left:0px;margin-right:0px\" align=\"center\">M\u016bs\u0173 elektrin\u0117 sunkve\u017eimio gerv\u0117 pagaminta su auk\u0161tos kokyb\u0117s trosu, kurio paskutiniai 5 ritin\u0117liai yra pa\u017eym\u0117ti raudonai, kad b\u016bt\u0173 u\u017etikrintas papildomas saugumas. Ji pasi\u017eymi IP55 atsparumu vandeniui ir tvirta juoda matine apdaila, tod\u0117l be joki\u0173 problem\u0173 atlaiko stipr\u0173 liet\u0173 ir at\u0161iaurias s\u0105lygas.<\/div>\n<\/div>\n<div>\n<div style=\"margin:8px 0px;margin-bottom:8px;margin-top:8px;margin-left:0px;margin-right:0px\"><img decoding=\"async\" style=\"width:100%\" width=\"100%\" src=\"https:\/\/d2qc09rl1gfuof.cloudfront.net\/product\/DDHCSJPYXWXYBQ8X5\/electric-winch-a100-2.4-pt.jpg\" slate-data-type=\"image\"\/><\/div>\n<div style=\"font-size:14px;text-align:center;color:rgb(34, 34, 34);margin:16px 0px 24px;margin-bottom:24px;margin-top:16px;margin-left:0px;margin-right:0px\" align=\"center\">Sukurtas atlaikyti sunkius i\u0161\u0161\u016bkius, m\u016bs\u0173 sunkve\u017eimio gerv\u0117s lynas atsparus at\u0161iaurioms gamtos stichijoms ir ekstremalioms temperat\u016broms, tod\u0117l nenutr\u016bkdamas gali atlikti \u012fvairias traukimo u\u017eduotis esant nominaliam tempimo paj\u0117gumui. Be to, ai\u0161k\u016bs apkrovos \u017eym\u0117jimai ant kiekvieno sluoksnio u\u017etikrina puik\u0173 med\u017eiagos tvirtum\u0105 ir traukimo saugum\u0105.<\/div>\n<\/div>\n<div>\n<div style=\"margin:8px 0px;margin-bottom:8px;margin-top:8px;margin-left:0px;margin-right:0px\"><img decoding=\"async\" style=\"width:100%\" width=\"100%\" src=\"https:\/\/d2qc09rl1gfuof.cloudfront.net\/product\/DDHCSJPYXWXYBQ8X5\/electric-winch-a100-2.5-pt.jpg\" slate-data-type=\"image\"\/><\/div>\n<div style=\"font-size:14px;text-align:center;color:rgb(34, 34, 34);margin:16px 0px 24px;margin-bottom:24px;margin-top:16px;margin-left:0px;margin-right:0px\" align=\"center\">M\u016bs\u0173 12 volt\u0173 gerv\u0117 turi spalvomis koduojamus maitinimo laidus, kad b\u016bt\u0173 galima greitai ir be klaid\u0173 j\u0105 nustatyti. Belaidis nuotolinio valdymo pultas padeda valdyti transporto priemon\u0117s gelb\u0117jimosi sistem\u0105 be kli\u016b\u010di\u0173 20 m atstumu. Taip pat turime laidin\u012f nuotolinio valdymo pult\u0105, suteikiant\u012f vis\u0105 reikiam\u0105 valdym\u0105.<\/div>\n<\/div>\n<div style=\"margin:16px 0px 24px;margin-bottom:24px;margin-top:16px;margin-left:0px;margin-right:0px\"><\/div>\n<div style=\"margin:24px 0px;margin-bottom:24px;margin-top:24px;margin-left:0px;margin-right:0px\">\n<div style=\"font-size:16px;font-weight:bold;color:rgb(34, 34, 34);margin:24px 0px 16px;margin-bottom:16px;margin-top:24px;margin-left:0px;margin-right:0px\">Savyb\u0117s ir informacija<\/div>\n<ul style=\"margin:16px 0px 24px;margin-bottom:24px;margin-top:16px;margin-left:0px;margin-right:0px\">\n<li style=\"font-size:14px;color:rgb(34, 34, 34)\">\n<p>J\u016bs\u0173 transporto priemon\u0117s atsargin\u0117 galia: specialiai sukurta gelb\u0117jimo darbams bekel\u0117je, m\u016bs\u0173 galinga elektrin\u0117 gerv\u0117 padidina lyno tempimo gali\u0105 iki 13 500 svar\u0173. Kai j\u016bs\u0173 transporto priemon\u0117 \u012fstringa purve ar patenka \u012f li\u016bt\u012f, \u0161i gerv\u0117 suteikia papildom\u0105 pavar\u0105, kurios jums reikia, kad greitai gr\u012f\u017etum\u0117te \u012f keli\u0105. Ji skirta ne tik visureigiams ir visureigiams, bet ir puikiai tinka sunkiems kroviniams, pavyzd\u017eiui, medienai, gabenti. \u012eveikite bet koki\u0105 kli\u016bt\u012f u\u017etikrintai ir galingai!<\/p>\n<\/li>\n<li style=\"font-size:14px;color:rgb(34, 34, 34)\">\n<p>Galia, kuri pad\u0117s i\u0161bristi i\u0161 bet kokios kli\u016bties: m\u016bs\u0173 sunkve\u017eimio gerv\u0117 varoma 12 V nuolatin\u0117s srov\u0117s \/ 6,6 AG variniu varikliu, kuris u\u017etikrina pastovi\u0105 gali\u0105, kai jos labiausiai reikia. D\u0117l pa\u017eangios 3 pakop\u0173 planetin\u0117s pavar\u0173 sistemos ir 195,8:1 pavar\u0173 perdavimo skai\u010diaus \u0161i gerv\u0117 u\u017etikrina galing\u0105 traukos gali\u0105 net ir at\u0161iauriu oru bei giliame purve. Pasiruo\u0161kite u\u017etikrintai \u012fveikti bet kok\u012f i\u0161\u0161\u016bk\u012f!<\/p>\n<\/li>\n<li style=\"font-size:14px;color:rgb(34, 34, 34)\">\n<p>Lengvas sintetinis lynas: Susipa\u017einkite su geriausiomis lyno savyb\u0117mis. M\u016bs\u0173 sunkve\u017eimio gerv\u0117 tiekiama su 12 gij\u0173 didelio tankio polietileno lynu, kuris yra tvirtas, bet lengvas, tod\u0117l puikiai tinka bet kokiems nuotykiams bekel\u0117je. Jis nenusk\u0119sta vandenyje ir yra atsparus bet kokiam lauko poveikiui. Be to, ry\u0161kiai raudoni \u017eym\u0117jimai ant paskutini\u0173 5 ritin\u0117li\u0173 u\u017etikrina ger\u0105 matomum\u0105 ir u\u017etikrina, kad visada b\u016btum\u0117te pasiruo\u0161\u0119 veikti, u\u017etikrindami saugum\u0105 ir tvirtum\u0105.<\/p>\n<\/li>\n<li style=\"font-size:14px;color:rgb(34, 34, 34)\">\n<p>Paprastas naudojimas, valdymas be r\u016bpes\u010di\u0173: m\u016bs\u0173 12 volt\u0173 gerv\u0117 si\u016blo tiek belaid\u017eio, tiek laidinio nuotolinio valdymo parinktis, kad atitikt\u0173 j\u016bs\u0173 poreikius. Paprastas naudoti belaidis nuotolinio valdymo pultas leid\u017eia lengvai valdyti transporto priemon\u0119 20 m atstumu, o laidinis nuotolinio valdymo pultas yra patikima alternatyva tiksliam valdymui rankomis. M\u0117gaukit\u0117s lankstumu ir patogumu naudodami abu valdymo re\u017eimus, kad transporto priemon\u0117s evakuacija b\u016bt\u0173 kuo sklandesn\u0117.<\/p>\n<\/li>\n<li style=\"font-size:14px;color:rgb(34, 34, 34)\">\n<p>Ramyb\u0117 d\u0117l vilkimo na\u0161umo: At\u0161iaurus oras? Joki\u0173 problem\u0173! M\u016bs\u0173 elektrin\u0117 gerv\u0117 pagaminta pagal IP55 atsparumo vandeniui klas\u0119 ir pasi\u017eymi eleganti\u0161ka juoda matine apdaila, kuri padidina atsparum\u0105 r\u016bdijimui ir izoliacij\u0105. Ji pasirengusi susidoroti su stipriu lietumi, purvu ar kitomis at\u0161iauriomis s\u0105lygomis. Spalvomis koduoti maitinimo laidai ir lengvai suprantamos instrukcijos rei\u0161kia, kad gal\u0117site j\u0105 paruo\u0161ti be joki\u0173 kli\u016b\u010di\u0173 ir v\u0117l m\u0117gautis kelione.<\/p>\n<\/li>\n<\/ul>\n<\/div>\n<div>\n<div>\n<div style=\"margin:16px 0px 24px;margin-bottom:24px;margin-top:16px;margin-left:0px;margin-right:0px\"><img decoding=\"async\" style=\"width:100%\" width=\"100%\" src=\"https:\/\/d2qc09rl1gfuof.cloudfront.net\/product\/DDHCSJPYXWXYBQ8X5\/electric-winch-a100-1.11-pt.jpg\" slate-data-type=\"image\"\/><\/div>\n<\/div>\n<\/div>\n<\/div>\n<div><\/div>\n<\/div>\n<\/div>\n<div class=\"detailmodule_dynamic\"><kse:widget data-widget-type=\"customText\" id=\"1005000000397265\" type=\"custom\"><\/kse:widget><\/div>\n<p><\/p>","protected":false},"excerpt":{"rendered":"<p>Hign-concerned Chemical:&nbsp;None Origin:&nbsp;Mainland China Brand Name:&nbsp;VEVOR Type:&nbsp;Power Brand:&nbsp;VEVOR Rated Line Pull Capacity:&nbsp;13500 lbs\/6123 kg Rope Material:&nbsp;Polyethylene, 12 Strands Remote Control:&nbsp;Wireless + Wired Remote Control Voltage\/Horsepower:&nbsp;12V DC\/6.6 HP Gear Ratio:&nbsp;195.8:1 Type:&nbsp;Electric<\/p>","protected":false},"featured_media":25030,"comment_status":"open","ping_status":"closed","template":"","meta":{"_acf_changed":false},"product_brand":[],"product_cat":[522],"product_tag":[],"class_list":{"0":"post-25029","1":"product","2":"type-product","3":"status-publish","4":"has-post-thumbnail","6":"product_cat-electric-winches","8":"first","9":"instock","10":"shipping-taxable","11":"purchasable","12":"product-type-variable"},"acf":[],"_links":{"self":[{"href":"https:\/\/www.electricstore.eu\/lt\/wp-json\/wp\/v2\/product\/25029","targetHints":{"allow":["GET"]}}],"collection":[{"href":"https:\/\/www.electricstore.eu\/lt\/wp-json\/wp\/v2\/product"}],"about":[{"href":"https:\/\/www.electricstore.eu\/lt\/wp-json\/wp\/v2\/types\/product"}],"replies":[{"embeddable":true,"href":"https:\/\/www.electricstore.eu\/lt\/wp-json\/wp\/v2\/comments?post=25029"}],"wp:featuredmedia":[{"embeddable":true,"href":"https:\/\/www.electricstore.eu\/lt\/wp-json\/wp\/v2\/media\/25030"}],"wp:attachment":[{"href":"https:\/\/www.electricstore.eu\/lt\/wp-json\/wp\/v2\/media?parent=25029"}],"wp:term":[{"taxonomy":"product_brand","embeddable":true,"href":"https:\/\/www.electricstore.eu\/lt\/wp-json\/wp\/v2\/product_brand?post=25029"},{"taxonomy":"product_cat","embeddable":true,"href":"https:\/\/www.electricstore.eu\/lt\/wp-json\/wp\/v2\/product_cat?post=25029"},{"taxonomy":"product_tag","embeddable":true,"href":"https:\/\/www.electricstore.eu\/lt\/wp-json\/wp\/v2\/product_tag?post=25029"}],"curies":[{"name":"wp","href":"https:\/\/api.w.org\/{rel}","templated":true}]}}