{"id":25022,"date":"2025-05-20T18:43:58","date_gmt":"2025-05-20T18:43:58","guid":{"rendered":"https:\/\/electricstore.eu\/p\/uncategorized\/vevor-motorcycle-lift-500kg-motorcycle-scissor-lift-jack-with-saddle-safety-pin-steel-motorcycle-jack-hoist-stand-for-motorbike\/"},"modified":"2025-05-20T18:47:33","modified_gmt":"2025-05-20T18:47:33","slug":"vevor-motorcycle-lift-500kg-motorcycle-scissor-lift-jack-with-saddle-safety-pin-steel-motorcycle-jack-hoist-stand-for-motorbike","status":"publish","type":"product","link":"https:\/\/www.electricstore.eu\/lt\/p\/a\/vevor-motorcycle-lift-500kg-motorcycle-scissor-lift-jack-with-saddle-safety-pin-steel-motorcycle-jack-hoist-stand-for-motorbike\/","title":{"rendered":"VEVOR motociklo keltuvas 500 kg motociklo \u017eirklinis keltuvas su balnu ir apsauginiu kai\u0161\u010diu, plieninis motociklo domkrato stovas motociklui"},"content":{"rendered":"<div class=\"product-specs-list-container\">\n<ul class=\"product-specs-list util-clearfix\">\n<li class=\"product-prop line-limit-length\"><span\n                                        class=\"property-title\">Labai susir\u016bpinim\u0105 kelianti chemin\u0117 med\u017eiaga:&nbsp;<\/span><span\n                                        class=\"property-desc line-limit-length\">N\u0117ra<\/span>\n                            <\/li>\n<li class=\"product-prop line-limit-length\"><span\n                                        class=\"property-title\">Kilm\u0117:&nbsp;<\/span><span\n                                        class=\"property-desc line-limit-length\">\u017demynin\u0117 Kinija<\/span>\n                            <\/li>\n<\/ul><\/div>\n<div class=\"detailmodule_html\">\n<div class=\"detail-desc-decorate-richtext\">\n<div style=\"font-family:&quot;Open sans&quot;, Arial, Helvetica, sans-serif\">\n<div><img decoding=\"async\" style=\"width:100%\" width=\"100%\" src=\"https:\/\/d2qc09rl1gfuof.cloudfront.net\/vevor\/boutique-banner\/pc\/banner-en.jpg\" slate-data-type=\"image\"\/><\/div>\n<div>\n<div style=\"font-size:16px;font-weight:bold;text-align:center;color:rgb(34, 34, 34);margin:24px 0px;margin-bottom:24px;margin-top:24px;margin-left:0px;margin-right:0px\" align=\"center\"><\/div>\n<div><img decoding=\"async\" style=\"width:100%\" width=\"100%\" src=\"https:\/\/d2qc09rl1gfuof.cloudfront.net\/product\/MTCSJJCSB1100PWQ4\/motorcycle-lift-a100-1.4.jpg\" slate-data-type=\"image\"\/><\/div>\n<div style=\"font-size:14px;text-align:center;color:rgb(34, 34, 34);margin:16px 0px 24px;margin-bottom:24px;margin-top:16px;margin-left:0px;margin-right:0px\" align=\"center\"><\/div>\n<\/div>\n<div>\n<div style=\"margin:8px 0px;margin-bottom:8px;margin-top:8px;margin-left:0px;margin-right:0px\"><img decoding=\"async\" style=\"width:100%\" width=\"100%\" src=\"https:\/\/d2qc09rl1gfuof.cloudfront.net\/product\/MTCSJJCSB1100PWQ4\/motorcycle-lift-a100-1.12.jpg\" slate-data-type=\"image\"\/><\/div>\n<\/div>\n<div>\n<div style=\"margin:8px 0px;margin-bottom:8px;margin-top:8px;margin-left:0px;margin-right:0px\"><img decoding=\"async\" style=\"width:100%\" width=\"100%\" src=\"https:\/\/d2qc09rl1gfuof.cloudfront.net\/product\/MTCSJJCSB1100PWQ4\/motorcycle-lift-a100-1.13.jpg\" slate-data-type=\"image\"\/><\/div>\n<\/div>\n<div>\n<div style=\"margin:8px 0px;margin-bottom:8px;margin-top:8px;margin-left:0px;margin-right:0px\"><img decoding=\"async\" style=\"width:100%\" width=\"100%\" src=\"https:\/\/d2qc09rl1gfuof.cloudfront.net\/product\/MTCSJJCSB1100PWQ4\/motorcycle-lift-a100-1.16.jpg\" slate-data-type=\"image\"\/><\/div>\n<\/div>\n<div>\n<div style=\"margin:8px 0px;margin-bottom:8px;margin-top:8px;margin-left:0px;margin-right:0px\"><img decoding=\"async\" style=\"width:100%\" width=\"100%\" src=\"https:\/\/d2qc09rl1gfuof.cloudfront.net\/product\/MTCSJJCSB1100PWQ4\/motorcycle-lift-a100-1.17.jpg\" slate-data-type=\"image\"\/><\/div>\n<\/div>\n<div>\n<div style=\"margin:8px 0px;margin-bottom:8px;margin-top:8px;margin-left:0px;margin-right:0px\"><img decoding=\"async\" style=\"width:100%\" width=\"100%\" src=\"https:\/\/d2qc09rl1gfuof.cloudfront.net\/product\/MTCSJJCSB1100PWQ4\/motorcycle-lift-a100-1.18.jpg\" slate-data-type=\"image\"\/><\/div>\n<\/div>\n<div>\n<div style=\"margin:8px 0px;margin-bottom:8px;margin-top:8px;margin-left:0px;margin-right:0px\"><img decoding=\"async\" style=\"width:100%\" width=\"100%\" src=\"https:\/\/d2qc09rl1gfuof.cloudfront.net\/product\/MTCSJJCSB1100PWQ4\/motorcycle-lift-a100-1.20.jpg\" slate-data-type=\"image\"\/><\/div>\n<\/div>\n<div style=\"margin:16px 0px 24px;margin-bottom:24px;margin-top:16px;margin-left:0px;margin-right:0px\"><\/div>\n<div style=\"margin:24px 0px;margin-bottom:24px;margin-top:24px;margin-left:0px;margin-right:0px\">\n<div style=\"font-size:16px;font-weight:bold;color:rgb(34, 34, 34);margin:24px 0px 16px;margin-bottom:16px;margin-top:24px;margin-left:0px;margin-right:0px\">Savyb\u0117s ir informacija<\/div>\n<ul style=\"margin:16px 0px 24px;margin-bottom:24px;margin-top:16px;margin-left:0px;margin-right:0px\">\n<li style=\"font-size:14px;color:rgb(34, 34, 34)\">\n<p>Didel\u0117 keliamoji galia: kai reikia pakelti motocikl\u0105 techninei prie\u017ei\u016brai ir valymui, galite naudoti VEVOR motociklo \u017eirklin\u012f keltuv\u0105. Atlikus apkrovos bandymus, motociklo keltuvas gali saugiai i\u0161laikyti iki 1100 svar\u0173 \/ 0,5 tonos svor\u012f. Motociklo centrinis domkratas yra puikus pagalbininkas j\u016bs\u0173 gara\u017ee, norint pakelti gatv\u0117s motociklus, kruizinius motociklus ir nuotyki\u0173 turistinius motociklus.<\/p>\n<\/li>\n<li style=\"font-size:14px;color:rgb(34, 34, 34)\">\n<p>Lengva valdyti: Pakelkite motocikl\u0105 be joki\u0173 papildom\u0173 \u012franki\u0173, be prakaito. Tereikia pasukti nuimam\u0105 metalin\u0119 ranken\u0105, kad domkratas b\u016bt\u0173 lengvai pakeltas. Auk\u0161t\u012f galite reguliuoti nuo 95 mm iki 400 mm, kad motocikl\u0105 b\u016bt\u0173 lengva remontuoti ir pri\u017ei\u016br\u0117ti.<\/p>\n<\/li>\n<li style=\"font-size:14px;color:rgb(34, 34, 34)\">\n<p>Svarbiausia \u2013 saugumas: plieninio X formos r\u0117mo centrinis velenas laiko j\u016bs\u0173 motocikl\u0105 \u012fvairiose pad\u0117tyse. 6 pad\u0117\u010di\u0173 apsauginis kai\u0161tis u\u017etikrina saug\u0173 pak\u0117lim\u0105, suma\u017eindamas kritimo rizik\u0105 ir apsaugodamas jus bei j\u016bs\u0173 motocikl\u0105.<\/p>\n<\/li>\n<li style=\"font-size:14px;color:rgb(34, 34, 34)\">\n<p>Neslystantys balneliai: Jums nepatinka, kai keliant motocikl\u0105 jis dreba ir slysta ant ma\u017eos platformos, ar ne? Motociklo keltuvo vir\u0161uje yra du i\u0161lenkti balneliai, o pavir\u0161ius padengtas neslystan\u010dia guma, kad motociklas neslyst\u0173 ir dugnas b\u016bt\u0173 apsaugotas nuo \u012fbr\u0117\u017eim\u0173.<\/p>\n<\/li>\n<li style=\"font-size:14px;color:rgb(34, 34, 34)\">\n<p>Sulankstykite ir laikykite: sulankstykite motociklo k\u0117limo stov\u0105 iki 9,4 cm auk\u0161\u010dio, kad b\u016bt\u0173 galima kompakti\u0161kai laikyti ir transportuoti. Milteliniu b\u016bdu da\u017eyta apdaila atspari alyvai, riebalams ir r\u016bdims, tod\u0117l motociklo domkrat\u0105 lengva valyti ir laikyti gara\u017ee ar remonto dirbtuv\u0117se. Visi j\u016bs\u0173 r\u016bpes\u010diai tiesiog i\u0161nyks.<\/p>\n<\/li>\n<\/ul>\n<\/div>\n<div>\n<div>\n<div style=\"margin:16px 0px 24px;margin-bottom:24px;margin-top:16px;margin-left:0px;margin-right:0px\"><img decoding=\"async\" style=\"width:100%\" width=\"100%\" src=\"https:\/\/d2qc09rl1gfuof.cloudfront.net\/product\/MTCSJJCSB1100PWQ4\/motorcycle-lift-a100-1.11.jpg\" slate-data-type=\"image\"\/><\/div>\n<\/div>\n<\/div>\n<\/div>\n<\/div>\n<\/div>\n<p><\/p>","protected":false},"excerpt":{"rendered":"<p>Hign-concerned Chemical:&nbsp;None Origin:&nbsp;Mainland China Features &amp; Details Large Weight-bearing Capacity: When you need to lift your motorcycle for maintenance and cleaning, you can partner with a VEVOR motorcycle scissor lift<\/p>","protected":false},"featured_media":25023,"comment_status":"open","ping_status":"closed","template":"","meta":{"_acf_changed":false},"product_brand":[],"product_cat":[525],"product_tag":[],"class_list":{"0":"post-25022","1":"product","2":"type-product","3":"status-publish","4":"has-post-thumbnail","6":"product_cat-a","8":"first","9":"instock","10":"shipping-taxable","11":"purchasable","12":"product-type-variable"},"acf":[],"_links":{"self":[{"href":"https:\/\/www.electricstore.eu\/lt\/wp-json\/wp\/v2\/product\/25022","targetHints":{"allow":["GET"]}}],"collection":[{"href":"https:\/\/www.electricstore.eu\/lt\/wp-json\/wp\/v2\/product"}],"about":[{"href":"https:\/\/www.electricstore.eu\/lt\/wp-json\/wp\/v2\/types\/product"}],"replies":[{"embeddable":true,"href":"https:\/\/www.electricstore.eu\/lt\/wp-json\/wp\/v2\/comments?post=25022"}],"wp:featuredmedia":[{"embeddable":true,"href":"https:\/\/www.electricstore.eu\/lt\/wp-json\/wp\/v2\/media\/25023"}],"wp:attachment":[{"href":"https:\/\/www.electricstore.eu\/lt\/wp-json\/wp\/v2\/media?parent=25022"}],"wp:term":[{"taxonomy":"product_brand","embeddable":true,"href":"https:\/\/www.electricstore.eu\/lt\/wp-json\/wp\/v2\/product_brand?post=25022"},{"taxonomy":"product_cat","embeddable":true,"href":"https:\/\/www.electricstore.eu\/lt\/wp-json\/wp\/v2\/product_cat?post=25022"},{"taxonomy":"product_tag","embeddable":true,"href":"https:\/\/www.electricstore.eu\/lt\/wp-json\/wp\/v2\/product_tag?post=25022"}],"curies":[{"name":"wp","href":"https:\/\/api.w.org\/{rel}","templated":true}]}}