{"id":25000,"date":"2025-05-20T18:43:51","date_gmt":"2025-05-20T18:43:51","guid":{"rendered":"https:\/\/electricstore.eu\/p\/uncategorized\/vevor-2000lbs-electric-car-winch-atv-utv-steel-cable-winch-with-wired-remote-control-for-towing-off-road-vehicle-jeep-truck\/"},"modified":"2025-05-20T18:47:24","modified_gmt":"2025-05-20T18:47:24","slug":"vevor-2000lbs-electric-car-winch-atv-utv-steel-cable-winch-with-wired-remote-control-for-towing-off-road-vehicle-jeep-truck","status":"publish","type":"product","link":"https:\/\/www.electricstore.eu\/lt\/p\/o\/electric-winches\/vevor-2000lbs-electric-car-winch-atv-utv-steel-cable-winch-with-wired-remote-control-for-towing-off-road-vehicle-jeep-truck\/","title":{"rendered":"VEVOR 2000lbs elektrin\u0117 automobilio gerv\u0117 ATV\/UTV plieninio kabelio gerv\u0117 su laidiniu nuotolinio valdymo pultu, skirta vilkti visureigius d\u017eipus"},"content":{"rendered":"<div class=\"product-specs-list-container\">\n<ul class=\"product-specs-list util-clearfix\">\n<li class=\"product-prop line-limit-length\"><span\n                                        class=\"property-title\">Labai susir\u016bpinim\u0105 kelianti chemin\u0117 med\u017eiaga:&nbsp;<\/span><span\n                                        class=\"property-desc line-limit-length\">N\u0117ra<\/span>\n                            <\/li>\n<li class=\"product-prop line-limit-length\"><span\n                                        class=\"property-title\">Kilm\u0117:&nbsp;<\/span><span\n                                        class=\"property-desc line-limit-length\">\u017demynin\u0117 Kinija<\/span>\n                            <\/li>\n<li class=\"product-prop line-limit-length\"><span\n                                        class=\"property-title\">Prek\u0117s \u017eenklas:&nbsp;<\/span><span\n                                        class=\"property-desc line-limit-length\">VEVOR<\/span>\n                            <\/li>\n<li class=\"product-prop line-limit-length\"><span\n                                        class=\"property-title\">Tipas:&nbsp;<\/span><span\n                                        class=\"property-desc line-limit-length\">Galia<\/span>\n                            <\/li>\n<li class=\"product-prop line-limit-length\"><span\n                                        class=\"property-title\">Prek\u0117s \u017eenklas:&nbsp;<\/span><span\n                                        class=\"property-desc line-limit-length\">VEVOR<\/span>\n                            <\/li>\n<li class=\"product-prop line-limit-length\"><span\n                                        class=\"property-title\">Nominali linijos traukos galia:&nbsp;<\/span><span\n                                        class=\"property-desc line-limit-length\">2000 svar\u0173 \/ 907 kg<\/span>\n                            <\/li>\n<li class=\"product-prop line-limit-length\"><span\n                                        class=\"property-title\">Kabelio med\u017eiaga:&nbsp;<\/span><span\n                                        class=\"property-desc line-limit-length\">Plienas, 7 vijos<\/span>\n                            <\/li>\n<li class=\"product-prop line-limit-length\"><span\n                                        class=\"property-title\">Med\u017eiaga:&nbsp;<\/span><span\n                                        class=\"property-desc line-limit-length\">Aliuminio, plieno, vario, plastiko (PPS ir PA ir kt.) lydiniai<\/span>\n                            <\/li>\n<li class=\"product-prop line-limit-length\"><span\n                                        class=\"property-title\">Nuotolinio valdymo re\u017eimas:&nbsp;<\/span><span\n                                        class=\"property-desc line-limit-length\">Laidinis nuotolinio valdymo pultas<\/span>\n                            <\/li>\n<li class=\"product-prop line-limit-length\"><span\n                                        class=\"property-title\">Atsparumas vandeniui:&nbsp;<\/span><span\n                                        class=\"property-desc line-limit-length\">IP55<\/span>\n                            <\/li>\n<li class=\"product-prop line-limit-length\"><span\n                                        class=\"property-title\">Grynasis svoris:&nbsp;<\/span><span\n                                        class=\"property-desc line-limit-length\">16 svar\u0173 \/ 7,26 kg<\/span>\n                            <\/li>\n<li class=\"product-prop line-limit-length\"><span\n                                        class=\"property-title\">Tipas:&nbsp;<\/span><span\n                                        class=\"property-desc line-limit-length\">Elektrin\u0117 gerv\u0117<\/span>\n                            <\/li>\n<\/ul><\/div>\n<div class=\"detailmodule_html\">\n<div class=\"detail-desc-decorate-richtext\">\n<div style=\"font-family:&quot;Open sans&quot;, Arial, Helvetica, sans-serif\">\n<div><img decoding=\"async\" style=\"width:100%\" width=\"100%\" src=\"https:\/\/d2qc09rl1gfuof.cloudfront.net\/vevor\/boutique-banner\/pc\/banner-en.jpg\" slate-data-type=\"image\"\/><\/div>\n<div>\n<div style=\"font-size:16px;font-weight:bold;text-align:center;color:rgb(34, 34, 34);margin:24px 0px;margin-bottom:24px;margin-top:24px;margin-left:0px;margin-right:0px\" align=\"center\">2000 svar\u0173 sverianti keturra\u010dio elektrin\u0117 gerv\u0117, u\u017etikrintai \u012fveikite bet kok\u012f reljef\u0105<\/div>\n<div><img decoding=\"async\" style=\"width:100%\" width=\"100%\" src=\"https:\/\/d2qc09rl1gfuof.cloudfront.net\/product\/ATVGSSJP2000PXII1\/electric-winch-a100-1.4-pt.jpg\" slate-data-type=\"image\"\/><\/div>\n<div style=\"font-size:14px;text-align:center;color:rgb(34, 34, 34);margin:16px 0px 24px;margin-bottom:24px;margin-top:16px;margin-left:0px;margin-right:0px\" align=\"center\">M\u016bs\u0173 galinga elektrin\u0117 gerv\u0117 gali atlaikyti 900 kg tempimo gali\u0105 ir yra atspari vandeniui (IP55), tod\u0117l puikiai tinka i\u0161laisvinti j\u016bs\u0173 keturrat\u012f ar UTV i\u0161 lipni\u0173 purvo duobi\u0173. Su 12 V nuolatin\u0117s srov\u0117s \/ 0,95 AG nuolatinio magneto variniu varikliu, 153:1 pavar\u0173 perdavimo skai\u010diumi ir plieniniu lynu, ji u\u017etikrina, kad niekada ilgam neu\u017estrigsite.<\/div>\n<\/div>\n<div>\n<div style=\"margin:8px 0px;margin-bottom:8px;margin-top:8px;margin-left:0px;margin-right:0px\"><img decoding=\"async\" style=\"width:100%\" width=\"100%\" src=\"https:\/\/d2qc09rl1gfuof.cloudfront.net\/product\/ATVGSSJP2000PXII1\/electric-winch-a100-2.2-pt.jpg\" slate-data-type=\"image\"\/><\/div>\n<div style=\"font-size:14px;text-align:center;color:rgb(34, 34, 34);margin:16px 0px 24px;margin-bottom:24px;margin-top:16px;margin-left:0px;margin-right:0px\" align=\"center\">M\u016bs\u0173 elektrin\u0119 gerv\u0119 maitina galingas 12 V nuolatin\u0117s srov\u0117s \/ 0,95 AG varinis variklis, kuris kaskart u\u017etikrina pastovi\u0105 ir efektyvi\u0105 gali\u0105. D\u0117l pa\u017eangios planetin\u0117s pavaros sistemos ir 153:1 pavar\u0173 perdavimo skai\u010diaus gal\u0117site m\u0117gautis skland\u017eiu ir patikimu tempimo paj\u0117gumu net ir at\u0161iauriomis oro s\u0105lygomis ar giliame purve.<\/div>\n<\/div>\n<div>\n<div style=\"margin:8px 0px;margin-bottom:8px;margin-top:8px;margin-left:0px;margin-right:0px\"><img decoding=\"async\" style=\"width:100%\" width=\"100%\" src=\"https:\/\/d2qc09rl1gfuof.cloudfront.net\/product\/ATVGSSJP2000PXII1\/electric-winch-a100-2.3-pt.jpg\" slate-data-type=\"image\"\/><\/div>\n<div style=\"font-size:14px;text-align:center;color:rgb(34, 34, 34);margin:16px 0px 24px;margin-bottom:24px;margin-top:16px;margin-left:0px;margin-right:0px\" align=\"center\">M\u016bs\u0173 keturra\u010dio gerv\u0117 pagaminta su auk\u0161tos kokyb\u0117s lynu, kurio paskutiniai 5 ritin\u0117liai yra pa\u017eym\u0117ti raudonai, kad b\u016bt\u0173 u\u017etikrintas papildomas saugumas. Ji pasi\u017eymi IP55 atsparumu vandeniui ir tvirta juoda matine apdaila, tod\u0117l be joki\u0173 problem\u0173 atlaiko stipr\u0173 liet\u0173 ir at\u0161iaurias s\u0105lygas.<\/div>\n<\/div>\n<div>\n<div style=\"margin:8px 0px;margin-bottom:8px;margin-top:8px;margin-left:0px;margin-right:0px\"><img decoding=\"async\" style=\"width:100%\" width=\"100%\" src=\"https:\/\/d2qc09rl1gfuof.cloudfront.net\/product\/ATVGSSJP2000PXII1\/electric-winch-a100-2.4-pt.jpg\" slate-data-type=\"image\"\/><\/div>\n<div style=\"font-size:14px;text-align:center;color:rgb(34, 34, 34);margin:16px 0px 24px;margin-bottom:24px;margin-top:16px;margin-left:0px;margin-right:0px\" align=\"center\">Sukurtas atlaikyti sunkius i\u0161\u0161\u016bkius, m\u016bs\u0173 UTV gerv\u0117s trosas atsparus at\u0161iaurioms gamtos stichijoms ir ekstremalioms temperat\u016broms, tod\u0117l leid\u017eia atlikti \u012fvairias traukimo u\u017eduotis esant nominaliam tempimo paj\u0117gumui nenutr\u016bkstant. Be to, ai\u0161k\u016bs apkrovos \u017eym\u0117jimai ant kiekvieno sluoksnio u\u017etikrina puik\u0173 med\u017eiagos tvirtum\u0105 ir traukimo saugum\u0105.<\/div>\n<\/div>\n<div>\n<div style=\"margin:8px 0px;margin-bottom:8px;margin-top:8px;margin-left:0px;margin-right:0px\"><img decoding=\"async\" style=\"width:100%\" width=\"100%\" src=\"https:\/\/d2qc09rl1gfuof.cloudfront.net\/product\/ATVGSSJP2000PXII1\/electric-winch-a100-2.5-pt.jpg\" slate-data-type=\"image\"\/><\/div>\n<div style=\"font-size:14px;text-align:center;color:rgb(34, 34, 34);margin:16px 0px 24px;margin-bottom:24px;margin-top:16px;margin-left:0px;margin-right:0px\" align=\"center\">Atsisveikinkite su laid\u0173 painiava! M\u016bs\u0173 12 volt\u0173 gerv\u0117 turi spalvomis koduojamus maitinimo laidus, kad b\u016bt\u0173 galima greitai ir be klaid\u0173 sumontuoti. Naudodami laidin\u012f nuotolinio valdymo pult\u0105, tiesiog prijunkite maitinimo laidus ir viskas paruo\u0161ta skland\u017eiam ir efektyviam transporto priemon\u0117s atrakinimo procesui.<\/div>\n<\/div>\n<div style=\"margin:16px 0px 24px;margin-bottom:24px;margin-top:16px;margin-left:0px;margin-right:0px\"><\/div>\n<div style=\"margin:24px 0px;margin-bottom:24px;margin-top:24px;margin-left:0px;margin-right:0px\">\n<div style=\"font-size:16px;font-weight:bold;color:rgb(34, 34, 34);margin:24px 0px 16px;margin-bottom:16px;margin-top:24px;margin-left:0px;margin-right:0px\">Savyb\u0117s ir informacija<\/div>\n<ul style=\"margin:16px 0px 24px;margin-bottom:24px;margin-top:16px;margin-left:0px;margin-right:0px\">\n<li style=\"font-size:14px;color:rgb(34, 34, 34)\">\n<p>J\u016bs\u0173 transporto priemon\u0117s atsargin\u0117 galia: specialiai sukurta evakuacijai bekel\u0117je, m\u016bs\u0173 galinga elektrin\u0117 gerv\u0117 pasi\u017eymi galinga 2000 svar\u0173 (apie 900 kg) tempimo galia. Kai j\u016bs\u0173 transporto priemon\u0117 \u012fstringa purve ar patenka \u012f li\u016bt\u012f, \u0161i gerv\u0117 suteikia papildom\u0105 pavar\u0105, kurios jums reikia, kad greitai gr\u012f\u017etum\u0117te \u012f v\u0117\u017ees. Idealiai tinka ma\u017e\u0173 transporto priemoni\u0173, toki\u0173 kaip keturra\u010diai ir UTV, vilkimo darbams, u\u017etikrinant, kad j\u016bs\u0173 nuotykiai niekada nesustot\u0173.<\/p>\n<\/li>\n<li style=\"font-size:14px;color:rgb(34, 34, 34)\">\n<p>Galia, kuri pad\u0117s i\u0161traukti i\u0161 bet kokios kli\u016bties: m\u016bs\u0173 keturra\u010dio gerv\u0117 varoma tvirto 12 V nuolatin\u0117s srov\u0117s \/ 0,95 AG nuolatinio magneto varinio variklio, kuris tiekia nuolatin\u0119 ir efektyvi\u0105 gali\u0105, kai jos labiausiai reikia. Pa\u017eangi planetin\u0117 pavar\u0173 sistema ir 153:1 pavar\u0173 santykis u\u017etikrina patikim\u0105 ir galing\u0105 traukimo j\u0117g\u0105. Nesvarbu, ar susiduriate su at\u0161iauriu oru, ar giliu purvu, \u0161i gerv\u0117 pasir\u016bpins jumis, nes transporto priemon\u0117s traukimas bus lengvas ir patikimas.<\/p>\n<\/li>\n<li style=\"font-size:14px;color:rgb(34, 34, 34)\">\n<p>Tvirtas plieninis lynas: pasiruo\u0161kite tvirtam darbui su m\u016bs\u0173 7 gij\u0173 tvirtu plieniniu lynu. Sukurtas atlaikyti at\u0161iaurias gamtos stichijas ir auk\u0161t\u0105 temperat\u016br\u0105, \u0161is plieninis lynas yra tvirtas ir gali atlaikyti bet kokius i\u0161\u0161\u016bkius. Be to, ry\u0161kiai raudoni \u017eym\u0117jimai ant paskutini\u0173 5 ritin\u0117li\u0173 u\u017etikrina ger\u0105 matomum\u0105, saugum\u0105 ir ilgaam\u017ei\u0161kum\u0105, kad ir koks sunkus b\u016bt\u0173 darbas.<\/p>\n<\/li>\n<li style=\"font-size:14px;color:rgb(34, 34, 34)\">\n<p>Paprastas naudojimas, valdymas be r\u016bpes\u010di\u0173: M\u016bs\u0173 ma\u017ea gerv\u0117 turi laidin\u012f nuotolinio valdymo pult\u0105 su vandeniui ir korozijai atspariu korpusu, u\u017etikrinan\u010diu patikim\u0105 veikim\u0105 bet kokiu oru. Tiesiog prijunkite maitinimo laid\u0105 ir b\u016bsite pasiruo\u0161\u0119 atlikti savaranki\u0161ko gelb\u0117jimo darbus, kad transporto priemon\u0117 veikt\u0173 be kli\u016b\u010di\u0173. Skirtingai nuo belaid\u017ei\u0173 nuotolinio valdymo pult\u0173, jums nereik\u0117s nerimauti d\u0117l baterij\u0173 praradimo, tod\u0117l tai yra patikimesnis pasirinkimas gelb\u0117jimui lauke.<\/p>\n<\/li>\n<li style=\"font-size:14px;color:rgb(34, 34, 34)\">\n<p>Ramyb\u0117 d\u0117l vilkimo na\u0161umo: At\u0161iaurus oras? Joki\u0173 problem\u0173! M\u016bs\u0173 elektrin\u0117 gerv\u0117 pagaminta pagal IP55 atsparumo vandeniui klas\u0119 ir pasi\u017eymi eleganti\u0161ka juoda matine apdaila, kuri padidina atsparum\u0105 r\u016bdijimui ir izoliacij\u0105. Ji pasirengusi susidoroti su stipriu lietumi, purvu ar kitomis at\u0161iauriomis s\u0105lygomis. Spalvomis koduoti maitinimo laidai ir lengvai suprantamos instrukcijos rei\u0161kia, kad gal\u0117site j\u0105 paruo\u0161ti be joki\u0173 kli\u016b\u010di\u0173 ir v\u0117l m\u0117gautis kelione.<\/p>\n<\/li>\n<\/ul>\n<\/div>\n<div>\n<div>\n<div style=\"margin:16px 0px 24px;margin-bottom:24px;margin-top:16px;margin-left:0px;margin-right:0px\"><img decoding=\"async\" style=\"width:100%\" width=\"100%\" src=\"https:\/\/d2qc09rl1gfuof.cloudfront.net\/product\/ATVGSSJP2000PXII1\/electric-winch-a100-1.11-pt.jpg\" slate-data-type=\"image\"\/><\/div>\n<\/div>\n<\/div>\n<\/div>\n<\/div>\n<\/div>\n<p><\/p>","protected":false},"excerpt":{"rendered":"<p>Hign-concerned Chemical:&nbsp;None Origin:&nbsp;Mainland China Brand Name:&nbsp;VEVOR Type:&nbsp;Power Brand:&nbsp;VEVOR Rated Line Pull Capacity:&nbsp;2000 lbs\/907 kg Cable Material:&nbsp;Steel, 7 Strands Material:&nbsp;Alloy Aluminum, Steel, Copper, Plastic (PPS and PA, etc.) Remote Control Mode:&nbsp;Wired<\/p>","protected":false},"featured_media":25001,"comment_status":"open","ping_status":"closed","template":"","meta":{"_acf_changed":false},"product_brand":[],"product_cat":[522],"product_tag":[],"class_list":{"0":"post-25000","1":"product","2":"type-product","3":"status-publish","4":"has-post-thumbnail","6":"product_cat-electric-winches","8":"first","9":"instock","10":"shipping-taxable","11":"purchasable","12":"product-type-variable"},"acf":[],"_links":{"self":[{"href":"https:\/\/www.electricstore.eu\/lt\/wp-json\/wp\/v2\/product\/25000","targetHints":{"allow":["GET"]}}],"collection":[{"href":"https:\/\/www.electricstore.eu\/lt\/wp-json\/wp\/v2\/product"}],"about":[{"href":"https:\/\/www.electricstore.eu\/lt\/wp-json\/wp\/v2\/types\/product"}],"replies":[{"embeddable":true,"href":"https:\/\/www.electricstore.eu\/lt\/wp-json\/wp\/v2\/comments?post=25000"}],"wp:featuredmedia":[{"embeddable":true,"href":"https:\/\/www.electricstore.eu\/lt\/wp-json\/wp\/v2\/media\/25001"}],"wp:attachment":[{"href":"https:\/\/www.electricstore.eu\/lt\/wp-json\/wp\/v2\/media?parent=25000"}],"wp:term":[{"taxonomy":"product_brand","embeddable":true,"href":"https:\/\/www.electricstore.eu\/lt\/wp-json\/wp\/v2\/product_brand?post=25000"},{"taxonomy":"product_cat","embeddable":true,"href":"https:\/\/www.electricstore.eu\/lt\/wp-json\/wp\/v2\/product_cat?post=25000"},{"taxonomy":"product_tag","embeddable":true,"href":"https:\/\/www.electricstore.eu\/lt\/wp-json\/wp\/v2\/product_tag?post=25000"}],"curies":[{"name":"wp","href":"https:\/\/api.w.org\/{rel}","templated":true}]}}