{"id":24985,"date":"2025-05-20T18:43:43","date_gmt":"2025-05-20T18:43:43","guid":{"rendered":"https:\/\/electricstore.eu\/p\/uncategorized\/vevor-8000-lbs-electric-winch-atv-nylon-rope-winch-with-wireless-handheld-remote-for-towing-car-trailer-clearance-sale\/"},"modified":"2025-05-20T18:47:03","modified_gmt":"2025-05-20T18:47:03","slug":"vevor-8000-lbs-electric-winch-atv-nylon-rope-winch-with-wireless-handheld-remote-for-towing-car-trailer-clearance-sale","status":"publish","type":"product","link":"https:\/\/www.electricstore.eu\/lt\/p\/o\/electric-winches\/vevor-8000-lbs-electric-winch-atv-nylon-rope-winch-with-wireless-handheld-remote-for-towing-car-trailer-clearance-sale\/","title":{"rendered":"VEVOR 8000 svar\u0173 elektrin\u0117 gerv\u0117 ATV nailono virv\u0117 su belaid\u017eiu rankiniu nuotolinio valdymo pultu automobilio ir priekabos vilkimui i\u0161pardavimas"},"content":{"rendered":"<div class=\"product-specs-list-container\">\n<ul class=\"product-specs-list util-clearfix\">\n<li class=\"product-prop line-limit-length\"><span\n                                        class=\"property-title\">Labai susir\u016bpinim\u0105 kelianti chemin\u0117 med\u017eiaga:&nbsp;<\/span><span\n                                        class=\"property-desc line-limit-length\">N\u0117ra<\/span>\n                            <\/li>\n<li class=\"product-prop line-limit-length\"><span\n                                        class=\"property-title\">Modelio numeris:&nbsp;<\/span><span\n                                        class=\"property-desc line-limit-length\">S8000<\/span>\n                            <\/li>\n<li class=\"product-prop line-limit-length\"><span\n                                        class=\"property-title\">Kilm\u0117:&nbsp;<\/span><span\n                                        class=\"property-desc line-limit-length\">\u017demynin\u0117 Kinija<\/span>\n                            <\/li>\n<li class=\"product-prop line-limit-length\"><span\n                                        class=\"property-title\">Prek\u0117s \u017eenklas:&nbsp;<\/span><span\n                                        class=\"property-desc line-limit-length\">VEVOR<\/span>\n                            <\/li>\n<\/ul><\/div>\n<div class=\"detailmodule_html\">\n<div class=\"detail-desc-decorate-richtext\">\n<div style=\"font-family:&quot;Open sans&quot;, Arial, Helvetica, sans-serif\">\n<div><img decoding=\"async\" style=\"width:100%\" width=\"100%\" src=\"https:\/\/d2qc09rl1gfuof.cloudfront.net\/vevor\/boutique-banner\/pc\/banner-en.jpg\" slate-data-type=\"image\"\/><\/div>\n<div>\n<div style=\"font-size:16px;font-weight:bold;text-align:center;color:rgb(34, 34, 34);margin:24px 0px;margin-bottom:24px;margin-top:24px;margin-left:0px;margin-right:0px\" align=\"center\">Neu\u017estrigkite, \u012fsigykite VEVOR elektrin\u0119 gerv\u0119!<\/div>\n<div><img decoding=\"async\" style=\"width:100%\" width=\"100%\" src=\"https:\/\/d2qc09rl1gfuof.cloudfront.net\/product\/DDHCSJPHCSYCY7YP5\/electric-winch-a100-1.4.jpg\" slate-data-type=\"image\"\/><\/div>\n<div style=\"font-size:14px;text-align:center;color:rgb(34, 34, 34);margin:16px 0px 24px;margin-bottom:24px;margin-top:16px;margin-left:0px;margin-right:0px\" align=\"center\">M\u016bs\u0173 elektrin\u0117 gerv\u0117 turi galing\u0105 varin\u012f varikl\u012f, u\u017etikrinant\u012f patikim\u0105 veikim\u0105. Naudodami 2 viename belaid\u012f nuotolinio valdymo pult\u0105, galite lengvai valdyti gerv\u0119 per atstum\u0105. Gerv\u0117 yra visi\u0161kai atspari vandeniui, tod\u0117l j\u0105 galima be r\u016bpes\u010di\u0173 naudoti lauke, o auk\u0161tos kokyb\u0117s trosas u\u017etikrina, kad ji lengvai nenutr\u016bks.<\/div>\n<\/div>\n<div>\n<div style=\"margin:8px 0px;margin-bottom:8px;margin-top:8px;margin-left:0px;margin-right:0px\"><img decoding=\"async\" style=\"width:100%\" width=\"100%\" src=\"https:\/\/d2qc09rl1gfuof.cloudfront.net\/product\/DDHCSJPHCSYCY7YP5\/electric-winch-a100-2.2.jpg\" slate-data-type=\"image\"\/><\/div>\n<div style=\"font-size:14px;text-align:center;color:rgb(34, 34, 34);margin:16px 0px 24px;margin-bottom:24px;margin-top:16px;margin-left:0px;margin-right:0px\" align=\"center\">Gerv\u0117 apr\u016bpinta didelio na\u0161umo gryno vario varikliu su 12 V \u012ftampa ir itin didele arklio galia, kuris kasdien lyd\u0117s gelb\u0117jimo darbus bekel\u0117je. Tiksli 3 pakop\u0173 planetin\u0117 pavara leid\u017eia gervei stabiliai veikti ilg\u0105 laik\u0105, be to, ji apr\u016bpinta laisvos eigos sankabos pavar\u0173 sistema.<\/div>\n<\/div>\n<div>\n<div style=\"margin:8px 0px;margin-bottom:8px;margin-top:8px;margin-left:0px;margin-right:0px\"><img decoding=\"async\" style=\"width:100%\" width=\"100%\" src=\"https:\/\/d2qc09rl1gfuof.cloudfront.net\/product\/DDHCSJPHCSYCY7YP5\/electric-winch-a100-2.3.jpg\" slate-data-type=\"image\"\/><\/div>\n<div style=\"font-size:14px;text-align:center;color:rgb(34, 34, 34);margin:16px 0px 24px;margin-bottom:24px;margin-top:16px;margin-left:0px;margin-right:0px\" align=\"center\">\u0160i elektrin\u0117 gerv\u0117 yra atspari vandeniui, tod\u0117l lengvai susidoroja su sud\u0117tingomis lauko s\u0105lygomis. Ji nebijo purvo, lietaus ir sniego.<\/div>\n<\/div>\n<div>\n<div style=\"margin:8px 0px;margin-bottom:8px;margin-top:8px;margin-left:0px;margin-right:0px\"><img decoding=\"async\" style=\"width:100%\" width=\"100%\" src=\"https:\/\/d2qc09rl1gfuof.cloudfront.net\/product\/DDHCSJPHCSYCY7YP5\/electric-winch-a100-2.4.jpg\" slate-data-type=\"image\"\/><\/div>\n<div style=\"font-size:14px;text-align:center;color:rgb(34, 34, 34);margin:16px 0px 24px;margin-bottom:24px;margin-top:16px;margin-left:0px;margin-right:0px\" align=\"center\">Nailonin\u0117 virv\u0117: pagaminta i\u0161 UHMWPE med\u017eiagos, 12 gij\u0173, lengva, nesk\u0119sta vandenyje ir nesu\u017eeid\u017eia rank\u0173. Paskutiniai 5 ratai yra raudoni \u017eym\u0117jimai, kuriuos lengva atpa\u017einti i\u0161 didelio atstumo.<\/div>\n<\/div>\n<div>\n<div style=\"margin:8px 0px;margin-bottom:8px;margin-top:8px;margin-left:0px;margin-right:0px\"><img decoding=\"async\" style=\"width:100%\" width=\"100%\" src=\"https:\/\/d2qc09rl1gfuof.cloudfront.net\/product\/DDHCSJPHCSYCY7YP5\/electric-winch-a100-2.5.jpg\" slate-data-type=\"image\"\/><\/div>\n<div style=\"font-size:14px;text-align:center;color:rgb(34, 34, 34);margin:16px 0px 24px;margin-bottom:24px;margin-top:16px;margin-left:0px;margin-right:0px\" align=\"center\">Jis tinka keturra\u010diams, vidutinio ir didelio dyd\u017eio visureigiams, sunkve\u017eimiams ir net jachtoms. Galinga traukos j\u0117ga u\u017etikrins saugum\u0105 kiekvienoje kelion\u0117je.<\/div>\n<\/div>\n<div style=\"margin:16px 0px 24px;margin-bottom:24px;margin-top:16px;margin-left:0px;margin-right:0px\"><\/div>\n<div style=\"margin:24px 0px;margin-bottom:24px;margin-top:24px;margin-left:0px;margin-right:0px\">\n<div style=\"font-size:16px;font-weight:bold;color:rgb(34, 34, 34);margin:24px 0px 16px;margin-bottom:16px;margin-top:24px;margin-left:0px;margin-right:0px\">Savyb\u0117s ir informacija<\/div>\n<ul style=\"margin:16px 0px 24px;margin-bottom:24px;margin-top:16px;margin-left:0px;margin-right:0px\">\n<li style=\"font-size:14px;color:rgb(34, 34, 34)\">\n<p>Gryno vario variklis: M\u016bs\u0173 elektrin\u0117 gerv\u0117 turi didelio na\u0161umo gryno vario varikl\u012f su 12 V \u012ftampa ir itin didele arklio galia, kuris kasdien lyd\u0117s gelb\u0117jimo darbus bekel\u0117je. Be to, tiksli 3 pakop\u0173 planetin\u0117 pavara leid\u017eia gervei stabiliai veikti ilg\u0105 laik\u0105.<\/p>\n<\/li>\n<li style=\"font-size:14px;color:rgb(34, 34, 34)\">\n<p>IP67 atsparumas vandeniui: \u0160i gerv\u0117 yra atspari vandeniui pagal IP67 standart\u0105, tod\u0117l lengvai atlaiko sud\u0117tingas lauko s\u0105lygas. D\u0117l \u0161ios savyb\u0117s ji atspari purvui, lietui ir sniegui.<\/p>\n<\/li>\n<li style=\"font-size:14px;color:rgb(34, 34, 34)\">\n<p>Taikoma \u012fvairi\u0173 tip\u0173 transporto priemon\u0117ms: tinka keturra\u010diams, vidutinio ir didelio dyd\u017eio visureigiams, sunkve\u017eimiams ir net jachtoms. Galinga traukos j\u0117ga gali apsaugoti kiekvien\u0105 kelion\u0119.<\/p>\n<\/li>\n<li style=\"font-size:14px;color:rgb(34, 34, 34)\">\n<p>Auk\u0161\u010diausios kokyb\u0117s trosas: VEVOR elektrin\u0117 gerv\u0117 tiekiama su 12 gij\u0173 didelio stiprumo nailono trosu, skirtu atlaikyti vis\u0173 r\u016b\u0161i\u0173 traukimo operacijas ant \u017eem\u0117s ir po vandeniu, esant vardinei j\u0117gai. Paskutiniai 5 troso ritin\u0117liai pa\u017eym\u0117ti raudonai, kad b\u016bt\u0173 \u012fsp\u0117ti apie saugum\u0105.<\/p>\n<\/li>\n<li style=\"font-size:14px;color:rgb(34, 34, 34)\">\n<p>Belaidis nuotolinio valdymo pultas: Gerv\u0117 valdoma rankiniu belaid\u017eiu nuotolinio valdymo pultu, veikian\u010diu ma\u017edaug 20 m atstumu. Jis u\u017etikrina, kad operatorius darbo metu b\u016bt\u0173 saugioje pad\u0117tyje, ir lengvai visk\u0105 nustato grojant vienam.<\/p>\n<\/li>\n<\/ul>\n<\/div>\n<div>\n<div>\n<div style=\"margin:16px 0px 24px;margin-bottom:24px;margin-top:16px;margin-left:0px;margin-right:0px\"><img decoding=\"async\" style=\"width:100%\" width=\"100%\" src=\"https:\/\/d2qc09rl1gfuof.cloudfront.net\/product\/DDHCSJPHCSYCY7YP5\/electric-winch-a100-1.11.jpg\" slate-data-type=\"image\"\/><\/div>\n<\/div>\n<\/div>\n<\/div>\n<div><\/div>\n<\/div>\n<\/div>\n<p><\/p>","protected":false},"excerpt":{"rendered":"<p>Hign-concerned Chemical:&nbsp;None Model Number:&nbsp;S8000 Origin:&nbsp;Mainland China Brand Name:&nbsp;VEVOR Don&#x27;t get stuck, get a VEVOR electric winch! Our electric winch features a high-power copper motor for reliable performance. With the 2-in-1<\/p>","protected":false},"featured_media":24986,"comment_status":"open","ping_status":"closed","template":"","meta":{"_acf_changed":false},"product_brand":[],"product_cat":[522],"product_tag":[],"class_list":{"0":"post-24985","1":"product","2":"type-product","3":"status-publish","4":"has-post-thumbnail","6":"product_cat-electric-winches","8":"first","9":"instock","10":"shipping-taxable","11":"purchasable","12":"product-type-variable"},"acf":[],"_links":{"self":[{"href":"https:\/\/www.electricstore.eu\/lt\/wp-json\/wp\/v2\/product\/24985","targetHints":{"allow":["GET"]}}],"collection":[{"href":"https:\/\/www.electricstore.eu\/lt\/wp-json\/wp\/v2\/product"}],"about":[{"href":"https:\/\/www.electricstore.eu\/lt\/wp-json\/wp\/v2\/types\/product"}],"replies":[{"embeddable":true,"href":"https:\/\/www.electricstore.eu\/lt\/wp-json\/wp\/v2\/comments?post=24985"}],"wp:featuredmedia":[{"embeddable":true,"href":"https:\/\/www.electricstore.eu\/lt\/wp-json\/wp\/v2\/media\/24986"}],"wp:attachment":[{"href":"https:\/\/www.electricstore.eu\/lt\/wp-json\/wp\/v2\/media?parent=24985"}],"wp:term":[{"taxonomy":"product_brand","embeddable":true,"href":"https:\/\/www.electricstore.eu\/lt\/wp-json\/wp\/v2\/product_brand?post=24985"},{"taxonomy":"product_cat","embeddable":true,"href":"https:\/\/www.electricstore.eu\/lt\/wp-json\/wp\/v2\/product_cat?post=24985"},{"taxonomy":"product_tag","embeddable":true,"href":"https:\/\/www.electricstore.eu\/lt\/wp-json\/wp\/v2\/product_tag?post=24985"}],"curies":[{"name":"wp","href":"https:\/\/api.w.org\/{rel}","templated":true}]}}