{"id":24974,"date":"2025-05-20T18:43:39","date_gmt":"2025-05-20T18:43:39","guid":{"rendered":"https:\/\/electricstore.eu\/p\/uncategorized\/vevor-2200-lbs-electric-chain-hoist-single-phase-overhead-lifting-crane-with-chain-10-ft-wired-remote-control-for-garage\/"},"modified":"2025-05-20T18:46:42","modified_gmt":"2025-05-20T18:46:42","slug":"vevor-2200-lbs-electric-chain-hoist-single-phase-overhead-lifting-crane-with-chain-10-ft-wired-remote-control-for-garage","status":"publish","type":"product","link":"https:\/\/www.electricstore.eu\/lt\/p\/o\/electric-lifting-hoists\/vevor-2200-lbs-electric-chain-hoist-single-phase-overhead-lifting-crane-with-chain-10-ft-wired-remote-control-for-garage\/","title":{"rendered":"VEVOR 2200 svar\u0173 elektrinis grandininis keltuvas, vienfazis, vir\u0161utinis k\u0117limo kranas su grandine, 10 p\u0117d\u0173 laidiniu nuotolinio valdymo pultu gara\u017eui"},"content":{"rendered":"<div class=\"product-specs-list-container\">\n<ul class=\"product-specs-list util-clearfix\">\n<li class=\"product-prop line-limit-length\"><span\n                                        class=\"property-title\">Labai susir\u016bpinim\u0105 kelianti chemin\u0117 med\u017eiaga:&nbsp;<\/span><span\n                                        class=\"property-desc line-limit-length\">N\u0117ra<\/span>\n                            <\/li>\n<li class=\"product-prop line-limit-length\"><span\n                                        class=\"property-title\">Modelio numeris:&nbsp;<\/span><span\n                                        class=\"property-desc line-limit-length\">H10<\/span>\n                            <\/li>\n<li class=\"product-prop line-limit-length\"><span\n                                        class=\"property-title\">Kilm\u0117:&nbsp;<\/span><span\n                                        class=\"property-desc line-limit-length\">\u017demynin\u0117 Kinija<\/span>\n                            <\/li>\n<li class=\"product-prop line-limit-length\"><span\n                                        class=\"property-title\">Prek\u0117s \u017eenklas:&nbsp;<\/span><span\n                                        class=\"property-desc line-limit-length\">VEVOR<\/span>\n                            <\/li>\n<\/ul><\/div>\n<div class=\"detailmodule_html\">\n<div class=\"detail-desc-decorate-richtext\">\n<div style=\"font-family:&quot;Open sans&quot;, Arial, Helvetica, sans-serif\">\n<div><img decoding=\"async\" style=\"width:100%\" width=\"100%\" src=\"https:\/\/d2qc09rl1gfuof.cloudfront.net\/vevor\/boutique-banner\/pc\/banner-en.jpg\" slate-data-type=\"image\"\/><\/div>\n<div>\n<div style=\"font-size:16px;font-weight:bold;text-align:center;color:rgb(34, 34, 34);margin:24px 0px;margin-bottom:24px;margin-top:24px;margin-left:0px;margin-right:0px\" align=\"center\">VEVOR elektrinis grandininis keltuvas \u2013 pakeiskite savo po\u017ei\u016br\u012f \u012f k\u0117lim\u0105<\/div>\n<div><img decoding=\"async\" style=\"width:100%\" width=\"100%\" src=\"https:\/\/d2qc09rl1gfuof.cloudfront.net\/product\/DDSHLHLDXD11P0U2T\/chain-hoist-a100-1.4-pt.jpg\" slate-data-type=\"image\"\/><\/div>\n<div style=\"font-size:14px;text-align:center;color:rgb(34, 34, 34);margin:16px 0px 24px;margin-bottom:24px;margin-top:16px;margin-left:0px;margin-right:0px\" align=\"center\">Susidorokite su bet kokiu sunkiu krautuvu su 2200 svar\u0173 (1024 kg) galia! M\u016bs\u0173 elektrinis grandininis keltuvas yra j\u016bs\u0173 patikimas pasirinkimas gara\u017eo ir dirbtuvi\u0173 darbams. IP54 apsaugos klas\u0117 skirta bet kokiam orui ir aplinkai, tod\u0117l tai patikimas pasirinkimas.<\/div>\n<\/div>\n<div>\n<div style=\"margin:8px 0px;margin-bottom:8px;margin-top:8px;margin-left:0px;margin-right:0px\"><img decoding=\"async\" style=\"width:100%\" width=\"100%\" src=\"https:\/\/d2qc09rl1gfuof.cloudfront.net\/product\/DDSHLHLDXD11P0U2T\/chain-hoist-a100-2.2-pt.jpg\" slate-data-type=\"image\"\/><\/div>\n<div style=\"font-size:14px;text-align:center;color:rgb(34, 34, 34);margin:16px 0px 24px;margin-bottom:24px;margin-top:16px;margin-left:0px;margin-right:0px\" align=\"center\">Susipa\u017einkite su elektrinio keltuvo DT klas\u0117s \u012fanglinta grandine, kuri yra itin tvirta. D\u0117l didesnio nei 5% pailg\u0117jimo ji sukurta ilgam tarnavimo laikui ir j\u016bs\u0173 nenuvils. Nel\u016b\u017eta, nesilenkia \u2013 tik gryna k\u0117limo galia!<\/div>\n<\/div>\n<div>\n<div style=\"margin:8px 0px;margin-bottom:8px;margin-top:8px;margin-left:0px;margin-right:0px\"><img decoding=\"async\" style=\"width:100%\" width=\"100%\" src=\"https:\/\/d2qc09rl1gfuof.cloudfront.net\/product\/DDSHLHLDXD11P0U2T\/chain-hoist-a100-2.3-pt.jpg\" slate-data-type=\"image\"\/><\/div>\n<div style=\"font-size:14px;text-align:center;color:rgb(34, 34, 34);margin:16px 0px 24px;margin-bottom:24px;margin-top:16px;margin-left:0px;margin-right:0px\" align=\"center\">Atsisveikinkite su r\u016bpes\u010diais! M\u016bs\u0173 elektrinis grandininis keltuvas turi stropus ir itin jautr\u0173 nuotolinio valdymo pult\u0105, kuris leid\u017eia lengvai kelti ir nuleisti. Saugu, patogu ir smagu naudoti \u2013 kas gali nepatikti?<\/div>\n<\/div>\n<div>\n<div style=\"margin:8px 0px;margin-bottom:8px;margin-top:8px;margin-left:0px;margin-right:0px\"><img decoding=\"async\" style=\"width:100%\" width=\"100%\" src=\"https:\/\/d2qc09rl1gfuof.cloudfront.net\/product\/DDSHLHLDXD11P0U2T\/chain-hoist-a100-2.4-pt.jpg\" slate-data-type=\"image\"\/><\/div>\n<div style=\"font-size:14px;text-align:center;color:rgb(34, 34, 34);margin:16px 0px 24px;margin-bottom:24px;margin-top:16px;margin-left:0px;margin-right:0px\" align=\"center\">\u0160is grandininis elektrinis keltuvas, varomas variniu varikliu su F klas\u0117s izoliacija, gali atlaikyti iki 155 \u00b0C temperat\u016br\u0105. Sukasi 11500 aps.\/min. grei\u010diu, tod\u0117l turi pakankamai galios atlikti darb\u0105 bet kurioje vietoje.<\/div>\n<\/div>\n<div>\n<div style=\"margin:8px 0px;margin-bottom:8px;margin-top:8px;margin-left:0px;margin-right:0px\"><img decoding=\"async\" style=\"width:100%\" width=\"100%\" src=\"https:\/\/d2qc09rl1gfuof.cloudfront.net\/product\/DDSHLHLDXD11P0U2T\/chain-hoist-a100-2.5-pt.jpg\" slate-data-type=\"image\"\/><\/div>\n<div style=\"font-size:14px;text-align:center;color:rgb(34, 34, 34);margin:16px 0px 24px;margin-bottom:24px;margin-top:16px;margin-left:0px;margin-right:0px\" align=\"center\">Vienas \u017emogus, vienas keltuvas \u2013 neribotos galimyb\u0117s. M\u016bs\u0173 grandininis elektrinis keltuvas sukurtas taip, kad b\u016bt\u0173 greitai ir lengvai montuojamas, tod\u0117l galite prad\u0117ti kelti ir jud\u0117ti akimirksniu. Padidinkite savo produktyvum\u0105 jau \u0161iandien!<\/div>\n<\/div>\n<div style=\"margin:16px 0px 24px;margin-bottom:24px;margin-top:16px;margin-left:0px;margin-right:0px\"><\/div>\n<div style=\"margin:24px 0px;margin-bottom:24px;margin-top:24px;margin-left:0px;margin-right:0px\">\n<div style=\"font-size:16px;font-weight:bold;color:rgb(34, 34, 34);margin:24px 0px 16px;margin-bottom:16px;margin-top:24px;margin-left:0px;margin-right:0px\">Savyb\u0117s ir informacija<\/div>\n<ul style=\"margin:16px 0px 24px;margin-bottom:24px;margin-top:16px;margin-left:0px;margin-right:0px\">\n<li style=\"font-size:14px;color:rgb(34, 34, 34)\">\n<p>2200 svar\u0173 keliamoji galia: Susipa\u017einkite su 2200 svar\u0173 keliam\u0105ja galia! M\u016bs\u0173 elektrin\u0117 grandinin\u0117 keltuv\u0117 tiekiama su auk\u0161\u010diausios kokyb\u0117s DT \u012fanglinta grandine, kad b\u016bt\u0173 patvari ir tvirta. Be to, d\u0117l 3 m (10 p\u0117d\u0173) k\u0117limo auk\u0161\u010dio ji yra pakankamai lanksti bet kokiai erdvei.<\/p>\n<\/li>\n<li style=\"font-size:14px;color:rgb(34, 34, 34)\">\n<p>Galingas variklis: pajuskite j\u0117g\u0105! M\u016bs\u0173 grandinin\u0117s elektrin\u0117s keltuvo varinis variklis yra pagamintas ilgam laikui, su F klas\u0117s izoliacija, u\u017etikrinan\u010dia patikim\u0105 veikim\u0105 net esant auk\u0161tai temperat\u016brai iki 155 \u00b0C. Jis sukasi iki 11500 aps.\/min., tod\u0117l yra pasireng\u0119s lengvai atlikti bet kok\u012f sunk\u0173 k\u0117limo darb\u0105. Nesvarbu, ar dirbate patalpose, ar lauke, jis pasir\u016bpins jumis.<\/p>\n<\/li>\n<li style=\"font-size:14px;color:rgb(34, 34, 34)\">\n<p>Paprastas montavimas: montavimas \u2013 vienas juokas! Tiesiog pritvirtinkite m\u016bs\u0173 elektrin\u012f grandinin\u012f keltuv\u0105 prie lub\u0173 metalin\u0117mis arba medin\u0117mis juostel\u0117mis. Jis turi avarinio stabdymo ir elektromagnetinius stabd\u017eius, tod\u0117l galite atsipalaiduoti \u017einodami, kad jis saugus.<\/p>\n<\/li>\n<li style=\"font-size:14px;color:rgb(34, 34, 34)\">\n<p>Prailgintas valdymo kabelis: u\u017etikrinkite saugum\u0105 ir valdym\u0105 su m\u016bs\u0173 prailgintu 10 p\u0117d\u0173 kabeliu. Valdykite grandinin\u012f elektrin\u012f keltuv\u0105 patogiu atstumu naudodami lengvai naudojam\u0105 rankenos jungikl\u012f.<\/p>\n<\/li>\n<li style=\"font-size:14px;color:rgb(34, 34, 34)\">\n<p>Vienas keltuvas visiems darbams: idealiai tinka gara\u017eams, parduotuv\u0117ms, vie\u0161bu\u010diams ir namams, m\u016bs\u0173 elektrinis grandininis keltuvas yra profesional\u0173 ir m\u0117g\u0117j\u0173 pasirinkimas. Lengvai pakelkite valtis, automobilius, vejapjoves, golfo ve\u017eim\u0117lius, nam\u0173 dekoro elementus, variklius, riedulius, med\u017eius, sunki\u0105j\u0105 \u012frang\u0105 ar net pakabinkite med\u017eiokl\u0117s trof\u0117jus. Tai universalus pagalbininkas, kurio ie\u0161kojote!<\/p>\n<\/li>\n<\/ul>\n<\/div>\n<div>\n<div>\n<div style=\"margin:16px 0px 24px;margin-bottom:24px;margin-top:16px;margin-left:0px;margin-right:0px\"><img decoding=\"async\" style=\"width:100%\" width=\"100%\" src=\"https:\/\/d2qc09rl1gfuof.cloudfront.net\/product\/DDSHLHLDXD11P0U2T\/chain-hoist-a100-1.11-pt.jpg\" slate-data-type=\"image\"\/><\/div>\n<\/div>\n<\/div>\n<\/div>\n<\/div>\n<\/div>\n<p><\/p>","protected":false},"excerpt":{"rendered":"<p>Hign-concerned Chemical:&nbsp;None Model Number:&nbsp;H10 Origin:&nbsp;Mainland China Brand Name:&nbsp;VEVOR VEVOR Electric Chain Hoist \u2013 Change the Way You Look at Lifting Tackle any heavy lifter with 2200 lbs of strength! Our<\/p>","protected":false},"featured_media":24975,"comment_status":"open","ping_status":"closed","template":"","meta":{"_acf_changed":false},"product_brand":[],"product_cat":[517],"product_tag":[],"class_list":{"0":"post-24974","1":"product","2":"type-product","3":"status-publish","4":"has-post-thumbnail","6":"product_cat-electric-lifting-hoists","8":"first","9":"instock","10":"shipping-taxable","11":"purchasable","12":"product-type-variable"},"acf":[],"_links":{"self":[{"href":"https:\/\/www.electricstore.eu\/lt\/wp-json\/wp\/v2\/product\/24974","targetHints":{"allow":["GET"]}}],"collection":[{"href":"https:\/\/www.electricstore.eu\/lt\/wp-json\/wp\/v2\/product"}],"about":[{"href":"https:\/\/www.electricstore.eu\/lt\/wp-json\/wp\/v2\/types\/product"}],"replies":[{"embeddable":true,"href":"https:\/\/www.electricstore.eu\/lt\/wp-json\/wp\/v2\/comments?post=24974"}],"wp:featuredmedia":[{"embeddable":true,"href":"https:\/\/www.electricstore.eu\/lt\/wp-json\/wp\/v2\/media\/24975"}],"wp:attachment":[{"href":"https:\/\/www.electricstore.eu\/lt\/wp-json\/wp\/v2\/media?parent=24974"}],"wp:term":[{"taxonomy":"product_brand","embeddable":true,"href":"https:\/\/www.electricstore.eu\/lt\/wp-json\/wp\/v2\/product_brand?post=24974"},{"taxonomy":"product_cat","embeddable":true,"href":"https:\/\/www.electricstore.eu\/lt\/wp-json\/wp\/v2\/product_cat?post=24974"},{"taxonomy":"product_tag","embeddable":true,"href":"https:\/\/www.electricstore.eu\/lt\/wp-json\/wp\/v2\/product_tag?post=24974"}],"curies":[{"name":"wp","href":"https:\/\/api.w.org\/{rel}","templated":true}]}}