{"id":24949,"date":"2025-05-20T18:43:35","date_gmt":"2025-05-20T18:43:35","guid":{"rendered":"https:\/\/electricstore.eu\/p\/uncategorized\/vevor-200-300-350-lbs-beach-fishing-cart-with-two-11-13-16-wheels-7-rod-holders-steel-pier-wagon-trolley-for-sand-picnic\/"},"modified":"2025-05-20T18:46:42","modified_gmt":"2025-05-20T18:46:42","slug":"vevor-200-300-350-lbs-beach-fishing-cart-with-two-11-13-16-wheels-7-rod-holders-steel-pier-wagon-trolley-for-sand-picnic","status":"publish","type":"product","link":"https:\/\/www.electricstore.eu\/lt\/p\/o\/bike-trailers-and-wagons\/vevor-200-300-350-lbs-beach-fishing-cart-with-two-11-13-16-wheels-7-rod-holders-steel-pier-wagon-trolley-for-sand-picnic\/","title":{"rendered":"VEVOR 200\/300\/350 svar\u0173 papl\u016bdimio \u017evejybos ve\u017eim\u0117lis su dviem 11\u2033\/13\u2033\/16\u2033 ratais, 7 me\u0161keri\u0173 laikikliais, plieniniu prieplaukos ve\u017eim\u0117liu i\u0161kylai sm\u0117lyje."},"content":{"rendered":"<div class=\"product-specs-list-container\">\n<ul class=\"product-specs-list util-clearfix\">\n<li class=\"product-prop line-limit-length\"><span\n                                        class=\"property-title\">Labai susir\u016bpinim\u0105 kelianti chemin\u0117 med\u017eiaga:&nbsp;<\/span><span\n                                        class=\"property-desc line-limit-length\">N\u0117ra<\/span>\n                            <\/li>\n<li class=\"product-prop line-limit-length\"><span\n                                        class=\"property-title\">Kilm\u0117:&nbsp;<\/span><span\n                                        class=\"property-desc line-limit-length\">\u017demynin\u0117 Kinija<\/span>\n                            <\/li>\n<li class=\"product-prop line-limit-length\"><span\n                                        class=\"property-title\">Keliamoji galia:&nbsp;<\/span><span\n                                        class=\"property-desc line-limit-length\">200\/300\/350 svar\u0173<\/span>\n                            <\/li>\n<li class=\"product-prop line-limit-length\"><span\n                                        class=\"property-title\">Prek\u0117s \u017eenklas:&nbsp;<\/span><span\n                                        class=\"property-desc line-limit-length\">VEVOR<\/span>\n                            <\/li>\n<li class=\"product-prop line-limit-length\"><span\n                                        class=\"property-title\">Prek\u0117s \u017eenklas:&nbsp;<\/span><span\n                                        class=\"property-desc line-limit-length\">VEVOR<\/span>\n                            <\/li>\n<li class=\"product-prop line-limit-length\"><span\n                                        class=\"property-title\">Maksimali keliamoji galia:&nbsp;<\/span><span\n                                        class=\"property-desc line-limit-length\">200\/300\/350 svar\u0173<\/span>\n                            <\/li>\n<li class=\"product-prop line-limit-length\"><span\n                                        class=\"property-title\">Rat\u0173 dydis:&nbsp;<\/span><span\n                                        class=\"property-desc line-limit-length\">2016 m. lapkri\u010dio 13 d.<\/span>\n                            <\/li>\n<li class=\"product-prop line-limit-length\"><span\n                                        class=\"property-title\">Tipas:&nbsp;<\/span><span\n                                        class=\"property-desc line-limit-length\">Papl\u016bdimio \u017evejybos ve\u017eim\u0117lis<\/span>\n                            <\/li>\n<li class=\"product-prop line-limit-length\"><span\n                                        class=\"property-title\">Spalva:&nbsp;<\/span><span\n                                        class=\"property-desc line-limit-length\">Juoda\/balta<\/span>\n                            <\/li>\n<\/ul><\/div>\n<div class=\"detailmodule_html\">\n<div class=\"detail-desc-decorate-richtext\">\n<div class=\"detailmodule_dynamic\">\n <kse:widget data-widget-type=\"customText\" id=\"1005000000821364\" type=\"relation\"><\/kse:widget>\n<\/div>\n<div style=\"font-family:&quot;Open sans&quot;, Arial, Helvetica, sans-serif\">\n<div>\n  <img decoding=\"async\" style=\"width:100%\" width=\"100%\" src=\"https:\/\/d2qc09rl1gfuof.cloudfront.net\/vevor\/boutique-banner\/pc\/banner-en.jpg\" slate-data-type=\"image\" \/>\n <\/div>\n<div>\n<div style=\"font-size:16px;font-weight:bold;text-align:center;color:rgb(34, 34, 34);margin:24px 0px;margin-bottom:24px;margin-top:24px;margin-left:0px;margin-right:0px\" align=\"center\">\n   VEVOR papl\u016bdimio \u017evejybos ve\u017eim\u0117lis: j\u016bs\u0173 patikimas draugas lauke\n  <\/div>\n<div>\n   <img decoding=\"async\" style=\"width:100%\" width=\"100%\" src=\"https:\/\/d2qc09rl1gfuof.cloudfront.net\/product\/LLKYJC11YC0080XFQ\/fishing-cart-a100-1.4.jpg\" slate-data-type=\"image\" \/>\n  <\/div>\n<div style=\"font-size:14px;text-align:center;color:rgb(34, 34, 34);margin:16px 0px 24px;margin-bottom:24px;margin-top:16px;margin-left:0px;margin-right:0px\" align=\"center\">\n   \u012esivaizduokite: \u017evejybos ve\u017eim\u0117lis su tvirtu plieniniu r\u0117mu, skland\u017eiai riedan\u010diu ant 11 coli\u0173 gumini\u0173 pripu\u010diam\u0173 rat\u0173. Jo matmenys \u2013 34 x 14,5 x 7 coli\u0173 (86 x 36 x 18 cm), o 7 me\u0161keri\u0173 laikikliai gali gabenti iki 200 svar\u0173 (90 kg) \u2013 tai puikus j\u016bs\u0173 partneris \u017evejybos nuotykiuose.\n  <\/div><\/div>\n<div>\n<div style=\"margin:8px 0px;margin-bottom:8px;margin-top:8px;margin-left:0px;margin-right:0px\">\n   <img decoding=\"async\" style=\"width:100%\" width=\"100%\" src=\"https:\/\/d2qc09rl1gfuof.cloudfront.net\/product\/LLKYJC11YC0080XFQ\/fishing-cart-a100-2.2.jpg\" slate-data-type=\"image\" \/>\n  <\/div>\n<div style=\"font-size:14px;text-align:center;color:rgb(34, 34, 34);margin:16px 0px 24px;margin-bottom:24px;margin-top:16px;margin-left:0px;margin-right:0px\" align=\"center\">\n   M\u016bs\u0173 papl\u016bdimio \u017evejybos ve\u017eim\u0117lis pasi\u017eymi ratukais, kurie m\u0117gsta i\u0161\u0161\u016bkius \u2013 nesvarbu, ar tai sm\u0117l\u0117ti papl\u016bdimiai, uol\u0117ti takai, ar \u017eol\u0117ti laukai, jie kiekvien\u0105 kelion\u0119 paver\u010dia skland\u017eia ir lengva.\n  <\/div><\/div>\n<div>\n<div style=\"margin:8px 0px;margin-bottom:8px;margin-top:8px;margin-left:0px;margin-right:0px\">\n   <img decoding=\"async\" style=\"width:100%\" width=\"100%\" src=\"https:\/\/d2qc09rl1gfuof.cloudfront.net\/product\/LLKYJC11YC0080XFQ\/fishing-cart-a100-2.3.jpg\" slate-data-type=\"image\" \/>\n  <\/div>\n<div style=\"font-size:14px;text-align:center;color:rgb(34, 34, 34);margin:16px 0px 24px;margin-bottom:24px;margin-top:16px;margin-left:0px;margin-right:0px\" align=\"center\">\n   Patobulinome var\u017etus i\u0161 ner\u016bdijan\u010dio plieno, kurie atspar\u016bs atsilaisvinimui, r\u016bdims ir dilimui, u\u017etikrindami tvirt\u0105, patikim\u0105 \u017evejybos papl\u016bdimio ve\u017eim\u0117l\u012f, kuris i\u0161laiko form\u0105 net ir po ilgalaikio naudojimo.\n  <\/div><\/div>\n<div>\n<div style=\"margin:8px 0px;margin-bottom:8px;margin-top:8px;margin-left:0px;margin-right:0px\">\n   <img decoding=\"async\" style=\"width:100%\" width=\"100%\" src=\"https:\/\/d2qc09rl1gfuof.cloudfront.net\/product\/LLKYJC11YC0080XFQ\/fishing-cart-a100-2.4.jpg\" slate-data-type=\"image\" \/>\n  <\/div>\n<div style=\"font-size:14px;text-align:center;color:rgb(34, 34, 34);margin:16px 0px 24px;margin-bottom:24px;margin-top:16px;margin-left:0px;margin-right:0px\" align=\"center\">\n   Atsisveikinkite su varginan\u010diu ratuk\u0173 montavimu. M\u016bs\u0173 ve\u017eim\u0117lis su prieplauka turi paprast\u0105 kai\u0161\u010di\u0173 mechanizm\u0105, leid\u017eiant\u012f greitai ir lengvai pritvirtinti bei nuimti ratukus, bei O formos \u017eiedo kai\u0161t\u012f, kad jaustum\u0117t\u0117s ramiau.\n  <\/div><\/div>\n<div>\n<div style=\"margin:8px 0px;margin-bottom:8px;margin-top:8px;margin-left:0px;margin-right:0px\">\n   <img decoding=\"async\" style=\"width:100%\" width=\"100%\" src=\"https:\/\/d2qc09rl1gfuof.cloudfront.net\/product\/LLKYJC11YC0080XFQ\/fishing-cart-a100-2.5.jpg\" slate-data-type=\"image\" \/>\n  <\/div>\n<div style=\"font-size:14px;text-align:center;color:rgb(34, 34, 34);margin:16px 0px 24px;margin-bottom:24px;margin-top:16px;margin-left:0px;margin-right:0px\" align=\"center\">\n   Daugiau nei tik \u017evejybos kompanionas! Nesvarbu, ar fotografuojate lauke, i\u0161kylaujate ar stovyklaujate, \u0161is \u017evejybos ve\u017eim\u0117lis prie molo lengvai susidoros su visa j\u016bs\u0173 \u012franga, tod\u0117l nereik\u0117s nuolat keliauti pirmyn ir atgal.\n  <\/div><\/div>\n<div style=\"margin:16px 0px 24px;margin-bottom:24px;margin-top:16px;margin-left:0px;margin-right:0px\"><\/div>\n<div style=\"margin:24px 0px;margin-bottom:24px;margin-top:24px;margin-left:0px;margin-right:0px\">\n<div style=\"font-size:16px;font-weight:bold;color:rgb(34, 34, 34);margin:24px 0px 16px;margin-bottom:16px;margin-top:24px;margin-left:0px;margin-right:0px\">\n   Savyb\u0117s ir informacija\n  <\/div>\n<ul style=\"margin:16px 0px 24px;margin-bottom:24px;margin-top:16px;margin-left:0px;margin-right:0px\">\n<li style=\"font-size:14px;color:rgb(34, 34, 34)\">\n<p>Tvirtas r\u0117mas: susipa\u017einkite su VEVOR papl\u016bdimio \u017evejybos ve\u017eim\u0117liu, pagamintu i\u0161 auk\u0161tos kokyb\u0117s plieno, tod\u0117l \u0161is r\u0117mas yra ne tik tvirtas, bet ir atsparus r\u016bdijimui. Tai tarsi patikimas \u017evejybos draugas, kuris niekada j\u016bs\u0173 nenuvils. Be to, jis lengvas \u2013 tod\u0117l galite sutelkti d\u0117mes\u012f \u012f laimik\u012f, o ne \u012f ne\u0161iojim\u0105!<\/p>\n<\/li>\n<li style=\"font-size:14px;color:rgb(34, 34, 34)\">\n<p>Prakti\u0161ki pripu\u010diami ratai: \u0161is \u017evejybos papl\u016bdimio ve\u017eim\u0117lis apr\u016bpintas 11 coli\u0173 guminiais pripu\u010diamais ratais, kurie slysta per sm\u0117l\u012f, purv\u0105, \u017evyr\u0105 ir \u017eol\u0119 kaip svajon\u0117. \u0160ie ratai ne tik ne\u0161a j\u016bs\u0173 krovin\u012f; jie padaro j\u016bs\u0173 kelion\u0119 \u012f tobul\u0105 \u017evejybos viet\u0105 toki\u0105 pat skland\u017ei\u0105, kaip ir j\u016bs\u0173 m\u0117gstama me\u0161ker\u0117.<\/p>\n<\/li>\n<li style=\"font-size:14px;color:rgb(34, 34, 34)\">\n<p>Daug vietos daiktams susid\u0117ti: D\u0117l 34 coli\u0173 ilgio, 14,5 colio plo\u010dio ir 7 coli\u0173 auk\u0161\u010dio r\u0117mo bei tvirt\u0173 11 coli\u0173 rat\u0173 \u0161is \u017evejybos ve\u017eim\u0117lis gali atlaikyti iki 200 svar\u0173 (apie 200 svar\u0173) svorio krovin\u012f. Banglen\u010di\u0173 \u012franga, papl\u016bdimio reikmenys ir dar daugiau \u2013 susipakuokite ir leiskit\u0117s \u012f kelion\u0119 be r\u016bpes\u010di\u0173!<\/p>\n<\/li>\n<li style=\"font-size:14px;color:rgb(34, 34, 34)\">\n<p>Nuimama konstrukcija: Pamir\u0161kite grem\u0117zdi\u0161k\u0173 ir sunkiai sand\u0117liuojam\u0173 vientis\u0173 ve\u017eim\u0117li\u0173 keliamus r\u016bpes\u010dius. M\u016bs\u0173 prieplaukos \u017evejybos ve\u017eim\u0117lis pasi\u017eymi nuimama konstrukcija, tod\u0117l j\u012f labai lengva laikyti. Tai tarsi magija: kompakti\u0161kas ve\u017eim\u0117lis, kuris tvarkingai telpa j\u016bs\u0173 namuose be joki\u0173 nereikaling\u0173 daikt\u0173.<\/p>\n<\/li>\n<li style=\"font-size:14px;color:rgb(34, 34, 34)\">\n<p>Daugiafunkcis ir ne\u0161iojamas: \u0161is prieplaukos ve\u017eim\u0117lis su 7 me\u0161keri\u0173 laikikliais ir ne\u0161iojamu me\u0161keri\u0173 \u012fd\u0117jimo dizainu pakeis \u017eaidimo taisykles me\u0161keriotojams. 2 coli\u0173 skersmens laikikliai tinka \u012fvairioms me\u0161ker\u0117ms. Svarbiausia \u2013 patogumas: paimkite me\u0161ker\u0119, u\u017emeskite j\u0105 ir \u017evejyba galite prasid\u0117ti akimirksniu.<\/p>\n<\/li>\n<\/ul><\/div>\n<div>\n<div>\n<div style=\"margin:16px 0px 24px;margin-bottom:24px;margin-top:16px;margin-left:0px;margin-right:0px\">\n    <strong>200 svar\u0173 11 coli\u0173 ratas<\/strong>\n   <\/div>\n<div style=\"margin:16px 0px 24px;margin-bottom:24px;margin-top:16px;margin-left:0px;margin-right:0px\">\n    <img decoding=\"async\" style=\"width:100%\" width=\"100%\" src=\"https:\/\/d2qc09rl1gfuof.cloudfront.net\/product\/LLKYJC11YC0080XFQ\/fishing-cart-a100-1.11.jpg\" slate-data-type=\"image\" \/>\n   <\/div><\/div><\/div>\n<div>\n<div>\n<div style=\"margin:16px 0px 24px;margin-bottom:24px;margin-top:16px;margin-left:0px;margin-right:0px\">\n    <strong>300 svar\u0173 13 coli\u0173 ratas<\/strong>\n   <\/div>\n<div style=\"margin:16px 0px 24px;margin-bottom:24px;margin-top:16px;margin-left:0px;margin-right:0px\">\n    <img decoding=\"async\" style=\"width:100%\" width=\"100%\" src=\"https:\/\/d2qc09rl1gfuof.cloudfront.net\/product\/LLKYJC13YC0073FBM\/fishing-cart-a100-1.11.jpg\" slate-data-type=\"image\" \/>\n   <\/div><\/div><\/div>\n<div>\n<div>\n<div style=\"margin:16px 0px 24px;margin-bottom:24px;margin-top:16px;margin-left:0px;margin-right:0px\">\n    <strong>350 svar\u0173 16 coli\u0173 ratas<\/strong>\n   <\/div>\n<div style=\"margin:16px 0px 24px;margin-bottom:24px;margin-top:16px;margin-left:0px;margin-right:0px\">\n    <img decoding=\"async\" style=\"width:100%\" width=\"100%\" src=\"https:\/\/d2qc09rl1gfuof.cloudfront.net\/product\/LLKYJC15YC00NZ89O\/fishing-cart-a100-1.11.jpg\" slate-data-type=\"image\" \/>\n   <\/div><\/div><\/div>\n<\/div>\n<div class=\"detailmodule_dynamic\">\n <kse:widget data-widget-type=\"customText\" id=\"1005000000397265\" type=\"custom\"><\/kse:widget>\n<\/div>\n<p><\/p>\n<\/div>\n<\/div>","protected":false},"excerpt":{"rendered":"<p>Hign-concerned Chemical:&nbsp;None Origin:&nbsp;Mainland China Load Capacity:&nbsp;200\/300\/350lbs Brand Name:&nbsp;VEVOR Brand:&nbsp;VEVOR Maximum Weight Capacity:&nbsp;200\/300\/350lbs Wheel Size:&nbsp;11\/13\/16 in Type:&nbsp;Beach Fishing Cart Color:&nbsp;Black\/White VEVOR Beach Fishing Cart: Your Reliable Outdoor Buddy Picture this: a<\/p>","protected":false},"featured_media":24950,"comment_status":"open","ping_status":"closed","template":"","meta":{"_acf_changed":false},"product_brand":[],"product_cat":[523],"product_tag":[],"class_list":{"0":"post-24949","1":"product","2":"type-product","3":"status-publish","4":"has-post-thumbnail","6":"product_cat-bike-trailers-and-wagons","8":"first","9":"instock","10":"shipping-taxable","11":"purchasable","12":"product-type-variable"},"acf":[],"_links":{"self":[{"href":"https:\/\/www.electricstore.eu\/lt\/wp-json\/wp\/v2\/product\/24949","targetHints":{"allow":["GET"]}}],"collection":[{"href":"https:\/\/www.electricstore.eu\/lt\/wp-json\/wp\/v2\/product"}],"about":[{"href":"https:\/\/www.electricstore.eu\/lt\/wp-json\/wp\/v2\/types\/product"}],"replies":[{"embeddable":true,"href":"https:\/\/www.electricstore.eu\/lt\/wp-json\/wp\/v2\/comments?post=24949"}],"wp:featuredmedia":[{"embeddable":true,"href":"https:\/\/www.electricstore.eu\/lt\/wp-json\/wp\/v2\/media\/24950"}],"wp:attachment":[{"href":"https:\/\/www.electricstore.eu\/lt\/wp-json\/wp\/v2\/media?parent=24949"}],"wp:term":[{"taxonomy":"product_brand","embeddable":true,"href":"https:\/\/www.electricstore.eu\/lt\/wp-json\/wp\/v2\/product_brand?post=24949"},{"taxonomy":"product_cat","embeddable":true,"href":"https:\/\/www.electricstore.eu\/lt\/wp-json\/wp\/v2\/product_cat?post=24949"},{"taxonomy":"product_tag","embeddable":true,"href":"https:\/\/www.electricstore.eu\/lt\/wp-json\/wp\/v2\/product_tag?post=24949"}],"curies":[{"name":"wp","href":"https:\/\/api.w.org\/{rel}","templated":true}]}}