{"id":24881,"date":"2025-05-20T18:43:16","date_gmt":"2025-05-20T18:43:16","guid":{"rendered":"https:\/\/electricstore.eu\/p\/uncategorized\/vevor-hand-winch-heavy-duty-rope-crank-with-33-ft-steel-wire-cable-and-two-way-ratchet-for-trailer-boat-or-atv-towing\/"},"modified":"2025-05-20T18:45:37","modified_gmt":"2025-05-20T18:45:37","slug":"vevor-hand-winch-heavy-duty-rope-crank-with-33-ft-steel-wire-cable-and-two-way-ratchet-for-trailer-boat-or-atv-towing","status":"publish","type":"product","link":"https:\/\/www.electricstore.eu\/lt\/p\/o\/electric-winches\/vevor-hand-winch-heavy-duty-rope-crank-with-33-ft-steel-wire-cable-and-two-way-ratchet-for-trailer-boat-or-atv-towing\/","title":{"rendered":"VEVOR rankin\u0117 gerv\u0117, skirta priekaboms, valtims ar keturra\u010diams vilkti, su 33 p\u0117d\u0173 plieniniu trosu ir dvikryp\u010diu reketu."},"content":{"rendered":"<div class=\"product-specs-list-container\">\n<ul class=\"product-specs-list util-clearfix\">\n<li class=\"product-prop line-limit-length\"><span\n                                        class=\"property-title\">Labai susir\u016bpinim\u0105 kelianti chemin\u0117 med\u017eiaga:&nbsp;<\/span><span\n                                        class=\"property-desc line-limit-length\">N\u0117ra<\/span>\n                            <\/li>\n<li class=\"product-prop line-limit-length\"><span\n                                        class=\"property-title\">Kilm\u0117:&nbsp;<\/span><span\n                                        class=\"property-desc line-limit-length\">\u017demynin\u0117 Kinija<\/span>\n                            <\/li>\n<li class=\"product-prop line-limit-length\"><span\n                                        class=\"property-title\">Prek\u0117s \u017eenklas:&nbsp;<\/span><span\n                                        class=\"property-desc line-limit-length\">VEVOR<\/span>\n                            <\/li>\n<li class=\"product-prop line-limit-length\"><span\n                                        class=\"property-title\">Tipas:&nbsp;<\/span><span\n                                        class=\"property-desc line-limit-length\">Rankinis<\/span>\n                            <\/li>\n<li class=\"product-prop line-limit-length\"><span\n                                        class=\"property-title\">Prek\u0117s \u017eenklas:&nbsp;<\/span><span\n                                        class=\"property-desc line-limit-length\">VEVOR<\/span>\n                            <\/li>\n<li class=\"product-prop line-limit-length\"><span\n                                        class=\"property-title\">Vilkimo svorio talpa:&nbsp;<\/span><span\n                                        class=\"property-desc line-limit-length\">800\/3500 svar\u0173<\/span>\n                            <\/li>\n<li class=\"product-prop line-limit-length\"><span\n                                        class=\"property-title\">Re\u017eimas \/ Greitis:&nbsp;<\/span><span\n                                        class=\"property-desc line-limit-length\">2 kryp\u010di\u0173 reketas \/ 2 grei\u010di\u0173<\/span>\n                            <\/li>\n<li class=\"product-prop line-limit-length\"><span\n                                        class=\"property-title\">Tipas:&nbsp;<\/span><span\n                                        class=\"property-desc line-limit-length\">Rankin\u0117 gerv\u0117<\/span>\n                            <\/li>\n<li class=\"product-prop line-limit-length\"><span\n                                        class=\"property-title\">Produkto svoris:&nbsp;<\/span><span\n                                        class=\"property-desc line-limit-length\">12,34 svaro \/ 5,6 kg<\/span>\n                            <\/li>\n<\/ul><\/div>\n<div class=\"detailmodule_html\">\n<div class=\"detail-desc-decorate-richtext\">\n<div><\/div>\n<div style=\"font-family:&quot;Open sans&quot;, Arial, Helvetica, sans-serif\">\n<div style=\"font-family:&quot;Open sans&quot;, Arial, Helvetica, sans-serif\"><img decoding=\"async\" style=\"width:100%\" width=\"100%\" src=\"https:\/\/d2qc09rl1gfuof.cloudfront.net\/vevor\/boutique-banner\/pc\/banner-en.jpg\" slate-data-type=\"image\"\/><\/div>\n<div style=\"font-family:&quot;Open sans&quot;, Arial, Helvetica, sans-serif\">\n<div style=\"font-size:16px;font-weight:bold;text-align:center;color:rgb(34, 34, 34);margin:24px 0px;margin-bottom:24px;margin-top:24px;margin-left:0px;margin-right:0px\" align=\"center\">VEVOR rankin\u0117 gerv\u0117 \u2013 viskas apie traukos j\u0117g\u0105 ir lengvum\u0105<\/div>\n<div><img decoding=\"async\" style=\"width:100%\" width=\"100%\" src=\"https:\/\/d2qc09rl1gfuof.cloudfront.net\/product\/CYSDJP3500BG5Z1ZX\/hand-winch-a100-1.4.jpg\" slate-data-type=\"image\"\/><\/div>\n<div style=\"font-size:14px;text-align:center;color:rgb(34, 34, 34);margin:16px 0px 24px;margin-bottom:24px;margin-top:16px;margin-left:0px;margin-right:0px\" align=\"center\">J\u016bs\u0173 naujas pagalbininkas sunkiems tempimams \u2013 m\u016bs\u0173 rankin\u0117 gerv\u0117. 33 p\u0117d\u0173 (10 m) ilgio trosas, 4:1\/8:1 dviej\u0173 grei\u010di\u0173 dvikryptis reketas ir 10 coli\u0173 (25 cm) patogi rankena \u2013 ji paruo\u0161ta tapti j\u016bs\u0173 traukos profesionalu kelyje.<\/div>\n<\/div>\n<div style=\"font-family:&quot;Open sans&quot;, Arial, Helvetica, sans-serif\">\n<div>\u00a0<\/div>\n<div style=\"margin:8px 0px;margin-bottom:8px;margin-top:8px;margin-left:0px;margin-right:0px\"><img decoding=\"async\" style=\"width:100%\" width=\"100%\" src=\"https:\/\/d2qc09rl1gfuof.cloudfront.net\/product\/CYSDJP3500BG5Z1ZX\/hand-winch-a100-2.2.jpg\" slate-data-type=\"image\"\/><\/div>\n<div style=\"font-size:14px;text-align:center;color:rgb(34, 34, 34);margin:16px 0px 24px;margin-bottom:24px;margin-top:16px;margin-left:0px;margin-right:0px\" align=\"center\">Susid\u016br\u0117te su \u012fstrigusia transporto priemone ar valtimi, kuri tiesiog nejuda i\u0161 vietos? M\u016bs\u0173 valties gerv\u0117 pad\u0117s jums! Ji sukurta lengvai \u012fveikti sud\u0117tingiausius tempimo darbus, suteikdama traukos gali\u0105 visiems kasdieniams i\u0161\u0161\u016bkiams.<\/div>\n<\/div>\n<div style=\"font-family:&quot;Open sans&quot;, Arial, Helvetica, sans-serif\">\n<div>\u00a0<\/div>\n<div style=\"margin:8px 0px;margin-bottom:8px;margin-top:8px;margin-left:0px;margin-right:0px\"><img decoding=\"async\" style=\"width:100%\" width=\"100%\" src=\"https:\/\/d2qc09rl1gfuof.cloudfront.net\/product\/CYSDJP3500BG5Z1ZX\/hand-winch-a100-2.3.jpg\" slate-data-type=\"image\"\/><\/div>\n<div style=\"font-size:14px;text-align:center;color:rgb(34, 34, 34);margin:16px 0px 24px;margin-bottom:24px;margin-top:16px;margin-left:0px;margin-right:0px\" align=\"center\">Pamir\u0161kite krumpliara\u010dius, kurie sugenda vos tik prasid\u0117jus orui. M\u016bs\u0173 valties lyno alk\u016bninio veleno krumpliara\u010diai yra termi\u0161kai apdoroti, kad atlaikyt\u0173 bet k\u0105 \u2013 ar tai b\u016bt\u0173 p\u016bga, ar saul\u0117ta diena. \u0160ie krumpliara\u010diai yra atspar\u016bs r\u016bdims ir skland\u017eiai veikia \u2013 visa tai susij\u0119 su patikimumu.<\/div>\n<\/div>\n<div style=\"font-family:&quot;Open sans&quot;, Arial, Helvetica, sans-serif\">\n<div>\u00a0<\/div>\n<div style=\"margin:8px 0px;margin-bottom:8px;margin-top:8px;margin-left:0px;margin-right:0px\"><img decoding=\"async\" style=\"width:100%\" width=\"100%\" src=\"https:\/\/d2qc09rl1gfuof.cloudfront.net\/product\/CYSDJP3500BG5Z1ZX\/hand-winch-a100-2.4.jpg\" slate-data-type=\"image\"\/><\/div>\n<div style=\"font-size:14px;text-align:center;color:rgb(34, 34, 34);margin:16px 0px 24px;margin-bottom:24px;margin-top:16px;margin-left:0px;margin-right:0px\" align=\"center\">M\u016bs\u0173 rankin\u0117 alk\u016bnin\u0117 gerv\u0117 turi tvirt\u0105, vientis\u0105 kaltin\u012f kabl\u012f, kuris yra pakankamai tvirtas sunkiausiems kroviniams. Plati jos anga tinka net ir storiausiems lynams ar priekabos kabliams, o savaime u\u017esifiksuojantis apsauginis skl\u0105stis u\u017etikrina, kad j\u016bs\u0173 krovinys likt\u0173 saugus.<\/div>\n<\/div>\n<div style=\"font-family:&quot;Open sans&quot;, Arial, Helvetica, sans-serif\">\n<div>\u00a0<\/div>\n<div style=\"margin:8px 0px;margin-bottom:8px;margin-top:8px;margin-left:0px;margin-right:0px\"><img decoding=\"async\" style=\"width:100%\" width=\"100%\" src=\"https:\/\/d2qc09rl1gfuof.cloudfront.net\/product\/CYSDJP3500BG5Z1ZX\/hand-winch-a100-2.5.jpg\" slate-data-type=\"image\"\/><\/div>\n<div style=\"font-size:14px;text-align:center;color:rgb(34, 34, 34);margin:16px 0px 24px;margin-bottom:24px;margin-top:16px;margin-left:0px;margin-right:0px\" align=\"center\">Jums nereikia b\u016bti \u012franki\u0173 meistru, kad sumontuotum\u0117te \u0161i\u0105 sunkiasvor\u0119 rankin\u0119 gerv\u0119. Tiesiog pritvirtinkite j\u0105, nustatykite ranken\u0105, sureguliuokite reket\u0105 ir viskas paruo\u0161ta. Greita, paprasta ir be r\u016bpes\u010di\u0173 \u2013 taip paprasta.<\/div>\n<\/div>\n<div style=\"margin:16px 0px 24px;margin-bottom:24px;margin-top:16px;margin-left:0px;margin-right:0px\"><\/div>\n<div style=\"margin:24px 0px;margin-bottom:24px;margin-top:24px;margin-left:0px;margin-right:0px\">\n<div style=\"font-size:16px;font-weight:bold;color:rgb(34, 34, 34);margin:24px 0px 16px;margin-bottom:16px;margin-top:24px;margin-left:0px;margin-right:0px\">Savyb\u0117s ir informacija<\/div>\n<ul style=\"margin:16px 0px 24px;margin-bottom:24px;margin-top:16px;margin-left:0px;margin-right:0px\">\n<li style=\"font-size:14px;color:rgb(34, 34, 34)\">\n<p>Tvirtas lynas, tvirtesn\u0117s eksploatacin\u0117s savyb\u0117s: M\u016bs\u0173 rankin\u0117 gerv\u0117 turi 33 p\u0117d\u0173 (10 m) ilgio, didelio stiprumo cinkuoto plieno lyn\u0105 su tempimo j\u0117ga. Pamir\u0161kite trapius, l\u016b\u017etan\u010dius lynus. \u0160i gerv\u0117 skirta ilgoms kelion\u0117ms, pasiruo\u0161usi \u012fveikti net sunkiausias transporto priemones ir valtis.<\/p>\n<\/li>\n<li style=\"font-size:14px;color:rgb(34, 34, 34)\">\n<p>Dviej\u0173 kryp\u010di\u0173 reketas: \u0160is valties lyno \u0161vaistiklis apr\u016bpintas auk\u0161\u010diausios klas\u0117s anglinio plieno dviej\u0173 kryp\u010di\u0173 reketu. Su 4:1\/8:1 dvigubu grei\u010diu, skirtu rankenos pad\u0117\u010diai reguliuoti, viskas priklauso nuo kontrol\u0117s \u2013 \u012fvyniojimas, i\u0161vyniojimas, j\u016bs\u0173 pasirinkimas. D\u0117l auk\u0161tos temperat\u016bros gr\u016bdinimo proceso \u0161ie krumpliara\u010diai yra tvirti, paruo\u0161ti atlaikyti lauko gyvenimo sunkumus.<\/p>\n<\/li>\n<li style=\"font-size:14px;color:rgb(34, 34, 34)\">\n<p>Kaltinis kabliukas: Svarbu ne tik valties gerv\u0117s dir\u017eas. Svarbus ir pats kabliukas. Kalame apie 26 mm plo\u010dio ang\u0105, kalt\u0105 tvirtumui u\u017etikrinti, kad be vargo atlaikyt\u0173 sunkius krovinius. D\u0117l atsparumo korozijai ir \u012ftr\u016bkimams jis i\u0161laiko savo form\u0105 ir po naudojimo. Be to, apsauginis u\u017eraktas suteikia jums ramyb\u0117s.<\/p>\n<\/li>\n<li style=\"font-size:14px;color:rgb(34, 34, 34)\">\n<p>Lengvas valdymas: M\u016bs\u0173 rankin\u0117 alk\u016bnin\u0117 gerv\u0117 pasi\u017eymi ergonomi\u0161ka, puikaus dyd\u017eio 10 coli\u0173 rankena. Svarbiausia yra sukibimas ir patogumas, o tvirtas cinkuotas r\u0117mas \u2013 greitas montavimas ir dar greitesnis naudojimas. \u0160is ma\u017eas galingas \u012frenginys leid\u017eia lengvai traukti sunkias transporto priemones ir valtis.<\/p>\n<\/li>\n<li style=\"font-size:14px;color:rgb(34, 34, 34)\">\n<p>Pasiruo\u0161usi viskam, bet kur: paprasta surinkti, lengva naudoti \u2013 m\u016bs\u0173 tvirta rankin\u0117 gerv\u0117 yra j\u016bs\u0173 pasirinkimas horizontaliam tempimui, kad ir kur beb\u016btum\u0117te. Patalpose, lauke, ant vandens ar sausumos \u2013 prikabinkite j\u0105 prie motorini\u0173 val\u010di\u0173, priekab\u0173 ar visureigi\u0173 ir steb\u0117kite, kaip ji atlieka savo stebuklus.<\/p>\n<\/li>\n<\/ul>\n<\/div>\n<div>\n<div>\u00a0<\/div>\n<div>\n<div>\u00a0<\/div>\n<div style=\"margin:16px 0px 24px;margin-bottom:24px;margin-top:16px;margin-left:0px;margin-right:0px\"><strong>3500 svar\u0173<\/strong><\/div>\n<div style=\"margin:16px 0px 24px;margin-bottom:24px;margin-top:16px;margin-left:0px;margin-right:0px\"><img decoding=\"async\" style=\"width:100%\" width=\"100%\" src=\"https:\/\/d2qc09rl1gfuof.cloudfront.net\/product\/CYSDJP3500BG5Z1ZX\/hand-winch-a100-1.11.jpg\" slate-data-type=\"image\"\/><\/div>\n<\/div>\n<\/div>\n<div style=\"font-family:&quot;Open sans&quot;, Arial, Helvetica, sans-serif\">\n<div>\u00a0<\/div>\n<div>\n<div>\u00a0<\/div>\n<div style=\"margin:16px 0px 24px;margin-bottom:24px;margin-top:16px;margin-left:0px;margin-right:0px\"><span style=\"font-family:&quot;Microsoft YaHei&quot;\"><strong>800 svar\u0173<\/strong><\/span><\/div>\n<div style=\"margin:16px 0px 24px;margin-bottom:24px;margin-top:16px;margin-left:0px;margin-right:0px\"><img decoding=\"async\" style=\"width:100%\" width=\"100%\" src=\"https:\/\/d2qc09rl1gfuof.cloudfront.net\/product\/CYSDJP800BG0IYPD8\/hand-winch-a100-1.11.jpg\" slate-data-type=\"image\"\/><\/div>\n<\/div>\n<\/div>\n<\/div>\n<\/div>\n<\/div>\n<p><\/p>","protected":false},"excerpt":{"rendered":"<p>Hign-concerned Chemical:&nbsp;None Origin:&nbsp;Mainland China Brand Name:&nbsp;VEVOR Type:&nbsp;Manual Brand:&nbsp;VEVOR Tow Weight Capacity:&nbsp;800\/3500 lbs Mode\/Speed:&nbsp;2-Way Ratchet\/2-Speed Type:&nbsp;Hand Winch Product Weight:&nbsp;12.34 lbs \/ 5.6 kg VEVOR Hand Winch \u2013 All about Pulling Power<\/p>","protected":false},"featured_media":24882,"comment_status":"open","ping_status":"closed","template":"","meta":{"_acf_changed":false},"product_brand":[],"product_cat":[522],"product_tag":[],"class_list":{"0":"post-24881","1":"product","2":"type-product","3":"status-publish","4":"has-post-thumbnail","6":"product_cat-electric-winches","8":"first","9":"instock","10":"shipping-taxable","11":"purchasable","12":"product-type-variable"},"acf":[],"_links":{"self":[{"href":"https:\/\/www.electricstore.eu\/lt\/wp-json\/wp\/v2\/product\/24881","targetHints":{"allow":["GET"]}}],"collection":[{"href":"https:\/\/www.electricstore.eu\/lt\/wp-json\/wp\/v2\/product"}],"about":[{"href":"https:\/\/www.electricstore.eu\/lt\/wp-json\/wp\/v2\/types\/product"}],"replies":[{"embeddable":true,"href":"https:\/\/www.electricstore.eu\/lt\/wp-json\/wp\/v2\/comments?post=24881"}],"wp:featuredmedia":[{"embeddable":true,"href":"https:\/\/www.electricstore.eu\/lt\/wp-json\/wp\/v2\/media\/24882"}],"wp:attachment":[{"href":"https:\/\/www.electricstore.eu\/lt\/wp-json\/wp\/v2\/media?parent=24881"}],"wp:term":[{"taxonomy":"product_brand","embeddable":true,"href":"https:\/\/www.electricstore.eu\/lt\/wp-json\/wp\/v2\/product_brand?post=24881"},{"taxonomy":"product_cat","embeddable":true,"href":"https:\/\/www.electricstore.eu\/lt\/wp-json\/wp\/v2\/product_cat?post=24881"},{"taxonomy":"product_tag","embeddable":true,"href":"https:\/\/www.electricstore.eu\/lt\/wp-json\/wp\/v2\/product_tag?post=24881"}],"curies":[{"name":"wp","href":"https:\/\/api.w.org\/{rel}","templated":true}]}}