{"id":24708,"date":"2025-05-20T18:42:00","date_gmt":"2025-05-20T18:42:00","guid":{"rendered":"https:\/\/electricstore.eu\/p\/uncategorized\/homcom-parking-for-4-bicycles-steel-bracket-110x33x27-cm-black\/"},"modified":"2025-05-20T18:43:07","modified_gmt":"2025-05-20T18:43:07","slug":"homcom-parking-for-4-bicycles-steel-bracket-110x33x27-cm-black","status":"publish","type":"product","link":"https:\/\/www.electricstore.eu\/lt\/p\/a\/homcom-parking-for-4-bicycles-steel-bracket-110x33x27-cm-black\/","title":{"rendered":"HOMCOM dvira\u010di\u0173 stov\u0117jimo aik\u0161tel\u0117 4 asmenims, plieninis laikiklis, 110x33x27 cm, juodas"},"content":{"rendered":"<div class=\"product-specs-list-container\">\n<ul class=\"product-specs-list util-clearfix\">\n<li class=\"product-prop line-limit-length\"><span\n                                        class=\"property-title\">Tipas:&nbsp;<\/span><span\n                                        class=\"property-desc line-limit-length\">Dvira\u010dio atrama<\/span>\n                            <\/li>\n<li class=\"product-prop line-limit-length\"><span\n                                        class=\"property-title\">Prek\u0117s \u017eenklas:&nbsp;<\/span><span\n                                        class=\"property-desc line-limit-length\">HOMCOM<\/span>\n                            <\/li>\n<li class=\"product-prop line-limit-length\"><span\n                                        class=\"property-title\">Kilm\u0117:&nbsp;<\/span><span\n                                        class=\"property-desc line-limit-length\">\u017demynin\u0117 Kinija<\/span>\n                            <\/li>\n<\/ul><\/div>\n<div class=\"detailmodule_html\">\n<div class=\"detail-desc-decorate-richtext\">\n<p><\/p>\n<div style=\"overflow:visible;height:auto\" class=\"lc-1\">\n<div class=\"f-line\">\n<div class=\"fts\">\n<div>\nJei namuose neturite pakankamai vietos arba ne\u017einote, kaip tvarkingai pastatyti dvira\u010dius, HOMCOM dvira\u010di\u0173 stov\u0117jimo aik\u0161tel\u0117s yra sprendimas. Jas galima montuoti tiek ant vidaus, tiek lauko grind\u0173, o komplekte yra tvirtinimo var\u017etai. Pagamintos i\u0161 nuimamos plienin\u0117s konstrukcijos, atramas galite naudoti atskirai arba surinkti pagal poreik\u012f. Nuo \u0161iol j\u016bs\u0173 dvira\u010diai visada bus gerai pastatyti ir saug\u016bs.\n<\/div><\/div><\/div>\n<\/div>\n<div class=\"lc-1\">\n<div class=\"f-line\">\n<div class=\"fts\">\n<div>\n<\/div>\n<div>\n    <strong>Savyb\u0117s:<\/strong>\n   <\/div>\n<div>\n- Pagaminta i\u0161 milteliniu b\u016bdu da\u017eyto plieno, atspari oro s\u0105lygoms<br \/>\n<br \/>-Pagaminta su nuimama konstrukcija, galima reguliuoti su daugiau ar ma\u017eiau atram\u0173<br \/>\n<br \/>- Jis lengvas ir taupo viet\u0105, lengvai ne\u0161iojamas<br \/>\n<br \/>- Lengva montuoti su i\u0161 anksto i\u0161gr\u0119\u017etomis skyl\u0117mis ir prid\u0117tais var\u017etais<br \/>\n<br \/>-Idealiai tinka saugiam dvira\u010di\u0173 laikymui gara\u017euose, r\u016bsiuose, terasose, dirbtuv\u0117se ir kt.<br \/>\n<br \/>- Leid\u017eia naudoti tiek patalpose, tiek lauke<br \/>\n<br \/>- Reikalingas greitas ir paprastas surinkimas<br \/>\n\n   <\/div><\/div><\/div>\n<\/div>\n<div class=\"lc-1\">\n<div class=\"f-line\">\n<div class=\"fts\">\n<div>\n<\/div>\n<div>\n    <strong>Specifikacijos:<\/strong>\n   <\/div>\n<div>\n-Spalva: Juoda<br \/>\n<br \/>-Med\u017eiaga: plienas<br \/>\n<br \/>-Bendri matmenys: 110 x 33 x 27 cm (ilgis x plotis x auk\u0161tis)<br \/>\n<br \/>- Fiksuotas padang\u0173 kamer\u0173 atstumas: 6,5 cm<br \/>\n<br \/>-Atstumas tarp atram\u0173: 25,5 cm<br \/>\n<br \/>-Nuoroda: AA0-024V01BK<br \/>\n\n   <\/div><\/div><\/div>\n<\/div>\n<div>\n <img decoding=\"async\" width=\"1000    \" height=\"35\" src=\"https:\/\/ae01.alicdn.com\/kf\/HTB1KhgjkfiSBuNkSnhJq6zDcpXaR.jpg\" slate-data-type=\"image\" \/>\n<\/div>\n<div class=\"content01\">\n<div class=\"content_img\">\n  <img decoding=\"async\" width=\"1000\" src=\"https:\/\/ae04.alicdn.com\/kf\/S962ad7ad93094a5b974f06e6be25c007B.jpg\" slate-data-type=\"image\" \/>\n <\/div>\n<div class=\"content_img\">\n  <img decoding=\"async\" width=\"1000\" src=\"https:\/\/ae04.alicdn.com\/kf\/S6264841dab4b4ff0a73336d78a7ab4fa4.jpg\" slate-data-type=\"image\" \/>\n <\/div>\n<div class=\"content_img\">\n  <img decoding=\"async\" width=\"1000\" src=\"https:\/\/ae04.alicdn.com\/kf\/Sd57bed020de2415b90c7635d2fabfe44K.jpg\" slate-data-type=\"image\" \/>\n <\/div>\n<div class=\"content_img\">\n  <img decoding=\"async\" width=\"1000\" src=\"https:\/\/ae04.alicdn.com\/kf\/S9435c55c5eb544fca8890bf47109913aS.jpg\" slate-data-type=\"image\" \/>\n <\/div>\n<div class=\"content_img\">\n  <img decoding=\"async\" width=\"1000\" src=\"https:\/\/ae04.alicdn.com\/kf\/Sdfdc24e1131c466c8624e79b74ef24c6x.jpg\" slate-data-type=\"image\" \/>\n <\/div>\n<div class=\"content_img\">\n  <img decoding=\"async\" width=\"1000\" src=\"https:\/\/ae04.alicdn.com\/kf\/Sd6326293311c406c8b518cd3fd24f285T.jpg\" slate-data-type=\"image\" \/>\n <\/div>\n<\/div>\n<div>\n <img fetchpriority=\"high\" decoding=\"async\" width=\"1000\" height=\"1881\" src=\"https:\/\/ae01.alicdn.com\/kf\/Ua8ece3e103ed470793ec3cb15da8a01fz.jpg\" slate-data-type=\"image\" \/>\n<\/div>\n<p><\/p>\n<\/div>\n<\/div>","protected":false},"excerpt":{"rendered":"<p>Type:&nbsp;Bicycle Kickstand Brand Name:&nbsp;HOMCOM Origin:&nbsp;Mainland China If you don&#8217;t have enough space at home or you don&#8217;t know how to park your bikes in an orderly manner, HOMCOM bike parking<\/p>","protected":false},"featured_media":24709,"comment_status":"open","ping_status":"closed","template":"","meta":{"_acf_changed":false},"product_brand":[],"product_cat":[525],"product_tag":[],"class_list":{"0":"post-24708","1":"product","2":"type-product","3":"status-publish","4":"has-post-thumbnail","6":"product_cat-a","8":"first","9":"instock","10":"shipping-taxable","11":"purchasable","12":"product-type-variable"},"acf":[],"_links":{"self":[{"href":"https:\/\/www.electricstore.eu\/lt\/wp-json\/wp\/v2\/product\/24708","targetHints":{"allow":["GET"]}}],"collection":[{"href":"https:\/\/www.electricstore.eu\/lt\/wp-json\/wp\/v2\/product"}],"about":[{"href":"https:\/\/www.electricstore.eu\/lt\/wp-json\/wp\/v2\/types\/product"}],"replies":[{"embeddable":true,"href":"https:\/\/www.electricstore.eu\/lt\/wp-json\/wp\/v2\/comments?post=24708"}],"wp:featuredmedia":[{"embeddable":true,"href":"https:\/\/www.electricstore.eu\/lt\/wp-json\/wp\/v2\/media\/24709"}],"wp:attachment":[{"href":"https:\/\/www.electricstore.eu\/lt\/wp-json\/wp\/v2\/media?parent=24708"}],"wp:term":[{"taxonomy":"product_brand","embeddable":true,"href":"https:\/\/www.electricstore.eu\/lt\/wp-json\/wp\/v2\/product_brand?post=24708"},{"taxonomy":"product_cat","embeddable":true,"href":"https:\/\/www.electricstore.eu\/lt\/wp-json\/wp\/v2\/product_cat?post=24708"},{"taxonomy":"product_tag","embeddable":true,"href":"https:\/\/www.electricstore.eu\/lt\/wp-json\/wp\/v2\/product_tag?post=24708"}],"curies":[{"name":"wp","href":"https:\/\/api.w.org\/{rel}","templated":true}]}}