{"id":24702,"date":"2025-05-20T18:41:56","date_gmt":"2025-05-20T18:41:56","guid":{"rendered":"https:\/\/electricstore.eu\/p\/uncategorized\/sportnow-steel-bicycle-parking-59x41x38-cm-black\/"},"modified":"2025-05-20T18:42:45","modified_gmt":"2025-05-20T18:42:45","slug":"sportnow-steel-bicycle-parking-59x41x38-cm-black","status":"publish","type":"product","link":"https:\/\/www.electricstore.eu\/lt\/p\/a\/sportnow-steel-bicycle-parking-59x41x38-cm-black\/","title":{"rendered":"SPORTNOW plienin\u0117 dvira\u010di\u0173 stov\u0117jimo aik\u0161tel\u0117, 59x41x38 cm, juoda"},"content":{"rendered":"<div class=\"detailmodule_html\">\n<div class=\"detail-desc-decorate-richtext\">\n<p>Atraskite \u0161io SPORTNOW dvira\u010di\u0173 stovo prakti\u0161kum\u0105. Tiesiog \u012fki\u0161kite savo dvirat\u012f ir steb\u0117kite, kaip jis automati\u0161kai u\u017esifiksuos. \u0160is grind\u0173 dvira\u010di\u0173 laikiklis, skirtas iki 8,5 cm plo\u010dio padangoms, idealiai tinka palaikyti tvark\u0105 namuose, gara\u017ee ar biure, nes pasi\u017eymi tvirta plienine konstrukcija ir guminiais pagrindais, u\u017etikrinan\u010diais stabilum\u0105. B\u016btinas visiems dvira\u010di\u0173 sporto entuziastams.<\/p>\n<p><\/p>\n<div class=\"detailmodule_html\">\n<div class=\"detail-desc-decorate-richtext\">\n<div class=\"lc-1\">\n<div class=\"f-line\">\n<div class=\"fts\">\n<div><strong>Savyb\u0117s:<\/strong><\/div>\n<\/div>\n<\/div>\n<\/div>\n<\/div>\n<\/div>\n<p>\u25cf Pakelkite ir stumkite dvirat\u012f, kad laikiklis automati\u0161kai u\u017esifiksuot\u0173;<\/p>\n<p>\u25cf Dvira\u010di\u0173 stov\u0117jimo aik\u0161tel\u0117, tinkanti daugumai dvira\u010di\u0173, kuri\u0173 padang\u0173 plotis iki 8,5 cm;<\/p>\n<p>\u25cf Plieninis r\u0117mas ir gumin\u0117s kojel\u0117s u\u017etikrina tvirt\u0105 stabilum\u0105;<\/p>\n<p>\u25cf Dvira\u010dio laikiklis, idealiai tinkantis dvira\u010diams laikyti ar pastatyti namuose, gara\u017ee ar darbo vietoje;<\/p>\n<p>\u25cf Reikalingas montavimas;<\/p>\n<p><\/p>\n<div class=\"detailmodule_html\">\n<div class=\"detail-desc-decorate-richtext\">\n<div class=\"lc-1\">\n<div class=\"f-line\">\n<div class=\"fts\">\n<div><strong>Specifikacijos:<\/strong><\/div>\n<\/div>\n<\/div>\n<\/div>\n<\/div>\n<\/div>\n<p>\u25cf Spalva: juoda;<\/p>\n<p>\u25cf Med\u017eiaga: plienas;<\/p>\n<p>\u25cf Bendri matmenys: 59 x 41 x 38 cm (ilgis x i\u0161orinis plotis x i\u0161orinis pavir\u0161ius);<\/p>\n<p>\u25cf Ratams: &lt; 8,5 cm plo\u010dio;<\/p>\n<p>\u25cf Nuoroda: AA0-097V00BK;<\/p>\n<p><\/p>\n<div class=\"detailmodule_html\">\n<div class=\"detail-desc-decorate-richtext\">\n<div><img decoding=\"async\" width=\"1000    \" height=\"35\" src=\"https:\/\/ae01.alicdn.com\/kf\/HTB1KhgjkfiSBuNkSnhJq6zDcpXaR.jpg\" slate-data-type=\"image\"\/><\/div>\n<\/div>\n<\/div>\n<p><img decoding=\"async\" src=\"https:\/\/ae01.alicdn.com\/kf\/S734523902357481b850557de07cb1aebh.jpg\" slate-data-type=\"image\"\/><img decoding=\"async\" src=\"https:\/\/ae01.alicdn.com\/kf\/Sa2507e8a0696493ab60c0cfed1caddcdk.jpg\" slate-data-type=\"image\"\/><img decoding=\"async\" src=\"https:\/\/ae01.alicdn.com\/kf\/Sb50e0faea835482795051f150361f40dZ.jpg\" slate-data-type=\"image\"\/><img decoding=\"async\" src=\"https:\/\/ae01.alicdn.com\/kf\/Seec342f2635243e89480ab60924fd274F.jpg\" slate-data-type=\"image\"\/><\/p>\n<div class=\"detailmodule_html\">\n<div class=\"detail-desc-decorate-richtext\">\n<div><img fetchpriority=\"high\" decoding=\"async\" width=\"1000\" height=\"1881\" src=\"https:\/\/ae01.alicdn.com\/kf\/Ua8ece3e103ed470793ec3cb15da8a01fz.jpg\" slate-data-type=\"image\"\/><\/div>\n<\/div>\n<\/div>\n<p><\/p>\n<\/div>\n<\/div>","protected":false},"excerpt":{"rendered":"<p>Discover the practicality of this SPORTNOW bike stand. Simply introduce your bike and watch it automatically secure. Designed for tires up to 8,5 cm wide, this floor bike parking is<\/p>","protected":false},"featured_media":24703,"comment_status":"open","ping_status":"closed","template":"","meta":{"_acf_changed":false},"product_brand":[],"product_cat":[525],"product_tag":[],"class_list":{"0":"post-24702","1":"product","2":"type-product","3":"status-publish","4":"has-post-thumbnail","6":"product_cat-a","8":"first","9":"instock","10":"shipping-taxable","11":"purchasable","12":"product-type-variable"},"acf":[],"_links":{"self":[{"href":"https:\/\/www.electricstore.eu\/lt\/wp-json\/wp\/v2\/product\/24702","targetHints":{"allow":["GET"]}}],"collection":[{"href":"https:\/\/www.electricstore.eu\/lt\/wp-json\/wp\/v2\/product"}],"about":[{"href":"https:\/\/www.electricstore.eu\/lt\/wp-json\/wp\/v2\/types\/product"}],"replies":[{"embeddable":true,"href":"https:\/\/www.electricstore.eu\/lt\/wp-json\/wp\/v2\/comments?post=24702"}],"wp:featuredmedia":[{"embeddable":true,"href":"https:\/\/www.electricstore.eu\/lt\/wp-json\/wp\/v2\/media\/24703"}],"wp:attachment":[{"href":"https:\/\/www.electricstore.eu\/lt\/wp-json\/wp\/v2\/media?parent=24702"}],"wp:term":[{"taxonomy":"product_brand","embeddable":true,"href":"https:\/\/www.electricstore.eu\/lt\/wp-json\/wp\/v2\/product_brand?post=24702"},{"taxonomy":"product_cat","embeddable":true,"href":"https:\/\/www.electricstore.eu\/lt\/wp-json\/wp\/v2\/product_cat?post=24702"},{"taxonomy":"product_tag","embeddable":true,"href":"https:\/\/www.electricstore.eu\/lt\/wp-json\/wp\/v2\/product_tag?post=24702"}],"curies":[{"name":"wp","href":"https:\/\/api.w.org\/{rel}","templated":true}]}}