{"id":24663,"date":"2025-05-20T18:41:29","date_gmt":"2025-05-20T18:41:29","guid":{"rendered":"https:\/\/electricstore.eu\/p\/uncategorized\/pawhut-cargo-bicycle-trailer-40kg-light-steel-frame-with\/"},"modified":"2025-05-20T18:41:56","modified_gmt":"2025-05-20T18:41:56","slug":"pawhut-cargo-bicycle-trailer-40kg-light-steel-frame-with","status":"publish","type":"product","link":"https:\/\/www.electricstore.eu\/lt\/p\/o\/bike-trailers-and-wagons\/pawhut-cargo-bicycle-trailer-40kg-light-steel-frame-with\/","title":{"rendered":"\u201ePawHut\u201c krovinin\u0117 dvira\u010dio priekaba, 40 kg, lengvas plieninis r\u0117mas"},"content":{"rendered":"<div class=\"product-specs-list-container\">\n<ul class=\"product-specs-list util-clearfix\">\n<li class=\"product-prop line-limit-length\"><span\n                                        class=\"property-title\">Prek\u0117s \u017eenklas:&nbsp;<\/span><span\n                                        class=\"property-desc line-limit-length\">PawHut<\/span>\n                            <\/li>\n<\/ul><\/div>\n<div class=\"detailmodule_html\">\n<div class=\"detail-desc-decorate-richtext\">\n<p><\/p>\n<div style=\"overflow:visible;height:auto\" class=\"lc-1\">\n<div class=\"f-line\">\n<div class=\"fts\">\n<div>\nKad i\u0161 savo miesto dvira\u010dio i\u0161gautum\u0117te dar daugiau, &amp; iquest; Kas gali b\u016bti geriau u\u017e \u0161i\u0105 fantasti\u0161k\u0105 didel\u0119 krovinin\u0119 dvira\u010dio priekab\u0105? D\u0117l plienin\u0117s konstrukcijos ir dideli\u0173 rat\u0173 ji yra tvirta ir lengvai transportuojama. Be to, ji yra labai universali, nes \u0161onines paneles galima sulankstyti ant pagrindo, o galin\u0119 ir priekin\u0119 dalis lengva i\u0161ardyti. Taigi, lieka daug vietos dideliems daiktams pakrauti. Tai priekaba, paruo\u0161ta atlaikyti iki 50 kg svor\u012f, ir sukurta taip, kad j\u0105 b\u016bt\u0173 paprasta laikyti, kai nenaudojama. Tod\u0117l didel\u0119 krovinin\u0119 dvira\u010dio priekab\u0105 galima greitai i\u0161ardyti. &amp; Iquest; Ko laukiate, kad kuo geriau i\u0161naudotum\u0117te savo miesto dvirat\u012f?<\/p><\/div><\/div><\/div>\n<\/div>\n<div class=\"lc-1\">\n<div class=\"f-line\">\n<div class=\"fts\">\n<div>\n    <strong>Savyb\u0117s:<\/strong><br \/>\n    <br \/>\u25cf Lengvas plieninis r\u0117mas;\n<\/div>\n<div>\n\u25cf Sutvirtintas vientisas PE fonas;\n<\/div>\n<div>\n\u25cf Dideli ratai ir plienin\u0117 konstrukcija u\u017etikrina optimal\u0173 stabilum\u0105;\n<\/div>\n<div>\n\u25cf Sutvirtintas plieninis inkarinis strypas;\n<\/div>\n<div>\n\u25cf Lengvai surenkamas ir i\u0161ardomas;\n<\/div>\n<div>\n\u25cf Krovinin\u0117 priekaba padeda atlikti siunt\u0173 pristatymo u\u017eduotis, perkelti sunkius krovinius ir kt.;\n<\/div>\n<div>\n\u25cf \u0160oninius barjerus galima sulankstyti ant priekabos platformos;\n<\/div>\n<div>\n\u25cf Priekines ir galines u\u017etvaras galima nuleisti;\n<\/div>\n<div>\n\u25cf \u012etraukite \u201eB\u201c tipo \u201eAosom\u201c dvira\u010dio jungt\u012f, nereikia nieko kito, kad prijungtum\u0117te priekab\u0105 prie dvira\u010dio;\n<\/div>\n<div>\n\u25cf Greito atlaisvinimo ratukai;\n<\/div>\n<div>\n\u25cf I\u0161 viso 4 at\u0161vaitai, i\u0161d\u0117styti tarp galin\u0117s dalies ir rat\u0173<\/p><\/div><\/div><\/div>\n<\/div>\n<div class=\"lc-1\">\n<div class=\"f-line\">\n<div class=\"fts\">\n<div>\n    <strong>Specifikacijos:<\/strong><br \/>\n    <br \/>-Med\u017eiaga: tvirta plienin\u0117 konstrukcija su plastikiniu pagrindu<br \/>\n<br \/>-Spalva: Juoda<br \/>\n<br \/>- Palaiko maksimal\u0173 50 kg svor\u012f<br \/>\n<br \/>-Priekab\u0117l\u0117s svoris: 11,5 kg<br \/>\n<br \/>-Matmenys: 145 x 70 x 49 cm (ilgis x plotis x auk\u0161tis)<br \/>\n<br \/>-PE plok\u0161t\u0117s storis: 2 mm\n<\/div>\n<div class=\"detailmodule_html\">\n<div class=\"detail-desc-decorate-richtext\">\n<div class=\"lc-1\">\n<div class=\"f-line\">\n<div class=\"fts\">\n<div>\n-Tinkamas dvira\u010dio rato skersmuo: 20 \u201e-26\u201c<br \/>\n<br \/>-Nuoroda: B4-0008<br \/>\n\n        <\/div><\/div><\/div><\/div><\/div><\/div><\/div><\/div>\n<\/div>\n<div>\n <img decoding=\"async\" width=\"1000    \" height=\"35\" src=\"https:\/\/ae01.alicdn.com\/kf\/HTB1KhgjkfiSBuNkSnhJq6zDcpXaR.jpg\" slate-data-type=\"image\" \/>\n<\/div>\n<div class=\"content01\">\n<div class=\"content_img\">\n  <img decoding=\"async\" width=\"1000\" src=\"https:\/\/ae01.alicdn.com\/kf\/H2c64b258a67643ed85a0cc187dc8bb3cQ.jpg\" slate-data-type=\"image\" \/>\n <\/div>\n<div class=\"content_img\">\n  <img decoding=\"async\" width=\"1000\" src=\"https:\/\/ae01.alicdn.com\/kf\/Ha7bcb129fe7d4a999932bc04554ebedbq.jpg\" slate-data-type=\"image\" \/>\n <\/div>\n<div class=\"content_img\">\n  <img decoding=\"async\" width=\"1000\" src=\"https:\/\/ae01.alicdn.com\/kf\/Hab3a76bdd7564a8b9d6f90e3279125fbF.jpg\" slate-data-type=\"image\" \/>\n <\/div>\n<div class=\"content_img\">\n  <img decoding=\"async\" width=\"1000\" src=\"https:\/\/ae01.alicdn.com\/kf\/Hfe13f487df274ceea08e55911aec8ed9M.jpg\" slate-data-type=\"image\" \/>\n <\/div>\n<div class=\"content_img\">\n  <img decoding=\"async\" width=\"1000\" src=\"https:\/\/ae01.alicdn.com\/kf\/Hfd097be8084043459af95bdb322fc4cf5.jpg\" slate-data-type=\"image\" \/>\n <\/div>\n<div class=\"content_img\">\n  <img decoding=\"async\" width=\"1000\" src=\"https:\/\/ae01.alicdn.com\/kf\/H5068429d5fe74a8cad3b2c1594bd1abcs.jpg\" slate-data-type=\"image\" \/>\n <\/div>\n<div class=\"content_img\">\n  <img decoding=\"async\" width=\"1000\" src=\"https:\/\/gsp.aliexpress.com\/apps\/product\/publish?spm=5261.ProductManageOnline.0.0.789e4edf7O1jHp&amp;productId=4000370801767\" slate-data-type=\"image\" \/>\n <\/div>\n<div class=\"content_img\">\n  <img decoding=\"async\" width=\"1000\" src=\"https:\/\/gsp.aliexpress.com\/apps\/product\/publish?spm=5261.ProductManageOnline.0.0.789e4edf7O1jHp&amp;productId=4000370801767\" slate-data-type=\"image\" \/>\n <\/div>\n<\/div>\n<div>\n <img fetchpriority=\"high\" decoding=\"async\" width=\"1000\" height=\"1881\" src=\"https:\/\/ae01.alicdn.com\/kf\/HTB1i.OtVMHqK1RjSZFkq6x.WFXaT.jpg\" slate-data-type=\"image\" \/>\n<\/div>\n<p><\/p>\n<\/div>\n<\/div>","protected":false},"excerpt":{"rendered":"<p>Brand Name:&nbsp;PawHut To get even more out of your city bike, &amp; iquest; What better than this fantastic large cargo bike trailer? Its steel structure and large wheels make it<\/p>","protected":false},"featured_media":24664,"comment_status":"open","ping_status":"closed","template":"","meta":{"_acf_changed":false},"product_brand":[],"product_cat":[523],"product_tag":[],"class_list":{"0":"post-24663","1":"product","2":"type-product","3":"status-publish","4":"has-post-thumbnail","6":"product_cat-bike-trailers-and-wagons","8":"first","9":"instock","10":"shipping-taxable","11":"purchasable","12":"product-type-variable"},"acf":[],"_links":{"self":[{"href":"https:\/\/www.electricstore.eu\/lt\/wp-json\/wp\/v2\/product\/24663","targetHints":{"allow":["GET"]}}],"collection":[{"href":"https:\/\/www.electricstore.eu\/lt\/wp-json\/wp\/v2\/product"}],"about":[{"href":"https:\/\/www.electricstore.eu\/lt\/wp-json\/wp\/v2\/types\/product"}],"replies":[{"embeddable":true,"href":"https:\/\/www.electricstore.eu\/lt\/wp-json\/wp\/v2\/comments?post=24663"}],"wp:featuredmedia":[{"embeddable":true,"href":"https:\/\/www.electricstore.eu\/lt\/wp-json\/wp\/v2\/media\/24664"}],"wp:attachment":[{"href":"https:\/\/www.electricstore.eu\/lt\/wp-json\/wp\/v2\/media?parent=24663"}],"wp:term":[{"taxonomy":"product_brand","embeddable":true,"href":"https:\/\/www.electricstore.eu\/lt\/wp-json\/wp\/v2\/product_brand?post=24663"},{"taxonomy":"product_cat","embeddable":true,"href":"https:\/\/www.electricstore.eu\/lt\/wp-json\/wp\/v2\/product_cat?post=24663"},{"taxonomy":"product_tag","embeddable":true,"href":"https:\/\/www.electricstore.eu\/lt\/wp-json\/wp\/v2\/product_tag?post=24663"}],"curies":[{"name":"wp","href":"https:\/\/api.w.org\/{rel}","templated":true}]}}