{"id":24654,"date":"2025-05-20T18:41:24","date_gmt":"2025-05-20T18:41:24","guid":{"rendered":"https:\/\/electricstore.eu\/p\/uncategorized\/homcom-electric-car-for-kids-audi-e-tron-speed-3-5-km-h-black\/"},"modified":"2025-05-20T18:41:45","modified_gmt":"2025-05-20T18:41:45","slug":"homcom-electric-car-for-kids-audi-e-tron-speed-3-5-km-h-black","status":"publish","type":"product","link":"https:\/\/www.electricstore.eu\/lt\/p\/o\/homcom-electric-car-for-kids-audi-e-tron-speed-3-5-km-h-black\/","title":{"rendered":"HOMCOM elektrinis automobilis vaikams Audi e-tron Greitis 3-5 km\/h Juodas"},"content":{"rendered":"<div class=\"product-specs-list-container\">\n<ul class=\"product-specs-list util-clearfix\">\n<li class=\"product-prop line-limit-length\"><span\n                                        class=\"property-title\">Elektroninis:&nbsp;<\/span><span\n                                        class=\"property-desc line-limit-length\">TAIP<\/span>\n                            <\/li>\n<li class=\"product-prop line-limit-length\"><span\n                                        class=\"property-title\">Lytis:&nbsp;<\/span><span\n                                        class=\"property-desc line-limit-length\">Unisex<\/span>\n                            <\/li>\n<li class=\"product-prop line-limit-length\"><span\n                                        class=\"property-title\">Maitinimo \u0161altinis:&nbsp;<\/span><span\n                                        class=\"property-desc line-limit-length\">Elektrinis<\/span>\n                            <\/li>\n<li class=\"product-prop line-limit-length\"><span\n                                        class=\"property-title\">Dydis:&nbsp;<\/span><span\n                                        class=\"property-desc line-limit-length\">108 x 60 x 47 cm<\/span>\n                            <\/li>\n<li class=\"product-prop line-limit-length\"><span\n                                        class=\"property-title\">Savyb\u0117s:&nbsp;<\/span><span\n                                        class=\"property-desc line-limit-length\">Va\u017eiuokite toliau<\/span>\n                            <\/li>\n<li class=\"product-prop line-limit-length\"><span\n                                        class=\"property-title\">Med\u017eiaga:&nbsp;<\/span><span\n                                        class=\"property-desc line-limit-length\">Metalas<\/span>\n                            <\/li>\n<li class=\"product-prop line-limit-length\"><span\n                                        class=\"property-title\">Stilius:&nbsp;<\/span><span\n                                        class=\"property-desc line-limit-length\">AUTOMOBILIS<\/span>\n                            <\/li>\n<li class=\"product-prop line-limit-length\"><span\n                                        class=\"property-title\">Matmenys:&nbsp;<\/span><span\n                                        class=\"property-desc line-limit-length\">108 x 60 x 47 cm<\/span>\n                            <\/li>\n<li class=\"product-prop line-limit-length\"><span\n                                        class=\"property-title\">Rat\u0173 skai\u010dius:&nbsp;<\/span><span\n                                        class=\"property-desc line-limit-length\">Keturi<\/span>\n                            <\/li>\n<li class=\"product-prop line-limit-length\"><span\n                                        class=\"property-title\">Prek\u0117s \u017eenklas:&nbsp;<\/span><span\n                                        class=\"property-desc line-limit-length\">HOMCOM<\/span>\n                            <\/li>\n<li class=\"product-prop line-limit-length\"><span\n                                        class=\"property-title\">Kilm\u0117:&nbsp;<\/span><span\n                                        class=\"property-desc line-limit-length\">\u017demynin\u0117 Kinija<\/span>\n                            <\/li>\n<li class=\"product-prop line-limit-length\"><span\n                                        class=\"property-title\">Rekomenduojamas am\u017eius:&nbsp;<\/span><span\n                                        class=\"property-desc line-limit-length\">3\u20136 met\u0173<\/span>\n                            <\/li>\n<\/ul><\/div>\n<div class=\"detailmodule_html\">\n<div class=\"detail-desc-decorate-richtext\">\n<p><\/p>\n<div style=\"overflow:visible;height:auto\" class=\"lc-1\">\n<div class=\"f-line\">\n<div class=\"fts\">\n<div>\nJei ie\u0161kote vaiki\u0161ko elektrinio automobilio savo vaikams, per\u017ei\u016br\u0117kite \u0161\u012f \u201eHOMCOM\u201c \u201eAudi\u201c. Jis pasi\u017eymi elementais, kurie daro j\u012f tikrai saug\u0173 ir unikal\u0173. Jame yra USB, TF ir MP3 lizdas, ap\u0161viesti priekiniai ir galiniai \u017eibintai, atidaromos durys, saugos dir\u017eas ir ypa\u010d pla\u010dios padangos. J\u012f gali vairuoti vaikai su automobilio vairu arba suaug\u0119s asmuo su pridedamu nuotolinio valdymo pultu. Vaikai puikiai praleis laik\u0105 su \u0161iuo elektriniu automobiliu su oficialiu \u201eAudi\u201c licencija.\n<\/div><\/div><\/div>\n<\/div>\n<div class=\"lc-1\">\n<div class=\"f-line\">\n<div class=\"fts\">\n<div>\n    <strong>Savyb\u0117s:<\/strong>\n   <\/div>\n<div>\n\u25cf Labai realisti\u0161kai atrodantis vaiki\u0161kas elektrinis automobilis su garso signalu, saugos dir\u017eu, muzika, LED priekiniais \u017eibintais, nuotolinio valdymo pultu ir aptakiu dizainu<br \/>\n<br \/>\u25cf Vaiki\u0161kas automobilis su grei\u010dio reguliavimo funkcija nuo 3 iki 5 km\/h<br \/>\n<br \/>\u25cf Dvigubas 12 V variklis efektyviam va\u017eiavimui, kurio atstumas vienu \u012fkrovimu gali b\u016bti iki 45 minu\u010di\u0173<br \/>\n<br \/>\u25cf 2 vairavimo re\u017eimai: rankiniu b\u016bdu su vairu arba nuotolinio valdymo pultu<br \/>\n<br \/>\u25cf Valdikliui veikti reikalingos 2 AAA baterijos (nepridedamos)<br \/>\n<br \/>\u25cf Tinka vaikams nuo 3 met\u0173 am\u017eiaus, kuri\u0173 svoris iki 25 kg<br \/>\n<br \/>\u25cf Elektrinis automobilis su valdymu ir likusio akumuliatoriaus indikatoriumi<br \/>\n\n   <\/div><\/div><\/div>\n<\/div>\n<div class=\"lc-1\">\n<div class=\"f-line\">\n<div class=\"fts\">\n<div>\n    <strong>Specifikacijos:<\/strong>\n   <\/div>\n<div>\n\u25cf Spalva: juoda<br \/>\n<br \/>\u25cf Med\u017eiaga: polipropilenas ir metalas<br \/>\n<br \/>\u25cf Bendri matmenys: 108 x 60 x 47 cm (ilgis x i\u0161orinis plotis x i\u0161orinis plotas)<br \/>\n<br \/>\u25cf S\u0117dyn\u0117s matmenys: 32 x 19 x 25 cm (ilgis x i\u0161orinis plotis x i\u0161orinis pavir\u0161ius)<br \/>\n<br \/>\u25cf Rat\u0173 matmenys: \u00d8 22 \u00d7 8 cm (DxAL)<br \/>\n<br \/>\u25cf Veikimo laikas: 45 minut\u0117s (priklausomai nuo naudojimo tipo)<br \/>\n<br \/>\u25cf \u012ekrovimo laikas: 8\u201312 valand\u0173<br \/>\n<br \/>\u25cf Akumuliatorius: 12 V 4,5 Ah x 1<br \/>\n<br \/>\u25cf Maksimali apkrova: 25 kg<br \/>\n<br \/>\u25cf Reikalingos baterijos: Taip, 2 AAA baterijos (nepridedamos)<br \/>\n<br \/>\u25cf Rekomenduojamas am\u017eius: 3\u20135 metai<br \/>\n<br \/>\u25cf Nuoroda: 370-172V90BK<br \/>\n\n   <\/div><\/div><\/div>\n<\/div>\n<div>\n <img decoding=\"async\" width=\"1000    \" height=\"35\" src=\"https:\/\/ae01.alicdn.com\/kf\/HTB1KhgjkfiSBuNkSnhJq6zDcpXaR.jpg\" slate-data-type=\"image\" \/>\n<\/div>\n<div class=\"content01\">\n<div class=\"content_img\">\n  <img decoding=\"async\" width=\"1000\" src=\"https:\/\/ae-pic-a1.aliexpress-media.com\/kf\/S112309e1f4124cfd8b71b50a811b2f30l.jpg\" slate-data-type=\"image\" \/>\n <\/div>\n<div class=\"content_img\">\n  <img decoding=\"async\" width=\"1000\" src=\"https:\/\/ae-pic-a1.aliexpress-media.com\/kf\/Sd2f1266e5438498da6319e17551b935fX.jpg\" slate-data-type=\"image\" \/>\n <\/div>\n<div class=\"content_img\">\n  <img decoding=\"async\" width=\"1000\" src=\"https:\/\/ae-pic-a1.aliexpress-media.com\/kf\/S4cc16f0703c24afaa0f22ebd5cdc9b57e.jpg\" slate-data-type=\"image\" \/>\n <\/div>\n<div class=\"content_img\">\n  <img decoding=\"async\" width=\"1000\" src=\"https:\/\/ae-pic-a1.aliexpress-media.com\/kf\/S6a97a44e7c26401ab6fb33b0632c0806m.jpg\" slate-data-type=\"image\" \/>\n <\/div>\n<div class=\"content_img\">\n  <img decoding=\"async\" width=\"1000\" src=\"https:\/\/ae-pic-a1.aliexpress-media.com\/kf\/Sf6d90a62eac94c5d909bd405518bc6a1F.jpg\" slate-data-type=\"image\" \/>\n <\/div>\n<div class=\"content_img\">\n  <img decoding=\"async\" width=\"1000\" src=\"https:\/\/ae-pic-a1.aliexpress-media.com\/kf\/Sb188c3da1c524b49802690c43902ecc0q.jpg\" slate-data-type=\"image\" \/>\n <\/div>\n<\/div>\n<div>\n <img fetchpriority=\"high\" decoding=\"async\" width=\"1000\" height=\"1881\" src=\"https:\/\/ae01.alicdn.com\/kf\/Ua8ece3e103ed470793ec3cb15da8a01fz.jpg\" slate-data-type=\"image\" \/>\n<\/div>\n<p><\/p>\n<\/div>\n<\/div>","protected":false},"excerpt":{"rendered":"<p>Electronic:&nbsp;YES Gender:&nbsp;Unisex Power Source:&nbsp;Electric Size:&nbsp;108x60x47 cm Features:&nbsp;Ride On Material:&nbsp;Metal Style:&nbsp;CAR Dimensions:&nbsp;108x60x47 cm Wheel Number:&nbsp;Four Brand Name:&nbsp;HOMCOM Origin:&nbsp;Mainland China Recommend Age:&nbsp;3-6Y If you are looking for a children&#8217;s electric vehicle for<\/p>","protected":false},"featured_media":24655,"comment_status":"open","ping_status":"closed","template":"","meta":{"_acf_changed":false},"product_brand":[],"product_cat":[15],"product_tag":[],"class_list":{"0":"post-24654","1":"product","2":"type-product","3":"status-publish","4":"has-post-thumbnail","6":"product_cat-o","8":"first","9":"instock","10":"shipping-taxable","11":"purchasable","12":"product-type-variable"},"acf":[],"_links":{"self":[{"href":"https:\/\/www.electricstore.eu\/lt\/wp-json\/wp\/v2\/product\/24654","targetHints":{"allow":["GET"]}}],"collection":[{"href":"https:\/\/www.electricstore.eu\/lt\/wp-json\/wp\/v2\/product"}],"about":[{"href":"https:\/\/www.electricstore.eu\/lt\/wp-json\/wp\/v2\/types\/product"}],"replies":[{"embeddable":true,"href":"https:\/\/www.electricstore.eu\/lt\/wp-json\/wp\/v2\/comments?post=24654"}],"wp:featuredmedia":[{"embeddable":true,"href":"https:\/\/www.electricstore.eu\/lt\/wp-json\/wp\/v2\/media\/24655"}],"wp:attachment":[{"href":"https:\/\/www.electricstore.eu\/lt\/wp-json\/wp\/v2\/media?parent=24654"}],"wp:term":[{"taxonomy":"product_brand","embeddable":true,"href":"https:\/\/www.electricstore.eu\/lt\/wp-json\/wp\/v2\/product_brand?post=24654"},{"taxonomy":"product_cat","embeddable":true,"href":"https:\/\/www.electricstore.eu\/lt\/wp-json\/wp\/v2\/product_cat?post=24654"},{"taxonomy":"product_tag","embeddable":true,"href":"https:\/\/www.electricstore.eu\/lt\/wp-json\/wp\/v2\/product_tag?post=24654"}],"curies":[{"name":"wp","href":"https:\/\/api.w.org\/{rel}","templated":true}]}}