{"id":24346,"date":"2025-05-20T18:35:44","date_gmt":"2025-05-20T18:35:44","guid":{"rendered":"https:\/\/electricstore.eu\/p\/uncategorized\/hyper-gogo-challenger-12-plus-with-app-electric-motorcycle-for-kids-12inch-pneumatic-tires-bluetooth-speaker-fog16km-h-max-speed\/"},"modified":"2025-05-20T18:36:13","modified_gmt":"2025-05-20T18:36:13","slug":"hyper-gogo-challenger-12-plus-with-app-electric-motorcycle-for-kids-12inch-pneumatic-tires-bluetooth-speaker-fog16km-h-max-speed","status":"publish","type":"product","link":"https:\/\/www.electricstore.eu\/lt\/p\/motorbikes\/electric-children-motorbikes\/hyper-gogo-challenger-12-plus-with-app-electric-motorcycle-for-kids-12inch-pneumatic-tires-bluetooth-speaker-fog16km-h-max-speed\/","title":{"rendered":"HYPER GOGO Challenger 12 Plus su program\u0117le elektrinis motociklas vaikams, 12 coli\u0173 pneumatin\u0117s padangos, \u201eBluetooth\u201c garsiakalbis, r\u016bko signalas, maksimalus greitis 16 km\/h"},"content":{"rendered":"<div class=\"product-specs-list-container\">\n<ul class=\"product-specs-list util-clearfix\">\n<li class=\"product-prop line-limit-length\"><span\n                                        class=\"property-title\">Lytis:&nbsp;<\/span><span\n                                        class=\"property-desc line-limit-length\">Unisex<\/span>\n                            <\/li>\n<li class=\"product-prop line-limit-length\"><span\n                                        class=\"property-title\">Dydis:&nbsp;<\/span><span\n                                        class=\"property-desc line-limit-length\">12 inch<\/span>\n                            <\/li>\n<li class=\"product-prop line-limit-length\"><span\n                                        class=\"property-title\">Modelio numeris:&nbsp;<\/span><span\n                                        class=\"property-desc line-limit-length\">Challenger 12 Plus (with App)<\/span>\n                            <\/li>\n<li class=\"product-prop line-limit-length\"><span\n                                        class=\"property-title\">Stilius:&nbsp;<\/span><span\n                                        class=\"property-desc line-limit-length\">Motorbikes<\/span>\n                            <\/li>\n<li class=\"product-prop line-limit-length\"><span\n                                        class=\"property-title\">Rat\u0173 skai\u010dius:&nbsp;<\/span><span\n                                        class=\"property-desc line-limit-length\">Du<\/span>\n                            <\/li>\n<li class=\"product-prop line-limit-length\"><span\n                                        class=\"property-title\">Rekomenduojamas am\u017eius:&nbsp;<\/span><span\n                                        class=\"property-desc line-limit-length\">6\u201312 m., 14+ m.<\/span>\n                            <\/li>\n<li class=\"product-prop line-limit-length\"><span\n                                        class=\"property-title\">Savyb\u0117s:&nbsp;<\/span><span\n                                        class=\"property-desc line-limit-length\">Va\u017eiuokite toliau<\/span>\n                            <\/li>\n<li class=\"product-prop line-limit-length\"><span\n                                        class=\"property-title\">Maksimali apkrova:&nbsp;<\/span><span\n                                        class=\"property-desc line-limit-length\">65 kg<\/span>\n                            <\/li>\n<li class=\"product-prop line-limit-length\"><span\n                                        class=\"property-title\">\u012ekaln\u0117n:&nbsp;<\/span><span\n                                        class=\"property-desc line-limit-length\">10\u00b0 (17,6%)<\/span>\n                            <\/li>\n<li class=\"product-prop line-limit-length\"><span\n                                        class=\"property-title\">Maksimalus greitis:&nbsp;<\/span><span\n                                        class=\"property-desc line-limit-length\">16 km\/val. (10 myli\u0173 per valand\u0105)<\/span>\n                            <\/li>\n<li class=\"product-prop line-limit-length\"><span\n                                        class=\"property-title\">Maksimalus diapazonas:&nbsp;<\/span><span\n                                        class=\"property-desc line-limit-length\">12 km<\/span>\n                            <\/li>\n<li class=\"product-prop line-limit-length\"><span\n                                        class=\"property-title\">Grei\u010dio lygiai:&nbsp;<\/span><span\n                                        class=\"property-desc line-limit-length\">8\/12\/16 km\/val. (5\/8\/10 myli\u0173 per valand\u0105)<\/span>\n                            <\/li>\n<li class=\"product-prop line-limit-length\"><span\n                                        class=\"property-title\">Atsparumo vandeniui lygis:&nbsp;<\/span><span\n                                        class=\"property-desc line-limit-length\">IP4<\/span>\n                            <\/li>\n<li class=\"product-prop line-limit-length\"><span\n                                        class=\"property-title\">R\u0117mo med\u017eiaga:&nbsp;<\/span><span\n                                        class=\"property-desc line-limit-length\">Plienas<\/span>\n                            <\/li>\n<li class=\"product-prop line-limit-length\"><span\n                                        class=\"property-title\">Stabd\u017ei\u0173 sistema:&nbsp;<\/span><span\n                                        class=\"property-desc line-limit-length\">Galinio stebul\u0117s stabdys<\/span>\n                            <\/li>\n<li class=\"product-prop line-limit-length\"><span\n                                        class=\"property-title\">Rekomenduojami vairuotojo auk\u0161\u010diai:&nbsp;<\/span><span\n                                        class=\"property-desc line-limit-length\">90\u2013160 cm (2&#039;11,5\u201d\u20135&#039;3\u201d \u016bgio)<\/span>\n                            <\/li>\n<li class=\"product-prop line-limit-length\"><span\n                                        class=\"property-title\">Nominali galia ir \u012ftampa:&nbsp;<\/span><span\n                                        class=\"property-desc line-limit-length\">160 W, 24 V<\/span>\n                            <\/li>\n<li class=\"product-prop line-limit-length\"><span\n                                        class=\"property-title\">Maksimalus i\u0161\u0117jimo sukimo momentas:&nbsp;<\/span><span\n                                        class=\"property-desc line-limit-length\">11 Nm<\/span>\n                            <\/li>\n<li class=\"product-prop line-limit-length\"><span\n                                        class=\"property-title\">Talpa:&nbsp;<\/span><span\n                                        class=\"property-desc line-limit-length\">5,2 Ah<\/span>\n                            <\/li>\n<li class=\"product-prop line-limit-length\"><span\n                                        class=\"property-title\">\u012etampa:&nbsp;<\/span><span\n                                        class=\"property-desc line-limit-length\">21,9 V<\/span>\n                            <\/li>\n<li class=\"product-prop line-limit-length\"><span\n                                        class=\"property-title\">\u012ekrovimo laikas:&nbsp;<\/span><span\n                                        class=\"property-desc line-limit-length\">4 val.<\/span>\n                            <\/li>\n<li class=\"product-prop line-limit-length\"><span\n                                        class=\"property-title\">Galios talpa:&nbsp;<\/span><span\n                                        class=\"property-desc line-limit-length\">113,88 Wh<\/span>\n                            <\/li>\n<li class=\"product-prop line-limit-length\"><span\n                                        class=\"property-title\">Ekranas:&nbsp;<\/span><span\n                                        class=\"property-desc line-limit-length\">Taip<\/span>\n                            <\/li>\n<li class=\"product-prop line-limit-length\"><span\n                                        class=\"property-title\">Sparnas:&nbsp;<\/span><span\n                                        class=\"property-desc line-limit-length\">Taip<\/span>\n                            <\/li>\n<li class=\"product-prop line-limit-length\"><span\n                                        class=\"property-title\">Program\u0117l\u0117:&nbsp;<\/span><span\n                                        class=\"property-desc line-limit-length\">Taip<\/span>\n                            <\/li>\n<li class=\"product-prop line-limit-length\"><span\n                                        class=\"property-title\">LED lemput\u0117:&nbsp;<\/span><span\n                                        class=\"property-desc line-limit-length\">Taip<\/span>\n                            <\/li>\n<li class=\"product-prop line-limit-length\"><span\n                                        class=\"property-title\">D\u016bmai:&nbsp;<\/span><span\n                                        class=\"property-desc line-limit-length\">Taip<\/span>\n                            <\/li>\n<li class=\"product-prop line-limit-length\"><span\n                                        class=\"property-title\">\u201eBluetooth\u201c garsiakalbis:&nbsp;<\/span><span\n                                        class=\"property-desc line-limit-length\">Taip<\/span>\n                            <\/li>\n<\/ul><\/div>\n<div class=\"detailmodule_dynamic\"><kse:widget data-widget-type=\"customText\" id=\"1005000009406803\" type=\"relation\"><\/kse:widget><\/div>\n<div class=\"detailmodule_html\">\n<div class=\"detail-desc-decorate-richtext\">\n<p><\/p>\n<div style=\"background-color:rgb(240, 234, 255);margin:20px 0px 10px;margin-bottom:10px;margin-top:20px;margin-left:0px;margin-right:0px;width:100%;height:34px\"><span style=\"background-color:rgb(55, 139, 238);color:rgb(255, 255, 255);font-size:24px;font-family:Verdana, Arial\">Svarbiausi dalykai<\/span><\/p>\n<\/div>\n<div class=\"detailmodule_text\">\n<div class=\"detailmodule_html\">\n<div class=\"detail-desc-decorate-richtext\">\n<div class=\"detailmodule_text-image\">\n<div class=\"detailmodule_text-image\">\n<div class=\"detailmodule_html\">\n<div class=\"detail-desc-decorate-richtext\">\n<div class=\"detailmodule_text-image\">\n<div class=\"detailmodule_html\">\n<div class=\"detail-desc-decorate-richtext\">\n<div style=\"font-family:&quot;Open Sans&quot;, Arial, Helvetica, sans-serif, Heiti;font-size:14px;color:rgb(0, 0, 0);box-sizing:content-box\" class=\"detailmodule_html\">\n<div style=\"box-sizing:content-box\" class=\"detail-desc-decorate-richtext\">\n<div style=\"width:944px;height:auto;box-sizing:content-box\">\n<div style=\"box-sizing:content-box\">\n<div class=\"detailmodule_html\">\n<div class=\"detail-desc-decorate-richtext\">\n<div style=\"font-family:&quot;Open Sans&quot;, Arial, Helvetica, sans-serif, Heiti;font-size:14px;color:rgb(0, 0, 0);box-sizing:content-box\" class=\"detailmodule_html\">\n<div style=\"box-sizing:content-box\" class=\"detail-desc-decorate-richtext\">\n<div style=\"width:944px;height:auto;box-sizing:content-box\">\n<div style=\"box-sizing:content-box\">\n<div class=\"detailmodule_html\">\n<div class=\"detail-desc-decorate-richtext\">\n<div class=\"detailmodule_text-image\">\n<div class=\"detailmodule_text-image\">\n<div class=\"detailmodule_html\">\n<div class=\"detail-desc-decorate-richtext\">\n<div style=\"width:944px;height:auto;box-sizing:content-box\">\n<div style=\"box-sizing:content-box\">\n<div class=\"detailmodule_html\">\n<div class=\"detail-desc-decorate-richtext\">\n<div style=\"font-family:&quot;Open Sans&quot;, Arial, Helvetica, sans-serif, Heiti;font-size:14px;color:rgb(0, 0, 0);box-sizing:content-box\" class=\"detailmodule_html\">\n<div style=\"box-sizing:content-box\" class=\"detail-desc-decorate-richtext\">\n<div style=\"width:944px;height:auto;box-sizing:content-box\">\n<div style=\"box-sizing:content-box\">\n<div class=\"detailmodule_html\">\n<div class=\"detail-desc-decorate-richtext\">\n<div class=\"detailmodule_text-image\">\n<div class=\"detailmodule_text\">\n<div class=\"detailmodule_html\">\n<div class=\"detail-desc-decorate-richtext\">\n<div class=\"detailmodule_text-image\">\n<div class=\"detailmodule_text\">\n<p><span style=\"color:rgb(0, 0, 0);font-size:16px;font-family:arial, helvetica, sans-serif\">Good &quot;Playmate&quot; for Your Kid- Looking to gift something FUN and UNIQUE to your kid? Look no further than our Kid&#x27;s Electric Motorbike! It&#x27;s the ultimate playmate. Riding time of 60 minutes and a distance of 10 Miles provides an ideal level of exercise. Your kids will make unforgettable memories exploring a world of challenge and thrill on this stylish set of wheels. Upcoming Christmas Day, gift your kid the joy of mastering an exciting new skill with this cool Electric Motorcycle, Ride and Love it.<\/span><\/p>\n<div><\/div>\n<p><span style=\"color:rgb(0, 0, 0);font-size:16px;font-family:arial, helvetica, sans-serif\">1, The Smartest Kids\u2019 Motorcycle Ever;<\/span><\/p>\n<p><span style=\"color:rgb(0, 0, 0);font-size:16px;font-family:arial, helvetica, sans-serif\">2, sukurtas begalin\u0117ms pramogoms;<\/span><\/p>\n<p><span style=\"color:rgb(0, 0, 0);font-size:16px;font-family:arial, helvetica, sans-serif\">3. Statykite galvodami apie saugum\u0105;<\/span><\/p>\n<p><span style=\"color:rgb(0, 0, 0);font-size:16px;font-family:arial, helvetica, sans-serif\">4, puikus pasirinkimas vaikams;<\/span><\/p>\n<p><span style=\"color:rgb(0, 0, 0);font-size:16px;font-family:arial, helvetica, sans-serif\">5. Vienos valandos trukm\u0117s sklandus va\u017eiavimo malonumas.<\/span><\/p>\n<\/div>\n<\/div>\n<\/div>\n<\/div>\n<\/div>\n<\/div>\n<\/div>\n<\/div>\n<\/div>\n<\/div>\n<\/div>\n<\/div>\n<\/div>\n<\/div>\n<\/div>\n<\/div>\n<\/div>\n<\/div>\n<\/div>\n<\/div>\n<\/div>\n<\/div>\n<\/div>\n<\/div>\n<\/div>\n<\/div>\n<\/div>\n<\/div>\n<\/div>\n<\/div>\n<\/div>\n<\/div>\n<\/div>\n<\/div>\n<\/div>\n<\/div>\n<\/div>\n<\/div>\n<\/div>\n<\/div>\n<\/div>\n<\/div>\n<div style=\"background-color:rgb(240, 234, 255);margin:20px 0px 10px;margin-bottom:10px;margin-top:20px;margin-left:0px;margin-right:0px;width:100%;height:34px\"><span style=\"background-color:rgb(55, 139, 238);color:rgb(255, 255, 255);font-size:24px;font-family:Verdana, Arial\">Produkto informacija<\/span><\/div>\n<p><img decoding=\"async\" src=\"https:\/\/ae01.alicdn.com\/kf\/S879096d590984495b65dceffd3654558R.jpg\" slate-data-type=\"image\"\/><img decoding=\"async\" src=\"https:\/\/ae01.alicdn.com\/kf\/S1d7f5e80e46d4ef2af4d2d0dace1de1e1.jpg\" slate-data-type=\"image\"\/><img decoding=\"async\" src=\"https:\/\/ae01.alicdn.com\/kf\/Sbba0d9793630436abfe60659b61c3323V.jpg\" slate-data-type=\"image\"\/><img decoding=\"async\" src=\"https:\/\/ae01.alicdn.com\/kf\/S21a5860bf4cb4fb5a8a07e4741517fc3i.jpg\" slate-data-type=\"image\"\/><img decoding=\"async\" src=\"https:\/\/ae01.alicdn.com\/kf\/Sfa99be0f43f74ec7a2fb7409ee92f911g.jpg\" slate-data-type=\"image\"\/><img decoding=\"async\" src=\"https:\/\/ae01.alicdn.com\/kf\/S2f96ef0d8f0f423cb8aa8007bc2fa9fdx.jpg\" slate-data-type=\"image\"\/><img decoding=\"async\" src=\"https:\/\/ae01.alicdn.com\/kf\/S8caee628a4c14aefa24d4d9f47abbe5cQ.jpg\" slate-data-type=\"image\"\/><img decoding=\"async\" src=\"https:\/\/ae01.alicdn.com\/kf\/S3932e1dc0d49471d9734d6d422030fa7R.jpg\" slate-data-type=\"image\"\/><img decoding=\"async\" src=\"https:\/\/ae01.alicdn.com\/kf\/Sa110724b2147403aad8e9dbf55ae751c5.jpg\" slate-data-type=\"image\"\/><img decoding=\"async\" src=\"https:\/\/ae01.alicdn.com\/kf\/Sb83495c92edd448db738d46aeee36ba7h.jpg\" slate-data-type=\"image\"\/><img decoding=\"async\" src=\"https:\/\/ae01.alicdn.com\/kf\/S868c17956a0e4a9d8482b6e8a030ff8aY.jpg\" slate-data-type=\"image\"\/><\/p>\n<div style=\"background-color:rgb(240, 234, 255);margin:20px 0px 10px;margin-bottom:10px;margin-top:20px;margin-left:0px;margin-right:0px;width:100%;height:34px\"><span style=\"background-color:rgb(55, 139, 238);color:rgb(255, 255, 255);font-size:24px;font-family:Verdana, Arial\">Specifikacija <\/span><\/div>\n<\/div>\n<\/div>\n<p><\/p>\n<table style=\"border-collapse:collapse;font-family:&quot;Microsoft YaHei&quot;;width:1887px\" width=\"340.52pt\" border=\"1\" cellpadding=\"0\" cellspacing=\"0\">\n<tbody>\n<tr>\n<td style=\"width:79.5pt;height:56.25pt\" class=\"et2\" width=\"106\" height=\"75\" rowspan=\"4\">\n<p><span class=\"font1\" style=\"font-size:16px;font-family:arial, helvetica, sans-serif\">Bendra<\/span><\/p>\n<\/td>\n<td style=\"width:261pt\" class=\"et3\" width=\"348\" rowspan=\"4\">\n<p><span style=\"font-size:16px;font-family:arial, helvetica, sans-serif\">Prek\u0117s \u017eenklas: HYPER GOGO<br \/>Tipas: Elektrinis motociklas vaikams<br \/>Model: Challenger 12 Plus (with App)<br \/>Spalva: m\u0117lyna<\/span><\/p>\n<\/td>\n<\/tr>\n<tr><\/tr>\n<tr><\/tr>\n<tr><\/tr>\n<tr>\n<td style=\"width:79.5pt;height:204.75pt\" class=\"et2\" width=\"106\" height=\"273\" rowspan=\"15\">\n<p><span class=\"font1\" style=\"font-size:16px;font-family:arial, helvetica, sans-serif\">Specifikacijos<\/span><\/p>\n<\/td>\n<td style=\"width:261pt\" class=\"et3\" width=\"348\" rowspan=\"15\">\n<p><span style=\"font-size:16px;font-family:arial, helvetica, sans-serif\">R\u0117mo med\u017eiaga: plienas<br \/>Baterija: li\u010dio jon\u0173 21,9 V 5,2 A<br \/>Nuolatin\u0117s srov\u0117s \u012fkroviklis: 24 V nuolatin\u0117 srov\u0117, 1,5 A<br \/>Variklis: 24 V 160 W<br \/>Sukimo momentas: 11 Nm<br \/>Atsparumo vandeniui \u012fvertinimas: IP4<br \/>Max Uphill : 10\u00b0<br \/>Maksimali apkrova: 65 kg<br \/>Maksimalus greitis: 16 km\/h<br \/>Maksimalus atstumas: 12 km<br \/>Grei\u010dio re\u017eimas: 3 lygiai (8 km\/h, 12 km\/h ir 16 km\/h)<br \/>Stabdis: galinis stebul\u0117<br \/>Padanga: pneumatin\u0117s gumin\u0117s padangos<br \/>Padang\u0173 dydis: 12 x 3&quot;<br \/>Padang\u0173 sl\u0117gis: 45\u201350 PSI<\/span><\/p>\n<\/td>\n<\/tr>\n<tr><\/tr>\n<tr><\/tr>\n<tr><\/tr>\n<tr><\/tr>\n<tr><\/tr>\n<tr><\/tr>\n<tr><\/tr>\n<tr><\/tr>\n<tr><\/tr>\n<tr><\/tr>\n<tr><\/tr>\n<tr><\/tr>\n<tr><\/tr>\n<tr><\/tr>\n<tr>\n<td style=\"width:79.5pt;height:83.25pt\" class=\"et2\" width=\"106\" height=\"111\" rowspan=\"6\">\n<p><span class=\"font1\" style=\"font-size:16px;font-family:arial, helvetica, sans-serif\">Savyb\u0117s<\/span><\/p>\n<\/td>\n<td style=\"width:261pt\" class=\"et3\" width=\"348\" rowspan=\"6\">\n<p><span style=\"font-size:16px;font-family:arial, helvetica, sans-serif\">Ekranas: Taip<br \/>Sparnas: Taip<br \/>Program\u0117l\u0117: Taip<br \/>LED lemput\u0117: Taip<br \/>D\u016bmai: Taip<br \/>\u201eBluetooth\u201c garsiakalbis: Taip<\/span><\/p>\n<\/td>\n<\/tr>\n<tr><\/tr>\n<tr><\/tr>\n<tr><\/tr>\n<tr><\/tr>\n<tr><\/tr>\n<tr>\n<td style=\"width:79.5pt;height:56.25pt\" class=\"et2\" width=\"106\" height=\"75\" rowspan=\"4\">\n<p><span class=\"font1\" style=\"font-size:16px;font-family:arial, helvetica, sans-serif\">Svoris ir dydis<\/span><\/p>\n<\/td>\n<td style=\"width:261pt\" class=\"et3\" width=\"348\" rowspan=\"4\">\n<p><span style=\"font-size:16px;font-family:arial, helvetica, sans-serif\">Produkto svoris: 15,6 kg<br \/>Pakuot\u0117s svoris: 18,8 kg<br \/>Gaminio matmenys (ilgis x plotis x auk\u0161tis): 1151 x 499 x 725 mm<br \/>Pakuot\u0117s dydis (ilgis x plotis x auk\u0161tis): 1075 x 245 x 525 mm<\/span><\/p>\n<\/td>\n<\/tr>\n<tr><\/tr>\n<tr><\/tr>\n<tr><\/tr>\n<tr>\n<td style=\"width:79.5pt;height:218.25pt\" class=\"et2\" width=\"106\" height=\"291\" rowspan=\"16\">\n<p><span class=\"font1\" style=\"font-size:16px;font-family:arial, helvetica, sans-serif\">Pakuot\u0117s turinys<\/span><\/p>\n<\/td>\n<td style=\"width:261pt\" class=\"et3\" width=\"348\" rowspan=\"16\">\n<p><span style=\"font-size:16px;font-family:arial, helvetica, sans-serif\">1 x pusiau surinktas vaiki\u0161kas motociklas<br \/>1 x 4 mm \u0161e\u0161iakampis raktas<br \/>1 x 6 mm \u0161e\u0161iakampis raktas<br \/>2 x 16 mm ver\u017eliarak\u010diai<br \/>1 x \u012ekroviklis<br \/>1 x Naudotojo vadovas<br \/>2 pedalai<br \/>1 x daiktad\u0117\u017e\u0117<br \/>1 x priekinis ratas<br \/>1 x Sparnas<br \/>4 x vairo spaustukai<br \/>1 x atram\u0117l\u0117<br \/>1 x A\u0161is su ver\u017el\u0117mis priekiniam ratui<br \/>4 x var\u017etai sparnui<br \/>4 x vidutinio dyd\u017eio var\u017etai vairui<br \/>2 x var\u017etai atraminei kojelei<\/span><\/p>\n<\/td>\n<\/tr>\n<tr><\/tr>\n<tr><\/tr>\n<tr><\/tr>\n<tr><\/tr>\n<tr><\/tr>\n<tr><\/tr>\n<tr><\/tr>\n<tr><\/tr>\n<tr><\/tr>\n<tr><\/tr>\n<tr><\/tr>\n<tr><\/tr>\n<tr><\/tr>\n<tr><\/tr>\n<tr><\/tr>\n<tr>\n<td style=\"width:340.5pt;height:29.25pt\" class=\"et3\" width=\"454\" height=\"39\" colspan=\"2\">\n<p><span class=\"font3\" style=\"font-size:16px;font-family:arial, helvetica, sans-serif\"><span class=\"font2\" style=\"font-size:16px;font-family:arial, helvetica, sans-serif\">Please note that the top range is achieved with a load of 60 kg, riding at 16 km\/h on flat roads without strong winds at 26\u00b0C.<\/span><\/span><\/p>\n<\/td>\n<\/tr>\n<\/tbody>\n<\/table>\n<p><\/p>","protected":false},"excerpt":{"rendered":"<p>Gender:&nbsp;Unisex Size:&nbsp;12 inch Model Number:&nbsp;Challenger 12 Plus (with App) Style:&nbsp;Motorbikes Wheel Number:&nbsp;Two Recommend Age:&nbsp;6-12Y,14+y Features:&nbsp;Ride On Max Load:&nbsp;65 kg Uphill:&nbsp;10\u00b0 (17.6%) Max Speed:&nbsp;16 km\/h (10 mph) Max Range:&nbsp;12 km Speed<\/p>","protected":false},"featured_media":24347,"comment_status":"open","ping_status":"closed","template":"","meta":{"_acf_changed":false},"product_brand":[],"product_cat":[313],"product_tag":[],"class_list":{"0":"post-24346","1":"product","2":"type-product","3":"status-publish","4":"has-post-thumbnail","6":"product_cat-electric-children-motorbikes","8":"first","9":"instock","10":"shipping-taxable","11":"purchasable","12":"product-type-variable"},"acf":[],"_links":{"self":[{"href":"https:\/\/www.electricstore.eu\/lt\/wp-json\/wp\/v2\/product\/24346","targetHints":{"allow":["GET"]}}],"collection":[{"href":"https:\/\/www.electricstore.eu\/lt\/wp-json\/wp\/v2\/product"}],"about":[{"href":"https:\/\/www.electricstore.eu\/lt\/wp-json\/wp\/v2\/types\/product"}],"replies":[{"embeddable":true,"href":"https:\/\/www.electricstore.eu\/lt\/wp-json\/wp\/v2\/comments?post=24346"}],"wp:featuredmedia":[{"embeddable":true,"href":"https:\/\/www.electricstore.eu\/lt\/wp-json\/wp\/v2\/media\/24347"}],"wp:attachment":[{"href":"https:\/\/www.electricstore.eu\/lt\/wp-json\/wp\/v2\/media?parent=24346"}],"wp:term":[{"taxonomy":"product_brand","embeddable":true,"href":"https:\/\/www.electricstore.eu\/lt\/wp-json\/wp\/v2\/product_brand?post=24346"},{"taxonomy":"product_cat","embeddable":true,"href":"https:\/\/www.electricstore.eu\/lt\/wp-json\/wp\/v2\/product_cat?post=24346"},{"taxonomy":"product_tag","embeddable":true,"href":"https:\/\/www.electricstore.eu\/lt\/wp-json\/wp\/v2\/product_tag?post=24346"}],"curies":[{"name":"wp","href":"https:\/\/api.w.org\/{rel}","templated":true}]}}