{"id":24338,"date":"2025-05-20T18:35:40","date_gmt":"2025-05-20T18:35:40","guid":{"rendered":"https:\/\/electricstore.eu\/p\/uncategorized\/hyper-gogo-pioneer-12-plus-with-app-electric-motorcycle-for-kids-24v-5-2ah-160w-with-12x3-tires-12km-range-smoke-speaker\/"},"modified":"2025-05-20T18:36:13","modified_gmt":"2025-05-20T18:36:13","slug":"hyper-gogo-pioneer-12-plus-with-app-electric-motorcycle-for-kids-24v-5-2ah-160w-with-12x3-tires-12km-range-smoke-speaker","status":"publish","type":"product","link":"https:\/\/www.electricstore.eu\/lt\/p\/motorbikes\/electric-children-motorbikes\/hyper-gogo-pioneer-12-plus-with-app-electric-motorcycle-for-kids-24v-5-2ah-160w-with-12x3-tires-12km-range-smoke-speaker\/","title":{"rendered":"HYPER GOGO Pioneer 12 Plus su program\u0117le elektrinis motociklas vaikams, 24 V 5,2 Ah 160 W su 12&#039;x3&#039; padangomis, 12 km atstumu, d\u016bminis, garsiakalbis"},"content":{"rendered":"<div class=\"product-specs-list-container\">\n<ul class=\"product-specs-list util-clearfix\">\n<li class=\"product-prop line-limit-length\"><span\n                                        class=\"property-title\">Modelio numeris:&nbsp;<\/span><span\n                                        class=\"property-desc line-limit-length\">Pionierius 12<\/span>\n                            <\/li>\n<li class=\"product-prop line-limit-length\"><span\n                                        class=\"property-title\">Rat\u0173 skai\u010dius:&nbsp;<\/span><span\n                                        class=\"property-desc line-limit-length\">Du<\/span>\n                            <\/li>\n<li class=\"product-prop line-limit-length\"><span\n                                        class=\"property-title\">Rekomenduojamas am\u017eius:&nbsp;<\/span><span\n                                        class=\"property-desc line-limit-length\">6\u201312 m., 14+ m.<\/span>\n                            <\/li>\n<li class=\"product-prop line-limit-length\"><span\n                                        class=\"property-title\">Savyb\u0117s:&nbsp;<\/span><span\n                                        class=\"property-desc line-limit-length\">Va\u017eiuokite toliau<\/span>\n                            <\/li>\n<li class=\"product-prop line-limit-length\"><span\n                                        class=\"property-title\">R\u0117mo med\u017eiaga:&nbsp;<\/span><span\n                                        class=\"property-desc line-limit-length\">Plienas<\/span>\n                            <\/li>\n<li class=\"product-prop line-limit-length\"><span\n                                        class=\"property-title\">Baterija:&nbsp;<\/span><span\n                                        class=\"property-desc line-limit-length\">Li\u010dio jon\u0173 21,9 V 5,2 A<\/span>\n                            <\/li>\n<li class=\"product-prop line-limit-length\"><span\n                                        class=\"property-title\">Nuolatin\u0117s srov\u0117s \u012fkroviklis:&nbsp;<\/span><span\n                                        class=\"property-desc line-limit-length\">24 V nuolatin\u0117 srov\u0117, 1,5 A<\/span>\n                            <\/li>\n<li class=\"product-prop line-limit-length\"><span\n                                        class=\"property-title\">Variklis:&nbsp;<\/span><span\n                                        class=\"property-desc line-limit-length\">24 V 160 W<\/span>\n                            <\/li>\n<li class=\"product-prop line-limit-length\"><span\n                                        class=\"property-title\">Sukimo momentas:&nbsp;<\/span><span\n                                        class=\"property-desc line-limit-length\">11 Nm<\/span>\n                            <\/li>\n<li class=\"product-prop line-limit-length\"><span\n                                        class=\"property-title\">Atsparumo vandeniui \u012fvertinimas:&nbsp;<\/span><span\n                                        class=\"property-desc line-limit-length\">IP4<\/span>\n                            <\/li>\n<li class=\"product-prop line-limit-length\"><span\n                                        class=\"property-title\">Maksimalus \u012fkaln\u0117n:&nbsp;<\/span><span\n                                        class=\"property-desc line-limit-length\">10\u00b0<\/span>\n                            <\/li>\n<li class=\"product-prop line-limit-length\"><span\n                                        class=\"property-title\">Maksimalus greitis:&nbsp;<\/span><span\n                                        class=\"property-desc line-limit-length\">16 km\/val.<\/span>\n                            <\/li>\n<li class=\"product-prop line-limit-length\"><span\n                                        class=\"property-title\">Maksimalus diapazonas:&nbsp;<\/span><span\n                                        class=\"property-desc line-limit-length\">12 km<\/span>\n                            <\/li>\n<li class=\"product-prop line-limit-length\"><span\n                                        class=\"property-title\">Grei\u010dio re\u017eimas:&nbsp;<\/span><span\n                                        class=\"property-desc line-limit-length\">3 lygiai (8 km\/h, 12 km\/h ir 16 km\/h)<\/span>\n                            <\/li>\n<li class=\"product-prop line-limit-length\"><span\n                                        class=\"property-title\">Stabdys:&nbsp;<\/span><span\n                                        class=\"property-desc line-limit-length\">Galinis stebul\u0117<\/span>\n                            <\/li>\n<li class=\"product-prop line-limit-length\"><span\n                                        class=\"property-title\">Padanga:&nbsp;<\/span><span\n                                        class=\"property-desc line-limit-length\">Pneumatin\u0117s gumin\u0117s padangos<\/span>\n                            <\/li>\n<li class=\"product-prop line-limit-length\"><span\n                                        class=\"property-title\">Padang\u0173 dydis:&nbsp;<\/span><span\n                                        class=\"property-desc line-limit-length\">12 x 3&quot;<\/span>\n                            <\/li>\n<li class=\"product-prop line-limit-length\"><span\n                                        class=\"property-title\">Padang\u0173 sl\u0117gis:&nbsp;<\/span><span\n                                        class=\"property-desc line-limit-length\">45\u201350 PSI<\/span>\n                            <\/li>\n<li class=\"product-prop line-limit-length\"><span\n                                        class=\"property-title\">Ekranas:&nbsp;<\/span><span\n                                        class=\"property-desc line-limit-length\">Taip<\/span>\n                            <\/li>\n<li class=\"product-prop line-limit-length\"><span\n                                        class=\"property-title\">Program\u0117l\u0117:&nbsp;<\/span><span\n                                        class=\"property-desc line-limit-length\">Taip<\/span>\n                            <\/li>\n<li class=\"product-prop line-limit-length\"><span\n                                        class=\"property-title\">LED lemput\u0117:&nbsp;<\/span><span\n                                        class=\"property-desc line-limit-length\">Taip<\/span>\n                            <\/li>\n<li class=\"product-prop line-limit-length\"><span\n                                        class=\"property-title\">D\u016bmai:&nbsp;<\/span><span\n                                        class=\"property-desc line-limit-length\">Taip<\/span>\n                            <\/li>\n<li class=\"product-prop line-limit-length\"><span\n                                        class=\"property-title\">\u201eBluetooth\u201c garsiakalbis:&nbsp;<\/span><span\n                                        class=\"property-desc line-limit-length\">Taip<\/span>\n                            <\/li>\n<\/ul><\/div>\n<div class=\"detailmodule_dynamic\"><kse:widget data-widget-type=\"relatedProduct\" id=\"1005000009406803\" title=\"\" type=\"relation\"><\/kse:widget><\/div>\n<div class=\"detailmodule_html\">\n<div class=\"detail-desc-decorate-richtext\">\n<p><\/p>\n<div style=\"background-color:rgb(240, 234, 255);margin:20px 0px 10px;margin-bottom:10px;margin-top:20px;margin-left:0px;margin-right:0px;width:100%;height:34px\">\n <span style=\"background-color:rgb(55, 139, 238);color:rgb(255, 255, 255);font-size:24px;font-family:Verdana, Arial\">Svarbiausi dalykai<\/span><\/p>\n<\/div>\n<div class=\"detailmodule_text\">\n<div class=\"detailmodule_html\">\n<div class=\"detail-desc-decorate-richtext\">\n<div class=\"detailmodule_text-image\">\n<div class=\"detailmodule_text-image\">\n<div class=\"detailmodule_html\">\n<div class=\"detail-desc-decorate-richtext\">\n<div class=\"detailmodule_text-image\">\n<div class=\"detailmodule_html\">\n<div class=\"detail-desc-decorate-richtext\">\n<div style=\"font-family:&quot;Open Sans&quot;, Arial, Helvetica, sans-serif, Heiti;font-size:14px;color:rgb(0, 0, 0);box-sizing:content-box\" class=\"detailmodule_html\">\n<div style=\"box-sizing:content-box\" class=\"detail-desc-decorate-richtext\">\n<div style=\"width:944px;height:auto;box-sizing:content-box\">\n<div style=\"box-sizing:content-box\">\n<div class=\"detailmodule_html\">\n<div class=\"detail-desc-decorate-richtext\">\n<div style=\"font-family:&quot;Open Sans&quot;, Arial, Helvetica, sans-serif, Heiti;font-size:14px;color:rgb(0, 0, 0);box-sizing:content-box\" class=\"detailmodule_html\">\n<div style=\"box-sizing:content-box\" class=\"detail-desc-decorate-richtext\">\n<div style=\"width:944px;height:auto;box-sizing:content-box\">\n<div style=\"box-sizing:content-box\">\n<div class=\"detailmodule_html\">\n<div class=\"detail-desc-decorate-richtext\">\n<div class=\"detailmodule_text-image\">\n<div class=\"detailmodule_text-image\">\n<div class=\"detailmodule_html\">\n<div class=\"detail-desc-decorate-richtext\">\n<div style=\"width:944px;height:auto;box-sizing:content-box\">\n<div style=\"box-sizing:content-box\">\n<div class=\"detailmodule_html\">\n<div class=\"detail-desc-decorate-richtext\">\n<div style=\"font-family:&quot;Open Sans&quot;, Arial, Helvetica, sans-serif, Heiti;font-size:14px;color:rgb(0, 0, 0);box-sizing:content-box\" class=\"detailmodule_html\">\n<div style=\"box-sizing:content-box\" class=\"detail-desc-decorate-richtext\">\n<div style=\"width:944px;height:auto;box-sizing:content-box\">\n<div style=\"box-sizing:content-box\">\n<div class=\"detailmodule_html\">\n<div class=\"detail-desc-decorate-richtext\">\n<div class=\"detailmodule_text-image\">\n<div class=\"detailmodule_text\">\n<div class=\"detailmodule_html\">\n<div class=\"detail-desc-decorate-richtext\">\n<div class=\"detailmodule_text-image\">\n<div class=\"detailmodule_text\">\n<p><span style=\"color:rgb(0, 0, 0);font-size:16px;font-family:arial, helvetica, sans-serif\">1. I\u0161maniausias vis\u0173 laik\u0173 vaiki\u0161kas motociklas;<\/span><\/p>\n<p><span style=\"color:rgb(0, 0, 0);font-size:16px;font-family:arial, helvetica, sans-serif\">2, sukurtas begalin\u0117ms pramogoms;<\/span><\/p>\n<p><span style=\"color:rgb(0, 0, 0);font-size:16px;font-family:arial, helvetica, sans-serif\">3. Statykite galvodami apie saugum\u0105;<\/span><\/p>\n<p><span style=\"color:rgb(0, 0, 0);font-size:16px;font-family:arial, helvetica, sans-serif\">4, puikus pasirinkimas vaikams;<\/span><\/p>\n<p><span style=\"color:rgb(0, 0, 0);font-size:16px;font-family:arial, helvetica, sans-serif\">5. Vienos valandos trukm\u0117s sklandus va\u017eiavimo malonumas.<\/span><\/p>\n<\/p><\/div><\/div><\/div><\/div><\/div><\/div><\/div><\/div><\/div><\/div><\/div><\/div><\/div><\/div><\/div><\/div><\/div><\/div><\/div><\/div><\/div><\/div><\/div><\/div><\/div><\/div><\/div><\/div><\/div><\/div><\/div><\/div><\/div><\/div><\/div><\/div><\/div><\/div><\/div><\/div><\/div>\n<\/div>\n<div style=\"background-color:rgb(240, 234, 255);margin:20px 0px 10px;margin-bottom:10px;margin-top:20px;margin-left:0px;margin-right:0px;width:100%;height:34px\">\n <span style=\"background-color:rgb(55, 139, 238);color:rgb(255, 255, 255);font-size:24px;font-family:Verdana, Arial\">Produkto informacija<\/span>\n<\/div>\n<p><img decoding=\"async\" src=\"https:\/\/ae01.alicdn.com\/kf\/Sf5928d1809a849bab6b5cfdc5c382d23I.jpg\" slate-data-type=\"image\" \/><img decoding=\"async\" src=\"https:\/\/ae01.alicdn.com\/kf\/S945dd8bcf8144b17bab29019b978c0e0a.jpg\" slate-data-type=\"image\" \/><img decoding=\"async\" src=\"https:\/\/ae01.alicdn.com\/kf\/Sf32a2893c8254862a1dfd8bc753d590bV.jpg\" slate-data-type=\"image\" \/><img decoding=\"async\" src=\"https:\/\/ae01.alicdn.com\/kf\/S0b4a8a57aaf04760bccec54ec38fb602u.jpg\" slate-data-type=\"image\" \/><img decoding=\"async\" src=\"https:\/\/ae01.alicdn.com\/kf\/S517cdf98f63041a6b2ba3d5719a6b04bj.jpg\" slate-data-type=\"image\" \/><img decoding=\"async\" src=\"https:\/\/ae01.alicdn.com\/kf\/Sc0976a4dd8f64676882f680e4d7b2542v.jpg\" slate-data-type=\"image\" \/><img decoding=\"async\" src=\"https:\/\/ae01.alicdn.com\/kf\/Sf2c01ee7738d4cd08d010fc67f663c9ch.jpg\" slate-data-type=\"image\" \/><img decoding=\"async\" src=\"https:\/\/ae01.alicdn.com\/kf\/S0ac7a380fc4d42cab61759ef3c31ff01B.jpg\" slate-data-type=\"image\" \/><img decoding=\"async\" src=\"https:\/\/ae01.alicdn.com\/kf\/S8d75929355f54ebc8f8f564518344fe0m.jpg\" slate-data-type=\"image\" \/><img decoding=\"async\" src=\"https:\/\/ae01.alicdn.com\/kf\/S47a31f986e274b5281fa8f1542e43ff53.jpg\" slate-data-type=\"image\" \/><img decoding=\"async\" src=\"https:\/\/ae01.alicdn.com\/kf\/S85ed103d2ad14af989b455f0a1678ae9w.jpg\" slate-data-type=\"image\" \/><\/p>\n<div style=\"background-color:rgb(240, 234, 255);margin:20px 0px 10px;margin-bottom:10px;margin-top:20px;margin-left:0px;margin-right:0px;width:100%;height:34px\">\n <span style=\"background-color:rgb(55, 139, 238);color:rgb(255, 255, 255);font-size:24px;font-family:Verdana, Arial\">Specifikacija <\/span>\n<\/div>\n<p><\/p>\n<table style=\"border-collapse:collapse;font-family:&quot;Microsoft YaHei&quot;;width:1567px\" width=\"327.02pt\" border=\"1\" cellpadding=\"0\" cellspacing=\"0\">\n<tbody>\n<tr>\n<td style=\"width:82.5pt;height:56.25pt\" class=\"et2\" width=\"110\" height=\"75\" rowspan=\"4\">\n<p><span class=\"font1\" style=\"font-size:16px;font-family:arial, helvetica, sans-serif\">Bendra<\/span><\/p>\n<\/td>\n<td style=\"width:244.5pt\" class=\"et3\" width=\"326\" rowspan=\"4\">\n<p><span style=\"font-size:16px;font-family:arial, helvetica, sans-serif\">Prek\u0117s \u017eenklas: HYPER GOGO<br \/>Tipas: Elektrinis motociklas vaikams<br \/>Modelis: Pioneer 12 Plus (su program\u0117le)<br \/>Spalva: \u017ealia<\/span><\/p>\n<\/td>\n<\/tr>\n<tr><\/tr>\n<tr><\/tr>\n<tr><\/tr>\n<tr>\n<td style=\"width:82.5pt;height:204.75pt\" class=\"et2\" width=\"110\" height=\"273\" rowspan=\"15\">\n<p><span class=\"font1\" style=\"font-size:16px;font-family:arial, helvetica, sans-serif\">Specifikacijos<\/span><\/p>\n<\/td>\n<td style=\"width:244.5pt\" class=\"et3\" width=\"326\" rowspan=\"15\">\n<p><span style=\"font-size:16px;font-family:arial, helvetica, sans-serif\">R\u0117mo med\u017eiaga: plienas<br \/>Baterija: li\u010dio jon\u0173 21,9 V 5,2 A<br \/>Nuolatin\u0117s srov\u0117s \u012fkroviklis: 24 V nuolatin\u0117 srov\u0117, 1,5 A<br \/>Variklis: 24 V 160 W<br \/>Sukimo momentas: 11 Nm<br \/>Atsparumo vandeniui \u012fvertinimas: IP4<br \/>Maksimalus \u012fkaln\u0117s pasvirimas: 10\u00b0<br \/>Maksimali apkrova: 65 kg<br \/>Maksimalus greitis: 16 km\/h<br \/>Maksimalus atstumas: 12 km<br \/>Grei\u010dio re\u017eimas: 3 lygiai (8 km\/h, 12 km\/h ir 16 km\/h)<br \/>Stabdis: galinis stebul\u0117<br \/>Padanga: pneumatin\u0117s gumin\u0117s padangos<br \/>Padang\u0173 dydis: 12 x 3&quot;<br \/>Padang\u0173 sl\u0117gis: 45\u201350 PSI<\/span><\/p>\n<\/td>\n<\/tr>\n<tr><\/tr>\n<tr><\/tr>\n<tr><\/tr>\n<tr><\/tr>\n<tr><\/tr>\n<tr><\/tr>\n<tr><\/tr>\n<tr><\/tr>\n<tr><\/tr>\n<tr><\/tr>\n<tr><\/tr>\n<tr><\/tr>\n<tr><\/tr>\n<tr><\/tr>\n<tr>\n<td style=\"width:82.5pt;height:83.25pt\" class=\"et2\" width=\"110\" height=\"111\" rowspan=\"6\">\n<p><span class=\"font1\" style=\"font-size:16px;font-family:arial, helvetica, sans-serif\">Savyb\u0117s<\/span><\/p>\n<\/td>\n<td style=\"width:244.5pt\" class=\"et3\" width=\"326\" rowspan=\"6\">\n<p><span style=\"font-size:16px;font-family:arial, helvetica, sans-serif\">Ekranas: Taip<br \/>Sparnas: Taip<br \/>Program\u0117l\u0117: Taip<br \/>LED lemput\u0117: Taip<br \/>D\u016bmai: Taip<br \/>\u201eBluetooth\u201c garsiakalbis: Taip<\/span><\/p>\n<\/td>\n<\/tr>\n<tr><\/tr>\n<tr><\/tr>\n<tr><\/tr>\n<tr><\/tr>\n<tr><\/tr>\n<tr>\n<td style=\"width:82.5pt;height:56.25pt\" class=\"et2\" width=\"110\" height=\"75\" rowspan=\"4\">\n<p><span class=\"font1\" style=\"font-size:16px;font-family:arial, helvetica, sans-serif\">Svoris ir dydis<\/span><\/p>\n<\/td>\n<td style=\"width:244.5pt\" class=\"et3\" width=\"326\" rowspan=\"4\">\n<p><span style=\"font-size:16px;font-family:arial, helvetica, sans-serif\">Produkto svoris: 15,6 kg<br \/>Pakuot\u0117s svoris: 18,8 kg<br \/>Gaminio matmenys (ilgis x plotis x auk\u0161tis): 1151 x 499 x 725 mm<br \/>Pakuot\u0117s dydis (ilgis x plotis x auk\u0161tis): 1075 x 245 x 525 mm<\/span><\/p>\n<\/td>\n<\/tr>\n<tr><\/tr>\n<tr><\/tr>\n<tr><\/tr>\n<tr>\n<td style=\"width:82.5pt;height:218.25pt\" class=\"et2\" width=\"110\" height=\"291\" rowspan=\"16\">\n<p><span class=\"font1\" style=\"font-size:16px;font-family:arial, helvetica, sans-serif\">Pakuot\u0117s turinys<\/span><\/p>\n<\/td>\n<td style=\"width:244.5pt\" class=\"et3\" width=\"326\" rowspan=\"16\">\n<p><span style=\"font-size:16px;font-family:arial, helvetica, sans-serif\">1 x pusiau surinktas vaiki\u0161kas motociklas<br \/>1 x 4 mm \u0161e\u0161iakampis raktas<br \/>1 x 6 mm \u0161e\u0161iakampis raktas<br \/>2 x 16 mm ver\u017eliarak\u010diai<br \/>1 x \u012ekroviklis<br \/>1 x Naudotojo vadovas<br \/>2 pedalai<br \/>1 x daiktad\u0117\u017e\u0117<br \/>1 x priekinis ratas<br \/>1 x Sparnas<br \/>4 x vairo spaustukai<br \/>1 x atram\u0117l\u0117<br \/>1 x A\u0161is su ver\u017el\u0117mis priekiniam ratui<br \/>4 x var\u017etai sparnui<br \/>4 x vidutinio dyd\u017eio var\u017etai vairui<br \/>2 x var\u017etai atraminei kojelei<\/span><\/p>\n<\/td>\n<\/tr>\n<tr><\/tr>\n<tr><\/tr>\n<tr><\/tr>\n<tr><\/tr>\n<tr><\/tr>\n<tr><\/tr>\n<tr><\/tr>\n<tr><\/tr>\n<tr><\/tr>\n<tr><\/tr>\n<tr><\/tr>\n<tr><\/tr>\n<tr><\/tr>\n<tr><\/tr>\n<tr><\/tr>\n<tr>\n<td style=\"width:327pt;height:29.25pt\" class=\"et3\" width=\"436\" height=\"39\" colspan=\"2\">\n<p><span class=\"font3\" style=\"font-size:16px;font-family:arial, helvetica, sans-serif\"><span class=\"font2\" style=\"font-size:16px;font-family:arial, helvetica, sans-serif\">Atkreipkite d\u0117mes\u012f, kad did\u017eiausias nuva\u017eiuojamas atstumas pasiekiamas su 60 kg apkrova, va\u017eiuojant 16 km\/h grei\u010diu lygiu keliu be stipraus v\u0117jo, esant 26 \u00b0C temperat\u016brai.<\/span><\/span><\/p>\n<\/td>\n<\/tr>\n<\/tbody>\n<\/table>\n<p><\/div>\n<\/div>","protected":false},"excerpt":{"rendered":"<p>Model Number:&nbsp;Pioneer 12 Wheel Number:&nbsp;Two Recommend Age:&nbsp;6-12Y,14+y Features:&nbsp;Ride On Frame Material:&nbsp;Steel Battery:&nbsp;Li-ion 21.9V 5.2A DC Charger:&nbsp;DC 24V 1.5A Motor:&nbsp;24V 160W Torque:&nbsp;11N.m Waterpoof Rating:&nbsp;IP4 Max Uphill:&nbsp;10\u00b0 Max Speed:&nbsp;16km\/h Max Range:&nbsp;12km Speed<\/p>","protected":false},"featured_media":24339,"comment_status":"open","ping_status":"closed","template":"","meta":{"_acf_changed":false},"product_brand":[],"product_cat":[313],"product_tag":[],"class_list":{"0":"post-24338","1":"product","2":"type-product","3":"status-publish","4":"has-post-thumbnail","6":"product_cat-electric-children-motorbikes","8":"first","9":"instock","10":"shipping-taxable","11":"purchasable","12":"product-type-variable"},"acf":[],"_links":{"self":[{"href":"https:\/\/www.electricstore.eu\/lt\/wp-json\/wp\/v2\/product\/24338","targetHints":{"allow":["GET"]}}],"collection":[{"href":"https:\/\/www.electricstore.eu\/lt\/wp-json\/wp\/v2\/product"}],"about":[{"href":"https:\/\/www.electricstore.eu\/lt\/wp-json\/wp\/v2\/types\/product"}],"replies":[{"embeddable":true,"href":"https:\/\/www.electricstore.eu\/lt\/wp-json\/wp\/v2\/comments?post=24338"}],"wp:featuredmedia":[{"embeddable":true,"href":"https:\/\/www.electricstore.eu\/lt\/wp-json\/wp\/v2\/media\/24339"}],"wp:attachment":[{"href":"https:\/\/www.electricstore.eu\/lt\/wp-json\/wp\/v2\/media?parent=24338"}],"wp:term":[{"taxonomy":"product_brand","embeddable":true,"href":"https:\/\/www.electricstore.eu\/lt\/wp-json\/wp\/v2\/product_brand?post=24338"},{"taxonomy":"product_cat","embeddable":true,"href":"https:\/\/www.electricstore.eu\/lt\/wp-json\/wp\/v2\/product_cat?post=24338"},{"taxonomy":"product_tag","embeddable":true,"href":"https:\/\/www.electricstore.eu\/lt\/wp-json\/wp\/v2\/product_tag?post=24338"}],"curies":[{"name":"wp","href":"https:\/\/api.w.org\/{rel}","templated":true}]}}