{"id":23783,"date":"2025-05-20T18:34:37","date_gmt":"2025-05-20T18:34:37","guid":{"rendered":"https:\/\/electricstore.eu\/p\/uncategorized\/csc-electric-bike-conversion-kits-36v-250w-350w-front-rear-wheel-hub-motor-48v-1000w-1500w-electric-bicycle-brushless-mtx-rim\/"},"modified":"2025-05-20T18:34:55","modified_gmt":"2025-05-20T18:34:55","slug":"csc-electric-bike-conversion-kits-36v-250w-350w-front-rear-wheel-hub-motor-48v-1000w-1500w-electric-bicycle-brushless-mtx-rim","status":"publish","type":"product","link":"https:\/\/www.electricstore.eu\/lt\/p\/p\/kits\/electric-hub-motor-kits\/csc-electric-bike-conversion-kits-36v-250w-350w-front-rear-wheel-hub-motor-48v-1000w-1500w-electric-bicycle-brushless-mtx-rim\/","title":{"rendered":"CSC elektrini\u0173 dvira\u010di\u0173 konversijos rinkiniai 36V 250W 350W priekinio galinio rato stebul\u0117s variklis 48V 1000W 1500W elektrinis dviratis be\u0161epet\u0117linis MTX ratlankis"},"content":{"rendered":"<div class=\"product-specs-list-container\">\n<ul class=\"product-specs-list util-clearfix\">\n<li class=\"product-prop line-limit-length\"><span\n                                        class=\"property-title\">Galia:&nbsp;<\/span><span\n                                        class=\"property-desc line-limit-length\">201\u2013300 W<\/span>\n                            <\/li>\n<li class=\"product-prop line-limit-length\"><span\n                                        class=\"property-title\">Dizainas:&nbsp;<\/span><span\n                                        class=\"property-desc line-limit-length\">Be\u0161epetis<\/span>\n                            <\/li>\n<li class=\"product-prop line-limit-length\"><span\n                                        class=\"property-title\">\u012etampa:&nbsp;<\/span><span\n                                        class=\"property-desc line-limit-length\">36 V<\/span>\n                            <\/li>\n<li class=\"product-prop line-limit-length\"><span\n                                        class=\"property-title\">Prek\u0117s \u017eenklas:&nbsp;<\/span><span\n                                        class=\"property-desc line-limit-length\">CSC<\/span>\n                            <\/li>\n<li class=\"product-prop line-limit-length\"><span\n                                        class=\"property-title\">Kilm\u0117:&nbsp;<\/span><span\n                                        class=\"property-desc line-limit-length\">\u017demynin\u0117 Kinija<\/span>\n                            <\/li>\n<li class=\"product-prop line-limit-length\"><span\n                                        class=\"property-title\">\u012etampa:&nbsp;<\/span><span\n                                        class=\"property-desc line-limit-length\">36 V 48 V<\/span>\n                            <\/li>\n<li class=\"product-prop line-limit-length\"><span\n                                        class=\"property-title\">galia:&nbsp;<\/span><span\n                                        class=\"property-desc line-limit-length\">250 W 350 W 500 W 750 W 1000 W 1500 W<\/span>\n                            <\/li>\n<li class=\"product-prop line-limit-length\"><span\n                                        class=\"property-title\">Kra\u0161tas:&nbsp;<\/span><span\n                                        class=\"property-desc line-limit-length\">Brushless gearless,MTX no braking surface<\/span>\n                            <\/li>\n<li class=\"product-prop line-limit-length\"><span\n                                        class=\"property-title\">Stabd\u017ei\u0173 tipas:&nbsp;<\/span><span\n                                        class=\"property-desc line-limit-length\">V formos stabd\u017eiai, suderinami su diskiniais stabd\u017eiais<\/span>\n                            <\/li>\n<li class=\"product-prop line-limit-length\"><span\n                                        class=\"property-title\">dydis:&nbsp;<\/span><span\n                                        class=\"property-desc line-limit-length\">20 coli\u0173 24 coli\u0173 26 coli\u0173 27,5 colio 28 coli\u0173 29 coli\u0173 700C<\/span>\n                            <\/li>\n<li class=\"product-prop line-limit-length\"><span\n                                        class=\"property-title\">Variklio veleno skersmuo:&nbsp;<\/span><span\n                                        class=\"property-desc line-limit-length\">36 V M12 (12 mm * 10 mm) \uff0c 48 V M14 (14 mm * 10 mm) \uff0c<\/span>\n                            <\/li>\n<li class=\"product-prop line-limit-length\"><span\n                                        class=\"property-title\">Pastaba:&nbsp;<\/span><span\n                                        class=\"property-desc line-limit-length\">Prie\u0161 u\u017esakydami patikrinkite ant padangos \u012fspaustus matmenis<\/span>\n                            <\/li>\n<li class=\"product-prop line-limit-length\"><span\n                                        class=\"property-title\">Prek\u0117s plotis:&nbsp;<\/span><span\n                                        class=\"property-desc line-limit-length\">Front 100mm Rear 135mm<\/span>\n                            <\/li>\n<li class=\"product-prop line-limit-length\"><span\n                                        class=\"property-title\">Variklio tipas:&nbsp;<\/span><span\n                                        class=\"property-desc line-limit-length\">48V 1000W 1500W Brushless gearless motor,36V 250W 350W 500W Brushless gear motor,48V 500W Brushless gear motor<\/span>\n                            <\/li>\n<li class=\"product-prop line-limit-length\"><span\n                                        class=\"property-title\">cassette:&nbsp;<\/span><span\n                                        class=\"property-desc line-limit-length\">Suitable for 7 8 9 s<\/span>\n                            <\/li>\n<li class=\"product-prop line-limit-length\"><span\n                                        class=\"property-title\">Thread freewheel:&nbsp;<\/span><span\n                                        class=\"property-desc line-limit-length\">Suitable for 7 8 9 10s<\/span>\n                            <\/li>\n<li class=\"product-prop line-limit-length\"><span\n                                        class=\"property-title\">Ekranas:&nbsp;<\/span><span\n                                        class=\"property-desc line-limit-length\">SW900<\/span>\n                            <\/li>\n<li class=\"product-prop line-limit-length\"><span\n                                        class=\"property-title\">\u012erengimo vieta:&nbsp;<\/span><span\n                                        class=\"property-desc line-limit-length\">front drive rear drive<\/span>\n                            <\/li>\n<\/ul><\/div>\n<div class=\"detailmodule_text\">\n<div class=\"detailmodule_text-image\">\n<p style=\"font-family:OpenSans;font-size:20px;font-weight:900;line-height:28px;white-space:pre-wrap;color:rgb(0, 0, 0);margin-bottom:12px\" class=\"detail-desc-decorate-title\">Pakavimo s\u0105ra\u0161as<\/p>\n<div class=\"detailmodule_text\">\n<div class=\"detailmodule_text\">\n<p style=\"font-family:OpenSans;font-size:20px;font-weight:900;line-height:28px;white-space:pre-wrap;color:rgb(0, 0, 0);margin-bottom:12px\" class=\"detail-desc-decorate-title\">Click this link to see cheaper price<\/p>\n<p style=\"font-family:OpenSans;font-size:14px;font-weight:300;line-height:20px;white-space:pre-wrap;color:rgb(0, 0, 0);margin-bottom:12px\" class=\"detail-desc-decorate-content\">https:\/\/www.aliexpress.us\/item\/3256807314782371.html<\/p>\n<\/div>\n<div><\/div>\n<div class=\"detailmodule_text\">\n<div class=\"detailmodule_text-image\">\n<p style=\"font-family:OpenSans;font-size:20px;font-weight:900;line-height:28px;white-space:pre-wrap;color:rgb(0, 0, 0);margin-bottom:12px\" class=\"detail-desc-decorate-title\">Jei pasirinksite CSC ratlanki\u0173 komplekt\u0105<\/p>\n<p style=\"font-family:OpenSans;font-size:14px;font-weight:300;line-height:20px;white-space:pre-wrap;color:rgb(0, 0, 0);margin-bottom:12px\" class=\"detail-desc-decorate-content\">Pastaba: \u012e konversijos komplekt\u0105 ne\u012feina akumuliatorius, padanga, laisvosios eigos mechanizmas ir diskiniai stabd\u017eiai. (Jei jums reikia akumuliatoriaus, padangos, laisvosios eigos mechanizmo, diskini\u0173 stabd\u017ei\u0173, susisiekite su mumis d\u0117l papildomo mokes\u010dio.)<br \/>Jei pasirinksite CSC ratlanki\u0173 komplekt\u0105<br \/>1 * Galinis variklio ratas<br \/>1 * Nuolatin\u0117s srov\u0117s valdiklis <br \/>1 * valdiklio krep\u0161ys<br \/>1 pora * Stabd\u017ei\u0173 svirtis, i\u0161jungianti elektros tiekim\u0105<br \/>1 * Display  sw900<br \/>1 * 8 magnetinio pedalo asistento jutiklis<br \/>1 komplektas * Sukamasis droselis<\/p>\n<div><img decoding=\"async\" style=\"margin-bottom:10px\" class=\"detail-desc-decorate-image\" src=\"https:\/\/ae01.alicdn.com\/kf\/Hdbacf608017340c29a9f78e464a734f2w.jpg\" slate-data-type=\"image\"\/><img decoding=\"async\" style=\"margin-bottom:10px\" class=\"detail-desc-decorate-image\" src=\"https:\/\/ae01.alicdn.com\/kf\/H8cd1dde89fb84ae78f39a6762f1b63a6E.jpg\" slate-data-type=\"image\"\/><\/div>\n<\/div>\n<div class=\"detailmodule_text\"><\/div>\n<\/div>\n<\/div>\n<p style=\"font-family:OpenSans;font-size:20px;font-weight:900;line-height:28px;white-space:pre-wrap;color:rgb(0, 0, 0);margin-bottom:12px\" class=\"detail-desc-decorate-title\">Jei pasirinksite MTX ratlanki\u0173 komplekt\u0105<\/p>\n<p style=\"font-family:OpenSans;font-size:14px;font-weight:300;line-height:20px;white-space:pre-wrap;color:rgb(0, 0, 0);margin-bottom:12px\" class=\"detail-desc-decorate-content\">Pastaba: Konversijos rinkinyje n\u0117ra akumuliatoriaus (jei jums reikia akumuliatoriaus, susisiekite su mumis d\u0117l papildomo mokes\u010dio)<br \/>1 * Galinis variklio ratas (26\/27,5\/29 coli\u0173)<br \/>1 * Padanga<br \/>1 * 7 grei\u010di\u0173 laisvoji eiga<br \/>1 * 160 mm diskini\u0173 stabd\u017ei\u0173 rotorius<br \/>1 * Nuolatin\u0117s srov\u0117s valdiklis <br \/>1 * valdiklio krep\u0161ys <br \/>1 pora * Stabd\u017ei\u0173 svirtis, i\u0161jungianti elektros tiekim\u0105 <br \/>1 * Ekranas SW900<br \/>1 * 8 magnetinio pedalo asistento jutiklis <br \/>1 komplektas * Sukamasis droselis<\/p>\n<div><img decoding=\"async\" style=\"margin-bottom:10px\" class=\"detail-desc-decorate-image\" src=\"https:\/\/ae01.alicdn.com\/kf\/Sfa683b5165914b1aa5af5bbcba4f2e73x.jpg\" slate-data-type=\"image\"\/><\/div>\n<div class=\"detailmodule_text\">\n<p style=\"font-family:OpenSans;font-size:20px;font-weight:900;line-height:28px;white-space:pre-wrap;color:rgb(0, 0, 0);margin-bottom:12px\" class=\"detail-desc-decorate-title\">Variklio ratas<\/p>\n<p style=\"font-family:OpenSans;font-size:14px;text-align:left;color:rgb(0, 0, 0);background-color:rgb(255, 255, 255);display:block;width:100%\" align=\"left\">1. Pilnas greitis: 36 V 250\/350\/500 W, apie 20\u201335 km\/val.<br \/>48 V 500 W, apie 45\u201350 km\/val.,<br \/>48 V 1000 W, apie 45\u201355 km\/val. <br \/>48 V 1500 W, apie 50\u201360 km\/val., <br \/> (skirtingas rat\u0173 dydis, kelio ir oro s\u0105lygos bei motociklininko svoris lems skirting\u0105 greit\u012f)<br \/>2. Stebul\u0117s variklis:<br \/>Be\u0161epetis pavar\u0173 stebulinis variklis, skirtas 36 V 250 W 350 W 500 W, 48 V 500 W 750 W<br \/>Be\u0161epetis ne krumpliaratis stebulinis variklis 48 V 1000 W 1500 W<br \/>3. Ratlankis: Dvigubos sienel\u0117s aliuminio lydinio ratlankis<br \/>CSC ratlankis, vidinis plotis 25 mm<br \/>24 26 27,5 colio yra SUN \u017eiedinis MTX39, vidinis plotis 30 mm<br \/>28 29 coli\u0173 700C yra SUN \u017eiedinis MTX33, vidinis plotis 26 mm<br \/>4. Apatinis rato laikiklis: galinis 135\u2013142 mm<br \/>5. Torque:35NM for 36v 250W 350W <br \/>40NM for 36V 500W 48V 500W ,<br \/>55NM for 1000W<br \/>60NM for 1500W<br \/>6. Aps.\/min.: 320, kai galia 36 V, 250 W ir 350 W<br \/>350 u\u017e 36 V 500 W<br \/>425 for 48V 500W<br \/>470, skirtas 48 V 1000 W \u012ftampai<br \/>540, skirtas 48 V 1500 W \u012ftampai<\/p>\n<\/div>\n<div class=\"detailmodule_image\"><img decoding=\"async\" style=\"margin-bottom:10px\" class=\"detail-desc-decorate-image\" src=\"https:\/\/ae01.alicdn.com\/kf\/Scec51cb8605b4269a9edcc3f08fec236W.jpg\" slate-data-type=\"image\"\/><img decoding=\"async\" class=\"detail-desc-decorate-image\" src=\"https:\/\/ae01.alicdn.com\/kf\/H406141f49450451f823fc314a1c6ea900.jpg\" slate-data-type=\"image\"\/><img decoding=\"async\" style=\"margin-bottom:10px\" class=\"detail-desc-decorate-image\" src=\"https:\/\/ae01.alicdn.com\/kf\/S9dc1cb71554746f39dc1078dea02b7bff.jpg\" slate-data-type=\"image\"\/><\/div>\n<div class=\"detailmodule_text-image\">\n<p style=\"font-family:OpenSans;font-size:20px;font-weight:900;line-height:28px;white-space:pre-wrap;color:rgb(0, 0, 0);margin-bottom:12px\" class=\"detail-desc-decorate-title\">Example<\/p>\n<p style=\"font-family:OpenSans;font-size:14px;font-weight:300;line-height:20px;white-space:pre-wrap;color:rgb(0, 0, 0);margin-bottom:12px\" class=\"detail-desc-decorate-content\">The tire is on the outer tire :The label reads 26*1.95, It can be judged that the tire is 26 inches<\/p>\n<div><img decoding=\"async\" class=\"detail-desc-decorate-image\" src=\"https:\/\/ae01.alicdn.com\/kf\/S329342d262ff432487b0c06924dbcefdm.jpg\" slate-data-type=\"image\"\/><\/div>\n<\/div>\n<div class=\"detailmodule_text-image\">\n<p style=\"font-family:OpenSans;font-size:20px;font-weight:900;line-height:28px;white-space:pre-wrap;color:rgb(0, 0, 0);margin-bottom:12px\" class=\"detail-desc-decorate-title\">36 V 250 W 350 W 500 W 48 V 500 W 750 W variklis CSC ratlankis<\/p>\n<div><img decoding=\"async\" style=\"margin-bottom:10px\" class=\"detail-desc-decorate-image\" src=\"https:\/\/ae01.alicdn.com\/kf\/Sbd67bf3f0ce94090bc03d04f2f4191ebt.jpg\" slate-data-type=\"image\"\/><\/div>\n<\/div>\n<div class=\"detailmodule_text-image\">\n<p style=\"font-family:OpenSans;font-size:20px;font-weight:900;line-height:28px;white-space:pre-wrap;color:rgb(0, 0, 0);margin-bottom:12px\" class=\"detail-desc-decorate-title\">48 V 1000 W 1500 W variklis CSC ratlankis<\/p>\n<div><img decoding=\"async\" style=\"margin-bottom:10px\" class=\"detail-desc-decorate-image\" src=\"https:\/\/ae01.alicdn.com\/kf\/Sb55248b7c98c486dbd5ad1b20a5f42bf0.jpg\" slate-data-type=\"image\"\/><\/div>\n<\/div>\n<div class=\"detailmodule_text-image\">\n<p style=\"font-family:OpenSans;font-size:20px;font-weight:900;line-height:28px;white-space:pre-wrap;color:rgb(0, 0, 0);margin-bottom:12px\" class=\"detail-desc-decorate-title\">48 V variklio MTX ratlankis<\/p>\n<div><img decoding=\"async\" style=\"margin-bottom:10px\" class=\"detail-desc-decorate-image\" src=\"https:\/\/ae01.alicdn.com\/kf\/Saa641b9b9a1d4b1e89b7265133006f2ad.jpg\" slate-data-type=\"image\"\/><\/div>\n<\/div>\n<div class=\"detailmodule_text-image\">\n<p style=\"font-family:OpenSans;font-size:20px;font-weight:900;line-height:28px;white-space:pre-wrap;color:rgb(0, 0, 0);margin-bottom:12px\" class=\"detail-desc-decorate-title\">Ekranas<\/p>\n<\/div>\n<\/div>\n<div class=\"detailmodule_text-image\">\n<div class=\"detailmodule_text-image\">\n<p style=\"font-family:OpenSans;font-size:14px;font-weight:300;line-height:20px;white-space:pre-wrap;color:rgb(0, 0, 0);margin-bottom:12px\" class=\"detail-desc-decorate-content\">SW900 ekranas Produkto savyb\u0117s<br \/>Ekrano funkcija:<br \/>Grei\u010dio rodymas, pavar\u0173 su stiprintuvu rodymas, galios indikatorius, gedim\u0173 prane\u0161imas, bendros ridos, vienos ridos, priekini\u0173 \u017eibint\u0173 ir vienos vairavimo trukm\u0117s rodymas.<br \/>(2) Valdymo \/ nustatymo funkcija:<br \/>Maitinimo jungiklio valdymas, priekini\u0173 \u017eibint\u0173 jungiklio valdymas, 6 km\/h grei\u010dio reguliavimas, rato skersmens nustatymas, grei\u010dio ribojimo nustatymas, skaitiklio miego re\u017eimo nustatymas, foninio ap\u0161vietimo ry\u0161kumo nustatymas, \u012ftampos nustatymas.<\/p>\n<div><img decoding=\"async\" class=\"detail-desc-decorate-image\" src=\"https:\/\/ae01.alicdn.com\/kf\/S34ecb7a4b12f455799970fa80afdd84dc.jpg\" slate-data-type=\"image\"\/><\/div>\n<\/div>\n<div class=\"detailmodule_text\">\n<div class=\"detailmodule_text-image\">\n<div class=\"detailmodule_text\">\n<div><\/div>\n<div class=\"detailmodule_text\">\n<div class=\"detailmodule_text-image\">\n<div class=\"detailmodule_text\">\n<div class=\"detailmodule_text-image\">\n<div class=\"detailmodule_text\">\n<p style=\"font-family:OpenSans;font-size:20px;font-weight:900;line-height:28px;white-space:pre-wrap;color:rgb(0, 0, 0);margin-bottom:12px\" class=\"detail-desc-decorate-title\">Valdiklis<\/p>\n<\/div>\n<\/div>\n<\/div>\n<\/div>\n<\/div>\n<div class=\"detailmodule_text\">\n<p style=\"font-family:OpenSans;font-size:14px;text-align:left;color:rgb(0, 0, 0);background-color:rgb(255, 255, 255);display:block;width:100%\" align=\"left\">CSC 6 MOSFET valdiklis<br \/>Tinka: 36 V 250 W \/ 350 W \/ 500 W variklio ratui \uff0c SW900 ekranas<br \/>Nominali srov\u0117: 15A, maksimali srov\u0117: 30\u00b11A<br \/>Size: 130*72*40mm<\/p>\n<p>CSC 12 MOSFET valdiklis <br \/>Tinka: 48 V 1000 W variklio ratui, SW900 ekranui<br \/>Nominali srov\u0117: 22A, maksimali srov\u0117: 44\u00b11A<br \/>Size: 172*83*42mm<\/p>\n<p>CSC 15 MOSFET valdiklis <br \/>Tinka: 48 V 1500 W variklio ratui, SW900 ekranui<br \/>Nominali srov\u0117: 35A, maksimali srov\u0117: 70\u00b11A<br \/>Size: 210*83*42mm<\/p>\n<\/div>\n<div class=\"detailmodule_image\"><img decoding=\"async\" class=\"detail-desc-decorate-image\" src=\"https:\/\/ae01.alicdn.com\/kf\/H91b578cda72b4fe3bcd7881269329105N.jpg\" slate-data-type=\"image\"\/><\/div>\n<\/div>\n<\/div>\n<\/div>\n<div class=\"detailmodule_image\"><img decoding=\"async\" style=\"margin-bottom:10px\" class=\"detail-desc-decorate-image\" src=\"https:\/\/ae01.alicdn.com\/kf\/S46b887ddb2f24fea9531c87c8a7abd9a2.jpg\" slate-data-type=\"image\"\/><\/div>\n<div class=\"detailmodule_text\"><\/div>\n<div class=\"detailmodule_text\">\n<div class=\"detailmodule_text-image\">\n<div class=\"detailmodule_text\">\n<p style=\"font-family:OpenSans;font-size:20px;font-weight:900;line-height:28px;white-space:pre-wrap;color:rgb(0, 0, 0);margin-bottom:12px\" class=\"detail-desc-decorate-title\">Valdiklio krep\u0161ys<img decoding=\"async\" style=\"margin-bottom:10px\" class=\"detail-desc-decorate-image\" src=\"https:\/\/ae01.alicdn.com\/kf\/S3501bec3055a4229a384431f5cb8b6a2y.jpg\" slate-data-type=\"image\"\/><\/p>\n<div class=\"detailmodule_text\">\n<div class=\"detailmodule_text-image\">\n<div class=\"detailmodule_text\">\n<p style=\"font-family:OpenSans;font-size:20px;font-weight:900;line-height:28px;white-space:pre-wrap;color:rgb(0, 0, 0);margin-bottom:12px\" class=\"detail-desc-decorate-title\">PAS<\/p>\n<p style=\"font-family:OpenSans;font-size:14px;font-weight:300;line-height:20px;white-space:pre-wrap;color:rgb(0, 0, 0);margin-bottom:12px\" class=\"detail-desc-decorate-content\">KT BZ-4(8) magnetas<\/p>\n<\/div>\n<\/div>\n<\/div>\n<\/div>\n<\/div>\n<\/div>\n<div class=\"detailmodule_text\">\n<p><img decoding=\"async\" style=\"font-family:&quot;Open Sans&quot;, sans-serif;font-size:0px;font-weight:400;letter-spacing:normal;text-align:start;white-space:pre-wrap;color:rgba(0, 0, 0, 0.65);background-color:rgb(245, 242, 240);border:0px;display:flex;max-height:100%;max-width:100%;width:800px;height:800px;box-sizing:border-box\" width=\"800px\" height=\"800px\" src=\"https:\/\/ae01.alicdn.com\/kf\/S46b887ddb2f24fea9531c87c8a7abd9a2.jpg\" slate-data-type=\"image\"\/><\/p>\n<div class=\"detailmodule_text\">\n<p style=\"font-family:OpenSans;font-size:20px;font-weight:900;line-height:28px;white-space:pre-wrap;color:rgb(0, 0, 0);margin-bottom:12px\" class=\"detail-desc-decorate-title\">Droselis<\/p>\n<\/div>\n<div class=\"detailmodule_text\">\n<p style=\"font-family:OpenSans;font-size:14px;font-weight:300;line-height:20px;white-space:pre-wrap;color:rgb(0, 0, 0);margin-bottom:12px\" class=\"detail-desc-decorate-content\">Sukamoji droselio sklend\u0117<\/p>\n<p style=\"font-family:OpenSans;font-size:14px;font-weight:300;line-height:20px;white-space:pre-wrap;color:rgb(0, 0, 0);margin-bottom:12px\" class=\"detail-desc-decorate-content\"><img decoding=\"async\" src=\"https:\/\/ae01.alicdn.com\/kf\/S50b818b01eb443d4b6c01c6b938443b2A.jpg\" slate-data-type=\"image\"\/><\/p>\n<div class=\"detailmodule_text\">\n<p style=\"font-family:OpenSans;font-size:20px;font-weight:900;line-height:28px;white-space:pre-wrap;color:rgb(0, 0, 0);margin-bottom:12px\" class=\"detail-desc-decorate-title\">Stabd\u017ei\u0173 i\u0161jungimo svirtis<\/p>\n<p style=\"font-family:OpenSans;font-size:14px;font-weight:300;line-height:20px;white-space:pre-wrap;color:rgb(0, 0, 0);margin-bottom:12px\" class=\"detail-desc-decorate-content\"><img decoding=\"async\" src=\"https:\/\/ae01.alicdn.com\/kf\/Sc3652ed9614d4829926faba6bbece9efP.jpg\" slate-data-type=\"image\"\/><img decoding=\"async\" src=\"https:\/\/ae01.alicdn.com\/kf\/Sa1e50680bf604c5382b65badcf675bd4U.jpg\" slate-data-type=\"image\"\/><img decoding=\"async\" src=\"https:\/\/ae01.alicdn.com\/kf\/S49f4cd5abd0c4cd69195bc13ad624774e.jpg\" slate-data-type=\"image\"\/><\/p>\n<\/div>\n<\/div>\n<\/div>\n<\/div>\n<\/div>\n<p><\/p>","protected":false},"excerpt":{"rendered":"<p>Wattage:&nbsp;201 &#8211; 300w Design:&nbsp;Brushless Voltage:&nbsp;36V Brand Name:&nbsp;CSC Origin:&nbsp;Mainland China Voltage:&nbsp;36V 48V power:&nbsp;250W 350W 500W 750W 1000W 1500W Rim:&nbsp;Brushless gearless,MTX no braking surface Brake Type:&nbsp;v-brake, disc brake compatible size:&nbsp;20 inch 24<\/p>","protected":false},"featured_media":23784,"comment_status":"open","ping_status":"closed","template":"","meta":{"_acf_changed":false},"product_brand":[],"product_cat":[528],"product_tag":[],"class_list":{"0":"post-23783","1":"product","2":"type-product","3":"status-publish","4":"has-post-thumbnail","6":"product_cat-electric-hub-motor-kits","8":"first","9":"instock","10":"shipping-taxable","11":"purchasable","12":"product-type-variable"},"acf":[],"_links":{"self":[{"href":"https:\/\/www.electricstore.eu\/lt\/wp-json\/wp\/v2\/product\/23783","targetHints":{"allow":["GET"]}}],"collection":[{"href":"https:\/\/www.electricstore.eu\/lt\/wp-json\/wp\/v2\/product"}],"about":[{"href":"https:\/\/www.electricstore.eu\/lt\/wp-json\/wp\/v2\/types\/product"}],"replies":[{"embeddable":true,"href":"https:\/\/www.electricstore.eu\/lt\/wp-json\/wp\/v2\/comments?post=23783"}],"wp:featuredmedia":[{"embeddable":true,"href":"https:\/\/www.electricstore.eu\/lt\/wp-json\/wp\/v2\/media\/23784"}],"wp:attachment":[{"href":"https:\/\/www.electricstore.eu\/lt\/wp-json\/wp\/v2\/media?parent=23783"}],"wp:term":[{"taxonomy":"product_brand","embeddable":true,"href":"https:\/\/www.electricstore.eu\/lt\/wp-json\/wp\/v2\/product_brand?post=23783"},{"taxonomy":"product_cat","embeddable":true,"href":"https:\/\/www.electricstore.eu\/lt\/wp-json\/wp\/v2\/product_cat?post=23783"},{"taxonomy":"product_tag","embeddable":true,"href":"https:\/\/www.electricstore.eu\/lt\/wp-json\/wp\/v2\/product_tag?post=23783"}],"curies":[{"name":"wp","href":"https:\/\/api.w.org\/{rel}","templated":true}]}}