{"id":22359,"date":"2025-05-20T18:29:06","date_gmt":"2025-05-20T18:29:06","guid":{"rendered":"https:\/\/electricstore.eu\/p\/uncategorized\/csc-electric-bicycle-conversion-kit-and-battery-48v-1000w-e-bike-front-rear-36v-250w-350w-500w-kit-electric-bike-mtx-wheel-motor\/"},"modified":"2025-05-20T18:29:23","modified_gmt":"2025-05-20T18:29:23","slug":"csc-electric-bicycle-conversion-kit-and-battery-48v-1000w-e-bike-front-rear-36v-250w-350w-500w-kit-electric-bike-mtx-wheel-motor","status":"publish","type":"product","link":"https:\/\/www.electricstore.eu\/lt\/p\/p\/kits\/electric-hub-motor-kits\/csc-electric-bicycle-conversion-kit-and-battery-48v-1000w-e-bike-front-rear-36v-250w-350w-500w-kit-electric-bike-mtx-wheel-motor\/","title":{"rendered":"CSC elektrinio dvira\u010dio konversijos rinkinys ir akumuliatorius 48V 1000W el. dviratis Priekinis galinis 36V 250W 350W 500W elektrinio dvira\u010dio rinkinys MTX rato variklis"},"content":{"rendered":"<div class=\"product-specs-list-container\">\n<ul class=\"product-specs-list util-clearfix\">\n<li class=\"product-prop line-limit-length\"><span\n                                        class=\"property-title\">Dizainas:&nbsp;<\/span><span\n                                        class=\"property-desc line-limit-length\">Be\u0161epetis<\/span>\n                            <\/li>\n<li class=\"product-prop line-limit-length\"><span\n                                        class=\"property-title\">\u012etampa:&nbsp;<\/span><span\n                                        class=\"property-desc line-limit-length\">48 V<\/span>\n                            <\/li>\n<li class=\"product-prop line-limit-length\"><span\n                                        class=\"property-title\">Kilm\u0117:&nbsp;<\/span><span\n                                        class=\"property-desc line-limit-length\">\u017demynin\u0117 Kinija<\/span>\n                            <\/li>\n<li class=\"product-prop line-limit-length\"><span\n                                        class=\"property-title\">Variklis:&nbsp;<\/span><span\n                                        class=\"property-desc line-limit-length\">Be\u0161epetis ne pavar\u0173 stebulinis variklis<\/span>\n                            <\/li>\n<li class=\"product-prop line-limit-length\"><span\n                                        class=\"property-title\">\u012etampa:&nbsp;<\/span><span\n                                        class=\"property-desc line-limit-length\">36 V<\/span>\n                            <\/li>\n<li class=\"product-prop line-limit-length\"><span\n                                        class=\"property-title\">Galia:&nbsp;<\/span><span\n                                        class=\"property-desc line-limit-length\">301\u2013400 W, 201\u2013300 W<\/span>\n                            <\/li>\n<li class=\"product-prop line-limit-length\"><span\n                                        class=\"property-title\">Variklio tipas:&nbsp;<\/span><span\n                                        class=\"property-desc line-limit-length\">Be\u0161epetis pavar\u0173 stebul\u0117s variklis<\/span>\n                            <\/li>\n<li class=\"product-prop line-limit-length\"><span\n                                        class=\"property-title\">Kra\u0161tas:&nbsp;<\/span><span\n                                        class=\"property-desc line-limit-length\">CSC su stabdymo pavir\u0161iumi, MTX be stabdymo pavir\u0161iaus<\/span>\n                            <\/li>\n<li class=\"product-prop line-limit-length\"><span\n                                        class=\"property-title\">Baterija:&nbsp;<\/span><span\n                                        class=\"property-desc line-limit-length\">36 V 10,5 Ah 48 V 13 Ah<\/span>\n                            <\/li>\n<\/ul><\/div>\n<div class=\"detailmodule_text\">\n<p style=\"font-family:OpenSans;font-size:20px;font-weight:900;line-height:28px;white-space:pre-wrap;color:rgb(0, 0, 0);margin-bottom:12px\" class=\"detail-desc-decorate-title\">Pakavimo s\u0105ra\u0161as<\/p>\n<\/div>\n<div class=\"detailmodule_text-image\">\n<p style=\"font-family:OpenSans;font-size:20px;font-weight:900;line-height:28px;white-space:pre-wrap;color:rgb(0, 0, 0);margin-bottom:12px\" class=\"detail-desc-decorate-title\">Jei pasirinksite CSC ratlanki\u0173 komplekt\u0105<\/p>\n<p style=\"font-family:OpenSans;font-size:14px;font-weight:300;line-height:20px;white-space:pre-wrap;color:rgb(0, 0, 0);margin-bottom:12px\" class=\"detail-desc-decorate-content\">Pastaba: \u012e konversijos komplekt\u0105 ne\u012feina padanga, laisvoji eiga ir diskiniai stabd\u017eiai. (Jei jums reikia akumuliatoriaus, padangos, laisvosios eigos ir diskini\u0173 stabd\u017ei\u0173, susisiekite su mumis d\u0117l papildomo mokes\u010dio.)<br \/>Jei pasirinksite CSC ratlanki\u0173 komplekt\u0105<br \/>1 * baterija ir \u012fkroviklis (jei pasirinksite \u201eBe baterijos\u201c, baterija ir \u012fkroviklis nepridedami)<br \/>1 * Galinis variklio ratas<br \/>1 * Nuolatin\u0117s srov\u0117s valdiklis <br \/>1 * valdiklio krep\u0161ys<br \/>1 pora * Stabd\u017ei\u0173 svirtis, i\u0161jungianti elektros tiekim\u0105<br \/>1 * Ekranas LCD3 arba sw900<br \/>1 * 8 magnetinio pedalo asistento jutiklis<br \/>1 komplektas * Droselis (LCD3 ekrane naudojamas pus\u0117s pasukimo droselis. SW900 ekrane naudojamas pasukimo droselis)<\/p>\n<div><img decoding=\"async\" class=\"detail-desc-decorate-image\" src=\"https:\/\/ae01.alicdn.com\/kf\/Sefb025d9e71349bb85aeebe750b447bfL.jpg\" slate-data-type=\"image\"\/><\/div>\n<\/div>\n<div class=\"detailmodule_text-image\">\n<p style=\"font-family:OpenSans;font-size:20px;font-weight:900;line-height:28px;white-space:pre-wrap;color:rgb(0, 0, 0);margin-bottom:12px\" class=\"detail-desc-decorate-title\">Jei pasirinksite MTX ratlanki\u0173 komplekt\u0105<\/p>\n<p style=\"font-family:OpenSans;font-size:14px;font-weight:300;line-height:20px;white-space:pre-wrap;color:rgb(0, 0, 0);margin-bottom:12px\" class=\"detail-desc-decorate-content\">Pastaba: Konversijos rinkinyje n\u0117ra akumuliatoriaus (jei jums reikia akumuliatoriaus, susisiekite su mumis d\u0117l papildomo mokes\u010dio)<br \/>Jei pasirinksite MTX ratlanki\u0173 komplekt\u0105<br \/>1 * baterija ir \u012fkroviklis (jei pasirinksite \u201eBe baterijos\u201c, baterija ir \u012fkroviklis nepridedami)<br \/>1 * Galinis variklio ratas (26\/27,5\/29 coli\u0173)<br \/>1 * Padanga<br \/>1 * 7 grei\u010di\u0173 laisvoji eiga<br \/>1 * 160 mm diskini\u0173 stabd\u017ei\u0173 rotorius<br \/>1 * Nuolatin\u0117s srov\u0117s valdiklis <br \/>1 * valdiklio krep\u0161ys <br \/>1 pora * \u201eWuxing\u201c maitinimo i\u0161jungimo stabd\u017ei\u0173 svirtis <br \/>1 * LCD3 ekranas<br \/>1 * 8 magnetinio pedalo asistento jutiklis <br \/>1 komplektas * Pusiau pasukamas droselis<\/p>\n<div><img decoding=\"async\" class=\"detail-desc-decorate-image\" src=\"https:\/\/ae01.alicdn.com\/kf\/S0e957ecca6d347f6a7bfb999611fe08fI.jpg\" slate-data-type=\"image\"\/><\/div>\n<\/div>\n<div class=\"detailmodule_text\">\n<p style=\"font-family:OpenSans;font-size:20px;font-weight:900;line-height:28px;white-space:pre-wrap;color:rgb(0, 0, 0);margin-bottom:12px\" class=\"detail-desc-decorate-title\">Variklio ratas<\/p>\n<p style=\"font-family:OpenSans;font-size:14px;text-align:left;color:rgb(0, 0, 0);background-color:rgb(255, 255, 255);display:block;width:100%\" align=\"left\">1. Pilnas greitis: 36 V 250\/350\/500 W, apie 20\u201335 km\/val.<br \/>48 V 1000 W, apie 45\u201355 km\/val. <br \/>48 V 1500 W, apie 50\u201360 km\/val., <br \/> (skirtingas rat\u0173 dydis, kelio ir oro s\u0105lygos bei motociklininko svoris lems skirting\u0105 greit\u012f)<br \/>2. Stebul\u0117s variklis: be\u0161epetis pavar\u0173 stebul\u0117s variklis, skirtas 36 V <br \/>Be\u0161epetis ne pavar\u0173 stebulinis variklis 48 V <br \/>3. Ratlankis: Dvigubos sienel\u0117s aliuminio lydinio ratlankis<br \/>CSC ratlankis, vidinis plotis 25 mm<br \/>24 26 27,5 colio yra SUN \u017eiedinis MTX39, vidinis plotis 30 mm<br \/>28 29 coli\u0173 700C yra SUN \u017eiedinis MTX33, vidinis plotis 26 mm<br \/>4. Apatinis rato laikiklis: galinis 135\u2013142 mm<br \/>5. Sukimo momentas: 25\u201335 Nm, kai \u012ftampa 36 V, 250 W, 350 W, 500 W<br \/>30\u201340 NM, jei galia 500 W, o galia \u2013 1000 W<br \/>35\u201345 Nm, kai galia 1500 W<br \/>6. Aps.\/min.: 320, kai galia 36 V, 250 W ir 350 W<br \/>350 u\u017e 36 V 500 W<br \/>470, skirtas 48 V 500 W 1000 W<br \/>540, skirtas 48 V 1500 W \u012ftampai<br \/>7. Variklis tinka sriegio laisvosios eigos pavarai, netinka kasetei. Jei jums reikia variklio, tinkamo kasetei, susisiekite su mumis.<\/p>\n<\/div>\n<div class=\"detailmodule_image\"><img decoding=\"async\" class=\"detail-desc-decorate-image\" src=\"https:\/\/ae01.alicdn.com\/kf\/H7bc9f84c75704df78fd5fb271f27f1d3c.jpg\" slate-data-type=\"image\"\/><img decoding=\"async\" class=\"detail-desc-decorate-image\" src=\"https:\/\/ae01.alicdn.com\/kf\/H406141f49450451f823fc314a1c6ea900.jpg\" slate-data-type=\"image\"\/><img decoding=\"async\" style=\"margin-bottom:10px\" class=\"detail-desc-decorate-image\" src=\"https:\/\/ae01.alicdn.com\/kf\/S9dc1cb71554746f39dc1078dea02b7bff.jpg\" slate-data-type=\"image\"\/><\/div>\n<div class=\"detailmodule_text-image\">\n<p style=\"font-family:OpenSans;font-size:20px;font-weight:900;line-height:28px;white-space:pre-wrap;color:rgb(0, 0, 0);margin-bottom:12px\" class=\"detail-desc-decorate-title\">36 V variklio CSC ratlankis<\/p>\n<div><img decoding=\"async\" class=\"detail-desc-decorate-image\" src=\"https:\/\/ae01.alicdn.com\/kf\/Se24a17f6db1c44efbbb506229f89fbcfy.jpg\" slate-data-type=\"image\"\/><\/div>\n<\/div>\n<div class=\"detailmodule_text-image\">\n<p style=\"font-family:OpenSans;font-size:20px;font-weight:900;line-height:28px;white-space:pre-wrap;color:rgb(0, 0, 0);margin-bottom:12px\" class=\"detail-desc-decorate-title\">48 V variklio CSC ratlankis<\/p>\n<div><img decoding=\"async\" class=\"detail-desc-decorate-image\" src=\"https:\/\/ae01.alicdn.com\/kf\/Scc8374a4a44c4937967b2b8a72f3f173S.jpg\" slate-data-type=\"image\"\/><\/div>\n<\/div>\n<div class=\"detailmodule_text-image\">\n<p style=\"font-family:OpenSans;font-size:20px;font-weight:900;line-height:28px;white-space:pre-wrap;color:rgb(0, 0, 0);margin-bottom:12px\" class=\"detail-desc-decorate-title\">48 V variklio MTX ratlankis<\/p>\n<div><img decoding=\"async\" style=\"margin-bottom:10px\" class=\"detail-desc-decorate-image\" src=\"https:\/\/ae01.alicdn.com\/kf\/Saa641b9b9a1d4b1e89b7265133006f2ad.jpg\" slate-data-type=\"image\"\/><\/div>\n<\/div>\n<div class=\"detailmodule_text-image\">\n<p style=\"font-family:OpenSans;font-size:20px;font-weight:900;line-height:28px;white-space:pre-wrap;color:rgb(0, 0, 0);margin-bottom:12px\" class=\"detail-desc-decorate-title\">Baterija<\/p>\n<p style=\"font-family:OpenSans;font-size:14px;font-weight:300;line-height:20px;white-space:pre-wrap;color:rgb(0, 0, 0);margin-bottom:12px\" class=\"detail-desc-decorate-content\">(Jei pasirinksite \u201eBe akumuliatoriaus\u201c, akumuliatoriaus ir \u012fkroviklio nebus.)<br \/>36 V 10,4 Ah akumuliatorius<br \/>Valdiklio jungtis: XT60<br \/>Nominali \u012ftampa: 36 V<br \/>Nominali talpa: 10,4 Ah<br \/>Sud\u0117tinis tipas: 10 serijos 4 lygiagret\u0117s 10S4P<br \/>Elementai: Galingi 18650 3,7 V 2600 mAh 5C elementai<br \/>BMS: 20 amper\u0173 nuolatin\u0117 srov\u0117, daugiausia 400 \u00b1 10 amper\u0173<br \/>Tinkamo variklio galia: 36 V 250 W 350 W 500 W<br \/>\u012ekrovimo srov\u0117: 2A<br \/>\u012ekrovimo i\u0161jungimo \u012ftampa: 42 V<br \/>I\u0161krovimo ribin\u0117 \u012ftampa: 30 V<br \/>I\u0161leidimo temperat\u016bra: nuo -20 iki 65 \u00b0C<br \/>\u012ekrovimo temperat\u016bra: nuo 0 iki 45 \u00b0C<br \/>Matmenys: 70 * 80 * 205 mm<br \/>Baterijos svoris: 2,9 kg<br \/>Ciklo trukm\u0117: \u226580% talpa po 800 cikl\u0173.<\/p>\n<p>48 V 13 Ah akumuliatorius<br \/>Valdiklio jungtis: XT60<br \/>Nominali \u012ftampa: 48 V<br \/>Nominali talpa: 13 Ah<br \/>Sud\u0117tinis tipas: 13 serijos 5 lygiagret\u0117s 13S5P<br \/>Elementai: Galingi 18650 3,7 V 2600 mAh 5C elementai<br \/>BMS: 30 amper\u0173 nuolatin\u0117 srov\u0117, daugiausia 60 \u00b1 10 amper\u0173<br \/>Tinkamo variklio galia: 48 V, 500 W, 750 W, 1000 W<br \/>\u012ekrovimo srov\u0117: 2A<br \/>\u012ekrovimo i\u0161jungimo \u012ftampa: 54,6 V<br \/>I\u0161krovimo ribin\u0117 \u012ftampa: 39 V<br \/>I\u0161leidimo temperat\u016bra: nuo -20 iki 65 \u00b0C<br \/>\u012ekrovimo temperat\u016bra: nuo 0 iki 45 \u00b0C<br \/>Matmenys: 70 * 95 * 270 mm<br \/>Baterijos svoris: 4,4 kg<br \/>Ciklo trukm\u0117: \u226580% talpa po 800 cikl\u0173.<\/p>\n<div><img decoding=\"async\" class=\"detail-desc-decorate-image\" src=\"https:\/\/ae01.alicdn.com\/kf\/S156535ee2ba34c2ea5b93e12514a81e3c.jpg\" slate-data-type=\"image\"\/><\/div>\n<\/div>\n<div class=\"detailmodule_text-image\">\n<p style=\"font-family:OpenSans;font-size:20px;font-weight:900;line-height:28px;white-space:pre-wrap;color:rgb(0, 0, 0);margin-bottom:12px\" class=\"detail-desc-decorate-title\">Ekranas<\/p>\n<p style=\"font-family:OpenSans;font-size:14px;font-weight:300;line-height:20px;white-space:pre-wrap;color:rgb(0, 0, 0);margin-bottom:12px\" class=\"detail-desc-decorate-content\">LCD3 ekranas Produkto savyb\u0117s<br \/>Ekrano funkcija:<br \/>rodo va\u017eiavimo greit\u012f, vieno kilometro ir bendr\u0105 kilometra\u017e\u0105, va\u017eiavimo laik\u0105, pagalbin\u0117s pavaros pavar\u0105, variklio gali\u0105 ir temperat\u016br\u0105, akumuliatoriaus \u012ftamp\u0105 ir \u012fkrovimo b\u016bsen\u0105, stabd\u017ei\u0173 b\u016bsen\u0105, naudojam\u0105 aplinkos temperat\u016br\u0105 ir kitus va\u017eiavimo dvira\u010diu parametrus;<br \/>Valdymo \/ nustatymo funkcija:<br \/>Su stabd\u017ei\u0173 regeneracijos apsauga nuo \u012fkrovimo, duomen\u0173 ekranu, i\u0161mani\u0105ja galia, sustojim\u0173 nustatymu, parametr\u0173 nustatymu, duomen\u0173 per\u017ei\u016bra, transporto priemon\u0117s pagreitinimu, pastoviu ir pastoviu grei\u010diu, vairavimu nakt\u012f, slapta\u017eod\u017eio nustatymu, automatiniu raginimu.<\/p>\n<div><img decoding=\"async\" class=\"detail-desc-decorate-image\" src=\"https:\/\/ae01.alicdn.com\/kf\/Sc6b6f6d63c464fbca41d65939a881b1dH.jpg\" slate-data-type=\"image\"\/><\/div>\n<\/div>\n<div class=\"detailmodule_text-image\">\n<p style=\"font-family:OpenSans;font-size:20px;font-weight:900;line-height:28px;white-space:pre-wrap;color:rgb(0, 0, 0);margin-bottom:12px\" class=\"detail-desc-decorate-title\">Ekranas<\/p>\n<p style=\"font-family:OpenSans;font-size:14px;font-weight:300;line-height:20px;white-space:pre-wrap;color:rgb(0, 0, 0);margin-bottom:12px\" class=\"detail-desc-decorate-content\">SW900 ekranas Produkto savyb\u0117s<br \/>Ekrano funkcija:<br \/>Grei\u010dio rodymas, pavar\u0173 su stiprintuvu rodymas, galios indikatorius, gedim\u0173 prane\u0161imas, bendros ridos, vienos ridos, priekini\u0173 \u017eibint\u0173 ir vienos vairavimo trukm\u0117s rodymas.<br \/>(2) Valdymo \/ nustatymo funkcija:<br \/>Maitinimo jungiklio valdymas, priekini\u0173 \u017eibint\u0173 jungiklio valdymas, 6 km\/h grei\u010dio reguliavimas, rato skersmens nustatymas, grei\u010dio ribojimo nustatymas, skaitiklio miego re\u017eimo nustatymas, foninio ap\u0161vietimo ry\u0161kumo nustatymas, \u012ftampos nustatymas.<\/p>\n<div><img decoding=\"async\" class=\"detail-desc-decorate-image\" src=\"https:\/\/ae01.alicdn.com\/kf\/S34ecb7a4b12f455799970fa80afdd84dc.jpg\" slate-data-type=\"image\"\/><\/div>\n<\/div>\n<div class=\"detailmodule_text\">\n<p style=\"font-family:OpenSans;font-size:20px;font-weight:900;line-height:28px;white-space:pre-wrap;color:rgb(0, 0, 0);margin-bottom:12px\" class=\"detail-desc-decorate-title\">Valdiklis<\/p>\n<p style=\"font-family:OpenSans;font-size:14px;text-align:left;color:rgb(0, 0, 0);background-color:rgb(255, 255, 255);display:block;width:100%\" align=\"left\">KT 6 MOSFET valdiklis<br \/>Tinka: 36 V 250 W \/ 350 W \/ 500 W variklio ratui, LCD3 ekranui<br \/>Nominali srov\u0117: 10A, maksimali srov\u0117: 20\u00b11A<br \/>Dydis: 100 * 61 * 35 mm<\/p>\n<p>KT 12 MOSFET valdiklis <br \/>Tinka: 48 V 1000 W variklio ratui, LCD3 ekranui<br \/>Nominali srov\u0117: 15A, maksimali srov\u0117: 30\u00b11A<br \/>Dydis: 176 * 82 * 41 mm<\/p>\n<p>KT 18 MOSFET valdiklis <br \/>Tinka: 48 V 1500 W variklio ratui, LCD3 ekranui<br \/>Nominali srov\u0117: 22A, maksimali srov\u0117: 45\u00b11A<br \/>Dydis: 240 * 82 * 41 mm<\/p>\n<\/div>\n<div class=\"detailmodule_image\"><img decoding=\"async\" style=\"margin-bottom:10px\" class=\"detail-desc-decorate-image\" src=\"https:\/\/ae01.alicdn.com\/kf\/Se398c4dbd44c4ed893c6b9de85536da3k.jpg\" slate-data-type=\"image\"\/><\/div>\n<div class=\"detailmodule_text\">\n<p style=\"font-family:OpenSans;font-size:20px;font-weight:900;line-height:28px;white-space:pre-wrap;color:rgb(0, 0, 0);margin-bottom:12px\" class=\"detail-desc-decorate-title\">Valdiklis<\/p>\n<p style=\"font-family:OpenSans;font-size:14px;text-align:left;color:rgb(0, 0, 0);background-color:rgb(255, 255, 255);display:block;width:100%\" align=\"left\">CSC 6 MOSFET valdiklis<br \/>Tinka: 36 V 250 W \/ 350 W \/ 500 W variklio ratui \uff0c SW900 ekranas<br \/>Nominali srov\u0117: 15A, maksimali srov\u0117: 30\u00b11A<br \/>Dydis: 100 * 64 * 32 mm<\/p>\n<p>CSC 12 MOSFET valdiklis <br \/>Tinka: 48 V 1000 W variklio ratui, SW900 ekranui<br \/>Nominali srov\u0117: 22A, maksimali srov\u0117: 44\u00b11A<br \/>Dydis: 149 * 83,3 * 42 mm<\/p>\n<p>CSC 15 MOSFET valdiklis <br \/>Tinka: 48 V 1500 W variklio ratui, SW900 ekranui<br \/>Nominali srov\u0117: 35A, maksimali srov\u0117: 70\u00b11A<br \/>Dydis: 118,2 * 82,33 * 41 mm<\/p>\n<\/div>\n<div class=\"detailmodule_image\"><img decoding=\"async\" class=\"detail-desc-decorate-image\" src=\"https:\/\/ae01.alicdn.com\/kf\/H91b578cda72b4fe3bcd7881269329105N.jpg\" slate-data-type=\"image\"\/><\/div>\n<div class=\"detailmodule_text\">\n<p style=\"font-family:OpenSans;font-size:20px;font-weight:900;line-height:28px;white-space:pre-wrap;color:rgb(0, 0, 0);margin-bottom:12px\" class=\"detail-desc-decorate-title\">Valdiklio krep\u0161ys<\/p>\n<\/div>\n<div class=\"detailmodule_image\"><img decoding=\"async\" class=\"detail-desc-decorate-image\" src=\"https:\/\/ae01.alicdn.com\/kf\/Hfb0c0e235e9d410f815ccbb3e9f9291as.jpg\" slate-data-type=\"image\"\/><\/div>\n<div class=\"detailmodule_text\">\n<p style=\"font-family:OpenSans;font-size:20px;font-weight:900;line-height:28px;white-space:pre-wrap;color:rgb(0, 0, 0);margin-bottom:12px\" class=\"detail-desc-decorate-title\">PAS<\/p>\n<p style=\"font-family:OpenSans;font-size:14px;font-weight:300;line-height:20px;white-space:pre-wrap;color:rgb(0, 0, 0);margin-bottom:12px\" class=\"detail-desc-decorate-content\">KT BZ-4(8) magnetas<\/p>\n<\/div>\n<div class=\"detailmodule_image\"><a href=\"https:\/\/www.aliexpress.com\/store\/product\/Electric-Bicycle-Pedal-BZ-4-8-8-Magnet-or-KT-V12L-12-Magnets-E-bike-PAS\/502344_32947529138.html?spm=2114.12010612.8148356.5.19f8628fiwlFMT\" target=\"_self\" class=\"\"><img decoding=\"async\" class=\"detail-desc-decorate-image\" src=\"https:\/\/ae01.alicdn.com\/kf\/H088209dd4faa4eca81369d582b8c1418x.jpg\" slate-data-type=\"image\"\/><\/a><\/div>\n<div class=\"detailmodule_text\">\n<p style=\"font-family:OpenSans;font-size:20px;font-weight:900;line-height:28px;white-space:pre-wrap;color:rgb(0, 0, 0);margin-bottom:12px\" class=\"detail-desc-decorate-title\">Droselis<\/p>\n<p style=\"font-family:OpenSans;font-size:14px;font-weight:300;line-height:20px;white-space:pre-wrap;color:rgb(0, 0, 0);margin-bottom:12px\" class=\"detail-desc-decorate-content\">LCD3 ekrane naudojamas pusiau pasukamas droselis<br \/>SW900 ekrane naudojamas pasukamas droselis<\/p>\n<\/div>\n<div class=\"detailmodule_image\"><img decoding=\"async\" class=\"detail-desc-decorate-image\" src=\"https:\/\/ae01.alicdn.com\/kf\/H00dccd59c973440b9a8550dc62c3c82dG.jpg\" slate-data-type=\"image\"\/><img decoding=\"async\" style=\"margin-bottom:10px\" class=\"detail-desc-decorate-image\" src=\"https:\/\/ae01.alicdn.com\/kf\/S64b160ca23a84b569cc2b7394a04ef72w.jpg\" slate-data-type=\"image\"\/><\/div>\n<div class=\"detailmodule_text-image\">\n<p style=\"font-family:OpenSans;font-size:20px;font-weight:900;line-height:28px;white-space:pre-wrap;color:rgb(0, 0, 0);margin-bottom:12px\" class=\"detail-desc-decorate-title\">Stabd\u017ei\u0173 i\u0161jungimo svirtis<\/p>\n<p style=\"font-family:OpenSans;font-size:14px;font-weight:300;line-height:20px;white-space:pre-wrap;color:rgb(0, 0, 0);margin-bottom:12px\" class=\"detail-desc-decorate-content\">LCD3 ekrane naudojamas pusiau pasukamas droselis<br \/>SW900 ekrane naudojamas pasukamas droselis<\/p>\n<div><img decoding=\"async\" class=\"detail-desc-decorate-image\" src=\"https:\/\/ae01.alicdn.com\/kf\/S45225552f492471091fd3504a6cfa078w.jpg\" slate-data-type=\"image\"\/><\/div>\n<\/div>\n<div class=\"detailmodule_image\"><img decoding=\"async\" class=\"detail-desc-decorate-image\" src=\"https:\/\/ae01.alicdn.com\/kf\/H2f40eb453ff042d19f4edd32f21b3176U.jpg\" slate-data-type=\"image\"\/><\/div>\n<div class=\"detailmodule_text\">\n<p style=\"font-family:OpenSans;font-size:20px;font-weight:900;line-height:28px;white-space:pre-wrap;color:rgb(0, 0, 0);margin-bottom:12px\" class=\"detail-desc-decorate-title\">Pristatymas ir garantija<\/p>\n<p style=\"font-family:OpenSans;font-size:14px;font-weight:300;line-height:20px;white-space:pre-wrap;color:rgb(0, 0, 0);margin-bottom:12px\" class=\"detail-desc-decorate-content\">Pardav\u0117jo siuntimo b\u016bdui taip pat galima naudoti sekimo numer\u012f.<\/p>\n<p>1.) Kaina su visais mokes\u010diais<\/p>\n<p>2.) Jei gav\u0119 prekes turite klausim\u0173, pirmiausia susisiekite su mumis. J\u016bs\u0173 pasitenkinimas yra m\u016bs\u0173 svarbiausias prioritetas ir esame \u012fsitikin\u0119, kad b\u016bsite patenkinti m\u016bs\u0173 paslaugomis.<\/p>\n<\/div>\n<div class=\"detailmodule_image\"><img decoding=\"async\" class=\"detail-desc-decorate-image\" src=\"https:\/\/ae01.alicdn.com\/kf\/H8b810db2ab8b4d8eb427b8a220c721431.jpg\" slate-data-type=\"image\"\/><\/div>\n<div class=\"detailmodule_image\"><img decoding=\"async\" class=\"detail-desc-decorate-image\" src=\"https:\/\/ae01.alicdn.com\/kf\/Hf9f37f875a884c5f9a1fa1d70020da65l.jpg\" slate-data-type=\"image\"\/><\/div>\n<p><\/p>","protected":false},"excerpt":{"rendered":"<p>Design:&nbsp;Brushless Voltage:&nbsp;48V Origin:&nbsp;Mainland China Motor:&nbsp;Brushless Non-gear Hub Motor Voltage:&nbsp;36V Wattage:&nbsp;301 &#8211; 400w,201 &#8211; 300w Motor Type:&nbsp;Brushless Gear Hub Motor Rim:&nbsp;CSC with braking surface,MTX no braking surface Battery:&nbsp;36V 10.5AH 48V 13AH<\/p>","protected":false},"featured_media":22360,"comment_status":"open","ping_status":"closed","template":"","meta":{"_acf_changed":false},"product_brand":[],"product_cat":[528],"product_tag":[],"class_list":{"0":"post-22359","1":"product","2":"type-product","3":"status-publish","4":"has-post-thumbnail","6":"product_cat-electric-hub-motor-kits","8":"first","9":"instock","10":"shipping-taxable","11":"purchasable","12":"product-type-variable"},"acf":[],"_links":{"self":[{"href":"https:\/\/www.electricstore.eu\/lt\/wp-json\/wp\/v2\/product\/22359","targetHints":{"allow":["GET"]}}],"collection":[{"href":"https:\/\/www.electricstore.eu\/lt\/wp-json\/wp\/v2\/product"}],"about":[{"href":"https:\/\/www.electricstore.eu\/lt\/wp-json\/wp\/v2\/types\/product"}],"replies":[{"embeddable":true,"href":"https:\/\/www.electricstore.eu\/lt\/wp-json\/wp\/v2\/comments?post=22359"}],"wp:featuredmedia":[{"embeddable":true,"href":"https:\/\/www.electricstore.eu\/lt\/wp-json\/wp\/v2\/media\/22360"}],"wp:attachment":[{"href":"https:\/\/www.electricstore.eu\/lt\/wp-json\/wp\/v2\/media?parent=22359"}],"wp:term":[{"taxonomy":"product_brand","embeddable":true,"href":"https:\/\/www.electricstore.eu\/lt\/wp-json\/wp\/v2\/product_brand?post=22359"},{"taxonomy":"product_cat","embeddable":true,"href":"https:\/\/www.electricstore.eu\/lt\/wp-json\/wp\/v2\/product_cat?post=22359"},{"taxonomy":"product_tag","embeddable":true,"href":"https:\/\/www.electricstore.eu\/lt\/wp-json\/wp\/v2\/product_tag?post=22359"}],"curies":[{"name":"wp","href":"https:\/\/api.w.org\/{rel}","templated":true}]}}