{"id":21967,"date":"2025-05-20T18:28:28","date_gmt":"2025-05-20T18:28:28","guid":{"rendered":"https:\/\/electricstore.eu\/p\/uncategorized\/bk15-electric-bike-for-adults-250w-48v-15ah-ebike-264-0-fat-tire-e-mountain-bike-7-speed-all-terrain-electric-bicycle\/"},"modified":"2025-05-20T18:28:47","modified_gmt":"2025-05-20T18:28:47","slug":"bk15-electric-bike-for-adults-250w-48v-15ah-ebike-264-0-fat-tire-e-mountain-bike-7-speed-all-terrain-electric-bicycle","status":"publish","type":"product","link":"https:\/\/www.electricstore.eu\/lt\/p\/bikes\/bk15-electric-bike-for-adults-250w-48v-15ah-ebike-264-0-fat-tire-e-mountain-bike-7-speed-all-terrain-electric-bicycle\/","title":{"rendered":"BK15 elektrinis dviratis suaugusiems 250W 48V 15AH Ebike 26*4.0 Fat padang\u0173 E-Mountain Bike 7 grei\u010di\u0173 visureigis elektrinis dviratis"},"content":{"rendered":"<div class=\"product-specs-list-container\">\n<ul class=\"product-specs-list util-clearfix\">\n<li class=\"product-prop line-limit-length\"><span\n                                        class=\"property-title\">Modelio numeris:&nbsp;<\/span><span\n                                        class=\"property-desc line-limit-length\">BK15<\/span>\n                            <\/li>\n<li class=\"product-prop line-limit-length\"><span\n                                        class=\"property-title\">Stilius:&nbsp;<\/span><span\n                                        class=\"property-desc line-limit-length\">Prabangus tipas<\/span>\n                            <\/li>\n<li class=\"product-prop line-limit-length\"><span\n                                        class=\"property-title\">Galia:&nbsp;<\/span><span\n                                        class=\"property-desc line-limit-length\">200\u2013250 W<\/span>\n                            <\/li>\n<li class=\"product-prop line-limit-length\"><span\n                                        class=\"property-title\">Maitinimo \u0161altinis:&nbsp;<\/span><span\n                                        class=\"property-desc line-limit-length\">li\u010dio baterija<\/span>\n                            <\/li>\n<li class=\"product-prop line-limit-length\"><span\n                                        class=\"property-title\">\u012etampa:&nbsp;<\/span><span\n                                        class=\"property-desc line-limit-length\">48 V<\/span>\n                            <\/li>\n<li class=\"product-prop line-limit-length\"><span\n                                        class=\"property-title\">Maitinimo \u0161altinis:&nbsp;<\/span><span\n                                        class=\"property-desc line-limit-length\">li\u010dio baterija<\/span>\n                            <\/li>\n<li class=\"product-prop line-limit-length\"><span\n                                        class=\"property-title\">Variklis:&nbsp;<\/span><span\n                                        class=\"property-desc line-limit-length\">Be\u0161epetis<\/span>\n                            <\/li>\n<li class=\"product-prop line-limit-length\"><span\n                                        class=\"property-title\">Kilm\u0117:&nbsp;<\/span><span\n                                        class=\"property-desc line-limit-length\">\u017demynin\u0117 Kinija<\/span>\n                            <\/li>\n<li class=\"product-prop line-limit-length\"><span\n                                        class=\"property-title\">Sulankstytas:&nbsp;<\/span><span\n                                        class=\"property-desc line-limit-length\">Ne<\/span>\n                            <\/li>\n<li class=\"product-prop line-limit-length\"><span\n                                        class=\"property-title\">Rat\u0173 dydis:&nbsp;<\/span><span\n                                        class=\"property-desc line-limit-length\">26 coli\u0173<\/span>\n                            <\/li>\n<li class=\"product-prop line-limit-length\"><span\n                                        class=\"property-title\">R\u0117mo med\u017eiaga:&nbsp;<\/span><span\n                                        class=\"property-desc line-limit-length\">STEEL<\/span>\n                            <\/li>\n<\/ul><\/div>\n<p><strong><span style=\"font-size:20px\">BK15 elektrinis dviratis suaugusiems 250W 48V 15AH Ebike 26*4.0 Fat padang\u0173 E-Mountain Bike 7 grei\u010di\u0173 visureigis elektrinis dviratis<\/span><\/strong><\/p>\n<p><\/p>\n<p><span style=\"font-size:18px\"><strong>48V 15Ah Removable Battery with Anti-Theft Key Lock<\/strong><\/span><\/p>\n<p>This powerful 48V 15Ah battery ensures long-lasting performance for extended rides. Equipped with a secure key lock, the battery is protected against theft, allowing you to easily remove it for charging while keeping your e-bike safe when parked.<\/p>\n<p><\/p>\n<p><span style=\"font-size:18px\"><strong>Upgraded 26&#215;4.0-Inch Puncture-Resistant Tires for Enhanced Durability<\/strong><\/span><\/p>\n<p>The BK15 4.0 electric bike features robust 26&#215;4.0-inch tires, now upgraded to puncture-resistant technology. Enjoy greater peace of mind while riding, knowing that these tires are designed to withstand sharp objects and provide a smoother, more reliable experience on all terrains.<\/p>\n<p><\/p>\n<p><span style=\"font-size:18px\"><strong>Smooth Ride with Front Fork Suspension<\/strong><\/span><\/p>\n<p>The front fork suspension absorbs shocks and vibrations, providing a smoother ride on uneven surfaces. Whether on city streets or rough paths, you&#x27;ll experience greater comfort and control.<\/p>\n<p><\/p>\n<p><span style=\"font-size:18px\"><strong>Upgraded LCD Display with APP function for Total Ride Control<\/strong><\/span><\/p>\n<p>Track your ride effortlessly with a display that shows multiple metrics, including speed, battery life, and mileage. This all-in-one display keeps you fully aware of your BK15 4.0 bike&#x27;s performance during every journey.<\/p>\n<p><\/p>\n<p>Battery Capacity\uff1a48V 15AH<\/p>\n<p>Motor\uff1a250W brushless motor<\/p>\n<p>Maximum Speed\uff1a25KM\/H<\/p>\n<p>Maximum Climbing Angle\uff1a25 degree<\/p>\n<p>Mileage\uff1a45-80KM (Affected by load, temperature, road conditions, riding mode, etc\uff09<\/p>\n<p>Maximum Load\uff1a120KG<\/p>\n<p>Tire: 26*4.0 Inches Tire<\/p>\n<p>Braking Method\uff1adisc brake<\/p>\n<p>Charging Time\uff1a6-7 hours<\/p>\n<p>Product Size\uff1a188*60*103cm<\/p>\n<p>Package Size\uff1a155*31*80cm<\/p>\n<p>Gross\/Net\uff1a35.4kg\/28.9kg<\/p>\n<p><img decoding=\"async\" src=\"https:\/\/ae01.alicdn.com\/kf\/Seaf9081fa5ee447da5c42b72ecf41fa7x.jpg\" slate-data-type=\"image\"\/><img decoding=\"async\" src=\"https:\/\/ae01.alicdn.com\/kf\/Sba947f26e320426db9de37be87954e6fV.jpg\" slate-data-type=\"image\"\/><\/p>\n<p><img decoding=\"async\" src=\"https:\/\/ae01.alicdn.com\/kf\/S7971904279a541d19084b7dcca3aaaaeI.jpg\" slate-data-type=\"image\"\/><\/p>\n<p><img decoding=\"async\" src=\"https:\/\/ae01.alicdn.com\/kf\/Se814f7fafcd34f608fa8ea2c3ee2124dx.jpg\" slate-data-type=\"image\"\/><\/p>\n<p><img decoding=\"async\" src=\"https:\/\/ae01.alicdn.com\/kf\/Sc605fee69a2843b09e338630b67b3428e.jpg\" slate-data-type=\"image\"\/><\/p>","protected":false},"excerpt":{"rendered":"<p>Model Number:&nbsp;BK15 Style:&nbsp;Luxury Type Wattage:&nbsp;200 &#8211; 250w Power Supply:&nbsp;lithium battery Voltage:&nbsp;48V Power Source:&nbsp;lithium battery Motor:&nbsp;Brushless Origin:&nbsp;Mainland China Folded:&nbsp;No Wheel Size:&nbsp;26\u201c Frame Material:&nbsp;STEEL BK15 Electric Bike for Adults 250W 48V 15AH<\/p>","protected":false},"featured_media":21968,"comment_status":"open","ping_status":"closed","template":"","meta":{"_acf_changed":false},"product_brand":[],"product_cat":[230],"product_tag":[],"class_list":{"0":"post-21967","1":"product","2":"type-product","3":"status-publish","4":"has-post-thumbnail","6":"product_cat-bikes","8":"first","9":"instock","10":"shipping-taxable","11":"purchasable","12":"product-type-variable"},"acf":[],"_links":{"self":[{"href":"https:\/\/www.electricstore.eu\/lt\/wp-json\/wp\/v2\/product\/21967","targetHints":{"allow":["GET"]}}],"collection":[{"href":"https:\/\/www.electricstore.eu\/lt\/wp-json\/wp\/v2\/product"}],"about":[{"href":"https:\/\/www.electricstore.eu\/lt\/wp-json\/wp\/v2\/types\/product"}],"replies":[{"embeddable":true,"href":"https:\/\/www.electricstore.eu\/lt\/wp-json\/wp\/v2\/comments?post=21967"}],"wp:featuredmedia":[{"embeddable":true,"href":"https:\/\/www.electricstore.eu\/lt\/wp-json\/wp\/v2\/media\/21968"}],"wp:attachment":[{"href":"https:\/\/www.electricstore.eu\/lt\/wp-json\/wp\/v2\/media?parent=21967"}],"wp:term":[{"taxonomy":"product_brand","embeddable":true,"href":"https:\/\/www.electricstore.eu\/lt\/wp-json\/wp\/v2\/product_brand?post=21967"},{"taxonomy":"product_cat","embeddable":true,"href":"https:\/\/www.electricstore.eu\/lt\/wp-json\/wp\/v2\/product_cat?post=21967"},{"taxonomy":"product_tag","embeddable":true,"href":"https:\/\/www.electricstore.eu\/lt\/wp-json\/wp\/v2\/product_tag?post=21967"}],"curies":[{"name":"wp","href":"https:\/\/api.w.org\/{rel}","templated":true}]}}