{"id":21792,"date":"2025-05-20T18:27:06","date_gmt":"2025-05-20T18:27:06","guid":{"rendered":"https:\/\/electricstore.eu\/p\/uncategorized\/ampace-p600-pro-1800w-pure-sine-wave-584wh-lifepo4-battery-2000-cycles-app-control-600w-solar-generator-for-outdoor-camping\/"},"modified":"2025-05-20T18:27:07","modified_gmt":"2025-05-20T18:27:07","slug":"ampace-p600-pro-1800w-pure-sine-wave-584wh-lifepo4-battery-2000-cycles-app-control-600w-solar-generator-for-outdoor-camping","status":"publish","type":"product","link":"https:\/\/www.electricstore.eu\/lt\/p\/batteries\/portable-power-stations\/ampace-p600-pro-1800w-pure-sine-wave-584wh-lifepo4-battery-2000-cycles-app-control-600w-solar-generator-for-outdoor-camping\/","title":{"rendered":"\u201eAmpace P600 Pro\u201c 1800 W grynos sinusin\u0117s bangos 584 Wh li\u010dio fepo4 akumuliatorius, 2000 cikl\u0173, program\u0117l\u0117s valdymas, 600 W saul\u0117s generatorius lauko stovyklavimui"},"content":{"rendered":"<div class=\"product-specs-list-container\">\n<ul class=\"product-specs-list util-clearfix\">\n<li class=\"product-prop line-limit-length\"><span\n                                        class=\"property-title\">Nominali talpa:&nbsp;<\/span><span\n                                        class=\"property-desc line-limit-length\">584 Wh<\/span>\n                            <\/li>\n<li class=\"product-prop line-limit-length\"><span\n                                        class=\"property-title\">Modelio numeris:&nbsp;<\/span><span\n                                        class=\"property-desc line-limit-length\">ANDES 600 Pro<\/span>\n                            <\/li>\n<li class=\"product-prop line-limit-length\"><span\n                                        class=\"property-title\">Tipas:&nbsp;<\/span><span\n                                        class=\"property-desc line-limit-length\">LiFePO4<\/span>\n                            <\/li>\n<li class=\"product-prop line-limit-length\"><span\n                                        class=\"property-title\">Rinkinio tipas:&nbsp;<\/span><span\n                                        class=\"property-desc line-limit-length\">\u012ekrovikli\u0173 rinkiniai<\/span>\n                            <\/li>\n<li class=\"product-prop line-limit-length\"><span\n                                        class=\"property-title\">Prek\u0117s \u017eenklas:&nbsp;<\/span><span\n                                        class=\"property-desc line-limit-length\">Ampace<\/span>\n                            <\/li>\n<li class=\"product-prop line-limit-length\"><span\n                                        class=\"property-title\">Tipas:&nbsp;<\/span><span\n                                        class=\"property-desc line-limit-length\">Ne\u0161iojama elektrin\u0117<\/span>\n                            <\/li>\n<li class=\"product-prop line-limit-length\"><span\n                                        class=\"property-title\">Modelis:&nbsp;<\/span><span\n                                        class=\"property-desc line-limit-length\">ANDES 600 Pro<\/span>\n                            <\/li>\n<li class=\"product-prop line-limit-length\"><span\n                                        class=\"property-title\">Talpa:&nbsp;<\/span><span\n                                        class=\"property-desc line-limit-length\">584 Wh<\/span>\n                            <\/li>\n<li class=\"product-prop line-limit-length\"><span\n                                        class=\"property-title\">Sertifikavimas:&nbsp;<\/span><span\n                                        class=\"property-desc line-limit-length\">UL, CE, FCC, PSE, RoHS<\/span>\n                            <\/li>\n<li class=\"product-prop line-limit-length\"><span\n                                        class=\"property-title\">Nam\u0173 EPS:&nbsp;<\/span><span\n                                        class=\"property-desc line-limit-length\">20 ms<\/span>\n                            <\/li>\n<li class=\"product-prop line-limit-length\"><span\n                                        class=\"property-title\">\u0160viesa:&nbsp;<\/span><span\n                                        class=\"property-desc line-limit-length\">LED \u0161viesa + aplinkos \u0161viesa<\/span>\n                            <\/li>\n<li class=\"product-prop line-limit-length\"><span\n                                        class=\"property-title\">A tipas:&nbsp;<\/span><span\n                                        class=\"property-desc line-limit-length\">9 i\u0161vesties prievadai<\/span>\n                            <\/li>\n<\/ul><\/div>\n<p><\/p>\n<p style=\"font-family:&quot;Microsoft YaHei&quot;;font-size:medium;font-weight:400;letter-spacing:normal;text-align:start;white-space:normal;color:rgb(0, 0, 0)\" align=\"start\"><span style=\"font-size:x-large\">Svarbiausi dalykai<\/span><\/p>\n<p><\/p>\n<h3 style=\"font-family:&quot;Microsoft YaHei&quot;;letter-spacing:normal;text-align:start;white-space:normal;color:rgb(0, 0, 0)\" align=\"start\">Ekologi\u0161ka, efektyvi ir ne\u0161iojama elektrin\u0117<\/h3>\n<p style=\"font-family:&quot;Microsoft YaHei&quot;;font-size:medium;font-weight:400;letter-spacing:normal;text-align:start;white-space:normal;color:rgb(0, 0, 0)\" align=\"start\">Vos 7,2 kg sverianti \u201eAmpace ANDES 600 Pro\u201c maitinimo stotis yra lengvas ir itin ne\u0161iojamas sprendimas, skirtas energijai kelyje. Pagaminta naudojant pa\u017eangi\u0105 SiC technologij\u0105, ji pasiekia iki 95% energijos vartojimo efektyvum\u0105, suma\u017eindama energijos nuostolius ir palaikydama tvar\u0173 energijos naudojim\u0105. Puikiai tinka stovyklavimui, \u017eygiams ar avarin\u0117ms situacijoms, \u0161i kompakti\u0161ka galia pasi\u017eymi i\u0161skirtiniu na\u0161umu, ta\u010diau n\u0117ra didel\u0117.<\/p>\n<h3 style=\"font-family:&quot;Microsoft YaHei&quot;;letter-spacing:normal;text-align:start;white-space:normal;color:rgb(0, 0, 0)\" align=\"start\">Universali galia kiekvienam poreikiui<\/h3>\n<p style=\"font-family:&quot;Microsoft YaHei&quot;;font-size:medium;font-weight:400;letter-spacing:normal;text-align:start;white-space:normal;color:rgb(0, 0, 0)\" align=\"start\">Tur\u0117damas 9 daugiafunkcinius prievadus, \u201eANDES 600 Pro\u201c gali maitinti \u012fvairius \u012frenginius \u2013 nuo i\u0161mani\u0173j\u0173 telefon\u0173 ir ne\u0161iojam\u0173j\u0173 kompiuteri\u0173 iki mini \u0161aldytuv\u0173 ir CPAP aparat\u0173. D\u0117l lanks\u010di\u0173 \u012fkrovimo galimybi\u0173, \u012fskaitant \u012fkrovim\u0105 kintamosios srov\u0117s, saul\u0117s ir automobilio energija, jis puikiai tinka \u012fvairiems atvejams, pavyzd\u017eiui, nuotykiams lauke ar atsarginiam energijos tiekimui namuose.<\/p>\n<h3 style=\"font-family:&quot;Microsoft YaHei&quot;;letter-spacing:normal;text-align:start;white-space:normal;color:rgb(0, 0, 0)\" align=\"start\">Greitas \u012fkrovimas ir ilgai veikianti baterija<\/h3>\n<p style=\"font-family:&quot;Microsoft YaHei&quot;;font-size:medium;font-weight:400;letter-spacing:normal;text-align:start;white-space:normal;color:rgb(0, 0, 0)\" align=\"start\">Ne\u0161iojamoji \u201eAmpace ANDES 600 Pro\u201c \u012fkrovimo stotel\u0117 su \u201eA-Boost\u201c technologija u\u017etikrina \u017eaibi\u0161k\u0105 \u012fkrovim\u0105 nuo 0 iki 100% vos per 1,5 valandos. Pa\u017eangi LiFePO\u2084 akumuliatori\u0173 technologija u\u017etikrina \u012fsp\u016bding\u0105 iki 2000 \u012fkrovimo cikl\u0173 tarnavimo laik\u0105, u\u017etikrinant\u012f patikim\u0105 veikim\u0105 ilgus metus. Integruota SiC technologija u\u017etikrina iki 95% energijos vartojimo efektyvum\u0105, u\u017etikrindama puik\u0173 na\u0161um\u0105 su kiekvienu \u012fkrovimu.<\/p>\n<h3 style=\"font-family:&quot;Microsoft YaHei&quot;;letter-spacing:normal;text-align:start;white-space:normal;color:rgb(0, 0, 0)\" align=\"start\">Patvarus ir patikimas maitinimo sprendimas<\/h3>\n<p style=\"font-family:&quot;Microsoft YaHei&quot;;font-size:medium;font-weight:400;letter-spacing:normal;text-align:start;white-space:normal;color:rgb(0, 0, 0)\" align=\"start\">\u0160i elektrin\u0117, sukurta at\u0161iaurioms aplinkoms, patikimai veikia esant net -20 \u00b0C\/-4 \u00b0F temperat\u016brai. EPS automatinio perjungimo funkcija \u012fsijungia per ma\u017eiau nei 30 ms, u\u017etikrindama nepertraukiam\u0105 energijos tiekim\u0105 nutr\u016bkus elektros tiekimui ar avarin\u0117ms situacijoms. Atlikusi daugiau nei 2800 kokyb\u0117s patikrinim\u0173 ir gavusi tarptautinius sertifikatus, \u201eAmpace ANDES 600 Pro\u201c teikia pirmenyb\u0119 saugumui ir patikimumui. Tai patikimas palydovas namuose, kelion\u0117se ir tyrin\u0117jant gamt\u0105, si\u016blantis patikim\u0105 energij\u0105 tada ir ten, kur jos labiausiai reikia.<\/p>\n<h3 style=\"font-family:&quot;Microsoft YaHei&quot;;letter-spacing:normal;text-align:start;white-space:normal;color:rgb(0, 0, 0)\" align=\"start\">I\u0161manios funkcijos ir tylus veikimas<\/h3>\n<p style=\"font-family:&quot;Microsoft YaHei&quot;;font-size:medium;font-weight:400;letter-spacing:normal;text-align:start;white-space:normal;color:rgb(0, 0, 0)\" align=\"start\">Visi\u0161kai kontroliuokite sistem\u0105 naudodami i\u0161mani\u0105j\u0105 program\u0117l\u0119, kuri u\u017etikrina paprast\u0105 steb\u0117jim\u0105 ir valdym\u0105. Ne\u0161iojamoji \u201eAmpace ANDES 600 Pro\u201c maitinimo stotel\u0117, skleid\u017eianti ma\u017eiau nei 30 dB triuk\u0161mo, idealiai tinka naudoti patalpose arba ramiai pramogauti lauke. Intuityvus dizainas u\u017etikrina skland\u017ei\u0105 naudotojo patirt\u012f net ir sud\u0117tingiausiomis s\u0105lygomis.<\/p>\n<p><\/p>\n<h2 style=\"font-family:&quot;Microsoft YaHei&quot;;font-size:14px;letter-spacing:normal;text-align:start;white-space:normal;color:rgb(0, 0, 0);margin:10px 0px;margin-bottom:10px;margin-top:10px;margin-left:0px;margin-right:0px;padding:0px;padding-bottom:0px;padding-top:0px;padding-left:0px;padding-right:0px\" align=\"start\">Specifikacija<\/h2>\n<p><\/p>\n<table style=\"border-collapse:collapse;font-family:&quot;Microsoft YaHei&quot;;width:1215.38px\" border=\"1\" cellpadding=\"8\">\n<tbody>\n<tr>\n<td style=\"width:308.788px;height:121px\" width=\"152\">\n<p><strong>Bendra<\/strong><\/p>\n<\/td>\n<td style=\"width:872.188px;height:121px\" width=\"415\">\n<p>Prek\u0117s \u017eenklas: Ampace<br \/>Tipas: Ne\u0161iojama elektrin\u0117<br \/>Modelis: ANDES 600 Pro<br \/>Spalva: juoda<\/p>\n<\/td>\n<\/tr>\n<tr>\n<td style=\"width:308.788px;height:188px\" width=\"152\">\n<p><strong>Pagrindin\u0117 specifikacija<\/strong><\/p>\n<\/td>\n<td style=\"width:872.188px;height:188px\" width=\"415\">\n<p>Talpa: 584 Wh<br \/>Program\u0117l\u0117s valdymas: Taip<br \/>Sertifikavimas: UL, CE, FCC, PSE, RoHS<br \/>Nam\u0173 EPS: 20 ms<br \/>Ap\u0161vietimas: LED \u0161viesa + aplinkos \u0161viesa<br \/>\u012ekrovimo temperat\u016bra: -10 \u2103~45 \u2103 (14 \u00b0F~113 \u00b0F)<br \/>I\u0161krovimo temperat\u016bra: -20 \u2103 ~ 45 \u2103 (-4 \u00b0F ~ 113 \u00b0F)<\/p>\n<\/td>\n<\/tr>\n<tr>\n<td style=\"width:308.788px;height:233px\" width=\"152\">\n<p><strong>I\u0161vestis<\/strong><\/p>\n<\/td>\n<td style=\"width:872.188px;height:233px\" width=\"415\">\n<p>ACx2: gryna sinusoid\u0117, 600 W (1800 W vir\u0161\u012ftampis), bendra galia, ES: 220\u2013240 V, 50 Hz<br \/>Maksimali \u012frenginio galia, palaikoma \u201eA-turbo\u201c: 1800 W var\u017ein\u0117ms apkrovoms<br \/>USB-Cx1: 5V\/3A, 9V\/3A, 12V\/3A, 15V\/3A, 20V\/5A, maks. 100W<br \/>USB-Cx1: 5V\/3A, 9V\/3A, 12V\/3A, 15V\/3A, 20V\/3A, 60W maks.<br \/>USB-Ax2: 5 V \/ 3 A, 9 V \/ 2 A, 12 V \/ 1,5 A, maks. 18 W, vienam prievadui<br \/>Automobilio lizdas x1: 12V\/10A, maks. 120W<br \/>DC 5521 i\u0161vestis x 2: 12 V \/ 10 A, maks. 120 W<\/p>\n<\/td>\n<\/tr>\n<tr>\n<td style=\"width:308.788px;height:121px\" width=\"152\">\n<p><strong>\u012evestis<\/strong><\/p>\n<\/td>\n<td style=\"width:872.188px;height:121px\" width=\"415\">\n<p>Kintamosios srov\u0117s \u012fkrovimo \u012fvestis: ES 220\u2013240 V, 50 Hz (greitasis \u012fkrovimas \u201eA-Boost\u201c: maks. 550 W)<br \/>Saul\u0117s baterij\u0173 \u012fkrovimo \u012fvestis: DC11~30V, 12A (maks. 200W)<br \/>Automobilio \u012fkrovimo \u012fvestis: DC12V\/24V, 8A (96W maks.)<\/p>\n<\/td>\n<\/tr>\n<tr>\n<td style=\"width:308.788px;height:166px\" width=\"152\">\n<p><strong>Informacija apie baterij\u0105<\/strong><\/p>\n<\/td>\n<td style=\"width:872.188px;height:166px\" width=\"415\">\n<p>L\u0105stel\u0117s chemijos sistema: LiFePO\u2084 hibridin\u0117 sistema<br \/>Ciklo trukm\u0117: 2000 cikl\u0173<br \/>Apsauga: apsauga nuo \u017eemos temperat\u016bros; apsauga nuo \u017eemos \u012ftampos; apsauga nuo vir\u0161srov\u0117s; apsauga nuo perkrovos; apsauga nuo perkaitimo; apsauga nuo vir\u0161\u012ftampio; apsauga nuo trumpojo jungimo.<\/p>\n<\/td>\n<\/tr>\n<tr>\n<td style=\"width:308.788px;height:121px\" width=\"152\">\n<p><strong>Svoris ir dydis<\/strong><\/p>\n<\/td>\n<td style=\"width:872.188px;height:121px\" width=\"415\">\n<p>Produkto svoris: 7,6 kg \/ 16,8 svaro<br \/>Pakuot\u0117s svoris: 8,5 kg \/ 18,74 svaro<br \/>Gaminio dydis: 28,5 \u00d7 20,9 \u00d7 21,4 cm \/ 11,2 \u00d7 8,2 \u00d7 8,4 colio<br \/>Pakuot\u0117s dydis: 34,5 \u00d7 26,0 \u00d7 27,0 cm \/ 13,58 \u00d7 10,24 \u00d7 10,63 colio<\/p>\n<\/td>\n<\/tr>\n<tr>\n<td style=\"width:308.788px;height:166px\" width=\"152\">\n<p><strong>Paket\u0173 s\u0105ra\u0161as<\/strong><\/p>\n<\/td>\n<td style=\"width:872.188px;height:166px\" width=\"415\">\n<p>1 x ANDES 600 PRO\u00a0<br \/>1 x kintamosios srov\u0117s \u012fkrovimo laidas\u00a0<br \/>1 x automobilio \u012fkrovimo laidas\u00a0<br \/>1 x kabelio mai\u0161elis\u00a0<br \/>1 x Naudotojo vadovas<br \/>1 x Garantijos kortel\u0117\u00a0<\/p>\n<\/td>\n<\/tr>\n<\/tbody>\n<\/table>\n<p><img decoding=\"async\" src=\"https:\/\/ae01.alicdn.com\/kf\/S50d3d270f5294728b9149c67860a3f7bx.jpeg\" slate-data-type=\"image\"\/><img decoding=\"async\" src=\"https:\/\/ae01.alicdn.com\/kf\/S50168e86323c40c98388461af7027665g.jpeg\" slate-data-type=\"image\"\/><img decoding=\"async\" src=\"https:\/\/ae01.alicdn.com\/kf\/S9fa55404a0024cd6aff399bc311b6eb6R.jpeg\" slate-data-type=\"image\"\/><img decoding=\"async\" src=\"https:\/\/ae01.alicdn.com\/kf\/Sd8798235e8724107b6df349ed0f7a126b.jpeg\" slate-data-type=\"image\"\/><img decoding=\"async\" src=\"https:\/\/ae01.alicdn.com\/kf\/Sb3a5778a14b6478ca2593583af84f59cE.jpeg\" slate-data-type=\"image\"\/><img decoding=\"async\" src=\"https:\/\/ae01.alicdn.com\/kf\/S290b776314044876a5540209782747556.jpeg\" slate-data-type=\"image\"\/><img decoding=\"async\" src=\"https:\/\/ae01.alicdn.com\/kf\/S1cb214553c204920b394721e63e235e9J.jpeg\" slate-data-type=\"image\"\/><img decoding=\"async\" src=\"https:\/\/ae01.alicdn.com\/kf\/Saf659a2ca7a54135a2bd9f0182780f48n.jpeg\" slate-data-type=\"image\"\/><img decoding=\"async\" src=\"https:\/\/ae01.alicdn.com\/kf\/S88a60e0ac3ad426d92e280d3d9d27666s.jpeg\" slate-data-type=\"image\"\/><img decoding=\"async\" src=\"https:\/\/ae01.alicdn.com\/kf\/Sdb31ccd65c9f48c88164abcb341cc3830.jpeg\" slate-data-type=\"image\"\/><img decoding=\"async\" src=\"https:\/\/ae01.alicdn.com\/kf\/Sb83ba7317365404b8ccd8f3b0e7d214ah.jpeg\" slate-data-type=\"image\"\/><img decoding=\"async\" src=\"https:\/\/ae01.alicdn.com\/kf\/Sb3eebfeb3a5445e6a4766c3375ef32edK.jpeg\" slate-data-type=\"image\"\/><\/p>","protected":false},"excerpt":{"rendered":"<p>Nominal Capacity:&nbsp;584Wh Model Number:&nbsp;ANDES 600 Pro Type:&nbsp;LiFePO4 Set Type:&nbsp;Charger Sets Brand:&nbsp;Ampace Type:&nbsp;Portable Power Station Model:&nbsp;ANDES 600 Pro Capacity:&nbsp;584Wh Certification:&nbsp;UL, CE, FCC, PSE, RoHS Home EPS:&nbsp;20ms Light:&nbsp;LED Light+Ambient Light Type A:&nbsp;9<\/p>","protected":false},"featured_media":21794,"comment_status":"open","ping_status":"closed","template":"","meta":{"_acf_changed":false},"product_brand":[],"product_cat":[515],"product_tag":[],"class_list":{"0":"post-21792","1":"product","2":"type-product","3":"status-publish","4":"has-post-thumbnail","6":"product_cat-portable-power-stations","8":"first","9":"instock","10":"shipping-taxable","11":"purchasable","12":"product-type-simple"},"acf":[],"_links":{"self":[{"href":"https:\/\/www.electricstore.eu\/lt\/wp-json\/wp\/v2\/product\/21792","targetHints":{"allow":["GET"]}}],"collection":[{"href":"https:\/\/www.electricstore.eu\/lt\/wp-json\/wp\/v2\/product"}],"about":[{"href":"https:\/\/www.electricstore.eu\/lt\/wp-json\/wp\/v2\/types\/product"}],"replies":[{"embeddable":true,"href":"https:\/\/www.electricstore.eu\/lt\/wp-json\/wp\/v2\/comments?post=21792"}],"wp:featuredmedia":[{"embeddable":true,"href":"https:\/\/www.electricstore.eu\/lt\/wp-json\/wp\/v2\/media\/21794"}],"wp:attachment":[{"href":"https:\/\/www.electricstore.eu\/lt\/wp-json\/wp\/v2\/media?parent=21792"}],"wp:term":[{"taxonomy":"product_brand","embeddable":true,"href":"https:\/\/www.electricstore.eu\/lt\/wp-json\/wp\/v2\/product_brand?post=21792"},{"taxonomy":"product_cat","embeddable":true,"href":"https:\/\/www.electricstore.eu\/lt\/wp-json\/wp\/v2\/product_cat?post=21792"},{"taxonomy":"product_tag","embeddable":true,"href":"https:\/\/www.electricstore.eu\/lt\/wp-json\/wp\/v2\/product_tag?post=21792"}],"curies":[{"name":"wp","href":"https:\/\/api.w.org\/{rel}","templated":true}]}}