{"id":21762,"date":"2025-05-20T18:26:48","date_gmt":"2025-05-20T18:26:48","guid":{"rendered":"https:\/\/electricstore.eu\/p\/uncategorized\/oukitel-bp2000-pro-portable-power-station-2048wh-to-16384wh-lifepo4-battery-3600w-ac-output-2000w-app-control\/"},"modified":"2025-05-20T18:26:54","modified_gmt":"2025-05-20T18:26:54","slug":"oukitel-bp2000-pro-portable-power-station-2048wh-to-16384wh-lifepo4-battery-3600w-ac-output-2000w-app-control","status":"publish","type":"product","link":"https:\/\/www.electricstore.eu\/lt\/p\/batteries\/portable-power-stations\/oukitel-bp2000-pro-portable-power-station-2048wh-to-16384wh-lifepo4-battery-3600w-ac-output-2000w-app-control\/","title":{"rendered":"Ne\u0161iojama \u201eOUKITEL BP2000 Pro\u201c \u012fkrovos stotel\u0117, nuo 2048 Wh iki 16384 Wh, li\u010dio jon\u0173 akumuliatorius, 3600 W kintamosios srov\u0117s i\u0161vestis, 2000 W valdymas program\u0117le"},"content":{"rendered":"<div class=\"product-specs-list-container\">\n<ul class=\"product-specs-list util-clearfix\">\n<li class=\"product-prop line-limit-length\"><span\n                                        class=\"property-title\">Nominali talpa:&nbsp;<\/span><span\n                                        class=\"property-desc line-limit-length\">&gt;3500 mAh<\/span>\n                            <\/li>\n<li class=\"product-prop line-limit-length\"><span\n                                        class=\"property-title\">Modelio numeris:&nbsp;<\/span><span\n                                        class=\"property-desc line-limit-length\">OUKITEL BP2000Pro<\/span>\n                            <\/li>\n<li class=\"product-prop line-limit-length\"><span\n                                        class=\"property-title\">Tipas:&nbsp;<\/span><span\n                                        class=\"property-desc line-limit-length\">LiFePO4<\/span>\n                            <\/li>\n<li class=\"product-prop line-limit-length\"><span\n                                        class=\"property-title\">Rinkinio tipas:&nbsp;<\/span><span\n                                        class=\"property-desc line-limit-length\">\u012ekrovikli\u0173 rinkiniai<\/span>\n                            <\/li>\n<li class=\"product-prop line-limit-length\"><span\n                                        class=\"property-title\">Prek\u0117s \u017eenklas:&nbsp;<\/span><span\n                                        class=\"property-desc line-limit-length\">OUKITEL<\/span>\n                            <\/li>\n<li class=\"product-prop line-limit-length\"><span\n                                        class=\"property-title\">Modelis:&nbsp;<\/span><span\n                                        class=\"property-desc line-limit-length\">BP2000 Pro<\/span>\n                            <\/li>\n<li class=\"product-prop line-limit-length\"><span\n                                        class=\"property-title\">Baterijos tipas:&nbsp;<\/span><span\n                                        class=\"property-desc line-limit-length\">LiFePO4 (li\u010dio gele\u017eies fosfatas)<\/span>\n                            <\/li>\n<li class=\"product-prop line-limit-length\"><span\n                                        class=\"property-title\">Talpa:&nbsp;<\/span><span\n                                        class=\"property-desc line-limit-length\">2048 Wh (51,2 V, 40 Ah)<\/span>\n                            <\/li>\n<li class=\"product-prop line-limit-length\"><span\n                                        class=\"property-title\">Inverterio tipas:&nbsp;<\/span><span\n                                        class=\"property-desc line-limit-length\">Grynas sinusinis bangos<\/span>\n                            <\/li>\n<li class=\"product-prop line-limit-length\"><span\n                                        class=\"property-title\">Kintamosios srov\u0117s i\u0161vestis:&nbsp;<\/span><span\n                                        class=\"property-desc line-limit-length\">5 prievadai * 3600 W kintamoji srov\u0117<\/span>\n                            <\/li>\n<li class=\"product-prop line-limit-length\"><span\n                                        class=\"property-title\">Saul\u0117s energijos tiekimas:&nbsp;<\/span><span\n                                        class=\"property-desc line-limit-length\">Maks. 1000 W (MPPT), 12\u2013120 V \/ 15 A, 1 * XT60 prievadas<\/span>\n                            <\/li>\n<li class=\"product-prop line-limit-length\"><span\n                                        class=\"property-title\">USB-C prievadas:&nbsp;<\/span><span\n                                        class=\"property-desc line-limit-length\">2 * PD100W<\/span>\n                            <\/li>\n<li class=\"product-prop line-limit-length\"><span\n                                        class=\"property-title\">1-oji savyb\u0117:&nbsp;<\/span><span\n                                        class=\"property-desc line-limit-length\">ne\u0161iojama elektrin\u0117<\/span>\n                            <\/li>\n<li class=\"product-prop line-limit-length\"><span\n                                        class=\"property-title\">2 funkcijos:&nbsp;<\/span><span\n                                        class=\"property-desc line-limit-length\">elektrin\u0117<\/span>\n                            <\/li>\n<li class=\"product-prop line-limit-length\"><span\n                                        class=\"property-title\">03 funkcijos:&nbsp;<\/span><span\n                                        class=\"property-desc line-limit-length\">ne\u0161iojama saul\u0117s elektrin\u0117<\/span>\n                            <\/li>\n<li class=\"product-prop line-limit-length\"><span\n                                        class=\"property-title\">04 funkcijos:&nbsp;<\/span><span\n                                        class=\"property-desc line-limit-length\">\u012fkrovimo stotel\u0117s<\/span>\n                            <\/li>\n<li class=\"product-prop line-limit-length\"><span\n                                        class=\"property-title\">05 funkcijos:&nbsp;<\/span><span\n                                        class=\"property-desc line-limit-length\">saul\u0117s generatorius<\/span>\n                            <\/li>\n<li class=\"product-prop line-limit-length\"><span\n                                        class=\"property-title\">06 funkcijos:&nbsp;<\/span><span\n                                        class=\"property-desc line-limit-length\">benzininis elektros generatorius<\/span>\n                            <\/li>\n<\/ul><\/div>\n<p style=\"font-family:&quot;Microsoft YaHei&quot;;font-size:medium;font-weight:400;letter-spacing:normal;text-align:start;white-space:normal;color:rgb(0, 0, 0)\" align=\"start\"><strong><span style=\"font-size:x-large\">Svarbiausi dalykai<\/span><\/strong><\/p>\n<p><\/p>\n<h3 style=\"font-family:&quot;Microsoft YaHei&quot;;letter-spacing:normal;text-align:start;white-space:normal;color:rgb(0, 0, 0)\" align=\"start\"><strong>3600 W didel\u0117 kintamosios srov\u0117s i\u0161vestis<\/strong><\/h3>\n<p style=\"font-family:&quot;Microsoft YaHei&quot;;font-size:medium;font-weight:400;letter-spacing:normal;text-align:start;white-space:normal;color:rgb(0, 0, 0)\" align=\"start\">Tur\u0117damas 3600 W kintamosios srov\u0117s i\u0161vesties gali\u0105, \u201eBP2000 Pro\u201c gali maitinti daugum\u0105 galing\u0173 \u012frengini\u0173 namuose, lauke ar darbe.<\/p>\n<h3 style=\"font-family:&quot;Microsoft YaHei&quot;;letter-spacing:normal;text-align:start;white-space:normal;color:rgb(0, 0, 0)\" align=\"start\"><strong>2\u201316 kWh i\u0161ple\u010diama akumuliatoriaus talpa<\/strong><\/h3>\n<p style=\"font-family:&quot;Microsoft YaHei&quot;;font-size:medium;font-weight:400;letter-spacing:normal;text-align:start;white-space:normal;color:rgb(0, 0, 0)\" align=\"start\">Sujunkite BP2000 Pro su iki 7 B2000 i\u0161pl\u0117timo akumuliatoriais lygiagre\u010diai, kad pasiektum\u0117te 16 kWh gali\u0105, u\u017etikrinan\u010di\u0105 energijos tiekim\u0105 1\u20136 dienoms elektros energijos tiekimo sutrikim\u0173 atveju. Idealiai tinka atsarginiam elektros energijos tiekimui namuose, kelion\u0117ms ant rat\u0173, veiklai lauke ar kasdieniam naudojimui.<\/p>\n<h3 style=\"font-family:&quot;Microsoft YaHei&quot;;letter-spacing:normal;text-align:start;white-space:normal;color:rgb(0, 0, 0)\" align=\"start\"><strong>Greitas \u012fkrovimas kintamosios srov\u0117s ir greita saul\u0117s energija<\/strong><\/h3>\n<p style=\"font-family:&quot;Microsoft YaHei&quot;;font-size:medium;font-weight:400;letter-spacing:normal;text-align:start;white-space:normal;color:rgb(0, 0, 0)\" align=\"start\">\u201eBP2000 Pro\u201c \u012fkrauna nuo 0% iki 80% per 1,5 valandos, o maksimali kintamosios srov\u0117s \u012fvesties galia yra 1800 W. Arba galite naudoti dvigub\u0105 PV1000W + AC1500W \u012fkrovim\u0105, kad 80% b\u016bt\u0173 galima \u012fkrauti vos per 1 valand\u0105, taip u\u017etikrinant greit\u0105 \u012fkrovim\u0105.<\/p>\n<h3 style=\"font-family:&quot;Microsoft YaHei&quot;;letter-spacing:normal;text-align:start;white-space:normal;color:rgb(0, 0, 0)\" align=\"start\"><strong>Atsisveikinkite su elektros energijos tiekimo sutrikimais<\/strong><\/h3>\n<p style=\"font-family:&quot;Microsoft YaHei&quot;;font-size:medium;font-weight:400;letter-spacing:normal;text-align:start;white-space:normal;color:rgb(0, 0, 0)\" align=\"start\">\u201eBP2000 Pro\u201c turi integruot\u0105 dvigubos galios automatin\u012f perjungimo jungikl\u012f, kad elektros energijos tiekimo nutraukimo metu nam\u0173 tinklas b\u016bt\u0173 nuolat maitinamas elektros energija.<\/p>\n<h3 style=\"font-family:&quot;Microsoft YaHei&quot;;letter-spacing:normal;text-align:start;white-space:normal;color:rgb(0, 0, 0)\" align=\"start\"><strong>Besi\u016blis 2000 W NM &lt; 10 ms<\/strong><\/h3>\n<p style=\"font-family:&quot;Microsoft YaHei&quot;;font-size:medium;font-weight:400;letter-spacing:normal;text-align:start;white-space:normal;color:rgb(0, 0, 0)\" align=\"start\">\u201eBP2000 Pro\u201c atkuria j\u016bs\u0173 \u012frengini\u0173 maitinim\u0105 per ma\u017eiau nei 10 milisekund\u017ei\u0173, taip i\u0161vengdamas galim\u0173 sutrikim\u0173 ir u\u017etikrindamas saugum\u0105.<\/p>\n<h3 style=\"font-family:&quot;Microsoft YaHei&quot;;letter-spacing:normal;text-align:start;white-space:normal;color:rgb(0, 0, 0)\" align=\"start\"><strong>Viskas viename program\u0117l\u0117je<\/strong><\/h3>\n<p style=\"font-family:&quot;Microsoft YaHei&quot;;font-size:medium;font-weight:400;letter-spacing:normal;text-align:start;white-space:normal;color:rgb(0, 0, 0)\" align=\"start\">Naudodami i\u0161mani\u0105j\u0105 program\u0117l\u0119, patogiai valdykite ir steb\u0117kite BP2000 Pro i\u0161 savo telefono.<\/p>\n<h3 style=\"font-family:&quot;Microsoft YaHei&quot;;letter-spacing:normal;text-align:start;white-space:normal;color:rgb(0, 0, 0)\" align=\"start\"><strong>Saugiausios LiFePO4 baterijos<\/strong><\/h3>\n<p style=\"font-family:&quot;Microsoft YaHei&quot;;font-size:medium;font-weight:400;letter-spacing:normal;text-align:start;white-space:normal;color:rgb(0, 0, 0)\" align=\"start\">Saugumas yra svarbiausia. BP2000 Pro modelyje \u012fmontuotos LiFePO\u2084 baterijos, \u017einomos d\u0117l didelio terminio stabilumo, ilgesn\u0117s ciklo trukm\u0117s ir didesnio saugumo, palyginti su kit\u0173 tip\u0173 baterijomis.<\/p>\n<p><\/p>\n<h2 style=\"font-family:&quot;Microsoft YaHei&quot;;font-size:14px;letter-spacing:normal;text-align:start;white-space:normal;color:rgb(0, 0, 0);margin:10px 0px;margin-bottom:10px;margin-top:10px;margin-left:0px;margin-right:0px;padding:0px;padding-bottom:0px;padding-top:0px;padding-left:0px;padding-right:0px\" align=\"start\"><span style=\"font-size:26px\"><strong>Specifikacija<\/strong><\/span><\/h2>\n<p><\/p>\n<table style=\"border-collapse:collapse;font-family:&quot;Microsoft YaHei&quot;;width:1000px\" class=\"jbEidtTable\" border=\"1\" cellpadding=\"5\" cellspacing=\"0\">\n<tbody>\n<tr>\n<td style=\"text-align:left\" align=\"left\">\n<p><strong>Bendra<\/strong><\/p>\n<\/td>\n<td style=\"text-align:left\" align=\"left\">\n<p>Prek\u0117s \u017eenklas: OUKITEL\u00a0<br \/>Tipas: Ne\u0161iojama elektrin\u0117<br \/>Modelis: BP2000 Pro<br \/>Spalva: juoda + sidabrin\u0117<\/p>\n<\/td>\n<\/tr>\n<tr>\n<td style=\"text-align:left\" align=\"left\">\n<p><strong>Specifikacija<\/strong><\/p>\n<\/td>\n<td style=\"text-align:left\" align=\"left\">\n<p>Baterijos tipas: LiFePO4 (li\u010dio gele\u017eies fosfatas)<br \/>Talpa: 2048 Wh (51,2 V, 40 Ah)<br \/>Valdymo sistema: MPPT valdiklis, BMS ir kt.<br \/>Gyvavimo ciklai: 3500+ cikl\u0173 iki 80% pradin\u0117s talpos<br \/>Kintamosios srov\u0117s i\u0161vestis: 5 prievadai * AC 3600W<br \/>Inverterio tipas: gryna sinusin\u0117 banga<br \/>USB-C prievadas: 2 * PD100W<br \/>USB-A prievadas: 2 x 12 W (5 V \/ 2,4 A) USB-A; 2 x QC3.0-18 W USB-A<br \/>12 V nuolatin\u0117s srov\u0117s lizdai: 1 x 24 V \/ 10 A (kemperio lizdas), 1 x 12 V \/ 10 A (automobilio lizdas), 2 x 12 V \/ 3 A DC5521<br \/>Kintamosios srov\u0117s \u012fvestis: maks. 1800 W, 200\u2013240 V \/ 50 Hz, 10 A<br \/>Saul\u0117s energijos \u012fvestis: maks. 1000 W (MPPT), 12\u2013120 V \/ 15 A, 1 * XT60 prievadas<br \/>Automobilio \u012fvestis: 12V\/8A, 24V\/10A<br \/>Maksimali \u012fvestis: 2800 W, su kintamosios srov\u0117s + saul\u0117s energijos \u012fvestimi<br \/>Kintamosios srov\u0117s \u012fkrovimas (1500 W): 1,5 valandos<br \/>Saul\u0117s energijos \u012fkrovimas (1000 W): 2,5 valandos<br \/>Kintamoji srov\u0117 + saul\u0117s energija (2500 W): 1,0 valandos<br \/>Mastelio keitimas: i\u0161pl\u0117skite iki 7xB2000<br \/>Darbin\u0117 temperat\u016bra: 32\u2109-104\u2109\/0\u2103-40\u2103<br \/>Laikymo temperat\u016bra: 14\u2109-104\u2109\/-10\u2103-40\u2103<br \/>Sertifikatai: CE, FCC, PSE, UN38.3, EMC, LVD, RoHS, MSDS<\/p>\n<\/td>\n<\/tr>\n<tr>\n<td style=\"text-align:left\" align=\"left\">\n<p><strong>Svoris ir dydis<\/strong><\/p>\n<\/td>\n<td style=\"text-align:left\" align=\"left\">\n<p>Produkto svoris: 26 kg<br \/>Pakuot\u0117s svoris: 30 kg<br \/>Pakuot\u0117s dydis (ilgis x plotis x auk\u0161tis): 57 \u00d7 39,2 \u00d7 39,5 cm<\/p>\n<\/td>\n<\/tr>\n<tr>\n<td style=\"text-align:left\" align=\"left\">\n<p><strong>Pakuot\u0117s turinys<\/strong><\/p>\n<\/td>\n<td style=\"text-align:left\" align=\"left\">\n<p>1 x Ne\u0161iojama elektrin\u0117<br \/>1 x maitinimo adapteris<br \/>1 x MC4 kabelis<br \/>1 x automobilio \u012fkrovimo laidas<br \/>1 x Naudotojo vadovas<br \/>1 x Garantijos kortel\u0117<\/p>\n<\/td>\n<\/tr>\n<\/tbody>\n<\/table>\n<p><\/p>\n<p><img decoding=\"async\" src=\"https:\/\/ae01.alicdn.com\/kf\/S332dc530d03b444fa2000bdbe8b20970U.jpg\" slate-data-type=\"image\"\/><img decoding=\"async\" src=\"https:\/\/ae01.alicdn.com\/kf\/Se51eaf8d1f264aa2bf627bf37343d60bM.jpg\" slate-data-type=\"image\"\/><img decoding=\"async\" src=\"https:\/\/ae01.alicdn.com\/kf\/S59e2f1b89f314d8b83e03959923a9002y.jpg\" slate-data-type=\"image\"\/><img decoding=\"async\" src=\"https:\/\/ae01.alicdn.com\/kf\/S950d631d48944e7cb9a4bd10d5c45c69t.jpg\" slate-data-type=\"image\"\/><img decoding=\"async\" src=\"https:\/\/ae01.alicdn.com\/kf\/S6e134e180deb43b4a407aa4a6426845bc.jpg\" slate-data-type=\"image\"\/><img decoding=\"async\" src=\"https:\/\/ae01.alicdn.com\/kf\/S152b94f89602426d92019c09614b376fZ.jpg\" slate-data-type=\"image\"\/><img decoding=\"async\" src=\"https:\/\/ae01.alicdn.com\/kf\/S87f5a22b7f944c658a12446505152eb88.jpg\" slate-data-type=\"image\"\/><img decoding=\"async\" src=\"https:\/\/ae01.alicdn.com\/kf\/S53c4571dd31a49258dbe296f17556194w.jpg\" slate-data-type=\"image\"\/><\/p>","protected":false},"excerpt":{"rendered":"<p>Nominal Capacity:&nbsp;&gt;3500mAh Model Number:&nbsp;OUKITEL BP2000Pro Type:&nbsp;LiFePO4 Set Type:&nbsp;Charger Sets Brand:&nbsp;OUKITEL Model:&nbsp;BP2000 Pro Battery Type:&nbsp;LiFePO4(Lithium Iron Phosphate) Capacity:&nbsp;2048Wh (51.2V, 40Ah) Inverter Type:&nbsp;Pure Sine Wave AC Output:&nbsp;5 ports*AC 3600W Solar Input:&nbsp;Max.1000W(MPPT), 12-120V\/15A,<\/p>","protected":false},"featured_media":21763,"comment_status":"open","ping_status":"closed","template":"","meta":{"_acf_changed":false},"product_brand":[],"product_cat":[515],"product_tag":[],"class_list":{"0":"post-21762","1":"product","2":"type-product","3":"status-publish","4":"has-post-thumbnail","6":"product_cat-portable-power-stations","8":"first","9":"instock","10":"shipping-taxable","11":"purchasable","12":"product-type-simple"},"acf":[],"_links":{"self":[{"href":"https:\/\/www.electricstore.eu\/lt\/wp-json\/wp\/v2\/product\/21762","targetHints":{"allow":["GET"]}}],"collection":[{"href":"https:\/\/www.electricstore.eu\/lt\/wp-json\/wp\/v2\/product"}],"about":[{"href":"https:\/\/www.electricstore.eu\/lt\/wp-json\/wp\/v2\/types\/product"}],"replies":[{"embeddable":true,"href":"https:\/\/www.electricstore.eu\/lt\/wp-json\/wp\/v2\/comments?post=21762"}],"wp:featuredmedia":[{"embeddable":true,"href":"https:\/\/www.electricstore.eu\/lt\/wp-json\/wp\/v2\/media\/21763"}],"wp:attachment":[{"href":"https:\/\/www.electricstore.eu\/lt\/wp-json\/wp\/v2\/media?parent=21762"}],"wp:term":[{"taxonomy":"product_brand","embeddable":true,"href":"https:\/\/www.electricstore.eu\/lt\/wp-json\/wp\/v2\/product_brand?post=21762"},{"taxonomy":"product_cat","embeddable":true,"href":"https:\/\/www.electricstore.eu\/lt\/wp-json\/wp\/v2\/product_cat?post=21762"},{"taxonomy":"product_tag","embeddable":true,"href":"https:\/\/www.electricstore.eu\/lt\/wp-json\/wp\/v2\/product_tag?post=21762"}],"curies":[{"name":"wp","href":"https:\/\/api.w.org\/{rel}","templated":true}]}}