{"id":21747,"date":"2025-05-20T18:26:38","date_gmt":"2025-05-20T18:26:38","guid":{"rendered":"https:\/\/electricstore.eu\/p\/uncategorized\/fossibot-f3600-pro-3600w-pure-sine-wave-power-station-13-output-ports-11520wh-expansion-app-control-energy-storage-power-station-solar-charge-1-5h-full-charge\/"},"modified":"2025-05-20T18:26:39","modified_gmt":"2025-05-20T18:26:39","slug":"fossibot-f3600-pro-3600w-pure-sine-wave-power-station-13-output-ports-11520wh-expansion-app-control-energy-storage-power-station-solar-charge-1-5h-full-charge","status":"publish","type":"product","link":"https:\/\/www.electricstore.eu\/lt\/p\/batteries\/portable-power-stations\/fossibot-f3600-pro-3600w-pure-sine-wave-power-station-13-output-ports-11520wh-expansion-app-control-energy-storage-power-station-solar-charge-1-5h-full-charge\/","title":{"rendered":"\u201eFossibot F3600 Pro\u201c 3600 W grynos sinusin\u0117s bangos elektrin\u0117, 13 i\u0161vesties prievad\u0173, 11520 Wh, i\u0161pl\u0117timo program\u0117l\u0117s valdymas, energijos kaupimo elektrin\u0117, saul\u0117s \u012fkrovimas, pilnas \u012fkrovimas 1,5 val."},"content":{"rendered":"<div class=\"product-specs-list-container\">\n<ul class=\"product-specs-list util-clearfix\">\n<li class=\"product-prop line-limit-length\"><span\n                                        class=\"property-title\">Taikymas:&nbsp;<\/span><span\n                                        class=\"property-desc line-limit-length\">Saul\u0117s energijos kaupimas<\/span>\n                            <\/li>\n<li class=\"product-prop line-limit-length\"><span\n                                        class=\"property-title\">Nominali talpa:&nbsp;<\/span><span\n                                        class=\"property-desc line-limit-length\">3840 Wh<\/span>\n                            <\/li>\n<li class=\"product-prop line-limit-length\"><span\n                                        class=\"property-title\">Modelio numeris:&nbsp;<\/span><span\n                                        class=\"property-desc line-limit-length\">F3600 Pro<\/span>\n                            <\/li>\n<li class=\"product-prop line-limit-length\"><span\n                                        class=\"property-title\">Tipas:&nbsp;<\/span><span\n                                        class=\"property-desc line-limit-length\">LiFePO4<\/span>\n                            <\/li>\n<li class=\"product-prop line-limit-length\"><span\n                                        class=\"property-title\">Rinkinio tipas:&nbsp;<\/span><span\n                                        class=\"property-desc line-limit-length\">\u012ekrovikli\u0173 rinkiniai<\/span>\n                            <\/li>\n<li class=\"product-prop line-limit-length\"><span\n                                        class=\"property-title\">Prek\u0117s \u017eenklas:&nbsp;<\/span><span\n                                        class=\"property-desc line-limit-length\">FOSSiBOT<\/span>\n                            <\/li>\n<li class=\"product-prop line-limit-length\"><span\n                                        class=\"property-title\">Modelis:&nbsp;<\/span><span\n                                        class=\"property-desc line-limit-length\">F3600 Pro<\/span>\n                            <\/li>\n<li class=\"product-prop line-limit-length\"><span\n                                        class=\"property-title\">Talpa:&nbsp;<\/span><span\n                                        class=\"property-desc line-limit-length\">3840 Wh LiFePO4<\/span>\n                            <\/li>\n<li class=\"product-prop line-limit-length\"><span\n                                        class=\"property-title\">Maksimali akumuliatoriaus talpa:&nbsp;<\/span><span\n                                        class=\"property-desc line-limit-length\">11520 Wh<\/span>\n                            <\/li>\n<li class=\"product-prop line-limit-length\"><span\n                                        class=\"property-title\">Kintamosios srov\u0117s i\u0161vestis:&nbsp;<\/span><span\n                                        class=\"property-desc line-limit-length\">3600 W<\/span>\n                            <\/li>\n<li class=\"product-prop line-limit-length\"><span\n                                        class=\"property-title\">Maksimali \u012fvestis:&nbsp;<\/span><span\n                                        class=\"property-desc line-limit-length\">4200 W<\/span>\n                            <\/li>\n<li class=\"product-prop line-limit-length\"><span\n                                        class=\"property-title\">Maksimali galia:&nbsp;<\/span><span\n                                        class=\"property-desc line-limit-length\">4168W<\/span>\n                            <\/li>\n<li class=\"product-prop line-limit-length\"><span\n                                        class=\"property-title\">1-oji savyb\u0117:&nbsp;<\/span><span\n                                        class=\"property-desc line-limit-length\">Ne\u0161iojama baterija<\/span>\n                            <\/li>\n<li class=\"product-prop line-limit-length\"><span\n                                        class=\"property-title\">2 funkcijos:&nbsp;<\/span><span\n                                        class=\"property-desc line-limit-length\">Ne\u0161iojama prane\u0161ama galia<\/span>\n                            <\/li>\n<li class=\"product-prop line-limit-length\"><span\n                                        class=\"property-title\">03 funkcijos:&nbsp;<\/span><span\n                                        class=\"property-desc line-limit-length\">Bluetti elektrin\u0117<\/span>\n                            <\/li>\n<li class=\"product-prop line-limit-length\"><span\n                                        class=\"property-title\">04 funkcijos:&nbsp;<\/span><span\n                                        class=\"property-desc line-limit-length\">Ne\u0161iojama kempingo baterija<\/span>\n                            <\/li>\n<li class=\"product-prop line-limit-length\"><span\n                                        class=\"property-title\">05 funkcijos:&nbsp;<\/span><span\n                                        class=\"property-desc line-limit-length\">3600 W ne\u0161iojama elektrin\u0117<\/span>\n                            <\/li>\n<li class=\"product-prop line-limit-length\"><span\n                                        class=\"property-title\">Pilnas \u012fkrovimas:&nbsp;<\/span><span\n                                        class=\"property-desc line-limit-length\">4200 W \u012fkrovimas per 1,5 val.<\/span>\n                            <\/li>\n<li class=\"product-prop line-limit-length\"><span\n                                        class=\"property-title\">Maksimalus kintamosios srov\u0117s \u012fkrovimas:&nbsp;<\/span><span\n                                        class=\"property-desc line-limit-length\">2200 W<\/span>\n                            <\/li>\n<li class=\"product-prop line-limit-length\"><span\n                                        class=\"property-title\">Maksimalus saul\u0117s energijos \u012fkrovimas::&nbsp;<\/span><span\n                                        class=\"property-desc line-limit-length\">2000 W<\/span>\n                            <\/li>\n<li class=\"product-prop line-limit-length\"><span\n                                        class=\"property-title\">Inverterio tipas:&nbsp;<\/span><span\n                                        class=\"property-desc line-limit-length\">Grynas sinusinis bangos<\/span>\n                            <\/li>\n<\/ul><\/div>\n<div class=\"detailmodule_html\">\n<div class=\"detail-desc-decorate-richtext\">\n<p style=\"font-family:&quot;Microsoft YaHei&quot;;font-size:medium;font-weight:400;letter-spacing:normal;text-align:start;white-space:normal;color:rgb(0, 0, 0)\" align=\"start\"><strong><span style=\"font-size:x-large\">Svarbiausi dalykai:<\/span><\/strong><\/p>\n<div><\/div>\n<p style=\"font-family:&quot;Microsoft YaHei&quot;;font-size:medium;font-weight:400;letter-spacing:normal;text-align:start;white-space:normal;color:rgb(0, 0, 0)\" align=\"start\">Nepaisant didel\u0117s talpos, \u201eF3600 Pro\u201c i\u0161lieka nepaprastai ne\u0161iojamas \u2013 vos 42 kg. Kompakti\u0161ki matmenys ir tvirti ratai su i\u0161traukiama rankena leid\u017eia j\u012f lengvai transportuoti. Puikiai tinka stovyklavimui, kelion\u0117ms su baga\u017eu arba kaip atsarginis energijos \u0161altinis avariniu atveju.<\/p>\n<h3 style=\"font-family:&quot;Microsoft YaHei&quot;;letter-spacing:normal;text-align:start;white-space:normal;color:rgb(0, 0, 0)\" align=\"start\"><strong>Lengvas dizainas ir perkeliamumas<\/strong><\/h3>\n<p style=\"font-family:&quot;Microsoft YaHei&quot;;font-size:medium;font-weight:400;letter-spacing:normal;text-align:start;white-space:normal;color:rgb(0, 0, 0)\" align=\"start\">Sukurtas su itin saugiu LiFePO4 akumuliatoriumi, \u201eF3600 Pro\u201c u\u017etikrina stabil\u0173 ir saug\u0173 veikim\u0105 per 6500 \u012fkrovimo \/ i\u0161krovimo cikl\u0173, tod\u0117l tarnavimo laikas prilygsta elektrin\u0117ms transporto priemon\u0117ms. \u0160i pa\u017eangi akumuliatori\u0173 technologija garantuoja patikim\u0105 veikim\u0105 daugiau nei de\u0161imtmet\u012f.<\/p>\n<h3 style=\"font-family:&quot;Microsoft YaHei&quot;;letter-spacing:normal;text-align:start;white-space:normal;color:rgb(0, 0, 0)\" align=\"start\"><strong>Didelio saugumo LiFePO4 akumuliatorius<\/strong><\/h3>\n<p style=\"font-family:&quot;Microsoft YaHei&quot;;font-size:medium;font-weight:400;letter-spacing:normal;text-align:start;white-space:normal;color:rgb(0, 0, 0)\" align=\"start\">\u201eF3600 Pro\u201c turi plat\u0173 \u012fkrovimo prievad\u0173 rinkin\u012f, \u012fskaitant 1x PD 100W, 3x PD 20W, 2x QC3.0, 1x cigare\u010di\u0173 degiklio lizd\u0105, 2x DC5521 12V\/3A, 1x XT60 12V\/25A ir 3x kintamosios srov\u0117s lizdus. D\u0117l plataus jung\u010di\u0173 pasirinkimo jis suderinamas su prakti\u0161kai bet kokiu \u012frenginiu \u2013 nuo ne\u0161iojam\u0173j\u0173 kompiuteri\u0173 ir i\u0161mani\u0173j\u0173 telefon\u0173 iki didesni\u0173 program\u0173 ir \u012franki\u0173.<\/p>\n<h3 style=\"font-family:&quot;Microsoft YaHei&quot;;letter-spacing:normal;text-align:start;white-space:normal;color:rgb(0, 0, 0)\" align=\"start\"><strong>Viskas \u012fskai\u010diuota \u012fkrovimo parinktys<\/strong><\/h3>\n<p style=\"font-family:&quot;Microsoft YaHei&quot;;font-size:medium;font-weight:400;letter-spacing:normal;text-align:start;white-space:normal;color:rgb(0, 0, 0)\" align=\"start\">Pasitelkdamas pa\u017eangiausi\u0105 greito \u012fkrovimo technologij\u0105, \u201eF3600 Pro\u201c visi\u0161kai \u012fkrauna vos per 1,5 valandos, nes gali atlaikyti iki 4200 W \u012fkrovimo gali\u0105. \u0160is neprilygstamas \u012fkrovimo greitis u\u017etikrina, kad visada b\u016bsite pasiruo\u0161\u0119 kitam nuotykiui ar avarinei situacijai.<\/p>\n<h3 style=\"font-family:&quot;Microsoft YaHei&quot;;letter-spacing:normal;text-align:start;white-space:normal;color:rgb(0, 0, 0)\" align=\"start\"><strong>Pa\u017eangi \u012fkrovimo technologija<\/strong><\/h3>\n<p style=\"font-family:&quot;Microsoft YaHei&quot;;font-size:medium;font-weight:400;letter-spacing:normal;text-align:start;white-space:normal;color:rgb(0, 0, 0)\" align=\"start\">\u201eFOSSiBOT F3600 Pro\u201c turi pagrindin\u0119 3840 Wh didel\u0117s talpos baterij\u0105, kuri\u0105 galima i\u0161pl\u0117sti iki 11520 Wh prijungus du papildomus akumuliatori\u0173 blokus, taip u\u017etikrinant \u012fsp\u016bding\u0105 3600 W gali\u0105.<\/p>\n<h3 style=\"font-family:&quot;Microsoft YaHei&quot;;letter-spacing:normal;text-align:start;white-space:normal;color:rgb(0, 0, 0)\" align=\"start\"><strong>3840 Wh didel\u0117s talpos<\/strong><\/h3>\n<h2 style=\"font-family:&quot;Microsoft YaHei&quot;;font-size:14px;letter-spacing:normal;text-align:start;white-space:normal;color:rgb(0, 0, 0);margin:10px 0px;margin-bottom:10px;margin-top:10px;margin-left:0px;margin-right:0px;padding:0px;padding-bottom:0px;padding-top:0px;padding-left:0px;padding-right:0px\" align=\"start\"><span style=\"font-size:26px\"><strong>Specifikacija:<\/strong><\/span><\/h2>\n<div>\u00a0<\/div>\n<table style=\"border-collapse:collapse;font-family:&quot;Microsoft YaHei&quot;;width:1000px\" class=\"jbEidtTable\" border=\"1\" cellpadding=\"5\" cellspacing=\"0\">\n<tbody>\n<tr>\n<td style=\"text-align:left;height:89px\" align=\"left\">\n<p><strong>Bendra<\/strong><\/p>\n<\/td>\n<td style=\"text-align:left;height:89px\" align=\"left\">\n<p>Prek\u0117s \u017eenklas: FOSSiBOT<br \/>Tipas: Ne\u0161iojama elektrin\u0117<br \/>Modelis: F3600 Pro<br \/>Spalva: juoda<\/p>\n<\/td>\n<\/tr>\n<tr>\n<td style=\"text-align:left;height:22px\" align=\"left\">\n<p><strong>Specifikacija<\/strong><\/p>\n<\/td>\n<td style=\"text-align:left;height:22px\" align=\"left\">\n<p>Talpa: 3840 Wh LiFePO4<br \/>Maksimali akumuliatoriaus talpa: 11520 Wh<br \/>Kintamosios srov\u0117s i\u0161vestis: 3600 W<br \/>Maksimali \u012fvesties galia: 4200 W<br \/>Maksimali galia: 4168 W<br \/>Pilnas \u012fkrovimas: 4200 W \u012fkrovimas per 1,5 val.<br \/>Maksimali kintamosios srov\u0117s \u012fkrovimo galia: 2200 W<br \/>Maksimalus saul\u0117s energijos \u012fkrovimas: 2000 W<br \/>UPS: &lt;10 ms<br \/>I\u0161vesties prievadai: 1 * PD 100W, 3 * PD 20W, 2 * QC3.0, 1 * cigare\u010di\u0173 \u017eiebtuv\u0117lio lizdas, 2 * DC5521 12V\/3A, 1 * XT60 12V\/25A, 3 * kintamosios srov\u0117s lizdas<\/p>\n<\/td>\n<\/tr>\n<tr>\n<td style=\"text-align:left;height:67px\" align=\"left\">\n<p><strong>Svoris ir dydis<\/strong><\/p>\n<\/td>\n<td style=\"text-align:left;height:67px\" align=\"left\">\n<p>Produkto svoris: 37,8 kg<br \/>Pakuot\u0117s svoris: 40 kg<br \/>Pakuot\u0117s dydis (ilgis x plotis x auk\u0161tis): 69,4 \u00d7 40,4 \u00d7 58,7 cm<\/p>\n<\/td>\n<\/tr>\n<tr>\n<td style=\"text-align:left;height:44px\" align=\"left\">\n<p><strong>Konteineri\u0173 pakuot\u0117<\/strong><\/p>\n<\/td>\n<td style=\"text-align:left;height:44px\" align=\"left\">\n<p>1 x F3600 Pro ne\u0161iojama elektrin\u0117<br \/>1 x kintamosios srov\u0117s \u012fkrovimo laidas<br \/>1 x automobilio \u012fkrovimo laidas<br \/>1 x XT90 saul\u0117s \u012fkrovimo kabelis<br \/>1 x odinis rankenos d\u0117klas<br \/>1 x Laikymo krep\u0161io laidas<br \/>1 x Ne\u0161iojamas \u017eibintuv\u0117lis<br \/>1 x \u017eibintuv\u0117lio USB laidas ir naudotojo vadovas<br \/>1 x F3600 Pro naudotojo vadovas<\/p>\n<\/td>\n<\/tr>\n<\/tbody>\n<\/table>\n<div><\/div>\n<p style=\"font-family:&quot;Microsoft YaHei&quot;;font-size:medium;font-weight:400;letter-spacing:normal;text-align:start;white-space:normal;color:rgb(0, 0, 0)\" align=\"start\"><img decoding=\"async\" src=\"https:\/\/ae01.alicdn.com\/kf\/S0b66e07efe794656be6040e2dd7eb405v.jpg\" slate-data-type=\"image\"\/><img decoding=\"async\" src=\"https:\/\/ae01.alicdn.com\/kf\/Sf0200d359fc34c69ba58c7df4c52e4c6f.jpg\" slate-data-type=\"image\"\/><img decoding=\"async\" src=\"https:\/\/ae01.alicdn.com\/kf\/S9c876170fd84491294222e07ae571519Q.jpg\" slate-data-type=\"image\"\/><img decoding=\"async\" src=\"https:\/\/ae01.alicdn.com\/kf\/S704f9709a4ad4b498fa599486bf2228cg.jpg\" slate-data-type=\"image\"\/><img decoding=\"async\" src=\"https:\/\/ae01.alicdn.com\/kf\/S82bd45945a0c49ccbabde11e2b8032540.jpg\" slate-data-type=\"image\"\/><img decoding=\"async\" src=\"https:\/\/ae01.alicdn.com\/kf\/Sd1d7f5ce9fb24519a8e64a8b4eebcfccf.jpg\" slate-data-type=\"image\"\/><img decoding=\"async\" src=\"https:\/\/ae01.alicdn.com\/kf\/S2f6920421fca41c288f702601c1b7bdbJ.jpg\" slate-data-type=\"image\"\/><img decoding=\"async\" src=\"https:\/\/ae01.alicdn.com\/kf\/S40da7d67f1dd44728c59cf61f59ec67ez.jpg\" slate-data-type=\"image\"\/><img decoding=\"async\" src=\"https:\/\/ae01.alicdn.com\/kf\/S2ecdb627e9e045fc9492324af0249d21p.jpg\" slate-data-type=\"image\"\/><img decoding=\"async\" src=\"https:\/\/ae01.alicdn.com\/kf\/Sbed8267e552e4855a17176a49cb688ad0.jpg\" slate-data-type=\"image\"\/><img decoding=\"async\" src=\"https:\/\/ae01.alicdn.com\/kf\/Sd3bd1be0078443719fa9e4a41be75fc7e.jpg\" slate-data-type=\"image\"\/><img decoding=\"async\" src=\"https:\/\/ae01.alicdn.com\/kf\/S01dbbee3bdad4234b3ddf24c95c6b517g.jpg\" slate-data-type=\"image\"\/><img decoding=\"async\" src=\"https:\/\/ae01.alicdn.com\/kf\/S128df8e1f4024ba9aff35b5066d72144A.jpg\" slate-data-type=\"image\"\/><img decoding=\"async\" src=\"https:\/\/ae01.alicdn.com\/kf\/S80073624b396410095b68e050b19072aK.jpg\" slate-data-type=\"image\"\/><img decoding=\"async\" src=\"https:\/\/ae01.alicdn.com\/kf\/Scb9bbd9f52d74e4f812bc0b3c65ea800o.jpg\" slate-data-type=\"image\"\/><img decoding=\"async\" src=\"https:\/\/ae01.alicdn.com\/kf\/S829a29ee803143e493086cee2e450780u.jpg\" slate-data-type=\"image\"\/><\/p>\n<div><\/div>\n<p><\/p>\n<\/div>\n<\/div>\n<p><\/p>","protected":false},"excerpt":{"rendered":"<p>Application:&nbsp;Solar Power Storage Nominal Capacity:&nbsp;3840Wh Model Number:&nbsp;F3600 Pro Type:&nbsp;LiFePO4 Set Type:&nbsp;Charger Sets Brand:&nbsp;FOSSiBOT Model:&nbsp;F3600 Pro Capacity:&nbsp;3840Wh LiFePO4 Max Battery Capacity:&nbsp;11520Wh AC Output:&nbsp;3600W Max Input:&nbsp;4200W Max Output:&nbsp;4168W Features 01:&nbsp;Portable battery Features<\/p>","protected":false},"featured_media":21748,"comment_status":"open","ping_status":"closed","template":"","meta":{"_acf_changed":false},"product_brand":[],"product_cat":[515],"product_tag":[],"class_list":{"0":"post-21747","1":"product","2":"type-product","3":"status-publish","4":"has-post-thumbnail","6":"product_cat-portable-power-stations","8":"first","9":"instock","10":"shipping-taxable","11":"purchasable","12":"product-type-simple"},"acf":[],"_links":{"self":[{"href":"https:\/\/www.electricstore.eu\/lt\/wp-json\/wp\/v2\/product\/21747","targetHints":{"allow":["GET"]}}],"collection":[{"href":"https:\/\/www.electricstore.eu\/lt\/wp-json\/wp\/v2\/product"}],"about":[{"href":"https:\/\/www.electricstore.eu\/lt\/wp-json\/wp\/v2\/types\/product"}],"replies":[{"embeddable":true,"href":"https:\/\/www.electricstore.eu\/lt\/wp-json\/wp\/v2\/comments?post=21747"}],"wp:featuredmedia":[{"embeddable":true,"href":"https:\/\/www.electricstore.eu\/lt\/wp-json\/wp\/v2\/media\/21748"}],"wp:attachment":[{"href":"https:\/\/www.electricstore.eu\/lt\/wp-json\/wp\/v2\/media?parent=21747"}],"wp:term":[{"taxonomy":"product_brand","embeddable":true,"href":"https:\/\/www.electricstore.eu\/lt\/wp-json\/wp\/v2\/product_brand?post=21747"},{"taxonomy":"product_cat","embeddable":true,"href":"https:\/\/www.electricstore.eu\/lt\/wp-json\/wp\/v2\/product_cat?post=21747"},{"taxonomy":"product_tag","embeddable":true,"href":"https:\/\/www.electricstore.eu\/lt\/wp-json\/wp\/v2\/product_tag?post=21747"}],"curies":[{"name":"wp","href":"https:\/\/api.w.org\/{rel}","templated":true}]}}