{"id":21690,"date":"2025-05-20T18:21:12","date_gmt":"2025-05-20T18:21:12","guid":{"rendered":"https:\/\/electricstore.eu\/p\/uncategorized\/daranener-neo2000-portable-power-station-2073-6wh-lifepo4-battery-solar-generator-2000w-ac-output-1-8h-full-charge\/"},"modified":"2025-05-20T18:21:19","modified_gmt":"2025-05-20T18:21:19","slug":"daranener-neo2000-portable-power-station-2073-6wh-lifepo4-battery-solar-generator-2000w-ac-output-1-8h-full-charge","status":"publish","type":"product","link":"https:\/\/www.electricstore.eu\/lt\/p\/batteries\/portable-power-stations\/daranener-neo2000-portable-power-station-2073-6wh-lifepo4-battery-solar-generator-2000w-ac-output-1-8h-full-charge\/","title":{"rendered":"\u201eDaranEner NEO2000\u201c ne\u0161iojama elektrin\u0117, 2073,6 Wh li\u010dio jon\u0173 (LiFePO4) baterijos, saul\u0117s generatorius, 2000 W kintamosios srov\u0117s i\u0161vestis, 1,8 val. pilnas \u012fkrovimas"},"content":{"rendered":"<div class=\"product-specs-list-container\">\n<ul class=\"product-specs-list util-clearfix\">\n<li class=\"product-prop line-limit-length\"><span\n                                        class=\"property-title\">Nominali talpa:&nbsp;<\/span><span\n                                        class=\"property-desc line-limit-length\">&gt;3500 mAh<\/span>\n                            <\/li>\n<li class=\"product-prop line-limit-length\"><span\n                                        class=\"property-title\">Modelio numeris:&nbsp;<\/span><span\n                                        class=\"property-desc line-limit-length\">DaranEner NEO2000<\/span>\n                            <\/li>\n<li class=\"product-prop line-limit-length\"><span\n                                        class=\"property-title\">Tipas:&nbsp;<\/span><span\n                                        class=\"property-desc line-limit-length\">LiFePO4<\/span>\n                            <\/li>\n<li class=\"product-prop line-limit-length\"><span\n                                        class=\"property-title\">Rinkinio tipas:&nbsp;<\/span><span\n                                        class=\"property-desc line-limit-length\">\u012ekrovikli\u0173 rinkiniai<\/span>\n                            <\/li>\n<li class=\"product-prop line-limit-length\"><span\n                                        class=\"property-title\">Modelis:&nbsp;<\/span><span\n                                        class=\"property-desc line-limit-length\">NEO2000<\/span>\n                            <\/li>\n<li class=\"product-prop line-limit-length\"><span\n                                        class=\"property-title\">Prek\u0117s \u017eenklas:&nbsp;<\/span><span\n                                        class=\"property-desc line-limit-length\">DaranEner<\/span>\n                            <\/li>\n<li class=\"product-prop line-limit-length\"><span\n                                        class=\"property-title\">Talpa:&nbsp;<\/span><span\n                                        class=\"property-desc line-limit-length\">2073,6 Wh<\/span>\n                            <\/li>\n<li class=\"product-prop line-limit-length\"><span\n                                        class=\"property-title\">Baterijos tipas:&nbsp;<\/span><span\n                                        class=\"property-desc line-limit-length\">LiFePO4<\/span>\n                            <\/li>\n<li class=\"product-prop line-limit-length\"><span\n                                        class=\"property-title\">Kintamosios srov\u0117s i\u0161vestis:&nbsp;<\/span><span\n                                        class=\"property-desc line-limit-length\">2000W (Max. 3000W) 230V 50Hz\/60Hz<\/span>\n                            <\/li>\n<li class=\"product-prop line-limit-length\"><span\n                                        class=\"property-title\">Saul\u0117s \u012fkrovimas:&nbsp;<\/span><span\n                                        class=\"property-desc line-limit-length\">Maks. 600 W (XT60 prievadas 33\u201360 V \/ 20 A)<\/span>\n                            <\/li>\n<li class=\"product-prop line-limit-length\"><span\n                                        class=\"property-title\">Belaidis \u012fkrovimas:&nbsp;<\/span><span\n                                        class=\"property-desc line-limit-length\">5 W \/ 7,5 W \/ 10 W<\/span>\n                            <\/li>\n<li class=\"product-prop line-limit-length\"><span\n                                        class=\"property-title\">UPS i\u0161vestis:&nbsp;<\/span><span\n                                        class=\"property-desc line-limit-length\">Maks. 1600 W<\/span>\n                            <\/li>\n<li class=\"product-prop line-limit-length\"><span\n                                        class=\"property-title\">1-oji savyb\u0117:&nbsp;<\/span><span\n                                        class=\"property-desc line-limit-length\">ne\u0161iojama elektrin\u0117<\/span>\n                            <\/li>\n<li class=\"product-prop line-limit-length\"><span\n                                        class=\"property-title\">2 funkcijos:&nbsp;<\/span><span\n                                        class=\"property-desc line-limit-length\">elektrin\u0117<\/span>\n                            <\/li>\n<li class=\"product-prop line-limit-length\"><span\n                                        class=\"property-title\">03 funkcijos:&nbsp;<\/span><span\n                                        class=\"property-desc line-limit-length\">ne\u0161iojama saul\u0117s elektrin\u0117<\/span>\n                            <\/li>\n<li class=\"product-prop line-limit-length\"><span\n                                        class=\"property-title\">04 funkcijos:&nbsp;<\/span><span\n                                        class=\"property-desc line-limit-length\">portable power station 2000w<\/span>\n                            <\/li>\n<li class=\"product-prop line-limit-length\"><span\n                                        class=\"property-title\">05 funkcijos:&nbsp;<\/span><span\n                                        class=\"property-desc line-limit-length\">saul\u0117s generatorius<\/span>\n                            <\/li>\n<li class=\"product-prop line-limit-length\"><span\n                                        class=\"property-title\">06 funkcijos:&nbsp;<\/span><span\n                                        class=\"property-desc line-limit-length\">\u012fkrovimo stotel\u0117s<\/span>\n                            <\/li>\n<\/ul><\/div>\n<p><\/p>\n<h1 style=\"font-family:&quot;Open Sans&quot;, Roboto, Arial, Helvetica, sans-serif, SimSun;letter-spacing:normal;text-align:start;white-space:normal;color:rgb(34, 34, 34);box-sizing:border-box\" align=\"start\"><span style=\"color:rgb(0, 0, 0)\"><strong>Svarbiausi dalykai<\/strong><\/span><\/h1>\n<p style=\"font-family:&quot;Open Sans&quot;, Roboto, Arial, Helvetica, sans-serif, SimSun;font-size:14px;font-weight:400;letter-spacing:normal;line-height:inherit;text-align:start;white-space:normal;color:rgb(34, 34, 34);margin:0px;margin-bottom:0px;margin-top:0px;margin-left:0px;margin-right:0px;padding:0px;padding-bottom:0px;padding-top:0px;padding-left:0px;padding-right:0px;box-sizing:border-box\" align=\"start\"><\/p>\n<p style=\"font-family:&quot;Open Sans&quot;, Roboto, Arial, Helvetica, sans-serif, SimSun;font-size:14px;font-weight:400;letter-spacing:normal;line-height:inherit;text-align:start;white-space:normal;color:rgb(34, 34, 34);margin:0px;margin-bottom:0px;margin-top:0px;margin-left:0px;margin-right:0px;padding:0px;padding-bottom:0px;padding-top:0px;padding-left:0px;padding-right:0px;box-sizing:border-box\" align=\"start\"><strong><span style=\"font-size:20px\">2073.6Wh Capacity and 2000W AC Output<\/span><\/strong><\/p>\n<p style=\"font-family:&quot;Open Sans&quot;, Roboto, Arial, Helvetica, sans-serif, SimSun;font-size:14px;font-weight:400;letter-spacing:normal;line-height:inherit;text-align:start;white-space:normal;color:rgb(34, 34, 34);margin:0px;margin-bottom:0px;margin-top:0px;margin-left:0px;margin-right:0px;padding:0px;padding-bottom:0px;padding-top:0px;padding-left:0px;padding-right:0px;box-sizing:border-box\" align=\"start\"><span style=\"font-size:20px\">DaranEner NEO2000 portable power station features a 2073.6Wh battery capacity and 2000W AC output (Max. 3000W), which can power most of your electric devices and appliances.<\/span><\/p>\n<h3 style=\"font-family:&quot;Open Sans&quot;, Roboto, Arial, Helvetica, sans-serif, SimSun;letter-spacing:normal;text-align:start;white-space:normal;color:rgb(34, 34, 34);box-sizing:border-box\" align=\"start\"><\/h3>\n<p style=\"font-family:&quot;Open Sans&quot;, Roboto, Arial, Helvetica, sans-serif, SimSun;font-size:14px;font-weight:400;letter-spacing:normal;line-height:inherit;text-align:start;white-space:normal;color:rgb(34, 34, 34);margin:0px;margin-bottom:0px;margin-top:0px;margin-left:0px;margin-right:0px;padding:0px;padding-bottom:0px;padding-top:0px;padding-left:0px;padding-right:0px;box-sizing:border-box\" align=\"start\"><strong><span style=\"font-size:20px\">1.8 Hours Fast Charging\u00a0<\/span><\/strong><\/p>\n<p style=\"font-family:&quot;Open Sans&quot;, Roboto, Arial, Helvetica, sans-serif, SimSun;font-size:14px;font-weight:400;letter-spacing:normal;line-height:inherit;text-align:start;white-space:normal;color:rgb(34, 34, 34);margin:0px;margin-bottom:0px;margin-top:0px;margin-left:0px;margin-right:0px;padding:0px;padding-bottom:0px;padding-top:0px;padding-left:0px;padding-right:0px;box-sizing:border-box\" align=\"start\"><span style=\"font-size:20px\">Ultra-fast charging with adapter-free AC charging cable, fully charging in just 1.8 hours. The built-in MPPT controller supports up to 600W solar input, and 3.5 hours of solar fast charging. Use solar + AC combination charge to full in 1.3 hours.<\/span><\/p>\n<h3 style=\"font-family:&quot;Open Sans&quot;, Roboto, Arial, Helvetica, sans-serif, SimSun;letter-spacing:normal;text-align:start;white-space:normal;color:rgb(34, 34, 34);box-sizing:border-box\" align=\"start\"><\/h3>\n<p style=\"font-family:&quot;Open Sans&quot;, Roboto, Arial, Helvetica, sans-serif, SimSun;font-size:14px;font-weight:400;letter-spacing:normal;line-height:inherit;text-align:start;white-space:normal;color:rgb(34, 34, 34);margin:0px;margin-bottom:0px;margin-top:0px;margin-left:0px;margin-right:0px;padding:0px;padding-bottom:0px;padding-top:0px;padding-left:0px;padding-right:0px;box-sizing:border-box\" align=\"start\"><strong><span style=\"font-size:20px\">10 Years Long Life Span<\/span><\/strong><\/p>\n<p style=\"font-family:&quot;Open Sans&quot;, Roboto, Arial, Helvetica, sans-serif, SimSun;font-size:14px;font-weight:400;letter-spacing:normal;line-height:inherit;text-align:start;white-space:normal;color:rgb(34, 34, 34);margin:0px;margin-bottom:0px;margin-top:0px;margin-left:0px;margin-right:0px;padding:0px;padding-bottom:0px;padding-top:0px;padding-left:0px;padding-right:0px;box-sizing:border-box\" align=\"start\"><span style=\"font-size:20px\">Uses EV-grade safet LiFePO4 battery packs, with a cycle life of more than 3,500 cycles. Even if used once a day, it can be used for more than 10 years. Advanced battery management system (BMS) protects your devices from over-voltage, over-discharge\/charge and over-current\/short circuit, over-temperature, etc., and the pure sine wave output protects home appliances from harm.<\/span><\/p>\n<h3 style=\"font-family:&quot;Open Sans&quot;, Roboto, Arial, Helvetica, sans-serif, SimSun;letter-spacing:normal;text-align:start;white-space:normal;color:rgb(34, 34, 34);box-sizing:border-box\" align=\"start\"><\/h3>\n<p style=\"font-family:&quot;Open Sans&quot;, Roboto, Arial, Helvetica, sans-serif, SimSun;font-size:14px;font-weight:400;letter-spacing:normal;line-height:inherit;text-align:start;white-space:normal;color:rgb(34, 34, 34);margin:0px;margin-bottom:0px;margin-top:0px;margin-left:0px;margin-right:0px;padding:0px;padding-bottom:0px;padding-top:0px;padding-left:0px;padding-right:0px;box-sizing:border-box\" align=\"start\"><strong><span style=\"font-size:20px\">Green Solar Generator<\/span><\/strong><\/p>\n<p style=\"font-family:&quot;Open Sans&quot;, Roboto, Arial, Helvetica, sans-serif, SimSun;font-size:14px;font-weight:400;letter-spacing:normal;line-height:inherit;text-align:start;white-space:normal;color:rgb(34, 34, 34);margin:0px;margin-bottom:0px;margin-top:0px;margin-left:0px;margin-right:0px;padding:0px;padding-bottom:0px;padding-top:0px;padding-left:0px;padding-right:0px;box-sizing:border-box\" align=\"start\"><span style=\"font-size:20px\">NEO2000 solar generator supports pass-through charging, 3 AC outlets (2000W, 3000W peak), 4 DC outlets (12V), 4 USB ports (QC3.0 ), 2 Type-C ports (PD 100W), XT60 solar input port (33-60V\/20A, max 600W), 1 car socket, 15W wireless charging, and 1 LED light. It is the best partner for family emergencies, outdoor work, camping, and RV life.<\/span><\/p>\n<h3 style=\"font-family:&quot;Open Sans&quot;, Roboto, Arial, Helvetica, sans-serif, SimSun;letter-spacing:normal;text-align:start;white-space:normal;color:rgb(34, 34, 34);box-sizing:border-box\" align=\"start\"><\/h3>\n<p style=\"font-family:&quot;Open Sans&quot;, Roboto, Arial, Helvetica, sans-serif, SimSun;font-size:14px;font-weight:400;letter-spacing:normal;line-height:inherit;text-align:start;white-space:normal;color:rgb(34, 34, 34);margin:0px;margin-bottom:0px;margin-top:0px;margin-left:0px;margin-right:0px;padding:0px;padding-bottom:0px;padding-top:0px;padding-left:0px;padding-right:0px;box-sizing:border-box\" align=\"start\"><strong><span style=\"font-size:20px\">15ms UPS System<\/span><\/strong><\/p>\n<p style=\"font-family:&quot;Open Sans&quot;, Roboto, Arial, Helvetica, sans-serif, SimSun;font-size:14px;font-weight:400;letter-spacing:normal;line-height:inherit;text-align:start;white-space:normal;color:rgb(34, 34, 34);margin:0px;margin-bottom:0px;margin-top:0px;margin-left:0px;margin-right:0px;padding:0px;padding-bottom:0px;padding-top:0px;padding-left:0px;padding-right:0px;box-sizing:border-box\" align=\"start\"><span style=\"font-size:20px\">The UPS function of the NEO2000 power station can automatically switch to the internal power supply within 15ms when there is a power outage, and provide power for devices under 2000W to continue working. It is suitable for CPAP, aquarium air pumps, network routers, PC, personal servers, security equipment, lighting equipment, refrigerator, etc.<\/span><\/p>\n<h1 style=\"font-family:&quot;Open Sans&quot;, Roboto, Arial, Helvetica, sans-serif, SimSun;letter-spacing:normal;text-align:start;white-space:normal;color:rgb(34, 34, 34);box-sizing:border-box\" align=\"start\"><strong>Pictures<\/strong><\/h1>\n<p style=\"font-family:&quot;Open Sans&quot;, Roboto, Arial, Helvetica, sans-serif, SimSun;font-size:14px;font-weight:400;letter-spacing:normal;line-height:inherit;text-align:start;white-space:normal;color:rgb(34, 34, 34);margin:0px;margin-bottom:0px;margin-top:0px;margin-left:0px;margin-right:0px;padding:0px;padding-bottom:0px;padding-top:0px;padding-left:0px;padding-right:0px;box-sizing:border-box\" align=\"start\"><img decoding=\"async\" style=\"border:0px;margin:0px;margin-bottom:0px;margin-top:0px;margin-left:0px;margin-right:0px;padding:0px;padding-bottom:0px;padding-top:0px;padding-left:0px;padding-right:0px;max-width:100%;box-sizing:border-box\" src=\"https:\/\/ae01.alicdn.com\/kf\/S427f4087ead94cdfa184f2834f23d0a5a.jpg\" slate-data-type=\"image\"\/><img decoding=\"async\" style=\"border:0px;margin:0px;margin-bottom:0px;margin-top:0px;margin-left:0px;margin-right:0px;padding:0px;padding-bottom:0px;padding-top:0px;padding-left:0px;padding-right:0px;max-width:100%;box-sizing:border-box\" src=\"https:\/\/ae01.alicdn.com\/kf\/S7d6f16ddfa9a426c8b64510a28c5946eA.jpg\" slate-data-type=\"image\"\/><img decoding=\"async\" style=\"border:0px;margin:0px;margin-bottom:0px;margin-top:0px;margin-left:0px;margin-right:0px;padding:0px;padding-bottom:0px;padding-top:0px;padding-left:0px;padding-right:0px;max-width:100%;box-sizing:border-box\" src=\"https:\/\/ae01.alicdn.com\/kf\/Sf99e6439d65d4d1a99b632dee4584932b.jpg\" slate-data-type=\"image\"\/><img decoding=\"async\" style=\"border:0px;margin:0px;margin-bottom:0px;margin-top:0px;margin-left:0px;margin-right:0px;padding:0px;padding-bottom:0px;padding-top:0px;padding-left:0px;padding-right:0px;max-width:100%;box-sizing:border-box\" src=\"https:\/\/ae01.alicdn.com\/kf\/S85edf6eaf19a4279ac35cbeafddf35f9H.jpg\" slate-data-type=\"image\"\/><img decoding=\"async\" style=\"border:0px;margin:0px;margin-bottom:0px;margin-top:0px;margin-left:0px;margin-right:0px;padding:0px;padding-bottom:0px;padding-top:0px;padding-left:0px;padding-right:0px;max-width:100%;box-sizing:border-box\" src=\"https:\/\/ae01.alicdn.com\/kf\/S914cb4a0e17f4d0f9b4e40f45921b384A.jpg\" slate-data-type=\"image\"\/><\/p>\n<h1 style=\"font-family:&quot;Open Sans&quot;, Roboto, Arial, Helvetica, sans-serif, SimSun;letter-spacing:normal;text-align:start;white-space:normal;color:rgb(34, 34, 34);box-sizing:border-box\" align=\"start\"><span style=\"color:rgb(0, 0, 0)\"><strong>Specifikacija<\/strong><\/span><\/h1>\n<p style=\"font-family:&quot;Open Sans&quot;, Roboto, Arial, Helvetica, sans-serif, SimSun;font-size:14px;font-weight:400;letter-spacing:normal;line-height:inherit;text-align:start;white-space:normal;color:rgb(34, 34, 34);margin:0px;margin-bottom:0px;margin-top:0px;margin-left:0px;margin-right:0px;padding:0px;padding-bottom:0px;padding-top:0px;padding-left:0px;padding-right:0px;box-sizing:border-box\" align=\"start\"><\/p>\n<table style=\"border-collapse:collapse;font-family:&quot;Microsoft YaHei&quot;;font-size:14px;text-align:start;color:rgb(34, 34, 34);width:1000px\" class=\"jbEidtTable\" border=\"1\" cellpadding=\"5\" cellspacing=\"0\" align=\"start\">\n<tbody>\n<tr>\n<td style=\"font-size:14px;text-align:left\" align=\"left\">\n<p style=\"line-height:inherit;margin:0px;margin-bottom:0px;margin-top:0px;margin-left:0px;margin-right:0px;padding:0px;padding-bottom:0px;padding-top:0px;padding-left:0px;padding-right:0px;box-sizing:border-box\"><strong>Bendra<\/strong><\/p>\n<\/td>\n<td style=\"font-size:14px;text-align:left\" align=\"left\">\n<p style=\"line-height:inherit;margin:0px;margin-bottom:0px;margin-top:0px;margin-left:0px;margin-right:0px;padding:0px;padding-bottom:0px;padding-top:0px;padding-left:0px;padding-right:0px;box-sizing:border-box\">Prek\u0117s \u017eenklas: DaranEner<br \/>Tipas: Elektrin\u0117<br \/>Modelis: NEO2000<br \/>Spalva: juoda<\/p>\n<\/td>\n<\/tr>\n<tr>\n<td style=\"font-size:14px;text-align:left\" align=\"left\">\n<p style=\"line-height:inherit;margin:0px;margin-bottom:0px;margin-top:0px;margin-left:0px;margin-right:0px;padding:0px;padding-bottom:0px;padding-top:0px;padding-left:0px;padding-right:0px;box-sizing:border-box\"><strong>Specifikacija<\/strong><\/p>\n<\/td>\n<td style=\"font-size:14px;text-align:left\" align=\"left\">\n<p style=\"line-height:inherit;margin:0px;margin-bottom:0px;margin-top:0px;margin-left:0px;margin-right:0px;padding:0px;padding-bottom:0px;padding-top:0px;padding-left:0px;padding-right:0px;box-sizing:border-box\">Talpa: 2073,6 Wh<br \/>Baterijos tipas: LiFePO4<br \/>Gyvavimo ciklai: 3500+ cikl\u0173 iki 80% pradin\u0117s talpos<br \/>Galiojimo laikas: \u012ekraukite iki 80% kas 3\u20136 m\u0117nesius<br \/>Sistema: MPPT valdiklis, BMS ir kt.<br \/>USB-A*4: 5 V 3,6 A \/ 9,0 V 2,5 A \/ 12,0 V 2 A (maks. 24 W)<br \/>USB-C*2: 5 V 3 A \/ 9 V 3 A \/ 15 V 3 A \/ 20 V 3 A \/ 20 V 5 A (maks. 100 W)<br \/>Automobilio lizdas: 12 V 8 A (maks. 120 W)<br \/>AC Output: 220V 50Hz 2000W (Max. 3000W)<br \/>AC Input: Max. 1600W (110V\/15A)<br \/>Saul\u0117s \u012fkrovimas: maks. 600 W (XT60 prievadas 33\u201360 V \/ 20 A)<br \/>Belaidis \u012fkrovimas: 5W \/ 7,5W \/ 10W<br \/>I\u0161krovimo temperat\u016bra: -10\u201345 Celsijaus<br \/>\u012ekrovimo temperat\u016bra: 0\u201345 Celsijaus<br \/>UPS i\u0161vestis: maks. 1600 W<br \/>Keli LED re\u017eimai: 50% \u0161viesumo re\u017eimas, 100% \u0161viesumo re\u017eimas ir SOS blykst\u0117s re\u017eimas.<br \/>Laikymo b\u016bdas: Norint pasiekti geriausi\u0173 rezultat\u0173, rekomenduojama \u012fkrauti kas 3 m\u0117nesius.<\/p>\n<\/td>\n<\/tr>\n<tr>\n<td style=\"font-size:14px;text-align:left\" align=\"left\">\n<p style=\"line-height:inherit;margin:0px;margin-bottom:0px;margin-top:0px;margin-left:0px;margin-right:0px;padding:0px;padding-bottom:0px;padding-top:0px;padding-left:0px;padding-right:0px;box-sizing:border-box\"><strong>Svoris ir dydis<\/strong><\/p>\n<\/td>\n<td style=\"font-size:14px;text-align:left\" align=\"left\">\n<p style=\"line-height:inherit;margin:0px;margin-bottom:0px;margin-top:0px;margin-left:0px;margin-right:0px;padding:0px;padding-bottom:0px;padding-top:0px;padding-left:0px;padding-right:0px;box-sizing:border-box\">Produkto svoris: 25,7 kg<br \/>Pakuot\u0117s svoris: 28,9 kg<br \/>Gaminio matmenys (ilgis x plotis x auk\u0161tis): 47,6 * 34,5 * 26 cm<br \/>Pakuot\u0117s dydis (ilgis x plotis x auk\u0161tis): 62 * 42,5 * 47 cm<\/p>\n<\/td>\n<\/tr>\n<tr>\n<td style=\"font-size:14px;text-align:left\" align=\"left\">\n<p style=\"line-height:inherit;margin:0px;margin-bottom:0px;margin-top:0px;margin-left:0px;margin-right:0px;padding:0px;padding-bottom:0px;padding-top:0px;padding-left:0px;padding-right:0px;box-sizing:border-box\"><strong>Pakuot\u0117s turinys<\/strong><\/p>\n<\/td>\n<td style=\"font-size:14px;text-align:left\" align=\"left\">\n<p style=\"line-height:inherit;margin:0px;margin-bottom:0px;margin-top:0px;margin-left:0px;margin-right:0px;padding:0px;padding-bottom:0px;padding-top:0px;padding-left:0px;padding-right:0px;box-sizing:border-box\">1 x Ne\u0161iojama elektrin\u0117<br \/>1 x kintamosios srov\u0117s \u012fkrovimo laidas<br \/>1 x USB CC kabelis<br \/>1 x MC4\u2013XT60 saul\u0117s \u012fkrovimo kabelis<br \/>1 x Naudotojo vadovas<\/p>\n<\/td>\n<\/tr>\n<\/tbody>\n<\/table>\n<p><\/p>","protected":false},"excerpt":{"rendered":"<p>Nominal Capacity:&nbsp;&gt;3500mAh Model Number:&nbsp;DaranEner NEO2000 Type:&nbsp;LiFePO4 Set Type:&nbsp;Charger Sets Model:&nbsp;NEO2000 Brand:&nbsp;DaranEner Capacity:&nbsp;2073.6Wh Battery Type:&nbsp;LiFePO4 AC Output:&nbsp;2000W (Max. 3000W) 230V 50Hz\/60Hz Solar Charging:&nbsp;Max. 600W (XT60 Port 33-60V\/20A) Wireless Charging:&nbsp;5W\/7.5W\/10W UPS Output:&nbsp;Max.<\/p>","protected":false},"featured_media":21691,"comment_status":"open","ping_status":"closed","template":"","meta":{"_acf_changed":false},"product_brand":[],"product_cat":[515],"product_tag":[],"class_list":{"0":"post-21690","1":"product","2":"type-product","3":"status-publish","4":"has-post-thumbnail","6":"product_cat-portable-power-stations","8":"first","9":"instock","10":"shipping-taxable","11":"purchasable","12":"product-type-simple"},"acf":[],"_links":{"self":[{"href":"https:\/\/www.electricstore.eu\/lt\/wp-json\/wp\/v2\/product\/21690","targetHints":{"allow":["GET"]}}],"collection":[{"href":"https:\/\/www.electricstore.eu\/lt\/wp-json\/wp\/v2\/product"}],"about":[{"href":"https:\/\/www.electricstore.eu\/lt\/wp-json\/wp\/v2\/types\/product"}],"replies":[{"embeddable":true,"href":"https:\/\/www.electricstore.eu\/lt\/wp-json\/wp\/v2\/comments?post=21690"}],"wp:featuredmedia":[{"embeddable":true,"href":"https:\/\/www.electricstore.eu\/lt\/wp-json\/wp\/v2\/media\/21691"}],"wp:attachment":[{"href":"https:\/\/www.electricstore.eu\/lt\/wp-json\/wp\/v2\/media?parent=21690"}],"wp:term":[{"taxonomy":"product_brand","embeddable":true,"href":"https:\/\/www.electricstore.eu\/lt\/wp-json\/wp\/v2\/product_brand?post=21690"},{"taxonomy":"product_cat","embeddable":true,"href":"https:\/\/www.electricstore.eu\/lt\/wp-json\/wp\/v2\/product_cat?post=21690"},{"taxonomy":"product_tag","embeddable":true,"href":"https:\/\/www.electricstore.eu\/lt\/wp-json\/wp\/v2\/product_tag?post=21690"}],"curies":[{"name":"wp","href":"https:\/\/api.w.org\/{rel}","templated":true}]}}