{"id":21685,"date":"2025-05-20T18:21:09","date_gmt":"2025-05-20T18:21:09","guid":{"rendered":"https:\/\/electricstore.eu\/p\/uncategorized\/haniwinner-hd009-12-12-8v-200ah-lifepo4-lithium-battery-pack-backup-power-2560wh-energy-2000-cycles-built-in-bms\/"},"modified":"2025-05-20T18:21:10","modified_gmt":"2025-05-20T18:21:10","slug":"haniwinner-hd009-12-12-8v-200ah-lifepo4-lithium-battery-pack-backup-power-2560wh-energy-2000-cycles-built-in-bms","status":"publish","type":"product","link":"https:\/\/www.electricstore.eu\/lt\/p\/batteries\/lifepo4-batteries\/200ah-lifepo4-batteries\/haniwinner-hd009-12-12-8v-200ah-lifepo4-lithium-battery-pack-backup-power-2560wh-energy-2000-cycles-built-in-bms\/","title":{"rendered":"HANIWINNER HD009-12 12,8 V 200 Ah LiFePO4 li\u010dio akumuliatori\u0173 blokas Atsargin\u0117 galia 2560 Wh Energija 2000+ cikl\u0173 Integruota BMS"},"content":{"rendered":"<div class=\"product-specs-list-container\">\n<ul class=\"product-specs-list util-clearfix\">\n<li class=\"product-prop line-limit-length\"><span\n                                        class=\"property-title\">Nominali talpa:&nbsp;<\/span><span\n                                        class=\"property-desc line-limit-length\">2560 Wh<\/span>\n                            <\/li>\n<li class=\"product-prop line-limit-length\"><span\n                                        class=\"property-title\">Modelio numeris:&nbsp;<\/span><span\n                                        class=\"property-desc line-limit-length\">HD009-12<\/span>\n                            <\/li>\n<li class=\"product-prop line-limit-length\"><span\n                                        class=\"property-title\">Tipas:&nbsp;<\/span><span\n                                        class=\"property-desc line-limit-length\">LiFePO4<\/span>\n                            <\/li>\n<li class=\"product-prop line-limit-length\"><span\n                                        class=\"property-title\">Rinkinio tipas:&nbsp;<\/span><span\n                                        class=\"property-desc line-limit-length\">\u012ekrovikli\u0173 rinkiniai<\/span>\n                            <\/li>\n<li class=\"product-prop line-limit-length\"><span\n                                        class=\"property-title\">Prek\u0117s \u017eenklas:&nbsp;<\/span><span\n                                        class=\"property-desc line-limit-length\">HANIWINNER<\/span>\n                            <\/li>\n<li class=\"product-prop line-limit-length\"><span\n                                        class=\"property-title\">Modelis:&nbsp;<\/span><span\n                                        class=\"property-desc line-limit-length\">HD009-12<\/span>\n                            <\/li>\n<li class=\"product-prop line-limit-length\"><span\n                                        class=\"property-title\">Nominali \u012ftampa:&nbsp;<\/span><span\n                                        class=\"property-desc line-limit-length\">12,8 V<\/span>\n                            <\/li>\n<li class=\"product-prop line-limit-length\"><span\n                                        class=\"property-title\">Galia:&nbsp;<\/span><span\n                                        class=\"property-desc line-limit-length\">2560 Wh<\/span>\n                            <\/li>\n<li class=\"product-prop line-limit-length\"><span\n                                        class=\"property-title\">Pabaiga:&nbsp;<\/span><span\n                                        class=\"property-desc line-limit-length\">M8<\/span>\n                            <\/li>\n<li class=\"product-prop line-limit-length\"><span\n                                        class=\"property-title\">Korpusas:&nbsp;<\/span><span\n                                        class=\"property-desc line-limit-length\">ABS<\/span>\n                            <\/li>\n<li class=\"product-prop line-limit-length\"><span\n                                        class=\"property-title\">Maksimali \u012fkrovimo srov\u0117:&nbsp;<\/span><span\n                                        class=\"property-desc line-limit-length\">80A<\/span>\n                            <\/li>\n<li class=\"product-prop line-limit-length\"><span\n                                        class=\"property-title\">1-oji savyb\u0117:&nbsp;<\/span><span\n                                        class=\"property-desc line-limit-length\">Ne\u0161iojama baterija<\/span>\n                            <\/li>\n<li class=\"product-prop line-limit-length\"><span\n                                        class=\"property-title\">2 funkcijos:&nbsp;<\/span><span\n                                        class=\"property-desc line-limit-length\">Ne\u0161iojama prane\u0161ama galia<\/span>\n                            <\/li>\n<li class=\"product-prop line-limit-length\"><span\n                                        class=\"property-title\">03 funkcijos:&nbsp;<\/span><span\n                                        class=\"property-desc line-limit-length\">Bluetti elektrin\u0117<\/span>\n                            <\/li>\n<li class=\"product-prop line-limit-length\"><span\n                                        class=\"property-title\">04 funkcijos:&nbsp;<\/span><span\n                                        class=\"property-desc line-limit-length\">Ne\u0161iojama kempingo baterija<\/span>\n                            <\/li>\n<li class=\"product-prop line-limit-length\"><span\n                                        class=\"property-title\">05 funkcijos:&nbsp;<\/span><span\n                                        class=\"property-desc line-limit-length\">3600 W ne\u0161iojama elektrin\u0117<\/span>\n                            <\/li>\n<\/ul><\/div>\n<div class=\"detailmodule_html\">\n<div class=\"detail-desc-decorate-richtext\">\n<p><span style=\"font-size:24px\"><strong>Svarbiausi dalykai:<\/strong><\/span><\/p>\n<ul style=\"font-family:&quot;Microsoft YaHei&quot;;font-size:medium;font-weight:400;letter-spacing:normal;text-align:start;white-space:normal;color:rgb(0, 0, 0);margin-bottom:10px;padding-left:0px\" class=\"clearfix\" align=\"start\">\n<li style=\"font-size:14px;margin-right:10px;padding-left:18px;list-style:none;position:relative;float:left\">\n<p><strong>Saugus LiFePO4 akumuliatorius, 2000+ cikl\u0173<\/strong><br \/>Naudojant li\u010dio gele\u017eies fosfato baterij\u0105 ir brand\u017ei\u0105 technologij\u0105, \u0161i baterija yra labai saugi ir gali pasi\u016blyti 100% DOD \u012fkrovim\u0105 ir i\u0161krovim\u0105 normaliomis s\u0105lygomis, daugiau nei 2000 cikl\u0173.<\/p>\n<div><\/div>\n<p><strong>10 met\u0173 tarnavimo laikas ir lengvas dizainas<\/strong><br \/>HANIWINNER 12,8 V 200 Ah LiFePO4 li\u010dio akumuliatori\u0173 blokas gali tarnauti iki 10 met\u0173. Tai puikus \u0161vino r\u016bg\u0161ties akumuliatori\u0173 pakaitalas, 40-50% lengvesnis u\u017e \u0161vino r\u016bg\u0161ties akumuliatorius ir nereikalaujantis prie\u017ei\u016bros.<\/p>\n<div><\/div>\n<p><strong>Integruota BMS sistema<\/strong><br \/>\u201eHANIWINNER LiFePO4\u201c akumuliatori\u0173 bloke yra \u012fmontuotas BMS i\u0161manusis modulis, skirtas apsaugai nuo perkrovos, per didelio i\u0161krovimo, vir\u0161srov\u0117s, perkaitimo ir trumpojo jungimo ir kt.<\/p>\n<div><\/div>\n<p><strong>Palaikymas nuosekliai \/ lygiagre\u010diai<\/strong><br \/>Jis palaiko plat\u0173 darbin\u012f temperat\u016br\u0105 nuo -20 iki 60 Celsijaus ir gali b\u016bti jungiamas lygiagre\u010diai arba nuosekliai, kad b\u016bt\u0173 didesn\u0117 talpa ir \u012ftampa. (Palaiko 4S34P, reikia veikti pagal technines instrukcijas), puikiai tinka saul\u0117s gatvi\u0173 \u017eibintams ir ap\u0161vietimo sistemoms, elektrin\u0117ms transporto priemon\u0117ms, UPS atsarginiams maitinimo \u0161altiniams, fotovoltin\u0117ms sistemoms, v\u0117jo energijai, hidroenergijai, namams ir kitoms energijos kaupimo sistemoms.<\/p>\n<\/li>\n<li style=\"font-size:14px;margin-right:10px;padding-left:18px;list-style:none;position:relative;float:left\">\n<p><\/p>\n<\/li>\n<\/ul>\n<p><span style=\"font-size:24px\"><strong>Specifikacija:<\/strong><\/span><\/p>\n<ul style=\"font-family:&quot;Microsoft YaHei&quot;;font-size:medium;font-weight:400;letter-spacing:normal;text-align:start;white-space:normal;color:rgb(0, 0, 0);margin-bottom:10px;padding-left:0px\" class=\"clearfix\" align=\"start\">\n<li style=\"font-size:14px;margin-right:10px;padding-left:18px;list-style:none;position:relative;float:left\">\n<table style=\"border-collapse:collapse;width:1000px\" class=\"jbEidtTable\" border=\"1\" cellpadding=\"5\" cellspacing=\"0\">\n<tbody>\n<tr>\n<td style=\"font-size:14px;text-align:left\" align=\"left\">\n<p><strong>Bendra<\/strong><\/p>\n<\/td>\n<td style=\"font-size:14px;text-align:left\" align=\"left\">\n<p>Prek\u0117s \u017eenklas: HANIWINNER<br \/>Tipas: Baterij\u0173 paketas<br \/>Modelis: HD009-12<br \/>Spalva: juoda<\/p>\n<\/td>\n<\/tr>\n<tr>\n<td style=\"font-size:14px;text-align:left\" align=\"left\">\n<p><strong>Specifikacija<\/strong><\/p>\n<\/td>\n<td style=\"font-size:14px;text-align:left\" align=\"left\">\n<p>Nominali \u012ftampa: 12,8 V<br \/>Nominali talpa: 200 Ah esant 0,2 \u00b0C<br \/>Galia: 2560 Wh<br \/>Vidin\u0117 var\u017ea: \u2264 40m\u03a9<br \/>Ciklo trukm\u0117: \u2265 2000 cikl\u0173 (0,2C 100% DOD \u012fkrovimo \/ i\u0161krovimo ciklas, kol talpa suma\u017e\u0117ja iki 70%)<br \/>Savaiminis i\u0161sikrovimas: \u2264 3,51 TP7 T per m\u0117nes\u012f (25 \u00b1 5 Celsijaus)<br \/>Maksimali \u012fkrovimo \u012ftampa: 14,6 \u00b1 0,2 V<br \/>\u012ekrovimo re\u017eimas: esant 0\u201345 Celsijaus temperat\u016brai, pastovi 0,2c5A srov\u0117 \u012fkraunama iki 14,6 V, tada pastovi 14,6 V \u012ftampa, kol srov\u0117 suma\u017e\u0117ja iki 0,02c5A, o tada sustoja.<br \/>\u012ekrovimo srov\u0117: 40A<br \/>Maksimali \u012fkrovimo srov\u0117: 80A<br \/>I\u0161krovimo ribin\u0117 \u012ftampa: 10,0 V<br \/>I\u0161krovimo srov\u0117: 40A<br \/>Maksimali nuolatin\u0117 i\u0161krovos srov\u0117: 100A<br \/>\u012ekrovimo temperat\u016bra: 0\u201345 Celsijaus (40\u201375 \u00b0C dr\u0117gm\u0117s)<br \/>I\u0161leidimo temperat\u016bra: -20\u201360 Celsijaus (40\u201375 \u00b0C dr\u0117gm\u0117s)<br \/>Laikymo temperat\u016bra: 0\u201345 Celsijaus (40\u201375 \u00b0C dr\u0117gm\u0117s)<br \/>Atsparumas vandeniui ir dulk\u0117ms: IP55<br \/>Vidinis kombinuotas re\u017eimas: IFR32700\/6000mAh, 4S34P<br \/>Korpusas: ABS<br \/>Galai: M8<\/p>\n<\/td>\n<\/tr>\n<tr>\n<td style=\"font-size:14px;text-align:left\" align=\"left\">\n<p><strong>Svoris ir dydis<\/strong><\/p>\n<\/td>\n<td style=\"font-size:14px;text-align:left\" align=\"left\">\n<p>Produkto svoris: 25,85 kg<br \/>Pakuot\u0117s svoris: 26,8 kg<br \/>Gaminio matmenys (ilgis x plotis x auk\u0161tis): 52,2 \u00d7 23,8 \u00d7 21,8 cm<br \/>Pakuot\u0117s dydis (ilgis x plotis x auk\u0161tis): 57 \u00d7 28,5 \u00d7 27 cm<\/p>\n<\/td>\n<\/tr>\n<tr>\n<td style=\"font-size:14px;text-align:left\" align=\"left\">\n<p><strong>Konteineri\u0173 pakuot\u0117<\/strong><\/p>\n<\/td>\n<td style=\"font-size:14px;text-align:left\" align=\"left\">\n<p>1 x Baterij\u0173 pakuot\u0117<br \/>1 x Naudotojo vadovas<\/p>\n<\/td>\n<\/tr>\n<\/tbody>\n<\/table>\n<\/li>\n<li style=\"font-size:14px;font-weight:bold;margin-right:10px;padding-left:18px;list-style:none;float:left\">\n<p><\/p>\n<\/li>\n<\/ul>\n<p><img decoding=\"async\" src=\"https:\/\/ae01.alicdn.com\/kf\/Seef00909edbb4c5ea7afa325e5d3eb91e.jpg\" slate-data-type=\"image\"\/><img decoding=\"async\" src=\"https:\/\/ae01.alicdn.com\/kf\/S8352bcb61dcc41c5b1867822757f066a6.jpg\" slate-data-type=\"image\"\/><img decoding=\"async\" src=\"https:\/\/ae01.alicdn.com\/kf\/S1c1389bd689c469aa1c4867e05dae07aw.jpg\" slate-data-type=\"image\"\/><img decoding=\"async\" src=\"https:\/\/ae01.alicdn.com\/kf\/Sdf551ac6393d42099287ed0c9406b28eR.jpg\" slate-data-type=\"image\"\/><img decoding=\"async\" src=\"https:\/\/ae01.alicdn.com\/kf\/Sa691897e8bf141fba45be62d61a8bc1cO.jpg\" slate-data-type=\"image\"\/><img decoding=\"async\" src=\"https:\/\/ae01.alicdn.com\/kf\/S6fad17dde9564e47a8c95f3846c4dd2dI.jpg\" slate-data-type=\"image\"\/><img decoding=\"async\" src=\"https:\/\/ae01.alicdn.com\/kf\/Sf44b0443dc4b48c1b93523220e5416e67.jpg\" slate-data-type=\"image\"\/><img decoding=\"async\" src=\"https:\/\/ae01.alicdn.com\/kf\/Sae9e7bb5abea418daa861f46cdc6fcdfn.jpg\" slate-data-type=\"image\"\/><img decoding=\"async\" src=\"https:\/\/ae01.alicdn.com\/kf\/Sde867c397b364f618bb94e5f8e60ab17W.jpg\" slate-data-type=\"image\"\/><img decoding=\"async\" src=\"https:\/\/ae01.alicdn.com\/kf\/Se53e151537fc41e38414ca9901b365afK.jpg\" slate-data-type=\"image\"\/><img decoding=\"async\" src=\"https:\/\/ae01.alicdn.com\/kf\/Sd17a239107284815a2c0054ad3f0ed3bv.jpg\" slate-data-type=\"image\"\/><img decoding=\"async\" src=\"https:\/\/ae01.alicdn.com\/kf\/Sef2fe4553efc4263885956aa11918ec9O.jpg\" slate-data-type=\"image\"\/><img decoding=\"async\" src=\"https:\/\/ae01.alicdn.com\/kf\/S17dd05909116480ca61c6256ecf628bf7.jpg\" slate-data-type=\"image\"\/><img decoding=\"async\" src=\"https:\/\/ae01.alicdn.com\/kf\/S118b8859d6c84834b861e7230bc4233c8.jpg\" slate-data-type=\"image\"\/><\/p>\n<\/div>\n<\/div>","protected":false},"excerpt":{"rendered":"<p>Nominal Capacity:&nbsp;2560Wh Model Number:&nbsp;HD009-12 Type:&nbsp;LiFePO4 Set Type:&nbsp;Charger Sets Brand:&nbsp;HANIWINNER Model:&nbsp;HD009-12 Nominal Voltage:&nbsp;12.8V Power:&nbsp;2560Wh End:&nbsp;M8 Casing:&nbsp;ABS Max.Charging Current:&nbsp;80A Features 01:&nbsp;Portable battery Features 02:&nbsp;Portable reportable power Features 03:&nbsp;Bluetti power station Features 04:&nbsp;Portable<\/p>","protected":false},"featured_media":21687,"comment_status":"open","ping_status":"closed","template":"","meta":{"_acf_changed":false},"product_brand":[],"product_cat":[238],"product_tag":[],"class_list":{"0":"post-21685","1":"product","2":"type-product","3":"status-publish","4":"has-post-thumbnail","6":"product_cat-200ah-lifepo4-batteries","8":"first","9":"instock","10":"shipping-taxable","11":"purchasable","12":"product-type-simple"},"acf":[],"_links":{"self":[{"href":"https:\/\/www.electricstore.eu\/lt\/wp-json\/wp\/v2\/product\/21685","targetHints":{"allow":["GET"]}}],"collection":[{"href":"https:\/\/www.electricstore.eu\/lt\/wp-json\/wp\/v2\/product"}],"about":[{"href":"https:\/\/www.electricstore.eu\/lt\/wp-json\/wp\/v2\/types\/product"}],"replies":[{"embeddable":true,"href":"https:\/\/www.electricstore.eu\/lt\/wp-json\/wp\/v2\/comments?post=21685"}],"wp:featuredmedia":[{"embeddable":true,"href":"https:\/\/www.electricstore.eu\/lt\/wp-json\/wp\/v2\/media\/21687"}],"wp:attachment":[{"href":"https:\/\/www.electricstore.eu\/lt\/wp-json\/wp\/v2\/media?parent=21685"}],"wp:term":[{"taxonomy":"product_brand","embeddable":true,"href":"https:\/\/www.electricstore.eu\/lt\/wp-json\/wp\/v2\/product_brand?post=21685"},{"taxonomy":"product_cat","embeddable":true,"href":"https:\/\/www.electricstore.eu\/lt\/wp-json\/wp\/v2\/product_cat?post=21685"},{"taxonomy":"product_tag","embeddable":true,"href":"https:\/\/www.electricstore.eu\/lt\/wp-json\/wp\/v2\/product_tag?post=21685"}],"curies":[{"name":"wp","href":"https:\/\/api.w.org\/{rel}","templated":true}]}}