{"id":21632,"date":"2025-05-20T18:20:33","date_gmt":"2025-05-20T18:20:33","guid":{"rendered":"https:\/\/electricstore.eu\/p\/uncategorized\/touroll-j1-adult-bikes-27-5-250w-motor-electric-bikes-wheels-561-6wh-battery-100km-range-electric-bicycles\/"},"modified":"2025-05-20T18:20:42","modified_gmt":"2025-05-20T18:20:42","slug":"touroll-j1-adult-bikes-27-5-250w-motor-electric-bikes-wheels-561-6wh-battery-100km-range-electric-bicycles","status":"publish","type":"product","link":"https:\/\/www.electricstore.eu\/lt\/p\/bikes\/touroll-j1-adult-bikes-27-5-250w-motor-electric-bikes-wheels-561-6wh-battery-100km-range-electric-bicycles\/","title":{"rendered":"\u201eTouroll J1\u201c suaugusi\u0173j\u0173 dvira\u010diai, 27,5 colio, 250 W variklis, elektriniai dvira\u010diai, ratai, 561,6 Wh baterija, 100 km atstumas."},"content":{"rendered":"<div class=\"product-specs-list-container\">\n<ul class=\"product-specs-list util-clearfix\">\n<li class=\"product-prop line-limit-length\"><span\n                                        class=\"property-title\">Prek\u0117s \u017eenklas:&nbsp;<\/span><span\n                                        class=\"property-desc line-limit-length\">Eleglidas<\/span>\n                            <\/li>\n<li class=\"product-prop line-limit-length\"><span\n                                        class=\"property-title\">R\u0117mo dydis:&nbsp;<\/span><span\n                                        class=\"property-desc line-limit-length\">27,5 colio x 17 coli\u0173<\/span>\n                            <\/li>\n<li class=\"product-prop line-limit-length\"><span\n                                        class=\"property-title\">Maks. apkrova:&nbsp;<\/span><span\n                                        class=\"property-desc line-limit-length\">100 kg<\/span>\n                            <\/li>\n<li class=\"product-prop line-limit-length\"><span\n                                        class=\"property-title\">Maks. greitis:&nbsp;<\/span><span\n                                        class=\"property-desc line-limit-length\">25 km\/val.<\/span>\n                            <\/li>\n<li class=\"product-prop line-limit-length\"><span\n                                        class=\"property-title\">Atsparumo vandeniui lygis:&nbsp;<\/span><span\n                                        class=\"property-desc line-limit-length\">IPX4<\/span>\n                            <\/li>\n<li class=\"product-prop line-limit-length\"><span\n                                        class=\"property-title\">Med\u017eiaga:&nbsp;<\/span><span\n                                        class=\"property-desc line-limit-length\">Aliuminio lydinys<\/span>\n                            <\/li>\n<li class=\"product-prop line-limit-length\"><span\n                                        class=\"property-title\">Galia:&nbsp;<\/span><span\n                                        class=\"property-desc line-limit-length\">500 W<\/span>\n                            <\/li>\n<li class=\"product-prop line-limit-length\"><span\n                                        class=\"property-title\">\u012etampa:&nbsp;<\/span><span\n                                        class=\"property-desc line-limit-length\">36 V<\/span>\n                            <\/li>\n<li class=\"product-prop line-limit-length\"><span\n                                        class=\"property-title\">1-oji savyb\u0117:&nbsp;<\/span><span\n                                        class=\"property-desc line-limit-length\">Elektrinis dviratis<\/span>\n                            <\/li>\n<li class=\"product-prop line-limit-length\"><span\n                                        class=\"property-title\">2 funkcijos:&nbsp;<\/span><span\n                                        class=\"property-desc line-limit-length\">Elektriniai dvira\u010diai<\/span>\n                            <\/li>\n<li class=\"product-prop line-limit-length\"><span\n                                        class=\"property-title\">03 funkcijos:&nbsp;<\/span><span\n                                        class=\"property-desc line-limit-length\">Elektrinio dvira\u010dio pasi\u016blymas<\/span>\n                            <\/li>\n<li class=\"product-prop line-limit-length\"><span\n                                        class=\"property-title\">04 funkcijos:&nbsp;<\/span><span\n                                        class=\"property-desc line-limit-length\">Elektriniai dvira\u010diai suaugusiems<\/span>\n                            <\/li>\n<li class=\"product-prop line-limit-length\"><span\n                                        class=\"property-title\">06 funkcijos:&nbsp;<\/span><span\n                                        class=\"property-desc line-limit-length\">Elektriniai dvira\u010diai suaugusiems<\/span>\n                            <\/li>\n<li class=\"product-prop line-limit-length\"><span\n                                        class=\"property-title\">08 funkcijos:&nbsp;<\/span><span\n                                        class=\"property-desc line-limit-length\">Elektrinis dviratis<\/span>\n                            <\/li>\n<li class=\"product-prop line-limit-length\"><span\n                                        class=\"property-title\">09 funkcijos:&nbsp;<\/span><span\n                                        class=\"property-desc line-limit-length\">Pig\u016bs dvira\u010diai<\/span>\n                            <\/li>\n<\/ul><\/div>\n<p><span style=\"font-size:26px\"><strong>Svarbiausi dalykai:<\/strong><\/span><\/p>\n<ul style=\"font-family:&quot;Microsoft YaHei&quot;;font-size:medium;font-weight:400;letter-spacing:normal;text-align:start;white-space:normal;color:rgb(0, 0, 0);margin-bottom:10px;padding-left:0px\" class=\"clearfix\" align=\"start\">\n<li style=\"font-size:14px;margin-right:10px;padding-left:18px;list-style:none;position:relative;float:left\">\n<p><strong>Galingas variklis<br \/><\/strong>\u201eTouroll J1\u201c gali pasigirti galingu be\u0161epet\u0117liniu varikliu, kuris i\u0161vysto 45 Nm sukimo moment\u0105 ir 25 km\/h ribin\u012f greit\u012f. Tvirtas variklis nereikalauja daug prie\u017ei\u016bros ir u\u017etikrina pastov\u0173 galios tiekim\u0105 lygiu reljefu, tod\u0117l puikiai tinka va\u017ein\u0117jimui mieste ir pramogin\u0117ms i\u0161vykoms.<\/p>\n<div><\/div>\n<p><strong>Efektyvi i\u0161imama baterija<br \/><\/strong>\u012erengtas kei\u010diamu 561,6 Wh li\u010dio jon\u0173 akumuliatoriumi, J1 elektrinis dviratis pagalbiniu re\u017eimu gali nuva\u017eiuoti iki 100 km, tod\u0117l nesvarbu, ar va\u017ein\u0117jate kasdien \u012f darb\u0105, ar leid\u017eiat\u0117s \u012f tolim\u0105 kelion\u0119 dvira\u010diu, jis puikiai tiks. Su J1 elektriniu dvira\u010diu galite m\u0117gautis va\u017eiavimu be r\u016bpes\u010di\u0173.<\/p>\n<div><\/div>\n<p><strong>27,5 \u00d7 2,1 colio<\/strong><strong><span>\u00a0<\/span><\/strong><strong>Didel\u0117s padangos ir 7 grei\u010di\u0173 \u201eShimano\u201c pavara<br \/><\/strong>Elektrinis dviratis \u201eJ1\u201c turi 27,5 colio auk\u0161\u010diausios kokyb\u0117s pneumatines gumines padangas, kurios u\u017etikrina geresn\u012f sukibim\u0105 ir stabilum\u0105 bet kokiame reljefe, kad b\u016bt\u0173 lengva ir stabilu va\u017eiuoti \u012fkalne bei skland\u017eiai va\u017eiuoti nelygiu asfaltu. Jis komplektuojamas su 7 pavar\u0173 profesionaliu \u201eShimano\u201c pavar\u0173 perjungikliu, kuris leid\u017eia m\u0117gautis pavar\u0173 perjungimo jauduliu ir lengvu va\u017eiavimu keliu.<\/p>\n<div><\/div>\n<p><strong>Patikima pakaba<\/strong><strong><span>\u00a0<\/span><\/strong><strong>su blokavimu<br \/><\/strong>Mechaniniai amortizatoriai su 80 mm pakabos eiga apsaugo motociklininkus nuo s\u0105nari\u0173 skausmo ir stuburo traum\u0173, sugerdami sm\u016bgius ir vibracij\u0105, kad va\u017eiavimas b\u016bt\u0173 sklandus ir tvirtas. Naudodami fiksavimo konstrukcij\u0105, galite \u012fjungti arba i\u0161jungti amortizatori\u0173, kad va\u017eiuotum\u0117te greitai lygiu keliu arba patogiai nelygiais \u0161laitais.<\/p>\n<div><\/div>\n<p><strong>I\u0161manusis LCD ekranas ir 5 pagalbos lygiai\u00a0<br \/><\/strong>\u201eJ1\u201c turi i\u0161man\u0173j\u012f LCD ekran\u0105 su USB prievadu, kuris ne tik leid\u017eia matyti svarbius duomenis, pvz., greit\u012f realiuoju laiku, bet ir \u012fkrauti skaitmeninius \u012frenginius, kai to reikia. Ekrane galite lengvai perjungti 5 pedal\u0173 pagalbos lygius, \u012fskaitant 12, 15, 18, 21 ir 25 km\/h, taip pat \u012fjungti 6 km\/h \u0117jimo re\u017eim\u0105.<\/p>\n<div><\/div>\n<p><strong>\u201eStVZO\u201c sertifikuoti dvira\u010di\u0173 \u017eibintai ir tvirtas baga\u017eo stovas<br \/><\/strong>D\u0117l \u201eStVZO\u201c sertifikuoto dvira\u010dio \u017eibinto, esan\u010dio ant \u201eJ1\u201c turistinio dvira\u010dio, \u017eibintas \u017eymiai padidina matomum\u0105 kelyje neakinant kit\u0173 eismo dalyvi\u0173, tod\u0117l va\u017eiavimas gatv\u0117je yra saugesnis. Tvirtas baga\u017eo stovas gali veiksmingai suma\u017einti kelion\u0117s na\u0161t\u0105, tod\u0117l jis idealiai tinka apsipirkimui, kelion\u0117ms \u012f darb\u0105 ir atgal bei ilgoms kelion\u0117ms.<\/p>\n<div><\/div>\n<\/li>\n<\/ul>\n<p><span style=\"font-size:24px\"><strong>Specifikacija:<\/strong><\/span><\/p>\n<ul style=\"font-family:&quot;Microsoft YaHei&quot;;font-size:medium;font-weight:400;letter-spacing:normal;text-align:start;white-space:normal;color:rgb(0, 0, 0);margin-bottom:10px;padding-left:0px\" class=\"clearfix\" align=\"start\">\n<li style=\"font-size:14px;margin-right:10px;padding-left:18px;list-style:none;position:relative;float:left\">\n<table style=\"border-collapse:collapse;width:1000px\" class=\"jbEidtTable\" border=\"1\" cellpadding=\"5\" cellspacing=\"0\">\n<tbody>\n<tr>\n<td style=\"font-size:14px;text-align:left\" align=\"left\">\n<p><strong>Bendra<\/strong><\/p>\n<\/td>\n<td style=\"font-size:14px;text-align:left\" align=\"left\">\n<p>Prek\u0117s \u017eenklas: Touroll<br \/>Tipas: \u017dygio dviratis<br \/>Modelis: J1, J1 ST<br \/>Spalva: juoda<\/p>\n<\/td>\n<\/tr>\n<tr>\n<td style=\"font-size:14px;text-align:left\" align=\"left\">\n<p><strong>Pagrindin\u0117 specifikacija<\/strong><\/p>\n<\/td>\n<td style=\"font-size:14px;text-align:left\" align=\"left\">\n<p>Grynasis svoris: 26,4 kg<br \/>I\u0161skleisto dydis: 1820x680x1110 mm<br \/>R\u0117mo dydis: 27,5&quot; x 17,5&quot;<br \/>Vairo ilgis: 680 mm (26,8 colio)<br \/>Balno auk\u0161tis (nuo \u017eem\u0117s): 83\u201397 cm<br \/>Rekomenduojamas motociklininko \u016bgis: 160\u2013200 cm (apie 1,5\u20131,8 m)<br \/>Maksimali dvira\u010dio apkrova: 120 kg<br \/>Ribinis greitis: 25 km\/h<br \/>Maksimalus nuva\u017eiuojamas atstumas: 100 km (pagalbinis re\u017eimas)<br \/>Pedal\u0173 pagalbos lygiai: 12\/15\/18\/21\/25 km\/val.<br \/>\u0116jimo re\u017eimas: 6 km\/val.<br \/>Atsparumo vandeniui lygis: IPX4<br \/>Med\u017eiaga: STL<br \/>Stabd\u017ei\u0173 sistema: mechaninis diskinis stabdys ir elektrinis stabdys<br \/>Pakaba: mechaninis amortizatorius su blokavimu<\/p>\n<\/td>\n<\/tr>\n<tr>\n<td style=\"font-size:14px;text-align:left\" align=\"left\">\n<p><strong>Variklis<\/strong><\/p>\n<\/td>\n<td style=\"font-size:14px;text-align:left\" align=\"left\">\n<p>Tipas: Stebul\u0117s variklis<br \/>Nominali \u012ftampa: 36 V<br \/>Maksimalus i\u0161\u0117jimo sukimo momentas: 45 Nm<\/p>\n<\/td>\n<\/tr>\n<tr>\n<td style=\"font-size:14px;text-align:left\" align=\"left\">\n<p><strong>Pavar\u0173 perjungiklis<\/strong><\/p>\n<\/td>\n<td style=\"font-size:14px;text-align:left\" align=\"left\">\n<p>Prek\u0117s \u017eenklas: Shimano<br \/>Pavar\u0173 skai\u010dius: 7 (galin\u0117)<\/p>\n<\/td>\n<\/tr>\n<tr>\n<td style=\"font-size:14px;text-align:left\" align=\"left\">\n<p><strong>Baterija<\/strong><\/p>\n<\/td>\n<td style=\"font-size:14px;text-align:left\" align=\"left\">\n<p>Talpa: 15,6 Ah<br \/>\u012etampa: 36 V<br \/>\u012ekrovimo laikas: 6\u20138 val.<br \/>Maitinimo talpa: 561,6 Wh<br \/>Apsaugos sistema: Taip<\/p>\n<\/td>\n<\/tr>\n<tr>\n<td style=\"font-size:14px;text-align:left\" align=\"left\">\n<p><strong>\u012ekroviklis<\/strong><\/p>\n<\/td>\n<td style=\"font-size:14px;text-align:left\" align=\"left\">\n<p>\u012evestis: 100\u2013240 V, 2,0 A<br \/>I\u0161vestis: 42 V, 2,0 A<\/p>\n<\/td>\n<\/tr>\n<tr>\n<td style=\"font-size:14px;text-align:left\" align=\"left\">\n<p><strong>Padangos<\/strong><\/p>\n<\/td>\n<td style=\"font-size:14px;text-align:left\" align=\"left\">\n<p>Prek\u0117s \u017eenklas: CST<br \/>Dydis: 27,5 \u00d7 2,1 colio<br \/>Tipas: Pneumatin\u0117s gumin\u0117s padangos<br \/>Padang\u0173 sl\u0117gis: 40\u201370 PSI<br \/>Geriausias padang\u0173 sl\u0117gis: 45\u201365 PSI<\/p>\n<\/td>\n<\/tr>\n<tr>\n<td style=\"font-size:14px;text-align:left\" align=\"left\">\n<p><strong>Ekranas<\/strong><\/p>\n<\/td>\n<td style=\"font-size:14px;text-align:left\" align=\"left\">\n<p>Dydis: 1,8 colio<br \/>Tipas: LCD<br \/>Informacija: greitis, akumuliatoriaus lygis, kelion\u0117s atstumas \/ odometras, pagalbos lygis, \u0117jimo re\u017eimas, \u0161viesos \u017eym\u0117, stabdymo \u017eym\u0117<br \/>Funkcijos: \u012fjungimas \/ i\u0161jungimas, \u0161viesos \u012fjungimas \/ i\u0161jungimas, pagalbos lygi\u0173 perjungimas, \u0117jimo re\u017eimo \u012fjungimas, kelion\u0117s duomen\u0173 \u0161alinimas, ekrano skirtojo laiko nustatymas ir kt.<\/p>\n<\/td>\n<\/tr>\n<tr>\n<td style=\"font-size:14px;text-align:left\" align=\"left\">\n<p><strong>Paketas<\/strong><\/p>\n<\/td>\n<td style=\"font-size:14px;text-align:left\" align=\"left\">\n<p>Dydis: 1480x250x780 mm<br \/>Bendras svoris: 29 kg<\/p>\n<\/td>\n<\/tr>\n<tr>\n<td style=\"font-size:14px;text-align:left\" align=\"left\">\n<p><strong>Pakuot\u0117s turinys<\/strong><\/p>\n<\/td>\n<td style=\"font-size:14px;text-align:left\" align=\"left\">\n<p>1 x elektrinis dviratis 1 x naudotojo vadovas<\/p>\n<p>1 x \u012fkroviklis, 2 x pedalai (kairysis ir de\u0161inysis)<\/p>\n<p>1 x galinis \u017eibintas, 4 x stipin\u0173 at\u0161vaitai<\/p>\n<p>1 x priekinis \u017eibintas 2 x purvasaugiai (priekyje ir gale)<\/p>\n<p>1 x LCD ekranas, 2 x klavi\u0161ai<\/p>\n<p>1 x \u012franki\u0173 rinkinys<\/p>\n<\/td>\n<\/tr>\n<tr>\n<td style=\"font-size:14px;text-align:left\" colspan=\"2\" align=\"left\">\n<div><strong><br \/><\/strong><\/div>\n<p>Pastaba: maksimalus atstumas pasiekiamas \u0161iomis s\u0105lygomis: 75 kg apkrova, 26 \u2103 temperat\u016bra, 15 km\/h pastovus greitis, lyg\u016bs keliai be stipraus v\u0117jo.<\/p>\n<\/td>\n<\/tr>\n<\/tbody>\n<\/table>\n<\/li>\n<\/ul>\n<p style=\"font-family:&quot;TT Norms Pro&quot;, &quot;Open Sans&quot;, Roboto, Arial, Helvetica, sans-serif, SimSun;font-size:14px;font-weight:400;letter-spacing:normal;line-height:inherit;text-align:start;white-space:normal;color:rgb(34, 34, 34);margin:0px;margin-bottom:0px;margin-top:0px;margin-left:0px;margin-right:0px;padding:0px;padding-bottom:0px;padding-top:0px;padding-left:0px;padding-right:0px;box-sizing:border-box\" align=\"start\"><img decoding=\"async\" style=\"border:0px;margin:0px;margin-bottom:0px;margin-top:0px;margin-left:0px;margin-right:0px;padding:0px;padding-bottom:0px;padding-top:0px;padding-left:0px;padding-right:0px;max-width:100%;box-sizing:border-box\" src=\"https:\/\/ae01.alicdn.com\/kf\/S591ea02dc8a4426190f12e82d67b9d3bX.jpg\" slate-data-type=\"image\"\/><img decoding=\"async\" style=\"border:0px;margin:0px;margin-bottom:0px;margin-top:0px;margin-left:0px;margin-right:0px;padding:0px;padding-bottom:0px;padding-top:0px;padding-left:0px;padding-right:0px;max-width:100%;box-sizing:border-box\" src=\"https:\/\/ae01.alicdn.com\/kf\/S4edea08ba52f4e7ca2c8503279c40492I.jpg\" slate-data-type=\"image\"\/><img decoding=\"async\" style=\"border:0px;margin:0px;margin-bottom:0px;margin-top:0px;margin-left:0px;margin-right:0px;padding:0px;padding-bottom:0px;padding-top:0px;padding-left:0px;padding-right:0px;max-width:100%;box-sizing:border-box\" src=\"https:\/\/ae01.alicdn.com\/kf\/S94c0e4632ec54c9ab9fc99e3cc44ba42T.jpg\" slate-data-type=\"image\"\/><img decoding=\"async\" style=\"border:0px;margin:0px;margin-bottom:0px;margin-top:0px;margin-left:0px;margin-right:0px;padding:0px;padding-bottom:0px;padding-top:0px;padding-left:0px;padding-right:0px;max-width:100%;box-sizing:border-box\" src=\"https:\/\/ae01.alicdn.com\/kf\/Sd8913f419a4b4233a100e55ae7063dc8r.jpg\" slate-data-type=\"image\"\/><img decoding=\"async\" style=\"border:0px;margin:0px;margin-bottom:0px;margin-top:0px;margin-left:0px;margin-right:0px;padding:0px;padding-bottom:0px;padding-top:0px;padding-left:0px;padding-right:0px;max-width:100%;box-sizing:border-box\" src=\"https:\/\/ae01.alicdn.com\/kf\/S56b68c02e2b64013b63d5cb79d05b088W.jpg\" slate-data-type=\"image\"\/><img decoding=\"async\" style=\"border:0px;margin:0px;margin-bottom:0px;margin-top:0px;margin-left:0px;margin-right:0px;padding:0px;padding-bottom:0px;padding-top:0px;padding-left:0px;padding-right:0px;max-width:100%;box-sizing:border-box\" src=\"https:\/\/ae01.alicdn.com\/kf\/S0b7a408432304c6f8f8a5f70d3684d1bL.jpg\" slate-data-type=\"image\"\/><img decoding=\"async\" style=\"border:0px;margin:0px;margin-bottom:0px;margin-top:0px;margin-left:0px;margin-right:0px;padding:0px;padding-bottom:0px;padding-top:0px;padding-left:0px;padding-right:0px;max-width:100%;box-sizing:border-box\" src=\"https:\/\/ae01.alicdn.com\/kf\/S3ccd0135e43543eabb87917a567b6218L.jpg\" slate-data-type=\"image\"\/><img decoding=\"async\" style=\"border:0px;margin:0px;margin-bottom:0px;margin-top:0px;margin-left:0px;margin-right:0px;padding:0px;padding-bottom:0px;padding-top:0px;padding-left:0px;padding-right:0px;max-width:100%;box-sizing:border-box\" src=\"https:\/\/ae01.alicdn.com\/kf\/S2fe53fa05b0045658c83a3e40b67eb03l.jpg\" slate-data-type=\"image\"\/><img decoding=\"async\" style=\"border:0px;margin:0px;margin-bottom:0px;margin-top:0px;margin-left:0px;margin-right:0px;padding:0px;padding-bottom:0px;padding-top:0px;padding-left:0px;padding-right:0px;max-width:100%;box-sizing:border-box\" src=\"https:\/\/ae01.alicdn.com\/kf\/Sec54ff99ae4743958464d4f8fc74a07e1.jpg\" slate-data-type=\"image\"\/><img decoding=\"async\" style=\"border:0px;margin:0px;margin-bottom:0px;margin-top:0px;margin-left:0px;margin-right:0px;padding:0px;padding-bottom:0px;padding-top:0px;padding-left:0px;padding-right:0px;max-width:100%;box-sizing:border-box\" src=\"https:\/\/ae01.alicdn.com\/kf\/Sbb620561c15f44bc9193a597f7ca1910t.jpg\" slate-data-type=\"image\"\/><img decoding=\"async\" style=\"border:0px;margin:0px;margin-bottom:0px;margin-top:0px;margin-left:0px;margin-right:0px;padding:0px;padding-bottom:0px;padding-top:0px;padding-left:0px;padding-right:0px;max-width:100%;box-sizing:border-box\" src=\"https:\/\/ae01.alicdn.com\/kf\/Sd37f04ff294d44f7afa237816400fbb7a.jpg\" slate-data-type=\"image\"\/><img decoding=\"async\" style=\"border:0px;margin:0px;margin-bottom:0px;margin-top:0px;margin-left:0px;margin-right:0px;padding:0px;padding-bottom:0px;padding-top:0px;padding-left:0px;padding-right:0px;max-width:100%;box-sizing:border-box\" src=\"https:\/\/ae01.alicdn.com\/kf\/S760634773520481e9d8fab4da372e48ch.jpg\" slate-data-type=\"image\"\/><img decoding=\"async\" style=\"border:0px;margin:0px;margin-bottom:0px;margin-top:0px;margin-left:0px;margin-right:0px;padding:0px;padding-bottom:0px;padding-top:0px;padding-left:0px;padding-right:0px;max-width:100%;box-sizing:border-box\" src=\"https:\/\/ae01.alicdn.com\/kf\/S0cf9bfcf5e144380887f6d778c954885v.jpg\" slate-data-type=\"image\"\/><img decoding=\"async\" style=\"border:0px;margin:0px;margin-bottom:0px;margin-top:0px;margin-left:0px;margin-right:0px;padding:0px;padding-bottom:0px;padding-top:0px;padding-left:0px;padding-right:0px;max-width:100%;box-sizing:border-box\" src=\"https:\/\/ae01.alicdn.com\/kf\/Sb58e06fdacc94ef28ebeae77dcb75e52i.jpg\" slate-data-type=\"image\"\/><\/p>\n<p><\/p>","protected":false},"excerpt":{"rendered":"<p>Brand:&nbsp;Eleglide Size of Frame:&nbsp;27.5&quot; x 17&quot; Max. Load:&nbsp;100KG Max. Speed:&nbsp;25 KM\/H Waterproof Level:&nbsp;IPX4 Material:&nbsp;Aluminium Alloy Power:&nbsp;500W Voltage:&nbsp;36V Features 01:&nbsp;Electric Bicycle Features 02:&nbsp;Electric Bikes Features 03:&nbsp;Electric Bike Offer Features 04:&nbsp;Electric Bikes<\/p>","protected":false},"featured_media":21634,"comment_status":"open","ping_status":"closed","template":"","meta":{"_acf_changed":false},"product_brand":[],"product_cat":[230],"product_tag":[],"class_list":{"0":"post-21632","1":"product","2":"type-product","3":"status-publish","4":"has-post-thumbnail","6":"product_cat-bikes","8":"first","9":"instock","10":"shipping-taxable","11":"purchasable","12":"product-type-variable"},"acf":[],"_links":{"self":[{"href":"https:\/\/www.electricstore.eu\/lt\/wp-json\/wp\/v2\/product\/21632","targetHints":{"allow":["GET"]}}],"collection":[{"href":"https:\/\/www.electricstore.eu\/lt\/wp-json\/wp\/v2\/product"}],"about":[{"href":"https:\/\/www.electricstore.eu\/lt\/wp-json\/wp\/v2\/types\/product"}],"replies":[{"embeddable":true,"href":"https:\/\/www.electricstore.eu\/lt\/wp-json\/wp\/v2\/comments?post=21632"}],"wp:featuredmedia":[{"embeddable":true,"href":"https:\/\/www.electricstore.eu\/lt\/wp-json\/wp\/v2\/media\/21634"}],"wp:attachment":[{"href":"https:\/\/www.electricstore.eu\/lt\/wp-json\/wp\/v2\/media?parent=21632"}],"wp:term":[{"taxonomy":"product_brand","embeddable":true,"href":"https:\/\/www.electricstore.eu\/lt\/wp-json\/wp\/v2\/product_brand?post=21632"},{"taxonomy":"product_cat","embeddable":true,"href":"https:\/\/www.electricstore.eu\/lt\/wp-json\/wp\/v2\/product_cat?post=21632"},{"taxonomy":"product_tag","embeddable":true,"href":"https:\/\/www.electricstore.eu\/lt\/wp-json\/wp\/v2\/product_tag?post=21632"}],"curies":[{"name":"wp","href":"https:\/\/api.w.org\/{rel}","templated":true}]}}