{"id":21603,"date":"2025-05-20T18:20:17","date_gmt":"2025-05-20T18:20:17","guid":{"rendered":"https:\/\/electricstore.eu\/p\/uncategorized\/eleglide-t1-adult-bikes-27-5-250w-motor-electric-bikes-36v-13ah-100km-range-25km-h-max-electric-bicycles-cheap-electric-bike\/"},"modified":"2025-05-20T18:20:34","modified_gmt":"2025-05-20T18:20:34","slug":"eleglide-t1-adult-bikes-27-5-250w-motor-electric-bikes-36v-13ah-100km-range-25km-h-max-electric-bicycles-cheap-electric-bike","status":"publish","type":"product","link":"https:\/\/www.electricstore.eu\/lt\/p\/bikes\/eleglide-t1-adult-bikes-27-5-250w-motor-electric-bikes-36v-13ah-100km-range-25km-h-max-electric-bicycles-cheap-electric-bike\/","title":{"rendered":"\u201eEglide T1\u201c suaugusi\u0173j\u0173 dvira\u010diai, 27,5 colio, 250 W variklis, elektriniai dvira\u010diai, 36 V, 13 Ah, 100 km atstumas, 25 km\/h maks., elektriniai dvira\u010diai, pig\u016bs elektriniai dvira\u010diai."},"content":{"rendered":"<div class=\"product-specs-list-container\">\n<ul class=\"product-specs-list util-clearfix\">\n<li class=\"product-prop line-limit-length\"><span\n                                        class=\"property-title\">Prek\u0117s \u017eenklas:&nbsp;<\/span><span\n                                        class=\"property-desc line-limit-length\">Eleglidas<\/span>\n                            <\/li>\n<li class=\"product-prop line-limit-length\"><span\n                                        class=\"property-title\">Modelis:&nbsp;<\/span><span\n                                        class=\"property-desc line-limit-length\">T1<\/span>\n                            <\/li>\n<li class=\"product-prop line-limit-length\"><span\n                                        class=\"property-title\">Grynasis svoris:&nbsp;<\/span><span\n                                        class=\"property-desc line-limit-length\">26 kg<\/span>\n                            <\/li>\n<li class=\"product-prop line-limit-length\"><span\n                                        class=\"property-title\">R\u0117mo dydis:&nbsp;<\/span><span\n                                        class=\"property-desc line-limit-length\">27,5 colio x 17,5 colio<\/span>\n                            <\/li>\n<li class=\"product-prop line-limit-length\"><span\n                                        class=\"property-title\">Maksimali apkrova:&nbsp;<\/span><span\n                                        class=\"property-desc line-limit-length\">120 kg<\/span>\n                            <\/li>\n<li class=\"product-prop line-limit-length\"><span\n                                        class=\"property-title\">Maksimalus greitis:&nbsp;<\/span><span\n                                        class=\"property-desc line-limit-length\">25 km\/val.<\/span>\n                            <\/li>\n<li class=\"product-prop line-limit-length\"><span\n                                        class=\"property-title\">Maksimalus diapazonas:&nbsp;<\/span><span\n                                        class=\"property-desc line-limit-length\">100 km (pagalbinis re\u017eimas)<\/span>\n                            <\/li>\n<li class=\"product-prop line-limit-length\"><span\n                                        class=\"property-title\">Pagalbos grei\u010dio lygiai:&nbsp;<\/span><span\n                                        class=\"property-desc line-limit-length\">12\/16\/20\/23\/25 km\/val.<\/span>\n                            <\/li>\n<li class=\"product-prop line-limit-length\"><span\n                                        class=\"property-title\">1-oji savyb\u0117:&nbsp;<\/span><span\n                                        class=\"property-desc line-limit-length\">Elektrinis dviratis<\/span>\n                            <\/li>\n<li class=\"product-prop line-limit-length\"><span\n                                        class=\"property-title\">2 funkcijos:&nbsp;<\/span><span\n                                        class=\"property-desc line-limit-length\">Elektriniai dvira\u010diai<\/span>\n                            <\/li>\n<li class=\"product-prop line-limit-length\"><span\n                                        class=\"property-title\">03 funkcijos:&nbsp;<\/span><span\n                                        class=\"property-desc line-limit-length\">Elektrinio dvira\u010dio pasi\u016blymas<\/span>\n                            <\/li>\n<li class=\"product-prop line-limit-length\"><span\n                                        class=\"property-title\">04 funkcijos:&nbsp;<\/span><span\n                                        class=\"property-desc line-limit-length\">Elektriniai dvira\u010diai suaugusiems<\/span>\n                            <\/li>\n<li class=\"product-prop line-limit-length\"><span\n                                        class=\"property-title\">05 funkcijos:&nbsp;<\/span><span\n                                        class=\"property-desc line-limit-length\">Sulankstomas dviratis<\/span>\n                            <\/li>\n<li class=\"product-prop line-limit-length\"><span\n                                        class=\"property-title\">06 funkcijos:&nbsp;<\/span><span\n                                        class=\"property-desc line-limit-length\">Elektriniai dvira\u010diai suaugusiems<\/span>\n                            <\/li>\n<li class=\"product-prop line-limit-length\"><span\n                                        class=\"property-title\">7 funkcijos:&nbsp;<\/span><span\n                                        class=\"property-desc line-limit-length\">Sulankstomi dvira\u010diai<\/span>\n                            <\/li>\n<li class=\"product-prop line-limit-length\"><span\n                                        class=\"property-title\">08 funkcijos:&nbsp;<\/span><span\n                                        class=\"property-desc line-limit-length\">Elektrinis dviratis<\/span>\n                            <\/li>\n<li class=\"product-prop line-limit-length\"><span\n                                        class=\"property-title\">09 funkcijos:&nbsp;<\/span><span\n                                        class=\"property-desc line-limit-length\">Pig\u016bs dvira\u010diai<\/span>\n                            <\/li>\n<\/ul><\/div>\n<p><span style=\"color:rgb(34, 34, 34);font-size:14px;font-family:&quot;Open Sans&quot;, Roboto, Arial, Helvetica, sans-serif, SimSun\"><strong><span style=\"color:rgb(34, 34, 34);font-size:24px;font-family:&quot;times new roman&quot;, times, serif\">&gt;&gt;Svarbiausi \u012fvykiai<\/span><\/strong><\/span><\/p>\n<\/p>\n<p><span style=\"font-size:18px;font-family:&quot;times new roman&quot;, times, serif\"><strong>Galingas variklis ir didel\u0117 baterija<\/strong><\/span><span style=\"font-size:18px;font-family:&quot;times new roman&quot;, times, serif\"><br \/>\u201eEglide T1\u201c turi galing\u0105 250 W be\u0161epetin\u012f varikl\u012f, kurio sukimo momentas yra 50 Nm. <br \/>suteikia jums nuolatin\u0119 ir stipri\u0105 gali\u0105 ir leid\u017eia dvira\u010diui <br \/>greitis iki 25 km\/h. Su kei\u010diama 468 Wh li\u010dio jon\u0173 baterija, jis gali<br \/> pagalbiniu re\u017eimu galima nuva\u017eiuoti iki 100 km (62 myli\u0173), o tai puikiai tinka ilgoms kelion\u0117ms <br \/>va\u017eiuoti.<\/span><\/p>\n<p><span style=\"font-size:18px;font-family:&quot;times new roman&quot;, times, serif\"><br \/><\/span><span style=\"font-size:18px;font-family:&quot;times new roman&quot;, times, serif\"><strong>27,5 colio CST padangos<\/strong><\/span><span style=\"font-size:18px;font-family:&quot;times new roman&quot;, times, serif\"><br \/>\u201eEglide T1\u201c dviratis apr\u016bpintas 27,5 colio CST pneumatin\u0117mis padangomis, kurios gali <br \/>prisitaikyti prie \u012fvairi\u0173 kelio dang\u0173. Kad skland\u017eiai ried\u0117t\u0173 nelygiais pavir\u0161iais <br \/>kaln\u0173 takeliais, padang\u0173 pavir\u0161ius yra specialiai suprojektuotas, kad gal\u0117t\u0173 smarkiai <br \/>suma\u017einti kelio nelygum\u0173 sukelt\u0105 poveik\u012f.<\/span><\/p>\n<p><span style=\"font-size:18px;font-family:&quot;times new roman&quot;, times, serif\"><br \/><\/span><span style=\"font-size:18px;font-family:&quot;times new roman&quot;, times, serif\"><strong>7 grei\u010di\u0173 \u201eShimano\u201c pavara<\/strong><\/span><span style=\"font-size:18px;font-family:&quot;times new roman&quot;, times, serif\"><br \/>T1 elektrinis dviratis komplektuojamas su profesionaliu \u201eShimano\u201c pavar\u0173 perjungikliu su 7<br \/> pavaros gale. Pavar\u0173 perjungiklio pagalba galite m\u0117gautis <br \/>greitesnis ir lengvesnis va\u017eiavimas.<\/span><\/p>\n<p><span style=\"font-size:18px;font-family:&quot;times new roman&quot;, times, serif\"><br \/><\/span><span style=\"font-size:18px;font-family:&quot;times new roman&quot;, times, serif\"><strong>Hidraulin\u0117 pakaba su blokavimu<\/strong><\/span><span style=\"font-size:18px;font-family:&quot;times new roman&quot;, times, serif\"><br \/>\u201eEglide T1\u201c turi mechanin\u012f slopintuv\u0105 su blokatoriumi, leid\u017eiant\u012f <br \/>patogiau va\u017eiuoti dvira\u010diu. Galite j\u012f u\u017efiksuoti ant plok\u0161\u010dios <br \/>greitam va\u017eiavimui keliuose arba atrakinkite j\u012f nelygiuose keliuose, kad va\u017eiuotum\u0117te stabiliai.<\/span><\/p>\n<p><span style=\"font-size:18px;font-family:&quot;times new roman&quot;, times, serif\"><br \/><\/span><span style=\"font-size:18px;font-family:&quot;times new roman&quot;, times, serif\"><strong>5 pagalbos lygiai ir 6 km\/h \u0117jimo re\u017eimas<\/strong><\/span><span style=\"font-size:18px;font-family:&quot;times new roman&quot;, times, serif\"><br \/>Pagalbos re\u017eime galite perjungti vien\u0105 i\u0161 5 pedal\u0173 pagalbos lygi\u0173, \u012fskaitant 12, <br \/>16, 20, 23 ir 25 km\/val. Pasirinkus 6 km\/val. st\u016bmimo re\u017eim\u0105, galite va\u017eiuoti dvira\u010diu p\u0117s\u010diomis. <br \/>lengvai ir be vargo.<\/span><\/p>\n<p><span style=\"font-size:18px;font-family:&quot;times new roman&quot;, times, serif\"><br \/><\/span><span style=\"font-size:18px;font-family:&quot;times new roman&quot;, times, serif\"><strong>I\u0161manusis ekranas<\/strong><\/span><span style=\"font-size:18px;font-family:&quot;times new roman&quot;, times, serif\"><br \/>\u201eEglide T1\u201c turi i\u0161man\u0173j\u012f LCD ekran\u0105, kuriame rodoma \u012fvairi informacija, <br \/>pvz., greit\u012f, atstum\u0105 ir akumuliatoriaus \u012fkrov\u0105. Tai leid\u017eia jums aktyvuoti <br \/>kelios funkcijos, kurias galima atlikti paprastais veiksmais ekrane, tod\u0117l kelion\u0117 tampa dar lengvesn\u0117<br \/>protingiau ir lengviau.<\/span><\/p>\n<p><\/p>\n<p style=\"font-family:&quot;Open Sans&quot;, Roboto, Arial, Helvetica, sans-serif, SimSun;font-size:14px;font-weight:400;letter-spacing:normal;line-height:inherit;text-align:start;white-space:normal;color:rgb(34, 34, 34);margin:0px;margin-bottom:0px;margin-top:0px;margin-left:0px;margin-right:0px;padding:0px;padding-bottom:0px;padding-top:0px;padding-left:0px;padding-right:0px;box-sizing:border-box\" align=\"start\"><span style=\"color:rgb(34, 34, 34);font-size:14px;font-family:&quot;Open Sans&quot;, Roboto, Arial, Helvetica, sans-serif, SimSun\"><strong><span style=\"font-size:24px\"><span style=\"font-family:&quot;times new roman&quot;, times, serif\">&gt;&gt;Specifikacija<\/span><\/span><\/strong><\/span><\/p>\n<p><\/p>\n<table style=\"border-collapse:collapse;font-family:&quot;Microsoft YaHei&quot;\" border=\"1\">\n<tbody>\n<tr>\n<td style=\"font-size:14px;text-align:center\" width=\"130\" align=\"center\">\n<p><span style=\"font-size:18px;font-family:&quot;times new roman&quot;, times, serif\">Bendra<\/span><\/p>\n<\/td>\n<td style=\"font-size:14px;text-align:center\" width=\"453\" align=\"center\">\n<p><span style=\"font-size:18px;font-family:&quot;times new roman&quot;, times, serif\">Prek\u0117s \u017eenklas: Elegide<br \/>Modelis: T1<br \/>Spalva: juoda<\/span><\/p>\n<\/td>\n<\/tr>\n<tr>\n<td style=\"font-size:14px;text-align:center\" width=\"130\" align=\"center\">\n<p><span style=\"font-size:18px;font-family:&quot;times new roman&quot;, times, serif\">Pagrindin\u0117 specifikacija<\/span><\/p>\n<\/td>\n<td style=\"font-size:14px;text-align:center\" width=\"453\" align=\"center\">\n<p><span style=\"font-size:18px;font-family:&quot;times new roman&quot;, times, serif\">Grynasis svoris: 26 kg<br \/>I\u0161skleisto dydis: 1790x680x1118 mm<br \/>R\u0117mo dydis: 27,5&quot; x 17,5&quot;<br \/>Vairo plotis: 26 coliai (be ranken\u0173), apie 26,8 colio (su rankenomis)<br \/>Balno auk\u0161tis (nuo \u017eem\u0117s): 83\u2013104 cm<br \/>Rekomenduojamas vairuotojo \u016bgis: 160\u2013200 cm (5,25\u20136,56 p\u0117dos)<br \/>Maksimali apkrova: 120 kg<br \/>Maksimalus greitis: 25 km\/val.<br \/>Maksimalus atstumas: 100 km (pagalbinis re\u017eimas)<br \/>Pagalbinio grei\u010dio lygiai: 12\/16\/20\/23\/25 km\/val.<br \/>Atsparumo vandeniui lygis: IPX4<br \/>Med\u017eiaga: aliuminio lydinys<br \/>Stabd\u017ei\u0173 sistema: Priekiniai ir galiniai diskiniai stabd\u017eiai + automatinio i\u0161sijungimo konstrukcija<\/span><\/p>\n<\/td>\n<\/tr>\n<tr>\n<td style=\"font-size:14px;text-align:center\" width=\"130\" align=\"center\">\n<p><span style=\"font-size:18px;font-family:&quot;times new roman&quot;, times, serif\">Variklis<\/span><\/p>\n<\/td>\n<td style=\"font-size:14px;text-align:center\" width=\"453\" align=\"center\">\n<p><span style=\"font-size:18px;font-family:&quot;times new roman&quot;, times, serif\">Nominali galia ir \u012ftampa: 250 W, 36 V<br \/>Maksimali momentin\u0117 galia: 500 W<br \/>Maks. aps.\/min.: 260<br \/>Maksimalus i\u0161\u0117jimo sukimo momentas: 50 Nm<\/span><\/p>\n<\/td>\n<\/tr>\n<tr>\n<td style=\"font-size:14px;text-align:center\" width=\"130\" align=\"center\">\n<p><span style=\"font-size:18px;font-family:&quot;times new roman&quot;, times, serif\">Pavar\u0173 perjungiklis<\/span><\/p>\n<\/td>\n<td style=\"font-size:14px;text-align:center\" width=\"453\" align=\"center\">\n<p><span style=\"font-size:18px;font-family:&quot;times new roman&quot;, times, serif\">Prek\u0117s \u017eenklas: Shimano<br \/>Pavar\u0173 skai\u010dius: 7 (galin\u0117)<\/span><\/p>\n<\/td>\n<\/tr>\n<tr>\n<td style=\"font-size:14px;text-align:center\" width=\"130\" align=\"center\">\n<p><span style=\"font-size:18px;font-family:&quot;times new roman&quot;, times, serif\">Pakaba<\/span><\/p>\n<\/td>\n<td style=\"font-size:14px;text-align:center\" width=\"453\" align=\"center\">\n<p><span style=\"font-size:18px;font-family:&quot;times new roman&quot;, times, serif\">Mechaninis slopinimas su blokavimu<\/span><\/p>\n<\/td>\n<\/tr>\n<tr>\n<td style=\"font-size:14px;text-align:center\" width=\"130\" align=\"center\">\n<p><span style=\"font-size:18px;font-family:&quot;times new roman&quot;, times, serif\">Baterija<\/span><\/p>\n<\/td>\n<td style=\"font-size:14px;text-align:center\" width=\"453\" align=\"center\">\n<p><span style=\"font-size:18px;font-family:&quot;times new roman&quot;, times, serif\">Talpa: 13 Ah<br \/>\u012etampa: 36 V<br \/>\u012ekrovimo laikas: 4\u20136 val.<br \/>Maitinimo talpa: 468 Wh<br \/>Apsaugos sistema: Taip<\/span><\/p>\n<\/td>\n<\/tr>\n<tr>\n<td style=\"font-size:14px;text-align:center\" width=\"130\" align=\"center\">\n<p><span style=\"font-size:18px;font-family:&quot;times new roman&quot;, times, serif\">\u012ekroviklis<\/span><\/p>\n<\/td>\n<td style=\"font-size:14px;text-align:center\" width=\"453\" align=\"center\">\n<p><span style=\"font-size:18px;font-family:&quot;times new roman&quot;, times, serif\">\u012evestis: 100\u2013240 V, 1,8 A<br \/>I\u0161vestis: 42 V, 2 A<\/span><\/p>\n<\/td>\n<\/tr>\n<tr>\n<td style=\"font-size:14px;text-align:center\" width=\"130\" align=\"center\">\n<p><span style=\"font-size:18px;font-family:&quot;times new roman&quot;, times, serif\">Padanga<\/span><\/p>\n<\/td>\n<td style=\"font-size:14px;text-align:center\" width=\"453\" align=\"center\">\n<p><span style=\"font-size:18px;font-family:&quot;times new roman&quot;, times, serif\">Prek\u0117s \u017eenklas: CST<br \/>Dydis: 27,5&quot; x 2,1&quot;<br \/>Tipas: Pneumatin\u0117 padanga<br \/>Padang\u0173 sl\u0117gis: 45\u201365 PSI<br \/>Geriausias padang\u0173 sl\u0117gis: 50 PSI (priekyje), 55 PSI (gale)<\/span><\/p>\n<\/td>\n<\/tr>\n<tr>\n<td style=\"font-size:14px;text-align:center\" width=\"130\" align=\"center\">\n<p><span style=\"font-size:18px;font-family:&quot;times new roman&quot;, times, serif\">Ekranas<\/span><\/p>\n<\/td>\n<td style=\"font-size:14px;text-align:center\" width=\"453\" align=\"center\">\n<p><span style=\"font-size:18px;font-family:&quot;times new roman&quot;, times, serif\">3,5 colio LCD ekranas<\/span><\/p>\n<\/td>\n<\/tr>\n<tr>\n<td style=\"font-size:14px;text-align:center\" width=\"130\" align=\"center\">\n<p><span style=\"font-size:18px;font-family:&quot;times new roman&quot;, times, serif\">Paketas<\/span><\/p>\n<\/td>\n<td style=\"font-size:14px;text-align:center\" width=\"453\" align=\"center\">\n<p><span style=\"font-size:18px;font-family:&quot;times new roman&quot;, times, serif\">Dydis: 1480x250x830 mm<br \/>Bendras svoris: 30,5 kg<\/span><\/p>\n<\/td>\n<\/tr>\n<\/tbody>\n<\/table>\n<p><\/p>\n<p><span style=\"color:rgb(34, 34, 34);font-size:14px;font-family:&quot;Open Sans&quot;, Roboto, Arial, Helvetica, sans-serif, SimSun\"><strong><span style=\"font-size:24px\"><span style=\"font-family:&quot;times new roman&quot;, times, serif\">&gt;&gt;Produkto nuotraukos ir apra\u0161ymai<\/span><\/span><\/strong><\/span><\/p>\n<p><\/p>\n<p><img decoding=\"async\" src=\"https:\/\/ae01.alicdn.com\/kf\/Sb4f47fc8a1b7462cbeee4fd4724dfb3cI.jpg\" slate-data-type=\"image\"\/><img decoding=\"async\" src=\"https:\/\/ae01.alicdn.com\/kf\/S46be507f63f9473c8990cb0b01fb883cL.jpg\" slate-data-type=\"image\"\/><img decoding=\"async\" src=\"https:\/\/ae01.alicdn.com\/kf\/S597251cc06ab4ace88b72e63bcbfc844O.jpg\" slate-data-type=\"image\"\/><img decoding=\"async\" src=\"https:\/\/ae01.alicdn.com\/kf\/S2360a3bea2514d83893cad0828d0d565B.jpg\" slate-data-type=\"image\"\/><img decoding=\"async\" src=\"https:\/\/ae01.alicdn.com\/kf\/Sfdfd76e98f474971ba2dd3cab9cc11dda.jpg\" slate-data-type=\"image\"\/><img decoding=\"async\" src=\"https:\/\/ae01.alicdn.com\/kf\/Sd5e8d03649554d81837c5c2ac253f179H.jpg\" slate-data-type=\"image\"\/><img decoding=\"async\" src=\"https:\/\/ae01.alicdn.com\/kf\/S2ad95c8268474c10a7e289d1271212d4j.jpg\" slate-data-type=\"image\"\/><img decoding=\"async\" src=\"https:\/\/ae01.alicdn.com\/kf\/S1455ae55a0fe4e85abcb72633aa81adba.jpg\" slate-data-type=\"image\"\/><img decoding=\"async\" src=\"https:\/\/ae01.alicdn.com\/kf\/S8c335435f4ee4da9a58df2914e8b4d9cu.jpg\" slate-data-type=\"image\"\/><img decoding=\"async\" src=\"https:\/\/ae01.alicdn.com\/kf\/Sbb91b944ce094c8cb4dc55af381511fbY.jpg\" slate-data-type=\"image\"\/><img decoding=\"async\" src=\"https:\/\/ae01.alicdn.com\/kf\/S86bc0c2a56734be9a014ffe72dd691c9i.jpg\" slate-data-type=\"image\"\/><\/p>","protected":false},"excerpt":{"rendered":"<p>Brand:&nbsp;Eleglide Model:&nbsp;T1 Net Weight:&nbsp;26KG Size of Frame:&nbsp;27.5&quot; x 17.5&quot; Max Load:&nbsp;120KG Max Speed:&nbsp;25KM\/H Max Range:&nbsp;100KM (Assist Mode) Speed Levels of Assist:&nbsp;12\/16\/20\/23\/25 km\/h Features 01:&nbsp;Electric Bicycle Features 02:&nbsp;Electric Bikes Features 03:&nbsp;Electric<\/p>","protected":false},"featured_media":21605,"comment_status":"open","ping_status":"closed","template":"","meta":{"_acf_changed":false},"product_brand":[],"product_cat":[230],"product_tag":[],"class_list":{"0":"post-21603","1":"product","2":"type-product","3":"status-publish","4":"has-post-thumbnail","6":"product_cat-bikes","8":"first","9":"instock","10":"shipping-taxable","11":"purchasable","12":"product-type-variable"},"acf":[],"_links":{"self":[{"href":"https:\/\/www.electricstore.eu\/lt\/wp-json\/wp\/v2\/product\/21603","targetHints":{"allow":["GET"]}}],"collection":[{"href":"https:\/\/www.electricstore.eu\/lt\/wp-json\/wp\/v2\/product"}],"about":[{"href":"https:\/\/www.electricstore.eu\/lt\/wp-json\/wp\/v2\/types\/product"}],"replies":[{"embeddable":true,"href":"https:\/\/www.electricstore.eu\/lt\/wp-json\/wp\/v2\/comments?post=21603"}],"wp:featuredmedia":[{"embeddable":true,"href":"https:\/\/www.electricstore.eu\/lt\/wp-json\/wp\/v2\/media\/21605"}],"wp:attachment":[{"href":"https:\/\/www.electricstore.eu\/lt\/wp-json\/wp\/v2\/media?parent=21603"}],"wp:term":[{"taxonomy":"product_brand","embeddable":true,"href":"https:\/\/www.electricstore.eu\/lt\/wp-json\/wp\/v2\/product_brand?post=21603"},{"taxonomy":"product_cat","embeddable":true,"href":"https:\/\/www.electricstore.eu\/lt\/wp-json\/wp\/v2\/product_cat?post=21603"},{"taxonomy":"product_tag","embeddable":true,"href":"https:\/\/www.electricstore.eu\/lt\/wp-json\/wp\/v2\/product_tag?post=21603"}],"curies":[{"name":"wp","href":"https:\/\/api.w.org\/{rel}","templated":true}]}}