{"id":21596,"date":"2025-05-20T18:20:13","date_gmt":"2025-05-20T18:20:13","guid":{"rendered":"https:\/\/electricstore.eu\/p\/uncategorized\/eleglide-m1-plus-adult-bikes-250w-motor-electric-bikes-13ah-100km-range-app-control-electric-bicycles-cheap-electric-bike\/"},"modified":"2025-05-20T18:20:18","modified_gmt":"2025-05-20T18:20:18","slug":"eleglide-m1-plus-adult-bikes-250w-motor-electric-bikes-13ah-100km-range-app-control-electric-bicycles-cheap-electric-bike","status":"publish","type":"product","link":"https:\/\/www.electricstore.eu\/lt\/p\/bikes\/eleglide-m1-plus-adult-bikes-250w-motor-electric-bikes-13ah-100km-range-app-control-electric-bicycles-cheap-electric-bike\/","title":{"rendered":"\u201eEglide M1 Plus\u201c suaugusi\u0173j\u0173 dvira\u010diai, 250 W variklis, elektriniai dvira\u010diai, 13 Ah, 100 km atstumas, program\u0117l\u0117s valdymas, elektriniai dvira\u010diai, pig\u016bs elektriniai dvira\u010diai."},"content":{"rendered":"<div class=\"product-specs-list-container\">\n<ul class=\"product-specs-list util-clearfix\">\n<li class=\"product-prop line-limit-length\"><span\n                                        class=\"property-title\">Prek\u0117s \u017eenklas:&nbsp;<\/span><span\n                                        class=\"property-desc line-limit-length\">Eleglidas<\/span>\n                            <\/li>\n<li class=\"product-prop line-limit-length\"><span\n                                        class=\"property-title\">Modelis:&nbsp;<\/span><span\n                                        class=\"property-desc line-limit-length\">M1 Plus<\/span>\n                            <\/li>\n<li class=\"product-prop line-limit-length\"><span\n                                        class=\"property-title\">Grynasis svoris:&nbsp;<\/span><span\n                                        class=\"property-desc line-limit-length\">21,7 kg<\/span>\n                            <\/li>\n<li class=\"product-prop line-limit-length\"><span\n                                        class=\"property-title\">Maksimali dvira\u010dio apkrova:&nbsp;<\/span><span\n                                        class=\"property-desc line-limit-length\">1790x680x1041mm<\/span>\n                            <\/li>\n<li class=\"product-prop line-limit-length\"><span\n                                        class=\"property-title\">R\u0117mo dydis:&nbsp;<\/span><span\n                                        class=\"property-desc line-limit-length\">27.5&quot;\/29\u201c<\/span>\n                            <\/li>\n<li class=\"product-prop line-limit-length\"><span\n                                        class=\"property-title\">Max Load of Bike::&nbsp;<\/span><span\n                                        class=\"property-desc line-limit-length\">100 kg<\/span>\n                            <\/li>\n<li class=\"product-prop line-limit-length\"><span\n                                        class=\"property-title\">Walk Mode:&nbsp;<\/span><span\n                                        class=\"property-desc line-limit-length\">6km\/h<\/span>\n                            <\/li>\n<li class=\"product-prop line-limit-length\"><span\n                                        class=\"property-title\">Atsparumo vandeniui lygis:&nbsp;<\/span><span\n                                        class=\"property-desc line-limit-length\">IPX4<\/span>\n                            <\/li>\n<li class=\"product-prop line-limit-length\"><span\n                                        class=\"property-title\">1-oji savyb\u0117:&nbsp;<\/span><span\n                                        class=\"property-desc line-limit-length\">Elektrinis dviratis<\/span>\n                            <\/li>\n<li class=\"product-prop line-limit-length\"><span\n                                        class=\"property-title\">2 funkcijos:&nbsp;<\/span><span\n                                        class=\"property-desc line-limit-length\">Elektriniai dvira\u010diai<\/span>\n                            <\/li>\n<li class=\"product-prop line-limit-length\"><span\n                                        class=\"property-title\">03 funkcijos:&nbsp;<\/span><span\n                                        class=\"property-desc line-limit-length\">Elektrinio dvira\u010dio pasi\u016blymas<\/span>\n                            <\/li>\n<li class=\"product-prop line-limit-length\"><span\n                                        class=\"property-title\">04 funkcijos:&nbsp;<\/span><span\n                                        class=\"property-desc line-limit-length\">Elektriniai dvira\u010diai suaugusiems<\/span>\n                            <\/li>\n<li class=\"product-prop line-limit-length\"><span\n                                        class=\"property-title\">05 funkcijos:&nbsp;<\/span><span\n                                        class=\"property-desc line-limit-length\">Sulankstomas dviratis<\/span>\n                            <\/li>\n<li class=\"product-prop line-limit-length\"><span\n                                        class=\"property-title\">06 funkcijos:&nbsp;<\/span><span\n                                        class=\"property-desc line-limit-length\">Elektriniai dvira\u010diai suaugusiems<\/span>\n                            <\/li>\n<li class=\"product-prop line-limit-length\"><span\n                                        class=\"property-title\">Med\u017eiaga:&nbsp;<\/span><span\n                                        class=\"property-desc line-limit-length\">Aliuminio lydinys<\/span>\n                            <\/li>\n<li class=\"product-prop line-limit-length\"><span\n                                        class=\"property-title\">08 funkcijos:&nbsp;<\/span><span\n                                        class=\"property-desc line-limit-length\">Elektrinis dviratis<\/span>\n                            <\/li>\n<li class=\"product-prop line-limit-length\"><span\n                                        class=\"property-title\">09 funkcijos:&nbsp;<\/span><span\n                                        class=\"property-desc line-limit-length\">Pig\u016bs dvira\u010diai<\/span>\n                            <\/li>\n<\/ul><\/div>\n<p><\/p>\n<p style=\"font-family:&quot;Microsoft YaHei&quot;;font-size:medium;font-weight:400;letter-spacing:normal;text-align:start;white-space:normal;color:rgb(0, 0, 0)\" align=\"start\"><span style=\"font-size:x-large\">Svarbiausi dalykai<\/span><\/p>\n<p><\/p>\n<p style=\"font-family:&quot;Microsoft YaHei&quot;;font-size:medium;font-weight:400;letter-spacing:normal;text-align:start;white-space:normal;color:rgb(0, 0, 0)\" align=\"start\"><strong>Galingas variklis ir didel\u0117 baterija<br \/><\/strong>Eleglide M1 Plus comes with a 250W powerful brushless motor that delivers\u00a045Nm torque\u00a0and enables the bike to speed up to 25km\/h. With a replaceable 12.5Ah lithium-ion battery, it can run up to 100km(62mi) on assist mode, which is perfect for your long ride.<br \/><strong>27.5&quot;\/29&quot;\u00a0CST Tires<br \/><\/strong>The upgraded M1 Plus bike is equipped with 27.5in\/29in bigger CST pneumatic tires that can adapt to a variety of road surfaces\u00a0and negotiate trail obstacles with ease and stability. Moreover, the knobby tire surface drastically\u00a0reduces\u00a0the impact caused by road bumps, making your ride even more enjoyable.<br \/><strong>21 Speed Shimano Gear<br \/><\/strong>The electric bicycle is improved with professional Shimano derailleurs. The front derailleur has 3 gears, and the rear has 7 gears. With the help of derailleurs, you can enjoy a faster and easier ride.<br \/><strong>Hidraulin\u0117 pakaba su blokavimu<br \/><\/strong>The new Eleglide M1 Plus is upgraded with hydraulic damping design that comes with suspension lockout, leaving you a more comfortable cycling experience.<br \/><strong>3 Riding Modes &amp; 5 Speed Levels<br \/><\/strong>While riding Eleglide M1 Plus, you can choose electric mode, assist mode or manual mode. You can also switch among 5 levels of assist\/electric mode, including 12, 16, 20, 23 and 25 km\/h.<br \/><strong>\u201eSmartLCD\u201c ir program\u0117li\u0173 valdymas<br \/><\/strong>M1 Plus has an intelligent LCD display that\u00a0keeps\u00a0you informed with all the important\u00a0details, like\u00a0the real-time speed, trip distance and remaining battery\u00a0power.\u00a0You can switch assist levels, set screen timeout, activate walk mode and more right from the display. Furthermore, you can control your bike via on your phone via the Eleglide app. The smart app\u00a0allows you to activate more\u00a0functions, such as locking the bike, setting a password and adjusting the screen timeout, making your ride smarter and easier.<\/p>\n<p><\/p>\n<h2 style=\"font-family:&quot;Microsoft YaHei&quot;;font-size:14px;letter-spacing:normal;text-align:start;white-space:normal;color:rgb(0, 0, 0);margin:10px 0px;margin-bottom:10px;margin-top:10px;margin-left:0px;margin-right:0px;padding:0px;padding-bottom:0px;padding-top:0px;padding-left:0px;padding-right:0px\" align=\"start\">Specifikacija<\/h2>\n<p><\/p>\n<table style=\"border-collapse:collapse;font-family:&quot;Microsoft YaHei&quot;\" border=\"1\" cellpadding=\"8\">\n<tbody>\n<tr>\n<td style=\"width:102px\" width=\"102\">\n<p>Bendra<\/p>\n<\/td>\n<td style=\"width:454px\" width=\"454\">\n<p>Prek\u0117s \u017eenklas: Elegide<br \/>Model: M1 Plus (27.5&quot;)<br \/>Spalva: juoda<\/p>\n<\/td>\n<\/tr>\n<tr>\n<td style=\"width:102px\" width=\"102\">\n<p>Pagrindin\u0117 specifikacija<\/p>\n<\/td>\n<td style=\"width:454px\" width=\"454\">\n<p>Grynasis svoris: 21,7 kg<br \/>Unfolded Size: 1790x680x1041mm<br \/>Size of Frame: 27.5&quot;\/29&quot; x 18&quot;<br \/>Vairo ilgis: 680 mm (26,8 colio)<br \/>Height of Saddle (from the ground): 33.5&quot;-41.3&quot;<br \/>Recommended Rider Height: 160-195cm (around 5&#x27;\u00a03&quot;-6&#x27; 4.8&quot;)<br \/>Max Load\u00a0of Bike: 100\u00a0kg<br \/>Cut-off\u00a0Speed: 25km\/h\u00a0(Can be adjusted to 32km\/h)<br \/>Maksimalus nuva\u017eiuojamas atstumas: 100 km (pagalbinis re\u017eimas)<br \/>Pedal\u0173 pagalbos lygiai: 12\/16\/20\/23\/25 km\/val.<br \/>\u0116jimo re\u017eimas: 6 km\/val.<br \/>Atsparumo vandeniui lygis: IPX4<br \/>Med\u017eiaga: aliuminio lydinys<br \/>Braking System: Front &amp; Rear Disc Brakes + Power-off Design<\/p>\n<\/td>\n<\/tr>\n<tr>\n<td style=\"width:102px\" width=\"102\">\n<p>Variklis<\/p>\n<\/td>\n<td style=\"width:454px\" width=\"454\">\n<p>Nominali galia ir \u012ftampa: 250 W, 36 V<br \/>Maksimali momentin\u0117 galia: 500 W<br \/>Max RPM: 210<br \/>Maksimalus i\u0161\u0117jimo sukimo momentas: 45 Nm<\/p>\n<\/td>\n<\/tr>\n<tr>\n<td style=\"width:102px\" width=\"102\">\n<p>Pavar\u0173 perjungiklis<\/p>\n<\/td>\n<td style=\"width:454px\" width=\"454\">\n<p>Prek\u0117s \u017eenklas: Shimano<br \/>Pavar\u0173 skai\u010dius: 3 (priekin\u0117), 7 (galin\u0117)<\/p>\n<\/td>\n<\/tr>\n<tr>\n<td style=\"width:102px\" width=\"102\">\n<p>Baterija<\/p>\n<\/td>\n<td style=\"width:454px\" width=\"454\">\n<p>Capacity: 12.5Ah<br \/>\u012etampa: 36 V<br \/>Charging Time: 7h<br \/>Power Capacity: 450Wh<br \/>Apsaugos sistema: Taip<\/p>\n<\/td>\n<\/tr>\n<tr>\n<td style=\"width:102px\" width=\"102\">\n<p>\u012ekroviklis<\/p>\n<\/td>\n<td style=\"width:454px\" width=\"454\">\n<p>\u012evestis: 100\u2013240 V, 2 A<br \/>I\u0161vestis: 42 V, 2 A<\/p>\n<\/td>\n<\/tr>\n<tr>\n<td style=\"width:102px\" width=\"102\">\n<p>Padangos<\/p>\n<\/td>\n<td style=\"width:454px\" width=\"454\">\n<p>Prek\u0117s \u017eenklas: CST<br \/>Dydis: 27,5&quot; x 2,1&quot;<br \/>Tipas: Pneumatin\u0117s gumin\u0117s padangos<br \/>Padang\u0173 sl\u0117gis: 45\u201365 PSI<br \/>Geriausias padang\u0173 sl\u0117gis: 50 PSI (priekyje), 55 PSI (gale)<\/p>\n<\/td>\n<\/tr>\n<tr>\n<td style=\"width:102px\" width=\"102\">\n<p>Ekranas<\/p>\n<\/td>\n<td style=\"width:454px\" width=\"454\">\n<p>Dydis: 1,75 colio<br \/>Tipas: LCD<br \/>Information: Speed, Battery Level, Trip Distance\/Odometer, Assist Level, Push Mode, Light Mark, Error Code, Brake\/Malfunction Mark<br \/>Function: power on\/off, light on\/off, shifting assist levels, activating push mode, removing ODO data, setting screen timeout, etc.<\/p>\n<\/td>\n<\/tr>\n<tr>\n<td style=\"width:102px\" width=\"102\">\n<p>Program\u0117l\u0117<\/p>\n<\/td>\n<td style=\"width:454px\" width=\"454\">\n<p>Vardas: Eleglidas<br \/>Sistemos palaikymas: iOS (11.0+), Android (5.0+)<br \/>Funkcijos: \u0161viesos \u012fjungimas \/ i\u0161jungimas, pagalbos lygi\u0173 keitimas, dvira\u010dio u\u017erakinimas \/ atrakinimas, slapta\u017eod\u017eio nustatymas, ekrano ry\u0161kumo reguliavimas ir kt.<\/p>\n<\/td>\n<\/tr>\n<tr>\n<td style=\"width:102px\" width=\"102\">\n<p>Paketas<\/p>\n<\/td>\n<td style=\"width:454px\" width=\"454\">\n<p>Size: 1480x220x770mm<br \/>Gross Weight: 27kg<\/p>\n<\/td>\n<\/tr>\n<tr>\n<td style=\"width:102px\" width=\"102\">\n<p>Paket\u0173 s\u0105ra\u0161as<\/p>\n<\/td>\n<td style=\"width:454px\" width=\"454\">\n<p>1 x Eleglide Bike \u00a0\u00a0\u00a0\u00a0\u00a01 x User Manual<br \/>1 x Charger \u00a0\u00a0\u00a0\u00a0\u00a0 \u00a0 \u00a0 \u00a0\u00a0 2 x Pedal<br \/>1 x Rear Reflector \u00a0\u00a0\u00a0\u00a04 x Spoke Reflector<br \/>1 x LCD Display \u00a0\u00a0\u00a0\u00a0\u00a0\u00a02 x Key<br \/>1 x Tool Kit \u00a0\u00a0\u00a0\u00a0\u00a0\u00a0 \u00a0 \u00a0\u00a0 1 x Throttle Kit<\/p>\n<\/td>\n<\/tr>\n<tr>\n<td style=\"width:556px\" width=\"556\" colspan=\"2\">\n<p>Pastaba: maksimalus atstumas pasiekiamas \u0161iomis s\u0105lygomis: 75 kg apkrova, 26 \u2103 temperat\u016bra, 15 km\/h pastovus greitis, lyg\u016bs keliai be stipraus v\u0117jo.<\/p>\n<\/td>\n<\/tr>\n<\/tbody>\n<\/table>\n<p><img decoding=\"async\" src=\"https:\/\/ae01.alicdn.com\/kf\/Sac0bfdff325945939c57588c426418188.jpeg\" slate-data-type=\"image\"\/><img decoding=\"async\" src=\"https:\/\/ae01.alicdn.com\/kf\/Sc9cdbd8ee5874b28b0c1844b60e60a00T.jpeg\" slate-data-type=\"image\"\/><img decoding=\"async\" src=\"https:\/\/ae01.alicdn.com\/kf\/S071ddc459d02406a83f5f5ec2ae198ca5.jpeg\" slate-data-type=\"image\"\/><img decoding=\"async\" src=\"https:\/\/ae01.alicdn.com\/kf\/S80dcff1728f54ec187b138bfa5abde9do.jpeg\" slate-data-type=\"image\"\/><img decoding=\"async\" src=\"https:\/\/ae01.alicdn.com\/kf\/S8ca7e861e8494bd8823febb4c52d1200a.jpeg\" slate-data-type=\"image\"\/><img decoding=\"async\" src=\"https:\/\/ae01.alicdn.com\/kf\/Sf95a79c18d5b4a1fb532eb5783407ed4z.jpeg\" slate-data-type=\"image\"\/><img decoding=\"async\" src=\"https:\/\/ae01.alicdn.com\/kf\/Sca407e8bd8314675b9b371ef8edbb823H.jpeg\" slate-data-type=\"image\"\/><img decoding=\"async\" src=\"https:\/\/ae01.alicdn.com\/kf\/S90b863fb99c34b6ab9e3e4ddf97e3450v.jpeg\" slate-data-type=\"image\"\/><img decoding=\"async\" src=\"https:\/\/ae01.alicdn.com\/kf\/Se833949820214331919e9fc5b4a42a3fl.jpeg\" slate-data-type=\"image\"\/><img decoding=\"async\" src=\"https:\/\/ae01.alicdn.com\/kf\/S979251df0f4c405c9e7b03d4fae6b516v.jpeg\" slate-data-type=\"image\"\/><img decoding=\"async\" src=\"https:\/\/ae01.alicdn.com\/kf\/Sd27b1ff2cbfb44e7b8309b4bfdcab174E.jpeg\" slate-data-type=\"image\"\/><img decoding=\"async\" src=\"https:\/\/ae01.alicdn.com\/kf\/S73ef3b1ada2c43c39c525e7e71f89367A.jpeg\" slate-data-type=\"image\"\/><img decoding=\"async\" src=\"https:\/\/ae01.alicdn.com\/kf\/S5cdbcaa253284456bc6c72c76ac180bbB.jpeg\" slate-data-type=\"image\"\/><img decoding=\"async\" src=\"https:\/\/ae01.alicdn.com\/kf\/S54d93284c50042b5992ab8d218488629P.jpeg\" slate-data-type=\"image\"\/><\/p>","protected":false},"excerpt":{"rendered":"<p>Brand:&nbsp;Eleglide Model:&nbsp;M1 Plus Net Weight:&nbsp;21.7kg Max Load of Bike:&nbsp;1790x680x1041mm Size of Frame:&nbsp;27.5&quot;\/29\u201c Max Load of Bike::&nbsp;100 kg Walk Mode:&nbsp;6km\/h Waterproof Level:&nbsp;IPX4 Features 01:&nbsp;Electric Bicycle Features 02:&nbsp;Electric Bikes Features 03:&nbsp;Electric Bike<\/p>","protected":false},"featured_media":21597,"comment_status":"open","ping_status":"closed","template":"","meta":{"_acf_changed":false},"product_brand":[],"product_cat":[230],"product_tag":[],"class_list":{"0":"post-21596","1":"product","2":"type-product","3":"status-publish","4":"has-post-thumbnail","6":"product_cat-bikes","8":"first","9":"instock","10":"shipping-taxable","11":"purchasable","12":"product-type-variable"},"acf":[],"_links":{"self":[{"href":"https:\/\/www.electricstore.eu\/lt\/wp-json\/wp\/v2\/product\/21596","targetHints":{"allow":["GET"]}}],"collection":[{"href":"https:\/\/www.electricstore.eu\/lt\/wp-json\/wp\/v2\/product"}],"about":[{"href":"https:\/\/www.electricstore.eu\/lt\/wp-json\/wp\/v2\/types\/product"}],"replies":[{"embeddable":true,"href":"https:\/\/www.electricstore.eu\/lt\/wp-json\/wp\/v2\/comments?post=21596"}],"wp:featuredmedia":[{"embeddable":true,"href":"https:\/\/www.electricstore.eu\/lt\/wp-json\/wp\/v2\/media\/21597"}],"wp:attachment":[{"href":"https:\/\/www.electricstore.eu\/lt\/wp-json\/wp\/v2\/media?parent=21596"}],"wp:term":[{"taxonomy":"product_brand","embeddable":true,"href":"https:\/\/www.electricstore.eu\/lt\/wp-json\/wp\/v2\/product_brand?post=21596"},{"taxonomy":"product_cat","embeddable":true,"href":"https:\/\/www.electricstore.eu\/lt\/wp-json\/wp\/v2\/product_cat?post=21596"},{"taxonomy":"product_tag","embeddable":true,"href":"https:\/\/www.electricstore.eu\/lt\/wp-json\/wp\/v2\/product_tag?post=21596"}],"curies":[{"name":"wp","href":"https:\/\/api.w.org\/{rel}","templated":true}]}}