{"id":21569,"date":"2025-05-20T18:20:00","date_gmt":"2025-05-20T18:20:00","guid":{"rendered":"https:\/\/electricstore.eu\/p\/uncategorized\/engwe-mapfour-n1-air-adult-electric-bike-25km-h-max-speed-250w-100km-range-36v-10ah-battery-electric-road-bikes-electric-bicycle\/"},"modified":"2025-05-20T18:20:08","modified_gmt":"2025-05-20T18:20:08","slug":"engwe-mapfour-n1-air-adult-electric-bike-25km-h-max-speed-250w-100km-range-36v-10ah-battery-electric-road-bikes-electric-bicycle","status":"publish","type":"product","link":"https:\/\/www.electricstore.eu\/lt\/p\/bikes\/engwe-mapfour-n1-air-adult-electric-bike-25km-h-max-speed-250w-100km-range-36v-10ah-battery-electric-road-bikes-electric-bicycle\/","title":{"rendered":"ENGWE MapFour N1 Air elektrinis dviratis suaugusiems, 25 km\/h maksimalus greitis, 250 W, 100 km atstumas, 36 V 10 Ah baterija, elektriniai plento dvira\u010diai, elektrinis dviratis"},"content":{"rendered":"<div class=\"product-specs-list-container\">\n<ul class=\"product-specs-list util-clearfix\">\n<li class=\"product-prop line-limit-length\"><span\n                                        class=\"property-title\">Prek\u0117s \u017eenklas:&nbsp;<\/span><span\n                                        class=\"property-desc line-limit-length\">ENGWE<\/span>\n                            <\/li>\n<li class=\"product-prop line-limit-length\"><span\n                                        class=\"property-title\">Tipas:&nbsp;<\/span><span\n                                        class=\"property-desc line-limit-length\">Priekinis ir galinis mechaninis diskinis stabdys<\/span>\n                            <\/li>\n<li class=\"product-prop line-limit-length\"><span\n                                        class=\"property-title\">Modelis:&nbsp;<\/span><span\n                                        class=\"property-desc line-limit-length\">\u201eMapFour N1 Air\u201c<\/span>\n                            <\/li>\n<li class=\"product-prop line-limit-length\"><span\n                                        class=\"property-title\">Med\u017eiaga:&nbsp;<\/span><span\n                                        class=\"property-desc line-limit-length\">Anglies pluo\u0161to r\u0117mas<\/span>\n                            <\/li>\n<li class=\"product-prop line-limit-length\"><span\n                                        class=\"property-title\">Variklis:&nbsp;<\/span><span\n                                        class=\"property-desc line-limit-length\">MIVICE M070 galinio stebul\u0117s variklis<\/span>\n                            <\/li>\n<li class=\"product-prop line-limit-length\"><span\n                                        class=\"property-title\">Jutiklis:&nbsp;<\/span><span\n                                        class=\"property-desc line-limit-length\">Sukimo momento jutiklis<\/span>\n                            <\/li>\n<li class=\"product-prop line-limit-length\"><span\n                                        class=\"property-title\">Maksimalus sukimo momentas:&nbsp;<\/span><span\n                                        class=\"property-desc line-limit-length\">40 Nm<\/span>\n                            <\/li>\n<li class=\"product-prop line-limit-length\"><span\n                                        class=\"property-title\">Padangos:&nbsp;<\/span><span\n                                        class=\"property-desc line-limit-length\">700 * 38C stipin\u0173 padangos<\/span>\n                            <\/li>\n<li class=\"product-prop line-limit-length\"><span\n                                        class=\"property-title\">1-oji savyb\u0117:&nbsp;<\/span><span\n                                        class=\"property-desc line-limit-length\">Elektrinis dviratis<\/span>\n                            <\/li>\n<li class=\"product-prop line-limit-length\"><span\n                                        class=\"property-title\">2 funkcijos:&nbsp;<\/span><span\n                                        class=\"property-desc line-limit-length\">Elektriniai dvira\u010diai<\/span>\n                            <\/li>\n<li class=\"product-prop line-limit-length\"><span\n                                        class=\"property-title\">03 funkcijos:&nbsp;<\/span><span\n                                        class=\"property-desc line-limit-length\">Elektrinio dvira\u010dio pasi\u016blymas<\/span>\n                            <\/li>\n<li class=\"product-prop line-limit-length\"><span\n                                        class=\"property-title\">04 funkcijos:&nbsp;<\/span><span\n                                        class=\"property-desc line-limit-length\">Elektriniai dvira\u010diai suaugusiems<\/span>\n                            <\/li>\n<li class=\"product-prop line-limit-length\"><span\n                                        class=\"property-title\">05 funkcijos:&nbsp;<\/span><span\n                                        class=\"property-desc line-limit-length\">Sulankstomas dviratis<\/span>\n                            <\/li>\n<li class=\"product-prop line-limit-length\"><span\n                                        class=\"property-title\">06 funkcijos:&nbsp;<\/span><span\n                                        class=\"property-desc line-limit-length\">Elektriniai dvira\u010diai suaugusiems<\/span>\n                            <\/li>\n<li class=\"product-prop line-limit-length\"><span\n                                        class=\"property-title\">7 funkcijos:&nbsp;<\/span><span\n                                        class=\"property-desc line-limit-length\">Sulankstomi dvira\u010diai<\/span>\n                            <\/li>\n<li class=\"product-prop line-limit-length\"><span\n                                        class=\"property-title\">08 funkcijos:&nbsp;<\/span><span\n                                        class=\"property-desc line-limit-length\">Elektrinis dviratis<\/span>\n                            <\/li>\n<li class=\"product-prop line-limit-length\"><span\n                                        class=\"property-title\">09 funkcijos:&nbsp;<\/span><span\n                                        class=\"property-desc line-limit-length\">Pig\u016bs dvira\u010diai<\/span>\n                            <\/li>\n<li class=\"product-prop line-limit-length\"><span\n                                        class=\"property-title\">Greitis:&nbsp;<\/span><span\n                                        class=\"property-desc line-limit-length\">25 km\/val.<\/span>\n                            <\/li>\n<li class=\"product-prop line-limit-length\"><span\n                                        class=\"property-title\">Diapazonas:&nbsp;<\/span><span\n                                        class=\"property-desc line-limit-length\">100 km (PAS 1 lygis)<\/span>\n                            <\/li>\n<li class=\"product-prop line-limit-length\"><span\n                                        class=\"property-title\">Maksimali apkrova::&nbsp;<\/span><span\n                                        class=\"property-desc line-limit-length\">120 kg<\/span>\n                            <\/li>\n<\/ul><\/div>\n<p><\/p>\n<p style=\"font-family:&quot;Microsoft YaHei&quot;;font-size:medium;font-weight:400;letter-spacing:normal;text-align:start;white-space:normal;color:rgb(0, 0, 0)\" align=\"start\"><span style=\"font-size:x-large\">Svarbiausi dalykai<\/span><\/p>\n<p><\/p>\n<h3 style=\"font-family:&quot;Microsoft YaHei&quot;;letter-spacing:normal;text-align:start;white-space:normal;color:rgb(0, 0, 0)\" align=\"start\">Itin lengvas anglies pluo\u0161to r\u0117mas<\/h3>\n<p style=\"font-family:&quot;Microsoft YaHei&quot;;font-size:medium;font-weight:400;letter-spacing:normal;text-align:start;white-space:normal;color:rgb(0, 0, 0)\" align=\"start\">Itin lengvas, vos 1,28 kg sveriantis anglies pluo\u0161to r\u0117mas, \u201eENGWE MapFour N1 Air\u201c elektrinis dviratis sukurtas optimaliai aerodinamikai, u\u017etikrinant sklandesn\u012f, stabilesn\u012f va\u017eiavim\u0105 ir ma\u017eesn\u012f v\u0117jo pasiprie\u0161inim\u0105.<\/p>\n<h3 style=\"font-family:&quot;Microsoft YaHei&quot;;letter-spacing:normal;text-align:start;white-space:normal;color:rgb(0, 0, 0)\" align=\"start\">250 W variklis<\/h3>\n<p style=\"font-family:&quot;Microsoft YaHei&quot;;font-size:medium;font-weight:400;letter-spacing:normal;text-align:start;white-space:normal;color:rgb(0, 0, 0)\" align=\"start\">Kompakti\u0161kas, 250 W galios ir 40 Nm sukimo momento miesto elektrinis dviratis \u201eENGWE MapFour N1 Air\u201c pasi\u017eymi skland\u017eiu na\u0161umu ir eleganti\u0161ku dizainu, beveik nesiskirian\u010diu nuo standartinio dvira\u010dio.<\/p>\n<h3 style=\"font-family:&quot;Microsoft YaHei&quot;;letter-spacing:normal;text-align:start;white-space:normal;color:rgb(0, 0, 0)\" align=\"start\">36 V 10 Ah nuimamas akumuliatorius<\/h3>\n<p style=\"font-family:&quot;Microsoft YaHei&quot;;font-size:medium;font-weight:400;letter-spacing:normal;text-align:start;white-space:normal;color:rgb(0, 0, 0)\" align=\"start\">36 V 10 Ah akumuliatorius u\u017etikrina 100 km nuva\u017eiuojam\u0105 atstum\u0105. ENGWE MapFour N1 Air miesto elektrinis dviratis sukurtas gyvenimui mieste. D\u0117l ilgai veikian\u010dios galios nereik\u0117s kasdien krauti ir gal\u0117site sutelkti d\u0117mes\u012f \u012f savo kelion\u0119.<\/p>\n<h3 style=\"font-family:&quot;Microsoft YaHei&quot;;letter-spacing:normal;text-align:start;white-space:normal;color:rgb(0, 0, 0)\" align=\"start\">Patogus ir saugus va\u017eiavimas<\/h3>\n<p style=\"font-family:&quot;Microsoft YaHei&quot;;font-size:medium;font-weight:400;letter-spacing:normal;text-align:start;white-space:normal;color:rgb(0, 0, 0)\" align=\"start\">700*38C stipin\u0173 padangos sukurtos grei\u010diui ir stabilumui u\u017etikrinti, u\u017etikrinant skland\u0173 va\u017eiavim\u0105 \u012fvairiais miesto pavir\u0161iais. \u012erengtos mechaniniai diskiniai stabd\u017eiai, u\u017etikrinantys patikim\u0105 ir tiksl\u0173 stabdym\u0105.\u00a0<\/p>\n<h3 style=\"font-family:&quot;Microsoft YaHei&quot;;letter-spacing:normal;text-align:start;white-space:normal;color:rgb(0, 0, 0)\" align=\"start\">Sklandus va\u017eiavimas<\/h3>\n<p style=\"font-family:&quot;Microsoft YaHei&quot;;font-size:medium;font-weight:400;letter-spacing:normal;text-align:start;white-space:normal;color:rgb(0, 0, 0)\" align=\"start\">ENGWE MapFour N1 Air lengvojo elektrinio dvira\u010dio sukimo momento jutiklis u\u017etikrina skland\u0173 ir reaguojant\u012f pedal\u0173 mynim\u0105, tiksliai i\u0161matuodamas pedal\u0173 j\u0117g\u0105, kad va\u017eiavimas b\u016bt\u0173 nat\u016bralus.<\/p>\n<p><\/p>\n<h2 style=\"font-family:&quot;Microsoft YaHei&quot;;font-size:14px;letter-spacing:normal;text-align:start;white-space:normal;color:rgb(0, 0, 0);margin:10px 0px;margin-bottom:10px;margin-top:10px;margin-left:0px;margin-right:0px;padding:0px;padding-bottom:0px;padding-top:0px;padding-left:0px;padding-right:0px\" align=\"start\">Specifikacija<\/h2>\n<p><\/p>\n<table style=\"border-collapse:collapse;font-family:&quot;Microsoft YaHei&quot;;width:1000px\" class=\"jbEidtTable\" border=\"1\" cellpadding=\"5\" cellspacing=\"0\">\n<tbody>\n<tr>\n<td style=\"text-align:left\" align=\"left\">\n<p><strong>Bendra<\/strong><\/p>\n<\/td>\n<td style=\"text-align:left\" align=\"left\">\n<p>Prek\u0117s \u017eenklas: ENGWE<br \/>Tipas: elektrinis dviratis<br \/>Modelis: MapFour N1 Air<br \/>Spalva: \u017ealia<\/p>\n<\/td>\n<\/tr>\n<tr>\n<td style=\"text-align:left\" align=\"left\">\n<p><strong>Specifikacija<\/strong><\/p>\n<\/td>\n<td style=\"text-align:left\" align=\"left\">\n<p>Med\u017eiaga: anglies pluo\u0161to r\u0117mas<br \/>Variklis: MIVICE M070 galinio stebul\u0117s variklis<br \/>Jutiklis: sukimo momento jutiklis<br \/>Maksimalus sukimo momentas: 40 Nm<br \/>Padangos: 700 * 38C stipin\u0173 padangos<br \/>\u017dibintai: Priekinis \u017eibintas ir saul\u0117s galinis \u017eibintas<br \/>Pavar\u0173 sistema: SHIMANO 7 pavar\u0173<br \/>Stabd\u017eiai: 160 mm priekinis ir galinis mechaninis diskinis stabdys<br \/>Baterija: 36 V 10 Ah SAMSUNG nuimama li\u010dio jon\u0173 baterija<br \/>Greitis: 25 km\/val.<br \/>Atstumas: 100 km (PAS 1 lygis)<br \/>\u012ekrovimo laikas: apie 5\u20138 val. (Baterijos \u012fkrovimo laikas priklauso nuo baterijos naudojimo.)<br \/>Maksimalus kopimo kampas: 10\u00b0<br \/>Ekranas: LCD spalvotas ekranas<br \/>Maksimali apkrova: 120 kg<\/p>\n<\/td>\n<\/tr>\n<tr>\n<td style=\"text-align:left\" align=\"left\">\n<p><strong>Svoris ir dydis<\/strong><\/p>\n<\/td>\n<td style=\"text-align:left\" align=\"left\">\n<p>Produkto svoris: 15,6 kg<br \/>Pakuot\u0117s svoris: 25,4 kg<br \/>Pakuot\u0117s dydis (ilgis x plotis x auk\u0161tis): 148,4 x 22,5 x 73 cm<\/p>\n<\/td>\n<\/tr>\n<tr>\n<td style=\"text-align:left\" align=\"left\">\n<p><strong>Pakuot\u0117s turinys<\/strong><\/p>\n<\/td>\n<td style=\"text-align:left\" align=\"left\">\n<p>1 x elektrinis dviratis<br \/>1 x \u012ekroviklis<br \/>1 x \u012franki\u0173 rinkinys<br \/>1 x Naudotojo vadovas<\/p>\n<\/td>\n<\/tr>\n<\/tbody>\n<\/table>\n<p><img decoding=\"async\" src=\"https:\/\/ae01.alicdn.com\/kf\/S3c2dc56355bb462d9fbbf2448ff58181y.jpeg\" slate-data-type=\"image\"\/><img decoding=\"async\" src=\"https:\/\/ae01.alicdn.com\/kf\/S84720af833be4a47a5563cfc03dd43d9d.jpeg\" slate-data-type=\"image\"\/><img decoding=\"async\" src=\"https:\/\/ae01.alicdn.com\/kf\/S6564cc26b1964a9d88a64fca455ba60fy.jpeg\" slate-data-type=\"image\"\/><img decoding=\"async\" src=\"https:\/\/ae01.alicdn.com\/kf\/S8525aa63d4bf467db491cb065789dc24W.jpeg\" slate-data-type=\"image\"\/><img decoding=\"async\" src=\"https:\/\/ae01.alicdn.com\/kf\/S8f6440aa6a3041fd9ea40d9fe4c81075b.jpeg\" slate-data-type=\"image\"\/><img decoding=\"async\" src=\"https:\/\/ae01.alicdn.com\/kf\/S62106a83da2f4a92ba6dc24e127e3f9bQ.jpeg\" slate-data-type=\"image\"\/><img decoding=\"async\" src=\"https:\/\/ae01.alicdn.com\/kf\/See105fe7292240df953a27f56ef6d42eA.jpeg\" slate-data-type=\"image\"\/><img decoding=\"async\" src=\"https:\/\/ae01.alicdn.com\/kf\/Sa980e31d7bf94628a1acf52254cc3f06b.jpeg\" slate-data-type=\"image\"\/><img decoding=\"async\" src=\"https:\/\/ae01.alicdn.com\/kf\/S909b25941f5e4d3c977fcd3c9b787cc1K.jpeg\" slate-data-type=\"image\"\/><img decoding=\"async\" src=\"https:\/\/ae01.alicdn.com\/kf\/S52430b5af63f48e7a3abac665730ba43G.jpeg\" slate-data-type=\"image\"\/><img decoding=\"async\" src=\"https:\/\/ae01.alicdn.com\/kf\/S2937387f9b244ce4915e7987b15b75b7L.jpeg\" slate-data-type=\"image\"\/><img decoding=\"async\" src=\"https:\/\/ae01.alicdn.com\/kf\/Sc7f4393018224cd4a2e8aa6bd73523d3v.jpeg\" slate-data-type=\"image\"\/><img decoding=\"async\" src=\"https:\/\/ae01.alicdn.com\/kf\/S9da94f6ae9684e32a1debdacf9ee89f2q.jpeg\" slate-data-type=\"image\"\/><\/p>","protected":false},"excerpt":{"rendered":"<p>Brand:&nbsp;ENGWE Type:&nbsp;Front &amp; Rear Mechanical Disc Brake Model:&nbsp;MapFour N1 Air Material:&nbsp;Carbon Fiber Frame Motor:&nbsp;MIVICE M070 Rear Hub Motor Sensor:&nbsp;Torque Sensor Max Torque:&nbsp;40 Nm Tires:&nbsp;700*38C Spoke Tires Features 01:&nbsp;Electric Bicycle Features<\/p>","protected":false},"featured_media":21571,"comment_status":"open","ping_status":"closed","template":"","meta":{"_acf_changed":false},"product_brand":[],"product_cat":[230],"product_tag":[],"class_list":{"0":"post-21569","1":"product","2":"type-product","3":"status-publish","4":"has-post-thumbnail","6":"product_cat-bikes","8":"first","9":"instock","10":"shipping-taxable","11":"purchasable","12":"product-type-variable"},"acf":[],"_links":{"self":[{"href":"https:\/\/www.electricstore.eu\/lt\/wp-json\/wp\/v2\/product\/21569","targetHints":{"allow":["GET"]}}],"collection":[{"href":"https:\/\/www.electricstore.eu\/lt\/wp-json\/wp\/v2\/product"}],"about":[{"href":"https:\/\/www.electricstore.eu\/lt\/wp-json\/wp\/v2\/types\/product"}],"replies":[{"embeddable":true,"href":"https:\/\/www.electricstore.eu\/lt\/wp-json\/wp\/v2\/comments?post=21569"}],"wp:featuredmedia":[{"embeddable":true,"href":"https:\/\/www.electricstore.eu\/lt\/wp-json\/wp\/v2\/media\/21571"}],"wp:attachment":[{"href":"https:\/\/www.electricstore.eu\/lt\/wp-json\/wp\/v2\/media?parent=21569"}],"wp:term":[{"taxonomy":"product_brand","embeddable":true,"href":"https:\/\/www.electricstore.eu\/lt\/wp-json\/wp\/v2\/product_brand?post=21569"},{"taxonomy":"product_cat","embeddable":true,"href":"https:\/\/www.electricstore.eu\/lt\/wp-json\/wp\/v2\/product_cat?post=21569"},{"taxonomy":"product_tag","embeddable":true,"href":"https:\/\/www.electricstore.eu\/lt\/wp-json\/wp\/v2\/product_tag?post=21569"}],"curies":[{"name":"wp","href":"https:\/\/api.w.org\/{rel}","templated":true}]}}