{"id":21560,"date":"2025-05-20T18:19:54","date_gmt":"2025-05-20T18:19:54","guid":{"rendered":"https:\/\/electricstore.eu\/p\/uncategorized\/touroll-b2-26-electric-bike-25km-h-250w-50nm-torque-36v-15-6ah-100km-range-7-speed-shimano-gear-electric-bicycles\/"},"modified":"2025-05-20T18:19:55","modified_gmt":"2025-05-20T18:19:55","slug":"touroll-b2-26-electric-bike-25km-h-250w-50nm-torque-36v-15-6ah-100km-range-7-speed-shimano-gear-electric-bicycles","status":"publish","type":"product","link":"https:\/\/www.electricstore.eu\/lt\/p\/bikes\/touroll-b2-26-electric-bike-25km-h-250w-50nm-torque-36v-15-6ah-100km-range-7-speed-shimano-gear-electric-bicycles\/","title":{"rendered":"\u201eTouroll B2\u201c 26 coli\u0173 elektrinis dviratis, 25 km\/h, 250 W, 50 Nm sukimo momentas, 36 V, 15,6 Ah, 100 km nuva\u017eiuojamas atstumas, 7 pavaros, \u201eShimano\u201c pavara. Elektriniai dvira\u010diai."},"content":{"rendered":"<div class=\"product-specs-list-container\">\n<ul class=\"product-specs-list util-clearfix\">\n<li class=\"product-prop line-limit-length\"><span\n                                        class=\"property-title\">Dvira\u010di\u0173 pakabos tipai:&nbsp;<\/span><span\n                                        class=\"property-desc line-limit-length\">Tvirtas<\/span>\n                            <\/li>\n<li class=\"product-prop line-limit-length\"><span\n                                        class=\"property-title\">Stabd\u017ei\u0173 sistema:&nbsp;<\/span><span\n                                        class=\"property-desc line-limit-length\">Priekinis ir galinis mechaninis diskinis stabdys<\/span>\n                            <\/li>\n<li class=\"product-prop line-limit-length\"><span\n                                        class=\"property-title\">Rat\u0173 dydis:&nbsp;<\/span><span\n                                        class=\"property-desc line-limit-length\">26&quot;<\/span>\n                            <\/li>\n<li class=\"product-prop line-limit-length\"><span\n                                        class=\"property-title\">Prek\u0117s \u017eenklas:&nbsp;<\/span><span\n                                        class=\"property-desc line-limit-length\">Tourollas<\/span>\n                            <\/li>\n<li class=\"product-prop line-limit-length\"><span\n                                        class=\"property-title\">Modelis:&nbsp;<\/span><span\n                                        class=\"property-desc line-limit-length\">B2<\/span>\n                            <\/li>\n<li class=\"product-prop line-limit-length\"><span\n                                        class=\"property-title\">R\u0117mo dydis:&nbsp;<\/span><span\n                                        class=\"property-desc line-limit-length\">26&quot;x16&quot;<\/span>\n                            <\/li>\n<li class=\"product-prop line-limit-length\"><span\n                                        class=\"property-title\">\u0160R:&nbsp;<\/span><span\n                                        class=\"property-desc line-limit-length\">26,7 kg<\/span>\n                            <\/li>\n<li class=\"product-prop line-limit-length\"><span\n                                        class=\"property-title\">Ribinis greitis:&nbsp;<\/span><span\n                                        class=\"property-desc line-limit-length\">25 km\/val.<\/span>\n                            <\/li>\n<li class=\"product-prop line-limit-length\"><span\n                                        class=\"property-title\">Maksimalus diapazonas:&nbsp;<\/span><span\n                                        class=\"property-desc line-limit-length\">100 km (pagalbinis re\u017eimas)<\/span>\n                            <\/li>\n<li class=\"product-prop line-limit-length\"><span\n                                        class=\"property-title\">Nominali galia \/ \u012ftampa:&nbsp;<\/span><span\n                                        class=\"property-desc line-limit-length\">250 W \/ 36 V<\/span>\n                            <\/li>\n<li class=\"product-prop line-limit-length\"><span\n                                        class=\"property-title\">\u012ekrovimo laikas:&nbsp;<\/span><span\n                                        class=\"property-desc line-limit-length\">7\u20138 val.<\/span>\n                            <\/li>\n<\/ul><\/div>\n<p><span style=\"font-size:x-large\">Svarbiausi dalykai<\/span><\/p>\n<p><\/p>\n<p style=\"font-family:&quot;Noto Sans SC&quot;;font-size:medium;font-weight:400;letter-spacing:normal;text-align:start;white-space:normal;color:rgb(0, 0, 0)\" align=\"start\">Nesenstanti elegancija ir ergonomi\u0161kas komfortas<br \/>Elektrinis dviratis \u201eTouroll B2\u201c pasi\u017eymi gra\u017eiai pagamintu retro stiliaus r\u0117mu, sukurtu taip, kad papildyt\u0173 eleganti\u0161k\u0105 ir patogi\u0105 moter\u0173 va\u017eiavimo laikysen\u0105. Jo grak\u0161tus siluetas, si\u016blomas rafinuot\u0173 spalv\u0173, derina klasikin\u0119 estetik\u0105 su ergonominiu efektyvumu, u\u017etikrindamas skland\u0173 ir atpalaiduojant\u012f va\u017eiavim\u0105. Reguliuojamas vairas ir s\u0117dyn\u0117s auk\u0161tis leid\u017eia dviratininkams pritaikyti dvirat\u012f pagal savo poreikius, o \u017eemas r\u0117mas leid\u017eia lengvai u\u017elipti ir nulipti \u2013 idealiai tinka kasdien\u0117ms kelion\u0117ms \u012f darb\u0105 ir atgal bei laisvalaikio pasiva\u017ein\u0117jimams.<\/p>\n<p>Saugumo u\u017etikrinimo stabd\u017ei\u0173 sistema<br \/>\u201eTouroll B2\u201c su variklio i\u0161jungimo mechaniniais diskiniais stabd\u017eiais akimirksniu sustabdo gali\u0105 stabdant, u\u017etikrindamas greit\u0105 ir kontroliuojam\u0105 sustojim\u0105 net ir \u0161laituose. \u0160i saugumui skirta stabd\u017ei\u0173 sistema padidina motociklininko pasitik\u0117jim\u0105 savimi, ypa\u010d miesto eismo s\u0105lygomis, u\u017etikrindama didesn\u012f stabilum\u0105 ir valdym\u0105.<\/p>\n<p>Didelio nuotolio nuimama baterija<br \/>Varomas 36 V 15,6 Ah (561,6 Wh) akumuliatoriaus, elektrinis B2 dviratis vienu \u012fkrovimu gali nuva\u017eiuoti \u012fsp\u016bding\u0105 daugiau nei 100 km atstum\u0105, tod\u0117l puikiai tinka kasdien\u0117ms kelion\u0117ms \u012f darb\u0105 ir atgal, va\u017ein\u0117jimui dvira\u010diu mieste ir savaitgalio i\u0161vykoms. I\u0161imamas akumuliatorius leid\u017eia lengvai \u012fkrauti dvirat\u012f namuose ar biure, u\u017etikrinant maksimal\u0173 patogum\u0105 dviratininkams.<\/p>\n<p>Adaptyvin\u0117 galia ir sklandus valdymas<br \/>250 W galinis stebul\u0117s variklis su 50 Nm sukimo momentu kartu su 12 magnet\u0173 mynimo da\u017enio jutikliu u\u017etikrina skland\u017ei\u0105 pedal\u0173 pagalb\u0105, skland\u017eiai reaguojant \u012f kiekvien\u0105 mynim\u0105. Nesunkiai \u012fveikite \u012fkalnes ir va\u017eiuokite miesto gatv\u0117mis iki 25 km\/h grei\u010diu, u\u017etikrindami galing\u0105, bet nat\u016bral\u0173 va\u017eiavimo potyr\u012f.<\/p>\n<p>\u201eShimano\u201c 7 grei\u010di\u0173 pavar\u0173 sistema<br \/>Tiksliai \u012fveikite \u012fvair\u0173 reljef\u0105 naudodami \u201eShimano\u201c 7 pavar\u0173 pavar\u0105. Nesvarbu, ar kopiate \u012f kaln\u0105, ar greit\u0117jate lygiu keliu, \u0161i patikima pavar\u0173 sistema u\u017etikrina skland\u0173 ir energij\u0105 taupant\u012f pavar\u0173 perjungim\u0105, lengvai prisitaikydama prie j\u016bs\u0173 pageidaujamo va\u017eiavimo tempo.<\/p>\n<p>Patogios vartotojui funkcijos<br \/>Siekiant geresnio matomumo, priekiniai ir galiniai \u017eibintai atitinka ES \u201eStVZO\u201c sertifikat\u0105, tod\u0117l va\u017eiavimas nakt\u012f yra saugesnis. Intuityvus LED ekranas leid\u017eia lengvai valdyti tris pedal\u0173 pagalbos lygius, tod\u0117l jis patogus pradedantiesiems ir universalus patyrusiems dviratininkams. Tvirtas galinis baga\u017eo laikiklis suteikia praktini\u0173 privalum\u0173, idealiai tinka maisto produktams, krep\u0161iams ar asmeniniams daiktams ne\u0161iotis \u2013 puikiai tinka va\u017ein\u0117jant \u012f darb\u0105 ir atgal, atliekant pavedimus ir laisvalaikio va\u017eiavimui dvira\u010diu.<\/p>\n<p><\/p>\n<h2 style=\"font-family:&quot;Noto Sans SC&quot;;font-size:14px;letter-spacing:normal;text-align:start;white-space:normal;color:rgb(0, 0, 0);margin:10px 0px;margin-bottom:10px;margin-top:10px;margin-left:0px;margin-right:0px;padding:0px;padding-bottom:0px;padding-top:0px;padding-left:0px;padding-right:0px\" align=\"start\">Specifikacija<\/h2>\n<p><\/p>\n<table style=\"border-collapse:collapse;font-family:&quot;Noto Sans SC&quot;\" border=\"1\" cellpadding=\"8\">\n<tbody>\n<tr>\n<td style=\"width:28.2%\" width=\"28.2000%\">\n<p>Bendra<\/p>\n<\/td>\n<td style=\"width:71.78%\" width=\"71.7800%\">\n<p>Prek\u0117s \u017eenklas: Touroll<br \/>Modelis: B2<br \/>Spalva: \u017ealia<\/p>\n<\/td>\n<\/tr>\n<tr>\n<td style=\"width:28.2%\" width=\"28.2000%\">\n<p>Pagrindin\u0117 specifikacija<\/p>\n<\/td>\n<td style=\"width:71.78%\" width=\"71.7800%\">\n<p>R\u0117mo dydis: 26&quot; x 16&quot;<br \/>I\u0161skleisto dydis: 1910x670x1130 mm<br \/>Vairo plotis: 670 mm (26,4 colio)<br \/>\u0160R: 26,7 kg<br \/>Atsparumo vandeniui lygis: IPX4<br \/>Ribinis greitis: 25 km\/h<br \/>Maksimalus nuva\u017eiuojamas atstumas: 100 km (pagalbinis re\u017eimas)<br \/>Pagalbinio re\u017eimo grei\u010dio lygiai: 15\/20\/25 km\/h (1\u20133 lygis)<br \/>R\u0117mo med\u017eiaga: STL<br \/>Rekomenduojamas motociklininko \u016bgis: 160\u2013195 cm (5&#039;3\u20136&#039;5&quot;)<\/p>\n<\/td>\n<\/tr>\n<tr>\n<td style=\"width:28.2%\" width=\"28.2000%\">\n<p>Variklis<\/p>\n<\/td>\n<td style=\"width:71.78%\" width=\"71.7800%\">\n<p>Nominali galia \/ \u012ftampa: 250 W \/ 36 V<br \/>Maksimalus i\u0161\u0117jimo sukimo momentas: 50 Nm<\/p>\n<\/td>\n<\/tr>\n<tr>\n<td style=\"width:28.2%\" width=\"28.2000%\">\n<p>Pavar\u0173 perjungiklis<\/p>\n<\/td>\n<td style=\"width:71.78%\" width=\"71.7800%\">\n<p>Prek\u0117s \u017eenklas: Shimano<br \/>Pavar\u0173 perjungimo svir\u010di\u0173 skai\u010dius: 7 (galiniai)<\/p>\n<\/td>\n<\/tr>\n<tr>\n<td style=\"width:28.2%\" width=\"28.2000%\">\n<p>Baterija<\/p>\n<\/td>\n<td style=\"width:71.78%\" width=\"71.7800%\">\n<p>Talpa \/ \u012ftampa: 15,6 Ah \/ 36 V<br \/>Maitinimo talpa: 561,6 Wh<br \/>\u012ekrovimo laikas: 7\u20138 val.<br \/>Apsaugos sistema: Taip<\/p>\n<\/td>\n<\/tr>\n<tr>\n<td style=\"width:28.2%\" width=\"28.2000%\">\n<p>\u012ekroviklis<\/p>\n<\/td>\n<td style=\"width:71.78%\" width=\"71.7800%\">\n<p>\u012e\u0117jimo \u012ftampa: 100\u2013240 V<br \/>\u012e\u0117jimo srov\u0117: 2,0 A (maks.)<br \/>I\u0161\u0117jimo \u012ftampa: 42 V<br \/>I\u0161\u0117jimo srov\u0117: 2,0 A, 84 W<\/p>\n<\/td>\n<\/tr>\n<tr>\n<td style=\"width:28.2%\" width=\"28.2000%\">\n<p>Stabdys<\/p>\n<\/td>\n<td style=\"width:71.78%\" width=\"71.7800%\">\n<p>Tipas: Mechaninis diskinis stabdys ir elektrinis stabdys<\/p>\n<\/td>\n<\/tr>\n<tr>\n<td style=\"width:28.2%\" width=\"28.2000%\">\n<p>Stabd\u017ei\u0173 diskas<\/p>\n<\/td>\n<td style=\"width:71.78%\" width=\"71.7800%\">\n<p>I\u0161orinis skersmuo: 160 mm (6,3 colio)<br \/>Storis: 1,8 mm<br \/>Valdymas: ES \u0161alyse priekinis ratas stabdomas kaire ranka, o galinis \u2013 de\u0161ine ranka;<br \/>JK priekin\u012f rat\u0105 stabdykite de\u0161ine ranka, o galin\u012f \u2013 kaire ranka;<\/p>\n<\/td>\n<\/tr>\n<tr>\n<td style=\"width:28.2%\" width=\"28.2000%\">\n<p>Padangos<\/p>\n<\/td>\n<td style=\"width:71.78%\" width=\"71.7800%\">\n<p>Dydis: 26&quot; x 2,25&quot;<br \/>Tipas \/ med\u017eiaga: pneumatin\u0117s gumin\u0117s padangos<br \/>Padang\u0173 sl\u0117gis: 30\u201345 PSI<br \/>Geriausias padang\u0173 sl\u0117gis: 35\u201340 PSI<\/p>\n<\/td>\n<\/tr>\n<tr>\n<td style=\"width:28.2%\" width=\"28.2000%\">\n<p>Instrumentas<\/p>\n<\/td>\n<td style=\"width:71.78%\" width=\"71.7800%\">\n<p>Tipas: LED<\/p>\n<\/td>\n<\/tr>\n<tr>\n<td style=\"width:28.2%\" width=\"28.2000%\">\n<p>Paketas<\/p>\n<\/td>\n<td style=\"width:71.78%\" width=\"71.7800%\">\n<p>Dydis: 162 x 25 x 83 cm<br \/>Bendras svoris: 33,7 kg<\/p>\n<\/td>\n<\/tr>\n<tr>\n<td style=\"width:28.2%\" width=\"28.2000%\">\n<p>Paket\u0173 s\u0105ra\u0161as<\/p>\n<\/td>\n<td style=\"width:71.78%\" width=\"71.7800%\">\n<p>1 x \u201eTouroll\u201c dviratis dviratis<br \/>2 x pedalai (kair\u0117 ir de\u0161in\u0117)<br \/>2 x stipin\u0173 at\u0161vaitai<br \/>1 x Naudotojo vadovas<br \/>1 x \u012franki\u0173 rinkinys<br \/>1 x \u012ekroviklis<br \/>2 raktai<br \/>1 x Priekinis \u017eibintas<br \/>1 x galinis baga\u017ein\u0117s dangtis su galiniu \u017eibintu<br \/>2 x purvasaugiai (priekiniai ir galiniai)<br \/>1 x instrumentas<\/p>\n<\/td>\n<\/tr>\n<tr>\n<td style=\"width:100%\" width=\"100.0000%\" colspan=\"2\">\n<p>Pastaba: Maksimalus atstumas pasiekiamas \u0161iomis s\u0105lygomis: 75 kg apkrova, 26 \u2103 temperat\u016bra, 15 km\/h pastovus greitis, lyg\u016bs keliai be stipraus v\u0117jo.<\/p>\n<\/td>\n<\/tr>\n<\/tbody>\n<\/table>\n<h2 style=\"font-family:&quot;Noto Sans SC&quot;;font-size:14px;letter-spacing:normal;text-align:start;white-space:normal;color:rgb(0, 0, 0);margin:10px 0px;margin-bottom:10px;margin-top:10px;margin-left:0px;margin-right:0px;padding:0px;padding-bottom:0px;padding-top:0px;padding-left:0px;padding-right:0px\" align=\"start\"><img decoding=\"async\" src=\"https:\/\/ae01.alicdn.com\/kf\/S3ee568f643054a6bbe40a3f4348fe325p.jpeg\" slate-data-type=\"image\"\/><img decoding=\"async\" src=\"https:\/\/ae01.alicdn.com\/kf\/S433b62c588f94390bef74ac339c31235G.jpeg\" slate-data-type=\"image\"\/><img decoding=\"async\" src=\"https:\/\/ae01.alicdn.com\/kf\/Sc0899f5c9e8f4c32ae381251f377372cE.jpeg\" slate-data-type=\"image\"\/><img decoding=\"async\" src=\"https:\/\/ae01.alicdn.com\/kf\/Sf9e796c6828e4e0cb08ee5ac5af4b72a2.jpeg\" slate-data-type=\"image\"\/><img decoding=\"async\" src=\"https:\/\/ae01.alicdn.com\/kf\/S0aac1681357145648a5b9f41adb134446.jpeg\" slate-data-type=\"image\"\/><img decoding=\"async\" src=\"https:\/\/ae01.alicdn.com\/kf\/S3cf0047595e34953ae36d6b1d788a232F.jpeg\" slate-data-type=\"image\"\/><img decoding=\"async\" src=\"https:\/\/ae01.alicdn.com\/kf\/Sd5de5118332f4281a4a5c8c2443b76784.jpeg\" slate-data-type=\"image\"\/><img decoding=\"async\" src=\"https:\/\/ae01.alicdn.com\/kf\/S3b0371a61293443baa2db52d61e707bdg.jpeg\" slate-data-type=\"image\"\/><img decoding=\"async\" src=\"https:\/\/ae01.alicdn.com\/kf\/S5ea4a5f7a8184a44bb9937ffdd97d1beP.jpeg\" slate-data-type=\"image\"\/><img decoding=\"async\" src=\"https:\/\/ae01.alicdn.com\/kf\/S26d05ae144114d139bc1c13f929a4841L.jpeg\" slate-data-type=\"image\"\/><img decoding=\"async\" src=\"https:\/\/ae01.alicdn.com\/kf\/Sef807152e473437c857ca8051ea0d1a2V.jpeg\" slate-data-type=\"image\"\/><img decoding=\"async\" src=\"https:\/\/ae01.alicdn.com\/kf\/Sf7857045bf244e9f8d275a08a4233331l.jpeg\" slate-data-type=\"image\"\/><img decoding=\"async\" src=\"https:\/\/ae01.alicdn.com\/kf\/S180970779a404a65b342f1f22fa68763n.jpeg\" slate-data-type=\"image\"\/><img decoding=\"async\" src=\"https:\/\/ae01.alicdn.com\/kf\/S179960f8e3014750ac0a7f6f3ddaff5bg.jpeg\" slate-data-type=\"image\"\/><img decoding=\"async\" src=\"https:\/\/ae01.alicdn.com\/kf\/S736bb79c042d4d0aa34cb31f01c2d7f8Z.jpeg\" slate-data-type=\"image\"\/><img decoding=\"async\" src=\"https:\/\/ae01.alicdn.com\/kf\/S7ec4d9d924eb4479b1a51d2d624c35cfi.jpeg\" slate-data-type=\"image\"\/><br \/><\/h2>\n<p><\/p>","protected":false},"excerpt":{"rendered":"<p>Bike Suspension Types:&nbsp;Sturdy Braking System:&nbsp;Front and Rear Mechanical Disc Brake Wheel Size:&nbsp;26&quot; Brand:&nbsp;Touroll Model:&nbsp;B2 Size of Frame:&nbsp;26&quot;x16&quot; N.W.:&nbsp;26.7kg Cut-off Speed:&nbsp;25km\/h Max Range:&nbsp;100km (Assist Mode) Rated Power\/Voltage:&nbsp;250W \/ 36V Charging Time:&nbsp;7-8h<\/p>","protected":false},"featured_media":21561,"comment_status":"open","ping_status":"closed","template":"","meta":{"_acf_changed":false},"product_brand":[],"product_cat":[230],"product_tag":[],"class_list":{"0":"post-21560","1":"product","2":"type-product","3":"status-publish","4":"has-post-thumbnail","6":"product_cat-bikes","8":"first","9":"instock","10":"shipping-taxable","11":"purchasable","12":"product-type-simple"},"acf":[],"_links":{"self":[{"href":"https:\/\/www.electricstore.eu\/lt\/wp-json\/wp\/v2\/product\/21560","targetHints":{"allow":["GET"]}}],"collection":[{"href":"https:\/\/www.electricstore.eu\/lt\/wp-json\/wp\/v2\/product"}],"about":[{"href":"https:\/\/www.electricstore.eu\/lt\/wp-json\/wp\/v2\/types\/product"}],"replies":[{"embeddable":true,"href":"https:\/\/www.electricstore.eu\/lt\/wp-json\/wp\/v2\/comments?post=21560"}],"wp:featuredmedia":[{"embeddable":true,"href":"https:\/\/www.electricstore.eu\/lt\/wp-json\/wp\/v2\/media\/21561"}],"wp:attachment":[{"href":"https:\/\/www.electricstore.eu\/lt\/wp-json\/wp\/v2\/media?parent=21560"}],"wp:term":[{"taxonomy":"product_brand","embeddable":true,"href":"https:\/\/www.electricstore.eu\/lt\/wp-json\/wp\/v2\/product_brand?post=21560"},{"taxonomy":"product_cat","embeddable":true,"href":"https:\/\/www.electricstore.eu\/lt\/wp-json\/wp\/v2\/product_cat?post=21560"},{"taxonomy":"product_tag","embeddable":true,"href":"https:\/\/www.electricstore.eu\/lt\/wp-json\/wp\/v2\/product_tag?post=21560"}],"curies":[{"name":"wp","href":"https:\/\/api.w.org\/{rel}","templated":true}]}}