{"id":9127,"date":"2025-05-20T17:45:09","date_gmt":"2025-05-20T17:45:09","guid":{"rendered":"https:\/\/electricstore.eu\/p\/uncategorized\/fossibot-sp420-420w-portable-foldable-solar-panel-23-4-conversion-efficiency-ip67-waterproof-durable-scratch-resistant\/"},"modified":"2025-05-20T17:45:23","modified_gmt":"2025-05-20T17:45:23","slug":"fossibot-sp420-420w-portable-foldable-solar-panel-23-4-conversion-efficiency-ip67-waterproof-durable-scratch-resistant","status":"publish","type":"product","link":"https:\/\/www.electricstore.eu\/fr\/p\/batteries\/foldable-solar-panels\/fossibot-sp420-420w-portable-foldable-solar-panel-23-4-conversion-efficiency-ip67-waterproof-durable-scratch-resistant\/","title":{"rendered":"Panneau solaire pliable portable FOSSiBOT SP420 420 W, efficacit\u00e9 de conversion 23,41 TP7T, \u00e9tanch\u00e9it\u00e9 IP67, durable, r\u00e9sistant aux rayures"},"content":{"rendered":"<div class=\"product-specs-list-container\">\n<ul class=\"product-specs-list util-clearfix\">\n<li class=\"product-prop line-limit-length\"><span\n                                        class=\"property-title\">Application:&nbsp;<\/span><span\n                                        class=\"property-desc line-limit-length\">MAISON<\/span>\n                            <\/li>\n<li class=\"product-prop line-limit-length\"><span\n                                        class=\"property-title\">Num\u00e9ro de mod\u00e8le :&nbsp;<\/span><span\n                                        class=\"property-desc line-limit-length\">SP420<\/span>\n                            <\/li>\n<li class=\"product-prop line-limit-length\"><span\n                                        class=\"property-title\">Puissance de cr\u00eate :&nbsp;<\/span><span\n                                        class=\"property-desc line-limit-length\">420 W (105 W x 4)<\/span>\n                            <\/li>\n<li class=\"product-prop line-limit-length\"><span\n                                        class=\"property-title\">Type de cellule :&nbsp;<\/span><span\n                                        class=\"property-desc line-limit-length\">Monocellule (182*182mm)<\/span>\n                            <\/li>\n<li class=\"product-prop line-limit-length\"><span\n                                        class=\"property-title\">Efficacit\u00e9 de conversion :&nbsp;<\/span><span\n                                        class=\"property-desc line-limit-length\">23.4%<\/span>\n                            <\/li>\n<li class=\"product-prop line-limit-length\"><span\n                                        class=\"property-title\">Vmp:&nbsp;<\/span><span\n                                        class=\"property-desc line-limit-length\">32V<\/span>\n                            <\/li>\n<li class=\"product-prop line-limit-length\"><span\n                                        class=\"property-title\">Lutin:&nbsp;<\/span><span\n                                        class=\"property-desc line-limit-length\">13.1A<\/span>\n                            <\/li>\n<li class=\"product-prop line-limit-length\"><span\n                                        class=\"property-title\">Vocabulaire:&nbsp;<\/span><span\n                                        class=\"property-desc line-limit-length\">38.4V<\/span>\n                            <\/li>\n<li class=\"product-prop line-limit-length\"><span\n                                        class=\"property-title\">Isc:&nbsp;<\/span><span\n                                        class=\"property-desc line-limit-length\">15.7A<\/span>\n                            <\/li>\n<li class=\"product-prop line-limit-length\"><span\n                                        class=\"property-title\">Port de sortie\u00a0:&nbsp;<\/span><span\n                                        class=\"property-desc line-limit-length\">MC4<\/span>\n                            <\/li>\n<li class=\"product-prop line-limit-length\"><span\n                                        class=\"property-title\">Temp\u00e9rature de fonctionnement :&nbsp;<\/span><span\n                                        class=\"property-desc line-limit-length\">-10 &#8211; 65 Celsius<\/span>\n                            <\/li>\n<li class=\"product-prop line-limit-length\"><span\n                                        class=\"property-title\">Storage Ambient Temperature:&nbsp;<\/span><span\n                                        class=\"property-desc line-limit-length\">-10 &#8211; 65 Celsius<\/span>\n                            <\/li>\n<li class=\"product-prop line-limit-length\"><span\n                                        class=\"property-title\">Total Transmittance:&nbsp;<\/span><span\n                                        class=\"property-desc line-limit-length\">97%<\/span>\n                            <\/li>\n<\/ul><\/div>\n<div class=\"detailmodule_dynamic\"><kse:widget data-widget-type=\"relatedProduct\" id=\"1005000009406803\" title=\"\" type=\"relation\"><\/kse:widget><\/div>\n<div class=\"detailmodule_html\">\n<div class=\"detail-desc-decorate-richtext\">\n<p><\/p>\n<div style=\"background-color:rgb(240, 234, 255);margin:20px 0px 10px;margin-bottom:10px;margin-top:20px;margin-left:0px;margin-right:0px;width:100%;height:34px\">\n <span style=\"background-color:rgb(55, 139, 238);color:rgb(255, 255, 255);font-size:24px;font-family:Verdana, Arial\">Points forts<\/span><br \/>\n \n<\/div>\n<div class=\"detailmodule_text\">\n<div>\n  &nbsp;\n <\/div>\n<div class=\"detailmodule_html\">\n<div class=\"detail-desc-decorate-richtext\">\n<div class=\"detailmodule_text\">\n<p style=\"font-family:&quot;Microsoft YaHei&quot;;font-size:medium;font-weight:400;letter-spacing:normal;text-align:start;white-space:normal;color:rgb(0, 0, 0)\" align=\"start\"><span style=\"font-size:16px;font-family:arial, helvetica, sans-serif\"><strong>23.4% Haute efficacit\u00e9 de conversion solaire<\/strong><\/span><span style=\"font-size:16px;font-family:arial, helvetica, sans-serif\"><br \/>With up to 23.4% high-efficiency monocrystalline solar cells, SP420 performs better than similarly rated polycrystalline solar panels at low-light conditions. It allows you to enjoy your outdoor adventures absorbing solar energy while hiking, camping, RVs, trailers, boats, sheds, and cabins.<\/span><\/p>\n<div>\n     \n    <\/div>\n<p style=\"font-family:&quot;Microsoft YaHei&quot;;font-size:medium;font-weight:400;letter-spacing:normal;text-align:start;white-space:normal;color:rgb(0, 0, 0)\" align=\"start\"><span style=\"font-size:16px;font-family:arial, helvetica, sans-serif\"><strong>Durable, imperm\u00e9able et r\u00e9sistant aux rayures<\/strong><\/span><span style=\"font-size:16px;font-family:arial, helvetica, sans-serif\"><br \/>Adopting durable EFTE coating on the surface, it is more long-lasting and scratch-resistant. The panel is also manufactured in accordance with the IP67 waterproof standard, making it ideal for outdoor activities, such as camping, climbing, hiking, and even in poor weather conditions.<\/span><\/p>\n<div>\n     \n    <\/div>\n<p style=\"font-family:&quot;Microsoft YaHei&quot;;font-size:medium;font-weight:400;letter-spacing:normal;text-align:start;white-space:normal;color:rgb(0, 0, 0)\" align=\"start\"><span style=\"font-size:16px;font-family:arial, helvetica, sans-serif\"><strong>Large compatibilit\u00e9<\/strong><\/span><span style=\"font-size:16px;font-family:arial, helvetica, sans-serif\"><br \/>SP420 is a perfect match for FOSSiBOT F3600. With 4 SP420 solar panels, F3600 can be fully charged in about 2 hours and 16 minutes. Using a 3-in-1 solar charging cable, this 420W solar panel is designed to be used with most solar generators on the market.<\/span><\/p>\n<div>\n     \n    <\/div>\n<p style=\"font-family:&quot;Microsoft YaHei&quot;;font-size:medium;font-weight:400;letter-spacing:normal;text-align:start;white-space:normal;color:rgb(0, 0, 0)\" align=\"start\"><span style=\"font-size:16px;font-family:arial, helvetica, sans-serif\"><strong>Pliable et portable<\/strong><\/span><span style=\"font-size:16px;font-family:arial, helvetica, sans-serif\"><br \/>With a folded size of 55 x 103.6cm and weighing in at only 13.97Kg, the FOSSiBOT SP420 is easy to transport and install for anyone. It also has adjustable kickstands which enable you to adjust the solar panel according to the sun.<\/span><\/p>\n<\/p><\/div><\/div><\/div>\n<\/div>\n<div style=\"background-color:rgb(240, 234, 255);margin:20px 0px 10px;margin-bottom:10px;margin-top:20px;margin-left:0px;margin-right:0px;width:100%;height:34px\">\n <span style=\"background-color:rgb(55, 139, 238);color:rgb(255, 255, 255);font-size:24px;font-family:Verdana, Arial\">D\u00e9tails du produit<\/span>\n<\/div>\n<p><img decoding=\"async\" src=\"https:\/\/ae01.alicdn.com\/kf\/S62ec3a0c3e644bd99cd6619bcd7e42acC.jpg\" slate-data-type=\"image\" \/><img decoding=\"async\" src=\"https:\/\/ae01.alicdn.com\/kf\/Sa47407bc49344f1d80350890cb0399f2I.jpg\" slate-data-type=\"image\" \/><img decoding=\"async\" src=\"https:\/\/ae01.alicdn.com\/kf\/S15014a276b8748e2b0da3b0642f8a55dp.jpg\" slate-data-type=\"image\" \/><img decoding=\"async\" src=\"https:\/\/ae01.alicdn.com\/kf\/Sb4d2896d72f14d5dbd3527071ef00d67q.jpg\" slate-data-type=\"image\" \/><img decoding=\"async\" src=\"https:\/\/ae01.alicdn.com\/kf\/Sfd38ecc39c984d278e032c35e8b996a4L.jpg\" slate-data-type=\"image\" \/><img decoding=\"async\" src=\"https:\/\/ae01.alicdn.com\/kf\/Se3012de06b4b415592d48cccb43353e68.jpg\" slate-data-type=\"image\" \/><img decoding=\"async\" src=\"https:\/\/ae01.alicdn.com\/kf\/S5e27bdd183694e4489a441b03ceeb6dej.jpg\" slate-data-type=\"image\" \/><img decoding=\"async\" src=\"https:\/\/ae01.alicdn.com\/kf\/Se34fe8313fa54c7fbe713ff14402ac6c7.jpg\" slate-data-type=\"image\" \/><\/p>\n<div style=\"background-color:rgb(240, 234, 255);margin:20px 0px 10px;margin-bottom:10px;margin-top:20px;margin-left:0px;margin-right:0px;width:100%;height:34px\">\n <span style=\"background-color:rgb(55, 139, 238);color:rgb(255, 255, 255);font-size:24px;font-family:Verdana, Arial\">Sp\u00e9cification<\/span>\n<\/div>\n<p><\/p>\n<table style=\"border-collapse:collapse;font-family:&quot;Microsoft YaHei&quot;;width:1000px\" class=\"jbEidtTable\" border=\"1\" cellpadding=\"5\" cellspacing=\"0\">\n<tbody>\n<tr>\n<td style=\"text-align:left\" align=\"left\">\n<p><span style=\"font-size:16px;font-family:arial, helvetica, sans-serif\"><strong>G\u00e9n\u00e9ral<\/strong><\/span><\/p>\n<\/td>\n<td style=\"text-align:left\" align=\"left\">\n<p><span style=\"font-size:16px;font-family:arial, helvetica, sans-serif\">Marque : FOSSiBOT<br \/>Type : Panneau solaire<br \/>Mod\u00e8le : SP420<br \/>Couleur : Noir<\/span><\/p>\n<\/td>\n<\/tr>\n<tr>\n<td style=\"text-align:left\" align=\"left\">\n<p><span style=\"font-size:16px;font-family:arial, helvetica, sans-serif\"><strong>Sp\u00e9cification<\/strong><\/span><\/p>\n<\/td>\n<td style=\"text-align:left\" align=\"left\">\n<p><span style=\"font-size:16px;font-family:arial, helvetica, sans-serif\">Puissance de cr\u00eate : 420 W (105 W x 4)<br \/>Type de cellule : MonoCell (182*182mm)<br \/>Efficacit\u00e9 de conversion : 23,4%<br \/>Vmp : 32 V<br \/>Imp: 13,1A<br \/>Voc : 38,4 V<br \/>Isc : 15,7 A<br \/>Port de sortie : MC4<br \/>Temp\u00e9rature de fonctionnement : -10 \u2013 65 degr\u00e9s Celsius<br \/>Temp\u00e9rature ambiante de stockage : -10 \u2013 65 degr\u00e9s Celsius<br \/>Transmission totale : 97%<br \/>Moisture Permeability: 40Celsius \/ 90%RH g\/M&sup2;. Day<br \/>Taux d&#039;absorption d&#039;eau : 2,5% (24H)<br \/>Conditions standard de test\u00a0: Am1,5 25\u00a0Celsius 1\u00a0000\u00a0W\/\u33a1<br \/>C\u00e2blage de transfert un \u00e0 trois : applicable \u00e0 tous les produits d&#039;alimentation FOSSiBOT, mais \u00e9galement \u00e0 d&#039;autres marques d&#039;\u00e9nergie<br \/>alimentation de stockage<\/span><\/p>\n<\/td>\n<\/tr>\n<tr>\n<td style=\"text-align:left\" align=\"left\">\n<p><span style=\"font-size:16px;font-family:arial, helvetica, sans-serif\"><strong>Poids et taille<\/strong><\/span><\/p>\n<\/td>\n<td style=\"text-align:left\" align=\"left\">\n<p><span style=\"font-size:16px;font-family:arial, helvetica, sans-serif\">Poids du produit : 13,97 kg<br \/>Poids du colis : 15 kg<br \/>Taille pli\u00e9e : 550*1036mm<br \/>Taille d\u00e9pli\u00e9e : 2231*1036mm<br \/>Dimensions du colis (L x l x H) : 1070 x 135 x 800 mm<\/span><\/p>\n<\/td>\n<\/tr>\n<tr>\n<td style=\"text-align:left\" align=\"left\">\n<p><span style=\"font-size:16px;font-family:arial, helvetica, sans-serif\"><strong>Contenu du colis<\/strong><\/span><\/p>\n<\/td>\n<td style=\"text-align:left\" align=\"left\">\n<p><span style=\"font-size:16px;font-family:arial, helvetica, sans-serif\">1 x panneau solaire<br \/>1 x Manuel d&#039;utilisation<\/span><\/p>\n<\/td>\n<\/tr>\n<\/tbody>\n<\/table>\n<p><\/p>\n<\/div>\n<\/div>","protected":false},"excerpt":{"rendered":"<p>Application:&nbsp;HOME Model Number:&nbsp;SP420 Peak Power:&nbsp;420W (105W*4) Cell Type:&nbsp;MonoCell (182*182mm) Conversion Efficiency:&nbsp;23.4% Vmp:&nbsp;32V Imp:&nbsp;13.1A Voc:&nbsp;38.4V Isc:&nbsp;15.7A Output Port:&nbsp;MC4 Working Temperature:&nbsp;-10 &#8211; 65 Celsius Storage Ambient Temperature:&nbsp;-10 &#8211; 65 Celsius Total Transmittance:&nbsp;97%<\/p>","protected":false},"featured_media":9129,"comment_status":"open","ping_status":"closed","template":"","meta":{"_acf_changed":false},"product_brand":[],"product_cat":[531],"product_tag":[],"class_list":{"0":"post-9127","1":"product","2":"type-product","3":"status-publish","4":"has-post-thumbnail","6":"product_cat-foldable-solar-panels","8":"first","9":"instock","10":"shipping-taxable","11":"purchasable","12":"product-type-simple"},"acf":[],"_links":{"self":[{"href":"https:\/\/www.electricstore.eu\/fr\/wp-json\/wp\/v2\/product\/9127","targetHints":{"allow":["GET"]}}],"collection":[{"href":"https:\/\/www.electricstore.eu\/fr\/wp-json\/wp\/v2\/product"}],"about":[{"href":"https:\/\/www.electricstore.eu\/fr\/wp-json\/wp\/v2\/types\/product"}],"replies":[{"embeddable":true,"href":"https:\/\/www.electricstore.eu\/fr\/wp-json\/wp\/v2\/comments?post=9127"}],"wp:featuredmedia":[{"embeddable":true,"href":"https:\/\/www.electricstore.eu\/fr\/wp-json\/wp\/v2\/media\/9129"}],"wp:attachment":[{"href":"https:\/\/www.electricstore.eu\/fr\/wp-json\/wp\/v2\/media?parent=9127"}],"wp:term":[{"taxonomy":"product_brand","embeddable":true,"href":"https:\/\/www.electricstore.eu\/fr\/wp-json\/wp\/v2\/product_brand?post=9127"},{"taxonomy":"product_cat","embeddable":true,"href":"https:\/\/www.electricstore.eu\/fr\/wp-json\/wp\/v2\/product_cat?post=9127"},{"taxonomy":"product_tag","embeddable":true,"href":"https:\/\/www.electricstore.eu\/fr\/wp-json\/wp\/v2\/product_tag?post=9127"}],"curies":[{"name":"wp","href":"https:\/\/api.w.org\/{rel}","templated":true}]}}