{"id":9123,"date":"2025-05-20T17:45:07","date_gmt":"2025-05-20T17:45:07","guid":{"rendered":"https:\/\/electricstore.eu\/p\/uncategorized\/oukitel-pv200-200w-solar-panel-foldable-with-kickstand-ip65-waterproof-21-7-solar-conversion-efficiency-monocrystalline-silicon\/"},"modified":"2025-05-20T17:45:07","modified_gmt":"2025-05-20T17:45:07","slug":"oukitel-pv200-200w-solar-panel-foldable-with-kickstand-ip65-waterproof-21-7-solar-conversion-efficiency-monocrystalline-silicon","status":"publish","type":"product","link":"https:\/\/www.electricstore.eu\/fr\/p\/batteries\/foldable-solar-panels\/oukitel-pv200-200w-solar-panel-foldable-with-kickstand-ip65-waterproof-21-7-solar-conversion-efficiency-monocrystalline-silicon\/","title":{"rendered":"Panneau solaire OUKITEL PV200 200 W pliable avec b\u00e9quille IP65 \u00e9tanche 21,71 TP7T efficacit\u00e9 de conversion solaire silicium monocristallin"},"content":{"rendered":"<div class=\"product-specs-list-container\">\n<ul class=\"product-specs-list util-clearfix\">\n<li class=\"product-prop line-limit-length\"><span\n                                        class=\"property-title\">Nom de marque :&nbsp;<\/span><span\n                                        class=\"property-desc line-limit-length\">OUKITEL<\/span>\n                            <\/li>\n<\/ul><\/div>\n<div class=\"detailmodule_dynamic\"><kse:widget data-widget-type=\"customText\" id=\"1005000009406803\" type=\"relation\"><\/kse:widget><\/div>\n<div class=\"detailmodule_html\">\n<div class=\"detail-desc-decorate-richtext\">\n<p><\/p>\n<div style=\"background-color:rgb(240, 234, 255);margin:20px 0px 10px;margin-bottom:10px;margin-top:20px;margin-left:0px;margin-right:0px;width:100%;height:34px\"><span style=\"background-color:rgb(55, 139, 238);color:rgb(255, 255, 255);font-size:24px;font-family:Verdana, Arial\">Points forts<\/span><\/p>\n<\/div>\n<div class=\"detailmodule_text\">\n<div class=\"detailmodule_html\">\n<div class=\"detail-desc-decorate-richtext\">\n<div class=\"detailmodule_text\">\n<div class=\"detailmodule_html\">\n<div class=\"detail-desc-decorate-richtext\">\n<div class=\"detailmodule_text\">\n<p style=\"font-family:&quot;Microsoft YaHei&quot;;font-size:medium;font-weight:400;letter-spacing:normal;text-align:start;white-space:normal;color:rgb(0, 0, 0)\" align=\"start\"><span style=\"font-size:16px;font-family:arial, helvetica, sans-serif\"><strong>Efficacit\u00e9 de conversion \u00e9lev\u00e9e<\/strong><\/span><span style=\"font-size:16px;font-family:arial, helvetica, sans-serif\"><br \/>Construit \u00e0 partir de cellules solaires monocristallines \u00e0 haut rendement, avec une efficacit\u00e9 allant jusqu&#039;\u00e0 21,7%, OUKITEL PV200 peut convertir plus d&#039;\u00e9nergie solaire en \u00e9nergie utilisable, ce qui permet une production d&#039;\u00e9nergie plus \u00e9lev\u00e9e m\u00eame si la taille du panneau n&#039;est pas plus grande que celle des panneaux solaires ordinaires.<\/span><\/p>\n<div><\/div>\n<p style=\"font-family:&quot;Microsoft YaHei&quot;;font-size:medium;font-weight:400;letter-spacing:normal;text-align:start;white-space:normal;color:rgb(0, 0, 0)\" align=\"start\"><span style=\"font-size:16px;font-family:arial, helvetica, sans-serif\"><strong>Durable et r\u00e9sistant aux \u00e9claboussures<\/strong><\/span><span style=\"font-size:16px;font-family:arial, helvetica, sans-serif\"><br \/>Le bo\u00eetier lamin\u00e9 en ETFE est suffisamment r\u00e9sistant pour prolonger la dur\u00e9e de vie du panneau solaire. Sa conception \u00e9tanche IP65 le prot\u00e8ge des \u00e9claboussures (ne le placez pas sous la pluie).<\/span><\/p>\n<div><\/div>\n<p style=\"font-family:&quot;Microsoft YaHei&quot;;font-size:medium;font-weight:400;letter-spacing:normal;text-align:start;white-space:normal;color:rgb(0, 0, 0)\" align=\"start\"><span style=\"font-size:16px;font-family:arial, helvetica, sans-serif\"><strong>Facile \u00e0 transporter et b\u00e9quille incluse<\/strong><\/span><span style=\"font-size:16px;font-family:arial, helvetica, sans-serif\"><br \/>Le panneau solaire OUKITEL PV200 est pliable, vous pouvez donc l&#039;emporter partout. Sa b\u00e9quille inclin\u00e9e permet au panneau solaire d&#039;absorber facilement l&#039;\u00e9nergie solaire.<\/span><\/p>\n<div><\/div>\n<p style=\"font-family:&quot;Microsoft YaHei&quot;;font-size:medium;font-weight:400;letter-spacing:normal;text-align:start;white-space:normal;color:rgb(0, 0, 0)\" align=\"start\"><span style=\"font-size:16px;font-family:arial, helvetica, sans-serif\"><strong>Large compatibilit\u00e9<\/strong><\/span><span style=\"font-size:16px;font-family:arial, helvetica, sans-serif\"><br \/>Ce panneau solaire est compatible avec la centrale \u00e9lectrique OUKITEL P2001\/P501\/CN505\/P301 et d&#039;autres g\u00e9n\u00e9rateurs du march\u00e9, id\u00e9al pour le camping hors r\u00e9seau et les pannes de courant inattendues.<\/span><\/p>\n<\/div>\n<\/div>\n<\/div>\n<\/div>\n<\/div>\n<\/div>\n<\/div>\n<div style=\"background-color:rgb(240, 234, 255);margin:20px 0px 10px;margin-bottom:10px;margin-top:20px;margin-left:0px;margin-right:0px;width:100%;height:34px\"><span style=\"background-color:rgb(55, 139, 238);color:rgb(255, 255, 255);font-size:24px;font-family:Verdana, Arial\">D\u00e9tails du produit<\/span><\/div>\n<p><img decoding=\"async\" src=\"https:\/\/ae01.alicdn.com\/kf\/Se6c5a77114344276bf2e2a78b4b40e75N.jpg\" slate-data-type=\"image\"\/><img decoding=\"async\" src=\"https:\/\/ae01.alicdn.com\/kf\/S38164e5af4a1402fae2a7c1720afc6534.jpg\" slate-data-type=\"image\"\/><img decoding=\"async\" src=\"https:\/\/ae01.alicdn.com\/kf\/S8cbe4b30f2e740c4ae37b9e5f37d72e02.jpg\" slate-data-type=\"image\"\/><img decoding=\"async\" src=\"https:\/\/ae01.alicdn.com\/kf\/S0d8eaff1da90489d8e309849db9e0977Y.jpg\" slate-data-type=\"image\"\/><img decoding=\"async\" src=\"https:\/\/ae01.alicdn.com\/kf\/Sfd378b5c2c4c4e1d8f7d871e220bbd73Q.jpg\" slate-data-type=\"image\"\/><\/p>\n<div style=\"background-color:rgb(240, 234, 255);margin:20px 0px 10px;margin-bottom:10px;margin-top:20px;margin-left:0px;margin-right:0px;width:100%;height:34px\"><span style=\"background-color:rgb(55, 139, 238);color:rgb(255, 255, 255);font-size:24px;font-family:Verdana, Arial\">Sp\u00e9cification<\/span><\/div>\n<p><\/p>\n<table style=\"border-collapse:collapse;font-family:&quot;Microsoft YaHei&quot;;width:1000px\" class=\"jbEidtTable\" border=\"1\" cellpadding=\"5\" cellspacing=\"0\">\n<tbody>\n<tr>\n<td style=\"text-align:left\" align=\"left\">\n<p><span style=\"font-size:16px;font-family:arial, helvetica, sans-serif\"><strong>G\u00e9n\u00e9ral<\/strong><\/span><\/p>\n<\/td>\n<td style=\"text-align:left\" align=\"left\">\n<p><span style=\"font-size:16px;font-family:arial, helvetica, sans-serif\">Marque : OUKITEL<br \/>Type : Panneau solaire<br \/>Mod\u00e8le : PV200<br \/>Couleur : Noir<\/span><\/p>\n<\/td>\n<\/tr>\n<tr>\n<td style=\"text-align:left\" align=\"left\">\n<p><span style=\"font-size:16px;font-family:arial, helvetica, sans-serif\"><strong>Sp\u00e9cification<\/strong><\/span><\/p>\n<\/td>\n<td style=\"text-align:left\" align=\"left\">\n<p><span style=\"font-size:16px;font-family:arial, helvetica, sans-serif\">Puissance nominale : 200 W<br \/>Tension en circuit ouvert : 25,2 V<br \/>Courant de court-circuit : 11,42 A<br \/>Efficacit\u00e9 : 21,7%<br \/>Type de cellule : silicium monocristallin<\/span><\/p>\n<\/td>\n<\/tr>\n<tr>\n<td style=\"text-align:left\" align=\"left\">\n<p><span style=\"font-size:16px;font-family:arial, helvetica, sans-serif\"><strong>Poids et taille<\/strong><\/span><\/p>\n<\/td>\n<td style=\"text-align:left\" align=\"left\">\n<p><span style=\"font-size:16px;font-family:arial, helvetica, sans-serif\">Poids du produit : 7,85 kg<br \/>Poids du colis : 8,8 kg<br \/>Taille d\u00e9pli\u00e9e : 53,6 \u00d7 234,9 \u00d7 2,5 cm<br \/>Dimensions du colis (L x l x H) : 60,5 \u00d7 10,5 \u00d7 71 cm<\/span><\/p>\n<\/td>\n<\/tr>\n<tr>\n<td style=\"text-align:left\" align=\"left\">\n<p><span style=\"font-size:16px;font-family:arial, helvetica, sans-serif\"><strong>Contenu du colis<\/strong><\/span><\/p>\n<\/td>\n<td style=\"text-align:left\" align=\"left\">\n<p><span style=\"font-size:16px;font-family:arial, helvetica, sans-serif\">1 panneau solaire OUKITEL 200W<br \/>1 c\u00e2ble MC4<br \/>1 x Manuel d&#039;utilisation<\/span><\/p>\n<\/td>\n<\/tr>\n<\/tbody>\n<\/table>\n<div><\/div>\n<\/div>\n<\/div>\n<p><\/p>","protected":false},"excerpt":{"rendered":"<p>Brand Name:&nbsp;OUKITEL Highlights High Conversion EfficiencyConstructed from high-efficiency monocrystalline solar cells, with an efficiency of up to 21.7%, OUKITEL PV200 can convert more solar power into usable energy, which enables<\/p>","protected":false},"featured_media":9125,"comment_status":"open","ping_status":"closed","template":"","meta":{"_acf_changed":false},"product_brand":[],"product_cat":[531],"product_tag":[],"class_list":{"0":"post-9123","1":"product","2":"type-product","3":"status-publish","4":"has-post-thumbnail","6":"product_cat-foldable-solar-panels","8":"first","9":"instock","10":"shipping-taxable","11":"purchasable","12":"product-type-simple"},"acf":[],"_links":{"self":[{"href":"https:\/\/www.electricstore.eu\/fr\/wp-json\/wp\/v2\/product\/9123","targetHints":{"allow":["GET"]}}],"collection":[{"href":"https:\/\/www.electricstore.eu\/fr\/wp-json\/wp\/v2\/product"}],"about":[{"href":"https:\/\/www.electricstore.eu\/fr\/wp-json\/wp\/v2\/types\/product"}],"replies":[{"embeddable":true,"href":"https:\/\/www.electricstore.eu\/fr\/wp-json\/wp\/v2\/comments?post=9123"}],"wp:featuredmedia":[{"embeddable":true,"href":"https:\/\/www.electricstore.eu\/fr\/wp-json\/wp\/v2\/media\/9125"}],"wp:attachment":[{"href":"https:\/\/www.electricstore.eu\/fr\/wp-json\/wp\/v2\/media?parent=9123"}],"wp:term":[{"taxonomy":"product_brand","embeddable":true,"href":"https:\/\/www.electricstore.eu\/fr\/wp-json\/wp\/v2\/product_brand?post=9123"},{"taxonomy":"product_cat","embeddable":true,"href":"https:\/\/www.electricstore.eu\/fr\/wp-json\/wp\/v2\/product_cat?post=9123"},{"taxonomy":"product_tag","embeddable":true,"href":"https:\/\/www.electricstore.eu\/fr\/wp-json\/wp\/v2\/product_tag?post=9123"}],"curies":[{"name":"wp","href":"https:\/\/api.w.org\/{rel}","templated":true}]}}