{"id":9100,"date":"2025-05-20T17:44:52","date_gmt":"2025-05-20T17:44:52","guid":{"rendered":"https:\/\/electricstore.eu\/p\/uncategorized\/cloudenergy-cl24-100-24v-100ah-lifepo4-battery-pack-2560wh-energy-6000-cycles-built-in-100a-bms-support-in-series-parallel\/"},"modified":"2025-05-20T17:45:05","modified_gmt":"2025-05-20T17:45:05","slug":"cloudenergy-cl24-100-24v-100ah-lifepo4-battery-pack-2560wh-energy-6000-cycles-built-in-100a-bms-support-in-series-parallel","status":"publish","type":"product","link":"https:\/\/www.electricstore.eu\/fr\/p\/batteries\/lifepo4-batteries\/100-200ah-lifepo4-batteries\/cloudenergy-cl24-100-24v-100ah-lifepo4-battery-pack-2560wh-energy-6000-cycles-built-in-100a-bms-support-in-series-parallel\/","title":{"rendered":"Batterie Cloudenergy CL24-100 24 V 100 Ah LiFePO4, 2\u00a0560 Wh d&#039;\u00e9nergie, plus de 6\u00a0000 cycles, BMS 100 A int\u00e9gr\u00e9, prise en charge en s\u00e9rie\/parall\u00e8le"},"content":{"rendered":"<div class=\"product-specs-list-container\">\n<ul class=\"product-specs-list util-clearfix\">\n<li class=\"product-prop line-limit-length\"><span\n                                        class=\"property-title\">\u00c9cran d&#039;affichage :&nbsp;<\/span><span\n                                        class=\"property-desc line-limit-length\">Oui<\/span>\n                            <\/li>\n<li class=\"product-prop line-limit-length\"><span\n                                        class=\"property-title\">Capacit\u00e9 nominale :&nbsp;<\/span><span\n                                        class=\"property-desc line-limit-length\">&gt; 3500 mAh<\/span>\n                            <\/li>\n<li class=\"product-prop line-limit-length\"><span\n                                        class=\"property-title\">Num\u00e9ro de mod\u00e8le :&nbsp;<\/span><span\n                                        class=\"property-desc line-limit-length\">CL24-100<\/span>\n                            <\/li>\n<li class=\"product-prop line-limit-length\"><span\n                                        class=\"property-title\">Taper:&nbsp;<\/span><span\n                                        class=\"property-desc line-limit-length\">LiFePO4<\/span>\n                            <\/li>\n<li class=\"product-prop line-limit-length\"><span\n                                        class=\"property-title\">Type d&#039;ensemble :&nbsp;<\/span><span\n                                        class=\"property-desc line-limit-length\">Ensembles de chargeurs<\/span>\n                            <\/li>\n<\/ul><\/div>\n<div class=\"detailmodule_dynamic\"><kse:widget data-widget-type=\"customText\" id=\"1005000009406803\" type=\"relation\"><\/kse:widget><\/div>\n<div class=\"detailmodule_html\">\n<div class=\"detail-desc-decorate-richtext\">\n<p><\/p>\n<div style=\"background-color:rgb(240, 234, 255);margin:20px 0px 10px;margin-bottom:10px;margin-top:20px;margin-left:0px;margin-right:0px;width:100%;height:34px\"><span style=\"background-color:rgb(55, 139, 238);color:rgb(255, 255, 255);font-size:24px;font-family:Verdana, Arial\">Points forts<\/span><\/div>\n<div class=\"detailmodule_text\">\n<p><strong><span style=\"font-size:16px;font-family:arial, helvetica, sans-serif\">Batterie au lithium fiable de qualit\u00e9 automobile<\/span><\/strong><\/p>\n<p style=\"font-family:&quot;Microsoft YaHei&quot;;font-size:medium;font-weight:400;letter-spacing:normal;text-align:start;white-space:normal;color:rgb(0, 0, 0)\" align=\"start\"><span style=\"font-size:16px;font-family:arial, helvetica, sans-serif\">La batterie LiFePO4 Cloudenegy offre une qualit\u00e9 exceptionnelle gr\u00e2ce \u00e0 ses cellules LiFePO4 de qualit\u00e9 automobile, offrant une densit\u00e9 \u00e9nerg\u00e9tique plus \u00e9lev\u00e9e, des performances plus stables et une puissance accrue. Elle b\u00e9n\u00e9ficie d&#039;une s\u00e9curit\u00e9 optimale gr\u00e2ce \u00e0 la certification UL de la cellule interne et d&#039;un BMS 100 A int\u00e9gr\u00e9 pour la prot\u00e9ger contre les surcharges, les d\u00e9charges excessives, les surintensit\u00e9s et les courts-circuits, avec un excellent taux d&#039;autod\u00e9charge. \u00c9nergie renouvelable, s\u00fbre et non toxique, 100%.<\/span><\/p>\n<p><\/p>\n<p style=\"font-family:&quot;Microsoft YaHei&quot;;letter-spacing:normal;text-align:start;white-space:normal;color:rgb(0, 0, 0)\" align=\"start\"><strong><span style=\"font-size:16px;font-family:arial, helvetica, sans-serif\">BMS 100A puissant et cellules de qualit\u00e9 A<\/span><\/strong><\/p>\n<p style=\"font-family:&quot;Microsoft YaHei&quot;;font-size:medium;font-weight:400;letter-spacing:normal;text-align:start;white-space:normal;color:rgb(0, 0, 0)\" align=\"start\"><span style=\"font-size:16px;font-family:arial, helvetica, sans-serif\">La batterie LiFePO4 Cloudenegy 24 V 100 Ah est \u00e9quip\u00e9e d&#039;un BMS 100 A int\u00e9gr\u00e9, offrant un courant de charge\/d\u00e9charge continu maximal de 100 A, une puissance de charge maximale de 2\u00a0560 W et une \u00e9nergie maximale de 2\u00a0560 Wh. Dot\u00e9e d&#039;un BMS 100 A de qualit\u00e9 exceptionnelle, capable de limiter le courant de charge\/d\u00e9charge continu, cette batterie lithium 24 V 100 Ah avec cellules de classe A garantit une qualit\u00e9 fiable.<\/span><\/p>\n<p><\/p>\n<p style=\"font-family:&quot;Microsoft YaHei&quot;;letter-spacing:normal;text-align:start;white-space:normal;color:rgb(0, 0, 0)\" align=\"start\"><strong><span style=\"font-size:16px;font-family:arial, helvetica, sans-serif\">Connexion jusqu&#039;\u00e0 2 s\u00e9ries 4 parall\u00e8les<\/span><\/strong><\/p>\n<p style=\"font-family:&quot;Microsoft YaHei&quot;;font-size:medium;font-weight:400;letter-spacing:normal;text-align:start;white-space:normal;color:rgb(0, 0, 0)\" align=\"start\"><span style=\"font-size:16px;font-family:arial, helvetica, sans-serif\">La batterie Cloudenegy LiFePO4 peut \u00eatre connect\u00e9e en parall\u00e8le et en s\u00e9rie pour une plus grande capacit\u00e9 (Max 1200Ah) et une tension plus \u00e9lev\u00e9e (24V, 36V, 48V), ce qui la rend parfaite pour les syst\u00e8mes solaires hors r\u00e9seau et les applications ext\u00e9rieures telles que l&#039;alimentation de secours \u00e0 domicile, le camping-car, le camping, le voilier, etc. Vous n&#039;avez pas \u00e0 vous soucier de ne pas pouvoir charger la batterie par temps nuageux, car la longue endurance de la batterie vous apportera une alimentation fiable ou un voyage plus long et plus agr\u00e9able.<\/span><\/p>\n<p><\/p>\n<p style=\"font-family:&quot;Microsoft YaHei&quot;;letter-spacing:normal;text-align:start;white-space:normal;color:rgb(0, 0, 0)\" align=\"start\"><strong><span style=\"font-size:16px;font-family:arial, helvetica, sans-serif\">Dur\u00e9e de vie de 10 ans et bo\u00eetier robuste<\/span><\/strong><\/p>\n<p style=\"font-family:&quot;Microsoft YaHei&quot;;font-size:medium;font-weight:400;letter-spacing:normal;text-align:start;white-space:normal;color:rgb(0, 0, 0)\" align=\"start\"><span style=\"font-size:16px;font-family:arial, helvetica, sans-serif\">La batterie Cloudenergy LiFePO4 adopte une conception l\u00e9g\u00e8re, avec une dur\u00e9e de vie allant jusqu&#039;\u00e0 10 ans, et peut \u00eatre recycl\u00e9e plus de 6 000 fois, et l&#039;alimentation haute capacit\u00e9 24 V 100 Ah convient \u00e0 l&#039;\u00e9nergie solaire, au camping-car et \u00e0 d&#039;autres sc\u00e9narios d&#039;application.\u00a0<\/span><\/p>\n<\/div>\n<p style=\"background-color:rgb(240, 234, 255);margin:20px 0px 10px;margin-bottom:10px;margin-top:20px;margin-left:0px;margin-right:0px;width:100%;height:34px\"><span style=\"background-color:rgb(55, 139, 238);color:rgb(255, 255, 255);font-size:24px;font-family:arial, helvetica, sans-serif\">D\u00e9tails du produit<\/span><\/p>\n<p><img decoding=\"async\" src=\"https:\/\/ae01.alicdn.com\/kf\/S7a5922d81ea545f6970eeef8cb574f82K.jpg\" slate-data-type=\"image\"\/><img decoding=\"async\" src=\"https:\/\/ae01.alicdn.com\/kf\/Sda79a82428574ebb83dda82c0f7b83ccU.jpg\" slate-data-type=\"image\"\/><img decoding=\"async\" src=\"https:\/\/ae01.alicdn.com\/kf\/S426b3ec6ce154ed4b6994abc86c4afbfX.jpg\" slate-data-type=\"image\"\/><img decoding=\"async\" src=\"https:\/\/ae01.alicdn.com\/kf\/S92cf560b224c43d6926a7e5f965682c6c.jpg\" slate-data-type=\"image\"\/><img decoding=\"async\" src=\"https:\/\/ae01.alicdn.com\/kf\/S86677e43e81c4747b8f6dea627948328Z.jpg\" slate-data-type=\"image\"\/><\/p>\n<div style=\"background-color:rgb(240, 234, 255);margin:20px 0px 10px;margin-bottom:10px;margin-top:20px;margin-left:0px;margin-right:0px;width:100%;height:34px\"><span style=\"background-color:rgb(55, 139, 238);color:rgb(255, 255, 255);font-size:24px;font-family:Verdana, Arial\">Sp\u00e9cification<\/span><\/div>\n<div>\u00a0<\/div>\n<table style=\"border-collapse:collapse;font-family:&quot;Microsoft YaHei&quot;;width:1000px\" class=\"jbEidtTable\" border=\"1\" cellpadding=\"5\" cellspacing=\"0\">\n<tbody>\n<tr>\n<td style=\"text-align:left\" align=\"left\">\n<p><strong>G\u00e9n\u00e9ral<\/strong><\/p>\n<\/td>\n<td style=\"text-align:left\" align=\"left\">\n<p><span style=\"font-size:16px;font-family:arial, helvetica, sans-serif\">Marque : Cloudenergy<br \/>Type : Batterie LiFePO4<br \/>Mod\u00e8le : CL24-100<\/span><\/p>\n<\/td>\n<\/tr>\n<tr>\n<td style=\"text-align:left\" align=\"left\">\n<p><strong>Sp\u00e9cification<\/strong><\/p>\n<\/td>\n<td style=\"text-align:left\" align=\"left\">\n<p><span style=\"font-size:16px;font-family:arial, helvetica, sans-serif\">Tension nominale : 25,6 V<br \/>Capacit\u00e9 nominale : 100 Ah<br \/>Tension de charge : 29,2-29,4 V<br \/>\u00c9nergie : 2560 Wh<br \/>Courant de charge continu maximal\u00a0: 100\u00a0A<br \/>Courant de d\u00e9charge continu maximal\u00a0: 100\u00a0A<br \/>Courant de charge recommand\u00e9\u00a0: 20\u00a0A<br \/>Dur\u00e9e de vie du cycle : plus de 6\u00a0000 cycles<br \/>Charge maximale \/ Puissance de l&#039;onduleur : 2560 W<br \/>Temp\u00e9rature de charge : 0 \u00e0 50 degr\u00e9s Celsius (32 \u00e0 122 degr\u00e9s Fahrenheit)<br \/>Temp\u00e9rature de d\u00e9charge : -20 \u00e0 60 degr\u00e9s Celsius (-4 \u00e0 140 degr\u00e9s Fahrenheit)<br \/>Temp\u00e9rature de stockage : -10 \u00e0 50 degr\u00e9s Celsius (14 \u00e0 122 degr\u00e9s Fahrenheit)<br \/>\u00c9tanch\u00e9it\u00e9 : IP63<br \/>Terminal : M8<\/span><\/p>\n<\/td>\n<\/tr>\n<tr>\n<td style=\"text-align:left\" align=\"left\">\n<p><strong>Poids et taille<\/strong><\/p>\n<\/td>\n<td style=\"text-align:left\" align=\"left\">\n<p><span style=\"font-size:16px;font-family:arial, helvetica, sans-serif\">Poids du produit : 19,5 kg<br \/>Poids du colis : 21 kg<br \/>Dimensions du colis (L x l x H) : 56,2 x 24,7 x 24,5 cm<\/span><\/p>\n<\/td>\n<\/tr>\n<tr>\n<td style=\"text-align:left\" align=\"left\">\n<p><strong>Contenu du colis<\/strong><\/p>\n<\/td>\n<td style=\"text-align:left\" align=\"left\">\n<p>1 x batterie LiFePO4<br \/>1 x Manuel d&#039;utilisation<\/p>\n<\/td>\n<\/tr>\n<\/tbody>\n<\/table>\n<\/div>\n<\/div>\n<p><\/p>","protected":false},"excerpt":{"rendered":"<p>Display screen:&nbsp;Yes Nominal Capacity:&nbsp;&gt;3500mAh Model Number:&nbsp;CL24-100 Type:&nbsp;LiFePO4 Set Type:&nbsp;Charger Sets Highlights Reliable Automotive Grade Lithium Battery Cloudenegy LiFePO4 battery has exceptional quality since they are manufactured by automotive-grade LiFePO4 Cells<\/p>","protected":false},"featured_media":9101,"comment_status":"open","ping_status":"closed","template":"","meta":{"_acf_changed":false},"product_brand":[],"product_cat":[237],"product_tag":[],"class_list":{"0":"post-9100","1":"product","2":"type-product","3":"status-publish","4":"has-post-thumbnail","6":"product_cat-100-200ah-lifepo4-batteries","8":"first","9":"instock","10":"shipping-taxable","11":"purchasable","12":"product-type-simple"},"acf":[],"_links":{"self":[{"href":"https:\/\/www.electricstore.eu\/fr\/wp-json\/wp\/v2\/product\/9100","targetHints":{"allow":["GET"]}}],"collection":[{"href":"https:\/\/www.electricstore.eu\/fr\/wp-json\/wp\/v2\/product"}],"about":[{"href":"https:\/\/www.electricstore.eu\/fr\/wp-json\/wp\/v2\/types\/product"}],"replies":[{"embeddable":true,"href":"https:\/\/www.electricstore.eu\/fr\/wp-json\/wp\/v2\/comments?post=9100"}],"wp:featuredmedia":[{"embeddable":true,"href":"https:\/\/www.electricstore.eu\/fr\/wp-json\/wp\/v2\/media\/9101"}],"wp:attachment":[{"href":"https:\/\/www.electricstore.eu\/fr\/wp-json\/wp\/v2\/media?parent=9100"}],"wp:term":[{"taxonomy":"product_brand","embeddable":true,"href":"https:\/\/www.electricstore.eu\/fr\/wp-json\/wp\/v2\/product_brand?post=9100"},{"taxonomy":"product_cat","embeddable":true,"href":"https:\/\/www.electricstore.eu\/fr\/wp-json\/wp\/v2\/product_cat?post=9100"},{"taxonomy":"product_tag","embeddable":true,"href":"https:\/\/www.electricstore.eu\/fr\/wp-json\/wp\/v2\/product_tag?post=9100"}],"curies":[{"name":"wp","href":"https:\/\/api.w.org\/{rel}","templated":true}]}}