{"id":8959,"date":"2025-05-19T21:20:25","date_gmt":"2025-05-19T21:20:25","guid":{"rendered":"https:\/\/electricstore.eu\/product\/uncategorized\/isinwheel-u1-250w-36-v7-8ah-electric-bicycle\/"},"modified":"2025-05-21T05:41:17","modified_gmt":"2025-05-21T05:41:17","slug":"isinwheel-u1-250w-36-v7-8ah-electric-bicycle","status":"publish","type":"product","link":"https:\/\/www.electricstore.eu\/fr\/p\/bikes\/folding-bikes\/isinwheel-u1-250w-36-v7-8ah-electric-bicycle\/","title":{"rendered":"V\u00e9lo \u00e9lectrique pliable Isinwheel U1 250 W 36 V 7,8 Ah &gt; 50 km\/h 10-30 km 14 pouces"},"content":{"rendered":"<div class=\"product-specs-list-container\">\n<ul class=\"product-specs-list util-clearfix\">\n<li class=\"product-prop line-limit-length\"><span\n                                        class=\"property-title\">Num\u00e9ro de mod\u00e8le :&nbsp;<\/span><span\n                                        class=\"property-desc line-limit-length\">isinwheel U1<\/span>\n                            <\/li>\n<li class=\"product-prop line-limit-length\"><span\n                                        class=\"property-title\">Capacit\u00e9 nominale de passagers :&nbsp;<\/span><span\n                                        class=\"property-desc line-limit-length\">Un si\u00e8ge<\/span>\n                            <\/li>\n<li class=\"product-prop line-limit-length\"><span\n                                        class=\"property-title\">Style:&nbsp;<\/span><span\n                                        class=\"property-desc line-limit-length\">Type standard<\/span>\n                            <\/li>\n<li class=\"product-prop line-limit-length\"><span\n                                        class=\"property-title\">Vitesse maximale :&nbsp;<\/span><span\n                                        class=\"property-desc line-limit-length\">&gt;50 km\/h<\/span>\n                            <\/li>\n<li class=\"product-prop line-limit-length\"><span\n                                        class=\"property-title\">Port\u00e9e par puissance :&nbsp;<\/span><span\n                                        class=\"property-desc line-limit-length\">10 \u2013 30 km<\/span>\n                            <\/li>\n<li class=\"product-prop line-limit-length\"><span\n                                        class=\"property-title\">Puissance :&nbsp;<\/span><span\n                                        class=\"property-desc line-limit-length\">351 \u2013 500 W<\/span>\n                            <\/li>\n<li class=\"product-prop line-limit-length\"><span\n                                        class=\"property-title\">Alimentation \u00e9lectrique :&nbsp;<\/span><span\n                                        class=\"property-desc line-limit-length\">batterie au lithium<\/span>\n                            <\/li>\n<li class=\"product-prop line-limit-length\"><span\n                                        class=\"property-title\">tension:&nbsp;<\/span><span\n                                        class=\"property-desc line-limit-length\">36V<\/span>\n                            <\/li>\n<li class=\"product-prop line-limit-length\"><span\n                                        class=\"property-title\">Source d&#039;alimentation :&nbsp;<\/span><span\n                                        class=\"property-desc line-limit-length\">batterie au lithium<\/span>\n                            <\/li>\n<li class=\"product-prop line-limit-length\"><span\n                                        class=\"property-title\">Origine:&nbsp;<\/span><span\n                                        class=\"property-desc line-limit-length\">Chine continentale<\/span>\n                            <\/li>\n<li class=\"product-prop line-limit-length\"><span\n                                        class=\"property-title\">Pli\u00e9 :&nbsp;<\/span><span\n                                        class=\"property-desc line-limit-length\">Oui<\/span>\n                            <\/li>\n<li class=\"product-prop line-limit-length\"><span\n                                        class=\"property-title\">Moteur:&nbsp;<\/span><span\n                                        class=\"property-desc line-limit-length\">Sans balais<\/span>\n                            <\/li>\n<li class=\"product-prop line-limit-length\"><span\n                                        class=\"property-title\">Taille de la roue :&nbsp;<\/span><span\n                                        class=\"property-desc line-limit-length\">14 pouces 350 mm<\/span>\n                            <\/li>\n<li class=\"product-prop line-limit-length\"><span\n                                        class=\"property-title\">Mat\u00e9riau du cadre :&nbsp;<\/span><span\n                                        class=\"property-desc line-limit-length\">alliage d&#039;aluminium<\/span>\n                            <\/li>\n<\/ul><\/div>\n<p><span style=\"color:rgb(244, 78, 59)\"><u>Cher ami,<\/u><\/span><\/p>\n<h3 style=\"font-family:&quot;TT Norms Pro&quot;, &quot;Open Sans&quot;, Roboto, Arial, Helvetica, sans-serif, SimSun;letter-spacing:normal;text-align:start;white-space:normal;color:rgb(34, 34, 34);box-sizing:border-box\" align=\"start\"><span style=\"color:rgb(244, 78, 59)\"><u>Nous disposons d&#039;une \u00e9quipe de r\u00e9paration professionnelle et d&#039;un service apr\u00e8s-vente hors ligne en Pologne.<\/u><\/span><\/h3>\n<h3 style=\"font-family:&quot;TT Norms Pro&quot;, &quot;Open Sans&quot;, Roboto, Arial, Helvetica, sans-serif, SimSun;letter-spacing:normal;text-align:start;white-space:normal;color:rgb(34, 34, 34);box-sizing:border-box\" align=\"start\"><span style=\"color:rgb(244, 78, 59)\"><u>Le v\u00e9lo \u00e9lectrique achet\u00e9 sera exp\u00e9di\u00e9 depuis la Pologne, et nous pourrons \u00e9tablir une facture. Pour toute question, n&#039;h\u00e9sitez pas \u00e0 nous contacter.<\/u><\/span><\/h3>\n<h1 style=\"text-align:center\" align=\"center\"><strong>V\u00e9lo \u00e9lectrique isinwheel U1 pour adulte, moteur 250 W, batterie lithium 36 V 7,8 Ah, v\u00e9lo \u00e9lectrique pliable pour la ville, pneus 14 pouces<\/strong><\/h1>\n<p><\/p>\n<p style=\"text-align:center\" align=\"center\"><img decoding=\"async\" src=\"https:\/\/ae01.alicdn.com\/kf\/Sad097313d04a446a94d632dbae90fa1cZ.jpg\" slate-data-type=\"image\"\/><img decoding=\"async\" src=\"https:\/\/ae01.alicdn.com\/kf\/Se28eee32fbd149838394f8a02affa27dD.jpg\" slate-data-type=\"image\"\/><img decoding=\"async\" src=\"https:\/\/ae01.alicdn.com\/kf\/S8fde18f59ba640f391fc07871a85bd59V.jpg\" slate-data-type=\"image\"\/><img decoding=\"async\" src=\"https:\/\/ae01.alicdn.com\/kf\/S1f99408d907a4204b1fc9776c69d9882t.jpg\" slate-data-type=\"image\"\/><img decoding=\"async\" src=\"https:\/\/ae01.alicdn.com\/kf\/S595175a45da64b0bae68ff498f2bd71db.jpg\" slate-data-type=\"image\"\/><img decoding=\"async\" src=\"https:\/\/ae01.alicdn.com\/kf\/Seedff10b9d4647b3a7c0b46a5a656fecw.jpg\" slate-data-type=\"image\"\/><img decoding=\"async\" src=\"https:\/\/ae01.alicdn.com\/kf\/S6488da520b5d4ce38098f1d1cb4fdf63j.jpg\" slate-data-type=\"image\"\/><img decoding=\"async\" src=\"https:\/\/ae01.alicdn.com\/kf\/S4830627d16ec46dbbdce2d108d466425A.jpg\" slate-data-type=\"image\"\/><img decoding=\"async\" src=\"https:\/\/ae01.alicdn.com\/kf\/Sa64192b9cb4e490688df3f43418683a0i.jpg\" slate-data-type=\"image\"\/><img decoding=\"async\" src=\"https:\/\/ae01.alicdn.com\/kf\/Sfdcccebf5ad34917a2fe33469380dfabj.jpg\" slate-data-type=\"image\"\/><img decoding=\"async\" src=\"https:\/\/ae01.alicdn.com\/kf\/Sda5a6d5aac0d4f09aa3de66f3c46ee17D.jpg\" slate-data-type=\"image\"\/><img decoding=\"async\" src=\"https:\/\/ae01.alicdn.com\/kf\/S85ff4487e68848628da5996aa3f538b6t.jpg\" slate-data-type=\"image\"\/><img decoding=\"async\" src=\"https:\/\/ae01.alicdn.com\/kf\/S188c79d7833d41b891338b571fb111acF.jpg\" slate-data-type=\"image\"\/><img decoding=\"async\" src=\"https:\/\/ae01.alicdn.com\/kf\/S90fae90d8ed34ab0896c754ec7724dc1J.jpg\" slate-data-type=\"image\"\/><img decoding=\"async\" src=\"https:\/\/ae01.alicdn.com\/kf\/S0a503bb7b82a405ca402247e0f84228eu.jpg\" slate-data-type=\"image\"\/><img decoding=\"async\" src=\"https:\/\/ae01.alicdn.com\/kf\/Sd39afcfcc78d45b4bd2fa6005b42a482m.jpg\" slate-data-type=\"image\"\/><img decoding=\"async\" src=\"https:\/\/ae01.alicdn.com\/kf\/S236dfed6da964b04b7956bb6d3485b89B.jpg\" slate-data-type=\"image\"\/><img decoding=\"async\" src=\"https:\/\/ae01.alicdn.com\/kf\/Sc11ed308f6974eeda1916a9c7a6cacd0s.jpg\" slate-data-type=\"image\"\/><img decoding=\"async\" src=\"https:\/\/ae01.alicdn.com\/kf\/S62a9fc0edfff4197b601a6eace0baae47.jpg\" slate-data-type=\"image\"\/><img decoding=\"async\" src=\"https:\/\/ae01.alicdn.com\/kf\/S407920c8515946d19fcb40039371b40du.jpg\" slate-data-type=\"image\"\/><img decoding=\"async\" src=\"https:\/\/ae01.alicdn.com\/kf\/S4ea726a35d4b4994bf9df96c87c393c66.jpg\" slate-data-type=\"image\"\/><img decoding=\"async\" src=\"https:\/\/ae01.alicdn.com\/kf\/S97642467635c45a29db778fd9f2e7540K.jpg\" slate-data-type=\"image\"\/><img decoding=\"async\" src=\"https:\/\/ae01.alicdn.com\/kf\/S05f70b890c1f4446919d5e198d88fc0bE.jpg\" slate-data-type=\"image\"\/><img decoding=\"async\" src=\"https:\/\/ae01.alicdn.com\/kf\/S757b5592e5bf462c87c74d6400d114d1E.jpg\" slate-data-type=\"image\"\/><img decoding=\"async\" src=\"https:\/\/ae01.alicdn.com\/kf\/S73d520983e044158af527ac1440cb0c0t.jpg\" slate-data-type=\"image\"\/><img decoding=\"async\" src=\"https:\/\/ae01.alicdn.com\/kf\/S18499521e2d64c8a91628482e3affcb8D.jpg\" slate-data-type=\"image\"\/><img decoding=\"async\" src=\"https:\/\/ae01.alicdn.com\/kf\/S793ba3eabca4437d91225439655628f3G.jpg\" slate-data-type=\"image\"\/><img decoding=\"async\" src=\"https:\/\/ae01.alicdn.com\/kf\/Se7f380f369e34444835236d07c99560f0.jpg\" slate-data-type=\"image\"\/><img decoding=\"async\" src=\"https:\/\/ae01.alicdn.com\/kf\/S21d69bd73b2e4c3f80d0952ff22b2c24i.jpg\" slate-data-type=\"image\"\/><img decoding=\"async\" src=\"https:\/\/ae01.alicdn.com\/kf\/Sf921f243d2a6456c8078e27206111f25u.jpg\" slate-data-type=\"image\"\/><img decoding=\"async\" src=\"https:\/\/ae01.alicdn.com\/kf\/S53b78efa7e284682aa328de089e1bcc8d.jpg\" slate-data-type=\"image\"\/><img decoding=\"async\" src=\"https:\/\/ae01.alicdn.com\/kf\/S7ecf7b347ab345c0ba85a6b7adaee4e4G.jpg\" slate-data-type=\"image\"\/><img decoding=\"async\" src=\"https:\/\/ae01.alicdn.com\/kf\/S6ff2b72acc7945abb2ca9710b2f856bfB.jpg\" slate-data-type=\"image\"\/><img decoding=\"async\" src=\"https:\/\/ae01.alicdn.com\/kf\/S1cf8e6712ef04b4286494d3dda311969Q.jpg\" slate-data-type=\"image\"\/><img decoding=\"async\" src=\"https:\/\/ae01.alicdn.com\/kf\/S684ed1a1a6704f7ea4ca7b6a7157253cI.jpg\" slate-data-type=\"image\"\/><img decoding=\"async\" src=\"https:\/\/ae01.alicdn.com\/kf\/S62b69838c01a47f6869548c5677181ad2.jpg\" slate-data-type=\"image\"\/><img decoding=\"async\" src=\"https:\/\/ae01.alicdn.com\/kf\/S7e8bf1e36542435faa8ddfbb9baff737s.jpg\" slate-data-type=\"image\"\/><img decoding=\"async\" src=\"https:\/\/ae01.alicdn.com\/kf\/S5bacedc43e2341a6920b1c2b42b76e50t.jpg\" slate-data-type=\"image\"\/><img decoding=\"async\" src=\"https:\/\/ae01.alicdn.com\/kf\/Sd85f8714da9c420aaba9395a120d4d9eE.jpg\" slate-data-type=\"image\"\/><img decoding=\"async\" src=\"https:\/\/ae01.alicdn.com\/kf\/S14a9373eb0f141ae90edb5799c1a08d6b.jpg\" slate-data-type=\"image\"\/><img decoding=\"async\" src=\"https:\/\/ae01.alicdn.com\/kf\/Sa85c964edea945818f419cf169a4da4bu.jpg\" slate-data-type=\"image\"\/><img decoding=\"async\" src=\"https:\/\/ae01.alicdn.com\/kf\/S6ca5aa96329843df83895af69b48ffddr.jpg\" slate-data-type=\"image\"\/><img decoding=\"async\" src=\"https:\/\/ae01.alicdn.com\/kf\/S9251fe86c0dc4800a7eaf0a802dcf1d4W.jpg\" slate-data-type=\"image\"\/><img decoding=\"async\" src=\"https:\/\/ae01.alicdn.com\/kf\/S6488da520b5d4ce38098f1d1cb4fdf63j.jpg\" slate-data-type=\"image\"\/><img decoding=\"async\" src=\"https:\/\/ae01.alicdn.com\/kf\/Sa8b38ddbf4a7445fb22e93bd160f4ab0z.jpg\" slate-data-type=\"image\"\/><img decoding=\"async\" src=\"https:\/\/ae01.alicdn.com\/kf\/S1cf8e6712ef04b4286494d3dda311969Q.jpg\" slate-data-type=\"image\"\/><img decoding=\"async\" src=\"https:\/\/ae01.alicdn.com\/kf\/S684ed1a1a6704f7ea4ca7b6a7157253cI.jpg\" slate-data-type=\"image\"\/><img decoding=\"async\" src=\"https:\/\/ae01.alicdn.com\/kf\/S62b69838c01a47f6869548c5677181ad2.jpg\" slate-data-type=\"image\"\/><img decoding=\"async\" src=\"https:\/\/ae01.alicdn.com\/kf\/S7e8bf1e36542435faa8ddfbb9baff737s.jpg\" slate-data-type=\"image\"\/><\/p>","protected":false},"excerpt":{"rendered":"<p>Model Number:&nbsp;isinwheel U1 Rated Passenger Capacity:&nbsp;One Seat Style:&nbsp;Standard Type Max Speed:&nbsp;&gt;50km\/h Range per Power:&nbsp;10 &#8211; 30 km Wattage:&nbsp;351 &#8211; 500w Power Supply:&nbsp;lithium battery Voltage:&nbsp;36V Power Source:&nbsp;lithium battery Origin:&nbsp;Mainland China Folded:&nbsp;Yes<\/p>","protected":false},"featured_media":8960,"comment_status":"open","ping_status":"closed","template":"","meta":{"_acf_changed":false},"product_brand":[],"product_cat":[298,296],"product_tag":[],"class_list":{"0":"post-8959","1":"product","2":"type-product","3":"status-publish","4":"has-post-thumbnail","6":"product_cat-electric-city-bikes","7":"product_cat-folding-bikes","9":"first","10":"instock","11":"shipping-taxable","12":"purchasable","13":"product-type-variable"},"acf":[],"_links":{"self":[{"href":"https:\/\/www.electricstore.eu\/fr\/wp-json\/wp\/v2\/product\/8959","targetHints":{"allow":["GET"]}}],"collection":[{"href":"https:\/\/www.electricstore.eu\/fr\/wp-json\/wp\/v2\/product"}],"about":[{"href":"https:\/\/www.electricstore.eu\/fr\/wp-json\/wp\/v2\/types\/product"}],"replies":[{"embeddable":true,"href":"https:\/\/www.electricstore.eu\/fr\/wp-json\/wp\/v2\/comments?post=8959"}],"wp:featuredmedia":[{"embeddable":true,"href":"https:\/\/www.electricstore.eu\/fr\/wp-json\/wp\/v2\/media\/8960"}],"wp:attachment":[{"href":"https:\/\/www.electricstore.eu\/fr\/wp-json\/wp\/v2\/media?parent=8959"}],"wp:term":[{"taxonomy":"product_brand","embeddable":true,"href":"https:\/\/www.electricstore.eu\/fr\/wp-json\/wp\/v2\/product_brand?post=8959"},{"taxonomy":"product_cat","embeddable":true,"href":"https:\/\/www.electricstore.eu\/fr\/wp-json\/wp\/v2\/product_cat?post=8959"},{"taxonomy":"product_tag","embeddable":true,"href":"https:\/\/www.electricstore.eu\/fr\/wp-json\/wp\/v2\/product_tag?post=8959"}],"curies":[{"name":"wp","href":"https:\/\/api.w.org\/{rel}","templated":true}]}}