{"id":8926,"date":"2025-05-19T21:20:04","date_gmt":"2025-05-19T21:20:04","guid":{"rendered":"https:\/\/electricstore.eu\/product\/uncategorized\/ekxbike-x20-48v-35ah-2000w-mountain-electric-bicycle\/"},"modified":"2025-05-20T13:03:39","modified_gmt":"2025-05-20T13:03:39","slug":"ekxbike-x20-48v-35ah-2000w-mountain-electric-bicycle","status":"publish","type":"product","link":"https:\/\/www.electricstore.eu\/fr\/p\/bikes\/electric-fat-bikes\/ekxbike-x20-48v-35ah-2000w-mountain-electric-bicycle\/","title":{"rendered":"V\u00e9lo \u00e9lectrique tout-terrain EKXBike X20 2000 W 48 V 35 Ah &gt; 50 km\/h 31-60 km 20 pouces"},"content":{"rendered":"<div class=\"product-specs-list-container\">\n<ul class=\"product-specs-list util-clearfix\">\n<li class=\"product-prop line-limit-length\"><span\n                                        class=\"property-title\">Num\u00e9ro de mod\u00e8le :&nbsp;<\/span><span\n                                        class=\"property-desc line-limit-length\">EKXBike X20<\/span>\n                            <\/li>\n<li class=\"product-prop line-limit-length\"><span\n                                        class=\"property-title\">Capacit\u00e9 nominale de passagers :&nbsp;<\/span><span\n                                        class=\"property-desc line-limit-length\">Deux places<\/span>\n                            <\/li>\n<li class=\"product-prop line-limit-length\"><span\n                                        class=\"property-title\">Style:&nbsp;<\/span><span\n                                        class=\"property-desc line-limit-length\">Type standard<\/span>\n                            <\/li>\n<li class=\"product-prop line-limit-length\"><span\n                                        class=\"property-title\">Vitesse maximale :&nbsp;<\/span><span\n                                        class=\"property-desc line-limit-length\">&gt;50 km\/h<\/span>\n                            <\/li>\n<li class=\"product-prop line-limit-length\"><span\n                                        class=\"property-title\">Port\u00e9e par puissance :&nbsp;<\/span><span\n                                        class=\"property-desc line-limit-length\">31 \u2013 60 km<\/span>\n                            <\/li>\n<li class=\"product-prop line-limit-length\"><span\n                                        class=\"property-title\">Puissance :&nbsp;<\/span><span\n                                        class=\"property-desc line-limit-length\">&gt; 500w<\/span>\n                            <\/li>\n<li class=\"product-prop line-limit-length\"><span\n                                        class=\"property-title\">Alimentation \u00e9lectrique :&nbsp;<\/span><span\n                                        class=\"property-desc line-limit-length\">batterie au lithium<\/span>\n                            <\/li>\n<li class=\"product-prop line-limit-length\"><span\n                                        class=\"property-title\">tension:&nbsp;<\/span><span\n                                        class=\"property-desc line-limit-length\">36V<\/span>\n                            <\/li>\n<li class=\"product-prop line-limit-length\"><span\n                                        class=\"property-title\">Nom de marque :&nbsp;<\/span><span\n                                        class=\"property-desc line-limit-length\">EKXBIKE<\/span>\n                            <\/li>\n<li class=\"product-prop line-limit-length\"><span\n                                        class=\"property-title\">Source d&#039;alimentation :&nbsp;<\/span><span\n                                        class=\"property-desc line-limit-length\">batterie au lithium<\/span>\n                            <\/li>\n<li class=\"product-prop line-limit-length\"><span\n                                        class=\"property-title\">Origine:&nbsp;<\/span><span\n                                        class=\"property-desc line-limit-length\">Chine continentale<\/span>\n                            <\/li>\n<li class=\"product-prop line-limit-length\"><span\n                                        class=\"property-title\">Pli\u00e9 :&nbsp;<\/span><span\n                                        class=\"property-desc line-limit-length\">Non<\/span>\n                            <\/li>\n<li class=\"product-prop line-limit-length\"><span\n                                        class=\"property-title\">Moteur:&nbsp;<\/span><span\n                                        class=\"property-desc line-limit-length\">Sans balais<\/span>\n                            <\/li>\n<li class=\"product-prop line-limit-length\"><span\n                                        class=\"property-title\">Taille de la roue :&nbsp;<\/span><span\n                                        class=\"property-desc line-limit-length\">20 pouces<\/span>\n                            <\/li>\n<li class=\"product-prop line-limit-length\"><span\n                                        class=\"property-title\">Mat\u00e9riau du cadre :&nbsp;<\/span><span\n                                        class=\"property-desc line-limit-length\">alliage d&#039;aluminium<\/span>\n                            <\/li>\n<\/ul><\/div>\n<p><span style=\"color:rgb(244, 78, 59)\"><u>Cher ami,<\/u><\/span><\/p>\n<h3 style=\"font-family:&quot;TT Norms Pro&quot;, &quot;Open Sans&quot;, Roboto, Arial, Helvetica, sans-serif, SimSun;letter-spacing:normal;text-align:start;white-space:normal;color:rgb(34, 34, 34);box-sizing:border-box\" align=\"start\"><span style=\"color:rgb(244, 78, 59)\"><u>Nous disposons d&#039;une \u00e9quipe de r\u00e9paration professionnelle et d&#039;un service apr\u00e8s-vente hors ligne en Pologne.<\/u><\/span><\/h3>\n<h3 style=\"font-family:&quot;TT Norms Pro&quot;, &quot;Open Sans&quot;, Roboto, Arial, Helvetica, sans-serif, SimSun;letter-spacing:normal;text-align:start;white-space:normal;color:rgb(34, 34, 34);box-sizing:border-box\" align=\"start\"><span style=\"color:rgb(244, 78, 59)\"><u>Le v\u00e9lo \u00e9lectrique achet\u00e9 sera exp\u00e9di\u00e9 depuis la Pologne, et nous pourrons \u00e9tablir une facture. Pour toute question, n&#039;h\u00e9sitez pas \u00e0 nous contacter.<\/u><\/span><\/h3>\n<h1 style=\"text-align:center\" align=\"center\"><strong>V\u00e9lo \u00e9lectrique EKXBike X20 48 V 35 Ah pour homme, v\u00e9lo de route EBike 20 pouces, pneus Fat, moteur puissant 2\u00a0000 W, v\u00e9lo de montagne \u00e9lectrique pour adultes<\/strong><\/h1>\n<div style=\"font-family:&quot;TT Norms Pro&quot;, &quot;Open Sans&quot;, Roboto, Arial, Helvetica, sans-serif, SimSun;font-size:14px;font-weight:400;letter-spacing:normal;text-align:start;white-space:normal;color:rgb(34, 34, 34);margin:0px;margin-bottom:0px;margin-top:0px;margin-left:0px;margin-right:0px;padding:0px;padding-bottom:0px;padding-top:0px;padding-left:0px;padding-right:0px;box-sizing:content-box\" class=\"detailmodule_text\" align=\"start\">\n<div style=\"font-family:&quot;Open Sans&quot;, Roboto, Arial, Helvetica, sans-serif, SimSun;font-size:14px;font-weight:400;letter-spacing:normal;text-align:start;white-space:normal;color:rgb(34, 34, 34);margin:0px;margin-bottom:0px;margin-top:0px;margin-left:0px;margin-right:0px;padding:0px;padding-bottom:0px;padding-top:0px;padding-left:0px;padding-right:0px;box-sizing:content-box\" class=\"detailmodule_text\" align=\"start\">\n<h1 style=\"font-family:&quot;TT Norms Pro&quot;, &quot;Open Sans&quot;, Roboto, Arial, Helvetica, sans-serif, SimSun;letter-spacing:normal;text-align:start;white-space:normal;color:rgb(34, 34, 34);box-sizing:border-box\" align=\"start\"><span style=\"color:rgba(0,0,0,255)\"><strong>Temps de transport :<\/strong><\/span><\/h1>\n<p style=\"font-family:&quot;Open Sans&quot;, Roboto, Arial, Helvetica, sans-serif, SimSun;font-size:14px;font-weight:400;letter-spacing:normal;line-height:inherit;text-align:start;white-space:normal;color:rgb(34, 34, 34);margin:0px;margin-bottom:0px;margin-top:0px;margin-left:0px;margin-right:0px;padding:0px;padding-bottom:0px;padding-top:0px;padding-left:0px;padding-right:0px;box-sizing:border-box\" align=\"start\"><span style=\"font-size:16px\">Nous paierons la TVA pour les commandes de l&#039;UE, vous n&#039;avez pas besoin de payer de suppl\u00e9ment\uff01<\/span><\/p>\n<p style=\"font-family:&quot;Open Sans&quot;, Roboto, Arial, Helvetica, sans-serif, SimSun;font-size:14px;font-weight:400;letter-spacing:normal;line-height:inherit;text-align:start;white-space:normal;color:rgb(34, 34, 34);margin:0px;margin-bottom:0px;margin-top:0px;margin-left:0px;margin-right:0px;padding:0px;padding-bottom:0px;padding-top:0px;padding-left:0px;padding-right:0px;box-sizing:border-box\" align=\"start\"><span style=\"font-size:16px\">Exp\u00e9dition de la Chine vers l&#039;UE\u00a0: 45 \u00e0 60\u00a0jours (transport, taxes comprises)<\/span><\/p>\n<p style=\"font-family:&quot;Open Sans&quot;, Roboto, Arial, Helvetica, sans-serif, SimSun;font-size:14px;font-weight:400;letter-spacing:normal;line-height:inherit;text-align:start;white-space:normal;color:rgb(34, 34, 34);margin:0px;margin-bottom:0px;margin-top:0px;margin-left:0px;margin-right:0px;padding:0px;padding-bottom:0px;padding-top:0px;padding-left:0px;padding-right:0px;box-sizing:border-box\" align=\"start\"><span style=\"font-size:16px\">Russie, Kazakhstan, Kirghizistan\u00a0: 15 \u00e0 35 jours (transport, taxes comprises)<\/span><\/p>\n<p style=\"font-family:&quot;Open Sans&quot;, Roboto, Arial, Helvetica, sans-serif, SimSun;font-size:14px;font-weight:400;letter-spacing:normal;line-height:inherit;text-align:start;white-space:normal;color:rgb(34, 34, 34);margin:0px;margin-bottom:0px;margin-top:0px;margin-left:0px;margin-right:0px;padding:0px;padding-bottom:0px;padding-top:0px;padding-left:0px;padding-right:0px;box-sizing:border-box\" align=\"start\"><span style=\"font-size:16px\">Exp\u00e9dition de la Chine vers les \u00c9tats-Unis\u00a0: 45 \u00e0 50 jours<\/span><\/p>\n<p style=\"font-family:&quot;Open Sans&quot;, Roboto, Arial, Helvetica, sans-serif, SimSun;font-size:14px;font-weight:400;letter-spacing:normal;line-height:inherit;text-align:start;white-space:normal;color:rgb(34, 34, 34);margin:0px;margin-bottom:0px;margin-top:0px;margin-left:0px;margin-right:0px;padding:0px;padding-bottom:0px;padding-top:0px;padding-left:0px;padding-right:0px;box-sizing:border-box\" align=\"start\"><span style=\"font-size:16px\">Canada : 45 \u00e0 60 jours (transport incluant les taxes)<\/span><\/p>\n<p style=\"font-family:&quot;Open Sans&quot;, Roboto, Arial, Helvetica, sans-serif, SimSun;font-size:14px;font-weight:400;letter-spacing:normal;line-height:inherit;text-align:start;white-space:normal;color:rgb(34, 34, 34);margin:0px;margin-bottom:0px;margin-top:0px;margin-left:0px;margin-right:0px;padding:0px;padding-bottom:0px;padding-top:0px;padding-left:0px;padding-right:0px;box-sizing:border-box\" align=\"start\"><span style=\"font-size:16px\">Royaume-Uni : 35 \u00e0 60 jours (transport, taxes comprises)<\/span><\/p>\n<p style=\"font-family:&quot;Open Sans&quot;, Roboto, Arial, Helvetica, sans-serif, SimSun;font-size:14px;font-weight:400;letter-spacing:normal;line-height:inherit;text-align:start;white-space:normal;color:rgb(34, 34, 34);margin:0px;margin-bottom:0px;margin-top:0px;margin-left:0px;margin-right:0px;padding:0px;padding-bottom:0px;padding-top:0px;padding-left:0px;padding-right:0px;box-sizing:border-box\" align=\"start\"><span style=\"font-size:16px\">Japon, Cor\u00e9e : 10 jours<\/span><\/p>\n<p style=\"font-family:&quot;Open Sans&quot;, Roboto, Arial, Helvetica, sans-serif, SimSun;font-size:14px;font-weight:400;letter-spacing:normal;line-height:inherit;text-align:start;white-space:normal;color:rgb(34, 34, 34);margin:0px;margin-bottom:0px;margin-top:0px;margin-left:0px;margin-right:0px;padding:0px;padding-bottom:0px;padding-top:0px;padding-left:0px;padding-right:0px;box-sizing:border-box\" align=\"start\"><span style=\"font-size:16px\">Suisse, Norv\u00e8ge\u00a0: 10 \u00e0 15 jours<\/span><\/p>\n<p style=\"font-family:&quot;Open Sans&quot;, Roboto, Arial, Helvetica, sans-serif, SimSun;font-size:14px;font-weight:400;letter-spacing:normal;line-height:inherit;text-align:start;white-space:normal;color:rgb(34, 34, 34);margin:0px;margin-bottom:0px;margin-top:0px;margin-left:0px;margin-right:0px;padding:0px;padding-bottom:0px;padding-top:0px;padding-left:0px;padding-right:0px;box-sizing:border-box\" align=\"start\"><span style=\"font-size:16px\">Mexique : 45 \u00e0 65 jours (transport, taxes comprises)<\/span><\/p>\n<p style=\"font-family:&quot;Open Sans&quot;, Roboto, Arial, Helvetica, sans-serif, SimSun;font-size:14px;font-weight:400;letter-spacing:normal;line-height:inherit;text-align:start;white-space:normal;color:rgb(34, 34, 34);margin:0px;margin-bottom:0px;margin-top:0px;margin-left:0px;margin-right:0px;padding:0px;padding-bottom:0px;padding-top:0px;padding-left:0px;padding-right:0px;box-sizing:border-box\" align=\"start\"><span style=\"font-size:16px\">Australie : 30 \u00e0 40 jours (transport, taxes comprises)<\/span><\/p>\n<p style=\"font-family:&quot;Open Sans&quot;, Roboto, Arial, Helvetica, sans-serif, SimSun;font-size:14px;font-weight:400;letter-spacing:normal;line-height:inherit;text-align:start;white-space:normal;color:rgb(34, 34, 34);margin:0px;margin-bottom:0px;margin-top:0px;margin-left:0px;margin-right:0px;padding:0px;padding-bottom:0px;padding-top:0px;padding-left:0px;padding-right:0px;box-sizing:border-box\" align=\"start\"><span style=\"font-size:16px\">\u00c9mirats arabes unis, Arabie saoudite\u00a0: 45 \u00e0 55 jours (transport, taxes comprises)<\/span><\/p>\n<p style=\"line-height:inherit;margin:0px;margin-bottom:0px;margin-top:0px;margin-left:0px;margin-right:0px;padding:0px;padding-bottom:0px;padding-top:0px;padding-left:0px;padding-right:0px;box-sizing:border-box\"><\/p>\n<div style=\"margin:0px;margin-bottom:0px;margin-top:0px;margin-left:0px;margin-right:0px;padding:0px;padding-bottom:0px;padding-top:0px;padding-left:0px;padding-right:0px;box-sizing:content-box\"><\/div>\n<\/div>\n<div style=\"font-family:&quot;Open Sans&quot;, Roboto, Arial, Helvetica, sans-serif, SimSun;font-size:14px;font-weight:400;letter-spacing:normal;text-align:start;white-space:normal;color:rgb(34, 34, 34);margin:0px;margin-bottom:0px;margin-top:0px;margin-left:0px;margin-right:0px;padding:0px;padding-bottom:0px;padding-top:0px;padding-left:0px;padding-right:0px;box-sizing:content-box\" class=\"detailmodule_text\" align=\"start\">\n<h2 style=\"text-align:left;display:block;width:944px;box-sizing:border-box\" align=\"left\"><span style=\"color:rgba(0,0,0,255)\"><strong>Liste de colisage:<\/strong><\/span><\/h2>\n<p style=\"font-weight:bold;line-height:inherit;margin:0px;margin-bottom:0px;margin-top:0px;margin-left:0px;margin-right:0px;padding:0px;padding-bottom:0px;padding-top:0px;padding-left:0px;padding-right:0px;box-sizing:border-box\"><strong>V\u00e9lo \u00e9lectrique*1<br \/>Batterie *1<br \/>Chargeur*1<br \/>Cadeau : 2 garde-boue + porte-bagages<\/strong><\/p>\n<div style=\"margin:0px;margin-bottom:0px;margin-top:0px;margin-left:0px;margin-right:0px;padding:0px;padding-bottom:0px;padding-top:0px;padding-left:0px;padding-right:0px;box-sizing:content-box\"><\/div>\n<\/div>\n<div style=\"font-family:&quot;Open Sans&quot;, Roboto, Arial, Helvetica, sans-serif, SimSun;font-size:14px;font-weight:400;letter-spacing:normal;text-align:start;white-space:normal;color:rgb(34, 34, 34);margin:0px;margin-bottom:0px;margin-top:0px;margin-left:0px;margin-right:0px;padding:0px;padding-bottom:0px;padding-top:0px;padding-left:0px;padding-right:0px;box-sizing:content-box\" class=\"detailmodule_text\" align=\"start\">\n<h2 style=\"text-align:left;display:block;width:944px;box-sizing:border-box\" align=\"left\"><span style=\"color:rgba(0,0,0,255)\"><strong>Fonctionnalit\u00e9 de base du X20\u00a0:<\/strong><\/span><\/h2>\n<p style=\"line-height:inherit;margin:0px;margin-bottom:0px;margin-top:0px;margin-left:0px;margin-right:0px;padding:0px;padding-bottom:0px;padding-top:0px;padding-left:0px;padding-right:0px;box-sizing:border-box\"><span style=\"color:rgb(77, 77, 77)\">Taille d\u00e9pli\u00e9e : 171*60*110cm<\/span><\/p>\n<p style=\"line-height:inherit;margin:0px;margin-bottom:0px;margin-top:0px;margin-left:0px;margin-right:0px;padding:0px;padding-bottom:0px;padding-top:0px;padding-left:0px;padding-right:0px;box-sizing:border-box\"><span style=\"color:rgb(77, 77, 77)\">Mode : \u00e9lectrique pur, assistance \u00e9lectrique, p\u00e9dale<\/span><\/p>\n<p style=\"line-height:inherit;margin:0px;margin-bottom:0px;margin-top:0px;margin-left:0px;margin-right:0px;padding:0px;padding-bottom:0px;padding-top:0px;padding-left:0px;padding-right:0px;box-sizing:border-box\"><span style=\"color:rgb(77, 77, 77)\">Mat\u00e9riau du cadre : aluminium<\/span><\/p>\n<p style=\"line-height:inherit;margin:0px;margin-bottom:0px;margin-top:0px;margin-left:0px;margin-right:0px;padding:0px;padding-bottom:0px;padding-top:0px;padding-left:0px;padding-right:0px;box-sizing:border-box\"><span style=\"color:rgb(77, 77, 77)\">Fourche avant : fourche avant hydraulique<\/span><\/p>\n<p style=\"line-height:inherit;margin:0px;margin-bottom:0px;margin-top:0px;margin-left:0px;margin-right:0px;padding:0px;padding-bottom:0px;padding-top:0px;padding-left:0px;padding-right:0px;box-sizing:border-box\"><span style=\"color:rgb(77, 77, 77)\">Amortisseur arri\u00e8re : 750LBS<\/span><\/p>\n<p style=\"line-height:inherit;margin:0px;margin-bottom:0px;margin-top:0px;margin-left:0px;margin-right:0px;padding:0px;padding-bottom:0px;padding-top:0px;padding-left:0px;padding-right:0px;box-sizing:border-box\"><span style=\"color:rgb(77, 77, 77)\">Syst\u00e8me de freinage : freins hydrauliques avant et arri\u00e8re<\/span><\/p>\n<p style=\"line-height:inherit;margin:0px;margin-bottom:0px;margin-top:0px;margin-left:0px;margin-right:0px;padding:0px;padding-bottom:0px;padding-top:0px;padding-left:0px;padding-right:0px;box-sizing:border-box\"><span style=\"color:rgb(77, 77, 77)\">Syst\u00e8me de transmission : propulsion arri\u00e8re<\/span><\/p>\n<p style=\"line-height:inherit;margin:0px;margin-bottom:0px;margin-top:0px;margin-left:0px;margin-right:0px;padding:0px;padding-bottom:0px;padding-top:0px;padding-left:0px;padding-right:0px;box-sizing:border-box\"><span style=\"color:rgb(77, 77, 77)\">Taille des pneus: 20*4.0 ChaoYang<\/span><\/p>\n<p style=\"line-height:inherit;margin:0px;margin-bottom:0px;margin-top:0px;margin-left:0px;margin-right:0px;padding:0px;padding-bottom:0px;padding-top:0px;padding-left:0px;padding-right:0px;box-sizing:border-box\"><span style=\"color:rgb(77, 77, 77)\">Degr\u00e9 d&#039;\u00e9tanch\u00e9it\u00e9 : IP67<\/span><\/p>\n<p style=\"line-height:inherit;margin:0px;margin-bottom:0px;margin-top:0px;margin-left:0px;margin-right:0px;padding:0px;padding-bottom:0px;padding-top:0px;padding-left:0px;padding-right:0px;box-sizing:border-box\"><span style=\"color:rgb(77, 77, 77)\">Hauteur applicable : 160-195 cm<\/span><\/p>\n<p style=\"line-height:inherit;margin:0px;margin-bottom:0px;margin-top:0px;margin-left:0px;margin-right:0px;padding:0px;padding-bottom:0px;padding-top:0px;padding-left:0px;padding-right:0px;box-sizing:border-box\"><span style=\"color:rgb(77, 77, 77)\">Affichage : YL-80C-LCD<\/span><\/p>\n<p style=\"line-height:inherit;margin:0px;margin-bottom:0px;margin-top:0px;margin-left:0px;margin-right:0px;padding:0px;padding-bottom:0px;padding-top:0px;padding-left:0px;padding-right:0px;box-sizing:border-box\"><span style=\"color:rgb(77, 77, 77)\">Vitesse maximale \u2264 55 km\/h<\/span><\/p>\n<p style=\"line-height:inherit;margin:0px;margin-bottom:0px;margin-top:0px;margin-left:0px;margin-right:0px;padding:0px;padding-bottom:0px;padding-top:0px;padding-left:0px;padding-right:0px;box-sizing:border-box\"><span style=\"color:rgb(77, 77, 77)\">Torsion : 60\u00a0NM<\/span><\/p>\n<p style=\"line-height:inherit;margin:0px;margin-bottom:0px;margin-top:0px;margin-left:0px;margin-right:0px;padding:0px;padding-bottom:0px;padding-top:0px;padding-left:0px;padding-right:0px;box-sizing:border-box\"><span style=\"color:rgb(77, 77, 77)\">Pente &lt;35\u00b0<\/span><\/p>\n<p style=\"line-height:inherit;margin:0px;margin-bottom:0px;margin-top:0px;margin-left:0px;margin-right:0px;padding:0px;padding-bottom:0px;padding-top:0px;padding-left:0px;padding-right:0px;box-sizing:border-box\"><span style=\"color:rgb(77, 77, 77)\">Poids de la charge \u2264 150 kg<\/span><\/p>\n<p style=\"line-height:inherit;margin:0px;margin-bottom:0px;margin-top:0px;margin-left:0px;margin-right:0px;padding:0px;padding-bottom:0px;padding-top:0px;padding-left:0px;padding-right:0px;box-sizing:border-box\"><span style=\"color:rgb(77, 77, 77)\">Param\u00e8tres du moteur : 48v2000w<\/span><\/p>\n<p style=\"line-height:inherit;margin:0px;margin-bottom:0px;margin-top:0px;margin-left:0px;margin-right:0px;padding:0px;padding-bottom:0px;padding-top:0px;padding-left:0px;padding-right:0px;box-sizing:border-box\"><span style=\"color:rgb(77, 77, 77)\">Temps de charge 4-6H<\/span><\/p>\n<p style=\"line-height:inherit;margin:0px;margin-bottom:0px;margin-top:0px;margin-left:0px;margin-right:0px;padding:0px;padding-bottom:0px;padding-top:0px;padding-left:0px;padding-right:0px;box-sizing:border-box\"><span style=\"color:rgb(77, 77, 77)\">Type de batterie : batterie au lithium 18650<\/span><\/p>\n<p style=\"line-height:inherit;margin:0px;margin-bottom:0px;margin-top:0px;margin-left:0px;margin-right:0px;padding:0px;padding-bottom:0px;padding-top:0px;padding-left:0px;padding-right:0px;box-sizing:border-box\"><span style=\"color:rgb(77, 77, 77)\">Capacit\u00e9 de la batterie 35AH<\/span><\/p>\n<p style=\"line-height:inherit;margin:0px;margin-bottom:0px;margin-top:0px;margin-left:0px;margin-right:0px;padding:0px;padding-bottom:0px;padding-top:0px;padding-left:0px;padding-right:0px;box-sizing:border-box\"><span style=\"color:rgb(77, 77, 77)\">Protection contre les sous-tensions : 39 V<\/span><\/p>\n<p style=\"line-height:inherit;margin:0px;margin-bottom:0px;margin-top:0px;margin-left:0px;margin-right:0px;padding:0px;padding-bottom:0px;padding-top:0px;padding-left:0px;padding-right:0px;box-sizing:border-box\"><span style=\"color:rgb(77, 77, 77)\">Protection contre les surintensit\u00e9s : 28 A<\/span><\/p>\n<\/div>\n<h2 style=\"text-align:left;display:block;width:944px;box-sizing:border-box\" align=\"left\"><img decoding=\"async\" src=\"https:\/\/ae01.alicdn.com\/kf\/S0ae7fc9bad5e479287df03b83066db8cD.jpg\" slate-data-type=\"image\"\/><img decoding=\"async\" src=\"https:\/\/ae01.alicdn.com\/kf\/Sba104d0ae04e4b8d9a2408ca87e92bc4s.jpg\" slate-data-type=\"image\"\/><img decoding=\"async\" src=\"https:\/\/ae01.alicdn.com\/kf\/S5411785a14774b24baaa9d30b22dd733A.jpg\" slate-data-type=\"image\"\/><img decoding=\"async\" src=\"https:\/\/ae01.alicdn.com\/kf\/S69af203173034a85aa4e08a7bc30127dx.jpg\" slate-data-type=\"image\"\/><img decoding=\"async\" src=\"https:\/\/ae01.alicdn.com\/kf\/Se4aa33ee06314189890cc3b59b0f62f9r.jpg\" slate-data-type=\"image\"\/><img decoding=\"async\" src=\"https:\/\/ae01.alicdn.com\/kf\/S66f9a246e409477886328a51723c7044k.jpg\" slate-data-type=\"image\"\/><img decoding=\"async\" src=\"https:\/\/ae01.alicdn.com\/kf\/S004cecbcc3ba42bfb3718b76f480f4cej.jpg\" slate-data-type=\"image\"\/><img decoding=\"async\" src=\"https:\/\/ae01.alicdn.com\/kf\/S0c8af253d8c149d0ad9b191ce7327593r.jpg\" slate-data-type=\"image\"\/><img decoding=\"async\" src=\"https:\/\/ae01.alicdn.com\/kf\/S2f9e6cd755d8412bbaa5e916c026c115I.jpg\" slate-data-type=\"image\"\/><img decoding=\"async\" src=\"https:\/\/ae01.alicdn.com\/kf\/S8bf49a5ace11420383f2e2cbc7c1eb796.jpg\" slate-data-type=\"image\"\/><img decoding=\"async\" src=\"https:\/\/ae01.alicdn.com\/kf\/Sd12df36c654e4f16b3c36c9aa92f0fc51.jpg\" slate-data-type=\"image\"\/><img decoding=\"async\" src=\"https:\/\/ae01.alicdn.com\/kf\/S33bfe4ccf568486a98981da5c58ef8e9K.jpg\" slate-data-type=\"image\"\/><img decoding=\"async\" src=\"https:\/\/ae01.alicdn.com\/kf\/Sf186d84613b04fcc9f2546e4f0d157edz.jpg\" slate-data-type=\"image\"\/><img decoding=\"async\" src=\"https:\/\/ae01.alicdn.com\/kf\/S3320e98e2d994c078f03d09f03027e4cE.jpg\" slate-data-type=\"image\"\/><img decoding=\"async\" src=\"https:\/\/ae01.alicdn.com\/kf\/S147c8e7368814cf4897907a93413decex.jpg\" slate-data-type=\"image\"\/><img decoding=\"async\" src=\"https:\/\/ae01.alicdn.com\/kf\/Sc0ab2879a9b44810abdd67fc649fd6f34.jpg\" slate-data-type=\"image\"\/><img decoding=\"async\" src=\"https:\/\/ae01.alicdn.com\/kf\/S8fec5ec7b79a49ed90ecc92e16db2d0a9.jpg\" slate-data-type=\"image\"\/><\/h2>\n<\/div>\n<p><\/p>","protected":false},"excerpt":{"rendered":"<p>Model Number:&nbsp;EKXBike X20 Rated Passenger Capacity:&nbsp;Two Seat Style:&nbsp;Standard Type Max Speed:&nbsp;&gt;50km\/h Range per Power:&nbsp;31 &#8211; 60 km Wattage:&nbsp;&gt; 500w Power Supply:&nbsp;lithium battery Voltage:&nbsp;36V Brand Name:&nbsp;EKXBIKE Power Source:&nbsp;lithium battery Origin:&nbsp;Mainland China<\/p>","protected":false},"featured_media":8927,"comment_status":"open","ping_status":"closed","template":"","meta":{"_acf_changed":false},"product_brand":[],"product_cat":[300,470],"product_tag":[],"class_list":{"0":"post-8926","1":"product","2":"type-product","3":"status-publish","4":"has-post-thumbnail","6":"product_cat-electric-fat-bikes","7":"product_cat-electric-pedal-motorcycle","9":"first","10":"instock","11":"shipping-taxable","12":"purchasable","13":"product-type-simple"},"acf":[],"_links":{"self":[{"href":"https:\/\/www.electricstore.eu\/fr\/wp-json\/wp\/v2\/product\/8926","targetHints":{"allow":["GET"]}}],"collection":[{"href":"https:\/\/www.electricstore.eu\/fr\/wp-json\/wp\/v2\/product"}],"about":[{"href":"https:\/\/www.electricstore.eu\/fr\/wp-json\/wp\/v2\/types\/product"}],"replies":[{"embeddable":true,"href":"https:\/\/www.electricstore.eu\/fr\/wp-json\/wp\/v2\/comments?post=8926"}],"wp:featuredmedia":[{"embeddable":true,"href":"https:\/\/www.electricstore.eu\/fr\/wp-json\/wp\/v2\/media\/8927"}],"wp:attachment":[{"href":"https:\/\/www.electricstore.eu\/fr\/wp-json\/wp\/v2\/media?parent=8926"}],"wp:term":[{"taxonomy":"product_brand","embeddable":true,"href":"https:\/\/www.electricstore.eu\/fr\/wp-json\/wp\/v2\/product_brand?post=8926"},{"taxonomy":"product_cat","embeddable":true,"href":"https:\/\/www.electricstore.eu\/fr\/wp-json\/wp\/v2\/product_cat?post=8926"},{"taxonomy":"product_tag","embeddable":true,"href":"https:\/\/www.electricstore.eu\/fr\/wp-json\/wp\/v2\/product_tag?post=8926"}],"curies":[{"name":"wp","href":"https:\/\/api.w.org\/{rel}","templated":true}]}}