{"id":8740,"date":"2025-05-19T21:18:21","date_gmt":"2025-05-19T21:18:21","guid":{"rendered":"https:\/\/electricstore.eu\/product\/uncategorized\/ridstar-s29pro-1000w-48v-15ah-electric-bike\/"},"modified":"2025-05-20T13:06:14","modified_gmt":"2025-05-20T13:06:14","slug":"ridstar-s29pro-1000w-48v-15ah-electric-bike","status":"publish","type":"product","link":"https:\/\/www.electricstore.eu\/fr\/p\/bikes\/electric-city-bikes\/ridstar-s29pro-1000w-48v-15ah-electric-bike\/","title":{"rendered":"V\u00e9lo \u00e9lectrique Ridstar S29PRO 1000 W 48 V 15 Ah 30-50 km\/h &gt; 60 km 29 pouces"},"content":{"rendered":"<div class=\"product-specs-list-container\">\n<ul class=\"product-specs-list util-clearfix\">\n<li class=\"product-prop line-limit-length\"><span\n                                        class=\"property-title\">Num\u00e9ro de mod\u00e8le :&nbsp;<\/span><span\n                                        class=\"property-desc line-limit-length\">Ridstar S29PRO<\/span>\n                            <\/li>\n<li class=\"product-prop line-limit-length\"><span\n                                        class=\"property-title\">Capacit\u00e9 nominale de passagers :&nbsp;<\/span><span\n                                        class=\"property-desc line-limit-length\">Un si\u00e8ge<\/span>\n                            <\/li>\n<li class=\"product-prop line-limit-length\"><span\n                                        class=\"property-title\">Style:&nbsp;<\/span><span\n                                        class=\"property-desc line-limit-length\">Type multifonctionnel<\/span>\n                            <\/li>\n<li class=\"product-prop line-limit-length\"><span\n                                        class=\"property-title\">Vitesse maximale :&nbsp;<\/span><span\n                                        class=\"property-desc line-limit-length\">30-50 km\/h<\/span>\n                            <\/li>\n<li class=\"product-prop line-limit-length\"><span\n                                        class=\"property-title\">Port\u00e9e par puissance :&nbsp;<\/span><span\n                                        class=\"property-desc line-limit-length\">&gt; 60 km<\/span>\n                            <\/li>\n<li class=\"product-prop line-limit-length\"><span\n                                        class=\"property-title\">Mat\u00e9riau du cadre :&nbsp;<\/span><span\n                                        class=\"property-desc line-limit-length\">alliage d&#039;aluminium<\/span>\n                            <\/li>\n<li class=\"product-prop line-limit-length\"><span\n                                        class=\"property-title\">Moteur:&nbsp;<\/span><span\n                                        class=\"property-desc line-limit-length\">Sans balais<\/span>\n                            <\/li>\n<li class=\"product-prop line-limit-length\"><span\n                                        class=\"property-title\">Taille de la roue :&nbsp;<\/span><span\n                                        class=\"property-desc line-limit-length\">29&quot;<\/span>\n                            <\/li>\n<li class=\"product-prop line-limit-length\"><span\n                                        class=\"property-title\">Puissance :&nbsp;<\/span><span\n                                        class=\"property-desc line-limit-length\">&gt; 500w<\/span>\n                            <\/li>\n<li class=\"product-prop line-limit-length\"><span\n                                        class=\"property-title\">Pliable :&nbsp;<\/span><span\n                                        class=\"property-desc line-limit-length\">Non<\/span>\n                            <\/li>\n<li class=\"product-prop line-limit-length\"><span\n                                        class=\"property-title\">Alimentation \u00e9lectrique :&nbsp;<\/span><span\n                                        class=\"property-desc line-limit-length\">batterie au lithium<\/span>\n                            <\/li>\n<li class=\"product-prop line-limit-length\"><span\n                                        class=\"property-title\">tension:&nbsp;<\/span><span\n                                        class=\"property-desc line-limit-length\">48V<\/span>\n                            <\/li>\n<li class=\"product-prop line-limit-length\"><span\n                                        class=\"property-title\">Nom de marque :&nbsp;<\/span><span\n                                        class=\"property-desc line-limit-length\">RIDSTAR<\/span>\n                            <\/li>\n<li class=\"product-prop line-limit-length\"><span\n                                        class=\"property-title\">Mod\u00e8le RIDSTAR :&nbsp;<\/span><span\n                                        class=\"property-desc line-limit-length\">q20<\/span>\n                            <\/li>\n<li class=\"product-prop line-limit-length\"><span\n                                        class=\"property-title\">Origine:&nbsp;<\/span><span\n                                        class=\"property-desc line-limit-length\">Chine continentale<\/span>\n                            <\/li>\n<\/ul><\/div>\n<p><span style=\"color:rgb(244, 78, 59)\"><u>Cher ami,<\/u><\/span><\/p>\n<h3 style=\"font-family:&quot;TT Norms Pro&quot;, &quot;Open Sans&quot;, Roboto, Arial, Helvetica, sans-serif, SimSun;letter-spacing:normal;text-align:start;white-space:normal;color:rgb(34, 34, 34);box-sizing:border-box\" align=\"start\"><span style=\"color:rgb(244, 78, 59)\"><u>Nous disposons d&#039;une \u00e9quipe de r\u00e9paration professionnelle et d&#039;un service apr\u00e8s-vente hors ligne en Pologne.<\/u><\/span><\/h3>\n<h3 style=\"font-family:&quot;TT Norms Pro&quot;, &quot;Open Sans&quot;, Roboto, Arial, Helvetica, sans-serif, SimSun;letter-spacing:normal;text-align:start;white-space:normal;color:rgb(34, 34, 34);box-sizing:border-box\" align=\"start\"><span style=\"color:rgb(244, 78, 59)\"><u>Le v\u00e9lo \u00e9lectrique achet\u00e9 sera exp\u00e9di\u00e9 depuis la Pologne, et nous pourrons \u00e9tablir une facture. Pour toute question, n&#039;h\u00e9sitez pas \u00e0 nous contacter.<\/u><\/span><br \/><\/h3>\n<h1 style=\"text-align:center\" align=\"center\"><strong>Ridstar S29PRO Electric Bicycle 1000W Powerful Motor 48V15AH Battery City Fat E-bike 29 Inch Tire Hydraulic Adult Electric Bike<\/strong><\/h1>\n<p style=\"font-family:&quot;TT Norms Pro&quot;, &quot;Open Sans&quot;, Roboto, Arial, Helvetica, sans-serif, SimSun;font-size:14px;font-weight:400;letter-spacing:normal;line-height:inherit;text-align:start;white-space:normal;color:rgb(34, 34, 34);margin:0px;margin-bottom:0px;margin-top:0px;margin-left:0px;margin-right:0px;padding:0px;padding-bottom:0px;padding-top:0px;padding-left:0px;padding-right:0px;box-sizing:border-box\" align=\"start\"><span style=\"font-size:18px\"><strong><\/strong><\/span><img decoding=\"async\" src=\"https:\/\/ae01.alicdn.com\/kf\/S9d529ec54ccf4754bc1f8dfc18234071y.jpg\" slate-data-type=\"image\"\/><span style=\"font-size:18px\"><strong><\/strong><\/span><img decoding=\"async\" src=\"https:\/\/ae01.alicdn.com\/kf\/S91d3daec19704b769827741f86dbebb3n.jpg\" slate-data-type=\"image\"\/><span style=\"font-size:18px\"><strong><\/strong><\/span><img decoding=\"async\" src=\"https:\/\/ae01.alicdn.com\/kf\/Sf74accfd89ea41c2a62b99fb6ee19583Q.jpg\" slate-data-type=\"image\"\/><span style=\"font-size:18px\"><strong><\/strong><\/span><img decoding=\"async\" src=\"https:\/\/ae01.alicdn.com\/kf\/S6ecaf5a108f4402694aef2f9a0dcce3bc.jpg\" slate-data-type=\"image\"\/><span style=\"font-size:18px\"><strong><\/strong><\/span><img decoding=\"async\" src=\"https:\/\/ae01.alicdn.com\/kf\/S59727ef9b7c8407183cf16882a69d3c4y.jpg\" slate-data-type=\"image\"\/><span style=\"font-size:18px\"><strong><\/strong><\/span><img decoding=\"async\" src=\"https:\/\/ae01.alicdn.com\/kf\/S1645fad591754aec83a8a84b3527a957T.jpg\" slate-data-type=\"image\"\/><span style=\"font-size:18px\"><strong><\/strong><\/span><img decoding=\"async\" src=\"https:\/\/ae01.alicdn.com\/kf\/S9ea90e8b34554a95b6e5b81870ee573d1.jpg\" slate-data-type=\"image\"\/><span style=\"font-size:18px\"><strong><\/strong><\/span><img decoding=\"async\" src=\"https:\/\/ae01.alicdn.com\/kf\/Sca68f40ab91647e7bd5179fc4ed7d22d5.jpg\" slate-data-type=\"image\"\/><span style=\"font-size:18px\"><strong><\/strong><\/span><img decoding=\"async\" src=\"https:\/\/ae01.alicdn.com\/kf\/S48557cac32fe410ea612007c32bb0eacB.jpg\" slate-data-type=\"image\"\/><span style=\"font-size:18px\"><strong><\/strong><\/span><\/p>","protected":false},"excerpt":{"rendered":"<p>Model Number:&nbsp;Ridstar S29PRO Rated Passenger Capacity:&nbsp;One Seat Style:&nbsp;Multifunctional Type Max Speed:&nbsp;30-50km\/h Range per Power:&nbsp;&gt; 60 km Frame Material:&nbsp;Aluminum alloy Motor:&nbsp;Brushless Wheel Size:&nbsp;29&quot; Wattage:&nbsp;&gt; 500w Foldable:&nbsp;No Power Supply:&nbsp;lithium battery Voltage:&nbsp;48V Brand<\/p>","protected":false},"featured_media":8741,"comment_status":"open","ping_status":"closed","template":"","meta":{"_acf_changed":false},"product_brand":[],"product_cat":[298],"product_tag":[],"class_list":{"0":"post-8740","1":"product","2":"type-product","3":"status-publish","4":"has-post-thumbnail","6":"product_cat-electric-city-bikes","8":"first","9":"instock","10":"shipping-taxable","11":"purchasable","12":"product-type-simple"},"acf":[],"_links":{"self":[{"href":"https:\/\/www.electricstore.eu\/fr\/wp-json\/wp\/v2\/product\/8740","targetHints":{"allow":["GET"]}}],"collection":[{"href":"https:\/\/www.electricstore.eu\/fr\/wp-json\/wp\/v2\/product"}],"about":[{"href":"https:\/\/www.electricstore.eu\/fr\/wp-json\/wp\/v2\/types\/product"}],"replies":[{"embeddable":true,"href":"https:\/\/www.electricstore.eu\/fr\/wp-json\/wp\/v2\/comments?post=8740"}],"wp:featuredmedia":[{"embeddable":true,"href":"https:\/\/www.electricstore.eu\/fr\/wp-json\/wp\/v2\/media\/8741"}],"wp:attachment":[{"href":"https:\/\/www.electricstore.eu\/fr\/wp-json\/wp\/v2\/media?parent=8740"}],"wp:term":[{"taxonomy":"product_brand","embeddable":true,"href":"https:\/\/www.electricstore.eu\/fr\/wp-json\/wp\/v2\/product_brand?post=8740"},{"taxonomy":"product_cat","embeddable":true,"href":"https:\/\/www.electricstore.eu\/fr\/wp-json\/wp\/v2\/product_cat?post=8740"},{"taxonomy":"product_tag","embeddable":true,"href":"https:\/\/www.electricstore.eu\/fr\/wp-json\/wp\/v2\/product_tag?post=8740"}],"curies":[{"name":"wp","href":"https:\/\/api.w.org\/{rel}","templated":true}]}}