{"id":8721,"date":"2025-05-19T21:18:08","date_gmt":"2025-05-19T21:18:08","guid":{"rendered":"https:\/\/electricstore.eu\/product\/uncategorized\/kukirin-g2-pro-vmp-500w-48v-15-6ah-25-km-h-65km-foldable-adult-escooter\/"},"modified":"2025-05-20T13:06:29","modified_gmt":"2025-05-20T13:06:29","slug":"kukirin-g2-pro-vmp-500w-48v-15-6ah-25-km-h-65km-foldable-adult-escooter","status":"publish","type":"product","link":"https:\/\/www.electricstore.eu\/fr\/p\/scooters\/electric-off-road-scooter\/kukirin-g2-pro-vmp-500w-48v-15-6ah-25-km-h-65km-foldable-adult-escooter\/","title":{"rendered":"Trottinette \u00e9lectrique pliable KuKirin G2 Pro VMP 500W 48V 15,6Ah 25 km\/h 65 km 9\u2033 pour adultes"},"content":{"rendered":"<div class=\"product-specs-list-container\">\n<ul class=\"product-specs-list util-clearfix\">\n<li class=\"product-prop line-limit-length\"><span\n                                        class=\"property-title\">Taille des pneus :&nbsp;<\/span><span\n                                        class=\"property-desc line-limit-length\">9 pouces<\/span>\n                            <\/li>\n<li class=\"product-prop line-limit-length\"><span\n                                        class=\"property-title\">Num\u00e9ro de mod\u00e8le :&nbsp;<\/span><span\n                                        class=\"property-desc line-limit-length\">KuKirin G2 Pro (VMP)<\/span>\n                            <\/li>\n<li class=\"product-prop line-limit-length\"><span\n                                        class=\"property-title\">Cat\u00e9gorie:&nbsp;<\/span><span\n                                        class=\"property-desc line-limit-length\">Scooter \u00e0 deux roues<\/span>\n                            <\/li>\n<li class=\"product-prop line-limit-length\"><span\n                                        class=\"property-title\">Personnes concern\u00e9es :&nbsp;<\/span><span\n                                        class=\"property-desc line-limit-length\">Unisexe<\/span>\n                            <\/li>\n<li class=\"product-prop line-limit-length\"><span\n                                        class=\"property-title\">Autonomie par charge :&nbsp;<\/span><span\n                                        class=\"property-desc line-limit-length\">40-60 km<\/span>\n                            <\/li>\n<li class=\"product-prop line-limit-length\"><span\n                                        class=\"property-title\">Temps de charge :&nbsp;<\/span><span\n                                        class=\"property-desc line-limit-length\">6-8h<\/span>\n                            <\/li>\n<li class=\"product-prop line-limit-length\"><span\n                                        class=\"property-title\">tension:&nbsp;<\/span><span\n                                        class=\"property-desc line-limit-length\">48v<\/span>\n                            <\/li>\n<li class=\"product-prop line-limit-length\"><span\n                                        class=\"property-title\">Pli\u00e9 :&nbsp;<\/span><span\n                                        class=\"property-desc line-limit-length\">OUI<\/span>\n                            <\/li>\n<li class=\"product-prop line-limit-length\"><span\n                                        class=\"property-title\">Puissance (W) :&nbsp;<\/span><span\n                                        class=\"property-desc line-limit-length\">201-500W<\/span>\n                            <\/li>\n<li class=\"product-prop line-limit-length\"><span\n                                        class=\"property-title\">Origine:&nbsp;<\/span><span\n                                        class=\"property-desc line-limit-length\">Chine continentale<\/span>\n                            <\/li>\n<li class=\"product-prop line-limit-length\"><span\n                                        class=\"property-title\">moteur max:&nbsp;<\/span><span\n                                        class=\"property-desc line-limit-length\">500 W<\/span>\n                            <\/li>\n<li class=\"product-prop line-limit-length\"><span\n                                        class=\"property-title\">port\u00e9e maximale :&nbsp;<\/span><span\n                                        class=\"property-desc line-limit-length\">65 km<\/span>\n                            <\/li>\n<li class=\"product-prop line-limit-length\"><span\n                                        class=\"property-title\">vitesse maximale:&nbsp;<\/span><span\n                                        class=\"property-desc line-limit-length\">25 km\/h<\/span>\n                            <\/li>\n<li class=\"product-prop line-limit-length\"><span\n                                        class=\"property-title\">Charge maximale :&nbsp;<\/span><span\n                                        class=\"property-desc line-limit-length\">120 kg<\/span>\n                            <\/li>\n<li class=\"product-prop line-limit-length\"><span\n                                        class=\"property-title\">1er, 2e, 3e (ralenti) :&nbsp;<\/span><span\n                                        class=\"property-desc line-limit-length\">15 km\/h, 20 km\/h, 25 km\/h<\/span>\n                            <\/li>\n<li class=\"product-prop line-limit-length\"><span\n                                        class=\"property-title\">Capacit\u00e9 d&#039;escalade :&nbsp;<\/span><span\n                                        class=\"property-desc line-limit-length\">Pente \u2264 19\u00b0<\/span>\n                            <\/li>\n<li class=\"product-prop line-limit-length\"><span\n                                        class=\"property-title\">Syst\u00e8me de freinage :&nbsp;<\/span><span\n                                        class=\"property-desc line-limit-length\">Freins \u00e0 disque avant et arri\u00e8re et frein \u00e0 coupure d&#039;alimentation<\/span>\n                            <\/li>\n<li class=\"product-prop line-limit-length\"><span\n                                        class=\"property-title\">Batterie:&nbsp;<\/span><span\n                                        class=\"property-desc line-limit-length\">48 V 15,6 Ah<\/span>\n                            <\/li>\n<li class=\"product-prop line-limit-length\"><span\n                                        class=\"property-title\">Amortisseur avant :&nbsp;<\/span><span\n                                        class=\"property-desc line-limit-length\">Amortissement des chocs \u00e0 ressort<\/span>\n                            <\/li>\n<li class=\"product-prop line-limit-length\"><span\n                                        class=\"property-title\">Amortisseur arri\u00e8re :&nbsp;<\/span><span\n                                        class=\"property-desc line-limit-length\">Amortissement des chocs \u00e0 ressort<\/span>\n                            <\/li>\n<li class=\"product-prop line-limit-length\"><span\n                                        class=\"property-title\">Certificat:&nbsp;<\/span><span\n                                        class=\"property-desc line-limit-length\"><\/span>\n                            <\/li>\n<\/ul><\/div>\n<h1 style=\"text-align:center\" align=\"center\"><strong>Trottinette \u00e9lectrique KuKirin G2 Pro (VMP), batterie 500 W 48 V 15,6 Ah, pneus 9 pouces \u00e0 chambre \u00e0 air, vitesse maximale de 25 km\/h, autonomie de 65 km, double suspension \u00e0 ressorts, trottinette \u00e9lectrique pliable pour adultes.<\/strong><\/h1>\n<p><strong><span style=\"color:rgb(25, 25, 25);font-size:24px;font-family:&quot;TT Norms Pro&quot;, &quot;Open Sans&quot;, Roboto, Arial, Helvetica, sans-serif, SimSun\">Description:<\/span><\/strong><\/p>\n<p><\/p>\n<h3 style=\"font-family:&quot;Microsoft YaHei&quot;;letter-spacing:normal;text-align:start;white-space:normal;color:rgb(0, 0, 0);box-sizing:border-box\" align=\"start\">Moteur puissant<\/h3>\n<p style=\"font-family:&quot;Microsoft YaHei&quot;;font-size:medium;font-weight:400;letter-spacing:normal;line-height:inherit;text-align:start;white-space:normal;color:rgb(0, 0, 0);margin:0px;margin-bottom:0px;margin-top:0px;margin-left:0px;margin-right:0px;padding:0px;padding-bottom:0px;padding-top:0px;padding-left:0px;padding-right:0px;box-sizing:border-box\" align=\"start\">La trottinette \u00e9lectrique KuKirin G2 Pro (VMP) est \u00e9quip\u00e9e d&#039;un puissant moteur sans balais de 500 W, offre une acc\u00e9l\u00e9ration extr\u00eamement rapide, un mode de vitesse \u00e0 3 vitesses, la vitesse maximale pouvant atteindre 25 km\/h, rendant la conduite plus arbitraire.\u00a0<\/p>\n<h3 style=\"font-family:&quot;Microsoft YaHei&quot;;letter-spacing:normal;text-align:start;white-space:normal;color:rgb(0, 0, 0);box-sizing:border-box\" align=\"start\">Batterie de haute qualit\u00e9<\/h3>\n<p style=\"font-family:&quot;Microsoft YaHei&quot;;font-size:medium;font-weight:400;letter-spacing:normal;line-height:inherit;text-align:start;white-space:normal;color:rgb(0, 0, 0);margin:0px;margin-bottom:0px;margin-top:0px;margin-left:0px;margin-right:0px;padding:0px;padding-bottom:0px;padding-top:0px;padding-left:0px;padding-right:0px;box-sizing:border-box\" align=\"start\">Batterie lithium-ion haute capacit\u00e9 48 V 15,6 Ah, batterie lithium-ion de type puissance de haute qualit\u00e9, capacit\u00e9 de sortie de courant \u00e0 taux \u00e9lev\u00e9 continu, offrant une autonomie de 65 km. \u00a0 \u00a0 \u00a0 \u00a0 \u00a0 \u00a0\u00a0<\/p>\n<h3 style=\"font-family:&quot;Microsoft YaHei&quot;;letter-spacing:normal;text-align:start;white-space:normal;color:rgb(0, 0, 0);box-sizing:border-box\" align=\"start\">Syst\u00e8me de freinage<\/h3>\n<p style=\"font-family:&quot;Microsoft YaHei&quot;;font-size:medium;font-weight:400;letter-spacing:normal;line-height:inherit;text-align:start;white-space:normal;color:rgb(0, 0, 0);margin:0px;margin-bottom:0px;margin-top:0px;margin-left:0px;margin-right:0px;padding:0px;padding-bottom:0px;padding-top:0px;padding-left:0px;padding-right:0px;box-sizing:border-box\" align=\"start\">Freins \u00e0 disque doubles \u00e0 l&#039;avant et \u00e0 l&#039;arri\u00e8re. Ma\u00eetrisez la haute vitesse et freinez en toute confiance quand vous le souhaitez. \u00a0 \u00a0<\/p>\n<h3 style=\"font-family:&quot;Microsoft YaHei&quot;;letter-spacing:normal;text-align:start;white-space:normal;color:rgb(0, 0, 0);box-sizing:border-box\" align=\"start\">Syst\u00e8me d&#039;amortisseurs \u00e0 double ressort avant et arri\u00e8re<\/h3>\n<p style=\"font-family:&quot;Microsoft YaHei&quot;;font-size:medium;font-weight:400;letter-spacing:normal;line-height:inherit;text-align:start;white-space:normal;color:rgb(0, 0, 0);margin:0px;margin-bottom:0px;margin-top:0px;margin-left:0px;margin-right:0px;padding:0px;padding-bottom:0px;padding-top:0px;padding-left:0px;padding-right:0px;box-sizing:border-box\" align=\"start\">L&#039;amortisseur \u00e0 ressort finement r\u00e9gl\u00e9 peut efficacement amortir les chocs caus\u00e9s par un terrain complexe, vous permettant ainsi de rouler sur des routes accident\u00e9es et de profiter pleinement de votre voyage.\u00a0<\/p>\n<h3 style=\"font-family:&quot;Microsoft YaHei&quot;;letter-spacing:normal;text-align:start;white-space:normal;color:rgb(0, 0, 0);box-sizing:border-box\" align=\"start\">Pneus \u00e0 vide de 9 pouces<\/h3>\n<p style=\"font-family:&quot;Microsoft YaHei&quot;;font-size:medium;font-weight:400;letter-spacing:normal;line-height:inherit;text-align:start;white-space:normal;color:rgb(0, 0, 0);margin:0px;margin-bottom:0px;margin-top:0px;margin-left:0px;margin-right:0px;padding:0px;padding-bottom:0px;padding-top:0px;padding-left:0px;padding-right:0px;box-sizing:border-box\" align=\"start\">Les pneus sous vide de 9 pouces, avec une large surface de contact, ne s&#039;enfonceront pas dans la boue les jours de pluie, offrent une bonne absorption des chocs, une bonne adh\u00e9rence, ne craignent pas les conditions routi\u00e8res difficiles, vous donnant la confiance n\u00e9cessaire pour partir quand vous le souhaitez.<\/p>\n<h3 style=\"font-family:&quot;Microsoft YaHei&quot;;letter-spacing:normal;text-align:start;white-space:normal;color:rgb(0, 0, 0);box-sizing:border-box\" align=\"start\">Pliage rapide<\/h3>\n<p style=\"font-family:&quot;Microsoft YaHei&quot;;font-size:medium;font-weight:400;letter-spacing:normal;line-height:inherit;text-align:start;white-space:normal;color:rgb(0, 0, 0);margin:0px;margin-bottom:0px;margin-top:0px;margin-left:0px;margin-right:0px;padding:0px;padding-bottom:0px;padding-top:0px;padding-left:0px;padding-right:0px;box-sizing:border-box\" align=\"start\">La conception du compartiment pliable est simple et facile \u00e0 utiliser, ce qui vous permet de le transporter facilement dans d&#039;autres v\u00e9hicules.\u00a0<\/p>\n<p style=\"font-family:&quot;TT Norms Pro&quot;, &quot;Open Sans&quot;, Roboto, Arial, Helvetica, sans-serif, SimSun;font-size:14px;font-weight:400;letter-spacing:normal;line-height:inherit;text-align:start;white-space:normal;color:rgb(34, 34, 34);margin:0px;margin-bottom:0px;margin-top:0px;margin-left:0px;margin-right:0px;padding:0px;padding-bottom:0px;padding-top:0px;padding-left:0px;padding-right:0px;box-sizing:border-box\" align=\"start\"><\/p>\n<h2 style=\"font-family:&quot;Microsoft YaHei&quot;;font-size:14px;letter-spacing:normal;text-align:start;white-space:normal;color:rgb(0, 0, 0);margin:10px 0px;margin-bottom:10px;margin-top:10px;margin-left:0px;margin-right:0px;padding:0px;padding-bottom:0px;padding-top:0px;padding-left:0px;padding-right:0px;box-sizing:border-box\" align=\"start\">Sp\u00e9cification<\/h2>\n<p style=\"font-family:&quot;TT Norms Pro&quot;, &quot;Open Sans&quot;, Roboto, Arial, Helvetica, sans-serif, SimSun;font-size:14px;font-weight:400;letter-spacing:normal;line-height:inherit;text-align:start;white-space:normal;color:rgb(34, 34, 34);margin:0px;margin-bottom:0px;margin-top:0px;margin-left:0px;margin-right:0px;padding:0px;padding-bottom:0px;padding-top:0px;padding-left:0px;padding-right:0px;box-sizing:border-box\" align=\"start\"><\/p>\n<table style=\"border-collapse:collapse;font-family:&quot;Microsoft YaHei&quot;;font-size:14px;text-align:start;color:rgb(34, 34, 34);width:1000px\" class=\"jbEidtTable\" border=\"1\" cellpadding=\"5\" cellspacing=\"0\" align=\"start\">\n<tbody>\n<tr>\n<td style=\"text-align:left\" align=\"left\">\n<p style=\"line-height:inherit;margin:0px;margin-bottom:0px;margin-top:0px;margin-left:0px;margin-right:0px;padding:0px;padding-bottom:0px;padding-top:0px;padding-left:0px;padding-right:0px;box-sizing:border-box\"><strong>G\u00e9n\u00e9ral<\/strong><\/p>\n<\/td>\n<td style=\"text-align:left\" align=\"left\">\n<p style=\"line-height:inherit;margin:0px;margin-bottom:0px;margin-top:0px;margin-left:0px;margin-right:0px;padding:0px;padding-bottom:0px;padding-top:0px;padding-left:0px;padding-right:0px;box-sizing:border-box\">Marque : Kukirin<br \/>Type : Scooter \u00e9lectrique<br \/>Mod\u00e8le : G2 Pro (VMP)<\/p>\n<\/td>\n<\/tr>\n<tr>\n<td style=\"text-align:left\" align=\"left\">\n<p style=\"line-height:inherit;margin:0px;margin-bottom:0px;margin-top:0px;margin-left:0px;margin-right:0px;padding:0px;padding-bottom:0px;padding-top:0px;padding-left:0px;padding-right:0px;box-sizing:border-box\"><strong>Sp\u00e9cification<\/strong><\/p>\n<\/td>\n<td style=\"text-align:left\" align=\"left\">\n<p style=\"line-height:inherit;margin:0px;margin-bottom:0px;margin-top:0px;margin-left:0px;margin-right:0px;padding:0px;padding-bottom:0px;padding-top:0px;padding-left:0px;padding-right:0px;box-sizing:border-box\">Vitesse maximale : 25 km\/h<br \/>1re, 2e, 3e (au ralenti) : 15 km\/h, 20 km\/h, 25 km\/h<br \/>1re, 2e, 3e (charge de 65 kg) : 15 km\/h, 20 km\/h, 25 km\/h<br \/>Autonomie \u00e0 vitesse moyenne (charge de 65 kg) : 65 km<br \/>Capacit\u00e9 d&#039;escalade : pente \u2264 19\u00b0<br \/>Syst\u00e8me de freinage\u00a0: Freins \u00e0 disque avant et arri\u00e8re et frein \u00e0 coupure d\u2019alimentation<br \/>Distance de freinage\u00a0: 3 \u00e0 5\u00a0m<br \/>Niveau d&#039;\u00e9tanch\u00e9it\u00e9 : IP54<br \/>Mat\u00e9riau du cadre : Alliage d&#039;aluminium et acier<br \/>Type de moteur : Moteur CC sans balais \u00e0 effet Hall (entra\u00eenement simple sur la roue arri\u00e8re)<br \/>Puissance nominale du moteur : 500 W<br \/>Couple de sortie maximal\u00a0: 22\u00a0N.m<br \/>Batterie : 48 V 15,6 Ah<br \/>Tension d&#039;entr\u00e9e du chargeur\u00a0: 100-240\u00a0V CA ~ 50\/60\u00a0Hz<br \/>Temps de charge : 7-8h<br \/>Amortisseur avant : Adsorption des chocs \u00e0 ressort<br \/>Amortisseur arri\u00e8re : Adsorption des chocs \u00e0 ressort<br \/>Type de phare : LED<br \/>Puissance des phares : 2 W<br \/>Angle d&#039;\u00e9clairage des phares : 45\u00b0<br \/>Zone d&#039;\u00e9clairage des phares : 4 m\u00b2<br \/>Clignotant : Non<br \/>Feux arri\u00e8re\u00a0: Oui, les feux arri\u00e8re sont allum\u00e9s lorsque les phares sont allum\u00e9s, ils clignotent lors du freinage.<br \/>Pneu : pneu sous vide de 9 pouces<br \/>Type d&#039;instrument : LED<br \/>Charge maximale : 120 kg<\/p>\n<\/td>\n<\/tr>\n<tr>\n<td style=\"text-align:left\" align=\"left\">\n<p style=\"line-height:inherit;margin:0px;margin-bottom:0px;margin-top:0px;margin-left:0px;margin-right:0px;padding:0px;padding-bottom:0px;padding-top:0px;padding-left:0px;padding-right:0px;box-sizing:border-box\"><strong>Poids et taille<\/strong><\/p>\n<\/td>\n<td style=\"text-align:left\" align=\"left\">\n<p style=\"line-height:inherit;margin:0px;margin-bottom:0px;margin-top:0px;margin-left:0px;margin-right:0px;padding:0px;padding-bottom:0px;padding-top:0px;padding-left:0px;padding-right:0px;box-sizing:border-box\">Poids du produit : 22,3 kg<br \/>Poids du colis : 37,5 kg<br \/>Dimensions du produit (L x l x H) : 117 x 59 x 130 cm (d\u00e9pli\u00e9)<br \/>Dimensions du produit (L x l x H) : 117 x 59 x 51,2 cm (pli\u00e9)<br \/>Dimensions de l&#039;emballage (L x l x H) : 119,5 x 23,5 x 54,5 cm<\/p>\n<\/td>\n<\/tr>\n<tr>\n<td style=\"text-align:left\" align=\"left\">\n<p style=\"line-height:inherit;margin:0px;margin-bottom:0px;margin-top:0px;margin-left:0px;margin-right:0px;padding:0px;padding-bottom:0px;padding-top:0px;padding-left:0px;padding-right:0px;box-sizing:border-box\"><strong>Contenu du colis<\/strong><\/p>\n<\/td>\n<td style=\"text-align:left\" align=\"left\">\n<p style=\"line-height:inherit;margin:0px;margin-bottom:0px;margin-top:0px;margin-left:0px;margin-right:0px;padding:0px;padding-bottom:0px;padding-top:0px;padding-left:0px;padding-right:0px;box-sizing:border-box\">1 x Scooter \u00e9lectrique<br \/>1 x chargeur<br \/>1 x pompe<br \/>1 x outil<br \/>2 x Cl\u00e9<br \/>1 x Manuel d&#039;utilisation<\/p>\n<\/td>\n<\/tr>\n<\/tbody>\n<\/table>\n<p><img decoding=\"async\" src=\"https:\/\/ae01.alicdn.com\/kf\/S12a84b5073014bd1b02dd8b82b57640b9.jpg\" slate-data-type=\"image\"\/><img decoding=\"async\" src=\"https:\/\/ae01.alicdn.com\/kf\/Sf9c65087cce94423aa29dbc5491e96416.jpg\" slate-data-type=\"image\"\/><img decoding=\"async\" src=\"https:\/\/ae01.alicdn.com\/kf\/Sef4ad75478f24689b7fe189e95c6d69b5.jpg\" slate-data-type=\"image\"\/><img decoding=\"async\" src=\"https:\/\/ae01.alicdn.com\/kf\/Sffddb834911b44a1b9cb2d92a2ec9044M.jpg\" slate-data-type=\"image\"\/><img decoding=\"async\" src=\"https:\/\/ae01.alicdn.com\/kf\/S47c02a1689b94cfeb2b1f73859641d2bB.jpg\" slate-data-type=\"image\"\/><img decoding=\"async\" src=\"https:\/\/ae01.alicdn.com\/kf\/Sdda0ae35eb4c4d3c9cd2f8800df08630z.jpg\" slate-data-type=\"image\"\/><img decoding=\"async\" src=\"https:\/\/ae01.alicdn.com\/kf\/S06b7ed2c8d6a40c9baf8ab2f75cd50e7v.jpg\" slate-data-type=\"image\"\/><img decoding=\"async\" src=\"https:\/\/ae01.alicdn.com\/kf\/S451c553bae7b472ca59bf59bfd762c28k.jpg\" slate-data-type=\"image\"\/><img decoding=\"async\" src=\"https:\/\/ae01.alicdn.com\/kf\/Sb1d8881b60bc4a469cc945e1ef2caceba.jpg\" slate-data-type=\"image\"\/><img decoding=\"async\" src=\"https:\/\/ae01.alicdn.com\/kf\/Sb5a782969d8b432abcc2f53d21585852P.jpg\" slate-data-type=\"image\"\/><img decoding=\"async\" src=\"https:\/\/ae01.alicdn.com\/kf\/S9dbe99135ff947378a4fc18a2b0604cfp.jpg\" slate-data-type=\"image\"\/><img decoding=\"async\" src=\"https:\/\/ae01.alicdn.com\/kf\/Saeecc6d32e6f48d5a8969f27a827cce1S.jpg\" slate-data-type=\"image\"\/><img decoding=\"async\" src=\"https:\/\/ae01.alicdn.com\/kf\/S9be594803ce04744a50b6e11b8fb19de8.jpg\" slate-data-type=\"image\"\/><img decoding=\"async\" src=\"https:\/\/ae01.alicdn.com\/kf\/S8b2b4e94f1574c6d809386895cfd6b00G.jpg\" slate-data-type=\"image\"\/><img decoding=\"async\" src=\"https:\/\/ae01.alicdn.com\/kf\/S3f6e2838efe5428795aeb757e825ca61T.jpg\" slate-data-type=\"image\"\/><img decoding=\"async\" src=\"https:\/\/ae01.alicdn.com\/kf\/S561e1802ed084158bc981096bb71fc6cY.jpg\" slate-data-type=\"image\"\/><\/p>","protected":false},"excerpt":{"rendered":"<p>Tire Size:&nbsp;9 inch Model Number:&nbsp;KuKirin G2 Pro (VMP) Category:&nbsp;Two-wheel Scooter Applicable People:&nbsp;Unisex Range Per Charge:&nbsp;40-60km Charging Time:&nbsp;6-8h Voltage:&nbsp;48v Folded:&nbsp;YES Power (W):&nbsp;201-500W Origin:&nbsp;Mainland China max motor:&nbsp;500W max range:&nbsp;65KM max speed:&nbsp;25km\/h max<\/p>","protected":false},"featured_media":8722,"comment_status":"open","ping_status":"closed","template":"","meta":{"_acf_changed":false},"product_brand":[],"product_cat":[468],"product_tag":[],"class_list":{"0":"post-8721","1":"product","2":"type-product","3":"status-publish","4":"has-post-thumbnail","6":"product_cat-electric-off-road-scooter","8":"first","9":"instock","10":"shipping-taxable","11":"purchasable","12":"product-type-simple"},"acf":[],"_links":{"self":[{"href":"https:\/\/www.electricstore.eu\/fr\/wp-json\/wp\/v2\/product\/8721","targetHints":{"allow":["GET"]}}],"collection":[{"href":"https:\/\/www.electricstore.eu\/fr\/wp-json\/wp\/v2\/product"}],"about":[{"href":"https:\/\/www.electricstore.eu\/fr\/wp-json\/wp\/v2\/types\/product"}],"replies":[{"embeddable":true,"href":"https:\/\/www.electricstore.eu\/fr\/wp-json\/wp\/v2\/comments?post=8721"}],"wp:featuredmedia":[{"embeddable":true,"href":"https:\/\/www.electricstore.eu\/fr\/wp-json\/wp\/v2\/media\/8722"}],"wp:attachment":[{"href":"https:\/\/www.electricstore.eu\/fr\/wp-json\/wp\/v2\/media?parent=8721"}],"wp:term":[{"taxonomy":"product_brand","embeddable":true,"href":"https:\/\/www.electricstore.eu\/fr\/wp-json\/wp\/v2\/product_brand?post=8721"},{"taxonomy":"product_cat","embeddable":true,"href":"https:\/\/www.electricstore.eu\/fr\/wp-json\/wp\/v2\/product_cat?post=8721"},{"taxonomy":"product_tag","embeddable":true,"href":"https:\/\/www.electricstore.eu\/fr\/wp-json\/wp\/v2\/product_tag?post=8721"}],"curies":[{"name":"wp","href":"https:\/\/api.w.org\/{rel}","templated":true}]}}