{"id":8561,"date":"2025-05-19T20:32:07","date_gmt":"2025-05-19T20:32:07","guid":{"rendered":"https:\/\/electricstore.eu\/product\/uncategorized\/l12-48v-500w-45-mph-35-45-km-electric-scooter\/"},"modified":"2025-05-21T05:41:25","modified_gmt":"2025-05-21T05:41:25","slug":"l12-48v-500w-45-mph-35-45-km-electric-scooter","status":"publish","type":"product","link":"https:\/\/www.electricstore.eu\/fr\/p\/scooters\/electric-off-road-scooter\/l12-48v-500w-45-mph-35-45-km-electric-scooter\/","title":{"rendered":"Trottinette \u00e9lectrique Geofought L12 500 W 48 V 13 Ah 45 km\/h 35-45 km 10 pouces"},"content":{"rendered":"<div class=\"product-specs-list-container\">\n<ul class=\"product-specs-list util-clearfix\">\n<li class=\"product-prop line-limit-length\"><span\n                                        class=\"property-title\">Taille des pneus :&nbsp;<\/span><span\n                                        class=\"property-desc line-limit-length\">10 pouces<\/span>\n                            <\/li>\n<li class=\"product-prop line-limit-length\"><span\n                                        class=\"property-title\">Num\u00e9ro de mod\u00e8le :&nbsp;<\/span><span\n                                        class=\"property-desc line-limit-length\">L12<\/span>\n                            <\/li>\n<li class=\"product-prop line-limit-length\"><span\n                                        class=\"property-title\">Cat\u00e9gorie:&nbsp;<\/span><span\n                                        class=\"property-desc line-limit-length\">Scooter \u00e0 deux roues<\/span>\n                            <\/li>\n<li class=\"product-prop line-limit-length\"><span\n                                        class=\"property-title\">Personnes concern\u00e9es :&nbsp;<\/span><span\n                                        class=\"property-desc line-limit-length\">Unisexe<\/span>\n                            <\/li>\n<li class=\"product-prop line-limit-length\"><span\n                                        class=\"property-title\">Autonomie par charge :&nbsp;<\/span><span\n                                        class=\"property-desc line-limit-length\">40-60 km<\/span>\n                            <\/li>\n<li class=\"product-prop line-limit-length\"><span\n                                        class=\"property-title\">Temps de charge :&nbsp;<\/span><span\n                                        class=\"property-desc line-limit-length\">6-8h<\/span>\n                            <\/li>\n<li class=\"product-prop line-limit-length\"><span\n                                        class=\"property-title\">tension:&nbsp;<\/span><span\n                                        class=\"property-desc line-limit-length\">48v<\/span>\n                            <\/li>\n<li class=\"product-prop line-limit-length\"><span\n                                        class=\"property-title\">Pli\u00e9 :&nbsp;<\/span><span\n                                        class=\"property-desc line-limit-length\">Non<\/span>\n                            <\/li>\n<li class=\"product-prop line-limit-length\"><span\n                                        class=\"property-title\">Origine:&nbsp;<\/span><span\n                                        class=\"property-desc line-limit-length\">Chine continentale<\/span>\n                            <\/li>\n<li class=\"product-prop line-limit-length\"><span\n                                        class=\"property-title\">Puissance (W) :&nbsp;<\/span><span\n                                        class=\"property-desc line-limit-length\">201-500W<\/span>\n                            <\/li>\n<li class=\"product-prop line-limit-length\"><span\n                                        class=\"property-title\">Lieu d&#039;origine :&nbsp;<\/span><span\n                                        class=\"property-desc line-limit-length\">Jiangsu, Chine<\/span>\n                            <\/li>\n<li class=\"product-prop line-limit-length\"><span\n                                        class=\"property-title\">Marque:&nbsp;<\/span><span\n                                        class=\"property-desc line-limit-length\">Geofought<\/span>\n                            <\/li>\n<li class=\"product-prop line-limit-length\"><span\n                                        class=\"property-title\">Num\u00e9ro de mod\u00e8le :&nbsp;<\/span><span\n                                        class=\"property-desc line-limit-length\">L12<\/span>\n                            <\/li>\n<li class=\"product-prop line-limit-length\"><span\n                                        class=\"property-title\">Pouvoir:&nbsp;<\/span><span\n                                        class=\"property-desc line-limit-length\">500W, 500w motor<\/span>\n                            <\/li>\n<li class=\"product-prop line-limit-length\"><span\n                                        class=\"property-title\">tension:&nbsp;<\/span><span\n                                        class=\"property-desc line-limit-length\">48V<\/span>\n                            <\/li>\n<li class=\"product-prop line-limit-length\"><span\n                                        class=\"property-title\">Temps de charge :&nbsp;<\/span><span\n                                        class=\"property-desc line-limit-length\">6-10h<\/span>\n                            <\/li>\n<li class=\"product-prop line-limit-length\"><span\n                                        class=\"property-title\">Pliable :&nbsp;<\/span><span\n                                        class=\"property-desc line-limit-length\">Oui<\/span>\n                            <\/li>\n<li class=\"product-prop line-limit-length\"><span\n                                        class=\"property-title\">Autonomie par charge :&nbsp;<\/span><span\n                                        class=\"property-desc line-limit-length\">35-45KM<\/span>\n                            <\/li>\n<li class=\"product-prop line-limit-length\"><span\n                                        class=\"property-title\">Vitesse maximale :&nbsp;<\/span><span\n                                        class=\"property-desc line-limit-length\">41-50km\/h, 45km\/h<\/span>\n                            <\/li>\n<li class=\"product-prop line-limit-length\"><span\n                                        class=\"property-title\">Cat\u00e9gorie:&nbsp;<\/span><span\n                                        class=\"property-desc line-limit-length\">Scooter \u00e0 deux roues<\/span>\n                            <\/li>\n<li class=\"product-prop line-limit-length\"><span\n                                        class=\"property-title\">Applicable \u00e0 la foule :&nbsp;<\/span><span\n                                        class=\"property-desc line-limit-length\">Unisexe<\/span>\n                            <\/li>\n<li class=\"product-prop line-limit-length\"><span\n                                        class=\"property-title\">Type intelligent :&nbsp;<\/span><span\n                                        class=\"property-desc line-limit-length\">\u00c9lectronique<\/span>\n                            <\/li>\n<li class=\"product-prop line-limit-length\"><span\n                                        class=\"property-title\">Capacit\u00e9 de la batterie :&nbsp;<\/span><span\n                                        class=\"property-desc line-limit-length\">13AH<\/span>\n                            <\/li>\n<li class=\"product-prop line-limit-length\"><span\n                                        class=\"property-title\">Nom de marque :&nbsp;<\/span><span\n                                        class=\"property-desc line-limit-length\">Geofought scooter<\/span>\n                            <\/li>\n<li class=\"product-prop line-limit-length\"><span\n                                        class=\"property-title\">Pneu:&nbsp;<\/span><span\n                                        class=\"property-desc line-limit-length\">10 pouces<\/span>\n                            <\/li>\n<li class=\"product-prop line-limit-length\"><span\n                                        class=\"property-title\">Gamme:&nbsp;<\/span><span\n                                        class=\"property-desc line-limit-length\">35-45km<\/span>\n                            <\/li>\n<li class=\"product-prop line-limit-length\"><span\n                                        class=\"property-title\">Type de batterie :&nbsp;<\/span><span\n                                        class=\"property-desc line-limit-length\">Lithium battery<\/span>\n                            <\/li>\n<li class=\"product-prop line-limit-length\"><span\n                                        class=\"property-title\">Batterie:&nbsp;<\/span><span\n                                        class=\"property-desc line-limit-length\">13ah<\/span>\n                            <\/li>\n<li class=\"product-prop line-limit-length\"><span\n                                        class=\"property-title\">Max. Loading (KG):&nbsp;<\/span><span\n                                        class=\"property-desc line-limit-length\">150 kg<\/span>\n                            <\/li>\n<li class=\"product-prop line-limit-length\"><span\n                                        class=\"property-title\">Gear:&nbsp;<\/span><span\n                                        class=\"property-desc line-limit-length\">3 gears<\/span>\n                            <\/li>\n<li class=\"product-prop line-limit-length\"><span\n                                        class=\"property-title\">Taille de l&#039;emballage:&nbsp;<\/span><span\n                                        class=\"property-desc line-limit-length\">128*28*52cm<\/span>\n                            <\/li>\n<li class=\"product-prop line-limit-length\"><span\n                                        class=\"property-title\">Certificat:&nbsp;<\/span><span\n                                        class=\"property-desc line-limit-length\"><\/span>\n                            <\/li>\n<\/ul><\/div>\n<div class=\"detailmodule_html\">\n<div class=\"detail-desc-decorate-richtext\">\n<div id=\"detail_decorate_root\">\n<div>&nbsp;<\/div>\n<div>\n<div id=\"ali-anchor-AliMagic-gzf72v\">Description des produits<\/div>\n<\/div>\n<div>\n<div>\n<div>\n<div>\n<div>\n<div>\n<div><strong>EU in Stock Electric Step Elektrick Scooter 10inch 500w 45kmh max speed Replace Battery Electric Scooter <\/strong><\/div>\n<div>\n<div><span>48v 500w sigle motor <\/span><\/div>\n<div><span>Type:10inch road tyre Battery Capacity : 48v 13ah Speed:45km\/h, 3 gear Range:35-45km<\/span><\/div>\n<\/div>\n<\/div>\n<\/div>\n<\/div>\n<\/div>\n<\/div>\n<\/div>\n<div>\n<div>\n<div>\n<div>\n<div>\n<div><img decoding=\"async\" class=\"magic-8\" slate-data-type=\"image\" src=\"https:\/\/ae01.alicdn.com\/kf\/S7b681820608043099c3aed1e4d840a95I.jpg?width=1000&#038;height=1000&#038;hash=2000\"><\/div>\n<\/div>\n<\/div>\n<\/div>\n<\/div>\n<\/div>\n<div>&nbsp;<\/div>\n<div>\n<div>\n<table class=\"has-title all magic-10\" style=\"border-collapse:collapse\">\n<tbody>\n<tr>\n<td colspan=\"1\" rowspan=\"1\">\n<div>product name<\/div>\n<\/td>\n<td colspan=\"1\" rowspan=\"1\">\n<div>Geofought L12<\/div>\n<\/td>\n<\/tr>\n<tr>\n<td colspan=\"1\" rowspan=\"1\">\n<div>Motor rated power<\/div>\n<\/td>\n<td colspan=\"1\" rowspan=\"1\">\n<div>500 W<\/div>\n<\/td>\n<\/tr>\n<tr>\n<td colspan=\"1\" rowspan=\"1\">\n<div>Range (KM)<\/div>\n<\/td>\n<td colspan=\"1\" rowspan=\"1\">\n<div>35-45km<\/div>\n<\/td>\n<\/tr>\n<tr>\n<td colspan=\"1\" rowspan=\"1\">\n<div>Battery type<\/div>\n<\/td>\n<td colspan=\"1\" rowspan=\"1\">\n<div>Lithium battery<\/div>\n<\/td>\n<\/tr>\n<tr>\n<td colspan=\"1\" rowspan=\"1\">\n<div>Battery capacity (AH)<\/div>\n<\/td>\n<td colspan=\"1\" rowspan=\"1\">\n<div><span class=\"magic-13\">48v 13ah<\/span><\/div>\n<\/td>\n<\/tr>\n<tr>\n<td colspan=\"1\" rowspan=\"1\">\n<div>Top speed (KM\/H)<\/div>\n<\/td>\n<td colspan=\"1\" rowspan=\"1\">\n<div>45 km\/h<\/div>\n<\/td>\n<\/tr>\n<tr>\n<td colspan=\"1\" rowspan=\"1\">\n<div>Max. Loading (KG)<\/div>\n<\/td>\n<td colspan=\"1\" rowspan=\"1\">\n<div>150 kg<\/div>\n<\/td>\n<\/tr>\n<tr>\n<td colspan=\"1\" rowspan=\"1\">\n<div>Taille des pneus<\/div>\n<\/td>\n<td colspan=\"1\" rowspan=\"1\">\n<div>10 pouces&nbsp;<\/div>\n<\/td>\n<\/tr>\n<tr>\n<td colspan=\"1\" rowspan=\"1\">\n<div>Frein<\/div>\n<\/td>\n<td colspan=\"1\" rowspan=\"1\">\n<div>Disc brake&nbsp;<\/div>\n<\/td>\n<\/tr>\n<tr>\n<td colspan=\"1\" rowspan=\"1\">\n<div>Taille du corps<\/div>\n<\/td>\n<td colspan=\"1\" rowspan=\"1\">\n<div>128*28*54<\/div>\n<\/td>\n<\/tr>\n<\/tbody>\n<\/table>\n<\/div>\n<\/div>\n<div>\n<div>\n<div>\n<div>\n<div>\n<div><span><strong>Detail picture<\/strong><\/span><\/div>\n<\/div>\n<\/div>\n<\/div>\n<\/div>\n<\/div>\n<div>\n<div>\n<div>\n<div>\n<div>\n<div><img decoding=\"async\" class=\"magic-16\" slate-data-type=\"image\" src=\"https:\/\/ae01.alicdn.com\/kf\/S5ab03688cbf44a7b931f40e5e72e85ecj.jpg?width=750&#038;height=1200&#038;hash=1950\"><\/div>\n<\/div>\n<\/div>\n<\/div>\n<\/div>\n<\/div>\n<div>\n<div>\n<div>\n<div>\n<div>\n<div><img decoding=\"async\" class=\"magic-18\" slate-data-type=\"image\" src=\"https:\/\/ae01.alicdn.com\/kf\/S8d4c0019aff84cab8c6d3d3133dac535K.jpg?width=750&#038;height=1258&#038;hash=2008\"><\/div>\n<\/div>\n<\/div>\n<\/div>\n<\/div>\n<\/div>\n<div>\n<div>\n<div>\n<div>\n<div>\n<div><img decoding=\"async\" class=\"magic-20\" slate-data-type=\"image\" src=\"https:\/\/ae01.alicdn.com\/kf\/S3d239ead230745ef944dd7bde601126bI.jpg?width=1920&#038;height=1080&#038;hash=3000\"><\/div>\n<\/div>\n<\/div>\n<\/div>\n<\/div>\n<\/div>\n<div>\n<div>\n<div>\n<div>\n<div>\n<div><img decoding=\"async\" class=\"magic-22\" slate-data-type=\"image\" src=\"https:\/\/ae01.alicdn.com\/kf\/Se12a5b00a8c1494daf98b4d47b2ad2a5r.jpg?width=1440&#038;height=1080&#038;hash=2520\"><\/div>\n<\/div>\n<\/div>\n<\/div>\n<\/div>\n<\/div>\n<div>\n<div id=\"ali-anchor-AliMagic-s22dnq\">Commentaires des clients<\/div>\n<\/div>\n<div>\n<div>\n<div>\n<div>\n<div>\n<div><img decoding=\"async\" class=\"magic-24\" slate-data-type=\"image\" src=\"https:\/\/ae01.alicdn.com\/kf\/S4064f1924e3740a2be7bb532e50bad4b3.jpg?width=540&#038;height=1200&#038;hash=1740\"><\/div>\n<div><img decoding=\"async\" class=\"magic-24\" slate-data-type=\"image\" src=\"https:\/\/ae01.alicdn.com\/kf\/Sd1227447f1fb41a8806364479aaf7273d.jpg?width=1080&#038;height=2400&#038;hash=3480\"><\/div>\n<\/div>\n<\/div>\n<\/div>\n<\/div>\n<\/div>\n<div>\n<div>\n<div>\n<div>\n<div>\n<div><img decoding=\"async\" class=\"magic-27\" slate-data-type=\"image\" src=\"https:\/\/ae01.alicdn.com\/kf\/S285ad5ab65cb4bc7856364d0221e9e41A.jpg?width=476&#038;height=460&#038;hash=936\"><\/div>\n<div><img decoding=\"async\" class=\"magic-29\" slate-data-type=\"image\" src=\"https:\/\/ae01.alicdn.com\/kf\/Sab77106c630b48d7bccfbf13e9b25b3by.jpg?width=476&#038;height=507&#038;hash=983\"><\/div>\n<\/div>\n<\/div>\n<\/div>\n<\/div>\n<\/div>\n<div>\n<div id=\"ali-anchor-AliMagic-xj7rlm\">Pr\u00eat \u00e0 \u00eatre exp\u00e9di\u00e9<\/div>\n<\/div>\n<div>\n<div>\n<div>\n<div>\n<div>\n<div><img decoding=\"async\" class=\"magic-31\" slate-data-type=\"image\" src=\"https:\/\/ae01.alicdn.com\/kf\/Sad37cad5854e468688d517a182680231u.jpg?width=3648&#038;height=2736&#038;hash=6384\"><\/div>\n<div><img decoding=\"async\" class=\"magic-31\" slate-data-type=\"image\" src=\"https:\/\/ae01.alicdn.com\/kf\/Sacba179c7bc942b588bf20eea36108b67.jpg?width=1440&#038;height=1080&#038;hash=2520\"><\/div>\n<\/div>\n<\/div>\n<\/div>\n<\/div>\n<\/div>\n<div>\n<div>\n<div>\n<div>\n<div>\n<div><img decoding=\"async\" class=\"magic-31\" slate-data-type=\"image\" src=\"https:\/\/ae01.alicdn.com\/kf\/Sbae4285941e64ebf90f361eb1f677081W.jpg?width=1440&#038;height=1080&#038;hash=2520\"><\/div>\n<div><img decoding=\"async\" class=\"magic-31\" slate-data-type=\"image\" src=\"https:\/\/ae01.alicdn.com\/kf\/Sd2087dfa5c1245cf950164c70893e211R.jpg?width=1440&#038;height=1080&#038;hash=2520\"><\/div>\n<\/div>\n<\/div>\n<\/div>\n<\/div>\n<\/div>\n<div>\n<div id=\"ali-anchor-AliMagic-vgy8yv\">Produits recommand\u00e9s<\/div>\n<\/div>\n<div>&nbsp;<\/div>\n<div>\n<div id=\"ali-anchor-AliMagic-iwf6hj\">Profil de l&#039;entreprise<\/div>\n<\/div>\n<div>\n<div>\n<div>\n<div>\n<div>\n<div><img decoding=\"async\" class=\"magic-20\" slate-data-type=\"image\" src=\"https:\/\/ae01.alicdn.com\/kf\/S57346615a5164666bb2cb15d9bed01f2V.jpg?width=1920&#038;height=1080&#038;hash=3000\"><\/div>\n<\/div>\n<\/div>\n<\/div>\n<\/div>\n<\/div>\n<div>\n<div>\n<div>\n<div>\n<div>\n<div><img decoding=\"async\" class=\"magic-34\" slate-data-type=\"image\" src=\"https:\/\/ae01.alicdn.com\/kf\/S2acfc9af3dc1459d9926f92a40fe29ce1.jpg?width=830&#038;height=499&#038;hash=1329\"><\/div>\n<\/div>\n<\/div>\n<\/div>\n<\/div>\n<\/div>\n<div>\n<div>\n<div>\n<div>\n<div>\n<div><img decoding=\"async\" class=\"magic-36\" slate-data-type=\"image\" src=\"https:\/\/ae01.alicdn.com\/kf\/S21da1ffdf7fb4cb1bd18a7ef651fdf221.jpg?width=750&#038;height=810&#038;hash=1560\"><\/div>\n<\/div>\n<\/div>\n<\/div>\n<\/div>\n<\/div>\n<div>\n<div id=\"ali-anchor-AliMagic-09s5h7\">Emballage du produit<\/div>\n<\/div>\n<div>\n<div>\n<div>\n<div>\n<div>\n<div><img decoding=\"async\" class=\"magic-31\" slate-data-type=\"image\" src=\"https:\/\/ae01.alicdn.com\/kf\/S8a78daddaa7e423e93769cda4b5eed91B.jpg?width=1440&#038;height=1080&#038;hash=2520\"><\/div>\n<div><img decoding=\"async\" class=\"magic-31\" slate-data-type=\"image\" src=\"https:\/\/ae01.alicdn.com\/kf\/Sa38e98837f77475084395011507cabe4L.jpg?width=1440&#038;height=1080&#038;hash=2520\"><\/div>\n<\/div>\n<\/div>\n<\/div>\n<\/div>\n<\/div>\n<div>\n<div id=\"ali-anchor-AliMagic-nsikbv\">FAQ<\/div>\n<\/div>\n<div>\n<div>\n<div>\n<div>\n<div>\n<div>\n<div><span><strong>1. Pourquoi nous choisir ?<\/strong><\/span> <span><br \/>\nVendeurs professionnels et \u00e9quipe de recherche ;<br \/>\nAccepter l\u2019ordre d\u2019assurance commerciale pour prot\u00e9ger l\u2019acheteur\u00a0;<br \/>\nNous pouvons fabriquer des produits OEM\/ODM ;<br \/>\nLivraison \u00e0 temps.<\/span><br \/>\n<span><strong>2. Comment obtenir un \u00e9chantillon et \u00e9conomiser le co\u00fbt ?<\/strong><\/span> <span><br \/>\nUne carte d&#039;\u00e9chantillon peut \u00eatre fournie gratuitement, seuls les frais de transport sont \u00e0 pr\u00e9voir.<br \/>\nPour un \u00e9chantillon personnalis\u00e9, veuillez nous contacter pour le co\u00fbt de l&#039;\u00e9chantillon.<br \/>\nSi vous passez commande directement, nous pouvons vous fournir un \u00e9chantillon gratuit pour v\u00e9rifier la qualit\u00e9.<\/span><br \/>\n<span><strong>3.Quelle est votre dur\u00e9e de paiement ?<\/strong><\/span> <span><br \/>\nD\u00e9p\u00f4t 30% et paiement du solde 70%.<\/span><br \/>\n<span><strong>4. Comment se d\u00e9roule votre contr\u00f4le qualit\u00e9 ?<\/strong><\/span> <span><br \/>\nNous avons une \u00e9quipe de contr\u00f4le qualit\u00e9 professionnelle, nous contr\u00f4lerons la qualit\u00e9 des marchandises pendant toute la production de masse.<\/span><br \/>\n<span><strong>5. Si nous n&#039;avons pas de transitaire en Chine, pourriez-vous le faire pour nous ?<\/strong><\/span> <span><br \/>\nNous avons de tr\u00e8s bonnes relations avec la soci\u00e9t\u00e9 de transport, nous pouvons vous envoyer le meilleur prix d&#039;exp\u00e9dition et un excellent service.<\/span><\/div>\n<div><span>If you are interested in any type, please send the details to us by email or online. We will quote you the best price with the<br \/>\nsuperior standardknowledge. And we warmly welcome friends from all over the world to visit our factories for business. <\/span><\/div>\n<\/div>\n<\/div>\n<\/div>\n<\/div>\n<\/div>\n<\/div>\n<\/div>\n<p>&nbsp;<\/p>\n<\/div>\n<\/div>","protected":false},"excerpt":{"rendered":"<p>Tire Size:&nbsp;10 inch Model Number:&nbsp;L12 Category:&nbsp;Two-wheel Scooter Applicable People:&nbsp;Unisex Range Per Charge:&nbsp;40-60km Charging Time:&nbsp;6-8h Voltage:&nbsp;48v Folded:&nbsp;No Origin:&nbsp;Mainland China Power (W):&nbsp;201-500W Place of Origin:&nbsp;Jiangsu, China Brand:&nbsp;Geofought Model Number:&nbsp;L12 Power:&nbsp;500W, 500w motor<\/p>","protected":false},"featured_media":8562,"comment_status":"open","ping_status":"closed","template":"","meta":{"_acf_changed":false},"product_brand":[],"product_cat":[468,297],"product_tag":[],"class_list":{"0":"post-8561","1":"product","2":"type-product","3":"status-publish","4":"has-post-thumbnail","6":"product_cat-electric-off-road-scooter","7":"product_cat-scooters","9":"first","10":"instock","11":"shipping-taxable","12":"purchasable","13":"product-type-variable"},"acf":[],"_links":{"self":[{"href":"https:\/\/www.electricstore.eu\/fr\/wp-json\/wp\/v2\/product\/8561","targetHints":{"allow":["GET"]}}],"collection":[{"href":"https:\/\/www.electricstore.eu\/fr\/wp-json\/wp\/v2\/product"}],"about":[{"href":"https:\/\/www.electricstore.eu\/fr\/wp-json\/wp\/v2\/types\/product"}],"replies":[{"embeddable":true,"href":"https:\/\/www.electricstore.eu\/fr\/wp-json\/wp\/v2\/comments?post=8561"}],"wp:featuredmedia":[{"embeddable":true,"href":"https:\/\/www.electricstore.eu\/fr\/wp-json\/wp\/v2\/media\/8562"}],"wp:attachment":[{"href":"https:\/\/www.electricstore.eu\/fr\/wp-json\/wp\/v2\/media?parent=8561"}],"wp:term":[{"taxonomy":"product_brand","embeddable":true,"href":"https:\/\/www.electricstore.eu\/fr\/wp-json\/wp\/v2\/product_brand?post=8561"},{"taxonomy":"product_cat","embeddable":true,"href":"https:\/\/www.electricstore.eu\/fr\/wp-json\/wp\/v2\/product_cat?post=8561"},{"taxonomy":"product_tag","embeddable":true,"href":"https:\/\/www.electricstore.eu\/fr\/wp-json\/wp\/v2\/product_tag?post=8561"}],"curies":[{"name":"wp","href":"https:\/\/api.w.org\/{rel}","templated":true}]}}