{"id":8544,"date":"2025-05-19T20:31:56","date_gmt":"2025-05-19T20:31:56","guid":{"rendered":"https:\/\/electricstore.eu\/product\/uncategorized\/folding-electric-scooter-two-seater-adult-mobility\/"},"modified":"2025-05-21T05:41:25","modified_gmt":"2025-05-21T05:41:25","slug":"folding-electric-scooter-two-seater-adult-mobility","status":"publish","type":"product","link":"https:\/\/www.electricstore.eu\/fr\/p\/electric-mobility-scooters\/folding-electric-scooter-two-seater-adult-mobility\/","title":{"rendered":"Trottinette \u00e9lectrique Electrib DH0305 500 W 36 V 15,6 Ah 18 km\/h 40 km 10 pouces"},"content":{"rendered":"<div class=\"product-specs-list-container\">\n<ul class=\"product-specs-list util-clearfix\">\n<li class=\"product-prop line-limit-length\"><span\n                                        class=\"property-title\">Taille des pneus :&nbsp;<\/span><span\n                                        class=\"property-desc line-limit-length\">10 pouces<\/span>\n                            <\/li>\n<li class=\"product-prop line-limit-length\"><span\n                                        class=\"property-title\">Num\u00e9ro de mod\u00e8le :&nbsp;<\/span><span\n                                        class=\"property-desc line-limit-length\">DH0305<\/span>\n                            <\/li>\n<li class=\"product-prop line-limit-length\"><span\n                                        class=\"property-title\">Cat\u00e9gorie:&nbsp;<\/span><span\n                                        class=\"property-desc line-limit-length\">Scooter \u00e0 quatre roues<\/span>\n                            <\/li>\n<li class=\"product-prop line-limit-length\"><span\n                                        class=\"property-title\">Personnes concern\u00e9es :&nbsp;<\/span><span\n                                        class=\"property-desc line-limit-length\">Unisexe<\/span>\n                            <\/li>\n<li class=\"product-prop line-limit-length\"><span\n                                        class=\"property-title\">Autonomie par charge :&nbsp;<\/span><span\n                                        class=\"property-desc line-limit-length\">40 km<\/span>\n                            <\/li>\n<li class=\"product-prop line-limit-length\"><span\n                                        class=\"property-title\">Temps de charge :&nbsp;<\/span><span\n                                        class=\"property-desc line-limit-length\">6-8h<\/span>\n                            <\/li>\n<li class=\"product-prop line-limit-length\"><span\n                                        class=\"property-title\">tension:&nbsp;<\/span><span\n                                        class=\"property-desc line-limit-length\">36v<\/span>\n                            <\/li>\n<li class=\"product-prop line-limit-length\"><span\n                                        class=\"property-title\">Pli\u00e9 :&nbsp;<\/span><span\n                                        class=\"property-desc line-limit-length\">OUI<\/span>\n                            <\/li>\n<li class=\"product-prop line-limit-length\"><span\n                                        class=\"property-title\">Origine:&nbsp;<\/span><span\n                                        class=\"property-desc line-limit-length\">Chine continentale<\/span>\n                            <\/li>\n<li class=\"product-prop line-limit-length\"><span\n                                        class=\"property-title\">Puissance (W) :&nbsp;<\/span><span\n                                        class=\"property-desc line-limit-length\">201-500W<\/span>\n                            <\/li>\n<li class=\"product-prop line-limit-length\"><span\n                                        class=\"property-title\">Nom:&nbsp;<\/span><span\n                                        class=\"property-desc line-limit-length\">Trottinette \u00e9lectrique pliable<\/span>\n                            <\/li>\n<li class=\"product-prop line-limit-length\"><span\n                                        class=\"property-title\">Vitesse:&nbsp;<\/span><span\n                                        class=\"property-desc line-limit-length\">6-12-18 km\/h<\/span>\n                            <\/li>\n<li class=\"product-prop line-limit-length\"><span\n                                        class=\"property-title\">Charge maximale\u00a0:&nbsp;<\/span><span\n                                        class=\"property-desc line-limit-length\">120 kg<\/span>\n                            <\/li>\n<li class=\"product-prop line-limit-length\"><span\n                                        class=\"property-title\">Moteur:&nbsp;<\/span><span\n                                        class=\"property-desc line-limit-length\">moteur double de 250 W<\/span>\n                            <\/li>\n<li class=\"product-prop line-limit-length\"><span\n                                        class=\"property-title\">Batterie:&nbsp;<\/span><span\n                                        class=\"property-desc line-limit-length\">Batterie au lithium 36V 15,6AH<\/span>\n                            <\/li>\n<li class=\"product-prop line-limit-length\"><span\n                                        class=\"property-title\">Mat\u00e9riel:&nbsp;<\/span><span\n                                        class=\"property-desc line-limit-length\">Acier<\/span>\n                            <\/li>\n<li class=\"product-prop line-limit-length\"><span\n                                        class=\"property-title\">Facultatif:&nbsp;<\/span><span\n                                        class=\"property-desc line-limit-length\">Panier avant\/arri\u00e8re et dossier<\/span>\n                            <\/li>\n<li class=\"product-prop line-limit-length\"><span\n                                        class=\"property-title\">Certificat:&nbsp;<\/span><span\n                                        class=\"property-desc line-limit-length\"><\/span>\n                            <\/li>\n<\/ul><\/div>\n<div class=\"detailmodule_html\">\n<div class=\"detail-desc-decorate-richtext\">\n<div>\n<p style=\"font-family:OpenSans;font-size:20px;font-weight:900;line-height:28px;white-space:pre-wrap;color:rgb(0, 0, 0);margin-bottom:12px\" class=\"detail-desc-decorate-title\">Informations sur le produit<\/p>\n<p style=\"font-family:OpenSans;font-size:14px;font-weight:300;line-height:20px;white-space:pre-wrap;color:rgb(0, 0, 0);margin-bottom:12px\" class=\"detail-desc-decorate-content\">Moteur : 2 moteurs arri\u00e8re sans balais de 250 W x 2<br \/>Batterie : Batterie au lithium 36 V 15,6 Ah<br \/>Affichage : \u00e9cran LED<br \/>\u00c9clairage avant : lumi\u00e8re LED<br \/>Feu arri\u00e8re : feu \u00e0 LED<br \/>Cadre : Acier au carbone de haute qualit\u00e9<br \/>Suspension arri\u00e8re : Suspension \u00e0 ressorts<br \/>Pneus avant\/arri\u00e8re : pneus 10\/8 pouces<br \/>Vitesse maximale : 18 km\/h<br \/>Distance en voiture : 40 km<br \/>Temps de charge : 6 \u00e0 8 heures<br \/>Charge maximale : 120 kg<\/p>\n<\/div>\n<div>\n<p style=\"font-family:OpenSans;font-size:20px;font-weight:900;line-height:28px;white-space:pre-wrap;color:rgb(0, 0, 0);margin-bottom:12px\" class=\"detail-desc-decorate-title\">Description du produit<\/p>\n<div><img decoding=\"async\" class=\"detail-desc-decorate-image\" src=\"https:\/\/ae01.alicdn.com\/kf\/S65346f3ff9684171bdb54084884cf8b4u.jpg?width=1007&amp;height=997&amp;hash=2004\" slate-data-type=\"image\"\/><\/div>\n<\/div>\n<div>\n<p style=\"font-family:OpenSans;font-size:20px;font-weight:900;line-height:28px;white-space:pre-wrap;color:rgb(0, 0, 0);margin-bottom:12px\" class=\"detail-desc-decorate-title\">Photos du produit<\/p>\n<\/div>\n<div><img decoding=\"async\" style=\"margin-bottom:10px\" class=\"detail-desc-decorate-image\" src=\"https:\/\/ae01.alicdn.com\/kf\/Se1e040235e9846b8bb063af2468f694c2.jpg?width=631&amp;height=631&amp;hash=1262\" slate-data-type=\"image\"\/> <img decoding=\"async\" style=\"margin-bottom:10px\" class=\"detail-desc-decorate-image\" src=\"https:\/\/ae01.alicdn.com\/kf\/S83038089d7754648a1ad5da0f52d9250d.jpg?width=1000&amp;height=1000&amp;hash=2000\" slate-data-type=\"image\"\/> <img decoding=\"async\" style=\"margin-bottom:10px\" class=\"detail-desc-decorate-image\" src=\"https:\/\/ae01.alicdn.com\/kf\/Sd693c35bab9244c99387d997345e8628Z.jpg?width=1080&amp;height=1080&amp;hash=2160\" slate-data-type=\"image\"\/> <img decoding=\"async\" style=\"margin-bottom:10px\" class=\"detail-desc-decorate-image\" src=\"https:\/\/ae01.alicdn.com\/kf\/Sa1e201577d0c41738afe597fda3e75e6v.jpg?width=1000&amp;height=973&amp;hash=1973\" slate-data-type=\"image\"\/> <img decoding=\"async\" style=\"margin-bottom:10px\" class=\"detail-desc-decorate-image\" src=\"https:\/\/ae01.alicdn.com\/kf\/Sc0b35cd613cb4e05972c8103d46975393.jpg?width=950&amp;height=686&amp;hash=1636\" slate-data-type=\"image\"\/> <img decoding=\"async\" style=\"margin-bottom:10px\" class=\"detail-desc-decorate-image\" src=\"https:\/\/ae01.alicdn.com\/kf\/S21fa0acbf32a4c21a2e938ab0fc9cdadA.jpg?width=750&amp;height=750&amp;hash=1500\" slate-data-type=\"image\"\/> <img decoding=\"async\" style=\"margin-bottom:10px\" class=\"detail-desc-decorate-image\" src=\"https:\/\/ae01.alicdn.com\/kf\/S1287910cbe074b9d9345f0e3588c3ea0Z.jpg?width=750&amp;height=750&amp;hash=1500\" slate-data-type=\"image\"\/> <img decoding=\"async\" style=\"margin-bottom:10px\" class=\"detail-desc-decorate-image\" src=\"https:\/\/ae01.alicdn.com\/kf\/Sfcd8cac80d4d488694e89b7c6a675aa3H.jpg?width=1000&amp;height=869&amp;hash=1869\" slate-data-type=\"image\"\/> <img decoding=\"async\" style=\"margin-bottom:10px\" class=\"detail-desc-decorate-image\" src=\"https:\/\/ae01.alicdn.com\/kf\/S39b065c6f1d74e399d9cf2b611ab0de1G.jpg?width=1000&amp;height=863&amp;hash=1863\" slate-data-type=\"image\"\/> <img decoding=\"async\" style=\"margin-bottom:10px\" class=\"detail-desc-decorate-image\" src=\"https:\/\/ae01.alicdn.com\/kf\/S4049d841e93a480e9abff8422df4f25dX.jpg?width=1000&amp;height=742&amp;hash=1742\" slate-data-type=\"image\"\/> <img decoding=\"async\" style=\"margin-bottom:10px\" class=\"detail-desc-decorate-image\" src=\"https:\/\/ae01.alicdn.com\/kf\/S1d377bf8801e49b68cb4bba4103a3de1P.jpg?width=1000&amp;height=664&amp;hash=1664\" slate-data-type=\"image\"\/><\/div>\n<div>\n<p style=\"font-family:OpenSans;font-size:20px;font-weight:900;line-height:28px;white-space:pre-wrap;color:rgb(0, 0, 0);margin-bottom:12px\" class=\"detail-desc-decorate-title\">Plus de d\u00e9tails<\/p>\n<\/div>\n<div><img decoding=\"async\" style=\"margin-bottom:10px\" class=\"detail-desc-decorate-image\" src=\"https:\/\/ae01.alicdn.com\/kf\/Sd1d88d90c8814370b9a5a1f4a0b62b36y.jpg?width=958&amp;height=674&amp;hash=1632\" slate-data-type=\"image\"\/> <img decoding=\"async\" style=\"margin-bottom:10px\" class=\"detail-desc-decorate-image\" src=\"https:\/\/ae01.alicdn.com\/kf\/See3fc9536b0b4c9087d1533c9bf98269O.jpg?width=1000&amp;height=667&amp;hash=1667\" slate-data-type=\"image\"\/> <img decoding=\"async\" style=\"margin-bottom:10px\" class=\"detail-desc-decorate-image\" src=\"https:\/\/ae01.alicdn.com\/kf\/Sa8ce11385d124fa79ca40f97a485785at.jpg?width=731&amp;height=497&amp;hash=1228\" slate-data-type=\"image\"\/> <img decoding=\"async\" style=\"margin-bottom:10px\" class=\"detail-desc-decorate-image\" src=\"https:\/\/ae01.alicdn.com\/kf\/S5261d6d32a7947d4b2e65aca6e2f6fa9j.jpg?width=738&amp;height=303&amp;hash=1041\" slate-data-type=\"image\"\/> <img decoding=\"async\" style=\"margin-bottom:10px\" class=\"detail-desc-decorate-image\" src=\"https:\/\/ae01.alicdn.com\/kf\/Sde2c4ac3d2604856b3f490e715495deb9.jpg?width=985&amp;height=424&amp;hash=1409\" slate-data-type=\"image\"\/> <img decoding=\"async\" style=\"margin-bottom:10px\" class=\"detail-desc-decorate-image\" src=\"https:\/\/ae01.alicdn.com\/kf\/Seb314ec11829493b812ae54fe3a9b401u.jpg?width=780&amp;height=537&amp;hash=1317\" slate-data-type=\"image\"\/> <img decoding=\"async\" style=\"margin-bottom:10px\" class=\"detail-desc-decorate-image\" src=\"https:\/\/ae01.alicdn.com\/kf\/S3c59e6961b6247fab676516ec374720eI.jpg?width=872&amp;height=594&amp;hash=1466\" slate-data-type=\"image\"\/> <img decoding=\"async\" style=\"margin-bottom:10px\" class=\"detail-desc-decorate-image\" src=\"https:\/\/ae01.alicdn.com\/kf\/S35bc711fd5774d93a3bed0eb5d6d7b1fB.jpg?width=689&amp;height=447&amp;hash=1136\" slate-data-type=\"image\"\/> <img decoding=\"async\" style=\"margin-bottom:10px\" class=\"detail-desc-decorate-image\" src=\"https:\/\/ae01.alicdn.com\/kf\/Se0252fa02ad6456496993114fb6da7b9Z.jpg?width=526&amp;height=488&amp;hash=1014\" slate-data-type=\"image\"\/> <img decoding=\"async\" style=\"margin-bottom:10px\" class=\"detail-desc-decorate-image\" src=\"https:\/\/ae01.alicdn.com\/kf\/S20c89c4b38d34cfc98d269d65d297a5bB.jpg?width=670&amp;height=550&amp;hash=1220\" slate-data-type=\"image\"\/><\/div>\n<div>\n<p style=\"font-family:OpenSans;font-size:20px;font-weight:900;line-height:28px;white-space:pre-wrap;color:rgb(0, 0, 0);margin-bottom:12px\" class=\"detail-desc-decorate-title\">Notre usine<\/p>\n<\/div>\n<div><img decoding=\"async\" style=\"margin-bottom:10px\" class=\"detail-desc-decorate-image\" src=\"https:\/\/ae01.alicdn.com\/kf\/Sd170a460f94d4e4bb3b45cfeda76be39B.jpg?width=1000&amp;height=750&amp;hash=1750\" slate-data-type=\"image\"\/> <img decoding=\"async\" class=\"detail-desc-decorate-image\" src=\"https:\/\/ae01.alicdn.com\/kf\/S8eebd2859e0148cf8bdf8038a9a73969Y.jpg?width=1440&amp;height=1080&amp;hash=2520\" slate-data-type=\"image\"\/> <img decoding=\"async\" style=\"margin-bottom:10px\" class=\"detail-desc-decorate-image\" src=\"https:\/\/ae01.alicdn.com\/kf\/S132d19d4769a42468225cccfa38f40a4L.jpg?width=1000&amp;height=750&amp;hash=1750\" slate-data-type=\"image\"\/> <img decoding=\"async\" style=\"margin-bottom:10px\" class=\"detail-desc-decorate-image\" src=\"https:\/\/ae01.alicdn.com\/kf\/Sf67f349779354345aadbadb7ddcb403fU.jpg?width=750&amp;height=750&amp;hash=1500\" slate-data-type=\"image\"\/> <img decoding=\"async\" style=\"margin-bottom:10px\" class=\"detail-desc-decorate-image\" src=\"https:\/\/ae01.alicdn.com\/kf\/S304f32d83d334ec4b72d6f6e883edbf9d.jpg?width=2448&amp;height=3264&amp;hash=5712\" slate-data-type=\"image\"\/><\/div>\n<div>\n<p style=\"font-family:OpenSans;font-size:20px;font-weight:900;line-height:28px;white-space:pre-wrap;color:rgb(0, 0, 0);margin-bottom:12px\" class=\"detail-desc-decorate-title\">Pr\u00e9cautions avant l&#039;achat.<\/p>\n<p style=\"font-family:OpenSans;font-size:14px;font-weight:300;line-height:20px;white-space:pre-wrap;color:rgb(0, 0, 0);margin-bottom:12px\" class=\"detail-desc-decorate-content\">1. Les trottinettes \u00e9lectriques \u00e9tant \u00e9quip\u00e9es d&#039;une batterie au lithium, elles sont consid\u00e9r\u00e9es comme des marchandises interdites au niveau international. Leur livraison n\u00e9cessite un mode d&#039;exp\u00e9dition sp\u00e9cifique. En g\u00e9n\u00e9ral, le transport direct \u00e9tant impossible, nous les acheminons d&#039;abord \u00e0 Shenzhen, puis \u00e0 Hong Kong, avant de les envoyer vers l&#039;Europe, la Russie, les \u00c9tats-Unis, l&#039;Australie, le Canada, etc. Le transport se fait g\u00e9n\u00e9ralement par train vers l&#039;Europe et la Russie, et par voie maritime vers les \u00c9tats-Unis. La livraison est ensuite assur\u00e9e par UPS, FedEx ou d&#039;autres transporteurs. Si vous souhaitez une livraison par avion, des frais suppl\u00e9mentaires importants seront \u00e0 pr\u00e9voir.<\/p>\n<p>2. Le num\u00e9ro de suivi ne sera pas actif avant la fin du d\u00e9douanement. Si vous pouvez le suivre, cela signifie que vous recevrez votre scooter quelques jours plus tard. En attendant, veuillez patienter. Les informations de suivi seront g\u00e9n\u00e9ralement mises \u00e0 jour apr\u00e8s 35 \u00e0 40 jours. Le colis vous sera ensuite livr\u00e9 sous 40 \u00e0 60 jours.<\/p>\n<p>3. Le d\u00e9lai de livraison indiqu\u00e9 ci-dessus est approximatif et bas\u00e9 sur notre exp\u00e9rience. Nous mettrons tout en \u0153uvre pour vous assurer un service de livraison fiable et esp\u00e9rons que votre colis arrivera \u00e0 temps. Toutefois, des retards peuvent survenir en raison du d\u00e9douanement, des jours f\u00e9ri\u00e9s, des intemp\u00e9ries, des gr\u00e8ves a\u00e9riennes, de l&#039;ouragan Sandy, etc. Merci de votre compr\u00e9hension\u00a0!<\/p>\n<\/div>\n<div><\/div>\n<\/div>\n<\/div>\n<p><\/p>","protected":false},"excerpt":{"rendered":"<p>Tire Size:&nbsp;10 inch Model Number:&nbsp;DH0305 Category:&nbsp;Four-wheel Scooter Applicable People:&nbsp;Unisex Range Per Charge:&nbsp;40km Charging Time:&nbsp;6-8h Voltage:&nbsp;36v Folded:&nbsp;YES Origin:&nbsp;Mainland China Power (W):&nbsp;201-500W Name:&nbsp;Folding electric scooter Speed:&nbsp;6-12-18km\/h Max loading:&nbsp;120kg Motor:&nbsp;250w double motor Battery:&nbsp;36V15.6AH<\/p>","protected":false},"featured_media":8546,"comment_status":"open","ping_status":"closed","template":"","meta":{"_acf_changed":false},"product_brand":[],"product_cat":[301],"product_tag":[],"class_list":{"0":"post-8544","1":"product","2":"type-product","3":"status-publish","4":"has-post-thumbnail","6":"product_cat-electric-mobility-scooters","8":"first","9":"instock","10":"shipping-taxable","11":"purchasable","12":"product-type-variable"},"acf":[],"_links":{"self":[{"href":"https:\/\/www.electricstore.eu\/fr\/wp-json\/wp\/v2\/product\/8544","targetHints":{"allow":["GET"]}}],"collection":[{"href":"https:\/\/www.electricstore.eu\/fr\/wp-json\/wp\/v2\/product"}],"about":[{"href":"https:\/\/www.electricstore.eu\/fr\/wp-json\/wp\/v2\/types\/product"}],"replies":[{"embeddable":true,"href":"https:\/\/www.electricstore.eu\/fr\/wp-json\/wp\/v2\/comments?post=8544"}],"wp:featuredmedia":[{"embeddable":true,"href":"https:\/\/www.electricstore.eu\/fr\/wp-json\/wp\/v2\/media\/8546"}],"wp:attachment":[{"href":"https:\/\/www.electricstore.eu\/fr\/wp-json\/wp\/v2\/media?parent=8544"}],"wp:term":[{"taxonomy":"product_brand","embeddable":true,"href":"https:\/\/www.electricstore.eu\/fr\/wp-json\/wp\/v2\/product_brand?post=8544"},{"taxonomy":"product_cat","embeddable":true,"href":"https:\/\/www.electricstore.eu\/fr\/wp-json\/wp\/v2\/product_cat?post=8544"},{"taxonomy":"product_tag","embeddable":true,"href":"https:\/\/www.electricstore.eu\/fr\/wp-json\/wp\/v2\/product_tag?post=8544"}],"curies":[{"name":"wp","href":"https:\/\/api.w.org\/{rel}","templated":true}]}}