{"id":8540,"date":"2025-05-19T20:31:52","date_gmt":"2025-05-19T20:31:52","guid":{"rendered":"https:\/\/electricstore.eu\/product\/uncategorized\/x7pro-3600w-dual-motor-48v21ah-battery-60km-65km-h\/"},"modified":"2025-05-21T05:41:25","modified_gmt":"2025-05-21T05:41:25","slug":"x7pro-3600w-dual-motor-48v21ah-battery-60km-65km-h","status":"publish","type":"product","link":"https:\/\/www.electricstore.eu\/fr\/p\/scooters\/electric-off-road-scooter\/x7pro-3600w-dual-motor-48v21ah-battery-60km-65km-h\/","title":{"rendered":"Trottinette \u00e9lectrique Linksports X7pro 3600 W 48 V 21 Ah 60-65 km\/h 45-80 km 10 pouces"},"content":{"rendered":"<div class=\"product-specs-list-container\">\n<ul class=\"product-specs-list util-clearfix\">\n<li class=\"product-prop line-limit-length\"><span\n                                        class=\"property-title\">Taille des pneus :&nbsp;<\/span><span\n                                        class=\"property-desc line-limit-length\">10 pouces<\/span>\n                            <\/li>\n<li class=\"product-prop line-limit-length\"><span\n                                        class=\"property-title\">Num\u00e9ro de mod\u00e8le :&nbsp;<\/span><span\n                                        class=\"property-desc line-limit-length\">X7pro<\/span>\n                            <\/li>\n<li class=\"product-prop line-limit-length\"><span\n                                        class=\"property-title\">Cat\u00e9gorie:&nbsp;<\/span><span\n                                        class=\"property-desc line-limit-length\">Scooter \u00e0 deux roues<\/span>\n                            <\/li>\n<li class=\"product-prop line-limit-length\"><span\n                                        class=\"property-title\">Personnes concern\u00e9es :&nbsp;<\/span><span\n                                        class=\"property-desc line-limit-length\">Unisexe<\/span>\n                            <\/li>\n<li class=\"product-prop line-limit-length\"><span\n                                        class=\"property-title\">Autonomie par charge :&nbsp;<\/span><span\n                                        class=\"property-desc line-limit-length\">60-80 km<\/span>\n                            <\/li>\n<li class=\"product-prop line-limit-length\"><span\n                                        class=\"property-title\">Temps de charge :&nbsp;<\/span><span\n                                        class=\"property-desc line-limit-length\">8-10h<\/span>\n                            <\/li>\n<li class=\"product-prop line-limit-length\"><span\n                                        class=\"property-title\">tension:&nbsp;<\/span><span\n                                        class=\"property-desc line-limit-length\">48v<\/span>\n                            <\/li>\n<li class=\"product-prop line-limit-length\"><span\n                                        class=\"property-title\">Pli\u00e9 :&nbsp;<\/span><span\n                                        class=\"property-desc line-limit-length\">OUI<\/span>\n                            <\/li>\n<li class=\"product-prop line-limit-length\"><span\n                                        class=\"property-title\">Origine:&nbsp;<\/span><span\n                                        class=\"property-desc line-limit-length\">Chine continentale<\/span>\n                            <\/li>\n<li class=\"product-prop line-limit-length\"><span\n                                        class=\"property-title\">Puissance (W) :&nbsp;<\/span><span\n                                        class=\"property-desc line-limit-length\">1001-2000w<\/span>\n                            <\/li>\n<li class=\"product-prop line-limit-length\"><span\n                                        class=\"property-title\">Lieu d&#039;origine :&nbsp;<\/span><span\n                                        class=\"property-desc line-limit-length\">Chine<\/span>\n                            <\/li>\n<li class=\"product-prop line-limit-length\"><span\n                                        class=\"property-title\">Marque:&nbsp;<\/span><span\n                                        class=\"property-desc line-limit-length\">sports de liens<\/span>\n                            <\/li>\n<li class=\"product-prop line-limit-length\"><span\n                                        class=\"property-title\">Num\u00e9ro de mod\u00e8le :&nbsp;<\/span><span\n                                        class=\"property-desc line-limit-length\">X7pro<\/span>\n                            <\/li>\n<li class=\"product-prop line-limit-length\"><span\n                                        class=\"property-title\">Temps de charge :&nbsp;<\/span><span\n                                        class=\"property-desc line-limit-length\">9h-11h<\/span>\n                            <\/li>\n<li class=\"product-prop line-limit-length\"><span\n                                        class=\"property-title\">Pliable :&nbsp;<\/span><span\n                                        class=\"property-desc line-limit-length\">Oui<\/span>\n                            <\/li>\n<li class=\"product-prop line-limit-length\"><span\n                                        class=\"property-title\">Autonomie par charge :&nbsp;<\/span><span\n                                        class=\"property-desc line-limit-length\">45-60 km<\/span>\n                            <\/li>\n<li class=\"product-prop line-limit-length\"><span\n                                        class=\"property-title\">Vitesse maximale :&nbsp;<\/span><span\n                                        class=\"property-desc line-limit-length\">60-65 km\/h<\/span>\n                            <\/li>\n<li class=\"product-prop line-limit-length\"><span\n                                        class=\"property-title\">Cat\u00e9gorie:&nbsp;<\/span><span\n                                        class=\"property-desc line-limit-length\">Scooter \u00e0 deux roues<\/span>\n                            <\/li>\n<li class=\"product-prop line-limit-length\"><span\n                                        class=\"property-title\">Applicable \u00e0 la foule :&nbsp;<\/span><span\n                                        class=\"property-desc line-limit-length\">Unisexe<\/span>\n                            <\/li>\n<li class=\"product-prop line-limit-length\"><span\n                                        class=\"property-title\">Type intelligent :&nbsp;<\/span><span\n                                        class=\"property-desc line-limit-length\">\u00c9lectronique, num\u00e9rique<\/span>\n                            <\/li>\n<li class=\"product-prop line-limit-length\"><span\n                                        class=\"property-title\">Capacit\u00e9 de la batterie :&nbsp;<\/span><span\n                                        class=\"property-desc line-limit-length\">21AH<\/span>\n                            <\/li>\n<li class=\"product-prop line-limit-length\"><span\n                                        class=\"property-title\">Produit brevet\u00e9 :&nbsp;<\/span><span\n                                        class=\"property-desc line-limit-length\">NON<\/span>\n                            <\/li>\n<li class=\"product-prop line-limit-length\"><span\n                                        class=\"property-title\">Nom du produit :&nbsp;<\/span><span\n                                        class=\"property-desc line-limit-length\">Trottinette \u00e9lectrique \u00e0 2 roues<\/span>\n                            <\/li>\n<li class=\"product-prop line-limit-length\"><span\n                                        class=\"property-title\">Puissance du moteur :&nbsp;<\/span><span\n                                        class=\"property-desc line-limit-length\">Moteur double de 1800 W<\/span>\n                            <\/li>\n<li class=\"product-prop line-limit-length\"><span\n                                        class=\"property-title\">Batterie:&nbsp;<\/span><span\n                                        class=\"property-desc line-limit-length\">Batterie au lithium 48 V 21 Ah<\/span>\n                            <\/li>\n<li class=\"product-prop line-limit-length\"><span\n                                        class=\"property-title\">Charge maximale :&nbsp;<\/span><span\n                                        class=\"property-desc line-limit-length\">150 kg<\/span>\n                            <\/li>\n<li class=\"product-prop line-limit-length\"><span\n                                        class=\"property-title\">Capacit\u00e9 d&#039;escalade :&nbsp;<\/span><span\n                                        class=\"property-desc line-limit-length\">35 degr\u00e9s<\/span>\n                            <\/li>\n<li class=\"product-prop line-limit-length\"><span\n                                        class=\"property-title\">Taille des pneus :&nbsp;<\/span><span\n                                        class=\"property-desc line-limit-length\">Pneus pneumatiques de 10 pouces avec chambres \u00e0 air<\/span>\n                            <\/li>\n<li class=\"product-prop line-limit-length\"><span\n                                        class=\"property-title\">Suspension:&nbsp;<\/span><span\n                                        class=\"property-desc line-limit-length\">Amortissement de type C<\/span>\n                            <\/li>\n<li class=\"product-prop line-limit-length\"><span\n                                        class=\"property-title\">Gamme:&nbsp;<\/span><span\n                                        class=\"property-desc line-limit-length\">45 \u00e0 60 km<\/span>\n                            <\/li>\n<li class=\"product-prop line-limit-length\"><span\n                                        class=\"property-title\">Syst\u00e8me de freinage :&nbsp;<\/span><span\n                                        class=\"property-desc line-limit-length\">Frein \u00e0 disque avant et arri\u00e8re<\/span>\n                            <\/li>\n<li class=\"product-prop line-limit-length\"><span\n                                        class=\"property-title\">Vitesse:&nbsp;<\/span><span\n                                        class=\"property-desc line-limit-length\">60-65 km\/h<\/span>\n                            <\/li>\n<li class=\"product-prop line-limit-length\"><span\n                                        class=\"property-title\">Certificat:&nbsp;<\/span><span\n                                        class=\"property-desc line-limit-length\"><\/span>\n                            <\/li>\n<\/ul><\/div>\n<div class=\"detailmodule_html\">\n<div class=\"detail-desc-decorate-richtext\">\n<div id=\"detail_decorate_root\">\n<div>\u00a0<\/div>\n<div>\n<div id=\"ali-anchor-AliMagic-s1ohjm\">Description du produit<\/div>\n<\/div>\n<div>\n<div>\n<div><img decoding=\"async\" class=\"magic-3\" src=\"https:\/\/ae01.alicdn.com\/kf\/S466a284653fb423dbcbfd4742308a8bbI.jpg?width=1200&amp;height=1200&amp;hash=2400\" slate-data-type=\"image\"\/><\/div>\n<div><img decoding=\"async\" class=\"magic-3\" src=\"https:\/\/ae01.alicdn.com\/kf\/S5ee773dc92d549eba044e81f8005fb2fH.jpg?width=1200&amp;height=1200&amp;hash=2400\" slate-data-type=\"image\"\/><\/div>\n<div><img decoding=\"async\" class=\"magic-3\" src=\"https:\/\/ae01.alicdn.com\/kf\/Sa4628f4b1df444a9aa4810797b533a52K.jpg?width=1200&amp;height=1200&amp;hash=2400\" slate-data-type=\"image\"\/><\/div>\n<div><img decoding=\"async\" class=\"magic-3\" src=\"https:\/\/ae01.alicdn.com\/kf\/Sdb0a219b44e54caf8efee5dd1bdb5535F.jpg?width=1200&amp;height=1200&amp;hash=2400\" slate-data-type=\"image\"\/><\/div>\n<div><img decoding=\"async\" class=\"magic-3\" src=\"https:\/\/ae01.alicdn.com\/kf\/S6a613d6aeb1d4767a140aa384e1fed93S.jpg?width=1200&amp;height=1200&amp;hash=2400\" slate-data-type=\"image\"\/><\/div>\n<div><img decoding=\"async\" class=\"magic-3\" src=\"https:\/\/ae01.alicdn.com\/kf\/S88bc9a86285040009d3a2856d96f68930.jpg?width=1200&amp;height=1200&amp;hash=2400\" slate-data-type=\"image\"\/><\/div>\n<div><img decoding=\"async\" class=\"magic-3\" src=\"https:\/\/ae01.alicdn.com\/kf\/S6a7670447b4e47f7b3a72f4b49b55651j.jpg?width=1200&amp;height=1209&amp;hash=2409\" slate-data-type=\"image\"\/><\/div>\n<div><img decoding=\"async\" class=\"magic-3\" src=\"https:\/\/ae01.alicdn.com\/kf\/S76880557d87d447aa5b0b99997850882l.jpg?width=1200&amp;height=1191&amp;hash=2391\" slate-data-type=\"image\"\/><\/div>\n<\/div>\n<\/div>\n<div>\n<div id=\"ali-anchor-AliMagic-spet4x\">FAQ<\/div>\n<\/div>\n<div>\n<div>\n<div>\n<div>\n<div>\n<div>Machine de soufflage de bouteilles PET semi-automatique Machine de fabrication de bouteilles Machine de moulage de bouteilles<br \/>La machine de fabrication de bouteilles en PET convient \u00e0 la production de r\u00e9cipients et de bouteilles en plastique PET de toutes formes.<\/div>\n<\/div>\n<\/div>\n<\/div>\n<\/div>\n<\/div>\n<div>\u00a0<\/div>\n<div>\n<div>\n<div>\n<div>\n<div>\n<div><img decoding=\"async\" class=\"magic-11\" src=\"https:\/\/ae01.alicdn.com\/kf\/Sa05e78dff92147ee8fbb507d47f61fc9H.jpg?width=1000&amp;height=1145&amp;hash=2145\" slate-data-type=\"image\"\/><\/div>\n<\/div>\n<\/div>\n<\/div>\n<\/div>\n<\/div>\n<div>\n<div id=\"ali-anchor-AliMagic-g2m2zg\">Description du produit<\/div>\n<\/div>\n<div>\n<div>\n<div>\n<div>\n<div>\n<div><img decoding=\"async\" class=\"magic-13\" src=\"https:\/\/ae01.alicdn.com\/kf\/Sdd940c710b0948d6b0421d8c0e339cebh.jpg?width=990&amp;height=530&amp;hash=1520\" slate-data-type=\"image\"\/><\/div>\n<\/div>\n<\/div>\n<\/div>\n<\/div>\n<\/div>\n<div>\n<div id=\"ali-anchor-AliMagic-lagsvj\">Sp\u00e9cification<\/div>\n<\/div>\n<div>\n<div>\n<table style=\"border-collapse:collapse\" class=\"has-title all magic-14\">\n<tbody>\n<tr>\n<td rowspan=\"1\" colspan=\"1\">\n<div>article<\/div>\n<\/td>\n<td rowspan=\"1\" colspan=\"1\">\n<div>scooter \u00e9lectrique<\/div>\n<\/td>\n<\/tr>\n<tr>\n<td rowspan=\"1\" colspan=\"1\">\n<div>Marque<\/div>\n<\/td>\n<td rowspan=\"1\" colspan=\"1\">\n<div>Linksports<\/div>\n<\/td>\n<\/tr>\n<tr>\n<td rowspan=\"1\" colspan=\"1\">\n<div>Tension<\/div>\n<\/td>\n<td rowspan=\"1\" colspan=\"1\">\n<div>48V<\/div>\n<\/td>\n<\/tr>\n<tr>\n<td rowspan=\"1\" colspan=\"1\">\n<div>Temps de charge<\/div>\n<\/td>\n<td rowspan=\"1\" colspan=\"1\">\n<div>9h-11h<\/div>\n<\/td>\n<\/tr>\n<tr>\n<td rowspan=\"1\" colspan=\"1\">\n<div>Autonomie de 45 \u00e0 60 par charge<\/div>\n<\/td>\n<td rowspan=\"1\" colspan=\"1\">\n<div><span class=\"magic-17\">45-60KM<\/span><\/div>\n<\/td>\n<\/tr>\n<tr>\n<td rowspan=\"1\" colspan=\"1\">\n<div>Vitesse maximale<\/div>\n<\/td>\n<td rowspan=\"1\" colspan=\"1\">\n<div><span class=\"magic-17\">60-65 km\/h<\/span><\/div>\n<\/td>\n<\/tr>\n<tr>\n<td rowspan=\"1\" colspan=\"1\">\n<div>Personnes concern\u00e9es<\/div>\n<\/td>\n<td rowspan=\"1\" colspan=\"1\">\n<div>Unisexe<\/div>\n<\/td>\n<\/tr>\n<tr>\n<td rowspan=\"1\" colspan=\"1\">\n<div>Capacit\u00e9 de la batterie<\/div>\n<\/td>\n<td rowspan=\"1\" colspan=\"1\">\n<div>21 Ah<\/div>\n<\/td>\n<\/tr>\n<tr>\n<td rowspan=\"1\" colspan=\"1\">\n<div>Nom du produit<\/div>\n<\/td>\n<td rowspan=\"1\" colspan=\"1\">\n<div><span class=\"magic-17\">Trottinette \u00e9lectrique 3600W<\/span><\/div>\n<\/td>\n<\/tr>\n<tr>\n<td rowspan=\"1\" colspan=\"1\">\n<div>Mat\u00e9riel<\/div>\n<\/td>\n<td rowspan=\"1\" colspan=\"1\">\n<div>Aluminium<\/div>\n<\/td>\n<\/tr>\n<tr>\n<td rowspan=\"1\" colspan=\"1\">\n<div>Frein<\/div>\n<\/td>\n<td rowspan=\"1\" colspan=\"1\">\n<div>Frein \u00e0 disque avant et arri\u00e8re<\/div>\n<\/td>\n<\/tr>\n<tr>\n<td rowspan=\"1\" colspan=\"1\">\n<div>Pneu<\/div>\n<\/td>\n<td rowspan=\"1\" colspan=\"1\">\n<div>Pneus pneumatiques de 10 pouces avec chambres \u00e0 air<\/div>\n<\/td>\n<\/tr>\n<tr>\n<td rowspan=\"1\" colspan=\"1\">\n<div>Charge maximale<\/div>\n<\/td>\n<td rowspan=\"1\" colspan=\"1\">\n<div>150 kg<\/div>\n<\/td>\n<\/tr>\n<tr>\n<td rowspan=\"1\" colspan=\"1\">\n<div>Angle de mont\u00e9e<\/div>\n<\/td>\n<td rowspan=\"1\" colspan=\"1\">\n<div>35\u00b0<\/div>\n<\/td>\n<\/tr>\n<tr>\n<td rowspan=\"1\" colspan=\"1\">\n<div>Lumi\u00e8re<\/div>\n<\/td>\n<td rowspan=\"1\" colspan=\"1\">\n<div>LED avant et arri\u00e8re avec feu stop double suspension<\/div>\n<\/td>\n<\/tr>\n<\/tbody>\n<\/table>\n<\/div>\n<\/div>\n<div>\n<div id=\"ali-anchor-AliMagic-hkmiox\">Profil de l&#039;entreprise<\/div>\n<\/div>\n<div>\u00a0<\/div>\n<div>\n<div>\n<div>\n<div>\n<div>\n<div><img decoding=\"async\" class=\"magic-20\" src=\"https:\/\/ae01.alicdn.com\/kf\/Seda61184bf04475095f9804fa5bcf840B.jpg?width=1000&amp;height=1203&amp;hash=2203\" slate-data-type=\"image\"\/><\/div>\n<\/div>\n<\/div>\n<\/div>\n<\/div>\n<\/div>\n<div>\n<div>\n<div>\n<div>\n<div>\n<div><img decoding=\"async\" class=\"magic-22\" src=\"https:\/\/ae01.alicdn.com\/kf\/S245dd94a7e8f41d5ad03f494a211b32af.jpg?width=1000&amp;height=702&amp;hash=1702\" slate-data-type=\"image\"\/><\/div>\n<\/div>\n<\/div>\n<\/div>\n<\/div>\n<\/div>\n<div>\n<div>\n<div>\n<div>\n<div>\n<div><img decoding=\"async\" class=\"magic-24\" src=\"https:\/\/ae01.alicdn.com\/kf\/S5cb8ca34e7f0404e854c316dd6394aba4.jpg?width=1000&amp;height=733&amp;hash=1733\" slate-data-type=\"image\"\/><\/div>\n<\/div>\n<\/div>\n<\/div>\n<\/div>\n<\/div>\n<div>\n<div>\n<div>\n<div>\n<div>\n<div><img decoding=\"async\" class=\"magic-26\" src=\"https:\/\/ae01.alicdn.com\/kf\/S085ac8d976c64237a8bca741d6fcadd2R.jpg?width=1000&amp;height=988&amp;hash=1988\" slate-data-type=\"image\"\/><\/div>\n<\/div>\n<\/div>\n<\/div>\n<\/div>\n<\/div>\n<div>\n<div>\n<div>\n<div>\n<div>\n<div><img decoding=\"async\" class=\"magic-28\" src=\"https:\/\/ae01.alicdn.com\/kf\/S07a0e7157c264baf917593246e372f3dE.jpg?width=1000&amp;height=926&amp;hash=1926\" slate-data-type=\"image\"\/><\/div>\n<\/div>\n<\/div>\n<\/div>\n<\/div>\n<\/div>\n<div>\n<div id=\"ali-anchor-AliMagic-zxjblm\">Emballage et livraison<\/div>\n<\/div>\n<div>\n<div>\n<div>\n<div>\n<div>\n<div><img decoding=\"async\" class=\"magic-30\" src=\"https:\/\/ae01.alicdn.com\/kf\/S5dfd9c1196af414fa9946f992c2766abt.jpg?width=790&amp;height=1589&amp;hash=2379\" slate-data-type=\"image\"\/><\/div>\n<\/div>\n<\/div>\n<\/div>\n<\/div>\n<\/div>\n<div>\n<div>\n<div>\n<div>\n<div>\n<div>Poids brut : 18 kg Taille du produit : 1170*170*5400 mm Un scooter emball\u00e9 dans une seule bo\u00eete scooter bon march\u00e9 et de haute qualit\u00e9 pour adultes<\/div>\n<\/div>\n<\/div>\n<\/div>\n<\/div>\n<\/div>\n<div>\n<div>\n<div>\n<div>\n<div>\n<div><img decoding=\"async\" class=\"magic-32\" src=\"https:\/\/ae01.alicdn.com\/kf\/S5b4fe05feafd4b3fb27afc05749e7832M.jpg?width=706&amp;height=457&amp;hash=1163\" slate-data-type=\"image\"\/><\/div>\n<\/div>\n<\/div>\n<\/div>\n<\/div>\n<\/div>\n<div>\n<div>\n<div>\n<div>\n<div>\n<div>\n<div><span><strong>1. Qui sommes-nous ?<\/strong><\/span> <span><br \/>Bas\u00e9s \u00e0 Hunan, en Chine, nous avons d\u00e9marr\u00e9 nos activit\u00e9s en 2022 et vendons en Am\u00e9rique du Nord (60.00%), en Europe de l&#039;Ouest (15.00%), en Europe du Nord (12.00%), en Am\u00e9rique du Sud (5.00%), en Europe de l&#039;Est (3.00%), en Europe du Sud (2.00%), en Asie du Sud-Est (2.00%) et au Moyen-Orient (1.00%). Notre bureau compte environ 11 \u00e0 50 personnes.<\/span><\/p>\n<p><span><strong>2. Comment pouvons-nous garantir la qualit\u00e9 ?<\/strong><\/span> <span><br \/>Toujours un \u00e9chantillon de pr\u00e9-production avant la production en s\u00e9rie ;<br \/>Toujours une inspection finale avant exp\u00e9dition ;<\/span><\/p>\n<p><span><strong>3. Que pouvez-vous acheter chez nous ?<\/strong><\/span> <span><br \/>scooter \u00e9lectrique, v\u00e9lo \u00e9lectrique, pi\u00e8ces de scooter, pi\u00e8ces de v\u00e9lo \u00e9lectrique<\/span><\/p>\n<p><span><strong>4. Pourquoi devriez-vous acheter chez nous et non chez d&#039;autres fournisseurs ?<\/strong><\/span> <span><br \/>1. Prix d&#039;usine, service VIP <\/span><\/div>\n<div><span>2. OEM \/ ODM disponible <\/span><\/div>\n<div><span>3. Une petite quantit\u00e9 est la bienvenue<\/span><\/div>\n<div><span> 4. Bonne qualit\u00e9 et livraison rapide <\/span><\/div>\n<div><span>5. Usine avec 31 ans d&#039;exp\u00e9rience et 10 ans d&#039;exp\u00e9rience commerciale internationale<\/p>\n<p>5. Quels services pouvons-nous fournir ?<br \/>Conditions de livraison accept\u00e9es : FOB, CFR, CIF, EXW, DDP, DDU, livraison express. Devise de paiement accept\u00e9e : USD, EUR, AUD, HKD, CNY. Paiement accept\u00e9<br \/>Type : T\/T, L\/C, MoneyGram, PayPal, Western Union.<\/span><\/div>\n<\/div>\n<\/div>\n<\/div>\n<\/div>\n<\/div>\n<\/div>\n<\/div>\n<div><\/div>\n<\/div>\n<\/div>\n<p><\/p>","protected":false},"excerpt":{"rendered":"<p>Tire Size:&nbsp;10 inch Model Number:&nbsp;X7pro Category:&nbsp;Two-wheel Scooter Applicable People:&nbsp;Unisex Range Per Charge:&nbsp;60-80km Charging Time:&nbsp;8-10h Voltage:&nbsp;48v Folded:&nbsp;YES Origin:&nbsp;Mainland China Power (W):&nbsp;1001-2000w Place of Origin:&nbsp;China Brand:&nbsp;linksports Model Number:&nbsp;X7pro Charging Time:&nbsp;9-11H Foldable:&nbsp;Yes Range<\/p>","protected":false},"featured_media":8541,"comment_status":"open","ping_status":"closed","template":"","meta":{"_acf_changed":false},"product_brand":[],"product_cat":[468,297],"product_tag":[],"class_list":{"0":"post-8540","1":"product","2":"type-product","3":"status-publish","4":"has-post-thumbnail","6":"product_cat-electric-off-road-scooter","7":"product_cat-scooters","9":"first","10":"instock","11":"shipping-taxable","12":"purchasable","13":"product-type-variable"},"acf":[],"_links":{"self":[{"href":"https:\/\/www.electricstore.eu\/fr\/wp-json\/wp\/v2\/product\/8540","targetHints":{"allow":["GET"]}}],"collection":[{"href":"https:\/\/www.electricstore.eu\/fr\/wp-json\/wp\/v2\/product"}],"about":[{"href":"https:\/\/www.electricstore.eu\/fr\/wp-json\/wp\/v2\/types\/product"}],"replies":[{"embeddable":true,"href":"https:\/\/www.electricstore.eu\/fr\/wp-json\/wp\/v2\/comments?post=8540"}],"wp:featuredmedia":[{"embeddable":true,"href":"https:\/\/www.electricstore.eu\/fr\/wp-json\/wp\/v2\/media\/8541"}],"wp:attachment":[{"href":"https:\/\/www.electricstore.eu\/fr\/wp-json\/wp\/v2\/media?parent=8540"}],"wp:term":[{"taxonomy":"product_brand","embeddable":true,"href":"https:\/\/www.electricstore.eu\/fr\/wp-json\/wp\/v2\/product_brand?post=8540"},{"taxonomy":"product_cat","embeddable":true,"href":"https:\/\/www.electricstore.eu\/fr\/wp-json\/wp\/v2\/product_cat?post=8540"},{"taxonomy":"product_tag","embeddable":true,"href":"https:\/\/www.electricstore.eu\/fr\/wp-json\/wp\/v2\/product_tag?post=8540"}],"curies":[{"name":"wp","href":"https:\/\/api.w.org\/{rel}","templated":true}]}}